{"id":34980,"date":"2021-03-10T09:02:38","date_gmt":"2022-05-19T08:05:24","guid":{"rendered":"https:\/\/alegerglobal.com\/nezarazene\/panasonic-fz-g1-odolny-tablet-mil-std-810g-101-hd-displej-ip65-windows-10\/"},"modified":"2022-05-19T09:05:24","modified_gmt":"2022-05-19T08:05:24","slug":"panasonic-fz-g1-2","status":"publish","type":"product","link":"https:\/\/alegerglobal.com\/cs\/shop-cs\/odolny-tablet\/panasonic-fz-g1-2\/","title":{"rendered":"Panasonic FZ-G1, odoln\u00fd tablet MIL-STD 810G, 10,1&#8243; HD displej, IP65, Windows 10"},"content":{"rendered":"","protected":false},"excerpt":{"rendered":"<ul>\n<li><b>Odoln\u00fd tablet s certifikac\u00ed MIL-STD 810G a IP65<\/b><\/li>\n<li><b>Hladk\u00e9 pln\u011bn\u00ed slo\u017eit\u00fdch \u00fakol\u016f:<\/b><span style=\"font-weight: 400;\"> V\u00fdkonn\u00fd procesor i5 a 8 GB RAM<\/span><\/li>\n<li><span style=\"font-weight: 400;\"><strong>Rychl\u00e9 \u010dten\u00ed a z\u00e1pis dat:<\/strong> Tablet s 256 GB SSD  <\/span><\/li>\n<li><b>Spole\u010dn\u00fd software:<\/b><span style=\"font-weight: 400;\"> Na tabletu b\u011b\u017e\u00ed syst\u00e9m Windows 10<\/span><\/li>\n<li><b>P\u0159ehled v\u0161ech \u00fadaj\u016f:<\/b><span style=\"font-weight: 400;\"> 10,1&#8243; velk\u00fd displej bez odlesk\u016f<\/span><\/li>\n<li><b>Sn\u00edmky ve vysok\u00e9m rozli\u0161en\u00ed:<\/b><span style=\"font-weight: 400;\"> 8Mpx fotoapar\u00e1t a 2Mpx p\u0159edn\u00ed kamera<\/span><\/li>\n<li><b>Dlouh\u00e9 pou\u017e\u00edv\u00e1n\u00ed bez dob\u00edjen\u00ed<\/b><span style=\"font-weight: 400;\">: 4200 mAh baterie s v\u00fddr\u017e\u00ed a\u017e 11 hodin provozu<\/span><\/li>\n<li><b>Pou\u017eijte v\u0161echna za\u0159\u00edzen\u00ed bez ohledu na port:<\/b><span style=\"font-weight: 400;\"> flexibiln\u00ed porty umo\u017e\u0148uj\u00ed pou\u017e\u00edvat star\u0161\u00ed porty<\/span><\/li>\n<li><b>Dlouhodob\u00e1 podpora:<\/b> 3let\u00e1 z\u00e1ruka, kterou lze prodlou\u017eit a\u017e na 5 let.<\/li>\n<\/ul>\n","protected":false},"featured_media":13292,"comment_status":"open","ping_status":"closed","template":"","meta":{"_acf_changed":false},"product_brand":[],"product_cat":[1526,1516],"product_tag":[],"class_list":{"0":"post-34980","1":"product","2":"type-product","3":"status-publish","4":"has-post-thumbnail","6":"product_cat-odolny-tablet","7":"product_cat-shop-cs","8":"pa_hersteller-panasonic-cs","10":"first","11":"instock","12":"taxable","13":"shipping-taxable","14":"purchasable","15":"product-type-simple"},"acf":[],"yoast_head":"<!-- This site is optimized with the Yoast SEO Premium plugin v20.10 (Yoast SEO v24.3) - https:\/\/yoast.com\/wordpress\/plugins\/seo\/ -->\n<title>Koupit Panasonic FZ-G1 zde - ALEGER \u22c6 Augmented Reality<\/title>\n<meta name=\"description\" content=\"Zde m\u016f\u017eete z\u00edskat Panasonic FZ-G1: Odoln\u00fd tablet s Windows 10 a antireflexn\u00edm displejem pro venkovn\u00ed pou\u017eit\u00ed! Jednoduch\u00e9 a flexibiln\u00ed ovl\u00e1d\u00e1n\u00ed!\" \/>\n<meta name=\"robots\" content=\"index, follow, max-snippet:-1, max-image-preview:large, max-video-preview:-1\" \/>\n<meta property=\"og:locale\" content=\"cs_CZ\" \/>\n<meta property=\"og:type\" content=\"article\" \/>\n<meta property=\"og:title\" content=\"Panasonic FZ-G1, odoln\u00fd tablet MIL-STD 810G, 10,1&quot; HD displej, IP65, Windows 10\" \/>\n<meta property=\"og:description\" content=\"Zde m\u016f\u017eete z\u00edskat Panasonic FZ-G1: Odoln\u00fd tablet s Windows 10 a antireflexn\u00edm displejem pro venkovn\u00ed pou\u017eit\u00ed! Jednoduch\u00e9 a flexibiln\u00ed ovl\u00e1d\u00e1n\u00ed!\" \/>\n<meta property=\"og:url\" content=\"https:\/\/alegerglobal.com\/cs\/shop-cs\/odolny-tablet\/panasonic-fz-g1-2\/\" \/>\n<meta property=\"og:site_name\" content=\"ALEGER \u22c6 Augmented Reality\" \/>\n<meta property=\"og:image\" content=\"https:\/\/alegerglobal.com\/wp-content\/uploads\/2021\/03\/Unbenannt-10.jpg\" \/>\n\t<meta property=\"og:image:width\" content=\"800\" \/>\n\t<meta property=\"og:image:height\" content=\"800\" \/>\n\t<meta property=\"og:image:type\" content=\"image\/jpeg\" \/>\n<meta name=\"twitter:card\" content=\"summary_large_image\" \/>\n<meta name=\"twitter:label1\" content=\"Cena\" \/>\n\t<meta name=\"twitter:data1\" content=\"&euro;3.699,99\" \/>\n\t<meta name=\"twitter:label2\" content=\"Dostupnost\" \/>\n\t<meta name=\"twitter:data2\" content=\"Skladem\" \/>\n<script type=\"application\/ld+json\" class=\"yoast-schema-graph\">{\"@context\":\"https:\/\/schema.org\",\"@graph\":[{\"@type\":\"WebPage\",\"@id\":\"https:\/\/alegerglobal.com\/cs\/shop-cs\/odolny-tablet\/panasonic-fz-g1-2\/\",\"url\":\"https:\/\/alegerglobal.com\/cs\/shop-cs\/odolny-tablet\/panasonic-fz-g1-2\/\",\"name\":\"Koupit Panasonic FZ-G1 zde - ALEGER \u22c6 Augmented Reality\",\"isPartOf\":{\"@id\":\"https:\/\/alegerglobal.com\/cs\/#website\"},\"primaryImageOfPage\":{\"@id\":\"https:\/\/alegerglobal.com\/cs\/shop-cs\/odolny-tablet\/panasonic-fz-g1-2\/#primaryimage\"},\"image\":{\"@id\":\"https:\/\/alegerglobal.com\/cs\/shop-cs\/odolny-tablet\/panasonic-fz-g1-2\/#primaryimage\"},\"thumbnailUrl\":\"https:\/\/alegerglobal.com\/wp-content\/uploads\/2021\/03\/Unbenannt-10.jpg\",\"datePublished\":\"2022-05-19T08:05:24+00:00\",\"dateModified\":\"2022-05-19T08:05:24+00:00\",\"description\":\"Zde m\u016f\u017eete z\u00edskat Panasonic FZ-G1: Odoln\u00fd tablet s Windows 10 a antireflexn\u00edm displejem pro venkovn\u00ed pou\u017eit\u00ed! Jednoduch\u00e9 a flexibiln\u00ed ovl\u00e1d\u00e1n\u00ed!\",\"breadcrumb\":{\"@id\":\"https:\/\/alegerglobal.com\/cs\/shop-cs\/odolny-tablet\/panasonic-fz-g1-2\/#breadcrumb\"},\"inLanguage\":\"cs\",\"potentialAction\":[{\"@type\":\"ReadAction\",\"target\":[\"https:\/\/alegerglobal.com\/cs\/shop-cs\/odolny-tablet\/panasonic-fz-g1-2\/\"]}]},{\"@type\":\"ImageObject\",\"inLanguage\":\"cs\",\"@id\":\"https:\/\/alegerglobal.com\/cs\/shop-cs\/odolny-tablet\/panasonic-fz-g1-2\/#primaryimage\",\"url\":\"https:\/\/alegerglobal.com\/wp-content\/uploads\/2021\/03\/Unbenannt-10.jpg\",\"contentUrl\":\"https:\/\/alegerglobal.com\/wp-content\/uploads\/2021\/03\/Unbenannt-10.jpg\",\"width\":800,\"height\":800},{\"@type\":\"BreadcrumbList\",\"@id\":\"https:\/\/alegerglobal.com\/cs\/shop-cs\/odolny-tablet\/panasonic-fz-g1-2\/#breadcrumb\",\"itemListElement\":[{\"@type\":\"ListItem\",\"position\":1,\"name\":\"Home\",\"item\":\"https:\/\/alegerglobal.com\/cs\/novinka-domovska-stranka\/\"},{\"@type\":\"ListItem\",\"position\":2,\"name\":\"Produkty\",\"item\":\"https:\/\/alegerglobal.com\/cs\/produkty\/\"},{\"@type\":\"ListItem\",\"position\":3,\"name\":\"Panasonic FZ-G1, odoln\u00fd tablet MIL-STD 810G, 10,1&#8243; HD displej, IP65, Windows 10\"}]},{\"@type\":\"WebSite\",\"@id\":\"https:\/\/alegerglobal.com\/cs\/#website\",\"url\":\"https:\/\/alegerglobal.com\/cs\/\",\"name\":\"ALEGER \u22c6 Augmented Reality\",\"description\":\"Die besten Augmented Reality (AR) L\u00f6sungen der Welt.\",\"publisher\":{\"@id\":\"https:\/\/alegerglobal.com\/cs\/#organization\"},\"potentialAction\":[{\"@type\":\"SearchAction\",\"target\":{\"@type\":\"EntryPoint\",\"urlTemplate\":\"https:\/\/alegerglobal.com\/cs\/?s={search_term_string}\"},\"query-input\":{\"@type\":\"PropertyValueSpecification\",\"valueRequired\":true,\"valueName\":\"search_term_string\"}}],\"inLanguage\":\"cs\"},{\"@type\":\"Organization\",\"@id\":\"https:\/\/alegerglobal.com\/cs\/#organization\",\"name\":\"ALEGER \u22c6 Augmented Reality\",\"url\":\"https:\/\/alegerglobal.com\/cs\/\",\"logo\":{\"@type\":\"ImageObject\",\"inLanguage\":\"cs\",\"@id\":\"https:\/\/alegerglobal.com\/cs\/#\/schema\/logo\/image\/\",\"url\":\"https:\/\/alegerglobal.com\/wp-content\/uploads\/2020\/12\/aleger-logo-quadrat.jpg\",\"contentUrl\":\"https:\/\/alegerglobal.com\/wp-content\/uploads\/2020\/12\/aleger-logo-quadrat.jpg\",\"width\":200,\"height\":176,\"caption\":\"ALEGER \u22c6 Augmented Reality\"},\"image\":{\"@id\":\"https:\/\/alegerglobal.com\/cs\/#\/schema\/logo\/image\/\"}}]}<\/script>\n<meta property=\"product:brand\" content=\"Panasonic\" \/>\n<meta property=\"product:price:amount\" content=\"3699.99\" \/>\n<meta property=\"product:price:currency\" content=\"EUR\" \/>\n<meta property=\"og:availability\" content=\"instock\" \/>\n<meta property=\"product:availability\" content=\"instock\" \/>\n<meta property=\"product:condition\" content=\"new\" \/>\n<!-- \/ Yoast SEO Premium plugin. -->","yoast_head_json":{"title":"Koupit Panasonic FZ-G1 zde - ALEGER \u22c6 Augmented Reality","description":"Zde m\u016f\u017eete z\u00edskat Panasonic FZ-G1: Odoln\u00fd tablet s Windows 10 a antireflexn\u00edm displejem pro venkovn\u00ed pou\u017eit\u00ed! Jednoduch\u00e9 a flexibiln\u00ed ovl\u00e1d\u00e1n\u00ed!","robots":{"index":"index","follow":"follow","max-snippet":"max-snippet:-1","max-image-preview":"max-image-preview:large","max-video-preview":"max-video-preview:-1"},"og_locale":"cs_CZ","og_type":"article","og_title":"Panasonic FZ-G1, odoln\u00fd tablet MIL-STD 810G, 10,1\" HD displej, IP65, Windows 10","og_description":"Zde m\u016f\u017eete z\u00edskat Panasonic FZ-G1: Odoln\u00fd tablet s Windows 10 a antireflexn\u00edm displejem pro venkovn\u00ed pou\u017eit\u00ed! Jednoduch\u00e9 a flexibiln\u00ed ovl\u00e1d\u00e1n\u00ed!","og_url":"https:\/\/alegerglobal.com\/cs\/shop-cs\/odolny-tablet\/panasonic-fz-g1-2\/","og_site_name":"ALEGER \u22c6 Augmented Reality","og_image":[{"width":800,"height":800,"url":"https:\/\/alegerglobal.com\/wp-content\/uploads\/2021\/03\/Unbenannt-10.jpg","type":"image\/jpeg"}],"twitter_card":"summary_large_image","twitter_misc":{"Cena":"&euro;3.699,99","Dostupnost":"Skladem"},"schema":{"@context":"https:\/\/schema.org","@graph":[{"@type":"WebPage","@id":"https:\/\/alegerglobal.com\/cs\/shop-cs\/odolny-tablet\/panasonic-fz-g1-2\/","url":"https:\/\/alegerglobal.com\/cs\/shop-cs\/odolny-tablet\/panasonic-fz-g1-2\/","name":"Koupit Panasonic FZ-G1 zde - ALEGER \u22c6 Augmented Reality","isPartOf":{"@id":"https:\/\/alegerglobal.com\/cs\/#website"},"primaryImageOfPage":{"@id":"https:\/\/alegerglobal.com\/cs\/shop-cs\/odolny-tablet\/panasonic-fz-g1-2\/#primaryimage"},"image":{"@id":"https:\/\/alegerglobal.com\/cs\/shop-cs\/odolny-tablet\/panasonic-fz-g1-2\/#primaryimage"},"thumbnailUrl":"https:\/\/alegerglobal.com\/wp-content\/uploads\/2021\/03\/Unbenannt-10.jpg","datePublished":"2022-05-19T08:05:24+00:00","dateModified":"2022-05-19T08:05:24+00:00","description":"Zde m\u016f\u017eete z\u00edskat Panasonic FZ-G1: Odoln\u00fd tablet s Windows 10 a antireflexn\u00edm displejem pro venkovn\u00ed pou\u017eit\u00ed! Jednoduch\u00e9 a flexibiln\u00ed ovl\u00e1d\u00e1n\u00ed!","breadcrumb":{"@id":"https:\/\/alegerglobal.com\/cs\/shop-cs\/odolny-tablet\/panasonic-fz-g1-2\/#breadcrumb"},"inLanguage":"cs","potentialAction":[{"@type":"ReadAction","target":["https:\/\/alegerglobal.com\/cs\/shop-cs\/odolny-tablet\/panasonic-fz-g1-2\/"]}]},{"@type":"ImageObject","inLanguage":"cs","@id":"https:\/\/alegerglobal.com\/cs\/shop-cs\/odolny-tablet\/panasonic-fz-g1-2\/#primaryimage","url":"https:\/\/alegerglobal.com\/wp-content\/uploads\/2021\/03\/Unbenannt-10.jpg","contentUrl":"https:\/\/alegerglobal.com\/wp-content\/uploads\/2021\/03\/Unbenannt-10.jpg","width":800,"height":800},{"@type":"BreadcrumbList","@id":"https:\/\/alegerglobal.com\/cs\/shop-cs\/odolny-tablet\/panasonic-fz-g1-2\/#breadcrumb","itemListElement":[{"@type":"ListItem","position":1,"name":"Home","item":"https:\/\/alegerglobal.com\/cs\/novinka-domovska-stranka\/"},{"@type":"ListItem","position":2,"name":"Produkty","item":"https:\/\/alegerglobal.com\/cs\/produkty\/"},{"@type":"ListItem","position":3,"name":"Panasonic FZ-G1, odoln\u00fd tablet MIL-STD 810G, 10,1&#8243; HD displej, IP65, Windows 10"}]},{"@type":"WebSite","@id":"https:\/\/alegerglobal.com\/cs\/#website","url":"https:\/\/alegerglobal.com\/cs\/","name":"ALEGER \u22c6 Augmented Reality","description":"Die besten Augmented Reality (AR) L\u00f6sungen der Welt.","publisher":{"@id":"https:\/\/alegerglobal.com\/cs\/#organization"},"potentialAction":[{"@type":"SearchAction","target":{"@type":"EntryPoint","urlTemplate":"https:\/\/alegerglobal.com\/cs\/?s={search_term_string}"},"query-input":{"@type":"PropertyValueSpecification","valueRequired":true,"valueName":"search_term_string"}}],"inLanguage":"cs"},{"@type":"Organization","@id":"https:\/\/alegerglobal.com\/cs\/#organization","name":"ALEGER \u22c6 Augmented Reality","url":"https:\/\/alegerglobal.com\/cs\/","logo":{"@type":"ImageObject","inLanguage":"cs","@id":"https:\/\/alegerglobal.com\/cs\/#\/schema\/logo\/image\/","url":"https:\/\/alegerglobal.com\/wp-content\/uploads\/2020\/12\/aleger-logo-quadrat.jpg","contentUrl":"https:\/\/alegerglobal.com\/wp-content\/uploads\/2020\/12\/aleger-logo-quadrat.jpg","width":200,"height":176,"caption":"ALEGER \u22c6 Augmented Reality"},"image":{"@id":"https:\/\/alegerglobal.com\/cs\/#\/schema\/logo\/image\/"}}]},"product_brand":"Panasonic","product_price_amount":"3699.99","product_price_currency":"EUR","og_availability":"instock","product_availability":"instock","product_condition":"new"},"_links":{"self":[{"href":"https:\/\/alegerglobal.com\/cs\/wp-json\/wp\/v2\/product\/34980","targetHints":{"allow":["GET"]}}],"collection":[{"href":"https:\/\/alegerglobal.com\/cs\/wp-json\/wp\/v2\/product"}],"about":[{"href":"https:\/\/alegerglobal.com\/cs\/wp-json\/wp\/v2\/types\/product"}],"replies":[{"embeddable":true,"href":"https:\/\/alegerglobal.com\/cs\/wp-json\/wp\/v2\/comments?post=34980"}],"version-history":[{"count":0,"href":"https:\/\/alegerglobal.com\/cs\/wp-json\/wp\/v2\/product\/34980\/revisions"}],"wp:featuredmedia":[{"embeddable":true,"href":"https:\/\/alegerglobal.com\/cs\/wp-json\/wp\/v2\/media\/13292"}],"wp:attachment":[{"href":"https:\/\/alegerglobal.com\/cs\/wp-json\/wp\/v2\/media?parent=34980"}],"wp:term":[{"taxonomy":"product_brand","embeddable":true,"href":"https:\/\/alegerglobal.com\/cs\/wp-json\/wp\/v2\/product_brand?post=34980"},{"taxonomy":"product_cat","embeddable":true,"href":"https:\/\/alegerglobal.com\/cs\/wp-json\/wp\/v2\/product_cat?post=34980"},{"taxonomy":"product_tag","embeddable":true,"href":"https:\/\/alegerglobal.com\/cs\/wp-json\/wp\/v2\/product_tag?post=34980"}],"curies":[{"name":"wp","href":"https:\/\/api.w.org\/{rel}","templated":true}]}}