{"id":34976,"date":"2021-03-11T05:00:05","date_gmt":"2022-05-19T08:05:22","guid":{"rendered":"https:\/\/alegerglobal.com\/nezarazene\/getac-v110-116-ip65-mil-std-810h-mil-std461g-windows-10-pro\/"},"modified":"2022-05-19T09:05:22","modified_gmt":"2022-05-19T08:05:22","slug":"getac-v110-2","status":"publish","type":"product","link":"https:\/\/alegerglobal.com\/cs\/shop-cs\/odolny-notebook\/getac-v110-2\/","title":{"rendered":"Getac V110, 11,6&#8243;, IP65, MIL-STD-810H, MIL-STD461G, Windows 10 Pro"},"content":{"rendered":"","protected":false},"excerpt":{"rendered":"<ul>\n<li><b>Odoln\u00fd notebook s certifikac\u00ed MIL-STD-810H, IP65 a MIL-STD-461G<\/b><\/li>\n<li><b>Vysok\u00e1 viditelnost za v\u0161ech podm\u00ednek:<\/b><span style=\"font-weight: 400;\"> 11,6&#8243; displej LumiBond s jasem 1400 nit\u016f<\/span><\/li>\n<li><b>Rychl\u00e9 zav\u00e1d\u011bn\u00ed a zpracov\u00e1n\u00ed dat:<\/b><span style=\"font-weight: 400;\"> Velmi rychl\u00fd SSD disk NVMe s kapacitou 256 GB<\/span><\/li>\n<li><b>Pohodln\u00e9 psan\u00ed:<\/b><span style=\"font-weight: 400;\"> V\u011bt\u0161\u00ed kl\u00e1vesnice ne\u017e u srovnateln\u00fdch za\u0159\u00edzen\u00ed<\/span><\/li>\n<li><b>Mobiln\u00ed telefon:<\/b><span style=\"font-weight: 400;\"> tlou\u0161\u0165ka 3,9 cm a celkov\u00e1 hmotnost pouh\u00fdch 2,1 kg.<\/span><\/li>\n<\/ul>\n","protected":false},"featured_media":12467,"comment_status":"open","ping_status":"closed","template":"","meta":{"_acf_changed":false},"product_brand":[],"product_cat":[1555,1516],"product_tag":[],"class_list":{"0":"post-34976","1":"product","2":"type-product","3":"status-publish","4":"has-post-thumbnail","6":"product_cat-odolny-notebook","7":"product_cat-shop-cs","8":"pa_hersteller-getac-cs","10":"first","11":"instock","12":"taxable","13":"shipping-taxable","14":"purchasable","15":"product-type-simple"},"acf":[],"yoast_head":"<!-- This site is optimized with the Yoast SEO Premium plugin v20.10 (Yoast SEO v24.3) - https:\/\/yoast.com\/wordpress\/plugins\/seo\/ -->\n<title>Kupte si Getac V110 zde - ALEGER \u22c6 Augmented Reality<\/title>\n<meta name=\"description\" content=\"Objevte zde odoln\u00fd notebook Getac V110, kter\u00fd nab\u00edz\u00ed velmi vysok\u00fd v\u00fdkon a snadn\u00e9 pou\u017eit\u00ed p\u0159i celkov\u00e9 hmotnosti pouh\u00fdch 2,1 kg.\" \/>\n<meta name=\"robots\" content=\"index, follow, max-snippet:-1, max-image-preview:large, max-video-preview:-1\" \/>\n<meta property=\"og:locale\" content=\"cs_CZ\" \/>\n<meta property=\"og:type\" content=\"article\" \/>\n<meta property=\"og:title\" content=\"Getac V110, 11,6&quot;, IP65, MIL-STD-810H, MIL-STD461G, Windows 10 Pro\" \/>\n<meta property=\"og:description\" content=\"Objevte zde odoln\u00fd notebook Getac V110, kter\u00fd nab\u00edz\u00ed velmi vysok\u00fd v\u00fdkon a snadn\u00e9 pou\u017eit\u00ed p\u0159i celkov\u00e9 hmotnosti pouh\u00fdch 2,1 kg.\" \/>\n<meta property=\"og:url\" content=\"https:\/\/alegerglobal.com\/cs\/shop-cs\/odolny-notebook\/getac-v110-2\/\" \/>\n<meta property=\"og:site_name\" content=\"ALEGER \u22c6 Augmented Reality\" \/>\n<meta property=\"og:image\" content=\"https:\/\/alegerglobal.com\/wp-content\/uploads\/2021\/01\/v110_1-1.png\" \/>\n\t<meta property=\"og:image:width\" content=\"1280\" \/>\n\t<meta property=\"og:image:height\" content=\"1280\" \/>\n\t<meta property=\"og:image:type\" content=\"image\/png\" \/>\n<meta name=\"twitter:card\" content=\"summary_large_image\" \/>\n<meta name=\"twitter:label1\" content=\"Cena\" \/>\n\t<meta name=\"twitter:data1\" content=\"&euro;3.123,99\" \/>\n\t<meta name=\"twitter:label2\" content=\"Dostupnost\" \/>\n\t<meta name=\"twitter:data2\" content=\"Skladem\" \/>\n<script type=\"application\/ld+json\" class=\"yoast-schema-graph\">{\"@context\":\"https:\/\/schema.org\",\"@graph\":[{\"@type\":\"WebPage\",\"@id\":\"https:\/\/alegerglobal.com\/cs\/shop-cs\/odolny-notebook\/getac-v110-2\/\",\"url\":\"https:\/\/alegerglobal.com\/cs\/shop-cs\/odolny-notebook\/getac-v110-2\/\",\"name\":\"Kupte si Getac V110 zde - ALEGER \u22c6 Augmented Reality\",\"isPartOf\":{\"@id\":\"https:\/\/alegerglobal.com\/cs\/#website\"},\"primaryImageOfPage\":{\"@id\":\"https:\/\/alegerglobal.com\/cs\/shop-cs\/odolny-notebook\/getac-v110-2\/#primaryimage\"},\"image\":{\"@id\":\"https:\/\/alegerglobal.com\/cs\/shop-cs\/odolny-notebook\/getac-v110-2\/#primaryimage\"},\"thumbnailUrl\":\"https:\/\/alegerglobal.com\/wp-content\/uploads\/2021\/01\/v110_1-1.png\",\"datePublished\":\"2022-05-19T08:05:22+00:00\",\"dateModified\":\"2022-05-19T08:05:22+00:00\",\"description\":\"Objevte zde odoln\u00fd notebook Getac V110, kter\u00fd nab\u00edz\u00ed velmi vysok\u00fd v\u00fdkon a snadn\u00e9 pou\u017eit\u00ed p\u0159i celkov\u00e9 hmotnosti pouh\u00fdch 2,1 kg.\",\"breadcrumb\":{\"@id\":\"https:\/\/alegerglobal.com\/cs\/shop-cs\/odolny-notebook\/getac-v110-2\/#breadcrumb\"},\"inLanguage\":\"cs\",\"potentialAction\":[{\"@type\":\"ReadAction\",\"target\":[\"https:\/\/alegerglobal.com\/cs\/shop-cs\/odolny-notebook\/getac-v110-2\/\"]}]},{\"@type\":\"ImageObject\",\"inLanguage\":\"cs\",\"@id\":\"https:\/\/alegerglobal.com\/cs\/shop-cs\/odolny-notebook\/getac-v110-2\/#primaryimage\",\"url\":\"https:\/\/alegerglobal.com\/wp-content\/uploads\/2021\/01\/v110_1-1.png\",\"contentUrl\":\"https:\/\/alegerglobal.com\/wp-content\/uploads\/2021\/01\/v110_1-1.png\",\"width\":1280,\"height\":1280,\"caption\":\"Getac V110\"},{\"@type\":\"BreadcrumbList\",\"@id\":\"https:\/\/alegerglobal.com\/cs\/shop-cs\/odolny-notebook\/getac-v110-2\/#breadcrumb\",\"itemListElement\":[{\"@type\":\"ListItem\",\"position\":1,\"name\":\"Home\",\"item\":\"https:\/\/alegerglobal.com\/cs\/novinka-domovska-stranka\/\"},{\"@type\":\"ListItem\",\"position\":2,\"name\":\"Produkty\",\"item\":\"https:\/\/alegerglobal.com\/cs\/produkty\/\"},{\"@type\":\"ListItem\",\"position\":3,\"name\":\"Getac V110, 11,6&#8243;, IP65, MIL-STD-810H, MIL-STD461G, Windows 10 Pro\"}]},{\"@type\":\"WebSite\",\"@id\":\"https:\/\/alegerglobal.com\/cs\/#website\",\"url\":\"https:\/\/alegerglobal.com\/cs\/\",\"name\":\"ALEGER \u22c6 Augmented Reality\",\"description\":\"Die besten Augmented Reality (AR) L\u00f6sungen der Welt.\",\"publisher\":{\"@id\":\"https:\/\/alegerglobal.com\/cs\/#organization\"},\"potentialAction\":[{\"@type\":\"SearchAction\",\"target\":{\"@type\":\"EntryPoint\",\"urlTemplate\":\"https:\/\/alegerglobal.com\/cs\/?s={search_term_string}\"},\"query-input\":{\"@type\":\"PropertyValueSpecification\",\"valueRequired\":true,\"valueName\":\"search_term_string\"}}],\"inLanguage\":\"cs\"},{\"@type\":\"Organization\",\"@id\":\"https:\/\/alegerglobal.com\/cs\/#organization\",\"name\":\"ALEGER \u22c6 Augmented Reality\",\"url\":\"https:\/\/alegerglobal.com\/cs\/\",\"logo\":{\"@type\":\"ImageObject\",\"inLanguage\":\"cs\",\"@id\":\"https:\/\/alegerglobal.com\/cs\/#\/schema\/logo\/image\/\",\"url\":\"https:\/\/alegerglobal.com\/wp-content\/uploads\/2020\/12\/aleger-logo-quadrat.jpg\",\"contentUrl\":\"https:\/\/alegerglobal.com\/wp-content\/uploads\/2020\/12\/aleger-logo-quadrat.jpg\",\"width\":200,\"height\":176,\"caption\":\"ALEGER \u22c6 Augmented Reality\"},\"image\":{\"@id\":\"https:\/\/alegerglobal.com\/cs\/#\/schema\/logo\/image\/\"}}]}<\/script>\n<meta property=\"product:brand\" content=\"Getac\" \/>\n<meta property=\"product:price:amount\" content=\"3123.99\" \/>\n<meta property=\"product:price:currency\" content=\"EUR\" \/>\n<meta property=\"og:availability\" content=\"instock\" \/>\n<meta property=\"product:availability\" content=\"instock\" \/>\n<meta property=\"product:condition\" content=\"new\" \/>\n<!-- \/ Yoast SEO Premium plugin. -->","yoast_head_json":{"title":"Kupte si Getac V110 zde - ALEGER \u22c6 Augmented Reality","description":"Objevte zde odoln\u00fd notebook Getac V110, kter\u00fd nab\u00edz\u00ed velmi vysok\u00fd v\u00fdkon a snadn\u00e9 pou\u017eit\u00ed p\u0159i celkov\u00e9 hmotnosti pouh\u00fdch 2,1 kg.","robots":{"index":"index","follow":"follow","max-snippet":"max-snippet:-1","max-image-preview":"max-image-preview:large","max-video-preview":"max-video-preview:-1"},"og_locale":"cs_CZ","og_type":"article","og_title":"Getac V110, 11,6\", IP65, MIL-STD-810H, MIL-STD461G, Windows 10 Pro","og_description":"Objevte zde odoln\u00fd notebook Getac V110, kter\u00fd nab\u00edz\u00ed velmi vysok\u00fd v\u00fdkon a snadn\u00e9 pou\u017eit\u00ed p\u0159i celkov\u00e9 hmotnosti pouh\u00fdch 2,1 kg.","og_url":"https:\/\/alegerglobal.com\/cs\/shop-cs\/odolny-notebook\/getac-v110-2\/","og_site_name":"ALEGER \u22c6 Augmented Reality","og_image":[{"width":1280,"height":1280,"url":"https:\/\/alegerglobal.com\/wp-content\/uploads\/2021\/01\/v110_1-1.png","type":"image\/png"}],"twitter_card":"summary_large_image","twitter_misc":{"Cena":"&euro;3.123,99","Dostupnost":"Skladem"},"schema":{"@context":"https:\/\/schema.org","@graph":[{"@type":"WebPage","@id":"https:\/\/alegerglobal.com\/cs\/shop-cs\/odolny-notebook\/getac-v110-2\/","url":"https:\/\/alegerglobal.com\/cs\/shop-cs\/odolny-notebook\/getac-v110-2\/","name":"Kupte si Getac V110 zde - ALEGER \u22c6 Augmented Reality","isPartOf":{"@id":"https:\/\/alegerglobal.com\/cs\/#website"},"primaryImageOfPage":{"@id":"https:\/\/alegerglobal.com\/cs\/shop-cs\/odolny-notebook\/getac-v110-2\/#primaryimage"},"image":{"@id":"https:\/\/alegerglobal.com\/cs\/shop-cs\/odolny-notebook\/getac-v110-2\/#primaryimage"},"thumbnailUrl":"https:\/\/alegerglobal.com\/wp-content\/uploads\/2021\/01\/v110_1-1.png","datePublished":"2022-05-19T08:05:22+00:00","dateModified":"2022-05-19T08:05:22+00:00","description":"Objevte zde odoln\u00fd notebook Getac V110, kter\u00fd nab\u00edz\u00ed velmi vysok\u00fd v\u00fdkon a snadn\u00e9 pou\u017eit\u00ed p\u0159i celkov\u00e9 hmotnosti pouh\u00fdch 2,1 kg.","breadcrumb":{"@id":"https:\/\/alegerglobal.com\/cs\/shop-cs\/odolny-notebook\/getac-v110-2\/#breadcrumb"},"inLanguage":"cs","potentialAction":[{"@type":"ReadAction","target":["https:\/\/alegerglobal.com\/cs\/shop-cs\/odolny-notebook\/getac-v110-2\/"]}]},{"@type":"ImageObject","inLanguage":"cs","@id":"https:\/\/alegerglobal.com\/cs\/shop-cs\/odolny-notebook\/getac-v110-2\/#primaryimage","url":"https:\/\/alegerglobal.com\/wp-content\/uploads\/2021\/01\/v110_1-1.png","contentUrl":"https:\/\/alegerglobal.com\/wp-content\/uploads\/2021\/01\/v110_1-1.png","width":1280,"height":1280,"caption":"Getac V110"},{"@type":"BreadcrumbList","@id":"https:\/\/alegerglobal.com\/cs\/shop-cs\/odolny-notebook\/getac-v110-2\/#breadcrumb","itemListElement":[{"@type":"ListItem","position":1,"name":"Home","item":"https:\/\/alegerglobal.com\/cs\/novinka-domovska-stranka\/"},{"@type":"ListItem","position":2,"name":"Produkty","item":"https:\/\/alegerglobal.com\/cs\/produkty\/"},{"@type":"ListItem","position":3,"name":"Getac V110, 11,6&#8243;, IP65, MIL-STD-810H, MIL-STD461G, Windows 10 Pro"}]},{"@type":"WebSite","@id":"https:\/\/alegerglobal.com\/cs\/#website","url":"https:\/\/alegerglobal.com\/cs\/","name":"ALEGER \u22c6 Augmented Reality","description":"Die besten Augmented Reality (AR) L\u00f6sungen der Welt.","publisher":{"@id":"https:\/\/alegerglobal.com\/cs\/#organization"},"potentialAction":[{"@type":"SearchAction","target":{"@type":"EntryPoint","urlTemplate":"https:\/\/alegerglobal.com\/cs\/?s={search_term_string}"},"query-input":{"@type":"PropertyValueSpecification","valueRequired":true,"valueName":"search_term_string"}}],"inLanguage":"cs"},{"@type":"Organization","@id":"https:\/\/alegerglobal.com\/cs\/#organization","name":"ALEGER \u22c6 Augmented Reality","url":"https:\/\/alegerglobal.com\/cs\/","logo":{"@type":"ImageObject","inLanguage":"cs","@id":"https:\/\/alegerglobal.com\/cs\/#\/schema\/logo\/image\/","url":"https:\/\/alegerglobal.com\/wp-content\/uploads\/2020\/12\/aleger-logo-quadrat.jpg","contentUrl":"https:\/\/alegerglobal.com\/wp-content\/uploads\/2020\/12\/aleger-logo-quadrat.jpg","width":200,"height":176,"caption":"ALEGER \u22c6 Augmented Reality"},"image":{"@id":"https:\/\/alegerglobal.com\/cs\/#\/schema\/logo\/image\/"}}]},"product_brand":"Getac","product_price_amount":"3123.99","product_price_currency":"EUR","og_availability":"instock","product_availability":"instock","product_condition":"new"},"_links":{"self":[{"href":"https:\/\/alegerglobal.com\/cs\/wp-json\/wp\/v2\/product\/34976","targetHints":{"allow":["GET"]}}],"collection":[{"href":"https:\/\/alegerglobal.com\/cs\/wp-json\/wp\/v2\/product"}],"about":[{"href":"https:\/\/alegerglobal.com\/cs\/wp-json\/wp\/v2\/types\/product"}],"replies":[{"embeddable":true,"href":"https:\/\/alegerglobal.com\/cs\/wp-json\/wp\/v2\/comments?post=34976"}],"version-history":[{"count":0,"href":"https:\/\/alegerglobal.com\/cs\/wp-json\/wp\/v2\/product\/34976\/revisions"}],"wp:featuredmedia":[{"embeddable":true,"href":"https:\/\/alegerglobal.com\/cs\/wp-json\/wp\/v2\/media\/12467"}],"wp:attachment":[{"href":"https:\/\/alegerglobal.com\/cs\/wp-json\/wp\/v2\/media?parent=34976"}],"wp:term":[{"taxonomy":"product_brand","embeddable":true,"href":"https:\/\/alegerglobal.com\/cs\/wp-json\/wp\/v2\/product_brand?post=34976"},{"taxonomy":"product_cat","embeddable":true,"href":"https:\/\/alegerglobal.com\/cs\/wp-json\/wp\/v2\/product_cat?post=34976"},{"taxonomy":"product_tag","embeddable":true,"href":"https:\/\/alegerglobal.com\/cs\/wp-json\/wp\/v2\/product_tag?post=34976"}],"curies":[{"name":"wp","href":"https:\/\/api.w.org\/{rel}","templated":true}]}}