{"id":34975,"date":"2021-03-10T08:57:24","date_gmt":"2022-05-19T08:05:22","guid":{"rendered":"https:\/\/alegerglobal.com\/nezarazene\/toughbook-t1-odolny-tablet-mil-std-810g-ip68-5-displej-ctecka-carovych-kodu\/"},"modified":"2022-05-19T09:05:22","modified_gmt":"2022-05-19T08:05:22","slug":"toughbookt1-2","status":"publish","type":"product","link":"https:\/\/alegerglobal.com\/cs\/shop-cs\/odolny-tablet\/toughbookt1-2\/","title":{"rendered":"Toughbook T1, odoln\u00fd tablet, MIL-STD-810G, IP68, 5&#8243; displej, \u010dte\u010dka \u010d\u00e1rov\u00fdch k\u00f3d\u016f"},"content":{"rendered":"","protected":false},"excerpt":{"rendered":"<ul>\n<li aria-level=\"1\"><b>Odoln\u00fd tablet s certifikac\u00ed MIL-STD-810G a IP68<\/b><\/li>\n<li aria-level=\"1\"><b>Nekomplikovan\u00e1 pr\u00e1ce venku:<\/b><span style=\"font-weight: 400;\"> 5&#8243; displej s kapacitn\u00ed dotykovou obrazovkou bez odlesk\u016f<\/span><\/li>\n<li aria-level=\"1\"><b>\u010cten\u00ed a zpracov\u00e1n\u00ed dat:<\/b><span style=\"font-weight: 400;\"> Integrovan\u00fd sn\u00edma\u010d \u010d\u00e1rov\u00fdch k\u00f3d\u016f<\/span><\/li>\n<li aria-level=\"1\"><b>Jednoduch\u00e1 komunikace:<\/b><span style=\"font-weight: 400;\"> Rozs\u00e1hl\u00e9 telefonn\u00ed funkce<\/span><\/li>\n<li aria-level=\"1\"><b>Nejnov\u011bj\u0161\u00ed software:<\/b><span style=\"font-weight: 400;\"> Kompatibiln\u00ed se syst\u00e9my Android 9 a COMPASS<\/span><\/li>\n<li aria-level=\"1\"><b>Odoln\u00e9<\/b><span style=\"font-weight: 400;\">: prachot\u011bsn\u00e9, vodot\u011bsn\u00e9 a odoln\u00e9 proti p\u00e1du z v\u00fd\u0161ky a\u017e 1,5 m<\/span><\/li>\n<li aria-level=\"1\"><b>Flexibiln\u00ed p\u0159ipojen\u00ed:<\/b><span style=\"font-weight: 400;\"> p\u0159es WLAN, Bluetooth nebo NFC<\/span><\/li>\n<li aria-level=\"1\"><b>Dlouhodob\u00e9 a nep\u0159etr\u017eit\u00e9 pou\u017e\u00edv\u00e1n\u00ed:<\/b><span style=\"font-weight: 400;\"> 3200 mAh s v\u00fddr\u017e\u00ed a\u017e 12 hodin<\/span><\/li>\n<\/ul>\n<p><b>Podpora v p\u0159\u00edpad\u011b funk\u010dn\u00ed poruchy:<\/b><span style=\"font-weight: 400;\"> 3let\u00e1 z\u00e1ruka, voliteln\u011b prodlou\u017eiteln\u00e1 na 5 let<\/span><\/p>\n","protected":false},"featured_media":13493,"comment_status":"open","ping_status":"closed","template":"","meta":{"_acf_changed":false},"product_brand":[],"product_cat":[1526,1516],"product_tag":[],"class_list":{"0":"post-34975","1":"product","2":"type-product","3":"status-publish","4":"has-post-thumbnail","6":"product_cat-odolny-tablet","7":"product_cat-shop-cs","8":"pa_hersteller-panasonic-cs","10":"first","11":"instock","12":"taxable","13":"shipping-taxable","14":"purchasable","15":"product-type-simple"},"acf":[],"yoast_head":"<!-- This site is optimized with the Yoast SEO Premium plugin v20.10 (Yoast SEO v24.3) - https:\/\/yoast.com\/wordpress\/plugins\/seo\/ -->\n<title>Koupit Toughbook T1 zde - ALEGER \u22c6 Augmented Reality<\/title>\n<meta name=\"description\" content=\"Objevte odoln\u00fd 5palcov\u00fd tablet s certifikac\u00ed IP68 a integrovan\u00fdm sn\u00edma\u010dem \u010d\u00e1rov\u00fdch k\u00f3d\u016f zde! S velmi dlouhou v\u00fddr\u017e\u00ed baterie!\" \/>\n<meta name=\"robots\" content=\"index, follow, max-snippet:-1, max-image-preview:large, max-video-preview:-1\" \/>\n<meta property=\"og:locale\" content=\"cs_CZ\" \/>\n<meta property=\"og:type\" content=\"article\" \/>\n<meta property=\"og:title\" content=\"Toughbook T1, odoln\u00fd tablet, MIL-STD-810G, IP68, 5&quot; displej, \u010dte\u010dka \u010d\u00e1rov\u00fdch k\u00f3d\u016f\" \/>\n<meta property=\"og:description\" content=\"Objevte odoln\u00fd 5palcov\u00fd tablet s certifikac\u00ed IP68 a integrovan\u00fdm sn\u00edma\u010dem \u010d\u00e1rov\u00fdch k\u00f3d\u016f zde! S velmi dlouhou v\u00fddr\u017e\u00ed baterie!\" \/>\n<meta property=\"og:url\" content=\"https:\/\/alegerglobal.com\/cs\/shop-cs\/odolny-tablet\/toughbookt1-2\/\" \/>\n<meta property=\"og:site_name\" content=\"ALEGER \u22c6 Augmented Reality\" \/>\n<meta property=\"og:image\" content=\"https:\/\/alegerglobal.com\/wp-content\/uploads\/2021\/03\/Unbenannt-65.jpg\" \/>\n\t<meta property=\"og:image:width\" content=\"800\" \/>\n\t<meta property=\"og:image:height\" content=\"800\" \/>\n\t<meta property=\"og:image:type\" content=\"image\/jpeg\" \/>\n<meta name=\"twitter:card\" content=\"summary_large_image\" \/>\n<meta name=\"twitter:label1\" content=\"Cena\" \/>\n\t<meta name=\"twitter:data1\" content=\"&euro;1.650,99\" \/>\n\t<meta name=\"twitter:label2\" content=\"Dostupnost\" \/>\n\t<meta name=\"twitter:data2\" content=\"Skladem\" \/>\n<script type=\"application\/ld+json\" class=\"yoast-schema-graph\">{\"@context\":\"https:\/\/schema.org\",\"@graph\":[{\"@type\":\"WebPage\",\"@id\":\"https:\/\/alegerglobal.com\/cs\/shop-cs\/odolny-tablet\/toughbookt1-2\/\",\"url\":\"https:\/\/alegerglobal.com\/cs\/shop-cs\/odolny-tablet\/toughbookt1-2\/\",\"name\":\"Koupit Toughbook T1 zde - ALEGER \u22c6 Augmented Reality\",\"isPartOf\":{\"@id\":\"https:\/\/alegerglobal.com\/cs\/#website\"},\"primaryImageOfPage\":{\"@id\":\"https:\/\/alegerglobal.com\/cs\/shop-cs\/odolny-tablet\/toughbookt1-2\/#primaryimage\"},\"image\":{\"@id\":\"https:\/\/alegerglobal.com\/cs\/shop-cs\/odolny-tablet\/toughbookt1-2\/#primaryimage\"},\"thumbnailUrl\":\"https:\/\/alegerglobal.com\/wp-content\/uploads\/2021\/03\/Unbenannt-65.jpg\",\"datePublished\":\"2022-05-19T08:05:22+00:00\",\"dateModified\":\"2022-05-19T08:05:22+00:00\",\"description\":\"Objevte odoln\u00fd 5palcov\u00fd tablet s certifikac\u00ed IP68 a integrovan\u00fdm sn\u00edma\u010dem \u010d\u00e1rov\u00fdch k\u00f3d\u016f zde! S velmi dlouhou v\u00fddr\u017e\u00ed baterie!\",\"breadcrumb\":{\"@id\":\"https:\/\/alegerglobal.com\/cs\/shop-cs\/odolny-tablet\/toughbookt1-2\/#breadcrumb\"},\"inLanguage\":\"cs\",\"potentialAction\":[{\"@type\":\"ReadAction\",\"target\":[\"https:\/\/alegerglobal.com\/cs\/shop-cs\/odolny-tablet\/toughbookt1-2\/\"]}]},{\"@type\":\"ImageObject\",\"inLanguage\":\"cs\",\"@id\":\"https:\/\/alegerglobal.com\/cs\/shop-cs\/odolny-tablet\/toughbookt1-2\/#primaryimage\",\"url\":\"https:\/\/alegerglobal.com\/wp-content\/uploads\/2021\/03\/Unbenannt-65.jpg\",\"contentUrl\":\"https:\/\/alegerglobal.com\/wp-content\/uploads\/2021\/03\/Unbenannt-65.jpg\",\"width\":800,\"height\":800},{\"@type\":\"BreadcrumbList\",\"@id\":\"https:\/\/alegerglobal.com\/cs\/shop-cs\/odolny-tablet\/toughbookt1-2\/#breadcrumb\",\"itemListElement\":[{\"@type\":\"ListItem\",\"position\":1,\"name\":\"Home\",\"item\":\"https:\/\/alegerglobal.com\/cs\/novinka-domovska-stranka\/\"},{\"@type\":\"ListItem\",\"position\":2,\"name\":\"Produkty\",\"item\":\"https:\/\/alegerglobal.com\/cs\/produkty\/\"},{\"@type\":\"ListItem\",\"position\":3,\"name\":\"Toughbook T1, odoln\u00fd tablet, MIL-STD-810G, IP68, 5&#8243; displej, \u010dte\u010dka \u010d\u00e1rov\u00fdch k\u00f3d\u016f\"}]},{\"@type\":\"WebSite\",\"@id\":\"https:\/\/alegerglobal.com\/cs\/#website\",\"url\":\"https:\/\/alegerglobal.com\/cs\/\",\"name\":\"ALEGER \u22c6 Augmented Reality\",\"description\":\"Die besten Augmented Reality (AR) L\u00f6sungen der Welt.\",\"publisher\":{\"@id\":\"https:\/\/alegerglobal.com\/cs\/#organization\"},\"potentialAction\":[{\"@type\":\"SearchAction\",\"target\":{\"@type\":\"EntryPoint\",\"urlTemplate\":\"https:\/\/alegerglobal.com\/cs\/?s={search_term_string}\"},\"query-input\":{\"@type\":\"PropertyValueSpecification\",\"valueRequired\":true,\"valueName\":\"search_term_string\"}}],\"inLanguage\":\"cs\"},{\"@type\":\"Organization\",\"@id\":\"https:\/\/alegerglobal.com\/cs\/#organization\",\"name\":\"ALEGER \u22c6 Augmented Reality\",\"url\":\"https:\/\/alegerglobal.com\/cs\/\",\"logo\":{\"@type\":\"ImageObject\",\"inLanguage\":\"cs\",\"@id\":\"https:\/\/alegerglobal.com\/cs\/#\/schema\/logo\/image\/\",\"url\":\"https:\/\/alegerglobal.com\/wp-content\/uploads\/2020\/12\/aleger-logo-quadrat.jpg\",\"contentUrl\":\"https:\/\/alegerglobal.com\/wp-content\/uploads\/2020\/12\/aleger-logo-quadrat.jpg\",\"width\":200,\"height\":176,\"caption\":\"ALEGER \u22c6 Augmented Reality\"},\"image\":{\"@id\":\"https:\/\/alegerglobal.com\/cs\/#\/schema\/logo\/image\/\"}}]}<\/script>\n<meta property=\"product:brand\" content=\"Panasonic\" \/>\n<meta property=\"product:price:amount\" content=\"1650.99\" \/>\n<meta property=\"product:price:currency\" content=\"EUR\" \/>\n<meta property=\"og:availability\" content=\"instock\" \/>\n<meta property=\"product:availability\" content=\"instock\" \/>\n<meta property=\"product:condition\" content=\"new\" \/>\n<!-- \/ Yoast SEO Premium plugin. -->","yoast_head_json":{"title":"Koupit Toughbook T1 zde - ALEGER \u22c6 Augmented Reality","description":"Objevte odoln\u00fd 5palcov\u00fd tablet s certifikac\u00ed IP68 a integrovan\u00fdm sn\u00edma\u010dem \u010d\u00e1rov\u00fdch k\u00f3d\u016f zde! S velmi dlouhou v\u00fddr\u017e\u00ed baterie!","robots":{"index":"index","follow":"follow","max-snippet":"max-snippet:-1","max-image-preview":"max-image-preview:large","max-video-preview":"max-video-preview:-1"},"og_locale":"cs_CZ","og_type":"article","og_title":"Toughbook T1, odoln\u00fd tablet, MIL-STD-810G, IP68, 5\" displej, \u010dte\u010dka \u010d\u00e1rov\u00fdch k\u00f3d\u016f","og_description":"Objevte odoln\u00fd 5palcov\u00fd tablet s certifikac\u00ed IP68 a integrovan\u00fdm sn\u00edma\u010dem \u010d\u00e1rov\u00fdch k\u00f3d\u016f zde! S velmi dlouhou v\u00fddr\u017e\u00ed baterie!","og_url":"https:\/\/alegerglobal.com\/cs\/shop-cs\/odolny-tablet\/toughbookt1-2\/","og_site_name":"ALEGER \u22c6 Augmented Reality","og_image":[{"width":800,"height":800,"url":"https:\/\/alegerglobal.com\/wp-content\/uploads\/2021\/03\/Unbenannt-65.jpg","type":"image\/jpeg"}],"twitter_card":"summary_large_image","twitter_misc":{"Cena":"&euro;1.650,99","Dostupnost":"Skladem"},"schema":{"@context":"https:\/\/schema.org","@graph":[{"@type":"WebPage","@id":"https:\/\/alegerglobal.com\/cs\/shop-cs\/odolny-tablet\/toughbookt1-2\/","url":"https:\/\/alegerglobal.com\/cs\/shop-cs\/odolny-tablet\/toughbookt1-2\/","name":"Koupit Toughbook T1 zde - ALEGER \u22c6 Augmented Reality","isPartOf":{"@id":"https:\/\/alegerglobal.com\/cs\/#website"},"primaryImageOfPage":{"@id":"https:\/\/alegerglobal.com\/cs\/shop-cs\/odolny-tablet\/toughbookt1-2\/#primaryimage"},"image":{"@id":"https:\/\/alegerglobal.com\/cs\/shop-cs\/odolny-tablet\/toughbookt1-2\/#primaryimage"},"thumbnailUrl":"https:\/\/alegerglobal.com\/wp-content\/uploads\/2021\/03\/Unbenannt-65.jpg","datePublished":"2022-05-19T08:05:22+00:00","dateModified":"2022-05-19T08:05:22+00:00","description":"Objevte odoln\u00fd 5palcov\u00fd tablet s certifikac\u00ed IP68 a integrovan\u00fdm sn\u00edma\u010dem \u010d\u00e1rov\u00fdch k\u00f3d\u016f zde! S velmi dlouhou v\u00fddr\u017e\u00ed baterie!","breadcrumb":{"@id":"https:\/\/alegerglobal.com\/cs\/shop-cs\/odolny-tablet\/toughbookt1-2\/#breadcrumb"},"inLanguage":"cs","potentialAction":[{"@type":"ReadAction","target":["https:\/\/alegerglobal.com\/cs\/shop-cs\/odolny-tablet\/toughbookt1-2\/"]}]},{"@type":"ImageObject","inLanguage":"cs","@id":"https:\/\/alegerglobal.com\/cs\/shop-cs\/odolny-tablet\/toughbookt1-2\/#primaryimage","url":"https:\/\/alegerglobal.com\/wp-content\/uploads\/2021\/03\/Unbenannt-65.jpg","contentUrl":"https:\/\/alegerglobal.com\/wp-content\/uploads\/2021\/03\/Unbenannt-65.jpg","width":800,"height":800},{"@type":"BreadcrumbList","@id":"https:\/\/alegerglobal.com\/cs\/shop-cs\/odolny-tablet\/toughbookt1-2\/#breadcrumb","itemListElement":[{"@type":"ListItem","position":1,"name":"Home","item":"https:\/\/alegerglobal.com\/cs\/novinka-domovska-stranka\/"},{"@type":"ListItem","position":2,"name":"Produkty","item":"https:\/\/alegerglobal.com\/cs\/produkty\/"},{"@type":"ListItem","position":3,"name":"Toughbook T1, odoln\u00fd tablet, MIL-STD-810G, IP68, 5&#8243; displej, \u010dte\u010dka \u010d\u00e1rov\u00fdch k\u00f3d\u016f"}]},{"@type":"WebSite","@id":"https:\/\/alegerglobal.com\/cs\/#website","url":"https:\/\/alegerglobal.com\/cs\/","name":"ALEGER \u22c6 Augmented Reality","description":"Die besten Augmented Reality (AR) L\u00f6sungen der Welt.","publisher":{"@id":"https:\/\/alegerglobal.com\/cs\/#organization"},"potentialAction":[{"@type":"SearchAction","target":{"@type":"EntryPoint","urlTemplate":"https:\/\/alegerglobal.com\/cs\/?s={search_term_string}"},"query-input":{"@type":"PropertyValueSpecification","valueRequired":true,"valueName":"search_term_string"}}],"inLanguage":"cs"},{"@type":"Organization","@id":"https:\/\/alegerglobal.com\/cs\/#organization","name":"ALEGER \u22c6 Augmented Reality","url":"https:\/\/alegerglobal.com\/cs\/","logo":{"@type":"ImageObject","inLanguage":"cs","@id":"https:\/\/alegerglobal.com\/cs\/#\/schema\/logo\/image\/","url":"https:\/\/alegerglobal.com\/wp-content\/uploads\/2020\/12\/aleger-logo-quadrat.jpg","contentUrl":"https:\/\/alegerglobal.com\/wp-content\/uploads\/2020\/12\/aleger-logo-quadrat.jpg","width":200,"height":176,"caption":"ALEGER \u22c6 Augmented Reality"},"image":{"@id":"https:\/\/alegerglobal.com\/cs\/#\/schema\/logo\/image\/"}}]},"product_brand":"Panasonic","product_price_amount":"1650.99","product_price_currency":"EUR","og_availability":"instock","product_availability":"instock","product_condition":"new"},"_links":{"self":[{"href":"https:\/\/alegerglobal.com\/cs\/wp-json\/wp\/v2\/product\/34975","targetHints":{"allow":["GET"]}}],"collection":[{"href":"https:\/\/alegerglobal.com\/cs\/wp-json\/wp\/v2\/product"}],"about":[{"href":"https:\/\/alegerglobal.com\/cs\/wp-json\/wp\/v2\/types\/product"}],"replies":[{"embeddable":true,"href":"https:\/\/alegerglobal.com\/cs\/wp-json\/wp\/v2\/comments?post=34975"}],"version-history":[{"count":0,"href":"https:\/\/alegerglobal.com\/cs\/wp-json\/wp\/v2\/product\/34975\/revisions"}],"wp:featuredmedia":[{"embeddable":true,"href":"https:\/\/alegerglobal.com\/cs\/wp-json\/wp\/v2\/media\/13493"}],"wp:attachment":[{"href":"https:\/\/alegerglobal.com\/cs\/wp-json\/wp\/v2\/media?parent=34975"}],"wp:term":[{"taxonomy":"product_brand","embeddable":true,"href":"https:\/\/alegerglobal.com\/cs\/wp-json\/wp\/v2\/product_brand?post=34975"},{"taxonomy":"product_cat","embeddable":true,"href":"https:\/\/alegerglobal.com\/cs\/wp-json\/wp\/v2\/product_cat?post=34975"},{"taxonomy":"product_tag","embeddable":true,"href":"https:\/\/alegerglobal.com\/cs\/wp-json\/wp\/v2\/product_tag?post=34975"}],"curies":[{"name":"wp","href":"https:\/\/api.w.org\/{rel}","templated":true}]}}