{"id":34973,"date":"2021-03-10T09:01:12","date_gmt":"2022-05-19T08:05:22","guid":{"rendered":"https:\/\/alegerglobal.com\/nezarazene\/toughbook-g2-odolny-tablet-mil-std-810g-ip65-101-displej-windows-10-pro\/"},"modified":"2022-05-19T09:05:22","modified_gmt":"2022-05-19T08:05:22","slug":"toughbook-g2-2","status":"publish","type":"product","link":"https:\/\/alegerglobal.com\/cs\/shop-cs\/odolny-tablet\/toughbook-g2-2\/","title":{"rendered":"Toughbook G2, odoln\u00fd tablet, MIL-STD 810G, IP65, 10,1&#8243; displej, Windows 10 Pro"},"content":{"rendered":"","protected":false},"excerpt":{"rendered":"<ul>\n<li><b>  Odoln\u00fd tablet s certifikac\u00ed IP65 + MIL-STD 810G<\/b><\/li>\n<li><b>V\u00fdkonn\u00e9: <\/b><span style=\"font-weight: 400;\">Modern\u00ed procesor i5 a 16 GB RAM pro plynul\u00fd provoz podnikov\u00fdch aplikac\u00ed<\/span><\/li>\n<li><b>Viditelnost za v\u0161ech sv\u011bteln\u00fdch podm\u00ednek:<\/b><span style=\"font-weight: 400;\"> Velk\u00fd 10,1palcov\u00fd displej s rozli\u0161en\u00edm Full HD bez odlesk\u016f<\/span><\/li>\n<li><b>Dlouhodob\u00e9 pou\u017e\u00edv\u00e1n\u00ed:<\/b><span style=\"font-weight: 400;\"> V\u00fddr\u017e baterie a\u017e 12 hodin<\/span><\/li>\n<li><b>Flexibiln\u00ed provoz: <\/b><span style=\"font-weight: 400;\">Kapacitn\u00ed dotykov\u00fd displej s jasem 1000 cd\/m3 ovladateln\u00fd v rukavic\u00edch a s digitiz\u00e9rem<\/span><\/li>\n<li><b>Aktualizovan\u00fd opera\u010dn\u00ed syst\u00e9m:<\/b><span style=\"font-weight: 400;\"> Tablet pracuje se syst\u00e9mem Windows 10, a je proto kompatibiln\u00ed se v\u0161emi aplikacemi pro PC.<\/span><\/li>\n<li><b>Zabezpe\u010den\u00fd tablet Core PC:<\/b><span style=\"font-weight: 400;\"> Integrovan\u00e9 hardwarov\u00e9, firmwarov\u00e9 a softwarov\u00e9 \u0159e\u0161en\u00ed chr\u00e1n\u00ed p\u0159ed manipulac\u00ed s firmwarem a dal\u0161\u00edmi kybernetick\u00fdmi \u00fatoky.<\/span><\/li>\n<\/ul>\n","protected":false},"featured_media":13441,"comment_status":"open","ping_status":"closed","template":"","meta":{"_acf_changed":false},"product_brand":[],"product_cat":[1526,1516],"product_tag":[],"class_list":{"0":"post-34973","1":"product","2":"type-product","3":"status-publish","4":"has-post-thumbnail","6":"product_cat-odolny-tablet","7":"product_cat-shop-cs","8":"pa_hersteller-panasonic-cs","10":"first","11":"instock","12":"taxable","13":"shipping-taxable","14":"product-type-simple"},"acf":[],"yoast_head":"<!-- This site is optimized with the Yoast SEO Premium plugin v20.10 (Yoast SEO v24.3) - https:\/\/yoast.com\/wordpress\/plugins\/seo\/ -->\n<title>Toughbook G2 od spole\u010dnosti Panasonic - ALEGER \u22c6 Augmented Reality<\/title>\n<meta name=\"description\" content=\"Panasonic Toughbook G2 je odoln\u00fd tablet s v\u00fdkonem a softwarovou architekturou notebooku.\" \/>\n<meta name=\"robots\" content=\"index, follow, max-snippet:-1, max-image-preview:large, max-video-preview:-1\" \/>\n<meta property=\"og:locale\" content=\"cs_CZ\" \/>\n<meta property=\"og:type\" content=\"article\" \/>\n<meta property=\"og:title\" content=\"Toughbook G2, odoln\u00fd tablet, MIL-STD 810G, IP65, 10,1&quot; displej, Windows 10 Pro\" \/>\n<meta property=\"og:description\" content=\"Panasonic Toughbook G2 je odoln\u00fd tablet s v\u00fdkonem a softwarovou architekturou notebooku.\" \/>\n<meta property=\"og:url\" content=\"https:\/\/alegerglobal.com\/cs\/shop-cs\/odolny-tablet\/toughbook-g2-2\/\" \/>\n<meta property=\"og:site_name\" content=\"ALEGER \u22c6 Augmented Reality\" \/>\n<meta property=\"og:image\" content=\"https:\/\/alegerglobal.com\/wp-content\/uploads\/2021\/03\/Unbenannt-55.jpg\" \/>\n\t<meta property=\"og:image:width\" content=\"800\" \/>\n\t<meta property=\"og:image:height\" content=\"800\" \/>\n\t<meta property=\"og:image:type\" content=\"image\/jpeg\" \/>\n<meta name=\"twitter:card\" content=\"summary_large_image\" \/>\n<meta name=\"twitter:label1\" content=\"Cena\" \/>\n\t<meta name=\"twitter:data1\" content=\"\" \/>\n\t<meta name=\"twitter:label2\" content=\"Dostupnost\" \/>\n\t<meta name=\"twitter:data2\" content=\"Skladem\" \/>\n<script type=\"application\/ld+json\" class=\"yoast-schema-graph\">{\"@context\":\"https:\/\/schema.org\",\"@graph\":[{\"@type\":\"WebPage\",\"@id\":\"https:\/\/alegerglobal.com\/cs\/shop-cs\/odolny-tablet\/toughbook-g2-2\/\",\"url\":\"https:\/\/alegerglobal.com\/cs\/shop-cs\/odolny-tablet\/toughbook-g2-2\/\",\"name\":\"Toughbook G2 od spole\u010dnosti Panasonic - ALEGER \u22c6 Augmented Reality\",\"isPartOf\":{\"@id\":\"https:\/\/alegerglobal.com\/cs\/#website\"},\"primaryImageOfPage\":{\"@id\":\"https:\/\/alegerglobal.com\/cs\/shop-cs\/odolny-tablet\/toughbook-g2-2\/#primaryimage\"},\"image\":{\"@id\":\"https:\/\/alegerglobal.com\/cs\/shop-cs\/odolny-tablet\/toughbook-g2-2\/#primaryimage\"},\"thumbnailUrl\":\"https:\/\/alegerglobal.com\/wp-content\/uploads\/2021\/03\/Unbenannt-55.jpg\",\"datePublished\":\"2022-05-19T08:05:22+00:00\",\"dateModified\":\"2022-05-19T08:05:22+00:00\",\"description\":\"Panasonic Toughbook G2 je odoln\u00fd tablet s v\u00fdkonem a softwarovou architekturou notebooku.\",\"breadcrumb\":{\"@id\":\"https:\/\/alegerglobal.com\/cs\/shop-cs\/odolny-tablet\/toughbook-g2-2\/#breadcrumb\"},\"inLanguage\":\"cs\",\"potentialAction\":[{\"@type\":\"ReadAction\",\"target\":[\"https:\/\/alegerglobal.com\/cs\/shop-cs\/odolny-tablet\/toughbook-g2-2\/\"]}]},{\"@type\":\"ImageObject\",\"inLanguage\":\"cs\",\"@id\":\"https:\/\/alegerglobal.com\/cs\/shop-cs\/odolny-tablet\/toughbook-g2-2\/#primaryimage\",\"url\":\"https:\/\/alegerglobal.com\/wp-content\/uploads\/2021\/03\/Unbenannt-55.jpg\",\"contentUrl\":\"https:\/\/alegerglobal.com\/wp-content\/uploads\/2021\/03\/Unbenannt-55.jpg\",\"width\":800,\"height\":800},{\"@type\":\"BreadcrumbList\",\"@id\":\"https:\/\/alegerglobal.com\/cs\/shop-cs\/odolny-tablet\/toughbook-g2-2\/#breadcrumb\",\"itemListElement\":[{\"@type\":\"ListItem\",\"position\":1,\"name\":\"Home\",\"item\":\"https:\/\/alegerglobal.com\/cs\/novinka-domovska-stranka\/\"},{\"@type\":\"ListItem\",\"position\":2,\"name\":\"Produkty\",\"item\":\"https:\/\/alegerglobal.com\/cs\/produkty\/\"},{\"@type\":\"ListItem\",\"position\":3,\"name\":\"Toughbook G2, odoln\u00fd tablet, MIL-STD 810G, IP65, 10,1&#8243; displej, Windows 10 Pro\"}]},{\"@type\":\"WebSite\",\"@id\":\"https:\/\/alegerglobal.com\/cs\/#website\",\"url\":\"https:\/\/alegerglobal.com\/cs\/\",\"name\":\"ALEGER \u22c6 Augmented Reality\",\"description\":\"Die besten Augmented Reality (AR) L\u00f6sungen der Welt.\",\"publisher\":{\"@id\":\"https:\/\/alegerglobal.com\/cs\/#organization\"},\"potentialAction\":[{\"@type\":\"SearchAction\",\"target\":{\"@type\":\"EntryPoint\",\"urlTemplate\":\"https:\/\/alegerglobal.com\/cs\/?s={search_term_string}\"},\"query-input\":{\"@type\":\"PropertyValueSpecification\",\"valueRequired\":true,\"valueName\":\"search_term_string\"}}],\"inLanguage\":\"cs\"},{\"@type\":\"Organization\",\"@id\":\"https:\/\/alegerglobal.com\/cs\/#organization\",\"name\":\"ALEGER \u22c6 Augmented Reality\",\"url\":\"https:\/\/alegerglobal.com\/cs\/\",\"logo\":{\"@type\":\"ImageObject\",\"inLanguage\":\"cs\",\"@id\":\"https:\/\/alegerglobal.com\/cs\/#\/schema\/logo\/image\/\",\"url\":\"https:\/\/alegerglobal.com\/wp-content\/uploads\/2020\/12\/aleger-logo-quadrat.jpg\",\"contentUrl\":\"https:\/\/alegerglobal.com\/wp-content\/uploads\/2020\/12\/aleger-logo-quadrat.jpg\",\"width\":200,\"height\":176,\"caption\":\"ALEGER \u22c6 Augmented Reality\"},\"image\":{\"@id\":\"https:\/\/alegerglobal.com\/cs\/#\/schema\/logo\/image\/\"}}]}<\/script>\n<meta property=\"product:brand\" content=\"Panasonic\" \/>\n<meta property=\"product:price:amount\" content=\"0.00\" \/>\n<meta property=\"product:price:currency\" content=\"EUR\" \/>\n<meta property=\"og:availability\" content=\"instock\" \/>\n<meta property=\"product:availability\" content=\"instock\" \/>\n<meta property=\"product:condition\" content=\"new\" \/>\n<!-- \/ Yoast SEO Premium plugin. -->","yoast_head_json":{"title":"Toughbook G2 od spole\u010dnosti Panasonic - ALEGER \u22c6 Augmented Reality","description":"Panasonic Toughbook G2 je odoln\u00fd tablet s v\u00fdkonem a softwarovou architekturou notebooku.","robots":{"index":"index","follow":"follow","max-snippet":"max-snippet:-1","max-image-preview":"max-image-preview:large","max-video-preview":"max-video-preview:-1"},"og_locale":"cs_CZ","og_type":"article","og_title":"Toughbook G2, odoln\u00fd tablet, MIL-STD 810G, IP65, 10,1\" displej, Windows 10 Pro","og_description":"Panasonic Toughbook G2 je odoln\u00fd tablet s v\u00fdkonem a softwarovou architekturou notebooku.","og_url":"https:\/\/alegerglobal.com\/cs\/shop-cs\/odolny-tablet\/toughbook-g2-2\/","og_site_name":"ALEGER \u22c6 Augmented Reality","og_image":[{"width":800,"height":800,"url":"https:\/\/alegerglobal.com\/wp-content\/uploads\/2021\/03\/Unbenannt-55.jpg","type":"image\/jpeg"}],"twitter_card":"summary_large_image","twitter_misc":{"Cena":"","Dostupnost":"Skladem"},"schema":{"@context":"https:\/\/schema.org","@graph":[{"@type":"WebPage","@id":"https:\/\/alegerglobal.com\/cs\/shop-cs\/odolny-tablet\/toughbook-g2-2\/","url":"https:\/\/alegerglobal.com\/cs\/shop-cs\/odolny-tablet\/toughbook-g2-2\/","name":"Toughbook G2 od spole\u010dnosti Panasonic - ALEGER \u22c6 Augmented Reality","isPartOf":{"@id":"https:\/\/alegerglobal.com\/cs\/#website"},"primaryImageOfPage":{"@id":"https:\/\/alegerglobal.com\/cs\/shop-cs\/odolny-tablet\/toughbook-g2-2\/#primaryimage"},"image":{"@id":"https:\/\/alegerglobal.com\/cs\/shop-cs\/odolny-tablet\/toughbook-g2-2\/#primaryimage"},"thumbnailUrl":"https:\/\/alegerglobal.com\/wp-content\/uploads\/2021\/03\/Unbenannt-55.jpg","datePublished":"2022-05-19T08:05:22+00:00","dateModified":"2022-05-19T08:05:22+00:00","description":"Panasonic Toughbook G2 je odoln\u00fd tablet s v\u00fdkonem a softwarovou architekturou notebooku.","breadcrumb":{"@id":"https:\/\/alegerglobal.com\/cs\/shop-cs\/odolny-tablet\/toughbook-g2-2\/#breadcrumb"},"inLanguage":"cs","potentialAction":[{"@type":"ReadAction","target":["https:\/\/alegerglobal.com\/cs\/shop-cs\/odolny-tablet\/toughbook-g2-2\/"]}]},{"@type":"ImageObject","inLanguage":"cs","@id":"https:\/\/alegerglobal.com\/cs\/shop-cs\/odolny-tablet\/toughbook-g2-2\/#primaryimage","url":"https:\/\/alegerglobal.com\/wp-content\/uploads\/2021\/03\/Unbenannt-55.jpg","contentUrl":"https:\/\/alegerglobal.com\/wp-content\/uploads\/2021\/03\/Unbenannt-55.jpg","width":800,"height":800},{"@type":"BreadcrumbList","@id":"https:\/\/alegerglobal.com\/cs\/shop-cs\/odolny-tablet\/toughbook-g2-2\/#breadcrumb","itemListElement":[{"@type":"ListItem","position":1,"name":"Home","item":"https:\/\/alegerglobal.com\/cs\/novinka-domovska-stranka\/"},{"@type":"ListItem","position":2,"name":"Produkty","item":"https:\/\/alegerglobal.com\/cs\/produkty\/"},{"@type":"ListItem","position":3,"name":"Toughbook G2, odoln\u00fd tablet, MIL-STD 810G, IP65, 10,1&#8243; displej, Windows 10 Pro"}]},{"@type":"WebSite","@id":"https:\/\/alegerglobal.com\/cs\/#website","url":"https:\/\/alegerglobal.com\/cs\/","name":"ALEGER \u22c6 Augmented Reality","description":"Die besten Augmented Reality (AR) L\u00f6sungen der Welt.","publisher":{"@id":"https:\/\/alegerglobal.com\/cs\/#organization"},"potentialAction":[{"@type":"SearchAction","target":{"@type":"EntryPoint","urlTemplate":"https:\/\/alegerglobal.com\/cs\/?s={search_term_string}"},"query-input":{"@type":"PropertyValueSpecification","valueRequired":true,"valueName":"search_term_string"}}],"inLanguage":"cs"},{"@type":"Organization","@id":"https:\/\/alegerglobal.com\/cs\/#organization","name":"ALEGER \u22c6 Augmented Reality","url":"https:\/\/alegerglobal.com\/cs\/","logo":{"@type":"ImageObject","inLanguage":"cs","@id":"https:\/\/alegerglobal.com\/cs\/#\/schema\/logo\/image\/","url":"https:\/\/alegerglobal.com\/wp-content\/uploads\/2020\/12\/aleger-logo-quadrat.jpg","contentUrl":"https:\/\/alegerglobal.com\/wp-content\/uploads\/2020\/12\/aleger-logo-quadrat.jpg","width":200,"height":176,"caption":"ALEGER \u22c6 Augmented Reality"},"image":{"@id":"https:\/\/alegerglobal.com\/cs\/#\/schema\/logo\/image\/"}}]},"product_brand":"Panasonic","product_price_amount":"0.00","product_price_currency":"EUR","og_availability":"instock","product_availability":"instock","product_condition":"new"},"_links":{"self":[{"href":"https:\/\/alegerglobal.com\/cs\/wp-json\/wp\/v2\/product\/34973","targetHints":{"allow":["GET"]}}],"collection":[{"href":"https:\/\/alegerglobal.com\/cs\/wp-json\/wp\/v2\/product"}],"about":[{"href":"https:\/\/alegerglobal.com\/cs\/wp-json\/wp\/v2\/types\/product"}],"replies":[{"embeddable":true,"href":"https:\/\/alegerglobal.com\/cs\/wp-json\/wp\/v2\/comments?post=34973"}],"version-history":[{"count":0,"href":"https:\/\/alegerglobal.com\/cs\/wp-json\/wp\/v2\/product\/34973\/revisions"}],"wp:featuredmedia":[{"embeddable":true,"href":"https:\/\/alegerglobal.com\/cs\/wp-json\/wp\/v2\/media\/13441"}],"wp:attachment":[{"href":"https:\/\/alegerglobal.com\/cs\/wp-json\/wp\/v2\/media?parent=34973"}],"wp:term":[{"taxonomy":"product_brand","embeddable":true,"href":"https:\/\/alegerglobal.com\/cs\/wp-json\/wp\/v2\/product_brand?post=34973"},{"taxonomy":"product_cat","embeddable":true,"href":"https:\/\/alegerglobal.com\/cs\/wp-json\/wp\/v2\/product_cat?post=34973"},{"taxonomy":"product_tag","embeddable":true,"href":"https:\/\/alegerglobal.com\/cs\/wp-json\/wp\/v2\/product_tag?post=34973"}],"curies":[{"name":"wp","href":"https:\/\/api.w.org\/{rel}","templated":true}]}}