{"id":34972,"date":"2021-03-12T02:58:42","date_gmt":"2022-05-19T08:05:21","guid":{"rendered":"https:\/\/alegerglobal.com\/nezarazene\/epson-moverio-bt-35e-solution-pack-chytre-bryle-ovladac-bo-ch400-043-palce-zorne-pole-23-stupnu-oled-60-hz-24-bitu\/"},"modified":"2022-05-19T09:05:21","modified_gmt":"2022-05-19T08:05:21","slug":"epson-moverio-bt-35e-solution-pack-2","status":"publish","type":"product","link":"https:\/\/alegerglobal.com\/cs\/shop-cs\/epson-moverio-bt-35e-solution-pack-2\/","title":{"rendered":"Epson Moverio BT-35E Solution Pack, chytr\u00e9 br\u00fdle, ovlada\u010d BO-CH400, 0,43 palce, zorn\u00e9 pole 23 stup\u0148\u016f, OLED 60 HZ, 24 bit\u016f"},"content":{"rendered":"","protected":false},"excerpt":{"rendered":"<ul>\n<li><b>Chytr\u00e9 br\u00fdle s ovlada\u010dem pro pohodln\u00e9 a bezpe\u010dn\u00e9 ovl\u00e1d\u00e1n\u00ed aplikac\u00ed<\/b><\/li>\n<li><b>Pracujte bez \u00fanavy:<\/b><span style=\"font-weight: 400;\"> Speci\u00e1ln\u00ed displej Si-OLED s 23stup\u0148ov\u00fdm zorn\u00fdm polem a 24bitovou barevnou hloubkou<\/span><\/li>\n<li><b>Kompatibiln\u00ed se syst\u00e9my iOS a Android:<\/b><span style=\"font-weight: 400;\"> P\u0159ipojen\u00ed k tabletu, po\u010d\u00edta\u010di nebo chytr\u00e9mu telefonu pomoc\u00ed kabelu USB-C<\/span><\/li>\n<li><b>Pohodln\u00e9 ovl\u00e1d\u00e1n\u00ed: <\/b><span style=\"font-weight: 400;\">Mo\u017enost volby mezi ovl\u00e1d\u00e1n\u00edm gesty a hands-free pomoc\u00ed br\u00fdl\u00ed nebo ovl\u00e1d\u00e1n\u00edm pomoc\u00ed ovlada\u010de BO-CH400.<\/span><\/li>\n<\/ul>\n","protected":false},"featured_media":15314,"comment_status":"open","ping_status":"closed","template":"","meta":{"_acf_changed":false},"product_brand":[],"product_cat":[1515,1516],"product_tag":[],"class_list":{"0":"post-34972","1":"product","2":"type-product","3":"status-publish","4":"has-post-thumbnail","6":"product_cat-chytre-bryle","7":"product_cat-shop-cs","8":"pa_hersteller-epson-cs","10":"first","11":"instock","12":"taxable","13":"shipping-taxable","14":"product-type-simple"},"acf":[],"yoast_head":"<!-- This site is optimized with the Yoast SEO Premium plugin v20.10 (Yoast SEO v24.3) - https:\/\/yoast.com\/wordpress\/plugins\/seo\/ -->\n<title>Koupit Epson Moverio BT-35E (2022) - ALEGER \u22c6 Augmented Reality<\/title>\n<meta name=\"description\" content=\"Sada \u0159e\u0161en\u00ed Epson Moverio BT35-E kombinuje vysoce v\u00fdkonn\u00e9 br\u00fdle Epson Moverio BT35-E AR s pokro\u010dil\u00fdm ovlada\u010dem.\" \/>\n<meta name=\"robots\" content=\"index, follow, max-snippet:-1, max-image-preview:large, max-video-preview:-1\" \/>\n<meta property=\"og:locale\" content=\"cs_CZ\" \/>\n<meta property=\"og:type\" content=\"article\" \/>\n<meta property=\"og:title\" content=\"Epson Moverio BT-35E Solution Pack, chytr\u00e9 br\u00fdle, ovlada\u010d BO-CH400, 0,43 palce, zorn\u00e9 pole 23 stup\u0148\u016f, OLED 60 HZ, 24 bit\u016f\" \/>\n<meta property=\"og:description\" content=\"Sada \u0159e\u0161en\u00ed Epson Moverio BT35-E kombinuje vysoce v\u00fdkonn\u00e9 br\u00fdle Epson Moverio BT35-E AR s pokro\u010dil\u00fdm ovlada\u010dem.\" \/>\n<meta property=\"og:url\" content=\"https:\/\/alegerglobal.com\/cs\/shop-cs\/epson-moverio-bt-35e-solution-pack-2\/\" \/>\n<meta property=\"og:site_name\" content=\"ALEGER \u22c6 Augmented Reality\" \/>\n<meta property=\"og:image\" content=\"https:\/\/alegerglobal.com\/wp-content\/uploads\/2021\/03\/Unbenannt-104.jpg\" \/>\n\t<meta property=\"og:image:width\" content=\"800\" \/>\n\t<meta property=\"og:image:height\" content=\"800\" \/>\n\t<meta property=\"og:image:type\" content=\"image\/jpeg\" \/>\n<meta name=\"twitter:card\" content=\"summary_large_image\" \/>\n<meta name=\"twitter:label1\" content=\"Cena\" \/>\n\t<meta name=\"twitter:data1\" content=\"\" \/>\n\t<meta name=\"twitter:label2\" content=\"Dostupnost\" \/>\n\t<meta name=\"twitter:data2\" content=\"Skladem\" \/>\n<script type=\"application\/ld+json\" class=\"yoast-schema-graph\">{\"@context\":\"https:\/\/schema.org\",\"@graph\":[{\"@type\":\"WebPage\",\"@id\":\"https:\/\/alegerglobal.com\/cs\/shop-cs\/epson-moverio-bt-35e-solution-pack-2\/\",\"url\":\"https:\/\/alegerglobal.com\/cs\/shop-cs\/epson-moverio-bt-35e-solution-pack-2\/\",\"name\":\"Koupit Epson Moverio BT-35E (2022) - ALEGER \u22c6 Augmented Reality\",\"isPartOf\":{\"@id\":\"https:\/\/alegerglobal.com\/cs\/#website\"},\"primaryImageOfPage\":{\"@id\":\"https:\/\/alegerglobal.com\/cs\/shop-cs\/epson-moverio-bt-35e-solution-pack-2\/#primaryimage\"},\"image\":{\"@id\":\"https:\/\/alegerglobal.com\/cs\/shop-cs\/epson-moverio-bt-35e-solution-pack-2\/#primaryimage\"},\"thumbnailUrl\":\"https:\/\/alegerglobal.com\/wp-content\/uploads\/2021\/03\/Unbenannt-104.jpg\",\"datePublished\":\"2022-05-19T08:05:21+00:00\",\"dateModified\":\"2022-05-19T08:05:21+00:00\",\"description\":\"Sada \u0159e\u0161en\u00ed Epson Moverio BT35-E kombinuje vysoce v\u00fdkonn\u00e9 br\u00fdle Epson Moverio BT35-E AR s pokro\u010dil\u00fdm ovlada\u010dem.\",\"breadcrumb\":{\"@id\":\"https:\/\/alegerglobal.com\/cs\/shop-cs\/epson-moverio-bt-35e-solution-pack-2\/#breadcrumb\"},\"inLanguage\":\"cs\",\"potentialAction\":[{\"@type\":\"ReadAction\",\"target\":[\"https:\/\/alegerglobal.com\/cs\/shop-cs\/epson-moverio-bt-35e-solution-pack-2\/\"]}]},{\"@type\":\"ImageObject\",\"inLanguage\":\"cs\",\"@id\":\"https:\/\/alegerglobal.com\/cs\/shop-cs\/epson-moverio-bt-35e-solution-pack-2\/#primaryimage\",\"url\":\"https:\/\/alegerglobal.com\/wp-content\/uploads\/2021\/03\/Unbenannt-104.jpg\",\"contentUrl\":\"https:\/\/alegerglobal.com\/wp-content\/uploads\/2021\/03\/Unbenannt-104.jpg\",\"width\":800,\"height\":800},{\"@type\":\"BreadcrumbList\",\"@id\":\"https:\/\/alegerglobal.com\/cs\/shop-cs\/epson-moverio-bt-35e-solution-pack-2\/#breadcrumb\",\"itemListElement\":[{\"@type\":\"ListItem\",\"position\":1,\"name\":\"Home\",\"item\":\"https:\/\/alegerglobal.com\/cs\/novinka-domovska-stranka\/\"},{\"@type\":\"ListItem\",\"position\":2,\"name\":\"Produkty\",\"item\":\"https:\/\/alegerglobal.com\/cs\/produkty\/\"},{\"@type\":\"ListItem\",\"position\":3,\"name\":\"Epson Moverio BT-35E Solution Pack, chytr\u00e9 br\u00fdle, ovlada\u010d BO-CH400, 0,43 palce, zorn\u00e9 pole 23 stup\u0148\u016f, OLED 60 HZ, 24 bit\u016f\"}]},{\"@type\":\"WebSite\",\"@id\":\"https:\/\/alegerglobal.com\/cs\/#website\",\"url\":\"https:\/\/alegerglobal.com\/cs\/\",\"name\":\"ALEGER \u22c6 Augmented Reality\",\"description\":\"Die besten Augmented Reality (AR) L\u00f6sungen der Welt.\",\"publisher\":{\"@id\":\"https:\/\/alegerglobal.com\/cs\/#organization\"},\"potentialAction\":[{\"@type\":\"SearchAction\",\"target\":{\"@type\":\"EntryPoint\",\"urlTemplate\":\"https:\/\/alegerglobal.com\/cs\/?s={search_term_string}\"},\"query-input\":{\"@type\":\"PropertyValueSpecification\",\"valueRequired\":true,\"valueName\":\"search_term_string\"}}],\"inLanguage\":\"cs\"},{\"@type\":\"Organization\",\"@id\":\"https:\/\/alegerglobal.com\/cs\/#organization\",\"name\":\"ALEGER \u22c6 Augmented Reality\",\"url\":\"https:\/\/alegerglobal.com\/cs\/\",\"logo\":{\"@type\":\"ImageObject\",\"inLanguage\":\"cs\",\"@id\":\"https:\/\/alegerglobal.com\/cs\/#\/schema\/logo\/image\/\",\"url\":\"https:\/\/alegerglobal.com\/wp-content\/uploads\/2020\/12\/aleger-logo-quadrat.jpg\",\"contentUrl\":\"https:\/\/alegerglobal.com\/wp-content\/uploads\/2020\/12\/aleger-logo-quadrat.jpg\",\"width\":200,\"height\":176,\"caption\":\"ALEGER \u22c6 Augmented Reality\"},\"image\":{\"@id\":\"https:\/\/alegerglobal.com\/cs\/#\/schema\/logo\/image\/\"}}]}<\/script>\n<meta property=\"product:brand\" content=\"Epson\" \/>\n<meta property=\"product:price:amount\" content=\"0.00\" \/>\n<meta property=\"product:price:currency\" content=\"EUR\" \/>\n<meta property=\"og:availability\" content=\"instock\" \/>\n<meta property=\"product:availability\" content=\"instock\" \/>\n<meta property=\"product:condition\" content=\"new\" \/>\n<!-- \/ Yoast SEO Premium plugin. -->","yoast_head_json":{"title":"Koupit Epson Moverio BT-35E (2022) - ALEGER \u22c6 Augmented Reality","description":"Sada \u0159e\u0161en\u00ed Epson Moverio BT35-E kombinuje vysoce v\u00fdkonn\u00e9 br\u00fdle Epson Moverio BT35-E AR s pokro\u010dil\u00fdm ovlada\u010dem.","robots":{"index":"index","follow":"follow","max-snippet":"max-snippet:-1","max-image-preview":"max-image-preview:large","max-video-preview":"max-video-preview:-1"},"og_locale":"cs_CZ","og_type":"article","og_title":"Epson Moverio BT-35E Solution Pack, chytr\u00e9 br\u00fdle, ovlada\u010d BO-CH400, 0,43 palce, zorn\u00e9 pole 23 stup\u0148\u016f, OLED 60 HZ, 24 bit\u016f","og_description":"Sada \u0159e\u0161en\u00ed Epson Moverio BT35-E kombinuje vysoce v\u00fdkonn\u00e9 br\u00fdle Epson Moverio BT35-E AR s pokro\u010dil\u00fdm ovlada\u010dem.","og_url":"https:\/\/alegerglobal.com\/cs\/shop-cs\/epson-moverio-bt-35e-solution-pack-2\/","og_site_name":"ALEGER \u22c6 Augmented Reality","og_image":[{"width":800,"height":800,"url":"https:\/\/alegerglobal.com\/wp-content\/uploads\/2021\/03\/Unbenannt-104.jpg","type":"image\/jpeg"}],"twitter_card":"summary_large_image","twitter_misc":{"Cena":"","Dostupnost":"Skladem"},"schema":{"@context":"https:\/\/schema.org","@graph":[{"@type":"WebPage","@id":"https:\/\/alegerglobal.com\/cs\/shop-cs\/epson-moverio-bt-35e-solution-pack-2\/","url":"https:\/\/alegerglobal.com\/cs\/shop-cs\/epson-moverio-bt-35e-solution-pack-2\/","name":"Koupit Epson Moverio BT-35E (2022) - ALEGER \u22c6 Augmented Reality","isPartOf":{"@id":"https:\/\/alegerglobal.com\/cs\/#website"},"primaryImageOfPage":{"@id":"https:\/\/alegerglobal.com\/cs\/shop-cs\/epson-moverio-bt-35e-solution-pack-2\/#primaryimage"},"image":{"@id":"https:\/\/alegerglobal.com\/cs\/shop-cs\/epson-moverio-bt-35e-solution-pack-2\/#primaryimage"},"thumbnailUrl":"https:\/\/alegerglobal.com\/wp-content\/uploads\/2021\/03\/Unbenannt-104.jpg","datePublished":"2022-05-19T08:05:21+00:00","dateModified":"2022-05-19T08:05:21+00:00","description":"Sada \u0159e\u0161en\u00ed Epson Moverio BT35-E kombinuje vysoce v\u00fdkonn\u00e9 br\u00fdle Epson Moverio BT35-E AR s pokro\u010dil\u00fdm ovlada\u010dem.","breadcrumb":{"@id":"https:\/\/alegerglobal.com\/cs\/shop-cs\/epson-moverio-bt-35e-solution-pack-2\/#breadcrumb"},"inLanguage":"cs","potentialAction":[{"@type":"ReadAction","target":["https:\/\/alegerglobal.com\/cs\/shop-cs\/epson-moverio-bt-35e-solution-pack-2\/"]}]},{"@type":"ImageObject","inLanguage":"cs","@id":"https:\/\/alegerglobal.com\/cs\/shop-cs\/epson-moverio-bt-35e-solution-pack-2\/#primaryimage","url":"https:\/\/alegerglobal.com\/wp-content\/uploads\/2021\/03\/Unbenannt-104.jpg","contentUrl":"https:\/\/alegerglobal.com\/wp-content\/uploads\/2021\/03\/Unbenannt-104.jpg","width":800,"height":800},{"@type":"BreadcrumbList","@id":"https:\/\/alegerglobal.com\/cs\/shop-cs\/epson-moverio-bt-35e-solution-pack-2\/#breadcrumb","itemListElement":[{"@type":"ListItem","position":1,"name":"Home","item":"https:\/\/alegerglobal.com\/cs\/novinka-domovska-stranka\/"},{"@type":"ListItem","position":2,"name":"Produkty","item":"https:\/\/alegerglobal.com\/cs\/produkty\/"},{"@type":"ListItem","position":3,"name":"Epson Moverio BT-35E Solution Pack, chytr\u00e9 br\u00fdle, ovlada\u010d BO-CH400, 0,43 palce, zorn\u00e9 pole 23 stup\u0148\u016f, OLED 60 HZ, 24 bit\u016f"}]},{"@type":"WebSite","@id":"https:\/\/alegerglobal.com\/cs\/#website","url":"https:\/\/alegerglobal.com\/cs\/","name":"ALEGER \u22c6 Augmented Reality","description":"Die besten Augmented Reality (AR) L\u00f6sungen der Welt.","publisher":{"@id":"https:\/\/alegerglobal.com\/cs\/#organization"},"potentialAction":[{"@type":"SearchAction","target":{"@type":"EntryPoint","urlTemplate":"https:\/\/alegerglobal.com\/cs\/?s={search_term_string}"},"query-input":{"@type":"PropertyValueSpecification","valueRequired":true,"valueName":"search_term_string"}}],"inLanguage":"cs"},{"@type":"Organization","@id":"https:\/\/alegerglobal.com\/cs\/#organization","name":"ALEGER \u22c6 Augmented Reality","url":"https:\/\/alegerglobal.com\/cs\/","logo":{"@type":"ImageObject","inLanguage":"cs","@id":"https:\/\/alegerglobal.com\/cs\/#\/schema\/logo\/image\/","url":"https:\/\/alegerglobal.com\/wp-content\/uploads\/2020\/12\/aleger-logo-quadrat.jpg","contentUrl":"https:\/\/alegerglobal.com\/wp-content\/uploads\/2020\/12\/aleger-logo-quadrat.jpg","width":200,"height":176,"caption":"ALEGER \u22c6 Augmented Reality"},"image":{"@id":"https:\/\/alegerglobal.com\/cs\/#\/schema\/logo\/image\/"}}]},"product_brand":"Epson","product_price_amount":"0.00","product_price_currency":"EUR","og_availability":"instock","product_availability":"instock","product_condition":"new"},"_links":{"self":[{"href":"https:\/\/alegerglobal.com\/cs\/wp-json\/wp\/v2\/product\/34972","targetHints":{"allow":["GET"]}}],"collection":[{"href":"https:\/\/alegerglobal.com\/cs\/wp-json\/wp\/v2\/product"}],"about":[{"href":"https:\/\/alegerglobal.com\/cs\/wp-json\/wp\/v2\/types\/product"}],"replies":[{"embeddable":true,"href":"https:\/\/alegerglobal.com\/cs\/wp-json\/wp\/v2\/comments?post=34972"}],"version-history":[{"count":0,"href":"https:\/\/alegerglobal.com\/cs\/wp-json\/wp\/v2\/product\/34972\/revisions"}],"wp:featuredmedia":[{"embeddable":true,"href":"https:\/\/alegerglobal.com\/cs\/wp-json\/wp\/v2\/media\/15314"}],"wp:attachment":[{"href":"https:\/\/alegerglobal.com\/cs\/wp-json\/wp\/v2\/media?parent=34972"}],"wp:term":[{"taxonomy":"product_brand","embeddable":true,"href":"https:\/\/alegerglobal.com\/cs\/wp-json\/wp\/v2\/product_brand?post=34972"},{"taxonomy":"product_cat","embeddable":true,"href":"https:\/\/alegerglobal.com\/cs\/wp-json\/wp\/v2\/product_cat?post=34972"},{"taxonomy":"product_tag","embeddable":true,"href":"https:\/\/alegerglobal.com\/cs\/wp-json\/wp\/v2\/product_tag?post=34972"}],"curies":[{"name":"wp","href":"https:\/\/api.w.org\/{rel}","templated":true}]}}