{"id":34969,"date":"2021-03-10T08:29:05","date_gmt":"2022-05-19T08:05:20","guid":{"rendered":"https:\/\/alegerglobal.com\/nezarazene\/getac-b360-pro-odolny-notebook-mil-std-810h-ip66-133-windows-10-pro\/"},"modified":"2022-05-19T09:05:20","modified_gmt":"2022-05-19T08:05:20","slug":"getac-b360-pro-2","status":"publish","type":"product","link":"https:\/\/alegerglobal.com\/cs\/shop-cs\/odolny-notebook\/getac-b360-pro-2\/","title":{"rendered":"Getac B360 Pro, odoln\u00fd notebook, MIL-STD-810H, IP66, 13,3&#8243;, Windows 10 Pro"},"content":{"rendered":"","protected":false},"excerpt":{"rendered":"<ul>\n<li aria-level=\"1\"><b>Odoln\u00fd notebook s certifikac\u00ed IP66 a ov\u011b\u0159en\u00edm podle MIL-STD-810H a MIL-STD-461G, schv\u00e1len\u00fd podle normy ANSI\/ISA-12.12.01 pro prost\u0159ed\u00ed s nebezpe\u010d\u00edm v\u00fdbuchu t\u0159\u00eddy I, divize 2.<\/b><\/li>\n<li aria-level=\"1\"><b>Plynul\u00e1 pr\u00e1ce i s n\u00e1ro\u010dn\u00fdm softwarem:<\/b><span style=\"font-weight: 400;\"> V\u00fdkonn\u00fd procesor Intel 10. generace<\/span><\/li>\n<li aria-level=\"1\"><b>Ostr\u00fd obraz i na slunci<\/b><span style=\"font-weight: 400;\">Jas 1400 nit\u016f a 13,3&#8243; displej LumiBond<\/span><\/li>\n<li aria-level=\"1\"><b>Flexibiln\u00ed ovl\u00e1d\u00e1n\u00ed<\/b>: ovl\u00e1d\u00e1n\u00ed pomoc\u00ed kl\u00e1vesnice nebo kapacitn\u00ed dotykov\u00e9 obrazovky<\/li>\n<\/ul>\n","protected":false},"featured_media":12534,"comment_status":"open","ping_status":"closed","template":"","meta":{"_acf_changed":false},"product_brand":[],"product_cat":[1555,1516],"product_tag":[],"class_list":{"0":"post-34969","1":"product","2":"type-product","3":"status-publish","4":"has-post-thumbnail","6":"product_cat-odolny-notebook","7":"product_cat-shop-cs","8":"pa_hersteller-getac-cs","10":"first","11":"instock","12":"taxable","13":"shipping-taxable","14":"purchasable","15":"product-type-simple"},"acf":[],"yoast_head":"<!-- This site is optimized with the Yoast SEO Premium plugin v20.10 (Yoast SEO v24.3) - https:\/\/yoast.com\/wordpress\/plugins\/seo\/ -->\n<title>Kupte si Getac B360 Pro zde - ALEGER \u22c6 Augmented Reality<\/title>\n<meta name=\"description\" content=\"Objevte odoln\u00fd notebook B360 Pro od spole\u010dnosti Getac zde. Pro ty, kte\u0159\u00ed pot\u0159ebuj\u00ed vysok\u00fd v\u00fdkon v n\u00e1ro\u010dn\u00e9m prost\u0159ed\u00ed.\" \/>\n<meta name=\"robots\" content=\"index, follow, max-snippet:-1, max-image-preview:large, max-video-preview:-1\" \/>\n<meta property=\"og:locale\" content=\"cs_CZ\" \/>\n<meta property=\"og:type\" content=\"article\" \/>\n<meta property=\"og:title\" content=\"Getac B360 Pro, odoln\u00fd notebook, MIL-STD-810H, IP66, 13,3&quot;, Windows 10 Pro\" \/>\n<meta property=\"og:description\" content=\"Objevte odoln\u00fd notebook B360 Pro od spole\u010dnosti Getac zde. Pro ty, kte\u0159\u00ed pot\u0159ebuj\u00ed vysok\u00fd v\u00fdkon v n\u00e1ro\u010dn\u00e9m prost\u0159ed\u00ed.\" \/>\n<meta property=\"og:url\" content=\"https:\/\/alegerglobal.com\/cs\/shop-cs\/odolny-notebook\/getac-b360-pro-2\/\" \/>\n<meta property=\"og:site_name\" content=\"ALEGER \u22c6 Augmented Reality\" \/>\n<meta property=\"og:image\" content=\"https:\/\/alegerglobal.com\/wp-content\/uploads\/2021\/01\/b360-pro-slider1.png\" \/>\n\t<meta property=\"og:image:width\" content=\"1280\" \/>\n\t<meta property=\"og:image:height\" content=\"1280\" \/>\n\t<meta property=\"og:image:type\" content=\"image\/png\" \/>\n<meta name=\"twitter:card\" content=\"summary_large_image\" \/>\n<meta name=\"twitter:label1\" content=\"Cena\" \/>\n\t<meta name=\"twitter:data1\" content=\"&euro;3.970,99\" \/>\n\t<meta name=\"twitter:label2\" content=\"Dostupnost\" \/>\n\t<meta name=\"twitter:data2\" content=\"Skladem\" \/>\n<script type=\"application\/ld+json\" class=\"yoast-schema-graph\">{\"@context\":\"https:\/\/schema.org\",\"@graph\":[{\"@type\":\"WebPage\",\"@id\":\"https:\/\/alegerglobal.com\/cs\/shop-cs\/odolny-notebook\/getac-b360-pro-2\/\",\"url\":\"https:\/\/alegerglobal.com\/cs\/shop-cs\/odolny-notebook\/getac-b360-pro-2\/\",\"name\":\"Kupte si Getac B360 Pro zde - ALEGER \u22c6 Augmented Reality\",\"isPartOf\":{\"@id\":\"https:\/\/alegerglobal.com\/cs\/#website\"},\"primaryImageOfPage\":{\"@id\":\"https:\/\/alegerglobal.com\/cs\/shop-cs\/odolny-notebook\/getac-b360-pro-2\/#primaryimage\"},\"image\":{\"@id\":\"https:\/\/alegerglobal.com\/cs\/shop-cs\/odolny-notebook\/getac-b360-pro-2\/#primaryimage\"},\"thumbnailUrl\":\"https:\/\/alegerglobal.com\/wp-content\/uploads\/2021\/01\/b360-pro-slider1.png\",\"datePublished\":\"2022-05-19T08:05:20+00:00\",\"dateModified\":\"2022-05-19T08:05:20+00:00\",\"description\":\"Objevte odoln\u00fd notebook B360 Pro od spole\u010dnosti Getac zde. Pro ty, kte\u0159\u00ed pot\u0159ebuj\u00ed vysok\u00fd v\u00fdkon v n\u00e1ro\u010dn\u00e9m prost\u0159ed\u00ed.\",\"breadcrumb\":{\"@id\":\"https:\/\/alegerglobal.com\/cs\/shop-cs\/odolny-notebook\/getac-b360-pro-2\/#breadcrumb\"},\"inLanguage\":\"cs\",\"potentialAction\":[{\"@type\":\"ReadAction\",\"target\":[\"https:\/\/alegerglobal.com\/cs\/shop-cs\/odolny-notebook\/getac-b360-pro-2\/\"]}]},{\"@type\":\"ImageObject\",\"inLanguage\":\"cs\",\"@id\":\"https:\/\/alegerglobal.com\/cs\/shop-cs\/odolny-notebook\/getac-b360-pro-2\/#primaryimage\",\"url\":\"https:\/\/alegerglobal.com\/wp-content\/uploads\/2021\/01\/b360-pro-slider1.png\",\"contentUrl\":\"https:\/\/alegerglobal.com\/wp-content\/uploads\/2021\/01\/b360-pro-slider1.png\",\"width\":1280,\"height\":1280,\"caption\":\"Getac B360 Pro\"},{\"@type\":\"BreadcrumbList\",\"@id\":\"https:\/\/alegerglobal.com\/cs\/shop-cs\/odolny-notebook\/getac-b360-pro-2\/#breadcrumb\",\"itemListElement\":[{\"@type\":\"ListItem\",\"position\":1,\"name\":\"Home\",\"item\":\"https:\/\/alegerglobal.com\/cs\/novinka-domovska-stranka\/\"},{\"@type\":\"ListItem\",\"position\":2,\"name\":\"Produkty\",\"item\":\"https:\/\/alegerglobal.com\/cs\/produkty\/\"},{\"@type\":\"ListItem\",\"position\":3,\"name\":\"Getac B360 Pro, odoln\u00fd notebook, MIL-STD-810H, IP66, 13,3&#8243;, Windows 10 Pro\"}]},{\"@type\":\"WebSite\",\"@id\":\"https:\/\/alegerglobal.com\/cs\/#website\",\"url\":\"https:\/\/alegerglobal.com\/cs\/\",\"name\":\"ALEGER \u22c6 Augmented Reality\",\"description\":\"Die besten Augmented Reality (AR) L\u00f6sungen der Welt.\",\"publisher\":{\"@id\":\"https:\/\/alegerglobal.com\/cs\/#organization\"},\"potentialAction\":[{\"@type\":\"SearchAction\",\"target\":{\"@type\":\"EntryPoint\",\"urlTemplate\":\"https:\/\/alegerglobal.com\/cs\/?s={search_term_string}\"},\"query-input\":{\"@type\":\"PropertyValueSpecification\",\"valueRequired\":true,\"valueName\":\"search_term_string\"}}],\"inLanguage\":\"cs\"},{\"@type\":\"Organization\",\"@id\":\"https:\/\/alegerglobal.com\/cs\/#organization\",\"name\":\"ALEGER \u22c6 Augmented Reality\",\"url\":\"https:\/\/alegerglobal.com\/cs\/\",\"logo\":{\"@type\":\"ImageObject\",\"inLanguage\":\"cs\",\"@id\":\"https:\/\/alegerglobal.com\/cs\/#\/schema\/logo\/image\/\",\"url\":\"https:\/\/alegerglobal.com\/wp-content\/uploads\/2020\/12\/aleger-logo-quadrat.jpg\",\"contentUrl\":\"https:\/\/alegerglobal.com\/wp-content\/uploads\/2020\/12\/aleger-logo-quadrat.jpg\",\"width\":200,\"height\":176,\"caption\":\"ALEGER \u22c6 Augmented Reality\"},\"image\":{\"@id\":\"https:\/\/alegerglobal.com\/cs\/#\/schema\/logo\/image\/\"}}]}<\/script>\n<meta property=\"product:brand\" content=\"Getac\" \/>\n<meta property=\"product:price:amount\" content=\"3970.99\" \/>\n<meta property=\"product:price:currency\" content=\"EUR\" \/>\n<meta property=\"og:availability\" content=\"instock\" \/>\n<meta property=\"product:availability\" content=\"instock\" \/>\n<meta property=\"product:condition\" content=\"new\" \/>\n<!-- \/ Yoast SEO Premium plugin. -->","yoast_head_json":{"title":"Kupte si Getac B360 Pro zde - ALEGER \u22c6 Augmented Reality","description":"Objevte odoln\u00fd notebook B360 Pro od spole\u010dnosti Getac zde. Pro ty, kte\u0159\u00ed pot\u0159ebuj\u00ed vysok\u00fd v\u00fdkon v n\u00e1ro\u010dn\u00e9m prost\u0159ed\u00ed.","robots":{"index":"index","follow":"follow","max-snippet":"max-snippet:-1","max-image-preview":"max-image-preview:large","max-video-preview":"max-video-preview:-1"},"og_locale":"cs_CZ","og_type":"article","og_title":"Getac B360 Pro, odoln\u00fd notebook, MIL-STD-810H, IP66, 13,3\", Windows 10 Pro","og_description":"Objevte odoln\u00fd notebook B360 Pro od spole\u010dnosti Getac zde. Pro ty, kte\u0159\u00ed pot\u0159ebuj\u00ed vysok\u00fd v\u00fdkon v n\u00e1ro\u010dn\u00e9m prost\u0159ed\u00ed.","og_url":"https:\/\/alegerglobal.com\/cs\/shop-cs\/odolny-notebook\/getac-b360-pro-2\/","og_site_name":"ALEGER \u22c6 Augmented Reality","og_image":[{"width":1280,"height":1280,"url":"https:\/\/alegerglobal.com\/wp-content\/uploads\/2021\/01\/b360-pro-slider1.png","type":"image\/png"}],"twitter_card":"summary_large_image","twitter_misc":{"Cena":"&euro;3.970,99","Dostupnost":"Skladem"},"schema":{"@context":"https:\/\/schema.org","@graph":[{"@type":"WebPage","@id":"https:\/\/alegerglobal.com\/cs\/shop-cs\/odolny-notebook\/getac-b360-pro-2\/","url":"https:\/\/alegerglobal.com\/cs\/shop-cs\/odolny-notebook\/getac-b360-pro-2\/","name":"Kupte si Getac B360 Pro zde - ALEGER \u22c6 Augmented Reality","isPartOf":{"@id":"https:\/\/alegerglobal.com\/cs\/#website"},"primaryImageOfPage":{"@id":"https:\/\/alegerglobal.com\/cs\/shop-cs\/odolny-notebook\/getac-b360-pro-2\/#primaryimage"},"image":{"@id":"https:\/\/alegerglobal.com\/cs\/shop-cs\/odolny-notebook\/getac-b360-pro-2\/#primaryimage"},"thumbnailUrl":"https:\/\/alegerglobal.com\/wp-content\/uploads\/2021\/01\/b360-pro-slider1.png","datePublished":"2022-05-19T08:05:20+00:00","dateModified":"2022-05-19T08:05:20+00:00","description":"Objevte odoln\u00fd notebook B360 Pro od spole\u010dnosti Getac zde. Pro ty, kte\u0159\u00ed pot\u0159ebuj\u00ed vysok\u00fd v\u00fdkon v n\u00e1ro\u010dn\u00e9m prost\u0159ed\u00ed.","breadcrumb":{"@id":"https:\/\/alegerglobal.com\/cs\/shop-cs\/odolny-notebook\/getac-b360-pro-2\/#breadcrumb"},"inLanguage":"cs","potentialAction":[{"@type":"ReadAction","target":["https:\/\/alegerglobal.com\/cs\/shop-cs\/odolny-notebook\/getac-b360-pro-2\/"]}]},{"@type":"ImageObject","inLanguage":"cs","@id":"https:\/\/alegerglobal.com\/cs\/shop-cs\/odolny-notebook\/getac-b360-pro-2\/#primaryimage","url":"https:\/\/alegerglobal.com\/wp-content\/uploads\/2021\/01\/b360-pro-slider1.png","contentUrl":"https:\/\/alegerglobal.com\/wp-content\/uploads\/2021\/01\/b360-pro-slider1.png","width":1280,"height":1280,"caption":"Getac B360 Pro"},{"@type":"BreadcrumbList","@id":"https:\/\/alegerglobal.com\/cs\/shop-cs\/odolny-notebook\/getac-b360-pro-2\/#breadcrumb","itemListElement":[{"@type":"ListItem","position":1,"name":"Home","item":"https:\/\/alegerglobal.com\/cs\/novinka-domovska-stranka\/"},{"@type":"ListItem","position":2,"name":"Produkty","item":"https:\/\/alegerglobal.com\/cs\/produkty\/"},{"@type":"ListItem","position":3,"name":"Getac B360 Pro, odoln\u00fd notebook, MIL-STD-810H, IP66, 13,3&#8243;, Windows 10 Pro"}]},{"@type":"WebSite","@id":"https:\/\/alegerglobal.com\/cs\/#website","url":"https:\/\/alegerglobal.com\/cs\/","name":"ALEGER \u22c6 Augmented Reality","description":"Die besten Augmented Reality (AR) L\u00f6sungen der Welt.","publisher":{"@id":"https:\/\/alegerglobal.com\/cs\/#organization"},"potentialAction":[{"@type":"SearchAction","target":{"@type":"EntryPoint","urlTemplate":"https:\/\/alegerglobal.com\/cs\/?s={search_term_string}"},"query-input":{"@type":"PropertyValueSpecification","valueRequired":true,"valueName":"search_term_string"}}],"inLanguage":"cs"},{"@type":"Organization","@id":"https:\/\/alegerglobal.com\/cs\/#organization","name":"ALEGER \u22c6 Augmented Reality","url":"https:\/\/alegerglobal.com\/cs\/","logo":{"@type":"ImageObject","inLanguage":"cs","@id":"https:\/\/alegerglobal.com\/cs\/#\/schema\/logo\/image\/","url":"https:\/\/alegerglobal.com\/wp-content\/uploads\/2020\/12\/aleger-logo-quadrat.jpg","contentUrl":"https:\/\/alegerglobal.com\/wp-content\/uploads\/2020\/12\/aleger-logo-quadrat.jpg","width":200,"height":176,"caption":"ALEGER \u22c6 Augmented Reality"},"image":{"@id":"https:\/\/alegerglobal.com\/cs\/#\/schema\/logo\/image\/"}}]},"product_brand":"Getac","product_price_amount":"3970.99","product_price_currency":"EUR","og_availability":"instock","product_availability":"instock","product_condition":"new"},"_links":{"self":[{"href":"https:\/\/alegerglobal.com\/cs\/wp-json\/wp\/v2\/product\/34969","targetHints":{"allow":["GET"]}}],"collection":[{"href":"https:\/\/alegerglobal.com\/cs\/wp-json\/wp\/v2\/product"}],"about":[{"href":"https:\/\/alegerglobal.com\/cs\/wp-json\/wp\/v2\/types\/product"}],"replies":[{"embeddable":true,"href":"https:\/\/alegerglobal.com\/cs\/wp-json\/wp\/v2\/comments?post=34969"}],"version-history":[{"count":0,"href":"https:\/\/alegerglobal.com\/cs\/wp-json\/wp\/v2\/product\/34969\/revisions"}],"wp:featuredmedia":[{"embeddable":true,"href":"https:\/\/alegerglobal.com\/cs\/wp-json\/wp\/v2\/media\/12534"}],"wp:attachment":[{"href":"https:\/\/alegerglobal.com\/cs\/wp-json\/wp\/v2\/media?parent=34969"}],"wp:term":[{"taxonomy":"product_brand","embeddable":true,"href":"https:\/\/alegerglobal.com\/cs\/wp-json\/wp\/v2\/product_brand?post=34969"},{"taxonomy":"product_cat","embeddable":true,"href":"https:\/\/alegerglobal.com\/cs\/wp-json\/wp\/v2\/product_cat?post=34969"},{"taxonomy":"product_tag","embeddable":true,"href":"https:\/\/alegerglobal.com\/cs\/wp-json\/wp\/v2\/product_tag?post=34969"}],"curies":[{"name":"wp","href":"https:\/\/api.w.org\/{rel}","templated":true}]}}