{"id":34968,"date":"2021-03-10T09:01:47","date_gmt":"2022-05-19T08:05:20","guid":{"rendered":"https:\/\/alegerglobal.com\/nezarazene\/panasonic-toughpad-fz-m1-odolny-tablet-mil-std-810-g-7-ip65-windows-10\/"},"modified":"2022-05-19T09:05:20","modified_gmt":"2022-05-19T08:05:20","slug":"panasonic-toughpad-fz-m1-2","status":"publish","type":"product","link":"https:\/\/alegerglobal.com\/cs\/shop-cs\/odolny-tablet\/panasonic-toughpad-fz-m1-2\/","title":{"rendered":"Panasonic Toughpad FZ-M1, odoln\u00fd tablet, MIL-STD 810 G, 7&#8243; IP65, Windows 10"},"content":{"rendered":"","protected":false},"excerpt":{"rendered":"<ul>\n<li style=\"font-weight: 400;\"><b>Pln\u011b odoln\u00fd odoln\u00fd tablet testovan\u00fd podle MIL-STD 810G a s certifikac\u00ed IP65<\/b><\/li>\n<li style=\"font-weight: 400;\"><b>Rychl\u00fd hardware<\/b><span style=\"font-weight: 400;\">Procesor i5 a 4 GB RAM<\/span><\/li>\n<li style=\"font-weight: 400;\"><b>modern\u00ed opera\u010dn\u00ed syst\u00e9m<\/b><span style=\"font-weight: 400;\">Windows 10 Pro <\/span> <\/li>\n<li style=\"font-weight: 400;\"><b>Velk\u00e1 a rychl\u00e1 pam\u011b\u0165<\/b><span style=\"font-weight: 400;\">128 GB SSD <\/span> <\/li>\n<li style=\"font-weight: 400;\"><b>ostr\u00e9 fotografie: <\/b><span style=\"font-weight: 400;\">2 MP a 8 MP fotoapar\u00e1t<\/span><\/li>\n<li style=\"font-weight: 400;\"><b>Jasn\u00e9 zobrazen\u00ed i na slunci:<\/b><span style=\"font-weight: 400;\"> 7palcov\u00fd displej s jasem 700 cd\/m\u00b2<\/span><\/li>\n<li style=\"font-weight: 400;\"><b>Neru\u0161en\u00e1 pr\u00e1ce bez nutnosti dob\u00edjen\u00ed<\/b>: 3200 mAh velk\u00e1 baterie nab\u00edz\u00ed v\u00fddr\u017e 8 hodin.<\/li>\n<\/ul>\n","protected":false},"featured_media":13355,"comment_status":"open","ping_status":"closed","template":"","meta":{"_acf_changed":false},"product_brand":[],"product_cat":[1526,1516],"product_tag":[],"class_list":{"0":"post-34968","1":"product","2":"type-product","3":"status-publish","4":"has-post-thumbnail","6":"product_cat-odolny-tablet","7":"product_cat-shop-cs","8":"pa_hersteller-panasonic-cs","10":"first","11":"instock","12":"taxable","13":"shipping-taxable","14":"purchasable","15":"product-type-simple"},"acf":[],"yoast_head":"<!-- This site is optimized with the Yoast SEO Premium plugin v20.10 (Yoast SEO v24.3) - https:\/\/yoast.com\/wordpress\/plugins\/seo\/ -->\n<title>Panasonic Toughpad FZ-M1 - ALEGER \u22c6 Augmented Reality<\/title>\n<meta name=\"description\" content=\"Zde je ultrakompaktn\u00ed odoln\u00fd tablet pro ter\u00e9nn\u00ed slu\u017eby v n\u00e1ro\u010dn\u00fdch podm\u00ednk\u00e1ch! V\u00fdkonn\u00e1 baterie a flexibiln\u00ed p\u0159ipojen\u00ed!\" \/>\n<meta name=\"robots\" content=\"index, follow, max-snippet:-1, max-image-preview:large, max-video-preview:-1\" \/>\n<meta property=\"og:locale\" content=\"cs_CZ\" \/>\n<meta property=\"og:type\" content=\"article\" \/>\n<meta property=\"og:title\" content=\"Panasonic Toughpad FZ-M1, odoln\u00fd tablet, MIL-STD 810 G, 7&quot; IP65, Windows 10\" \/>\n<meta property=\"og:description\" content=\"Zde je ultrakompaktn\u00ed odoln\u00fd tablet pro ter\u00e9nn\u00ed slu\u017eby v n\u00e1ro\u010dn\u00fdch podm\u00ednk\u00e1ch! V\u00fdkonn\u00e1 baterie a flexibiln\u00ed p\u0159ipojen\u00ed!\" \/>\n<meta property=\"og:url\" content=\"https:\/\/alegerglobal.com\/cs\/shop-cs\/odolny-tablet\/panasonic-toughpad-fz-m1-2\/\" \/>\n<meta property=\"og:site_name\" content=\"ALEGER \u22c6 Augmented Reality\" \/>\n<meta property=\"og:image\" content=\"https:\/\/alegerglobal.com\/wp-content\/uploads\/2021\/03\/Unbenannt-32.jpg\" \/>\n\t<meta property=\"og:image:width\" content=\"800\" \/>\n\t<meta property=\"og:image:height\" content=\"800\" \/>\n\t<meta property=\"og:image:type\" content=\"image\/jpeg\" \/>\n<meta name=\"twitter:card\" content=\"summary_large_image\" \/>\n<meta name=\"twitter:label1\" content=\"Cena\" \/>\n\t<meta name=\"twitter:data1\" content=\"&euro;3.912,99\" \/>\n\t<meta name=\"twitter:label2\" content=\"Dostupnost\" \/>\n\t<meta name=\"twitter:data2\" content=\"Skladem\" \/>\n<script type=\"application\/ld+json\" class=\"yoast-schema-graph\">{\"@context\":\"https:\/\/schema.org\",\"@graph\":[{\"@type\":\"WebPage\",\"@id\":\"https:\/\/alegerglobal.com\/cs\/shop-cs\/odolny-tablet\/panasonic-toughpad-fz-m1-2\/\",\"url\":\"https:\/\/alegerglobal.com\/cs\/shop-cs\/odolny-tablet\/panasonic-toughpad-fz-m1-2\/\",\"name\":\"Panasonic Toughpad FZ-M1 - ALEGER \u22c6 Augmented Reality\",\"isPartOf\":{\"@id\":\"https:\/\/alegerglobal.com\/cs\/#website\"},\"primaryImageOfPage\":{\"@id\":\"https:\/\/alegerglobal.com\/cs\/shop-cs\/odolny-tablet\/panasonic-toughpad-fz-m1-2\/#primaryimage\"},\"image\":{\"@id\":\"https:\/\/alegerglobal.com\/cs\/shop-cs\/odolny-tablet\/panasonic-toughpad-fz-m1-2\/#primaryimage\"},\"thumbnailUrl\":\"https:\/\/alegerglobal.com\/wp-content\/uploads\/2021\/03\/Unbenannt-32.jpg\",\"datePublished\":\"2022-05-19T08:05:20+00:00\",\"dateModified\":\"2022-05-19T08:05:20+00:00\",\"description\":\"Zde je ultrakompaktn\u00ed odoln\u00fd tablet pro ter\u00e9nn\u00ed slu\u017eby v n\u00e1ro\u010dn\u00fdch podm\u00ednk\u00e1ch! V\u00fdkonn\u00e1 baterie a flexibiln\u00ed p\u0159ipojen\u00ed!\",\"breadcrumb\":{\"@id\":\"https:\/\/alegerglobal.com\/cs\/shop-cs\/odolny-tablet\/panasonic-toughpad-fz-m1-2\/#breadcrumb\"},\"inLanguage\":\"cs\",\"potentialAction\":[{\"@type\":\"ReadAction\",\"target\":[\"https:\/\/alegerglobal.com\/cs\/shop-cs\/odolny-tablet\/panasonic-toughpad-fz-m1-2\/\"]}]},{\"@type\":\"ImageObject\",\"inLanguage\":\"cs\",\"@id\":\"https:\/\/alegerglobal.com\/cs\/shop-cs\/odolny-tablet\/panasonic-toughpad-fz-m1-2\/#primaryimage\",\"url\":\"https:\/\/alegerglobal.com\/wp-content\/uploads\/2021\/03\/Unbenannt-32.jpg\",\"contentUrl\":\"https:\/\/alegerglobal.com\/wp-content\/uploads\/2021\/03\/Unbenannt-32.jpg\",\"width\":800,\"height\":800},{\"@type\":\"BreadcrumbList\",\"@id\":\"https:\/\/alegerglobal.com\/cs\/shop-cs\/odolny-tablet\/panasonic-toughpad-fz-m1-2\/#breadcrumb\",\"itemListElement\":[{\"@type\":\"ListItem\",\"position\":1,\"name\":\"Home\",\"item\":\"https:\/\/alegerglobal.com\/cs\/novinka-domovska-stranka\/\"},{\"@type\":\"ListItem\",\"position\":2,\"name\":\"Produkty\",\"item\":\"https:\/\/alegerglobal.com\/cs\/produkty\/\"},{\"@type\":\"ListItem\",\"position\":3,\"name\":\"Panasonic Toughpad FZ-M1, odoln\u00fd tablet, MIL-STD 810 G, 7&#8243; IP65, Windows 10\"}]},{\"@type\":\"WebSite\",\"@id\":\"https:\/\/alegerglobal.com\/cs\/#website\",\"url\":\"https:\/\/alegerglobal.com\/cs\/\",\"name\":\"ALEGER \u22c6 Augmented Reality\",\"description\":\"Die besten Augmented Reality (AR) L\u00f6sungen der Welt.\",\"publisher\":{\"@id\":\"https:\/\/alegerglobal.com\/cs\/#organization\"},\"potentialAction\":[{\"@type\":\"SearchAction\",\"target\":{\"@type\":\"EntryPoint\",\"urlTemplate\":\"https:\/\/alegerglobal.com\/cs\/?s={search_term_string}\"},\"query-input\":{\"@type\":\"PropertyValueSpecification\",\"valueRequired\":true,\"valueName\":\"search_term_string\"}}],\"inLanguage\":\"cs\"},{\"@type\":\"Organization\",\"@id\":\"https:\/\/alegerglobal.com\/cs\/#organization\",\"name\":\"ALEGER \u22c6 Augmented Reality\",\"url\":\"https:\/\/alegerglobal.com\/cs\/\",\"logo\":{\"@type\":\"ImageObject\",\"inLanguage\":\"cs\",\"@id\":\"https:\/\/alegerglobal.com\/cs\/#\/schema\/logo\/image\/\",\"url\":\"https:\/\/alegerglobal.com\/wp-content\/uploads\/2020\/12\/aleger-logo-quadrat.jpg\",\"contentUrl\":\"https:\/\/alegerglobal.com\/wp-content\/uploads\/2020\/12\/aleger-logo-quadrat.jpg\",\"width\":200,\"height\":176,\"caption\":\"ALEGER \u22c6 Augmented Reality\"},\"image\":{\"@id\":\"https:\/\/alegerglobal.com\/cs\/#\/schema\/logo\/image\/\"}}]}<\/script>\n<meta property=\"product:brand\" content=\"Panasonic\" \/>\n<meta property=\"product:price:amount\" content=\"3912.99\" \/>\n<meta property=\"product:price:currency\" content=\"EUR\" \/>\n<meta property=\"og:availability\" content=\"instock\" \/>\n<meta property=\"product:availability\" content=\"instock\" \/>\n<meta property=\"product:condition\" content=\"new\" \/>\n<!-- \/ Yoast SEO Premium plugin. -->","yoast_head_json":{"title":"Panasonic Toughpad FZ-M1 - ALEGER \u22c6 Augmented Reality","description":"Zde je ultrakompaktn\u00ed odoln\u00fd tablet pro ter\u00e9nn\u00ed slu\u017eby v n\u00e1ro\u010dn\u00fdch podm\u00ednk\u00e1ch! V\u00fdkonn\u00e1 baterie a flexibiln\u00ed p\u0159ipojen\u00ed!","robots":{"index":"index","follow":"follow","max-snippet":"max-snippet:-1","max-image-preview":"max-image-preview:large","max-video-preview":"max-video-preview:-1"},"og_locale":"cs_CZ","og_type":"article","og_title":"Panasonic Toughpad FZ-M1, odoln\u00fd tablet, MIL-STD 810 G, 7\" IP65, Windows 10","og_description":"Zde je ultrakompaktn\u00ed odoln\u00fd tablet pro ter\u00e9nn\u00ed slu\u017eby v n\u00e1ro\u010dn\u00fdch podm\u00ednk\u00e1ch! V\u00fdkonn\u00e1 baterie a flexibiln\u00ed p\u0159ipojen\u00ed!","og_url":"https:\/\/alegerglobal.com\/cs\/shop-cs\/odolny-tablet\/panasonic-toughpad-fz-m1-2\/","og_site_name":"ALEGER \u22c6 Augmented Reality","og_image":[{"width":800,"height":800,"url":"https:\/\/alegerglobal.com\/wp-content\/uploads\/2021\/03\/Unbenannt-32.jpg","type":"image\/jpeg"}],"twitter_card":"summary_large_image","twitter_misc":{"Cena":"&euro;3.912,99","Dostupnost":"Skladem"},"schema":{"@context":"https:\/\/schema.org","@graph":[{"@type":"WebPage","@id":"https:\/\/alegerglobal.com\/cs\/shop-cs\/odolny-tablet\/panasonic-toughpad-fz-m1-2\/","url":"https:\/\/alegerglobal.com\/cs\/shop-cs\/odolny-tablet\/panasonic-toughpad-fz-m1-2\/","name":"Panasonic Toughpad FZ-M1 - ALEGER \u22c6 Augmented Reality","isPartOf":{"@id":"https:\/\/alegerglobal.com\/cs\/#website"},"primaryImageOfPage":{"@id":"https:\/\/alegerglobal.com\/cs\/shop-cs\/odolny-tablet\/panasonic-toughpad-fz-m1-2\/#primaryimage"},"image":{"@id":"https:\/\/alegerglobal.com\/cs\/shop-cs\/odolny-tablet\/panasonic-toughpad-fz-m1-2\/#primaryimage"},"thumbnailUrl":"https:\/\/alegerglobal.com\/wp-content\/uploads\/2021\/03\/Unbenannt-32.jpg","datePublished":"2022-05-19T08:05:20+00:00","dateModified":"2022-05-19T08:05:20+00:00","description":"Zde je ultrakompaktn\u00ed odoln\u00fd tablet pro ter\u00e9nn\u00ed slu\u017eby v n\u00e1ro\u010dn\u00fdch podm\u00ednk\u00e1ch! V\u00fdkonn\u00e1 baterie a flexibiln\u00ed p\u0159ipojen\u00ed!","breadcrumb":{"@id":"https:\/\/alegerglobal.com\/cs\/shop-cs\/odolny-tablet\/panasonic-toughpad-fz-m1-2\/#breadcrumb"},"inLanguage":"cs","potentialAction":[{"@type":"ReadAction","target":["https:\/\/alegerglobal.com\/cs\/shop-cs\/odolny-tablet\/panasonic-toughpad-fz-m1-2\/"]}]},{"@type":"ImageObject","inLanguage":"cs","@id":"https:\/\/alegerglobal.com\/cs\/shop-cs\/odolny-tablet\/panasonic-toughpad-fz-m1-2\/#primaryimage","url":"https:\/\/alegerglobal.com\/wp-content\/uploads\/2021\/03\/Unbenannt-32.jpg","contentUrl":"https:\/\/alegerglobal.com\/wp-content\/uploads\/2021\/03\/Unbenannt-32.jpg","width":800,"height":800},{"@type":"BreadcrumbList","@id":"https:\/\/alegerglobal.com\/cs\/shop-cs\/odolny-tablet\/panasonic-toughpad-fz-m1-2\/#breadcrumb","itemListElement":[{"@type":"ListItem","position":1,"name":"Home","item":"https:\/\/alegerglobal.com\/cs\/novinka-domovska-stranka\/"},{"@type":"ListItem","position":2,"name":"Produkty","item":"https:\/\/alegerglobal.com\/cs\/produkty\/"},{"@type":"ListItem","position":3,"name":"Panasonic Toughpad FZ-M1, odoln\u00fd tablet, MIL-STD 810 G, 7&#8243; IP65, Windows 10"}]},{"@type":"WebSite","@id":"https:\/\/alegerglobal.com\/cs\/#website","url":"https:\/\/alegerglobal.com\/cs\/","name":"ALEGER \u22c6 Augmented Reality","description":"Die besten Augmented Reality (AR) L\u00f6sungen der Welt.","publisher":{"@id":"https:\/\/alegerglobal.com\/cs\/#organization"},"potentialAction":[{"@type":"SearchAction","target":{"@type":"EntryPoint","urlTemplate":"https:\/\/alegerglobal.com\/cs\/?s={search_term_string}"},"query-input":{"@type":"PropertyValueSpecification","valueRequired":true,"valueName":"search_term_string"}}],"inLanguage":"cs"},{"@type":"Organization","@id":"https:\/\/alegerglobal.com\/cs\/#organization","name":"ALEGER \u22c6 Augmented Reality","url":"https:\/\/alegerglobal.com\/cs\/","logo":{"@type":"ImageObject","inLanguage":"cs","@id":"https:\/\/alegerglobal.com\/cs\/#\/schema\/logo\/image\/","url":"https:\/\/alegerglobal.com\/wp-content\/uploads\/2020\/12\/aleger-logo-quadrat.jpg","contentUrl":"https:\/\/alegerglobal.com\/wp-content\/uploads\/2020\/12\/aleger-logo-quadrat.jpg","width":200,"height":176,"caption":"ALEGER \u22c6 Augmented Reality"},"image":{"@id":"https:\/\/alegerglobal.com\/cs\/#\/schema\/logo\/image\/"}}]},"product_brand":"Panasonic","product_price_amount":"3912.99","product_price_currency":"EUR","og_availability":"instock","product_availability":"instock","product_condition":"new"},"_links":{"self":[{"href":"https:\/\/alegerglobal.com\/cs\/wp-json\/wp\/v2\/product\/34968","targetHints":{"allow":["GET"]}}],"collection":[{"href":"https:\/\/alegerglobal.com\/cs\/wp-json\/wp\/v2\/product"}],"about":[{"href":"https:\/\/alegerglobal.com\/cs\/wp-json\/wp\/v2\/types\/product"}],"replies":[{"embeddable":true,"href":"https:\/\/alegerglobal.com\/cs\/wp-json\/wp\/v2\/comments?post=34968"}],"version-history":[{"count":0,"href":"https:\/\/alegerglobal.com\/cs\/wp-json\/wp\/v2\/product\/34968\/revisions"}],"wp:featuredmedia":[{"embeddable":true,"href":"https:\/\/alegerglobal.com\/cs\/wp-json\/wp\/v2\/media\/13355"}],"wp:attachment":[{"href":"https:\/\/alegerglobal.com\/cs\/wp-json\/wp\/v2\/media?parent=34968"}],"wp:term":[{"taxonomy":"product_brand","embeddable":true,"href":"https:\/\/alegerglobal.com\/cs\/wp-json\/wp\/v2\/product_brand?post=34968"},{"taxonomy":"product_cat","embeddable":true,"href":"https:\/\/alegerglobal.com\/cs\/wp-json\/wp\/v2\/product_cat?post=34968"},{"taxonomy":"product_tag","embeddable":true,"href":"https:\/\/alegerglobal.com\/cs\/wp-json\/wp\/v2\/product_tag?post=34968"}],"curies":[{"name":"wp","href":"https:\/\/api.w.org\/{rel}","templated":true}]}}