{"id":34967,"date":"2021-03-12T02:59:16","date_gmt":"2022-05-19T08:05:20","guid":{"rendered":"https:\/\/alegerglobal.com\/nezarazene\/epson-moverio-bt-40s-chytre-bryle-ovladac-295-4-gb-ram-64-gb-uloziste-android-9\/"},"modified":"2022-05-19T09:05:20","modified_gmt":"2022-05-19T08:05:20","slug":"epson-moverio-bt40s-2","status":"publish","type":"product","link":"https:\/\/alegerglobal.com\/cs\/shop-cs\/epson-moverio-bt40s-2\/","title":{"rendered":"Epson Moverio BT-40S, chytr\u00e9 br\u00fdle + ovlada\u010d, 2,95&#8243;, 4 GB RAM, 64 GB \u00falo\u017ei\u0161t\u011b, Android 9"},"content":{"rendered":"","protected":false},"excerpt":{"rendered":"<ul>\n<li><b>Chytr\u00e9 br\u00fdle a ovlada\u010d:<\/b><span style=\"font-weight: 400;\"> Epson Moverio BT-40S propojuje chytr\u00e9 br\u00fdle BT40 s ovlada\u010dem BO-IC400<\/span><\/li>\n<li><b>3D funkce: <\/b><span style=\"font-weight: 400;\">Zobrazen\u00ed objekt\u016f ve 2D a 3D<\/span><\/li>\n<li><b>Dvoud\u00edln\u00e1 obrazovka:<\/b><span style=\"font-weight: 400;\"> Vyhrazen\u00e1 oblast obrazovky pro zobrazen\u00ed dal\u0161\u00edch informac\u00ed<\/span><\/li>\n<li><b>V\u00fdkonn\u00fd hardware: <\/b><span style=\"font-weight: 400;\">Rychl\u00fd procesor Snapdragon XR1 + 4 GB RAM<\/span><\/li>\n<li><b>Flexibiln\u00ed ovl\u00e1d\u00e1n\u00ed:<\/b><span style=\"font-weight: 400;\"> Ovl\u00e1d\u00e1n\u00ed jednou rukou pomoc\u00ed ovlada\u010de nebo ovl\u00e1d\u00e1n\u00ed hlasem<\/span><\/li>\n<\/ul>\n","protected":false},"featured_media":13549,"comment_status":"open","ping_status":"closed","template":"","meta":{"_acf_changed":false},"product_brand":[],"product_cat":[1515,1516],"product_tag":[],"class_list":{"0":"post-34967","1":"product","2":"type-product","3":"status-publish","4":"has-post-thumbnail","6":"product_cat-chytre-bryle","7":"product_cat-shop-cs","8":"pa_hersteller-epson-cs","10":"first","11":"instock","12":"taxable","13":"shipping-taxable","14":"product-type-simple"},"acf":[],"yoast_head":"<!-- This site is optimized with the Yoast SEO Premium plugin v20.10 (Yoast SEO v24.3) - https:\/\/yoast.com\/wordpress\/plugins\/seo\/ -->\n<title>Koupit Epson Moverio BT-40S (2022) - ALEGER \u22c6 Augmented Reality<\/title>\n<meta name=\"description\" content=\"V modelu Moverio BT-40S spole\u010dnost Epson kombinuje vysoce v\u00fdkonn\u00e9 chytr\u00e9 br\u00fdle s ovlada\u010dem BO-IC400 a vytv\u00e1\u0159\u00ed tak kompletn\u00ed \u0159e\u0161en\u00ed.\" \/>\n<meta name=\"robots\" content=\"index, follow, max-snippet:-1, max-image-preview:large, max-video-preview:-1\" \/>\n<meta property=\"og:locale\" content=\"cs_CZ\" \/>\n<meta property=\"og:type\" content=\"article\" \/>\n<meta property=\"og:title\" content=\"Epson Moverio BT-40S, chytr\u00e9 br\u00fdle + ovlada\u010d, 2,95&quot;, 4 GB RAM, 64 GB \u00falo\u017ei\u0161t\u011b, Android 9\" \/>\n<meta property=\"og:description\" content=\"V modelu Moverio BT-40S spole\u010dnost Epson kombinuje vysoce v\u00fdkonn\u00e9 chytr\u00e9 br\u00fdle s ovlada\u010dem BO-IC400 a vytv\u00e1\u0159\u00ed tak kompletn\u00ed \u0159e\u0161en\u00ed.\" \/>\n<meta property=\"og:url\" content=\"https:\/\/alegerglobal.com\/cs\/shop-cs\/epson-moverio-bt40s-2\/\" \/>\n<meta property=\"og:site_name\" content=\"ALEGER \u22c6 Augmented Reality\" \/>\n<meta property=\"og:image\" content=\"https:\/\/alegerglobal.com\/wp-content\/uploads\/2021\/03\/Unbenannt-95.jpg\" \/>\n\t<meta property=\"og:image:width\" content=\"800\" \/>\n\t<meta property=\"og:image:height\" content=\"800\" \/>\n\t<meta property=\"og:image:type\" content=\"image\/jpeg\" \/>\n<meta name=\"twitter:card\" content=\"summary_large_image\" \/>\n<meta name=\"twitter:label1\" content=\"Cena\" \/>\n\t<meta name=\"twitter:data1\" content=\"\" \/>\n\t<meta name=\"twitter:label2\" content=\"Dostupnost\" \/>\n\t<meta name=\"twitter:data2\" content=\"Skladem\" \/>\n<script type=\"application\/ld+json\" class=\"yoast-schema-graph\">{\"@context\":\"https:\/\/schema.org\",\"@graph\":[{\"@type\":\"WebPage\",\"@id\":\"https:\/\/alegerglobal.com\/cs\/shop-cs\/epson-moverio-bt40s-2\/\",\"url\":\"https:\/\/alegerglobal.com\/cs\/shop-cs\/epson-moverio-bt40s-2\/\",\"name\":\"Koupit Epson Moverio BT-40S (2022) - ALEGER \u22c6 Augmented Reality\",\"isPartOf\":{\"@id\":\"https:\/\/alegerglobal.com\/cs\/#website\"},\"primaryImageOfPage\":{\"@id\":\"https:\/\/alegerglobal.com\/cs\/shop-cs\/epson-moverio-bt40s-2\/#primaryimage\"},\"image\":{\"@id\":\"https:\/\/alegerglobal.com\/cs\/shop-cs\/epson-moverio-bt40s-2\/#primaryimage\"},\"thumbnailUrl\":\"https:\/\/alegerglobal.com\/wp-content\/uploads\/2021\/03\/Unbenannt-95.jpg\",\"datePublished\":\"2022-05-19T08:05:20+00:00\",\"dateModified\":\"2022-05-19T08:05:20+00:00\",\"description\":\"V modelu Moverio BT-40S spole\u010dnost Epson kombinuje vysoce v\u00fdkonn\u00e9 chytr\u00e9 br\u00fdle s ovlada\u010dem BO-IC400 a vytv\u00e1\u0159\u00ed tak kompletn\u00ed \u0159e\u0161en\u00ed.\",\"breadcrumb\":{\"@id\":\"https:\/\/alegerglobal.com\/cs\/shop-cs\/epson-moverio-bt40s-2\/#breadcrumb\"},\"inLanguage\":\"cs\",\"potentialAction\":[{\"@type\":\"ReadAction\",\"target\":[\"https:\/\/alegerglobal.com\/cs\/shop-cs\/epson-moverio-bt40s-2\/\"]}]},{\"@type\":\"ImageObject\",\"inLanguage\":\"cs\",\"@id\":\"https:\/\/alegerglobal.com\/cs\/shop-cs\/epson-moverio-bt40s-2\/#primaryimage\",\"url\":\"https:\/\/alegerglobal.com\/wp-content\/uploads\/2021\/03\/Unbenannt-95.jpg\",\"contentUrl\":\"https:\/\/alegerglobal.com\/wp-content\/uploads\/2021\/03\/Unbenannt-95.jpg\",\"width\":800,\"height\":800},{\"@type\":\"BreadcrumbList\",\"@id\":\"https:\/\/alegerglobal.com\/cs\/shop-cs\/epson-moverio-bt40s-2\/#breadcrumb\",\"itemListElement\":[{\"@type\":\"ListItem\",\"position\":1,\"name\":\"Home\",\"item\":\"https:\/\/alegerglobal.com\/cs\/novinka-domovska-stranka\/\"},{\"@type\":\"ListItem\",\"position\":2,\"name\":\"Produkty\",\"item\":\"https:\/\/alegerglobal.com\/cs\/produkty\/\"},{\"@type\":\"ListItem\",\"position\":3,\"name\":\"Epson Moverio BT-40S, chytr\u00e9 br\u00fdle + ovlada\u010d, 2,95&#8243;, 4 GB RAM, 64 GB \u00falo\u017ei\u0161t\u011b, Android 9\"}]},{\"@type\":\"WebSite\",\"@id\":\"https:\/\/alegerglobal.com\/cs\/#website\",\"url\":\"https:\/\/alegerglobal.com\/cs\/\",\"name\":\"ALEGER \u22c6 Augmented Reality\",\"description\":\"Die besten Augmented Reality (AR) L\u00f6sungen der Welt.\",\"publisher\":{\"@id\":\"https:\/\/alegerglobal.com\/cs\/#organization\"},\"potentialAction\":[{\"@type\":\"SearchAction\",\"target\":{\"@type\":\"EntryPoint\",\"urlTemplate\":\"https:\/\/alegerglobal.com\/cs\/?s={search_term_string}\"},\"query-input\":{\"@type\":\"PropertyValueSpecification\",\"valueRequired\":true,\"valueName\":\"search_term_string\"}}],\"inLanguage\":\"cs\"},{\"@type\":\"Organization\",\"@id\":\"https:\/\/alegerglobal.com\/cs\/#organization\",\"name\":\"ALEGER \u22c6 Augmented Reality\",\"url\":\"https:\/\/alegerglobal.com\/cs\/\",\"logo\":{\"@type\":\"ImageObject\",\"inLanguage\":\"cs\",\"@id\":\"https:\/\/alegerglobal.com\/cs\/#\/schema\/logo\/image\/\",\"url\":\"https:\/\/alegerglobal.com\/wp-content\/uploads\/2020\/12\/aleger-logo-quadrat.jpg\",\"contentUrl\":\"https:\/\/alegerglobal.com\/wp-content\/uploads\/2020\/12\/aleger-logo-quadrat.jpg\",\"width\":200,\"height\":176,\"caption\":\"ALEGER \u22c6 Augmented Reality\"},\"image\":{\"@id\":\"https:\/\/alegerglobal.com\/cs\/#\/schema\/logo\/image\/\"}}]}<\/script>\n<meta property=\"product:brand\" content=\"Epson\" \/>\n<meta property=\"product:price:amount\" content=\"0.00\" \/>\n<meta property=\"product:price:currency\" content=\"EUR\" \/>\n<meta property=\"og:availability\" content=\"instock\" \/>\n<meta property=\"product:availability\" content=\"instock\" \/>\n<meta property=\"product:condition\" content=\"new\" \/>\n<!-- \/ Yoast SEO Premium plugin. -->","yoast_head_json":{"title":"Koupit Epson Moverio BT-40S (2022) - ALEGER \u22c6 Augmented Reality","description":"V modelu Moverio BT-40S spole\u010dnost Epson kombinuje vysoce v\u00fdkonn\u00e9 chytr\u00e9 br\u00fdle s ovlada\u010dem BO-IC400 a vytv\u00e1\u0159\u00ed tak kompletn\u00ed \u0159e\u0161en\u00ed.","robots":{"index":"index","follow":"follow","max-snippet":"max-snippet:-1","max-image-preview":"max-image-preview:large","max-video-preview":"max-video-preview:-1"},"og_locale":"cs_CZ","og_type":"article","og_title":"Epson Moverio BT-40S, chytr\u00e9 br\u00fdle + ovlada\u010d, 2,95\", 4 GB RAM, 64 GB \u00falo\u017ei\u0161t\u011b, Android 9","og_description":"V modelu Moverio BT-40S spole\u010dnost Epson kombinuje vysoce v\u00fdkonn\u00e9 chytr\u00e9 br\u00fdle s ovlada\u010dem BO-IC400 a vytv\u00e1\u0159\u00ed tak kompletn\u00ed \u0159e\u0161en\u00ed.","og_url":"https:\/\/alegerglobal.com\/cs\/shop-cs\/epson-moverio-bt40s-2\/","og_site_name":"ALEGER \u22c6 Augmented Reality","og_image":[{"width":800,"height":800,"url":"https:\/\/alegerglobal.com\/wp-content\/uploads\/2021\/03\/Unbenannt-95.jpg","type":"image\/jpeg"}],"twitter_card":"summary_large_image","twitter_misc":{"Cena":"","Dostupnost":"Skladem"},"schema":{"@context":"https:\/\/schema.org","@graph":[{"@type":"WebPage","@id":"https:\/\/alegerglobal.com\/cs\/shop-cs\/epson-moverio-bt40s-2\/","url":"https:\/\/alegerglobal.com\/cs\/shop-cs\/epson-moverio-bt40s-2\/","name":"Koupit Epson Moverio BT-40S (2022) - ALEGER \u22c6 Augmented Reality","isPartOf":{"@id":"https:\/\/alegerglobal.com\/cs\/#website"},"primaryImageOfPage":{"@id":"https:\/\/alegerglobal.com\/cs\/shop-cs\/epson-moverio-bt40s-2\/#primaryimage"},"image":{"@id":"https:\/\/alegerglobal.com\/cs\/shop-cs\/epson-moverio-bt40s-2\/#primaryimage"},"thumbnailUrl":"https:\/\/alegerglobal.com\/wp-content\/uploads\/2021\/03\/Unbenannt-95.jpg","datePublished":"2022-05-19T08:05:20+00:00","dateModified":"2022-05-19T08:05:20+00:00","description":"V modelu Moverio BT-40S spole\u010dnost Epson kombinuje vysoce v\u00fdkonn\u00e9 chytr\u00e9 br\u00fdle s ovlada\u010dem BO-IC400 a vytv\u00e1\u0159\u00ed tak kompletn\u00ed \u0159e\u0161en\u00ed.","breadcrumb":{"@id":"https:\/\/alegerglobal.com\/cs\/shop-cs\/epson-moverio-bt40s-2\/#breadcrumb"},"inLanguage":"cs","potentialAction":[{"@type":"ReadAction","target":["https:\/\/alegerglobal.com\/cs\/shop-cs\/epson-moverio-bt40s-2\/"]}]},{"@type":"ImageObject","inLanguage":"cs","@id":"https:\/\/alegerglobal.com\/cs\/shop-cs\/epson-moverio-bt40s-2\/#primaryimage","url":"https:\/\/alegerglobal.com\/wp-content\/uploads\/2021\/03\/Unbenannt-95.jpg","contentUrl":"https:\/\/alegerglobal.com\/wp-content\/uploads\/2021\/03\/Unbenannt-95.jpg","width":800,"height":800},{"@type":"BreadcrumbList","@id":"https:\/\/alegerglobal.com\/cs\/shop-cs\/epson-moverio-bt40s-2\/#breadcrumb","itemListElement":[{"@type":"ListItem","position":1,"name":"Home","item":"https:\/\/alegerglobal.com\/cs\/novinka-domovska-stranka\/"},{"@type":"ListItem","position":2,"name":"Produkty","item":"https:\/\/alegerglobal.com\/cs\/produkty\/"},{"@type":"ListItem","position":3,"name":"Epson Moverio BT-40S, chytr\u00e9 br\u00fdle + ovlada\u010d, 2,95&#8243;, 4 GB RAM, 64 GB \u00falo\u017ei\u0161t\u011b, Android 9"}]},{"@type":"WebSite","@id":"https:\/\/alegerglobal.com\/cs\/#website","url":"https:\/\/alegerglobal.com\/cs\/","name":"ALEGER \u22c6 Augmented Reality","description":"Die besten Augmented Reality (AR) L\u00f6sungen der Welt.","publisher":{"@id":"https:\/\/alegerglobal.com\/cs\/#organization"},"potentialAction":[{"@type":"SearchAction","target":{"@type":"EntryPoint","urlTemplate":"https:\/\/alegerglobal.com\/cs\/?s={search_term_string}"},"query-input":{"@type":"PropertyValueSpecification","valueRequired":true,"valueName":"search_term_string"}}],"inLanguage":"cs"},{"@type":"Organization","@id":"https:\/\/alegerglobal.com\/cs\/#organization","name":"ALEGER \u22c6 Augmented Reality","url":"https:\/\/alegerglobal.com\/cs\/","logo":{"@type":"ImageObject","inLanguage":"cs","@id":"https:\/\/alegerglobal.com\/cs\/#\/schema\/logo\/image\/","url":"https:\/\/alegerglobal.com\/wp-content\/uploads\/2020\/12\/aleger-logo-quadrat.jpg","contentUrl":"https:\/\/alegerglobal.com\/wp-content\/uploads\/2020\/12\/aleger-logo-quadrat.jpg","width":200,"height":176,"caption":"ALEGER \u22c6 Augmented Reality"},"image":{"@id":"https:\/\/alegerglobal.com\/cs\/#\/schema\/logo\/image\/"}}]},"product_brand":"Epson","product_price_amount":"0.00","product_price_currency":"EUR","og_availability":"instock","product_availability":"instock","product_condition":"new"},"_links":{"self":[{"href":"https:\/\/alegerglobal.com\/cs\/wp-json\/wp\/v2\/product\/34967","targetHints":{"allow":["GET"]}}],"collection":[{"href":"https:\/\/alegerglobal.com\/cs\/wp-json\/wp\/v2\/product"}],"about":[{"href":"https:\/\/alegerglobal.com\/cs\/wp-json\/wp\/v2\/types\/product"}],"replies":[{"embeddable":true,"href":"https:\/\/alegerglobal.com\/cs\/wp-json\/wp\/v2\/comments?post=34967"}],"version-history":[{"count":0,"href":"https:\/\/alegerglobal.com\/cs\/wp-json\/wp\/v2\/product\/34967\/revisions"}],"wp:featuredmedia":[{"embeddable":true,"href":"https:\/\/alegerglobal.com\/cs\/wp-json\/wp\/v2\/media\/13549"}],"wp:attachment":[{"href":"https:\/\/alegerglobal.com\/cs\/wp-json\/wp\/v2\/media?parent=34967"}],"wp:term":[{"taxonomy":"product_brand","embeddable":true,"href":"https:\/\/alegerglobal.com\/cs\/wp-json\/wp\/v2\/product_brand?post=34967"},{"taxonomy":"product_cat","embeddable":true,"href":"https:\/\/alegerglobal.com\/cs\/wp-json\/wp\/v2\/product_cat?post=34967"},{"taxonomy":"product_tag","embeddable":true,"href":"https:\/\/alegerglobal.com\/cs\/wp-json\/wp\/v2\/product_tag?post=34967"}],"curies":[{"name":"wp","href":"https:\/\/api.w.org\/{rel}","templated":true}]}}