{"id":34965,"date":"2021-03-10T08:31:24","date_gmt":"2022-05-19T08:05:17","guid":{"rendered":"https:\/\/alegerglobal.com\/nezarazene\/getac-x500-server-odolny-notebook-mil-std-810h-ip65-156-raid-5-windows-server-2016\/"},"modified":"2022-05-19T09:05:17","modified_gmt":"2022-05-19T08:05:17","slug":"server-getac-x500","status":"publish","type":"product","link":"https:\/\/alegerglobal.com\/cs\/shop-cs\/odolny-notebook\/server-getac-x500\/","title":{"rendered":"GETAC X500 SERVER, odoln\u00fd notebook, MIL-STD-810H, IP65, 15,6&#8243;, RAID 5, Windows Server 2016"},"content":{"rendered":"","protected":false},"excerpt":{"rendered":"<p>&nbsp;<\/p>\n<ul>\n<li aria-level=\"1\"><b>Odoln\u00fd notebook s certifikac\u00ed IP65, MIL-STD-810H a MIL-STD-461G a ov\u011b\u0159en\u00edm IP65<\/b><\/li>\n<li aria-level=\"1\"><b>Rychl\u00fd hardware: <\/b><span style=\"font-weight: 400;\">Procesor Intel Xeon, GTX 1050, 32 GB RAM<\/span><\/li>\n<li aria-level=\"1\"><b>P\u0159izp\u016fsoben\u00ed va\u0161im pot\u0159eb\u00e1m: <\/b><span style=\"font-weight: 400;\">Rychlej\u0161\u00ed procesor, a\u017e 64 GB pam\u011bti, extern\u00ed grafick\u00e1 karta a a\u017e 5 pevn\u00fdch disk\u016f 1 TB v poli RAID5.<\/span><\/li>\n<li aria-level=\"1\"><b>Velk\u00e9 rozli\u0161en\u00ed a velk\u00fd displej: <\/b><span style=\"font-weight: 400;\">15,6&#8243; (cca 40 cm) displej s rozli\u0161en\u00edm 1920 x 1080 px a jasem 1000 nit\u016f<\/span><\/li>\n<li aria-level=\"1\"><b>Flexibiln\u00ed p\u0159ipojen\u00ed: <\/b><span style=\"font-weight: 400;\">Dva s\u00e9riov\u00e9 porty pro p\u0159ipojen\u00ed extern\u00edch za\u0159\u00edzen\u00ed<\/span><\/li>\n<li aria-level=\"1\"><b>Baterie s kapacitou 8700 mAh a v\u00fddr\u017e\u00ed 20 hodin<\/b><\/li>\n<li aria-level=\"1\"><b>Z\u016fsta\u0148te v\u017edy ve spojen\u00ed:<\/b><span style=\"font-weight: 400;\"> Dva porty Ethernet<\/span><\/li>\n<li aria-level=\"1\"><b>Dlouh\u00e1 z\u00e1ruka: 5 let <\/b>z\u00e1ruka od n\u00e1razn\u00edku k n\u00e1razn\u00edku<\/li>\n<\/ul>\n","protected":false},"featured_media":12544,"comment_status":"open","ping_status":"closed","template":"","meta":{"_acf_changed":false},"product_brand":[],"product_cat":[1555,1516],"product_tag":[],"class_list":{"0":"post-34965","1":"product","2":"type-product","3":"status-publish","4":"has-post-thumbnail","6":"product_cat-odolny-notebook","7":"product_cat-shop-cs","8":"pa_hersteller-getac-cs","10":"first","11":"instock","12":"taxable","13":"shipping-taxable","14":"purchasable","15":"product-type-simple"},"acf":[],"yoast_head":"<!-- This site is optimized with the Yoast SEO Premium plugin v20.10 (Yoast SEO v24.3) - https:\/\/yoast.com\/wordpress\/plugins\/seo\/ -->\n<title>Koupit GETAC X500 SERVER (2022) - ALEGER \u22c6 Augmented Reality<\/title>\n<meta name=\"description\" content=\"Objevte odoln\u00fd notebook X500 zde! S modelem X500 nab\u00edz\u00ed spole\u010dnost Getac mobiln\u00ed server pro pou\u017eit\u00ed v nep\u0159\u00edzniv\u00fdch podm\u00ednk\u00e1ch.\" \/>\n<meta name=\"robots\" content=\"index, follow, max-snippet:-1, max-image-preview:large, max-video-preview:-1\" \/>\n<meta property=\"og:locale\" content=\"cs_CZ\" \/>\n<meta property=\"og:type\" content=\"article\" \/>\n<meta property=\"og:title\" content=\"GETAC X500 SERVER, odoln\u00fd notebook, MIL-STD-810H, IP65, 15,6&quot;, RAID 5, Windows Server 2016\" \/>\n<meta property=\"og:description\" content=\"Objevte odoln\u00fd notebook X500 zde! S modelem X500 nab\u00edz\u00ed spole\u010dnost Getac mobiln\u00ed server pro pou\u017eit\u00ed v nep\u0159\u00edzniv\u00fdch podm\u00ednk\u00e1ch.\" \/>\n<meta property=\"og:url\" content=\"https:\/\/alegerglobal.com\/cs\/shop-cs\/odolny-notebook\/server-getac-x500\/\" \/>\n<meta property=\"og:site_name\" content=\"ALEGER \u22c6 Augmented Reality\" \/>\n<meta property=\"og:image\" content=\"https:\/\/alegerglobal.com\/wp-content\/uploads\/2021\/01\/x500-server_1-1.png\" \/>\n\t<meta property=\"og:image:width\" content=\"1280\" \/>\n\t<meta property=\"og:image:height\" content=\"1280\" \/>\n\t<meta property=\"og:image:type\" content=\"image\/png\" \/>\n<meta name=\"twitter:card\" content=\"summary_large_image\" \/>\n<meta name=\"twitter:label1\" content=\"Cena\" \/>\n\t<meta name=\"twitter:data1\" content=\"&euro;9.180,99\" \/>\n\t<meta name=\"twitter:label2\" content=\"Dostupnost\" \/>\n\t<meta name=\"twitter:data2\" content=\"Skladem\" \/>\n<script type=\"application\/ld+json\" class=\"yoast-schema-graph\">{\"@context\":\"https:\/\/schema.org\",\"@graph\":[{\"@type\":\"WebPage\",\"@id\":\"https:\/\/alegerglobal.com\/cs\/shop-cs\/odolny-notebook\/server-getac-x500\/\",\"url\":\"https:\/\/alegerglobal.com\/cs\/shop-cs\/odolny-notebook\/server-getac-x500\/\",\"name\":\"Koupit GETAC X500 SERVER (2022) - ALEGER \u22c6 Augmented Reality\",\"isPartOf\":{\"@id\":\"https:\/\/alegerglobal.com\/cs\/#website\"},\"primaryImageOfPage\":{\"@id\":\"https:\/\/alegerglobal.com\/cs\/shop-cs\/odolny-notebook\/server-getac-x500\/#primaryimage\"},\"image\":{\"@id\":\"https:\/\/alegerglobal.com\/cs\/shop-cs\/odolny-notebook\/server-getac-x500\/#primaryimage\"},\"thumbnailUrl\":\"https:\/\/alegerglobal.com\/wp-content\/uploads\/2021\/01\/x500-server_1-1.png\",\"datePublished\":\"2022-05-19T08:05:17+00:00\",\"dateModified\":\"2022-05-19T08:05:17+00:00\",\"description\":\"Objevte odoln\u00fd notebook X500 zde! S modelem X500 nab\u00edz\u00ed spole\u010dnost Getac mobiln\u00ed server pro pou\u017eit\u00ed v nep\u0159\u00edzniv\u00fdch podm\u00ednk\u00e1ch.\",\"breadcrumb\":{\"@id\":\"https:\/\/alegerglobal.com\/cs\/shop-cs\/odolny-notebook\/server-getac-x500\/#breadcrumb\"},\"inLanguage\":\"cs\",\"potentialAction\":[{\"@type\":\"ReadAction\",\"target\":[\"https:\/\/alegerglobal.com\/cs\/shop-cs\/odolny-notebook\/server-getac-x500\/\"]}]},{\"@type\":\"ImageObject\",\"inLanguage\":\"cs\",\"@id\":\"https:\/\/alegerglobal.com\/cs\/shop-cs\/odolny-notebook\/server-getac-x500\/#primaryimage\",\"url\":\"https:\/\/alegerglobal.com\/wp-content\/uploads\/2021\/01\/x500-server_1-1.png\",\"contentUrl\":\"https:\/\/alegerglobal.com\/wp-content\/uploads\/2021\/01\/x500-server_1-1.png\",\"width\":1280,\"height\":1280,\"caption\":\"SERVER GETAC X500\"},{\"@type\":\"BreadcrumbList\",\"@id\":\"https:\/\/alegerglobal.com\/cs\/shop-cs\/odolny-notebook\/server-getac-x500\/#breadcrumb\",\"itemListElement\":[{\"@type\":\"ListItem\",\"position\":1,\"name\":\"Home\",\"item\":\"https:\/\/alegerglobal.com\/cs\/novinka-domovska-stranka\/\"},{\"@type\":\"ListItem\",\"position\":2,\"name\":\"Produkty\",\"item\":\"https:\/\/alegerglobal.com\/cs\/produkty\/\"},{\"@type\":\"ListItem\",\"position\":3,\"name\":\"GETAC X500 SERVER, odoln\u00fd notebook, MIL-STD-810H, IP65, 15,6&#8243;, RAID 5, Windows Server 2016\"}]},{\"@type\":\"WebSite\",\"@id\":\"https:\/\/alegerglobal.com\/cs\/#website\",\"url\":\"https:\/\/alegerglobal.com\/cs\/\",\"name\":\"ALEGER \u22c6 Augmented Reality\",\"description\":\"Die besten Augmented Reality (AR) L\u00f6sungen der Welt.\",\"publisher\":{\"@id\":\"https:\/\/alegerglobal.com\/cs\/#organization\"},\"potentialAction\":[{\"@type\":\"SearchAction\",\"target\":{\"@type\":\"EntryPoint\",\"urlTemplate\":\"https:\/\/alegerglobal.com\/cs\/?s={search_term_string}\"},\"query-input\":{\"@type\":\"PropertyValueSpecification\",\"valueRequired\":true,\"valueName\":\"search_term_string\"}}],\"inLanguage\":\"cs\"},{\"@type\":\"Organization\",\"@id\":\"https:\/\/alegerglobal.com\/cs\/#organization\",\"name\":\"ALEGER \u22c6 Augmented Reality\",\"url\":\"https:\/\/alegerglobal.com\/cs\/\",\"logo\":{\"@type\":\"ImageObject\",\"inLanguage\":\"cs\",\"@id\":\"https:\/\/alegerglobal.com\/cs\/#\/schema\/logo\/image\/\",\"url\":\"https:\/\/alegerglobal.com\/wp-content\/uploads\/2020\/12\/aleger-logo-quadrat.jpg\",\"contentUrl\":\"https:\/\/alegerglobal.com\/wp-content\/uploads\/2020\/12\/aleger-logo-quadrat.jpg\",\"width\":200,\"height\":176,\"caption\":\"ALEGER \u22c6 Augmented Reality\"},\"image\":{\"@id\":\"https:\/\/alegerglobal.com\/cs\/#\/schema\/logo\/image\/\"}}]}<\/script>\n<meta property=\"product:brand\" content=\"Getac\" \/>\n<meta property=\"product:price:amount\" content=\"9180.99\" \/>\n<meta property=\"product:price:currency\" content=\"EUR\" \/>\n<meta property=\"og:availability\" content=\"instock\" \/>\n<meta property=\"product:availability\" content=\"instock\" \/>\n<meta property=\"product:condition\" content=\"new\" \/>\n<!-- \/ Yoast SEO Premium plugin. -->","yoast_head_json":{"title":"Koupit GETAC X500 SERVER (2022) - ALEGER \u22c6 Augmented Reality","description":"Objevte odoln\u00fd notebook X500 zde! S modelem X500 nab\u00edz\u00ed spole\u010dnost Getac mobiln\u00ed server pro pou\u017eit\u00ed v nep\u0159\u00edzniv\u00fdch podm\u00ednk\u00e1ch.","robots":{"index":"index","follow":"follow","max-snippet":"max-snippet:-1","max-image-preview":"max-image-preview:large","max-video-preview":"max-video-preview:-1"},"og_locale":"cs_CZ","og_type":"article","og_title":"GETAC X500 SERVER, odoln\u00fd notebook, MIL-STD-810H, IP65, 15,6\", RAID 5, Windows Server 2016","og_description":"Objevte odoln\u00fd notebook X500 zde! S modelem X500 nab\u00edz\u00ed spole\u010dnost Getac mobiln\u00ed server pro pou\u017eit\u00ed v nep\u0159\u00edzniv\u00fdch podm\u00ednk\u00e1ch.","og_url":"https:\/\/alegerglobal.com\/cs\/shop-cs\/odolny-notebook\/server-getac-x500\/","og_site_name":"ALEGER \u22c6 Augmented Reality","og_image":[{"width":1280,"height":1280,"url":"https:\/\/alegerglobal.com\/wp-content\/uploads\/2021\/01\/x500-server_1-1.png","type":"image\/png"}],"twitter_card":"summary_large_image","twitter_misc":{"Cena":"&euro;9.180,99","Dostupnost":"Skladem"},"schema":{"@context":"https:\/\/schema.org","@graph":[{"@type":"WebPage","@id":"https:\/\/alegerglobal.com\/cs\/shop-cs\/odolny-notebook\/server-getac-x500\/","url":"https:\/\/alegerglobal.com\/cs\/shop-cs\/odolny-notebook\/server-getac-x500\/","name":"Koupit GETAC X500 SERVER (2022) - ALEGER \u22c6 Augmented Reality","isPartOf":{"@id":"https:\/\/alegerglobal.com\/cs\/#website"},"primaryImageOfPage":{"@id":"https:\/\/alegerglobal.com\/cs\/shop-cs\/odolny-notebook\/server-getac-x500\/#primaryimage"},"image":{"@id":"https:\/\/alegerglobal.com\/cs\/shop-cs\/odolny-notebook\/server-getac-x500\/#primaryimage"},"thumbnailUrl":"https:\/\/alegerglobal.com\/wp-content\/uploads\/2021\/01\/x500-server_1-1.png","datePublished":"2022-05-19T08:05:17+00:00","dateModified":"2022-05-19T08:05:17+00:00","description":"Objevte odoln\u00fd notebook X500 zde! S modelem X500 nab\u00edz\u00ed spole\u010dnost Getac mobiln\u00ed server pro pou\u017eit\u00ed v nep\u0159\u00edzniv\u00fdch podm\u00ednk\u00e1ch.","breadcrumb":{"@id":"https:\/\/alegerglobal.com\/cs\/shop-cs\/odolny-notebook\/server-getac-x500\/#breadcrumb"},"inLanguage":"cs","potentialAction":[{"@type":"ReadAction","target":["https:\/\/alegerglobal.com\/cs\/shop-cs\/odolny-notebook\/server-getac-x500\/"]}]},{"@type":"ImageObject","inLanguage":"cs","@id":"https:\/\/alegerglobal.com\/cs\/shop-cs\/odolny-notebook\/server-getac-x500\/#primaryimage","url":"https:\/\/alegerglobal.com\/wp-content\/uploads\/2021\/01\/x500-server_1-1.png","contentUrl":"https:\/\/alegerglobal.com\/wp-content\/uploads\/2021\/01\/x500-server_1-1.png","width":1280,"height":1280,"caption":"SERVER GETAC X500"},{"@type":"BreadcrumbList","@id":"https:\/\/alegerglobal.com\/cs\/shop-cs\/odolny-notebook\/server-getac-x500\/#breadcrumb","itemListElement":[{"@type":"ListItem","position":1,"name":"Home","item":"https:\/\/alegerglobal.com\/cs\/novinka-domovska-stranka\/"},{"@type":"ListItem","position":2,"name":"Produkty","item":"https:\/\/alegerglobal.com\/cs\/produkty\/"},{"@type":"ListItem","position":3,"name":"GETAC X500 SERVER, odoln\u00fd notebook, MIL-STD-810H, IP65, 15,6&#8243;, RAID 5, Windows Server 2016"}]},{"@type":"WebSite","@id":"https:\/\/alegerglobal.com\/cs\/#website","url":"https:\/\/alegerglobal.com\/cs\/","name":"ALEGER \u22c6 Augmented Reality","description":"Die besten Augmented Reality (AR) L\u00f6sungen der Welt.","publisher":{"@id":"https:\/\/alegerglobal.com\/cs\/#organization"},"potentialAction":[{"@type":"SearchAction","target":{"@type":"EntryPoint","urlTemplate":"https:\/\/alegerglobal.com\/cs\/?s={search_term_string}"},"query-input":{"@type":"PropertyValueSpecification","valueRequired":true,"valueName":"search_term_string"}}],"inLanguage":"cs"},{"@type":"Organization","@id":"https:\/\/alegerglobal.com\/cs\/#organization","name":"ALEGER \u22c6 Augmented Reality","url":"https:\/\/alegerglobal.com\/cs\/","logo":{"@type":"ImageObject","inLanguage":"cs","@id":"https:\/\/alegerglobal.com\/cs\/#\/schema\/logo\/image\/","url":"https:\/\/alegerglobal.com\/wp-content\/uploads\/2020\/12\/aleger-logo-quadrat.jpg","contentUrl":"https:\/\/alegerglobal.com\/wp-content\/uploads\/2020\/12\/aleger-logo-quadrat.jpg","width":200,"height":176,"caption":"ALEGER \u22c6 Augmented Reality"},"image":{"@id":"https:\/\/alegerglobal.com\/cs\/#\/schema\/logo\/image\/"}}]},"product_brand":"Getac","product_price_amount":"9180.99","product_price_currency":"EUR","og_availability":"instock","product_availability":"instock","product_condition":"new"},"_links":{"self":[{"href":"https:\/\/alegerglobal.com\/cs\/wp-json\/wp\/v2\/product\/34965","targetHints":{"allow":["GET"]}}],"collection":[{"href":"https:\/\/alegerglobal.com\/cs\/wp-json\/wp\/v2\/product"}],"about":[{"href":"https:\/\/alegerglobal.com\/cs\/wp-json\/wp\/v2\/types\/product"}],"replies":[{"embeddable":true,"href":"https:\/\/alegerglobal.com\/cs\/wp-json\/wp\/v2\/comments?post=34965"}],"version-history":[{"count":0,"href":"https:\/\/alegerglobal.com\/cs\/wp-json\/wp\/v2\/product\/34965\/revisions"}],"wp:featuredmedia":[{"embeddable":true,"href":"https:\/\/alegerglobal.com\/cs\/wp-json\/wp\/v2\/media\/12544"}],"wp:attachment":[{"href":"https:\/\/alegerglobal.com\/cs\/wp-json\/wp\/v2\/media?parent=34965"}],"wp:term":[{"taxonomy":"product_brand","embeddable":true,"href":"https:\/\/alegerglobal.com\/cs\/wp-json\/wp\/v2\/product_brand?post=34965"},{"taxonomy":"product_cat","embeddable":true,"href":"https:\/\/alegerglobal.com\/cs\/wp-json\/wp\/v2\/product_cat?post=34965"},{"taxonomy":"product_tag","embeddable":true,"href":"https:\/\/alegerglobal.com\/cs\/wp-json\/wp\/v2\/product_tag?post=34965"}],"curies":[{"name":"wp","href":"https:\/\/api.w.org\/{rel}","templated":true}]}}