{"id":34964,"date":"2021-03-10T08:58:48","date_gmt":"2022-05-19T08:05:17","guid":{"rendered":"https:\/\/alegerglobal.com\/nezarazene\/panasonic-toughbook-n1-odolny-tablet-mil-std-810g-ip68-47-palce-android-9-ctecka-carovych-kodu\/"},"modified":"2022-05-19T09:05:17","modified_gmt":"2022-05-19T08:05:17","slug":"panasonic-toughbook-n1-2","status":"publish","type":"product","link":"https:\/\/alegerglobal.com\/cs\/shop-cs\/odolny-tablet\/panasonic-toughbook-n1-2\/","title":{"rendered":"Panasonic Toughbook N1, odoln\u00fd tablet, MIL-STD 810G, IP68, 4,7 palce, Android 9, \u010dte\u010dka \u010d\u00e1rov\u00fdch k\u00f3d\u016f"},"content":{"rendered":"","protected":false},"excerpt":{"rendered":"<ul>\n<li aria-level=\"1\"><b>Odoln\u00fd tablet v kapesn\u00edm form\u00e1tu s certifikac\u00ed MIL-STD 810G a IP68<\/b><\/li>\n<li aria-level=\"1\"><b>Viditelnost za v\u0161ech sv\u011bteln\u00fdch podm\u00ednek:<\/b><span style=\"font-weight: 400;\"> 4,7palcov\u00fd displej bez odlesk\u016f s 500 cd\/m\u00b2 <\/span> <\/li>\n<li aria-level=\"1\"><b>Aplika\u010dn\u00ed dokumentace s kamerou: <\/b><span style=\"font-weight: 400;\">Na zadn\u00ed stran\u011b je integrov\u00e1n 8Mpx fotoapar\u00e1t s LED bleskem.<\/span><\/li>\n<li aria-level=\"1\"><b>Pohodln\u00e9 a flexibiln\u00ed ovl\u00e1d\u00e1n\u00ed<\/b><span style=\"font-weight: 400;\">Displej lze ovl\u00e1dat b\u011b\u017en\u00fdmi rukavicemi a voliteln\u011b i stylusem.<\/span><\/li>\n<li aria-level=\"1\"><b>Aktu\u00e1ln\u00ed a bezpe\u010dn\u00fd opera\u010dn\u00ed syst\u00e9m:<\/b><span style=\"font-weight: 400;\"> Android 9, kompatibiln\u00ed s COMPASS 2.<\/span><\/li>\n<li aria-level=\"1\"><b>\u010cten\u00ed dat bez dal\u0161\u00edho za\u0159\u00edzen\u00ed:<\/b><span style=\"font-weight: 400;\"> integrovan\u00fd sn\u00edma\u010d \u010d\u00e1rov\u00fdch k\u00f3d\u016f<\/span><\/li>\n<li aria-level=\"1\"><b>3let\u00e1 z\u00e1ruka s mo\u017enost\u00ed prodlou\u017een\u00ed na 5 let<\/b><\/li>\n<\/ul>\n<ul>\n<li style=\"list-style-type: none;\">\n<\/li>\n<\/ul>\n<p>&nbsp;<\/p>\n","protected":false},"featured_media":12917,"comment_status":"open","ping_status":"closed","template":"","meta":{"_acf_changed":false},"product_brand":[],"product_cat":[1526,1516],"product_tag":[],"class_list":{"0":"post-34964","1":"product","2":"type-product","3":"status-publish","4":"has-post-thumbnail","6":"product_cat-odolny-tablet","7":"product_cat-shop-cs","8":"pa_hersteller-panasonic-cs","10":"first","11":"instock","12":"taxable","13":"shipping-taxable","14":"purchasable","15":"product-type-simple"},"acf":[],"yoast_head":"<!-- This site is optimized with the Yoast SEO Premium plugin v20.10 (Yoast SEO v24.3) - https:\/\/yoast.com\/wordpress\/plugins\/seo\/ -->\n<title>Koupit Panasonic Toughbook N1 zde - ALEGER \u22c6 Augmented Reality<\/title>\n<meta name=\"description\" content=\"Zde z\u00edsk\u00e1te lehk\u00fd a tenk\u00fd kapesn\u00ed tablet s \u00fahlop\u0159\u00ed\u010dkou 4,7 palce! Velmi robustn\u00ed! Pro pou\u017eit\u00ed za v\u0161ech pov\u011btrnostn\u00edch podm\u00ednek!\" \/>\n<meta name=\"robots\" content=\"index, follow, max-snippet:-1, max-image-preview:large, max-video-preview:-1\" \/>\n<meta property=\"og:locale\" content=\"cs_CZ\" \/>\n<meta property=\"og:type\" content=\"article\" \/>\n<meta property=\"og:title\" content=\"Panasonic Toughbook N1, odoln\u00fd tablet, MIL-STD 810G, IP68, 4,7 palce, Android 9, \u010dte\u010dka \u010d\u00e1rov\u00fdch k\u00f3d\u016f\" \/>\n<meta property=\"og:description\" content=\"Zde z\u00edsk\u00e1te lehk\u00fd a tenk\u00fd kapesn\u00ed tablet s \u00fahlop\u0159\u00ed\u010dkou 4,7 palce! Velmi robustn\u00ed! Pro pou\u017eit\u00ed za v\u0161ech pov\u011btrnostn\u00edch podm\u00ednek!\" \/>\n<meta property=\"og:url\" content=\"https:\/\/alegerglobal.com\/cs\/shop-cs\/odolny-tablet\/panasonic-toughbook-n1-2\/\" \/>\n<meta property=\"og:site_name\" content=\"ALEGER \u22c6 Augmented Reality\" \/>\n<meta property=\"og:image\" content=\"https:\/\/alegerglobal.com\/wp-content\/uploads\/2021\/01\/Unbenannt-13.jpg\" \/>\n\t<meta property=\"og:image:width\" content=\"800\" \/>\n\t<meta property=\"og:image:height\" content=\"800\" \/>\n\t<meta property=\"og:image:type\" content=\"image\/jpeg\" \/>\n<meta name=\"twitter:card\" content=\"summary_large_image\" \/>\n<meta name=\"twitter:label1\" content=\"Cena\" \/>\n\t<meta name=\"twitter:data1\" content=\"&euro;2.065,99\" \/>\n\t<meta name=\"twitter:label2\" content=\"Dostupnost\" \/>\n\t<meta name=\"twitter:data2\" content=\"Skladem\" \/>\n<script type=\"application\/ld+json\" class=\"yoast-schema-graph\">{\"@context\":\"https:\/\/schema.org\",\"@graph\":[{\"@type\":\"WebPage\",\"@id\":\"https:\/\/alegerglobal.com\/cs\/shop-cs\/odolny-tablet\/panasonic-toughbook-n1-2\/\",\"url\":\"https:\/\/alegerglobal.com\/cs\/shop-cs\/odolny-tablet\/panasonic-toughbook-n1-2\/\",\"name\":\"Koupit Panasonic Toughbook N1 zde - ALEGER \u22c6 Augmented Reality\",\"isPartOf\":{\"@id\":\"https:\/\/alegerglobal.com\/cs\/#website\"},\"primaryImageOfPage\":{\"@id\":\"https:\/\/alegerglobal.com\/cs\/shop-cs\/odolny-tablet\/panasonic-toughbook-n1-2\/#primaryimage\"},\"image\":{\"@id\":\"https:\/\/alegerglobal.com\/cs\/shop-cs\/odolny-tablet\/panasonic-toughbook-n1-2\/#primaryimage\"},\"thumbnailUrl\":\"https:\/\/alegerglobal.com\/wp-content\/uploads\/2021\/01\/Unbenannt-13.jpg\",\"datePublished\":\"2022-05-19T08:05:17+00:00\",\"dateModified\":\"2022-05-19T08:05:17+00:00\",\"description\":\"Zde z\u00edsk\u00e1te lehk\u00fd a tenk\u00fd kapesn\u00ed tablet s \u00fahlop\u0159\u00ed\u010dkou 4,7 palce! Velmi robustn\u00ed! Pro pou\u017eit\u00ed za v\u0161ech pov\u011btrnostn\u00edch podm\u00ednek!\",\"breadcrumb\":{\"@id\":\"https:\/\/alegerglobal.com\/cs\/shop-cs\/odolny-tablet\/panasonic-toughbook-n1-2\/#breadcrumb\"},\"inLanguage\":\"cs\",\"potentialAction\":[{\"@type\":\"ReadAction\",\"target\":[\"https:\/\/alegerglobal.com\/cs\/shop-cs\/odolny-tablet\/panasonic-toughbook-n1-2\/\"]}]},{\"@type\":\"ImageObject\",\"inLanguage\":\"cs\",\"@id\":\"https:\/\/alegerglobal.com\/cs\/shop-cs\/odolny-tablet\/panasonic-toughbook-n1-2\/#primaryimage\",\"url\":\"https:\/\/alegerglobal.com\/wp-content\/uploads\/2021\/01\/Unbenannt-13.jpg\",\"contentUrl\":\"https:\/\/alegerglobal.com\/wp-content\/uploads\/2021\/01\/Unbenannt-13.jpg\",\"width\":800,\"height\":800,\"caption\":\"Panasonic Toughbook N1\"},{\"@type\":\"BreadcrumbList\",\"@id\":\"https:\/\/alegerglobal.com\/cs\/shop-cs\/odolny-tablet\/panasonic-toughbook-n1-2\/#breadcrumb\",\"itemListElement\":[{\"@type\":\"ListItem\",\"position\":1,\"name\":\"Home\",\"item\":\"https:\/\/alegerglobal.com\/cs\/novinka-domovska-stranka\/\"},{\"@type\":\"ListItem\",\"position\":2,\"name\":\"Produkty\",\"item\":\"https:\/\/alegerglobal.com\/cs\/produkty\/\"},{\"@type\":\"ListItem\",\"position\":3,\"name\":\"Panasonic Toughbook N1, odoln\u00fd tablet, MIL-STD 810G, IP68, 4,7 palce, Android 9, \u010dte\u010dka \u010d\u00e1rov\u00fdch k\u00f3d\u016f\"}]},{\"@type\":\"WebSite\",\"@id\":\"https:\/\/alegerglobal.com\/cs\/#website\",\"url\":\"https:\/\/alegerglobal.com\/cs\/\",\"name\":\"ALEGER \u22c6 Augmented Reality\",\"description\":\"Die besten Augmented Reality (AR) L\u00f6sungen der Welt.\",\"publisher\":{\"@id\":\"https:\/\/alegerglobal.com\/cs\/#organization\"},\"potentialAction\":[{\"@type\":\"SearchAction\",\"target\":{\"@type\":\"EntryPoint\",\"urlTemplate\":\"https:\/\/alegerglobal.com\/cs\/?s={search_term_string}\"},\"query-input\":{\"@type\":\"PropertyValueSpecification\",\"valueRequired\":true,\"valueName\":\"search_term_string\"}}],\"inLanguage\":\"cs\"},{\"@type\":\"Organization\",\"@id\":\"https:\/\/alegerglobal.com\/cs\/#organization\",\"name\":\"ALEGER \u22c6 Augmented Reality\",\"url\":\"https:\/\/alegerglobal.com\/cs\/\",\"logo\":{\"@type\":\"ImageObject\",\"inLanguage\":\"cs\",\"@id\":\"https:\/\/alegerglobal.com\/cs\/#\/schema\/logo\/image\/\",\"url\":\"https:\/\/alegerglobal.com\/wp-content\/uploads\/2020\/12\/aleger-logo-quadrat.jpg\",\"contentUrl\":\"https:\/\/alegerglobal.com\/wp-content\/uploads\/2020\/12\/aleger-logo-quadrat.jpg\",\"width\":200,\"height\":176,\"caption\":\"ALEGER \u22c6 Augmented Reality\"},\"image\":{\"@id\":\"https:\/\/alegerglobal.com\/cs\/#\/schema\/logo\/image\/\"}}]}<\/script>\n<meta property=\"product:brand\" content=\"Panasonic\" \/>\n<meta property=\"product:price:amount\" content=\"2065.99\" \/>\n<meta property=\"product:price:currency\" content=\"EUR\" \/>\n<meta property=\"og:availability\" content=\"instock\" \/>\n<meta property=\"product:availability\" content=\"instock\" \/>\n<meta property=\"product:condition\" content=\"new\" \/>\n<!-- \/ Yoast SEO Premium plugin. -->","yoast_head_json":{"title":"Koupit Panasonic Toughbook N1 zde - ALEGER \u22c6 Augmented Reality","description":"Zde z\u00edsk\u00e1te lehk\u00fd a tenk\u00fd kapesn\u00ed tablet s \u00fahlop\u0159\u00ed\u010dkou 4,7 palce! Velmi robustn\u00ed! Pro pou\u017eit\u00ed za v\u0161ech pov\u011btrnostn\u00edch podm\u00ednek!","robots":{"index":"index","follow":"follow","max-snippet":"max-snippet:-1","max-image-preview":"max-image-preview:large","max-video-preview":"max-video-preview:-1"},"og_locale":"cs_CZ","og_type":"article","og_title":"Panasonic Toughbook N1, odoln\u00fd tablet, MIL-STD 810G, IP68, 4,7 palce, Android 9, \u010dte\u010dka \u010d\u00e1rov\u00fdch k\u00f3d\u016f","og_description":"Zde z\u00edsk\u00e1te lehk\u00fd a tenk\u00fd kapesn\u00ed tablet s \u00fahlop\u0159\u00ed\u010dkou 4,7 palce! Velmi robustn\u00ed! Pro pou\u017eit\u00ed za v\u0161ech pov\u011btrnostn\u00edch podm\u00ednek!","og_url":"https:\/\/alegerglobal.com\/cs\/shop-cs\/odolny-tablet\/panasonic-toughbook-n1-2\/","og_site_name":"ALEGER \u22c6 Augmented Reality","og_image":[{"width":800,"height":800,"url":"https:\/\/alegerglobal.com\/wp-content\/uploads\/2021\/01\/Unbenannt-13.jpg","type":"image\/jpeg"}],"twitter_card":"summary_large_image","twitter_misc":{"Cena":"&euro;2.065,99","Dostupnost":"Skladem"},"schema":{"@context":"https:\/\/schema.org","@graph":[{"@type":"WebPage","@id":"https:\/\/alegerglobal.com\/cs\/shop-cs\/odolny-tablet\/panasonic-toughbook-n1-2\/","url":"https:\/\/alegerglobal.com\/cs\/shop-cs\/odolny-tablet\/panasonic-toughbook-n1-2\/","name":"Koupit Panasonic Toughbook N1 zde - ALEGER \u22c6 Augmented Reality","isPartOf":{"@id":"https:\/\/alegerglobal.com\/cs\/#website"},"primaryImageOfPage":{"@id":"https:\/\/alegerglobal.com\/cs\/shop-cs\/odolny-tablet\/panasonic-toughbook-n1-2\/#primaryimage"},"image":{"@id":"https:\/\/alegerglobal.com\/cs\/shop-cs\/odolny-tablet\/panasonic-toughbook-n1-2\/#primaryimage"},"thumbnailUrl":"https:\/\/alegerglobal.com\/wp-content\/uploads\/2021\/01\/Unbenannt-13.jpg","datePublished":"2022-05-19T08:05:17+00:00","dateModified":"2022-05-19T08:05:17+00:00","description":"Zde z\u00edsk\u00e1te lehk\u00fd a tenk\u00fd kapesn\u00ed tablet s \u00fahlop\u0159\u00ed\u010dkou 4,7 palce! Velmi robustn\u00ed! Pro pou\u017eit\u00ed za v\u0161ech pov\u011btrnostn\u00edch podm\u00ednek!","breadcrumb":{"@id":"https:\/\/alegerglobal.com\/cs\/shop-cs\/odolny-tablet\/panasonic-toughbook-n1-2\/#breadcrumb"},"inLanguage":"cs","potentialAction":[{"@type":"ReadAction","target":["https:\/\/alegerglobal.com\/cs\/shop-cs\/odolny-tablet\/panasonic-toughbook-n1-2\/"]}]},{"@type":"ImageObject","inLanguage":"cs","@id":"https:\/\/alegerglobal.com\/cs\/shop-cs\/odolny-tablet\/panasonic-toughbook-n1-2\/#primaryimage","url":"https:\/\/alegerglobal.com\/wp-content\/uploads\/2021\/01\/Unbenannt-13.jpg","contentUrl":"https:\/\/alegerglobal.com\/wp-content\/uploads\/2021\/01\/Unbenannt-13.jpg","width":800,"height":800,"caption":"Panasonic Toughbook N1"},{"@type":"BreadcrumbList","@id":"https:\/\/alegerglobal.com\/cs\/shop-cs\/odolny-tablet\/panasonic-toughbook-n1-2\/#breadcrumb","itemListElement":[{"@type":"ListItem","position":1,"name":"Home","item":"https:\/\/alegerglobal.com\/cs\/novinka-domovska-stranka\/"},{"@type":"ListItem","position":2,"name":"Produkty","item":"https:\/\/alegerglobal.com\/cs\/produkty\/"},{"@type":"ListItem","position":3,"name":"Panasonic Toughbook N1, odoln\u00fd tablet, MIL-STD 810G, IP68, 4,7 palce, Android 9, \u010dte\u010dka \u010d\u00e1rov\u00fdch k\u00f3d\u016f"}]},{"@type":"WebSite","@id":"https:\/\/alegerglobal.com\/cs\/#website","url":"https:\/\/alegerglobal.com\/cs\/","name":"ALEGER \u22c6 Augmented Reality","description":"Die besten Augmented Reality (AR) L\u00f6sungen der Welt.","publisher":{"@id":"https:\/\/alegerglobal.com\/cs\/#organization"},"potentialAction":[{"@type":"SearchAction","target":{"@type":"EntryPoint","urlTemplate":"https:\/\/alegerglobal.com\/cs\/?s={search_term_string}"},"query-input":{"@type":"PropertyValueSpecification","valueRequired":true,"valueName":"search_term_string"}}],"inLanguage":"cs"},{"@type":"Organization","@id":"https:\/\/alegerglobal.com\/cs\/#organization","name":"ALEGER \u22c6 Augmented Reality","url":"https:\/\/alegerglobal.com\/cs\/","logo":{"@type":"ImageObject","inLanguage":"cs","@id":"https:\/\/alegerglobal.com\/cs\/#\/schema\/logo\/image\/","url":"https:\/\/alegerglobal.com\/wp-content\/uploads\/2020\/12\/aleger-logo-quadrat.jpg","contentUrl":"https:\/\/alegerglobal.com\/wp-content\/uploads\/2020\/12\/aleger-logo-quadrat.jpg","width":200,"height":176,"caption":"ALEGER \u22c6 Augmented Reality"},"image":{"@id":"https:\/\/alegerglobal.com\/cs\/#\/schema\/logo\/image\/"}}]},"product_brand":"Panasonic","product_price_amount":"2065.99","product_price_currency":"EUR","og_availability":"instock","product_availability":"instock","product_condition":"new"},"_links":{"self":[{"href":"https:\/\/alegerglobal.com\/cs\/wp-json\/wp\/v2\/product\/34964","targetHints":{"allow":["GET"]}}],"collection":[{"href":"https:\/\/alegerglobal.com\/cs\/wp-json\/wp\/v2\/product"}],"about":[{"href":"https:\/\/alegerglobal.com\/cs\/wp-json\/wp\/v2\/types\/product"}],"replies":[{"embeddable":true,"href":"https:\/\/alegerglobal.com\/cs\/wp-json\/wp\/v2\/comments?post=34964"}],"version-history":[{"count":0,"href":"https:\/\/alegerglobal.com\/cs\/wp-json\/wp\/v2\/product\/34964\/revisions"}],"wp:featuredmedia":[{"embeddable":true,"href":"https:\/\/alegerglobal.com\/cs\/wp-json\/wp\/v2\/media\/12917"}],"wp:attachment":[{"href":"https:\/\/alegerglobal.com\/cs\/wp-json\/wp\/v2\/media?parent=34964"}],"wp:term":[{"taxonomy":"product_brand","embeddable":true,"href":"https:\/\/alegerglobal.com\/cs\/wp-json\/wp\/v2\/product_brand?post=34964"},{"taxonomy":"product_cat","embeddable":true,"href":"https:\/\/alegerglobal.com\/cs\/wp-json\/wp\/v2\/product_cat?post=34964"},{"taxonomy":"product_tag","embeddable":true,"href":"https:\/\/alegerglobal.com\/cs\/wp-json\/wp\/v2\/product_tag?post=34964"}],"curies":[{"name":"wp","href":"https:\/\/api.w.org\/{rel}","templated":true}]}}