{"id":34959,"date":"2021-03-10T08:08:48","date_gmt":"2022-05-19T08:02:36","guid":{"rendered":"https:\/\/alegerglobal.com\/nezarazene\/getac-ex80-ex-proof-tablet-atex-1-a-2-ip67-mil-std-810-g-8-palcu-windows-10-pro\/"},"modified":"2022-05-19T09:02:36","modified_gmt":"2022-05-19T08:02:36","slug":"ex-tablet-getac-ex-80-2","status":"publish","type":"product","link":"https:\/\/alegerglobal.com\/cs\/shop-cs\/ex-tablet-getac-ex-80-2\/","title":{"rendered":"Getac EX80, Ex-proof tablet ATEX 1 a 2, IP67, MIL-STD 810 G, 8 palc\u016f, Windows 10 Pro"},"content":{"rendered":"","protected":false},"excerpt":{"rendered":"<ul>\n<li aria-level=\"1\"><b>Pln\u011b odoln\u00fd tablet Getac pro z\u00f3ny ATEX 1 a 2, ov\u011b\u0159en\u00fd podle MIL-STD 810G, certifikovan\u00fd podle IP67 a chr\u00e1n\u011bn\u00fd proti soln\u00e9 mlze<\/b><\/li>\n<li aria-level=\"1\"><b>Lze pou\u017e\u00edt s v\u011bt\u0161inou softwaru:<\/b><span style=\"font-weight: 400;\"> Opera\u010dn\u00ed syst\u00e9m Windows 10 Pro poskytuje maxim\u00e1ln\u00ed kompatibilitu softwaru<\/span><\/li>\n<li aria-level=\"1\"><b>V\u0161echna data jsou v\u017edy na o\u010d\u00edch:<\/b><span style=\"font-weight: 400;\"> 8&#8243; displej s jasem 600 nit\u016f a vysokou \u010ditelnost\u00ed i na slunci<\/span><\/li>\n<li aria-level=\"1\"><b>Flexibiln\u00ed ovl\u00e1d\u00e1n\u00ed:<\/b><span style=\"font-weight: 400;\"> Dotykov\u00fd displej lze pou\u017e\u00edvat v b\u011b\u017en\u00fdch rukavic\u00edch a s kl\u00e1vesnic\u00ed se \u0161esti tla\u010d\u00edtky, v\u010detn\u011b voln\u011b programovateln\u00fdch kl\u00e1ves.<\/span><\/li>\n<li aria-level=\"1\"><b>Dostatek m\u00edsta pro v\u0161echna va\u0161e data: <\/b><span style=\"font-weight: 400;\">128 GB datov\u00e9ho \u00falo\u017ei\u0161t\u011b<\/span><\/li>\n<li aria-level=\"1\"><b>Snadno se m\u016f\u017eete \u00fa\u010dastnit videokonferenc\u00ed a dokumentovat provoz:<\/b><span style=\"font-weight: 400;\"> 2 MP p\u0159edn\u00ed fotoapar\u00e1t a 8 MP fotoapar\u00e1t s LED bleskem a automatick\u00fdm ost\u0159en\u00edm<\/span><\/li>\n<li aria-level=\"1\"><b>Dlouh\u00e1 doba pou\u017e\u00edv\u00e1n\u00ed bez p\u0159est\u00e1vek v nab\u00edjen\u00ed:<\/b><span style=\"font-weight: 400;\"> Baterie s kapacitou 4200 mAh a v\u00fddr\u017e\u00ed 10 hodin<\/span><\/li>\n<\/ul>\n","protected":false},"featured_media":12797,"comment_status":"open","ping_status":"closed","template":"","meta":{"_acf_changed":false},"product_brand":[],"product_cat":[1516],"product_tag":[],"class_list":{"0":"post-34959","1":"product","2":"type-product","3":"status-publish","4":"has-post-thumbnail","6":"product_cat-shop-cs","7":"pa_hersteller-getac-cs","9":"first","10":"instock","11":"taxable","12":"shipping-taxable","13":"purchasable","14":"product-type-simple"},"acf":[],"yoast_head":"<!-- This site is optimized with the Yoast SEO Premium plugin v20.10 (Yoast SEO v24.3) - https:\/\/yoast.com\/wordpress\/plugins\/seo\/ -->\n<title>Koupit Getac EX80 - ALEGER \u22c6 Augmented Reality<\/title>\n<meta name=\"description\" content=\"Objevte odoln\u00fd tablet EX80 zde! Je to jedin\u00fd tablet od spole\u010dnosti Getac pro jiskrov\u011b bezpe\u010dn\u00e9 pou\u017eit\u00ed v z\u00f3n\u011b 1 a 2!\" \/>\n<meta name=\"robots\" content=\"index, follow, max-snippet:-1, max-image-preview:large, max-video-preview:-1\" \/>\n<meta property=\"og:locale\" content=\"cs_CZ\" \/>\n<meta property=\"og:type\" content=\"article\" \/>\n<meta property=\"og:title\" content=\"Getac EX80, Ex-proof tablet ATEX 1 a 2, IP67, MIL-STD 810 G, 8 palc\u016f, Windows 10 Pro\" \/>\n<meta property=\"og:description\" content=\"Objevte odoln\u00fd tablet EX80 zde! Je to jedin\u00fd tablet od spole\u010dnosti Getac pro jiskrov\u011b bezpe\u010dn\u00e9 pou\u017eit\u00ed v z\u00f3n\u011b 1 a 2!\" \/>\n<meta property=\"og:url\" content=\"https:\/\/alegerglobal.com\/cs\/shop-cs\/ex-tablet-getac-ex-80-2\/\" \/>\n<meta property=\"og:site_name\" content=\"ALEGER \u22c6 Augmented Reality\" \/>\n<meta property=\"og:image\" content=\"https:\/\/alegerglobal.com\/wp-content\/uploads\/2021\/02\/ex80-hero_1.png\" \/>\n\t<meta property=\"og:image:width\" content=\"1280\" \/>\n\t<meta property=\"og:image:height\" content=\"1280\" \/>\n\t<meta property=\"og:image:type\" content=\"image\/png\" \/>\n<meta name=\"twitter:card\" content=\"summary_large_image\" \/>\n<meta name=\"twitter:label1\" content=\"Cena\" \/>\n\t<meta name=\"twitter:data1\" content=\"&euro;3.499,99\" \/>\n\t<meta name=\"twitter:label2\" content=\"Dostupnost\" \/>\n\t<meta name=\"twitter:data2\" content=\"Skladem\" \/>\n<script type=\"application\/ld+json\" class=\"yoast-schema-graph\">{\"@context\":\"https:\/\/schema.org\",\"@graph\":[{\"@type\":\"WebPage\",\"@id\":\"https:\/\/alegerglobal.com\/cs\/shop-cs\/ex-tablet-getac-ex-80-2\/\",\"url\":\"https:\/\/alegerglobal.com\/cs\/shop-cs\/ex-tablet-getac-ex-80-2\/\",\"name\":\"Koupit Getac EX80 - ALEGER \u22c6 Augmented Reality\",\"isPartOf\":{\"@id\":\"https:\/\/alegerglobal.com\/cs\/#website\"},\"primaryImageOfPage\":{\"@id\":\"https:\/\/alegerglobal.com\/cs\/shop-cs\/ex-tablet-getac-ex-80-2\/#primaryimage\"},\"image\":{\"@id\":\"https:\/\/alegerglobal.com\/cs\/shop-cs\/ex-tablet-getac-ex-80-2\/#primaryimage\"},\"thumbnailUrl\":\"https:\/\/alegerglobal.com\/wp-content\/uploads\/2021\/02\/ex80-hero_1.png\",\"datePublished\":\"2022-05-19T08:02:36+00:00\",\"dateModified\":\"2022-05-19T08:02:36+00:00\",\"description\":\"Objevte odoln\u00fd tablet EX80 zde! Je to jedin\u00fd tablet od spole\u010dnosti Getac pro jiskrov\u011b bezpe\u010dn\u00e9 pou\u017eit\u00ed v z\u00f3n\u011b 1 a 2!\",\"breadcrumb\":{\"@id\":\"https:\/\/alegerglobal.com\/cs\/shop-cs\/ex-tablet-getac-ex-80-2\/#breadcrumb\"},\"inLanguage\":\"cs\",\"potentialAction\":[{\"@type\":\"ReadAction\",\"target\":[\"https:\/\/alegerglobal.com\/cs\/shop-cs\/ex-tablet-getac-ex-80-2\/\"]}]},{\"@type\":\"ImageObject\",\"inLanguage\":\"cs\",\"@id\":\"https:\/\/alegerglobal.com\/cs\/shop-cs\/ex-tablet-getac-ex-80-2\/#primaryimage\",\"url\":\"https:\/\/alegerglobal.com\/wp-content\/uploads\/2021\/02\/ex80-hero_1.png\",\"contentUrl\":\"https:\/\/alegerglobal.com\/wp-content\/uploads\/2021\/02\/ex80-hero_1.png\",\"width\":1280,\"height\":1280,\"caption\":\"Getac EX80, Ex-proof tablet ATEX 1 a 2\"},{\"@type\":\"BreadcrumbList\",\"@id\":\"https:\/\/alegerglobal.com\/cs\/shop-cs\/ex-tablet-getac-ex-80-2\/#breadcrumb\",\"itemListElement\":[{\"@type\":\"ListItem\",\"position\":1,\"name\":\"Home\",\"item\":\"https:\/\/alegerglobal.com\/cs\/novinka-domovska-stranka\/\"},{\"@type\":\"ListItem\",\"position\":2,\"name\":\"Produkty\",\"item\":\"https:\/\/alegerglobal.com\/cs\/produkty\/\"},{\"@type\":\"ListItem\",\"position\":3,\"name\":\"Getac EX80, Ex-proof tablet ATEX 1 a 2, IP67, MIL-STD 810 G, 8 palc\u016f, Windows 10 Pro\"}]},{\"@type\":\"WebSite\",\"@id\":\"https:\/\/alegerglobal.com\/cs\/#website\",\"url\":\"https:\/\/alegerglobal.com\/cs\/\",\"name\":\"ALEGER \u22c6 Augmented Reality\",\"description\":\"Die besten Augmented Reality (AR) L\u00f6sungen der Welt.\",\"publisher\":{\"@id\":\"https:\/\/alegerglobal.com\/cs\/#organization\"},\"potentialAction\":[{\"@type\":\"SearchAction\",\"target\":{\"@type\":\"EntryPoint\",\"urlTemplate\":\"https:\/\/alegerglobal.com\/cs\/?s={search_term_string}\"},\"query-input\":{\"@type\":\"PropertyValueSpecification\",\"valueRequired\":true,\"valueName\":\"search_term_string\"}}],\"inLanguage\":\"cs\"},{\"@type\":\"Organization\",\"@id\":\"https:\/\/alegerglobal.com\/cs\/#organization\",\"name\":\"ALEGER \u22c6 Augmented Reality\",\"url\":\"https:\/\/alegerglobal.com\/cs\/\",\"logo\":{\"@type\":\"ImageObject\",\"inLanguage\":\"cs\",\"@id\":\"https:\/\/alegerglobal.com\/cs\/#\/schema\/logo\/image\/\",\"url\":\"https:\/\/alegerglobal.com\/wp-content\/uploads\/2020\/12\/aleger-logo-quadrat.jpg\",\"contentUrl\":\"https:\/\/alegerglobal.com\/wp-content\/uploads\/2020\/12\/aleger-logo-quadrat.jpg\",\"width\":200,\"height\":176,\"caption\":\"ALEGER \u22c6 Augmented Reality\"},\"image\":{\"@id\":\"https:\/\/alegerglobal.com\/cs\/#\/schema\/logo\/image\/\"}}]}<\/script>\n<meta property=\"product:brand\" content=\"Getac\" \/>\n<meta property=\"product:price:amount\" content=\"3499.99\" \/>\n<meta property=\"product:price:currency\" content=\"EUR\" \/>\n<meta property=\"og:availability\" content=\"instock\" \/>\n<meta property=\"product:availability\" content=\"instock\" \/>\n<meta property=\"product:condition\" content=\"new\" \/>\n<!-- \/ Yoast SEO Premium plugin. -->","yoast_head_json":{"title":"Koupit Getac EX80 - ALEGER \u22c6 Augmented Reality","description":"Objevte odoln\u00fd tablet EX80 zde! Je to jedin\u00fd tablet od spole\u010dnosti Getac pro jiskrov\u011b bezpe\u010dn\u00e9 pou\u017eit\u00ed v z\u00f3n\u011b 1 a 2!","robots":{"index":"index","follow":"follow","max-snippet":"max-snippet:-1","max-image-preview":"max-image-preview:large","max-video-preview":"max-video-preview:-1"},"og_locale":"cs_CZ","og_type":"article","og_title":"Getac EX80, Ex-proof tablet ATEX 1 a 2, IP67, MIL-STD 810 G, 8 palc\u016f, Windows 10 Pro","og_description":"Objevte odoln\u00fd tablet EX80 zde! Je to jedin\u00fd tablet od spole\u010dnosti Getac pro jiskrov\u011b bezpe\u010dn\u00e9 pou\u017eit\u00ed v z\u00f3n\u011b 1 a 2!","og_url":"https:\/\/alegerglobal.com\/cs\/shop-cs\/ex-tablet-getac-ex-80-2\/","og_site_name":"ALEGER \u22c6 Augmented Reality","og_image":[{"width":1280,"height":1280,"url":"https:\/\/alegerglobal.com\/wp-content\/uploads\/2021\/02\/ex80-hero_1.png","type":"image\/png"}],"twitter_card":"summary_large_image","twitter_misc":{"Cena":"&euro;3.499,99","Dostupnost":"Skladem"},"schema":{"@context":"https:\/\/schema.org","@graph":[{"@type":"WebPage","@id":"https:\/\/alegerglobal.com\/cs\/shop-cs\/ex-tablet-getac-ex-80-2\/","url":"https:\/\/alegerglobal.com\/cs\/shop-cs\/ex-tablet-getac-ex-80-2\/","name":"Koupit Getac EX80 - ALEGER \u22c6 Augmented Reality","isPartOf":{"@id":"https:\/\/alegerglobal.com\/cs\/#website"},"primaryImageOfPage":{"@id":"https:\/\/alegerglobal.com\/cs\/shop-cs\/ex-tablet-getac-ex-80-2\/#primaryimage"},"image":{"@id":"https:\/\/alegerglobal.com\/cs\/shop-cs\/ex-tablet-getac-ex-80-2\/#primaryimage"},"thumbnailUrl":"https:\/\/alegerglobal.com\/wp-content\/uploads\/2021\/02\/ex80-hero_1.png","datePublished":"2022-05-19T08:02:36+00:00","dateModified":"2022-05-19T08:02:36+00:00","description":"Objevte odoln\u00fd tablet EX80 zde! Je to jedin\u00fd tablet od spole\u010dnosti Getac pro jiskrov\u011b bezpe\u010dn\u00e9 pou\u017eit\u00ed v z\u00f3n\u011b 1 a 2!","breadcrumb":{"@id":"https:\/\/alegerglobal.com\/cs\/shop-cs\/ex-tablet-getac-ex-80-2\/#breadcrumb"},"inLanguage":"cs","potentialAction":[{"@type":"ReadAction","target":["https:\/\/alegerglobal.com\/cs\/shop-cs\/ex-tablet-getac-ex-80-2\/"]}]},{"@type":"ImageObject","inLanguage":"cs","@id":"https:\/\/alegerglobal.com\/cs\/shop-cs\/ex-tablet-getac-ex-80-2\/#primaryimage","url":"https:\/\/alegerglobal.com\/wp-content\/uploads\/2021\/02\/ex80-hero_1.png","contentUrl":"https:\/\/alegerglobal.com\/wp-content\/uploads\/2021\/02\/ex80-hero_1.png","width":1280,"height":1280,"caption":"Getac EX80, Ex-proof tablet ATEX 1 a 2"},{"@type":"BreadcrumbList","@id":"https:\/\/alegerglobal.com\/cs\/shop-cs\/ex-tablet-getac-ex-80-2\/#breadcrumb","itemListElement":[{"@type":"ListItem","position":1,"name":"Home","item":"https:\/\/alegerglobal.com\/cs\/novinka-domovska-stranka\/"},{"@type":"ListItem","position":2,"name":"Produkty","item":"https:\/\/alegerglobal.com\/cs\/produkty\/"},{"@type":"ListItem","position":3,"name":"Getac EX80, Ex-proof tablet ATEX 1 a 2, IP67, MIL-STD 810 G, 8 palc\u016f, Windows 10 Pro"}]},{"@type":"WebSite","@id":"https:\/\/alegerglobal.com\/cs\/#website","url":"https:\/\/alegerglobal.com\/cs\/","name":"ALEGER \u22c6 Augmented Reality","description":"Die besten Augmented Reality (AR) L\u00f6sungen der Welt.","publisher":{"@id":"https:\/\/alegerglobal.com\/cs\/#organization"},"potentialAction":[{"@type":"SearchAction","target":{"@type":"EntryPoint","urlTemplate":"https:\/\/alegerglobal.com\/cs\/?s={search_term_string}"},"query-input":{"@type":"PropertyValueSpecification","valueRequired":true,"valueName":"search_term_string"}}],"inLanguage":"cs"},{"@type":"Organization","@id":"https:\/\/alegerglobal.com\/cs\/#organization","name":"ALEGER \u22c6 Augmented Reality","url":"https:\/\/alegerglobal.com\/cs\/","logo":{"@type":"ImageObject","inLanguage":"cs","@id":"https:\/\/alegerglobal.com\/cs\/#\/schema\/logo\/image\/","url":"https:\/\/alegerglobal.com\/wp-content\/uploads\/2020\/12\/aleger-logo-quadrat.jpg","contentUrl":"https:\/\/alegerglobal.com\/wp-content\/uploads\/2020\/12\/aleger-logo-quadrat.jpg","width":200,"height":176,"caption":"ALEGER \u22c6 Augmented Reality"},"image":{"@id":"https:\/\/alegerglobal.com\/cs\/#\/schema\/logo\/image\/"}}]},"product_brand":"Getac","product_price_amount":"3499.99","product_price_currency":"EUR","og_availability":"instock","product_availability":"instock","product_condition":"new"},"_links":{"self":[{"href":"https:\/\/alegerglobal.com\/cs\/wp-json\/wp\/v2\/product\/34959","targetHints":{"allow":["GET"]}}],"collection":[{"href":"https:\/\/alegerglobal.com\/cs\/wp-json\/wp\/v2\/product"}],"about":[{"href":"https:\/\/alegerglobal.com\/cs\/wp-json\/wp\/v2\/types\/product"}],"replies":[{"embeddable":true,"href":"https:\/\/alegerglobal.com\/cs\/wp-json\/wp\/v2\/comments?post=34959"}],"version-history":[{"count":0,"href":"https:\/\/alegerglobal.com\/cs\/wp-json\/wp\/v2\/product\/34959\/revisions"}],"wp:featuredmedia":[{"embeddable":true,"href":"https:\/\/alegerglobal.com\/cs\/wp-json\/wp\/v2\/media\/12797"}],"wp:attachment":[{"href":"https:\/\/alegerglobal.com\/cs\/wp-json\/wp\/v2\/media?parent=34959"}],"wp:term":[{"taxonomy":"product_brand","embeddable":true,"href":"https:\/\/alegerglobal.com\/cs\/wp-json\/wp\/v2\/product_brand?post=34959"},{"taxonomy":"product_cat","embeddable":true,"href":"https:\/\/alegerglobal.com\/cs\/wp-json\/wp\/v2\/product_cat?post=34959"},{"taxonomy":"product_tag","embeddable":true,"href":"https:\/\/alegerglobal.com\/cs\/wp-json\/wp\/v2\/product_tag?post=34959"}],"curies":[{"name":"wp","href":"https:\/\/api.w.org\/{rel}","templated":true}]}}