{"id":34957,"date":"2021-03-10T08:09:41","date_gmt":"2022-05-19T08:02:35","guid":{"rendered":"https:\/\/alegerglobal.com\/nezarazene\/getac-zx70-7-displej-android-9-ip67-mil-std-810h\/"},"modified":"2022-05-19T09:02:35","modified_gmt":"2022-05-19T08:02:35","slug":"getac-zx70-2","status":"publish","type":"product","link":"https:\/\/alegerglobal.com\/cs\/nezarazene\/getac-zx70-2\/","title":{"rendered":"GETAC ZX70, 7&#8243; displej, Android 9, IP67, MIL-STD 810H"},"content":{"rendered":"","protected":false},"excerpt":{"rendered":"<ul>\n<li aria-level=\"1\"><b>Odoln\u00fd tablet s certifikac\u00ed IP67 a ov\u011b\u0159en\u00edm MIL-STD 810H<\/b><\/li>\n<li aria-level=\"1\"><b>Pracujte za ka\u017ed\u00e9ho po\u010das\u00ed:<\/b><span style=\"font-weight: 400;\"> 7&#8243; (cca 18 cm) velk\u00fd a neosl\u0148uj\u00edc\u00ed displej IPS s jasem 580 nit\u016f<\/span><\/li>\n<li aria-level=\"1\"><b>Android Enterprise Doporu\u010deno<\/b><\/li>\n<li aria-level=\"1\"><b>Pohodln\u00e9 ovl\u00e1d\u00e1n\u00ed:<\/b><span style=\"font-weight: 400;\"> 5 programovateln\u00fdch tla\u010d\u00edtek<\/span><\/li>\n<li aria-level=\"1\"><b>V\u017edy ostr\u00e9 fotografie:<\/b><span style=\"font-weight: 400;\"> 8 MP zadn\u00ed fotoapar\u00e1t s LED bleskem a automatick\u00fdm ost\u0159en\u00edm<\/span><\/li>\n<li aria-level=\"1\"><b>Dlouh\u00e9 nep\u0159etr\u017eit\u00e9 pou\u017e\u00edv\u00e1n\u00ed<\/b>: integrovan\u00e1 baterie 8480 mAh<\/li>\n<\/ul>\n","protected":false},"featured_media":13033,"comment_status":"open","ping_status":"closed","template":"","meta":{"_acf_changed":false},"product_brand":[],"product_cat":[1563,1526],"product_tag":[],"class_list":{"0":"post-34957","1":"product","2":"type-product","3":"status-publish","4":"has-post-thumbnail","6":"product_cat-nezarazene","7":"product_cat-odolny-tablet","8":"pa_hersteller-getac-cs","10":"first","11":"instock","12":"taxable","13":"shipping-taxable","14":"purchasable","15":"product-type-simple"},"acf":[],"yoast_head":"<!-- This site is optimized with the Yoast SEO Premium plugin v20.10 (Yoast SEO v24.3) - https:\/\/yoast.com\/wordpress\/plugins\/seo\/ -->\n<title>Zde si m\u016f\u017eete koupit GETAC ZX70 - ALEGER \u22c6 Augmented Reality<\/title>\n<meta name=\"description\" content=\"Odoln\u00fd tablet ZX70 s certifikac\u00ed IP67 a ov\u011b\u0159en\u00edm MIL-STD-810H si m\u016f\u017eete po\u0159\u00eddit zde. D\u00edky tomu je prachot\u011bsn\u00fd a vodot\u011bsn\u00fd!\" \/>\n<meta name=\"robots\" content=\"index, follow, max-snippet:-1, max-image-preview:large, max-video-preview:-1\" \/>\n<meta property=\"og:locale\" content=\"cs_CZ\" \/>\n<meta property=\"og:type\" content=\"article\" \/>\n<meta property=\"og:title\" content=\"GETAC ZX70, 7&quot; displej, Android 9, IP67, MIL-STD 810H\" \/>\n<meta property=\"og:description\" content=\"Odoln\u00fd tablet ZX70 s certifikac\u00ed IP67 a ov\u011b\u0159en\u00edm MIL-STD-810H si m\u016f\u017eete po\u0159\u00eddit zde. D\u00edky tomu je prachot\u011bsn\u00fd a vodot\u011bsn\u00fd!\" \/>\n<meta property=\"og:url\" content=\"https:\/\/alegerglobal.com\/cs\/nezarazene\/getac-zx70-2\/\" \/>\n<meta property=\"og:site_name\" content=\"ALEGER \u22c6 Augmented Reality\" \/>\n<meta property=\"og:image\" content=\"https:\/\/alegerglobal.com\/wp-content\/uploads\/2021\/03\/zx70_1.png\" \/>\n\t<meta property=\"og:image:width\" content=\"1280\" \/>\n\t<meta property=\"og:image:height\" content=\"1280\" \/>\n\t<meta property=\"og:image:type\" content=\"image\/png\" \/>\n<meta name=\"twitter:card\" content=\"summary_large_image\" \/>\n<meta name=\"twitter:label1\" content=\"Cena\" \/>\n\t<meta name=\"twitter:data1\" content=\"&euro;1.149,99\" \/>\n\t<meta name=\"twitter:label2\" content=\"Dostupnost\" \/>\n\t<meta name=\"twitter:data2\" content=\"Skladem\" \/>\n<script type=\"application\/ld+json\" class=\"yoast-schema-graph\">{\"@context\":\"https:\/\/schema.org\",\"@graph\":[{\"@type\":\"WebPage\",\"@id\":\"https:\/\/alegerglobal.com\/cs\/nezarazene\/getac-zx70-2\/\",\"url\":\"https:\/\/alegerglobal.com\/cs\/nezarazene\/getac-zx70-2\/\",\"name\":\"Zde si m\u016f\u017eete koupit GETAC ZX70 - ALEGER \u22c6 Augmented Reality\",\"isPartOf\":{\"@id\":\"https:\/\/alegerglobal.com\/cs\/#website\"},\"primaryImageOfPage\":{\"@id\":\"https:\/\/alegerglobal.com\/cs\/nezarazene\/getac-zx70-2\/#primaryimage\"},\"image\":{\"@id\":\"https:\/\/alegerglobal.com\/cs\/nezarazene\/getac-zx70-2\/#primaryimage\"},\"thumbnailUrl\":\"https:\/\/alegerglobal.com\/wp-content\/uploads\/2021\/03\/zx70_1.png\",\"datePublished\":\"2022-05-19T08:02:35+00:00\",\"dateModified\":\"2022-05-19T08:02:35+00:00\",\"description\":\"Odoln\u00fd tablet ZX70 s certifikac\u00ed IP67 a ov\u011b\u0159en\u00edm MIL-STD-810H si m\u016f\u017eete po\u0159\u00eddit zde. D\u00edky tomu je prachot\u011bsn\u00fd a vodot\u011bsn\u00fd!\",\"breadcrumb\":{\"@id\":\"https:\/\/alegerglobal.com\/cs\/nezarazene\/getac-zx70-2\/#breadcrumb\"},\"inLanguage\":\"cs\",\"potentialAction\":[{\"@type\":\"ReadAction\",\"target\":[\"https:\/\/alegerglobal.com\/cs\/nezarazene\/getac-zx70-2\/\"]}]},{\"@type\":\"ImageObject\",\"inLanguage\":\"cs\",\"@id\":\"https:\/\/alegerglobal.com\/cs\/nezarazene\/getac-zx70-2\/#primaryimage\",\"url\":\"https:\/\/alegerglobal.com\/wp-content\/uploads\/2021\/03\/zx70_1.png\",\"contentUrl\":\"https:\/\/alegerglobal.com\/wp-content\/uploads\/2021\/03\/zx70_1.png\",\"width\":1280,\"height\":1280,\"caption\":\"GETAC ZX70 se 7palcov\u00fdm displejem\"},{\"@type\":\"BreadcrumbList\",\"@id\":\"https:\/\/alegerglobal.com\/cs\/nezarazene\/getac-zx70-2\/#breadcrumb\",\"itemListElement\":[{\"@type\":\"ListItem\",\"position\":1,\"name\":\"Home\",\"item\":\"https:\/\/alegerglobal.com\/cs\/novinka-domovska-stranka\/\"},{\"@type\":\"ListItem\",\"position\":2,\"name\":\"Produkty\",\"item\":\"https:\/\/alegerglobal.com\/cs\/produkty\/\"},{\"@type\":\"ListItem\",\"position\":3,\"name\":\"GETAC ZX70, 7&#8243; displej, Android 9, IP67, MIL-STD 810H\"}]},{\"@type\":\"WebSite\",\"@id\":\"https:\/\/alegerglobal.com\/cs\/#website\",\"url\":\"https:\/\/alegerglobal.com\/cs\/\",\"name\":\"ALEGER \u22c6 Augmented Reality\",\"description\":\"Die besten Augmented Reality (AR) L\u00f6sungen der Welt.\",\"publisher\":{\"@id\":\"https:\/\/alegerglobal.com\/cs\/#organization\"},\"potentialAction\":[{\"@type\":\"SearchAction\",\"target\":{\"@type\":\"EntryPoint\",\"urlTemplate\":\"https:\/\/alegerglobal.com\/cs\/?s={search_term_string}\"},\"query-input\":{\"@type\":\"PropertyValueSpecification\",\"valueRequired\":true,\"valueName\":\"search_term_string\"}}],\"inLanguage\":\"cs\"},{\"@type\":\"Organization\",\"@id\":\"https:\/\/alegerglobal.com\/cs\/#organization\",\"name\":\"ALEGER \u22c6 Augmented Reality\",\"url\":\"https:\/\/alegerglobal.com\/cs\/\",\"logo\":{\"@type\":\"ImageObject\",\"inLanguage\":\"cs\",\"@id\":\"https:\/\/alegerglobal.com\/cs\/#\/schema\/logo\/image\/\",\"url\":\"https:\/\/alegerglobal.com\/wp-content\/uploads\/2020\/12\/aleger-logo-quadrat.jpg\",\"contentUrl\":\"https:\/\/alegerglobal.com\/wp-content\/uploads\/2020\/12\/aleger-logo-quadrat.jpg\",\"width\":200,\"height\":176,\"caption\":\"ALEGER \u22c6 Augmented Reality\"},\"image\":{\"@id\":\"https:\/\/alegerglobal.com\/cs\/#\/schema\/logo\/image\/\"}}]}<\/script>\n<meta property=\"product:brand\" content=\"Getac\" \/>\n<meta property=\"product:price:amount\" content=\"1149.99\" \/>\n<meta property=\"product:price:currency\" content=\"EUR\" \/>\n<meta property=\"og:availability\" content=\"instock\" \/>\n<meta property=\"product:availability\" content=\"instock\" \/>\n<meta property=\"product:condition\" content=\"new\" \/>\n<!-- \/ Yoast SEO Premium plugin. -->","yoast_head_json":{"title":"Zde si m\u016f\u017eete koupit GETAC ZX70 - ALEGER \u22c6 Augmented Reality","description":"Odoln\u00fd tablet ZX70 s certifikac\u00ed IP67 a ov\u011b\u0159en\u00edm MIL-STD-810H si m\u016f\u017eete po\u0159\u00eddit zde. D\u00edky tomu je prachot\u011bsn\u00fd a vodot\u011bsn\u00fd!","robots":{"index":"index","follow":"follow","max-snippet":"max-snippet:-1","max-image-preview":"max-image-preview:large","max-video-preview":"max-video-preview:-1"},"og_locale":"cs_CZ","og_type":"article","og_title":"GETAC ZX70, 7\" displej, Android 9, IP67, MIL-STD 810H","og_description":"Odoln\u00fd tablet ZX70 s certifikac\u00ed IP67 a ov\u011b\u0159en\u00edm MIL-STD-810H si m\u016f\u017eete po\u0159\u00eddit zde. D\u00edky tomu je prachot\u011bsn\u00fd a vodot\u011bsn\u00fd!","og_url":"https:\/\/alegerglobal.com\/cs\/nezarazene\/getac-zx70-2\/","og_site_name":"ALEGER \u22c6 Augmented Reality","og_image":[{"width":1280,"height":1280,"url":"https:\/\/alegerglobal.com\/wp-content\/uploads\/2021\/03\/zx70_1.png","type":"image\/png"}],"twitter_card":"summary_large_image","twitter_misc":{"Cena":"&euro;1.149,99","Dostupnost":"Skladem"},"schema":{"@context":"https:\/\/schema.org","@graph":[{"@type":"WebPage","@id":"https:\/\/alegerglobal.com\/cs\/nezarazene\/getac-zx70-2\/","url":"https:\/\/alegerglobal.com\/cs\/nezarazene\/getac-zx70-2\/","name":"Zde si m\u016f\u017eete koupit GETAC ZX70 - ALEGER \u22c6 Augmented Reality","isPartOf":{"@id":"https:\/\/alegerglobal.com\/cs\/#website"},"primaryImageOfPage":{"@id":"https:\/\/alegerglobal.com\/cs\/nezarazene\/getac-zx70-2\/#primaryimage"},"image":{"@id":"https:\/\/alegerglobal.com\/cs\/nezarazene\/getac-zx70-2\/#primaryimage"},"thumbnailUrl":"https:\/\/alegerglobal.com\/wp-content\/uploads\/2021\/03\/zx70_1.png","datePublished":"2022-05-19T08:02:35+00:00","dateModified":"2022-05-19T08:02:35+00:00","description":"Odoln\u00fd tablet ZX70 s certifikac\u00ed IP67 a ov\u011b\u0159en\u00edm MIL-STD-810H si m\u016f\u017eete po\u0159\u00eddit zde. D\u00edky tomu je prachot\u011bsn\u00fd a vodot\u011bsn\u00fd!","breadcrumb":{"@id":"https:\/\/alegerglobal.com\/cs\/nezarazene\/getac-zx70-2\/#breadcrumb"},"inLanguage":"cs","potentialAction":[{"@type":"ReadAction","target":["https:\/\/alegerglobal.com\/cs\/nezarazene\/getac-zx70-2\/"]}]},{"@type":"ImageObject","inLanguage":"cs","@id":"https:\/\/alegerglobal.com\/cs\/nezarazene\/getac-zx70-2\/#primaryimage","url":"https:\/\/alegerglobal.com\/wp-content\/uploads\/2021\/03\/zx70_1.png","contentUrl":"https:\/\/alegerglobal.com\/wp-content\/uploads\/2021\/03\/zx70_1.png","width":1280,"height":1280,"caption":"GETAC ZX70 se 7palcov\u00fdm displejem"},{"@type":"BreadcrumbList","@id":"https:\/\/alegerglobal.com\/cs\/nezarazene\/getac-zx70-2\/#breadcrumb","itemListElement":[{"@type":"ListItem","position":1,"name":"Home","item":"https:\/\/alegerglobal.com\/cs\/novinka-domovska-stranka\/"},{"@type":"ListItem","position":2,"name":"Produkty","item":"https:\/\/alegerglobal.com\/cs\/produkty\/"},{"@type":"ListItem","position":3,"name":"GETAC ZX70, 7&#8243; displej, Android 9, IP67, MIL-STD 810H"}]},{"@type":"WebSite","@id":"https:\/\/alegerglobal.com\/cs\/#website","url":"https:\/\/alegerglobal.com\/cs\/","name":"ALEGER \u22c6 Augmented Reality","description":"Die besten Augmented Reality (AR) L\u00f6sungen der Welt.","publisher":{"@id":"https:\/\/alegerglobal.com\/cs\/#organization"},"potentialAction":[{"@type":"SearchAction","target":{"@type":"EntryPoint","urlTemplate":"https:\/\/alegerglobal.com\/cs\/?s={search_term_string}"},"query-input":{"@type":"PropertyValueSpecification","valueRequired":true,"valueName":"search_term_string"}}],"inLanguage":"cs"},{"@type":"Organization","@id":"https:\/\/alegerglobal.com\/cs\/#organization","name":"ALEGER \u22c6 Augmented Reality","url":"https:\/\/alegerglobal.com\/cs\/","logo":{"@type":"ImageObject","inLanguage":"cs","@id":"https:\/\/alegerglobal.com\/cs\/#\/schema\/logo\/image\/","url":"https:\/\/alegerglobal.com\/wp-content\/uploads\/2020\/12\/aleger-logo-quadrat.jpg","contentUrl":"https:\/\/alegerglobal.com\/wp-content\/uploads\/2020\/12\/aleger-logo-quadrat.jpg","width":200,"height":176,"caption":"ALEGER \u22c6 Augmented Reality"},"image":{"@id":"https:\/\/alegerglobal.com\/cs\/#\/schema\/logo\/image\/"}}]},"product_brand":"Getac","product_price_amount":"1149.99","product_price_currency":"EUR","og_availability":"instock","product_availability":"instock","product_condition":"new"},"_links":{"self":[{"href":"https:\/\/alegerglobal.com\/cs\/wp-json\/wp\/v2\/product\/34957","targetHints":{"allow":["GET"]}}],"collection":[{"href":"https:\/\/alegerglobal.com\/cs\/wp-json\/wp\/v2\/product"}],"about":[{"href":"https:\/\/alegerglobal.com\/cs\/wp-json\/wp\/v2\/types\/product"}],"replies":[{"embeddable":true,"href":"https:\/\/alegerglobal.com\/cs\/wp-json\/wp\/v2\/comments?post=34957"}],"version-history":[{"count":0,"href":"https:\/\/alegerglobal.com\/cs\/wp-json\/wp\/v2\/product\/34957\/revisions"}],"wp:featuredmedia":[{"embeddable":true,"href":"https:\/\/alegerglobal.com\/cs\/wp-json\/wp\/v2\/media\/13033"}],"wp:attachment":[{"href":"https:\/\/alegerglobal.com\/cs\/wp-json\/wp\/v2\/media?parent=34957"}],"wp:term":[{"taxonomy":"product_brand","embeddable":true,"href":"https:\/\/alegerglobal.com\/cs\/wp-json\/wp\/v2\/product_brand?post=34957"},{"taxonomy":"product_cat","embeddable":true,"href":"https:\/\/alegerglobal.com\/cs\/wp-json\/wp\/v2\/product_cat?post=34957"},{"taxonomy":"product_tag","embeddable":true,"href":"https:\/\/alegerglobal.com\/cs\/wp-json\/wp\/v2\/product_tag?post=34957"}],"curies":[{"name":"wp","href":"https:\/\/api.w.org\/{rel}","templated":true}]}}