{"id":34955,"date":"2021-03-10T07:00:52","date_gmt":"2022-05-19T08:02:32","guid":{"rendered":"https:\/\/alegerglobal.com\/nezarazene\/panasonic-toughbook-55-hd-odolny-notebook-mil-std-810h-ip53-14-windows-10-pro\/"},"modified":"2022-05-19T09:02:32","modified_gmt":"2022-05-19T08:02:32","slug":"toughbook-55-2","status":"publish","type":"product","link":"https:\/\/alegerglobal.com\/cs\/shop-cs\/odolny-notebook\/toughbook-55-2\/","title":{"rendered":"Panasonic Toughbook 55 HD, odoln\u00fd notebook, MIL-STD-810H, IP53, 14&#8243;, Windows 10 Pro"},"content":{"rendered":"","protected":false},"excerpt":{"rendered":"<ul>\n<li aria-level=\"1\"><b>Odoln\u00fd notebook testovan\u00fd podle MIL-STD 810H a s certifikac\u00ed IP53<\/b><\/li>\n<li aria-level=\"1\"><b>Dokonal\u00e1 viditelnost v\u0161ech informac\u00ed: <\/b><span style=\"font-weight: 400;\">14palcov\u00fd displej s rozli\u0161en\u00edm Full HD<\/span><\/li>\n<li aria-level=\"1\"><b>Rychl\u00fd a bezpe\u010dn\u00fd software: <\/b><span style=\"font-weight: 400;\">P\u0159edinstalovan\u00fd syst\u00e9m Windows 10 Pro<\/span><\/li>\n<li aria-level=\"1\"><b>Dlouh\u00e9 venkovn\u00ed pou\u017eit\u00ed bez nab\u00edjec\u00ed pauzy: <\/b><span style=\"font-weight: 400;\">Baterie s kapacitou 6500 mAh poskytuje v\u00fddr\u017e 20 hodin, druh\u00e1 baterie 40 hodin.<\/span><\/li>\n<li aria-level=\"1\"><b>Rychl\u00e9 ukl\u00e1d\u00e1n\u00ed velk\u00e9ho mno\u017estv\u00ed dat:<\/b><span style=\"font-weight: 400;\"> Integrovan\u00fd disk SSD s kapacitou 256 GB<\/span><\/li>\n<li aria-level=\"1\"><b>Flexibiln\u00ed p\u0159ipojen\u00ed: <\/b><span style=\"font-weight: 400;\">4g LTE, Bluetooth 5 a integrovan\u00e1 Wi-Fi<\/span><\/li>\n<li aria-level=\"1\"><b>Z\u016fsta\u0148te v kontaktu s kolegy: <\/b><span style=\"font-weight: 400;\">\u010dty\u0159i integrovan\u00e9 mikrofony a 2 MP kamera pro videohovory a konference.<\/span><\/li>\n<\/ul>\n<p><b>Lehk\u00e1 konstrukce<\/b><span style=\"font-weight: 400;\">: Pouze 2,08 kg celkov\u00e9 hmotnosti<\/span><\/p>\n","protected":false},"featured_media":13498,"comment_status":"open","ping_status":"closed","template":"","meta":{"_acf_changed":false},"product_brand":[],"product_cat":[1555,1516],"product_tag":[],"class_list":{"0":"post-34955","1":"product","2":"type-product","3":"status-publish","4":"has-post-thumbnail","6":"product_cat-odolny-notebook","7":"product_cat-shop-cs","8":"pa_hersteller-panasonic-cs","10":"first","11":"instock","12":"taxable","13":"shipping-taxable","14":"purchasable","15":"product-type-simple"},"acf":[],"yoast_head":"<!-- This site is optimized with the Yoast SEO Premium plugin v20.10 (Yoast SEO v24.3) - https:\/\/yoast.com\/wordpress\/plugins\/seo\/ -->\n<title>Koupit Panasonic Toughbook 55 HD - ALEGER \u22c6 Augmented Reality<\/title>\n<meta name=\"description\" content=\"Objevte zde odoln\u00fd notebook Toughbook 55 HD od spole\u010dnosti Panasonic, kter\u00fd se zam\u011b\u0159uje na bezpe\u010dnost, odolnost a flexibilitu.\" \/>\n<meta name=\"robots\" content=\"index, follow, max-snippet:-1, max-image-preview:large, max-video-preview:-1\" \/>\n<meta property=\"og:locale\" content=\"cs_CZ\" \/>\n<meta property=\"og:type\" content=\"article\" \/>\n<meta property=\"og:title\" content=\"Panasonic Toughbook 55 HD, odoln\u00fd notebook, MIL-STD-810H, IP53, 14&quot;, Windows 10 Pro\" \/>\n<meta property=\"og:description\" content=\"Objevte zde odoln\u00fd notebook Toughbook 55 HD od spole\u010dnosti Panasonic, kter\u00fd se zam\u011b\u0159uje na bezpe\u010dnost, odolnost a flexibilitu.\" \/>\n<meta property=\"og:url\" content=\"https:\/\/alegerglobal.com\/cs\/shop-cs\/odolny-notebook\/toughbook-55-2\/\" \/>\n<meta property=\"og:site_name\" content=\"ALEGER \u22c6 Augmented Reality\" \/>\n<meta property=\"og:image\" content=\"https:\/\/alegerglobal.com\/wp-content\/uploads\/2021\/03\/Unbenannt-70.jpg\" \/>\n\t<meta property=\"og:image:width\" content=\"800\" \/>\n\t<meta property=\"og:image:height\" content=\"800\" \/>\n\t<meta property=\"og:image:type\" content=\"image\/jpeg\" \/>\n<meta name=\"twitter:card\" content=\"summary_large_image\" \/>\n<meta name=\"twitter:label1\" content=\"Cena\" \/>\n\t<meta name=\"twitter:data1\" content=\"&euro;3.499,99\" \/>\n\t<meta name=\"twitter:label2\" content=\"Dostupnost\" \/>\n\t<meta name=\"twitter:data2\" content=\"Skladem\" \/>\n<script type=\"application\/ld+json\" class=\"yoast-schema-graph\">{\"@context\":\"https:\/\/schema.org\",\"@graph\":[{\"@type\":\"WebPage\",\"@id\":\"https:\/\/alegerglobal.com\/cs\/shop-cs\/odolny-notebook\/toughbook-55-2\/\",\"url\":\"https:\/\/alegerglobal.com\/cs\/shop-cs\/odolny-notebook\/toughbook-55-2\/\",\"name\":\"Koupit Panasonic Toughbook 55 HD - ALEGER \u22c6 Augmented Reality\",\"isPartOf\":{\"@id\":\"https:\/\/alegerglobal.com\/cs\/#website\"},\"primaryImageOfPage\":{\"@id\":\"https:\/\/alegerglobal.com\/cs\/shop-cs\/odolny-notebook\/toughbook-55-2\/#primaryimage\"},\"image\":{\"@id\":\"https:\/\/alegerglobal.com\/cs\/shop-cs\/odolny-notebook\/toughbook-55-2\/#primaryimage\"},\"thumbnailUrl\":\"https:\/\/alegerglobal.com\/wp-content\/uploads\/2021\/03\/Unbenannt-70.jpg\",\"datePublished\":\"2022-05-19T08:02:32+00:00\",\"dateModified\":\"2022-05-19T08:02:32+00:00\",\"description\":\"Objevte zde odoln\u00fd notebook Toughbook 55 HD od spole\u010dnosti Panasonic, kter\u00fd se zam\u011b\u0159uje na bezpe\u010dnost, odolnost a flexibilitu.\",\"breadcrumb\":{\"@id\":\"https:\/\/alegerglobal.com\/cs\/shop-cs\/odolny-notebook\/toughbook-55-2\/#breadcrumb\"},\"inLanguage\":\"cs\",\"potentialAction\":[{\"@type\":\"ReadAction\",\"target\":[\"https:\/\/alegerglobal.com\/cs\/shop-cs\/odolny-notebook\/toughbook-55-2\/\"]}]},{\"@type\":\"ImageObject\",\"inLanguage\":\"cs\",\"@id\":\"https:\/\/alegerglobal.com\/cs\/shop-cs\/odolny-notebook\/toughbook-55-2\/#primaryimage\",\"url\":\"https:\/\/alegerglobal.com\/wp-content\/uploads\/2021\/03\/Unbenannt-70.jpg\",\"contentUrl\":\"https:\/\/alegerglobal.com\/wp-content\/uploads\/2021\/03\/Unbenannt-70.jpg\",\"width\":800,\"height\":800},{\"@type\":\"BreadcrumbList\",\"@id\":\"https:\/\/alegerglobal.com\/cs\/shop-cs\/odolny-notebook\/toughbook-55-2\/#breadcrumb\",\"itemListElement\":[{\"@type\":\"ListItem\",\"position\":1,\"name\":\"Home\",\"item\":\"https:\/\/alegerglobal.com\/cs\/novinka-domovska-stranka\/\"},{\"@type\":\"ListItem\",\"position\":2,\"name\":\"Produkty\",\"item\":\"https:\/\/alegerglobal.com\/cs\/produkty\/\"},{\"@type\":\"ListItem\",\"position\":3,\"name\":\"Panasonic Toughbook 55 HD, odoln\u00fd notebook, MIL-STD-810H, IP53, 14&#8243;, Windows 10 Pro\"}]},{\"@type\":\"WebSite\",\"@id\":\"https:\/\/alegerglobal.com\/cs\/#website\",\"url\":\"https:\/\/alegerglobal.com\/cs\/\",\"name\":\"ALEGER \u22c6 Augmented Reality\",\"description\":\"Die besten Augmented Reality (AR) L\u00f6sungen der Welt.\",\"publisher\":{\"@id\":\"https:\/\/alegerglobal.com\/cs\/#organization\"},\"potentialAction\":[{\"@type\":\"SearchAction\",\"target\":{\"@type\":\"EntryPoint\",\"urlTemplate\":\"https:\/\/alegerglobal.com\/cs\/?s={search_term_string}\"},\"query-input\":{\"@type\":\"PropertyValueSpecification\",\"valueRequired\":true,\"valueName\":\"search_term_string\"}}],\"inLanguage\":\"cs\"},{\"@type\":\"Organization\",\"@id\":\"https:\/\/alegerglobal.com\/cs\/#organization\",\"name\":\"ALEGER \u22c6 Augmented Reality\",\"url\":\"https:\/\/alegerglobal.com\/cs\/\",\"logo\":{\"@type\":\"ImageObject\",\"inLanguage\":\"cs\",\"@id\":\"https:\/\/alegerglobal.com\/cs\/#\/schema\/logo\/image\/\",\"url\":\"https:\/\/alegerglobal.com\/wp-content\/uploads\/2020\/12\/aleger-logo-quadrat.jpg\",\"contentUrl\":\"https:\/\/alegerglobal.com\/wp-content\/uploads\/2020\/12\/aleger-logo-quadrat.jpg\",\"width\":200,\"height\":176,\"caption\":\"ALEGER \u22c6 Augmented Reality\"},\"image\":{\"@id\":\"https:\/\/alegerglobal.com\/cs\/#\/schema\/logo\/image\/\"}}]}<\/script>\n<meta property=\"product:brand\" content=\"Panasonic\" \/>\n<meta property=\"product:price:amount\" content=\"3499.99\" \/>\n<meta property=\"product:price:currency\" content=\"EUR\" \/>\n<meta property=\"og:availability\" content=\"instock\" \/>\n<meta property=\"product:availability\" content=\"instock\" \/>\n<meta property=\"product:condition\" content=\"new\" \/>\n<!-- \/ Yoast SEO Premium plugin. -->","yoast_head_json":{"title":"Koupit Panasonic Toughbook 55 HD - ALEGER \u22c6 Augmented Reality","description":"Objevte zde odoln\u00fd notebook Toughbook 55 HD od spole\u010dnosti Panasonic, kter\u00fd se zam\u011b\u0159uje na bezpe\u010dnost, odolnost a flexibilitu.","robots":{"index":"index","follow":"follow","max-snippet":"max-snippet:-1","max-image-preview":"max-image-preview:large","max-video-preview":"max-video-preview:-1"},"og_locale":"cs_CZ","og_type":"article","og_title":"Panasonic Toughbook 55 HD, odoln\u00fd notebook, MIL-STD-810H, IP53, 14\", Windows 10 Pro","og_description":"Objevte zde odoln\u00fd notebook Toughbook 55 HD od spole\u010dnosti Panasonic, kter\u00fd se zam\u011b\u0159uje na bezpe\u010dnost, odolnost a flexibilitu.","og_url":"https:\/\/alegerglobal.com\/cs\/shop-cs\/odolny-notebook\/toughbook-55-2\/","og_site_name":"ALEGER \u22c6 Augmented Reality","og_image":[{"width":800,"height":800,"url":"https:\/\/alegerglobal.com\/wp-content\/uploads\/2021\/03\/Unbenannt-70.jpg","type":"image\/jpeg"}],"twitter_card":"summary_large_image","twitter_misc":{"Cena":"&euro;3.499,99","Dostupnost":"Skladem"},"schema":{"@context":"https:\/\/schema.org","@graph":[{"@type":"WebPage","@id":"https:\/\/alegerglobal.com\/cs\/shop-cs\/odolny-notebook\/toughbook-55-2\/","url":"https:\/\/alegerglobal.com\/cs\/shop-cs\/odolny-notebook\/toughbook-55-2\/","name":"Koupit Panasonic Toughbook 55 HD - ALEGER \u22c6 Augmented Reality","isPartOf":{"@id":"https:\/\/alegerglobal.com\/cs\/#website"},"primaryImageOfPage":{"@id":"https:\/\/alegerglobal.com\/cs\/shop-cs\/odolny-notebook\/toughbook-55-2\/#primaryimage"},"image":{"@id":"https:\/\/alegerglobal.com\/cs\/shop-cs\/odolny-notebook\/toughbook-55-2\/#primaryimage"},"thumbnailUrl":"https:\/\/alegerglobal.com\/wp-content\/uploads\/2021\/03\/Unbenannt-70.jpg","datePublished":"2022-05-19T08:02:32+00:00","dateModified":"2022-05-19T08:02:32+00:00","description":"Objevte zde odoln\u00fd notebook Toughbook 55 HD od spole\u010dnosti Panasonic, kter\u00fd se zam\u011b\u0159uje na bezpe\u010dnost, odolnost a flexibilitu.","breadcrumb":{"@id":"https:\/\/alegerglobal.com\/cs\/shop-cs\/odolny-notebook\/toughbook-55-2\/#breadcrumb"},"inLanguage":"cs","potentialAction":[{"@type":"ReadAction","target":["https:\/\/alegerglobal.com\/cs\/shop-cs\/odolny-notebook\/toughbook-55-2\/"]}]},{"@type":"ImageObject","inLanguage":"cs","@id":"https:\/\/alegerglobal.com\/cs\/shop-cs\/odolny-notebook\/toughbook-55-2\/#primaryimage","url":"https:\/\/alegerglobal.com\/wp-content\/uploads\/2021\/03\/Unbenannt-70.jpg","contentUrl":"https:\/\/alegerglobal.com\/wp-content\/uploads\/2021\/03\/Unbenannt-70.jpg","width":800,"height":800},{"@type":"BreadcrumbList","@id":"https:\/\/alegerglobal.com\/cs\/shop-cs\/odolny-notebook\/toughbook-55-2\/#breadcrumb","itemListElement":[{"@type":"ListItem","position":1,"name":"Home","item":"https:\/\/alegerglobal.com\/cs\/novinka-domovska-stranka\/"},{"@type":"ListItem","position":2,"name":"Produkty","item":"https:\/\/alegerglobal.com\/cs\/produkty\/"},{"@type":"ListItem","position":3,"name":"Panasonic Toughbook 55 HD, odoln\u00fd notebook, MIL-STD-810H, IP53, 14&#8243;, Windows 10 Pro"}]},{"@type":"WebSite","@id":"https:\/\/alegerglobal.com\/cs\/#website","url":"https:\/\/alegerglobal.com\/cs\/","name":"ALEGER \u22c6 Augmented Reality","description":"Die besten Augmented Reality (AR) L\u00f6sungen der Welt.","publisher":{"@id":"https:\/\/alegerglobal.com\/cs\/#organization"},"potentialAction":[{"@type":"SearchAction","target":{"@type":"EntryPoint","urlTemplate":"https:\/\/alegerglobal.com\/cs\/?s={search_term_string}"},"query-input":{"@type":"PropertyValueSpecification","valueRequired":true,"valueName":"search_term_string"}}],"inLanguage":"cs"},{"@type":"Organization","@id":"https:\/\/alegerglobal.com\/cs\/#organization","name":"ALEGER \u22c6 Augmented Reality","url":"https:\/\/alegerglobal.com\/cs\/","logo":{"@type":"ImageObject","inLanguage":"cs","@id":"https:\/\/alegerglobal.com\/cs\/#\/schema\/logo\/image\/","url":"https:\/\/alegerglobal.com\/wp-content\/uploads\/2020\/12\/aleger-logo-quadrat.jpg","contentUrl":"https:\/\/alegerglobal.com\/wp-content\/uploads\/2020\/12\/aleger-logo-quadrat.jpg","width":200,"height":176,"caption":"ALEGER \u22c6 Augmented Reality"},"image":{"@id":"https:\/\/alegerglobal.com\/cs\/#\/schema\/logo\/image\/"}}]},"product_brand":"Panasonic","product_price_amount":"3499.99","product_price_currency":"EUR","og_availability":"instock","product_availability":"instock","product_condition":"new"},"_links":{"self":[{"href":"https:\/\/alegerglobal.com\/cs\/wp-json\/wp\/v2\/product\/34955","targetHints":{"allow":["GET"]}}],"collection":[{"href":"https:\/\/alegerglobal.com\/cs\/wp-json\/wp\/v2\/product"}],"about":[{"href":"https:\/\/alegerglobal.com\/cs\/wp-json\/wp\/v2\/types\/product"}],"replies":[{"embeddable":true,"href":"https:\/\/alegerglobal.com\/cs\/wp-json\/wp\/v2\/comments?post=34955"}],"version-history":[{"count":0,"href":"https:\/\/alegerglobal.com\/cs\/wp-json\/wp\/v2\/product\/34955\/revisions"}],"wp:featuredmedia":[{"embeddable":true,"href":"https:\/\/alegerglobal.com\/cs\/wp-json\/wp\/v2\/media\/13498"}],"wp:attachment":[{"href":"https:\/\/alegerglobal.com\/cs\/wp-json\/wp\/v2\/media?parent=34955"}],"wp:term":[{"taxonomy":"product_brand","embeddable":true,"href":"https:\/\/alegerglobal.com\/cs\/wp-json\/wp\/v2\/product_brand?post=34955"},{"taxonomy":"product_cat","embeddable":true,"href":"https:\/\/alegerglobal.com\/cs\/wp-json\/wp\/v2\/product_cat?post=34955"},{"taxonomy":"product_tag","embeddable":true,"href":"https:\/\/alegerglobal.com\/cs\/wp-json\/wp\/v2\/product_tag?post=34955"}],"curies":[{"name":"wp","href":"https:\/\/api.w.org\/{rel}","templated":true}]}}