{"id":34954,"date":"2021-03-10T08:13:48","date_gmt":"2022-05-19T08:02:31","guid":{"rendered":"https:\/\/alegerglobal.com\/nezarazene\/getac-ux10-ex-tablet-s-ochranou-proti-vybuchu-atex-zone-2-mil-std-810g-101-windows-10\/"},"modified":"2022-05-19T09:02:31","modified_gmt":"2022-05-19T08:02:31","slug":"getac-ux10-ex-2","status":"publish","type":"product","link":"https:\/\/alegerglobal.com\/cs\/shop-cs\/getac-ux10-ex-2\/","title":{"rendered":"Getac UX10-Ex, tablet s ochranou proti v\u00fdbuchu, Atex Zone 2, MIL-STD-810G, 10,1&#8243;, Windows 10"},"content":{"rendered":"","protected":false},"excerpt":{"rendered":"<ul>\n<li><b>Odoln\u00fd tablet s certifikac\u00ed MIL-STD 810G pro z\u00f3nu ATEX 2<\/b><\/li>\n<li><b>Aktu\u00e1ln\u00ed opera\u010dn\u00ed syst\u00e9m: <\/b><span style=\"font-weight: 400;\">P\u0159edinstalovan\u00fd syst\u00e9m Windows 10 Pro<\/span><\/li>\n<li><b>Rychl\u00fd hardware:<\/b><span style=\"font-weight: 400;\"> Procesor i5 a 8 GB pam\u011bti DDR4<\/span><\/li>\n<li><b>Pr\u00e1ce bez osln\u011bn\u00ed:<\/b><span style=\"font-weight: 400;\"> 10,1&#8243; displej LumiBond\u00ae s jasem 1 000 nit\u016f <\/span> <\/li>\n<li><b>Rychl\u00e9 ukl\u00e1d\u00e1n\u00ed velk\u00e9ho mno\u017estv\u00ed dat:<\/b><span style=\"font-weight: 400;\"> Integrovan\u00fd disk SSD s kapacitou 256 GB<\/span><\/li>\n<li><b>Pohodln\u00e9 ovl\u00e1d\u00e1n\u00ed:<\/b><span style=\"font-weight: 400;\"> P\u011bt voln\u011b programovateln\u00fdch tla\u010d\u00edtek tabletu<\/span><\/li>\n<li><b>Zabezpe\u010den\u00ed va\u0161ich dat:<\/b><span style=\"font-weight: 400;\"> Integrovan\u00fd \u010dip TPM 2.0 a z\u00e1mek Kensington<\/span><\/li>\n<li><b>3let\u00e1 z\u00e1ruka od n\u00e1razn\u00edku k n\u00e1razn\u00edku<\/b><\/li>\n<\/ul>\n<ul>\n<li style=\"list-style-type: none;\">\n<\/li>\n<\/ul>\n<p>&nbsp;<\/p>\n","protected":false},"featured_media":13330,"comment_status":"open","ping_status":"closed","template":"","meta":{"_acf_changed":false},"product_brand":[],"product_cat":[1516],"product_tag":[],"class_list":{"0":"post-34954","1":"product","2":"type-product","3":"status-publish","4":"has-post-thumbnail","6":"product_cat-shop-cs","7":"pa_hersteller-getac-cs","9":"first","10":"instock","11":"taxable","12":"shipping-taxable","13":"purchasable","14":"product-type-simple"},"acf":[],"yoast_head":"<!-- This site is optimized with the Yoast SEO Premium plugin v20.10 (Yoast SEO v24.3) - https:\/\/yoast.com\/wordpress\/plugins\/seo\/ -->\n<title>Koupit Getac UX10-Ex - ALEGER \u22c6 Augmented Reality<\/title>\n<meta name=\"description\" content=\"Objevte odoln\u00fd tablet pro z\u00f3nu ATEX 2 s velkou pam\u011bt\u00ed a hardwarov\u00fdm \u0161ifrov\u00e1n\u00edm zde!\" \/>\n<meta name=\"robots\" content=\"index, follow, max-snippet:-1, max-image-preview:large, max-video-preview:-1\" \/>\n<meta property=\"og:locale\" content=\"cs_CZ\" \/>\n<meta property=\"og:type\" content=\"article\" \/>\n<meta property=\"og:title\" content=\"Getac UX10-Ex, tablet s ochranou proti v\u00fdbuchu, Atex Zone 2, MIL-STD-810G, 10,1&quot;, Windows 10\" \/>\n<meta property=\"og:description\" content=\"Objevte odoln\u00fd tablet pro z\u00f3nu ATEX 2 s velkou pam\u011bt\u00ed a hardwarov\u00fdm \u0161ifrov\u00e1n\u00edm zde!\" \/>\n<meta property=\"og:url\" content=\"https:\/\/alegerglobal.com\/cs\/shop-cs\/getac-ux10-ex-2\/\" \/>\n<meta property=\"og:site_name\" content=\"ALEGER \u22c6 Augmented Reality\" \/>\n<meta property=\"og:image\" content=\"https:\/\/alegerglobal.com\/wp-content\/uploads\/2021\/03\/Unbenannt-24.jpg\" \/>\n\t<meta property=\"og:image:width\" content=\"800\" \/>\n\t<meta property=\"og:image:height\" content=\"800\" \/>\n\t<meta property=\"og:image:type\" content=\"image\/jpeg\" \/>\n<meta name=\"twitter:card\" content=\"summary_large_image\" \/>\n<meta name=\"twitter:label1\" content=\"Cena\" \/>\n\t<meta name=\"twitter:data1\" content=\"&euro;3.199,99\" \/>\n\t<meta name=\"twitter:label2\" content=\"Dostupnost\" \/>\n\t<meta name=\"twitter:data2\" content=\"Skladem\" \/>\n<script type=\"application\/ld+json\" class=\"yoast-schema-graph\">{\"@context\":\"https:\/\/schema.org\",\"@graph\":[{\"@type\":\"WebPage\",\"@id\":\"https:\/\/alegerglobal.com\/cs\/shop-cs\/getac-ux10-ex-2\/\",\"url\":\"https:\/\/alegerglobal.com\/cs\/shop-cs\/getac-ux10-ex-2\/\",\"name\":\"Koupit Getac UX10-Ex - ALEGER \u22c6 Augmented Reality\",\"isPartOf\":{\"@id\":\"https:\/\/alegerglobal.com\/cs\/#website\"},\"primaryImageOfPage\":{\"@id\":\"https:\/\/alegerglobal.com\/cs\/shop-cs\/getac-ux10-ex-2\/#primaryimage\"},\"image\":{\"@id\":\"https:\/\/alegerglobal.com\/cs\/shop-cs\/getac-ux10-ex-2\/#primaryimage\"},\"thumbnailUrl\":\"https:\/\/alegerglobal.com\/wp-content\/uploads\/2021\/03\/Unbenannt-24.jpg\",\"datePublished\":\"2022-05-19T08:02:31+00:00\",\"dateModified\":\"2022-05-19T08:02:31+00:00\",\"description\":\"Objevte odoln\u00fd tablet pro z\u00f3nu ATEX 2 s velkou pam\u011bt\u00ed a hardwarov\u00fdm \u0161ifrov\u00e1n\u00edm zde!\",\"breadcrumb\":{\"@id\":\"https:\/\/alegerglobal.com\/cs\/shop-cs\/getac-ux10-ex-2\/#breadcrumb\"},\"inLanguage\":\"cs\",\"potentialAction\":[{\"@type\":\"ReadAction\",\"target\":[\"https:\/\/alegerglobal.com\/cs\/shop-cs\/getac-ux10-ex-2\/\"]}]},{\"@type\":\"ImageObject\",\"inLanguage\":\"cs\",\"@id\":\"https:\/\/alegerglobal.com\/cs\/shop-cs\/getac-ux10-ex-2\/#primaryimage\",\"url\":\"https:\/\/alegerglobal.com\/wp-content\/uploads\/2021\/03\/Unbenannt-24.jpg\",\"contentUrl\":\"https:\/\/alegerglobal.com\/wp-content\/uploads\/2021\/03\/Unbenannt-24.jpg\",\"width\":800,\"height\":800},{\"@type\":\"BreadcrumbList\",\"@id\":\"https:\/\/alegerglobal.com\/cs\/shop-cs\/getac-ux10-ex-2\/#breadcrumb\",\"itemListElement\":[{\"@type\":\"ListItem\",\"position\":1,\"name\":\"Home\",\"item\":\"https:\/\/alegerglobal.com\/cs\/novinka-domovska-stranka\/\"},{\"@type\":\"ListItem\",\"position\":2,\"name\":\"Produkty\",\"item\":\"https:\/\/alegerglobal.com\/cs\/produkty\/\"},{\"@type\":\"ListItem\",\"position\":3,\"name\":\"Getac UX10-Ex, tablet s ochranou proti v\u00fdbuchu, Atex Zone 2, MIL-STD-810G, 10,1&#8243;, Windows 10\"}]},{\"@type\":\"WebSite\",\"@id\":\"https:\/\/alegerglobal.com\/cs\/#website\",\"url\":\"https:\/\/alegerglobal.com\/cs\/\",\"name\":\"ALEGER \u22c6 Augmented Reality\",\"description\":\"Die besten Augmented Reality (AR) L\u00f6sungen der Welt.\",\"publisher\":{\"@id\":\"https:\/\/alegerglobal.com\/cs\/#organization\"},\"potentialAction\":[{\"@type\":\"SearchAction\",\"target\":{\"@type\":\"EntryPoint\",\"urlTemplate\":\"https:\/\/alegerglobal.com\/cs\/?s={search_term_string}\"},\"query-input\":{\"@type\":\"PropertyValueSpecification\",\"valueRequired\":true,\"valueName\":\"search_term_string\"}}],\"inLanguage\":\"cs\"},{\"@type\":\"Organization\",\"@id\":\"https:\/\/alegerglobal.com\/cs\/#organization\",\"name\":\"ALEGER \u22c6 Augmented Reality\",\"url\":\"https:\/\/alegerglobal.com\/cs\/\",\"logo\":{\"@type\":\"ImageObject\",\"inLanguage\":\"cs\",\"@id\":\"https:\/\/alegerglobal.com\/cs\/#\/schema\/logo\/image\/\",\"url\":\"https:\/\/alegerglobal.com\/wp-content\/uploads\/2020\/12\/aleger-logo-quadrat.jpg\",\"contentUrl\":\"https:\/\/alegerglobal.com\/wp-content\/uploads\/2020\/12\/aleger-logo-quadrat.jpg\",\"width\":200,\"height\":176,\"caption\":\"ALEGER \u22c6 Augmented Reality\"},\"image\":{\"@id\":\"https:\/\/alegerglobal.com\/cs\/#\/schema\/logo\/image\/\"}}]}<\/script>\n<meta property=\"product:brand\" content=\"Getac\" \/>\n<meta property=\"product:price:amount\" content=\"3199.99\" \/>\n<meta property=\"product:price:currency\" content=\"EUR\" \/>\n<meta property=\"og:availability\" content=\"instock\" \/>\n<meta property=\"product:availability\" content=\"instock\" \/>\n<meta property=\"product:condition\" content=\"new\" \/>\n<!-- \/ Yoast SEO Premium plugin. -->","yoast_head_json":{"title":"Koupit Getac UX10-Ex - ALEGER \u22c6 Augmented Reality","description":"Objevte odoln\u00fd tablet pro z\u00f3nu ATEX 2 s velkou pam\u011bt\u00ed a hardwarov\u00fdm \u0161ifrov\u00e1n\u00edm zde!","robots":{"index":"index","follow":"follow","max-snippet":"max-snippet:-1","max-image-preview":"max-image-preview:large","max-video-preview":"max-video-preview:-1"},"og_locale":"cs_CZ","og_type":"article","og_title":"Getac UX10-Ex, tablet s ochranou proti v\u00fdbuchu, Atex Zone 2, MIL-STD-810G, 10,1\", Windows 10","og_description":"Objevte odoln\u00fd tablet pro z\u00f3nu ATEX 2 s velkou pam\u011bt\u00ed a hardwarov\u00fdm \u0161ifrov\u00e1n\u00edm zde!","og_url":"https:\/\/alegerglobal.com\/cs\/shop-cs\/getac-ux10-ex-2\/","og_site_name":"ALEGER \u22c6 Augmented Reality","og_image":[{"width":800,"height":800,"url":"https:\/\/alegerglobal.com\/wp-content\/uploads\/2021\/03\/Unbenannt-24.jpg","type":"image\/jpeg"}],"twitter_card":"summary_large_image","twitter_misc":{"Cena":"&euro;3.199,99","Dostupnost":"Skladem"},"schema":{"@context":"https:\/\/schema.org","@graph":[{"@type":"WebPage","@id":"https:\/\/alegerglobal.com\/cs\/shop-cs\/getac-ux10-ex-2\/","url":"https:\/\/alegerglobal.com\/cs\/shop-cs\/getac-ux10-ex-2\/","name":"Koupit Getac UX10-Ex - ALEGER \u22c6 Augmented Reality","isPartOf":{"@id":"https:\/\/alegerglobal.com\/cs\/#website"},"primaryImageOfPage":{"@id":"https:\/\/alegerglobal.com\/cs\/shop-cs\/getac-ux10-ex-2\/#primaryimage"},"image":{"@id":"https:\/\/alegerglobal.com\/cs\/shop-cs\/getac-ux10-ex-2\/#primaryimage"},"thumbnailUrl":"https:\/\/alegerglobal.com\/wp-content\/uploads\/2021\/03\/Unbenannt-24.jpg","datePublished":"2022-05-19T08:02:31+00:00","dateModified":"2022-05-19T08:02:31+00:00","description":"Objevte odoln\u00fd tablet pro z\u00f3nu ATEX 2 s velkou pam\u011bt\u00ed a hardwarov\u00fdm \u0161ifrov\u00e1n\u00edm zde!","breadcrumb":{"@id":"https:\/\/alegerglobal.com\/cs\/shop-cs\/getac-ux10-ex-2\/#breadcrumb"},"inLanguage":"cs","potentialAction":[{"@type":"ReadAction","target":["https:\/\/alegerglobal.com\/cs\/shop-cs\/getac-ux10-ex-2\/"]}]},{"@type":"ImageObject","inLanguage":"cs","@id":"https:\/\/alegerglobal.com\/cs\/shop-cs\/getac-ux10-ex-2\/#primaryimage","url":"https:\/\/alegerglobal.com\/wp-content\/uploads\/2021\/03\/Unbenannt-24.jpg","contentUrl":"https:\/\/alegerglobal.com\/wp-content\/uploads\/2021\/03\/Unbenannt-24.jpg","width":800,"height":800},{"@type":"BreadcrumbList","@id":"https:\/\/alegerglobal.com\/cs\/shop-cs\/getac-ux10-ex-2\/#breadcrumb","itemListElement":[{"@type":"ListItem","position":1,"name":"Home","item":"https:\/\/alegerglobal.com\/cs\/novinka-domovska-stranka\/"},{"@type":"ListItem","position":2,"name":"Produkty","item":"https:\/\/alegerglobal.com\/cs\/produkty\/"},{"@type":"ListItem","position":3,"name":"Getac UX10-Ex, tablet s ochranou proti v\u00fdbuchu, Atex Zone 2, MIL-STD-810G, 10,1&#8243;, Windows 10"}]},{"@type":"WebSite","@id":"https:\/\/alegerglobal.com\/cs\/#website","url":"https:\/\/alegerglobal.com\/cs\/","name":"ALEGER \u22c6 Augmented Reality","description":"Die besten Augmented Reality (AR) L\u00f6sungen der Welt.","publisher":{"@id":"https:\/\/alegerglobal.com\/cs\/#organization"},"potentialAction":[{"@type":"SearchAction","target":{"@type":"EntryPoint","urlTemplate":"https:\/\/alegerglobal.com\/cs\/?s={search_term_string}"},"query-input":{"@type":"PropertyValueSpecification","valueRequired":true,"valueName":"search_term_string"}}],"inLanguage":"cs"},{"@type":"Organization","@id":"https:\/\/alegerglobal.com\/cs\/#organization","name":"ALEGER \u22c6 Augmented Reality","url":"https:\/\/alegerglobal.com\/cs\/","logo":{"@type":"ImageObject","inLanguage":"cs","@id":"https:\/\/alegerglobal.com\/cs\/#\/schema\/logo\/image\/","url":"https:\/\/alegerglobal.com\/wp-content\/uploads\/2020\/12\/aleger-logo-quadrat.jpg","contentUrl":"https:\/\/alegerglobal.com\/wp-content\/uploads\/2020\/12\/aleger-logo-quadrat.jpg","width":200,"height":176,"caption":"ALEGER \u22c6 Augmented Reality"},"image":{"@id":"https:\/\/alegerglobal.com\/cs\/#\/schema\/logo\/image\/"}}]},"product_brand":"Getac","product_price_amount":"3199.99","product_price_currency":"EUR","og_availability":"instock","product_availability":"instock","product_condition":"new"},"_links":{"self":[{"href":"https:\/\/alegerglobal.com\/cs\/wp-json\/wp\/v2\/product\/34954","targetHints":{"allow":["GET"]}}],"collection":[{"href":"https:\/\/alegerglobal.com\/cs\/wp-json\/wp\/v2\/product"}],"about":[{"href":"https:\/\/alegerglobal.com\/cs\/wp-json\/wp\/v2\/types\/product"}],"replies":[{"embeddable":true,"href":"https:\/\/alegerglobal.com\/cs\/wp-json\/wp\/v2\/comments?post=34954"}],"version-history":[{"count":0,"href":"https:\/\/alegerglobal.com\/cs\/wp-json\/wp\/v2\/product\/34954\/revisions"}],"wp:featuredmedia":[{"embeddable":true,"href":"https:\/\/alegerglobal.com\/cs\/wp-json\/wp\/v2\/media\/13330"}],"wp:attachment":[{"href":"https:\/\/alegerglobal.com\/cs\/wp-json\/wp\/v2\/media?parent=34954"}],"wp:term":[{"taxonomy":"product_brand","embeddable":true,"href":"https:\/\/alegerglobal.com\/cs\/wp-json\/wp\/v2\/product_brand?post=34954"},{"taxonomy":"product_cat","embeddable":true,"href":"https:\/\/alegerglobal.com\/cs\/wp-json\/wp\/v2\/product_cat?post=34954"},{"taxonomy":"product_tag","embeddable":true,"href":"https:\/\/alegerglobal.com\/cs\/wp-json\/wp\/v2\/product_tag?post=34954"}],"curies":[{"name":"wp","href":"https:\/\/api.w.org\/{rel}","templated":true}]}}