{"id":34953,"date":"2021-03-10T07:54:31","date_gmt":"2022-05-19T08:02:29","guid":{"rendered":"https:\/\/alegerglobal.com\/nezarazene\/panasonic-toughbook-33-odnimatelny-odolny-notebook-mil-std-810g-ip65-12-windows-10-pro\/"},"modified":"2022-05-19T09:02:29","modified_gmt":"2022-05-19T08:02:29","slug":"panasonic-toughbook-33-detachable-2","status":"publish","type":"product","link":"https:\/\/alegerglobal.com\/cs\/shop-cs\/odolny-notebook\/panasonic-toughbook-33-detachable-2\/","title":{"rendered":"Panasonic Toughbook 33 &#8211; odn\u00edmateln\u00fd odoln\u00fd notebook, MIL-STD 810G, IP65, 12&#8243;, Windows 10 Pro"},"content":{"rendered":"","protected":false},"excerpt":{"rendered":"<ul>\n<li><b>Odoln\u00fd tablet s certifikac\u00ed MIL-STD-810G a IP65<\/b><\/li>\n<li><b>Flexibiln\u00ed:<\/b><span style=\"font-weight: 400;\"> Pou\u017eit\u00ed jako tablet v ruce nebo s perem nebo jako notebook s odn\u00edmatelnou kl\u00e1vesnic\u00ed.<\/span><\/li>\n<li><b>Vysok\u00e1 kompatibilita softwaru: <\/b><span style=\"font-weight: 400;\">Opera\u010dn\u00ed syst\u00e9m Windows 10 Pro<\/span><\/li>\n<li><b>Pracujte na slunci i v noci:<\/b><span style=\"font-weight: 400;\"> 12&#8243; QHD bez odlesk\u016f s 1200 cd\/m\u00b2 a podsv\u00edcenou kl\u00e1vesnic\u00ed<\/span><\/li>\n<li><b>Dlouh\u00e9 pou\u017e\u00edv\u00e1n\u00ed bez nab\u00edjen\u00ed: <\/b><span style=\"font-weight: 400;\">20 hodin v\u00fddr\u017ee d\u00edky vym\u011bniteln\u00fdm bateri\u00edm <\/span> <\/li>\n<li><b>Snadn\u00e1 p\u0159eprava<\/b>: Notebook s kl\u00e1vesnic\u00ed v\u00e1\u017e\u00ed 2,76 kg<\/li>\n<\/ul>\n","protected":false},"featured_media":13360,"comment_status":"open","ping_status":"closed","template":"","meta":{"_acf_changed":false},"product_brand":[],"product_cat":[1555,1516],"product_tag":[],"class_list":{"0":"post-34953","1":"product","2":"type-product","3":"status-publish","4":"has-post-thumbnail","6":"product_cat-odolny-notebook","7":"product_cat-shop-cs","8":"pa_hersteller-panasonic-cs","10":"first","11":"instock","12":"taxable","13":"shipping-taxable","14":"purchasable","15":"product-type-simple"},"acf":[],"yoast_head":"<!-- This site is optimized with the Yoast SEO Premium plugin v20.10 (Yoast SEO v24.3) - https:\/\/yoast.com\/wordpress\/plugins\/seo\/ -->\n<title>Koupit Panasonic Toughbook 33 zde - ALEGER \u22c6 Augmented Reality<\/title>\n<meta name=\"description\" content=\"Objevte odoln\u00fd notebook Toughbook 33 zde! Maxim\u00e1ln\u00ed flexibilita a vysok\u00fd v\u00fdkon! Siln\u00fd hardware a software!\" \/>\n<meta name=\"robots\" content=\"index, follow, max-snippet:-1, max-image-preview:large, max-video-preview:-1\" \/>\n<meta property=\"og:locale\" content=\"cs_CZ\" \/>\n<meta property=\"og:type\" content=\"article\" \/>\n<meta property=\"og:title\" content=\"Panasonic Toughbook 33 - odn\u00edmateln\u00fd odoln\u00fd notebook, MIL-STD 810G, IP65, 12&quot;, Windows 10 Pro\" \/>\n<meta property=\"og:description\" content=\"Objevte odoln\u00fd notebook Toughbook 33 zde! Maxim\u00e1ln\u00ed flexibilita a vysok\u00fd v\u00fdkon! Siln\u00fd hardware a software!\" \/>\n<meta property=\"og:url\" content=\"https:\/\/alegerglobal.com\/cs\/shop-cs\/odolny-notebook\/panasonic-toughbook-33-detachable-2\/\" \/>\n<meta property=\"og:site_name\" content=\"ALEGER \u22c6 Augmented Reality\" \/>\n<meta property=\"og:image\" content=\"https:\/\/alegerglobal.com\/wp-content\/uploads\/2021\/03\/Unbenannt-36.jpg\" \/>\n\t<meta property=\"og:image:width\" content=\"800\" \/>\n\t<meta property=\"og:image:height\" content=\"800\" \/>\n\t<meta property=\"og:image:type\" content=\"image\/jpeg\" \/>\n<meta name=\"twitter:card\" content=\"summary_large_image\" \/>\n<meta name=\"twitter:label1\" content=\"Cena\" \/>\n\t<meta name=\"twitter:data1\" content=\"&euro;4.699,99\" \/>\n\t<meta name=\"twitter:label2\" content=\"Dostupnost\" \/>\n\t<meta name=\"twitter:data2\" content=\"Skladem\" \/>\n<script type=\"application\/ld+json\" class=\"yoast-schema-graph\">{\"@context\":\"https:\/\/schema.org\",\"@graph\":[{\"@type\":\"WebPage\",\"@id\":\"https:\/\/alegerglobal.com\/cs\/shop-cs\/odolny-notebook\/panasonic-toughbook-33-detachable-2\/\",\"url\":\"https:\/\/alegerglobal.com\/cs\/shop-cs\/odolny-notebook\/panasonic-toughbook-33-detachable-2\/\",\"name\":\"Koupit Panasonic Toughbook 33 zde - ALEGER \u22c6 Augmented Reality\",\"isPartOf\":{\"@id\":\"https:\/\/alegerglobal.com\/cs\/#website\"},\"primaryImageOfPage\":{\"@id\":\"https:\/\/alegerglobal.com\/cs\/shop-cs\/odolny-notebook\/panasonic-toughbook-33-detachable-2\/#primaryimage\"},\"image\":{\"@id\":\"https:\/\/alegerglobal.com\/cs\/shop-cs\/odolny-notebook\/panasonic-toughbook-33-detachable-2\/#primaryimage\"},\"thumbnailUrl\":\"https:\/\/alegerglobal.com\/wp-content\/uploads\/2021\/03\/Unbenannt-36.jpg\",\"datePublished\":\"2022-05-19T08:02:29+00:00\",\"dateModified\":\"2022-05-19T08:02:29+00:00\",\"description\":\"Objevte odoln\u00fd notebook Toughbook 33 zde! Maxim\u00e1ln\u00ed flexibilita a vysok\u00fd v\u00fdkon! Siln\u00fd hardware a software!\",\"breadcrumb\":{\"@id\":\"https:\/\/alegerglobal.com\/cs\/shop-cs\/odolny-notebook\/panasonic-toughbook-33-detachable-2\/#breadcrumb\"},\"inLanguage\":\"cs\",\"potentialAction\":[{\"@type\":\"ReadAction\",\"target\":[\"https:\/\/alegerglobal.com\/cs\/shop-cs\/odolny-notebook\/panasonic-toughbook-33-detachable-2\/\"]}]},{\"@type\":\"ImageObject\",\"inLanguage\":\"cs\",\"@id\":\"https:\/\/alegerglobal.com\/cs\/shop-cs\/odolny-notebook\/panasonic-toughbook-33-detachable-2\/#primaryimage\",\"url\":\"https:\/\/alegerglobal.com\/wp-content\/uploads\/2021\/03\/Unbenannt-36.jpg\",\"contentUrl\":\"https:\/\/alegerglobal.com\/wp-content\/uploads\/2021\/03\/Unbenannt-36.jpg\",\"width\":800,\"height\":800},{\"@type\":\"BreadcrumbList\",\"@id\":\"https:\/\/alegerglobal.com\/cs\/shop-cs\/odolny-notebook\/panasonic-toughbook-33-detachable-2\/#breadcrumb\",\"itemListElement\":[{\"@type\":\"ListItem\",\"position\":1,\"name\":\"Home\",\"item\":\"https:\/\/alegerglobal.com\/cs\/novinka-domovska-stranka\/\"},{\"@type\":\"ListItem\",\"position\":2,\"name\":\"Produkty\",\"item\":\"https:\/\/alegerglobal.com\/cs\/produkty\/\"},{\"@type\":\"ListItem\",\"position\":3,\"name\":\"Panasonic Toughbook 33 &#8211; odn\u00edmateln\u00fd odoln\u00fd notebook, MIL-STD 810G, IP65, 12&#8243;, Windows 10 Pro\"}]},{\"@type\":\"WebSite\",\"@id\":\"https:\/\/alegerglobal.com\/cs\/#website\",\"url\":\"https:\/\/alegerglobal.com\/cs\/\",\"name\":\"ALEGER \u22c6 Augmented Reality\",\"description\":\"Die besten Augmented Reality (AR) L\u00f6sungen der Welt.\",\"publisher\":{\"@id\":\"https:\/\/alegerglobal.com\/cs\/#organization\"},\"potentialAction\":[{\"@type\":\"SearchAction\",\"target\":{\"@type\":\"EntryPoint\",\"urlTemplate\":\"https:\/\/alegerglobal.com\/cs\/?s={search_term_string}\"},\"query-input\":{\"@type\":\"PropertyValueSpecification\",\"valueRequired\":true,\"valueName\":\"search_term_string\"}}],\"inLanguage\":\"cs\"},{\"@type\":\"Organization\",\"@id\":\"https:\/\/alegerglobal.com\/cs\/#organization\",\"name\":\"ALEGER \u22c6 Augmented Reality\",\"url\":\"https:\/\/alegerglobal.com\/cs\/\",\"logo\":{\"@type\":\"ImageObject\",\"inLanguage\":\"cs\",\"@id\":\"https:\/\/alegerglobal.com\/cs\/#\/schema\/logo\/image\/\",\"url\":\"https:\/\/alegerglobal.com\/wp-content\/uploads\/2020\/12\/aleger-logo-quadrat.jpg\",\"contentUrl\":\"https:\/\/alegerglobal.com\/wp-content\/uploads\/2020\/12\/aleger-logo-quadrat.jpg\",\"width\":200,\"height\":176,\"caption\":\"ALEGER \u22c6 Augmented Reality\"},\"image\":{\"@id\":\"https:\/\/alegerglobal.com\/cs\/#\/schema\/logo\/image\/\"}}]}<\/script>\n<meta property=\"product:brand\" content=\"Panasonic\" \/>\n<meta property=\"product:price:amount\" content=\"4699.99\" \/>\n<meta property=\"product:price:currency\" content=\"EUR\" \/>\n<meta property=\"og:availability\" content=\"instock\" \/>\n<meta property=\"product:availability\" content=\"instock\" \/>\n<meta property=\"product:condition\" content=\"new\" \/>\n<!-- \/ Yoast SEO Premium plugin. -->","yoast_head_json":{"title":"Koupit Panasonic Toughbook 33 zde - ALEGER \u22c6 Augmented Reality","description":"Objevte odoln\u00fd notebook Toughbook 33 zde! Maxim\u00e1ln\u00ed flexibilita a vysok\u00fd v\u00fdkon! Siln\u00fd hardware a software!","robots":{"index":"index","follow":"follow","max-snippet":"max-snippet:-1","max-image-preview":"max-image-preview:large","max-video-preview":"max-video-preview:-1"},"og_locale":"cs_CZ","og_type":"article","og_title":"Panasonic Toughbook 33 - odn\u00edmateln\u00fd odoln\u00fd notebook, MIL-STD 810G, IP65, 12\", Windows 10 Pro","og_description":"Objevte odoln\u00fd notebook Toughbook 33 zde! Maxim\u00e1ln\u00ed flexibilita a vysok\u00fd v\u00fdkon! Siln\u00fd hardware a software!","og_url":"https:\/\/alegerglobal.com\/cs\/shop-cs\/odolny-notebook\/panasonic-toughbook-33-detachable-2\/","og_site_name":"ALEGER \u22c6 Augmented Reality","og_image":[{"width":800,"height":800,"url":"https:\/\/alegerglobal.com\/wp-content\/uploads\/2021\/03\/Unbenannt-36.jpg","type":"image\/jpeg"}],"twitter_card":"summary_large_image","twitter_misc":{"Cena":"&euro;4.699,99","Dostupnost":"Skladem"},"schema":{"@context":"https:\/\/schema.org","@graph":[{"@type":"WebPage","@id":"https:\/\/alegerglobal.com\/cs\/shop-cs\/odolny-notebook\/panasonic-toughbook-33-detachable-2\/","url":"https:\/\/alegerglobal.com\/cs\/shop-cs\/odolny-notebook\/panasonic-toughbook-33-detachable-2\/","name":"Koupit Panasonic Toughbook 33 zde - ALEGER \u22c6 Augmented Reality","isPartOf":{"@id":"https:\/\/alegerglobal.com\/cs\/#website"},"primaryImageOfPage":{"@id":"https:\/\/alegerglobal.com\/cs\/shop-cs\/odolny-notebook\/panasonic-toughbook-33-detachable-2\/#primaryimage"},"image":{"@id":"https:\/\/alegerglobal.com\/cs\/shop-cs\/odolny-notebook\/panasonic-toughbook-33-detachable-2\/#primaryimage"},"thumbnailUrl":"https:\/\/alegerglobal.com\/wp-content\/uploads\/2021\/03\/Unbenannt-36.jpg","datePublished":"2022-05-19T08:02:29+00:00","dateModified":"2022-05-19T08:02:29+00:00","description":"Objevte odoln\u00fd notebook Toughbook 33 zde! Maxim\u00e1ln\u00ed flexibilita a vysok\u00fd v\u00fdkon! Siln\u00fd hardware a software!","breadcrumb":{"@id":"https:\/\/alegerglobal.com\/cs\/shop-cs\/odolny-notebook\/panasonic-toughbook-33-detachable-2\/#breadcrumb"},"inLanguage":"cs","potentialAction":[{"@type":"ReadAction","target":["https:\/\/alegerglobal.com\/cs\/shop-cs\/odolny-notebook\/panasonic-toughbook-33-detachable-2\/"]}]},{"@type":"ImageObject","inLanguage":"cs","@id":"https:\/\/alegerglobal.com\/cs\/shop-cs\/odolny-notebook\/panasonic-toughbook-33-detachable-2\/#primaryimage","url":"https:\/\/alegerglobal.com\/wp-content\/uploads\/2021\/03\/Unbenannt-36.jpg","contentUrl":"https:\/\/alegerglobal.com\/wp-content\/uploads\/2021\/03\/Unbenannt-36.jpg","width":800,"height":800},{"@type":"BreadcrumbList","@id":"https:\/\/alegerglobal.com\/cs\/shop-cs\/odolny-notebook\/panasonic-toughbook-33-detachable-2\/#breadcrumb","itemListElement":[{"@type":"ListItem","position":1,"name":"Home","item":"https:\/\/alegerglobal.com\/cs\/novinka-domovska-stranka\/"},{"@type":"ListItem","position":2,"name":"Produkty","item":"https:\/\/alegerglobal.com\/cs\/produkty\/"},{"@type":"ListItem","position":3,"name":"Panasonic Toughbook 33 &#8211; odn\u00edmateln\u00fd odoln\u00fd notebook, MIL-STD 810G, IP65, 12&#8243;, Windows 10 Pro"}]},{"@type":"WebSite","@id":"https:\/\/alegerglobal.com\/cs\/#website","url":"https:\/\/alegerglobal.com\/cs\/","name":"ALEGER \u22c6 Augmented Reality","description":"Die besten Augmented Reality (AR) L\u00f6sungen der Welt.","publisher":{"@id":"https:\/\/alegerglobal.com\/cs\/#organization"},"potentialAction":[{"@type":"SearchAction","target":{"@type":"EntryPoint","urlTemplate":"https:\/\/alegerglobal.com\/cs\/?s={search_term_string}"},"query-input":{"@type":"PropertyValueSpecification","valueRequired":true,"valueName":"search_term_string"}}],"inLanguage":"cs"},{"@type":"Organization","@id":"https:\/\/alegerglobal.com\/cs\/#organization","name":"ALEGER \u22c6 Augmented Reality","url":"https:\/\/alegerglobal.com\/cs\/","logo":{"@type":"ImageObject","inLanguage":"cs","@id":"https:\/\/alegerglobal.com\/cs\/#\/schema\/logo\/image\/","url":"https:\/\/alegerglobal.com\/wp-content\/uploads\/2020\/12\/aleger-logo-quadrat.jpg","contentUrl":"https:\/\/alegerglobal.com\/wp-content\/uploads\/2020\/12\/aleger-logo-quadrat.jpg","width":200,"height":176,"caption":"ALEGER \u22c6 Augmented Reality"},"image":{"@id":"https:\/\/alegerglobal.com\/cs\/#\/schema\/logo\/image\/"}}]},"product_brand":"Panasonic","product_price_amount":"4699.99","product_price_currency":"EUR","og_availability":"instock","product_availability":"instock","product_condition":"new"},"_links":{"self":[{"href":"https:\/\/alegerglobal.com\/cs\/wp-json\/wp\/v2\/product\/34953","targetHints":{"allow":["GET"]}}],"collection":[{"href":"https:\/\/alegerglobal.com\/cs\/wp-json\/wp\/v2\/product"}],"about":[{"href":"https:\/\/alegerglobal.com\/cs\/wp-json\/wp\/v2\/types\/product"}],"replies":[{"embeddable":true,"href":"https:\/\/alegerglobal.com\/cs\/wp-json\/wp\/v2\/comments?post=34953"}],"version-history":[{"count":0,"href":"https:\/\/alegerglobal.com\/cs\/wp-json\/wp\/v2\/product\/34953\/revisions"}],"wp:featuredmedia":[{"embeddable":true,"href":"https:\/\/alegerglobal.com\/cs\/wp-json\/wp\/v2\/media\/13360"}],"wp:attachment":[{"href":"https:\/\/alegerglobal.com\/cs\/wp-json\/wp\/v2\/media?parent=34953"}],"wp:term":[{"taxonomy":"product_brand","embeddable":true,"href":"https:\/\/alegerglobal.com\/cs\/wp-json\/wp\/v2\/product_brand?post=34953"},{"taxonomy":"product_cat","embeddable":true,"href":"https:\/\/alegerglobal.com\/cs\/wp-json\/wp\/v2\/product_cat?post=34953"},{"taxonomy":"product_tag","embeddable":true,"href":"https:\/\/alegerglobal.com\/cs\/wp-json\/wp\/v2\/product_tag?post=34953"}],"curies":[{"name":"wp","href":"https:\/\/api.w.org\/{rel}","templated":true}]}}