{"id":34951,"date":"2021-03-10T08:18:30","date_gmt":"2022-05-19T08:02:10","guid":{"rendered":"https:\/\/alegerglobal.com\/nezarazene\/getac-t800-ex-tablet-s-ochranou-proti-vybuchu-atex-zona-2-81-ip65-windows-10-pro\/"},"modified":"2022-05-19T09:02:10","modified_gmt":"2022-05-19T08:02:10","slug":"ex-tablet-getac-t800-ex-2","status":"publish","type":"product","link":"https:\/\/alegerglobal.com\/cs\/shop-cs\/ex-tablet-getac-t800-ex-2\/","title":{"rendered":"Getac T800-Ex, tablet s ochranou proti v\u00fdbuchu, ATEX z\u00f3na 2, 8,1&#8243;, IP65, Windows 10 Pro"},"content":{"rendered":"","protected":false},"excerpt":{"rendered":"<ul>\n<li aria-level=\"1\"><b>Odoln\u00fd tablet pro z\u00f3nu ATEX 2 s certifikac\u00ed IP65<\/b><\/li>\n<li aria-level=\"1\"><b>M\u011bjte neust\u00e1l\u00fd p\u0159ehled:<\/b><span style=\"font-weight: 400;\"> 8,1palcov\u00fd displej LumiBond bez odlesk\u016f<\/span><\/li>\n<li aria-level=\"1\"><b>Vysok\u00e1 provozn\u00ed flexibilita:<\/b><span style=\"font-weight: 400;\"> Ovl\u00e1d\u00e1n\u00ed pomoc\u00ed kl\u00e1vesnice nebo dotykov\u00e9 obrazovky<\/span><\/li>\n<li aria-level=\"1\"><b>St\u0159elba:<\/b><span style=\"font-weight: 400;\"> 8 MP fotoapar\u00e1t s automatick\u00fdm ost\u0159en\u00edm<\/span><\/li>\n<li aria-level=\"1\"><b>Lehk\u00fd a kompaktn\u00ed<\/b>: v\u00e1\u017e\u00ed pouh\u00fdch 910 g a m\u011b\u0159\u00ed 23&#215;16 cm.<\/li>\n<\/ul>\n","protected":false},"featured_media":13324,"comment_status":"open","ping_status":"closed","template":"","meta":{"_acf_changed":false},"product_brand":[],"product_cat":[1516],"product_tag":[],"class_list":{"0":"post-34951","1":"product","2":"type-product","3":"status-publish","4":"has-post-thumbnail","6":"product_cat-shop-cs","7":"pa_hersteller-getac-cs","9":"first","10":"instock","11":"purchasable","12":"product-type-simple"},"acf":[],"yoast_head":"<!-- This site is optimized with the Yoast SEO Premium plugin v20.10 (Yoast SEO v24.3) - https:\/\/yoast.com\/wordpress\/plugins\/seo\/ -->\n<title>Kupte si Getac T800-Ex zde - ALEGER \u22c6 Augmented Reality<\/title>\n<meta name=\"description\" content=\"Objevte zde odoln\u00fd tablet pro z\u00f3nu ATEX 2 s displejem LumiBond! Pro pou\u017eit\u00ed v prost\u0159ed\u00ed s nebezpe\u010d\u00edm v\u00fdbuchu!\" \/>\n<meta name=\"robots\" content=\"index, follow, max-snippet:-1, max-image-preview:large, max-video-preview:-1\" \/>\n<meta property=\"og:locale\" content=\"cs_CZ\" \/>\n<meta property=\"og:type\" content=\"article\" \/>\n<meta property=\"og:title\" content=\"Getac T800-Ex, tablet s ochranou proti v\u00fdbuchu, ATEX z\u00f3na 2, 8,1&quot;, IP65, Windows 10 Pro\" \/>\n<meta property=\"og:description\" content=\"Objevte zde odoln\u00fd tablet pro z\u00f3nu ATEX 2 s displejem LumiBond! Pro pou\u017eit\u00ed v prost\u0159ed\u00ed s nebezpe\u010d\u00edm v\u00fdbuchu!\" \/>\n<meta property=\"og:url\" content=\"https:\/\/alegerglobal.com\/cs\/shop-cs\/ex-tablet-getac-t800-ex-2\/\" \/>\n<meta property=\"og:site_name\" content=\"ALEGER \u22c6 Augmented Reality\" \/>\n<meta property=\"og:image\" content=\"https:\/\/alegerglobal.com\/wp-content\/uploads\/2021\/03\/Unbenannt-20.jpg\" \/>\n\t<meta property=\"og:image:width\" content=\"800\" \/>\n\t<meta property=\"og:image:height\" content=\"800\" \/>\n\t<meta property=\"og:image:type\" content=\"image\/jpeg\" \/>\n<meta name=\"twitter:card\" content=\"summary_large_image\" \/>\n<meta name=\"twitter:label1\" content=\"Cena\" \/>\n\t<meta name=\"twitter:data1\" content=\"&euro;2.410,99\" \/>\n\t<meta name=\"twitter:label2\" content=\"Dostupnost\" \/>\n\t<meta name=\"twitter:data2\" content=\"Skladem\" \/>\n<script type=\"application\/ld+json\" class=\"yoast-schema-graph\">{\"@context\":\"https:\/\/schema.org\",\"@graph\":[{\"@type\":\"WebPage\",\"@id\":\"https:\/\/alegerglobal.com\/cs\/shop-cs\/ex-tablet-getac-t800-ex-2\/\",\"url\":\"https:\/\/alegerglobal.com\/cs\/shop-cs\/ex-tablet-getac-t800-ex-2\/\",\"name\":\"Kupte si Getac T800-Ex zde - ALEGER \u22c6 Augmented Reality\",\"isPartOf\":{\"@id\":\"https:\/\/alegerglobal.com\/cs\/#website\"},\"primaryImageOfPage\":{\"@id\":\"https:\/\/alegerglobal.com\/cs\/shop-cs\/ex-tablet-getac-t800-ex-2\/#primaryimage\"},\"image\":{\"@id\":\"https:\/\/alegerglobal.com\/cs\/shop-cs\/ex-tablet-getac-t800-ex-2\/#primaryimage\"},\"thumbnailUrl\":\"https:\/\/alegerglobal.com\/wp-content\/uploads\/2021\/03\/Unbenannt-20.jpg\",\"datePublished\":\"2022-05-19T08:02:10+00:00\",\"dateModified\":\"2022-05-19T08:02:10+00:00\",\"description\":\"Objevte zde odoln\u00fd tablet pro z\u00f3nu ATEX 2 s displejem LumiBond! Pro pou\u017eit\u00ed v prost\u0159ed\u00ed s nebezpe\u010d\u00edm v\u00fdbuchu!\",\"breadcrumb\":{\"@id\":\"https:\/\/alegerglobal.com\/cs\/shop-cs\/ex-tablet-getac-t800-ex-2\/#breadcrumb\"},\"inLanguage\":\"cs\",\"potentialAction\":[{\"@type\":\"ReadAction\",\"target\":[\"https:\/\/alegerglobal.com\/cs\/shop-cs\/ex-tablet-getac-t800-ex-2\/\"]}]},{\"@type\":\"ImageObject\",\"inLanguage\":\"cs\",\"@id\":\"https:\/\/alegerglobal.com\/cs\/shop-cs\/ex-tablet-getac-t800-ex-2\/#primaryimage\",\"url\":\"https:\/\/alegerglobal.com\/wp-content\/uploads\/2021\/03\/Unbenannt-20.jpg\",\"contentUrl\":\"https:\/\/alegerglobal.com\/wp-content\/uploads\/2021\/03\/Unbenannt-20.jpg\",\"width\":800,\"height\":800},{\"@type\":\"BreadcrumbList\",\"@id\":\"https:\/\/alegerglobal.com\/cs\/shop-cs\/ex-tablet-getac-t800-ex-2\/#breadcrumb\",\"itemListElement\":[{\"@type\":\"ListItem\",\"position\":1,\"name\":\"Home\",\"item\":\"https:\/\/alegerglobal.com\/cs\/novinka-domovska-stranka\/\"},{\"@type\":\"ListItem\",\"position\":2,\"name\":\"Produkty\",\"item\":\"https:\/\/alegerglobal.com\/cs\/produkty\/\"},{\"@type\":\"ListItem\",\"position\":3,\"name\":\"Getac T800-Ex, tablet s ochranou proti v\u00fdbuchu, ATEX z\u00f3na 2, 8,1&#8243;, IP65, Windows 10 Pro\"}]},{\"@type\":\"WebSite\",\"@id\":\"https:\/\/alegerglobal.com\/cs\/#website\",\"url\":\"https:\/\/alegerglobal.com\/cs\/\",\"name\":\"ALEGER \u22c6 Augmented Reality\",\"description\":\"Die besten Augmented Reality (AR) L\u00f6sungen der Welt.\",\"publisher\":{\"@id\":\"https:\/\/alegerglobal.com\/cs\/#organization\"},\"potentialAction\":[{\"@type\":\"SearchAction\",\"target\":{\"@type\":\"EntryPoint\",\"urlTemplate\":\"https:\/\/alegerglobal.com\/cs\/?s={search_term_string}\"},\"query-input\":{\"@type\":\"PropertyValueSpecification\",\"valueRequired\":true,\"valueName\":\"search_term_string\"}}],\"inLanguage\":\"cs\"},{\"@type\":\"Organization\",\"@id\":\"https:\/\/alegerglobal.com\/cs\/#organization\",\"name\":\"ALEGER \u22c6 Augmented Reality\",\"url\":\"https:\/\/alegerglobal.com\/cs\/\",\"logo\":{\"@type\":\"ImageObject\",\"inLanguage\":\"cs\",\"@id\":\"https:\/\/alegerglobal.com\/cs\/#\/schema\/logo\/image\/\",\"url\":\"https:\/\/alegerglobal.com\/wp-content\/uploads\/2020\/12\/aleger-logo-quadrat.jpg\",\"contentUrl\":\"https:\/\/alegerglobal.com\/wp-content\/uploads\/2020\/12\/aleger-logo-quadrat.jpg\",\"width\":200,\"height\":176,\"caption\":\"ALEGER \u22c6 Augmented Reality\"},\"image\":{\"@id\":\"https:\/\/alegerglobal.com\/cs\/#\/schema\/logo\/image\/\"}}]}<\/script>\n<meta property=\"product:brand\" content=\"Getac\" \/>\n<meta property=\"product:price:amount\" content=\"2410.99\" \/>\n<meta property=\"product:price:currency\" content=\"EUR\" \/>\n<meta property=\"og:availability\" content=\"instock\" \/>\n<meta property=\"product:availability\" content=\"instock\" \/>\n<meta property=\"product:condition\" content=\"new\" \/>\n<!-- \/ Yoast SEO Premium plugin. -->","yoast_head_json":{"title":"Kupte si Getac T800-Ex zde - ALEGER \u22c6 Augmented Reality","description":"Objevte zde odoln\u00fd tablet pro z\u00f3nu ATEX 2 s displejem LumiBond! Pro pou\u017eit\u00ed v prost\u0159ed\u00ed s nebezpe\u010d\u00edm v\u00fdbuchu!","robots":{"index":"index","follow":"follow","max-snippet":"max-snippet:-1","max-image-preview":"max-image-preview:large","max-video-preview":"max-video-preview:-1"},"og_locale":"cs_CZ","og_type":"article","og_title":"Getac T800-Ex, tablet s ochranou proti v\u00fdbuchu, ATEX z\u00f3na 2, 8,1\", IP65, Windows 10 Pro","og_description":"Objevte zde odoln\u00fd tablet pro z\u00f3nu ATEX 2 s displejem LumiBond! Pro pou\u017eit\u00ed v prost\u0159ed\u00ed s nebezpe\u010d\u00edm v\u00fdbuchu!","og_url":"https:\/\/alegerglobal.com\/cs\/shop-cs\/ex-tablet-getac-t800-ex-2\/","og_site_name":"ALEGER \u22c6 Augmented Reality","og_image":[{"width":800,"height":800,"url":"https:\/\/alegerglobal.com\/wp-content\/uploads\/2021\/03\/Unbenannt-20.jpg","type":"image\/jpeg"}],"twitter_card":"summary_large_image","twitter_misc":{"Cena":"&euro;2.410,99","Dostupnost":"Skladem"},"schema":{"@context":"https:\/\/schema.org","@graph":[{"@type":"WebPage","@id":"https:\/\/alegerglobal.com\/cs\/shop-cs\/ex-tablet-getac-t800-ex-2\/","url":"https:\/\/alegerglobal.com\/cs\/shop-cs\/ex-tablet-getac-t800-ex-2\/","name":"Kupte si Getac T800-Ex zde - ALEGER \u22c6 Augmented Reality","isPartOf":{"@id":"https:\/\/alegerglobal.com\/cs\/#website"},"primaryImageOfPage":{"@id":"https:\/\/alegerglobal.com\/cs\/shop-cs\/ex-tablet-getac-t800-ex-2\/#primaryimage"},"image":{"@id":"https:\/\/alegerglobal.com\/cs\/shop-cs\/ex-tablet-getac-t800-ex-2\/#primaryimage"},"thumbnailUrl":"https:\/\/alegerglobal.com\/wp-content\/uploads\/2021\/03\/Unbenannt-20.jpg","datePublished":"2022-05-19T08:02:10+00:00","dateModified":"2022-05-19T08:02:10+00:00","description":"Objevte zde odoln\u00fd tablet pro z\u00f3nu ATEX 2 s displejem LumiBond! Pro pou\u017eit\u00ed v prost\u0159ed\u00ed s nebezpe\u010d\u00edm v\u00fdbuchu!","breadcrumb":{"@id":"https:\/\/alegerglobal.com\/cs\/shop-cs\/ex-tablet-getac-t800-ex-2\/#breadcrumb"},"inLanguage":"cs","potentialAction":[{"@type":"ReadAction","target":["https:\/\/alegerglobal.com\/cs\/shop-cs\/ex-tablet-getac-t800-ex-2\/"]}]},{"@type":"ImageObject","inLanguage":"cs","@id":"https:\/\/alegerglobal.com\/cs\/shop-cs\/ex-tablet-getac-t800-ex-2\/#primaryimage","url":"https:\/\/alegerglobal.com\/wp-content\/uploads\/2021\/03\/Unbenannt-20.jpg","contentUrl":"https:\/\/alegerglobal.com\/wp-content\/uploads\/2021\/03\/Unbenannt-20.jpg","width":800,"height":800},{"@type":"BreadcrumbList","@id":"https:\/\/alegerglobal.com\/cs\/shop-cs\/ex-tablet-getac-t800-ex-2\/#breadcrumb","itemListElement":[{"@type":"ListItem","position":1,"name":"Home","item":"https:\/\/alegerglobal.com\/cs\/novinka-domovska-stranka\/"},{"@type":"ListItem","position":2,"name":"Produkty","item":"https:\/\/alegerglobal.com\/cs\/produkty\/"},{"@type":"ListItem","position":3,"name":"Getac T800-Ex, tablet s ochranou proti v\u00fdbuchu, ATEX z\u00f3na 2, 8,1&#8243;, IP65, Windows 10 Pro"}]},{"@type":"WebSite","@id":"https:\/\/alegerglobal.com\/cs\/#website","url":"https:\/\/alegerglobal.com\/cs\/","name":"ALEGER \u22c6 Augmented Reality","description":"Die besten Augmented Reality (AR) L\u00f6sungen der Welt.","publisher":{"@id":"https:\/\/alegerglobal.com\/cs\/#organization"},"potentialAction":[{"@type":"SearchAction","target":{"@type":"EntryPoint","urlTemplate":"https:\/\/alegerglobal.com\/cs\/?s={search_term_string}"},"query-input":{"@type":"PropertyValueSpecification","valueRequired":true,"valueName":"search_term_string"}}],"inLanguage":"cs"},{"@type":"Organization","@id":"https:\/\/alegerglobal.com\/cs\/#organization","name":"ALEGER \u22c6 Augmented Reality","url":"https:\/\/alegerglobal.com\/cs\/","logo":{"@type":"ImageObject","inLanguage":"cs","@id":"https:\/\/alegerglobal.com\/cs\/#\/schema\/logo\/image\/","url":"https:\/\/alegerglobal.com\/wp-content\/uploads\/2020\/12\/aleger-logo-quadrat.jpg","contentUrl":"https:\/\/alegerglobal.com\/wp-content\/uploads\/2020\/12\/aleger-logo-quadrat.jpg","width":200,"height":176,"caption":"ALEGER \u22c6 Augmented Reality"},"image":{"@id":"https:\/\/alegerglobal.com\/cs\/#\/schema\/logo\/image\/"}}]},"product_brand":"Getac","product_price_amount":"2410.99","product_price_currency":"EUR","og_availability":"instock","product_availability":"instock","product_condition":"new"},"_links":{"self":[{"href":"https:\/\/alegerglobal.com\/cs\/wp-json\/wp\/v2\/product\/34951","targetHints":{"allow":["GET"]}}],"collection":[{"href":"https:\/\/alegerglobal.com\/cs\/wp-json\/wp\/v2\/product"}],"about":[{"href":"https:\/\/alegerglobal.com\/cs\/wp-json\/wp\/v2\/types\/product"}],"replies":[{"embeddable":true,"href":"https:\/\/alegerglobal.com\/cs\/wp-json\/wp\/v2\/comments?post=34951"}],"version-history":[{"count":0,"href":"https:\/\/alegerglobal.com\/cs\/wp-json\/wp\/v2\/product\/34951\/revisions"}],"wp:featuredmedia":[{"embeddable":true,"href":"https:\/\/alegerglobal.com\/cs\/wp-json\/wp\/v2\/media\/13324"}],"wp:attachment":[{"href":"https:\/\/alegerglobal.com\/cs\/wp-json\/wp\/v2\/media?parent=34951"}],"wp:term":[{"taxonomy":"product_brand","embeddable":true,"href":"https:\/\/alegerglobal.com\/cs\/wp-json\/wp\/v2\/product_brand?post=34951"},{"taxonomy":"product_cat","embeddable":true,"href":"https:\/\/alegerglobal.com\/cs\/wp-json\/wp\/v2\/product_cat?post=34951"},{"taxonomy":"product_tag","embeddable":true,"href":"https:\/\/alegerglobal.com\/cs\/wp-json\/wp\/v2\/product_tag?post=34951"}],"curies":[{"name":"wp","href":"https:\/\/api.w.org\/{rel}","templated":true}]}}