{"id":34950,"date":"2021-03-10T08:20:11","date_gmt":"2022-05-19T08:02:08","guid":{"rendered":"https:\/\/alegerglobal.com\/nezarazene\/getac-k120-odolny-tablet-125-mil-std-810g-ip65-windows-10-pro\/"},"modified":"2022-05-19T09:02:08","modified_gmt":"2022-05-19T08:02:08","slug":"getac-k120-2","status":"publish","type":"product","link":"https:\/\/alegerglobal.com\/cs\/shop-cs\/odolny-tablet\/getac-k120-2\/","title":{"rendered":"Getac K120, odoln\u00fd tablet, 12,5&#8243;, MIL-STD-810G, IP65, Windows 10 Pro"},"content":{"rendered":"","protected":false},"excerpt":{"rendered":"<ul>\n<li aria-level=\"1\"><b>Odoln\u00fd tablet s certifikac\u00ed IP65 a ov\u011b\u0159en\u00edm MIL-STD-810G<\/b><\/li>\n<li aria-level=\"1\"><b>Pracujte pohodln\u011b za v\u0161ech podm\u00ednek: <\/b><span style=\"font-weight: 400;\">12,5palcov\u00fd displej s jasem 1200 nit\u016f<\/span><\/li>\n<li aria-level=\"1\"><b>Kompatibiln\u00ed s obl\u00edben\u00fdm softwarem: <\/b><span style=\"font-weight: 400;\">Opera\u010dn\u00ed syst\u00e9m Windows 10 Pro<\/span><\/li>\n<li aria-level=\"1\"><b>Rychl\u00e9 zpracov\u00e1n\u00ed dat: <\/b><span style=\"font-weight: 400;\">256 GB SSD<\/span><\/li>\n<li aria-level=\"1\"><b>Vysok\u00fd komfort no\u0161en\u00ed a flexibilita:<\/b><span style=\"font-weight: 400;\"> Univerz\u00e1ln\u00ed rukoje\u0165 pro pouta a popruhy<\/span><\/li>\n<li aria-level=\"1\"><b>Zabezpe\u010den\u00ed dat: <\/b>TPM 2.0, \u010dte\u010dka RFID a \u010dte\u010dka \u010dipov\u00fdch karet<\/li>\n<\/ul>\n","protected":false},"featured_media":13007,"comment_status":"open","ping_status":"closed","template":"","meta":{"_acf_changed":false},"product_brand":[],"product_cat":[1526,1516],"product_tag":[],"class_list":{"0":"post-34950","1":"product","2":"type-product","3":"status-publish","4":"has-post-thumbnail","6":"product_cat-odolny-tablet","7":"product_cat-shop-cs","8":"pa_hersteller-getac-cs","10":"first","11":"instock","12":"taxable","13":"shipping-taxable","14":"purchasable","15":"product-type-simple"},"acf":[],"yoast_head":"<!-- This site is optimized with the Yoast SEO Premium plugin v20.10 (Yoast SEO v24.3) - https:\/\/yoast.com\/wordpress\/plugins\/seo\/ -->\n<title>Kupte si Getac K120 zde - ALEGER \u22c6 Augmented Reality<\/title>\n<meta name=\"description\" content=\"U spole\u010dnosti ALEGER si m\u016f\u017eete po\u0159\u00eddit model K120! Jedn\u00e1 se o odoln\u00fd tablet pro v\u0161estrann\u00e9 pou\u017eit\u00ed a extr\u00e9mn\u00ed podm\u00ednky.\" \/>\n<meta name=\"robots\" content=\"index, follow, max-snippet:-1, max-image-preview:large, max-video-preview:-1\" \/>\n<meta property=\"og:locale\" content=\"cs_CZ\" \/>\n<meta property=\"og:type\" content=\"article\" \/>\n<meta property=\"og:title\" content=\"Getac K120, odoln\u00fd tablet, 12,5&quot;, MIL-STD-810G, IP65, Windows 10 Pro\" \/>\n<meta property=\"og:description\" content=\"U spole\u010dnosti ALEGER si m\u016f\u017eete po\u0159\u00eddit model K120! Jedn\u00e1 se o odoln\u00fd tablet pro v\u0161estrann\u00e9 pou\u017eit\u00ed a extr\u00e9mn\u00ed podm\u00ednky.\" \/>\n<meta property=\"og:url\" content=\"https:\/\/alegerglobal.com\/cs\/shop-cs\/odolny-tablet\/getac-k120-2\/\" \/>\n<meta property=\"og:site_name\" content=\"ALEGER \u22c6 Augmented Reality\" \/>\n<meta property=\"og:image\" content=\"https:\/\/alegerglobal.com\/wp-content\/uploads\/2021\/03\/Unbenannt.jpg\" \/>\n\t<meta property=\"og:image:width\" content=\"800\" \/>\n\t<meta property=\"og:image:height\" content=\"800\" \/>\n\t<meta property=\"og:image:type\" content=\"image\/jpeg\" \/>\n<meta name=\"twitter:card\" content=\"summary_large_image\" \/>\n<meta name=\"twitter:label1\" content=\"Cena\" \/>\n\t<meta name=\"twitter:data1\" content=\"&euro;2.890,99\" \/>\n\t<meta name=\"twitter:label2\" content=\"Dostupnost\" \/>\n\t<meta name=\"twitter:data2\" content=\"Skladem\" \/>\n<script type=\"application\/ld+json\" class=\"yoast-schema-graph\">{\"@context\":\"https:\/\/schema.org\",\"@graph\":[{\"@type\":\"WebPage\",\"@id\":\"https:\/\/alegerglobal.com\/cs\/shop-cs\/odolny-tablet\/getac-k120-2\/\",\"url\":\"https:\/\/alegerglobal.com\/cs\/shop-cs\/odolny-tablet\/getac-k120-2\/\",\"name\":\"Kupte si Getac K120 zde - ALEGER \u22c6 Augmented Reality\",\"isPartOf\":{\"@id\":\"https:\/\/alegerglobal.com\/cs\/#website\"},\"primaryImageOfPage\":{\"@id\":\"https:\/\/alegerglobal.com\/cs\/shop-cs\/odolny-tablet\/getac-k120-2\/#primaryimage\"},\"image\":{\"@id\":\"https:\/\/alegerglobal.com\/cs\/shop-cs\/odolny-tablet\/getac-k120-2\/#primaryimage\"},\"thumbnailUrl\":\"https:\/\/alegerglobal.com\/wp-content\/uploads\/2021\/03\/Unbenannt.jpg\",\"datePublished\":\"2022-05-19T08:02:08+00:00\",\"dateModified\":\"2022-05-19T08:02:08+00:00\",\"description\":\"U spole\u010dnosti ALEGER si m\u016f\u017eete po\u0159\u00eddit model K120! Jedn\u00e1 se o odoln\u00fd tablet pro v\u0161estrann\u00e9 pou\u017eit\u00ed a extr\u00e9mn\u00ed podm\u00ednky.\",\"breadcrumb\":{\"@id\":\"https:\/\/alegerglobal.com\/cs\/shop-cs\/odolny-tablet\/getac-k120-2\/#breadcrumb\"},\"inLanguage\":\"cs\",\"potentialAction\":[{\"@type\":\"ReadAction\",\"target\":[\"https:\/\/alegerglobal.com\/cs\/shop-cs\/odolny-tablet\/getac-k120-2\/\"]}]},{\"@type\":\"ImageObject\",\"inLanguage\":\"cs\",\"@id\":\"https:\/\/alegerglobal.com\/cs\/shop-cs\/odolny-tablet\/getac-k120-2\/#primaryimage\",\"url\":\"https:\/\/alegerglobal.com\/wp-content\/uploads\/2021\/03\/Unbenannt.jpg\",\"contentUrl\":\"https:\/\/alegerglobal.com\/wp-content\/uploads\/2021\/03\/Unbenannt.jpg\",\"width\":800,\"height\":800,\"caption\":\"Getac K120\"},{\"@type\":\"BreadcrumbList\",\"@id\":\"https:\/\/alegerglobal.com\/cs\/shop-cs\/odolny-tablet\/getac-k120-2\/#breadcrumb\",\"itemListElement\":[{\"@type\":\"ListItem\",\"position\":1,\"name\":\"Home\",\"item\":\"https:\/\/alegerglobal.com\/cs\/novinka-domovska-stranka\/\"},{\"@type\":\"ListItem\",\"position\":2,\"name\":\"Produkty\",\"item\":\"https:\/\/alegerglobal.com\/cs\/produkty\/\"},{\"@type\":\"ListItem\",\"position\":3,\"name\":\"Getac K120, odoln\u00fd tablet, 12,5&#8243;, MIL-STD-810G, IP65, Windows 10 Pro\"}]},{\"@type\":\"WebSite\",\"@id\":\"https:\/\/alegerglobal.com\/cs\/#website\",\"url\":\"https:\/\/alegerglobal.com\/cs\/\",\"name\":\"ALEGER \u22c6 Augmented Reality\",\"description\":\"Die besten Augmented Reality (AR) L\u00f6sungen der Welt.\",\"publisher\":{\"@id\":\"https:\/\/alegerglobal.com\/cs\/#organization\"},\"potentialAction\":[{\"@type\":\"SearchAction\",\"target\":{\"@type\":\"EntryPoint\",\"urlTemplate\":\"https:\/\/alegerglobal.com\/cs\/?s={search_term_string}\"},\"query-input\":{\"@type\":\"PropertyValueSpecification\",\"valueRequired\":true,\"valueName\":\"search_term_string\"}}],\"inLanguage\":\"cs\"},{\"@type\":\"Organization\",\"@id\":\"https:\/\/alegerglobal.com\/cs\/#organization\",\"name\":\"ALEGER \u22c6 Augmented Reality\",\"url\":\"https:\/\/alegerglobal.com\/cs\/\",\"logo\":{\"@type\":\"ImageObject\",\"inLanguage\":\"cs\",\"@id\":\"https:\/\/alegerglobal.com\/cs\/#\/schema\/logo\/image\/\",\"url\":\"https:\/\/alegerglobal.com\/wp-content\/uploads\/2020\/12\/aleger-logo-quadrat.jpg\",\"contentUrl\":\"https:\/\/alegerglobal.com\/wp-content\/uploads\/2020\/12\/aleger-logo-quadrat.jpg\",\"width\":200,\"height\":176,\"caption\":\"ALEGER \u22c6 Augmented Reality\"},\"image\":{\"@id\":\"https:\/\/alegerglobal.com\/cs\/#\/schema\/logo\/image\/\"}}]}<\/script>\n<meta property=\"product:brand\" content=\"Getac\" \/>\n<meta property=\"product:price:amount\" content=\"2890.99\" \/>\n<meta property=\"product:price:currency\" content=\"EUR\" \/>\n<meta property=\"og:availability\" content=\"instock\" \/>\n<meta property=\"product:availability\" content=\"instock\" \/>\n<meta property=\"product:condition\" content=\"new\" \/>\n<!-- \/ Yoast SEO Premium plugin. -->","yoast_head_json":{"title":"Kupte si Getac K120 zde - ALEGER \u22c6 Augmented Reality","description":"U spole\u010dnosti ALEGER si m\u016f\u017eete po\u0159\u00eddit model K120! Jedn\u00e1 se o odoln\u00fd tablet pro v\u0161estrann\u00e9 pou\u017eit\u00ed a extr\u00e9mn\u00ed podm\u00ednky.","robots":{"index":"index","follow":"follow","max-snippet":"max-snippet:-1","max-image-preview":"max-image-preview:large","max-video-preview":"max-video-preview:-1"},"og_locale":"cs_CZ","og_type":"article","og_title":"Getac K120, odoln\u00fd tablet, 12,5\", MIL-STD-810G, IP65, Windows 10 Pro","og_description":"U spole\u010dnosti ALEGER si m\u016f\u017eete po\u0159\u00eddit model K120! Jedn\u00e1 se o odoln\u00fd tablet pro v\u0161estrann\u00e9 pou\u017eit\u00ed a extr\u00e9mn\u00ed podm\u00ednky.","og_url":"https:\/\/alegerglobal.com\/cs\/shop-cs\/odolny-tablet\/getac-k120-2\/","og_site_name":"ALEGER \u22c6 Augmented Reality","og_image":[{"width":800,"height":800,"url":"https:\/\/alegerglobal.com\/wp-content\/uploads\/2021\/03\/Unbenannt.jpg","type":"image\/jpeg"}],"twitter_card":"summary_large_image","twitter_misc":{"Cena":"&euro;2.890,99","Dostupnost":"Skladem"},"schema":{"@context":"https:\/\/schema.org","@graph":[{"@type":"WebPage","@id":"https:\/\/alegerglobal.com\/cs\/shop-cs\/odolny-tablet\/getac-k120-2\/","url":"https:\/\/alegerglobal.com\/cs\/shop-cs\/odolny-tablet\/getac-k120-2\/","name":"Kupte si Getac K120 zde - ALEGER \u22c6 Augmented Reality","isPartOf":{"@id":"https:\/\/alegerglobal.com\/cs\/#website"},"primaryImageOfPage":{"@id":"https:\/\/alegerglobal.com\/cs\/shop-cs\/odolny-tablet\/getac-k120-2\/#primaryimage"},"image":{"@id":"https:\/\/alegerglobal.com\/cs\/shop-cs\/odolny-tablet\/getac-k120-2\/#primaryimage"},"thumbnailUrl":"https:\/\/alegerglobal.com\/wp-content\/uploads\/2021\/03\/Unbenannt.jpg","datePublished":"2022-05-19T08:02:08+00:00","dateModified":"2022-05-19T08:02:08+00:00","description":"U spole\u010dnosti ALEGER si m\u016f\u017eete po\u0159\u00eddit model K120! Jedn\u00e1 se o odoln\u00fd tablet pro v\u0161estrann\u00e9 pou\u017eit\u00ed a extr\u00e9mn\u00ed podm\u00ednky.","breadcrumb":{"@id":"https:\/\/alegerglobal.com\/cs\/shop-cs\/odolny-tablet\/getac-k120-2\/#breadcrumb"},"inLanguage":"cs","potentialAction":[{"@type":"ReadAction","target":["https:\/\/alegerglobal.com\/cs\/shop-cs\/odolny-tablet\/getac-k120-2\/"]}]},{"@type":"ImageObject","inLanguage":"cs","@id":"https:\/\/alegerglobal.com\/cs\/shop-cs\/odolny-tablet\/getac-k120-2\/#primaryimage","url":"https:\/\/alegerglobal.com\/wp-content\/uploads\/2021\/03\/Unbenannt.jpg","contentUrl":"https:\/\/alegerglobal.com\/wp-content\/uploads\/2021\/03\/Unbenannt.jpg","width":800,"height":800,"caption":"Getac K120"},{"@type":"BreadcrumbList","@id":"https:\/\/alegerglobal.com\/cs\/shop-cs\/odolny-tablet\/getac-k120-2\/#breadcrumb","itemListElement":[{"@type":"ListItem","position":1,"name":"Home","item":"https:\/\/alegerglobal.com\/cs\/novinka-domovska-stranka\/"},{"@type":"ListItem","position":2,"name":"Produkty","item":"https:\/\/alegerglobal.com\/cs\/produkty\/"},{"@type":"ListItem","position":3,"name":"Getac K120, odoln\u00fd tablet, 12,5&#8243;, MIL-STD-810G, IP65, Windows 10 Pro"}]},{"@type":"WebSite","@id":"https:\/\/alegerglobal.com\/cs\/#website","url":"https:\/\/alegerglobal.com\/cs\/","name":"ALEGER \u22c6 Augmented Reality","description":"Die besten Augmented Reality (AR) L\u00f6sungen der Welt.","publisher":{"@id":"https:\/\/alegerglobal.com\/cs\/#organization"},"potentialAction":[{"@type":"SearchAction","target":{"@type":"EntryPoint","urlTemplate":"https:\/\/alegerglobal.com\/cs\/?s={search_term_string}"},"query-input":{"@type":"PropertyValueSpecification","valueRequired":true,"valueName":"search_term_string"}}],"inLanguage":"cs"},{"@type":"Organization","@id":"https:\/\/alegerglobal.com\/cs\/#organization","name":"ALEGER \u22c6 Augmented Reality","url":"https:\/\/alegerglobal.com\/cs\/","logo":{"@type":"ImageObject","inLanguage":"cs","@id":"https:\/\/alegerglobal.com\/cs\/#\/schema\/logo\/image\/","url":"https:\/\/alegerglobal.com\/wp-content\/uploads\/2020\/12\/aleger-logo-quadrat.jpg","contentUrl":"https:\/\/alegerglobal.com\/wp-content\/uploads\/2020\/12\/aleger-logo-quadrat.jpg","width":200,"height":176,"caption":"ALEGER \u22c6 Augmented Reality"},"image":{"@id":"https:\/\/alegerglobal.com\/cs\/#\/schema\/logo\/image\/"}}]},"product_brand":"Getac","product_price_amount":"2890.99","product_price_currency":"EUR","og_availability":"instock","product_availability":"instock","product_condition":"new"},"_links":{"self":[{"href":"https:\/\/alegerglobal.com\/cs\/wp-json\/wp\/v2\/product\/34950","targetHints":{"allow":["GET"]}}],"collection":[{"href":"https:\/\/alegerglobal.com\/cs\/wp-json\/wp\/v2\/product"}],"about":[{"href":"https:\/\/alegerglobal.com\/cs\/wp-json\/wp\/v2\/types\/product"}],"replies":[{"embeddable":true,"href":"https:\/\/alegerglobal.com\/cs\/wp-json\/wp\/v2\/comments?post=34950"}],"version-history":[{"count":0,"href":"https:\/\/alegerglobal.com\/cs\/wp-json\/wp\/v2\/product\/34950\/revisions"}],"wp:featuredmedia":[{"embeddable":true,"href":"https:\/\/alegerglobal.com\/cs\/wp-json\/wp\/v2\/media\/13007"}],"wp:attachment":[{"href":"https:\/\/alegerglobal.com\/cs\/wp-json\/wp\/v2\/media?parent=34950"}],"wp:term":[{"taxonomy":"product_brand","embeddable":true,"href":"https:\/\/alegerglobal.com\/cs\/wp-json\/wp\/v2\/product_brand?post=34950"},{"taxonomy":"product_cat","embeddable":true,"href":"https:\/\/alegerglobal.com\/cs\/wp-json\/wp\/v2\/product_cat?post=34950"},{"taxonomy":"product_tag","embeddable":true,"href":"https:\/\/alegerglobal.com\/cs\/wp-json\/wp\/v2\/product_tag?post=34950"}],"curies":[{"name":"wp","href":"https:\/\/api.w.org\/{rel}","templated":true}]}}