{"id":34948,"date":"2021-03-07T08:00:03","date_gmt":"2022-05-19T07:59:50","guid":{"rendered":"https:\/\/alegerglobal.com\/nezarazene\/ecom-loc-ex-01-majak-s-ochranou-proti-vybuchu-atex-zona-1\/"},"modified":"2022-05-19T08:59:50","modified_gmt":"2022-05-19T07:59:50","slug":"ecom-loc-ex-01-2","status":"publish","type":"product","link":"https:\/\/alegerglobal.com\/cs\/shop-cs\/atex-cs\/ecom-loc-ex-01-2\/","title":{"rendered":"ecom Loc-Ex\u00ae 01, maj\u00e1k s ochranou proti v\u00fdbuchu, Atex z\u00f3na 1"},"content":{"rendered":"","protected":false},"excerpt":{"rendered":"<ul>\n<li style=\"font-weight: 400;\"><b>Pro prost\u0159ed\u00ed s nebezpe\u010d\u00edm v\u00fdbuchu:<\/b><span style=\"font-weight: 400;\"> Se schv\u00e1len\u00edm pro z\u00f3nu 1\/21 (ATEX \/ IECEx) a divizi 1 (NEC \/ CEC), celosv\u011btov\u00e9 pou\u017eit\u00ed podle<\/span><span style=\"font-weight: 400;\"> ATEX<\/span><span style=\"font-weight: 400;\"> sm\u011brnice.<\/span><\/li>\n<li><b>Zv\u00fd\u0161en\u00e1 transparentnost: <\/b><span style=\"font-weight: 400;\">Jsou zaji\u0161t\u011bny zjednodu\u0161en\u00e9 technologick\u00e9 procesy, lep\u0161\u00ed \u0159\u00edzen\u00ed a lokalizace ve venkovn\u00edch i vnit\u0159n\u00edch prostor\u00e1ch. <\/span> <\/li>\n<li style=\"font-weight: 400;\"><b>Pro roz\u0161\u00ed\u0159en\u00fd teplotn\u00ed rozsah:<\/b> <span style=\"font-weight: 400;\">Certifik\u00e1t IP64<\/span><span style=\"font-weight: 400;\"> zvl\u00e1d\u00e1 prach a vlhkost a z\u016fst\u00e1v\u00e1 pln\u011b funk\u010dn\u00ed i p\u0159i teplot\u00e1ch od -20 \u00b0C do +55 \u00b0C.<\/span><\/li>\n<li style=\"font-weight: 400;\"><b>V\u011bt\u0161\u00ed ochrana zam\u011bstnanc\u016f:<\/b><span style=\"font-weight: 400;\"> Ochrana osam\u011bl\u00e9ho pracovn\u00edka spolehliv\u011b zaji\u0161\u0165uje dodate\u010dnou bezpe\u010dnost na pracovi\u0161ti.<\/span><\/li>\n<li style=\"font-weight: 400;\"><b>Dlouh\u00fd dosah<\/b>: Sign\u00e1ly lze p\u0159en\u00e1\u0161et na vzd\u00e1lenost 30 m v interi\u00e9ru a a\u017e 200 m v exteri\u00e9ru.<\/li>\n<\/ul>\n","protected":false},"featured_media":13385,"comment_status":"open","ping_status":"closed","template":"","meta":{"_acf_changed":false},"product_brand":[],"product_cat":[1527,1516],"product_tag":[],"class_list":{"0":"post-34948","1":"product","2":"type-product","3":"status-publish","4":"has-post-thumbnail","6":"product_cat-atex-cs","7":"product_cat-shop-cs","8":"pa_hersteller-ecom-cs","10":"first","11":"instock","12":"taxable","13":"shipping-taxable","14":"purchasable","15":"product-type-simple"},"acf":[],"yoast_head":"<!-- This site is optimized with the Yoast SEO Premium plugin v20.10 (Yoast SEO v24.3) - https:\/\/yoast.com\/wordpress\/plugins\/seo\/ -->\n<title>Ecom Loc-Ex\u00ae 01 koupit online - ALEGER \u22c6 Augmented Reality<\/title>\n<meta name=\"description\" content=\"S maj\u00e1kem s ochranou proti v\u00fdbuchu od spole\u010dnosti ecom pro z\u00f3nu Atex 2 zajist\u00edte maxim\u00e1ln\u00ed bezpe\u010dnost provozu a ochranu osam\u011bl\u00fdch pracovn\u00edk\u016f. Objevte zde!\" \/>\n<meta name=\"robots\" content=\"index, follow, max-snippet:-1, max-image-preview:large, max-video-preview:-1\" \/>\n<meta property=\"og:locale\" content=\"cs_CZ\" \/>\n<meta property=\"og:type\" content=\"article\" \/>\n<meta property=\"og:title\" content=\"ecom Loc-Ex\u00ae 01, maj\u00e1k s ochranou proti v\u00fdbuchu, Atex z\u00f3na 1\" \/>\n<meta property=\"og:description\" content=\"S maj\u00e1kem s ochranou proti v\u00fdbuchu od spole\u010dnosti ecom pro z\u00f3nu Atex 2 zajist\u00edte maxim\u00e1ln\u00ed bezpe\u010dnost provozu a ochranu osam\u011bl\u00fdch pracovn\u00edk\u016f. Objevte zde!\" \/>\n<meta property=\"og:url\" content=\"https:\/\/alegerglobal.com\/cs\/shop-cs\/atex-cs\/ecom-loc-ex-01-2\/\" \/>\n<meta property=\"og:site_name\" content=\"ALEGER \u22c6 Augmented Reality\" \/>\n<meta property=\"og:image\" content=\"https:\/\/alegerglobal.com\/wp-content\/uploads\/2021\/03\/Unbenannt-47.jpg\" \/>\n\t<meta property=\"og:image:width\" content=\"800\" \/>\n\t<meta property=\"og:image:height\" content=\"800\" \/>\n\t<meta property=\"og:image:type\" content=\"image\/jpeg\" \/>\n<meta name=\"twitter:card\" content=\"summary_large_image\" \/>\n<meta name=\"twitter:label1\" content=\"Cena\" \/>\n\t<meta name=\"twitter:data1\" content=\"&euro;560,00\" \/>\n\t<meta name=\"twitter:label2\" content=\"Dostupnost\" \/>\n\t<meta name=\"twitter:data2\" content=\"Skladem\" \/>\n<script type=\"application\/ld+json\" class=\"yoast-schema-graph\">{\"@context\":\"https:\/\/schema.org\",\"@graph\":[{\"@type\":\"WebPage\",\"@id\":\"https:\/\/alegerglobal.com\/cs\/shop-cs\/atex-cs\/ecom-loc-ex-01-2\/\",\"url\":\"https:\/\/alegerglobal.com\/cs\/shop-cs\/atex-cs\/ecom-loc-ex-01-2\/\",\"name\":\"Ecom Loc-Ex\u00ae 01 koupit online - ALEGER \u22c6 Augmented Reality\",\"isPartOf\":{\"@id\":\"https:\/\/alegerglobal.com\/cs\/#website\"},\"primaryImageOfPage\":{\"@id\":\"https:\/\/alegerglobal.com\/cs\/shop-cs\/atex-cs\/ecom-loc-ex-01-2\/#primaryimage\"},\"image\":{\"@id\":\"https:\/\/alegerglobal.com\/cs\/shop-cs\/atex-cs\/ecom-loc-ex-01-2\/#primaryimage\"},\"thumbnailUrl\":\"https:\/\/alegerglobal.com\/wp-content\/uploads\/2021\/03\/Unbenannt-47.jpg\",\"datePublished\":\"2022-05-19T07:59:50+00:00\",\"dateModified\":\"2022-05-19T07:59:50+00:00\",\"description\":\"S maj\u00e1kem s ochranou proti v\u00fdbuchu od spole\u010dnosti ecom pro z\u00f3nu Atex 2 zajist\u00edte maxim\u00e1ln\u00ed bezpe\u010dnost provozu a ochranu osam\u011bl\u00fdch pracovn\u00edk\u016f. Objevte zde!\",\"breadcrumb\":{\"@id\":\"https:\/\/alegerglobal.com\/cs\/shop-cs\/atex-cs\/ecom-loc-ex-01-2\/#breadcrumb\"},\"inLanguage\":\"cs\",\"potentialAction\":[{\"@type\":\"ReadAction\",\"target\":[\"https:\/\/alegerglobal.com\/cs\/shop-cs\/atex-cs\/ecom-loc-ex-01-2\/\"]}]},{\"@type\":\"ImageObject\",\"inLanguage\":\"cs\",\"@id\":\"https:\/\/alegerglobal.com\/cs\/shop-cs\/atex-cs\/ecom-loc-ex-01-2\/#primaryimage\",\"url\":\"https:\/\/alegerglobal.com\/wp-content\/uploads\/2021\/03\/Unbenannt-47.jpg\",\"contentUrl\":\"https:\/\/alegerglobal.com\/wp-content\/uploads\/2021\/03\/Unbenannt-47.jpg\",\"width\":800,\"height\":800},{\"@type\":\"BreadcrumbList\",\"@id\":\"https:\/\/alegerglobal.com\/cs\/shop-cs\/atex-cs\/ecom-loc-ex-01-2\/#breadcrumb\",\"itemListElement\":[{\"@type\":\"ListItem\",\"position\":1,\"name\":\"Home\",\"item\":\"https:\/\/alegerglobal.com\/cs\/novinka-domovska-stranka\/\"},{\"@type\":\"ListItem\",\"position\":2,\"name\":\"Produkty\",\"item\":\"https:\/\/alegerglobal.com\/cs\/produkty\/\"},{\"@type\":\"ListItem\",\"position\":3,\"name\":\"ecom Loc-Ex\u00ae 01, maj\u00e1k s ochranou proti v\u00fdbuchu, Atex z\u00f3na 1\"}]},{\"@type\":\"WebSite\",\"@id\":\"https:\/\/alegerglobal.com\/cs\/#website\",\"url\":\"https:\/\/alegerglobal.com\/cs\/\",\"name\":\"ALEGER \u22c6 Augmented Reality\",\"description\":\"Die besten Augmented Reality (AR) L\u00f6sungen der Welt.\",\"publisher\":{\"@id\":\"https:\/\/alegerglobal.com\/cs\/#organization\"},\"potentialAction\":[{\"@type\":\"SearchAction\",\"target\":{\"@type\":\"EntryPoint\",\"urlTemplate\":\"https:\/\/alegerglobal.com\/cs\/?s={search_term_string}\"},\"query-input\":{\"@type\":\"PropertyValueSpecification\",\"valueRequired\":true,\"valueName\":\"search_term_string\"}}],\"inLanguage\":\"cs\"},{\"@type\":\"Organization\",\"@id\":\"https:\/\/alegerglobal.com\/cs\/#organization\",\"name\":\"ALEGER \u22c6 Augmented Reality\",\"url\":\"https:\/\/alegerglobal.com\/cs\/\",\"logo\":{\"@type\":\"ImageObject\",\"inLanguage\":\"cs\",\"@id\":\"https:\/\/alegerglobal.com\/cs\/#\/schema\/logo\/image\/\",\"url\":\"https:\/\/alegerglobal.com\/wp-content\/uploads\/2020\/12\/aleger-logo-quadrat.jpg\",\"contentUrl\":\"https:\/\/alegerglobal.com\/wp-content\/uploads\/2020\/12\/aleger-logo-quadrat.jpg\",\"width\":200,\"height\":176,\"caption\":\"ALEGER \u22c6 Augmented Reality\"},\"image\":{\"@id\":\"https:\/\/alegerglobal.com\/cs\/#\/schema\/logo\/image\/\"}}]}<\/script>\n<meta property=\"product:brand\" content=\"Ecom\" \/>\n<meta property=\"product:price:amount\" content=\"560.00\" \/>\n<meta property=\"product:price:currency\" content=\"EUR\" \/>\n<meta property=\"og:availability\" content=\"instock\" \/>\n<meta property=\"product:availability\" content=\"instock\" \/>\n<meta property=\"product:condition\" content=\"new\" \/>\n<!-- \/ Yoast SEO Premium plugin. -->","yoast_head_json":{"title":"Ecom Loc-Ex\u00ae 01 koupit online - ALEGER \u22c6 Augmented Reality","description":"S maj\u00e1kem s ochranou proti v\u00fdbuchu od spole\u010dnosti ecom pro z\u00f3nu Atex 2 zajist\u00edte maxim\u00e1ln\u00ed bezpe\u010dnost provozu a ochranu osam\u011bl\u00fdch pracovn\u00edk\u016f. Objevte zde!","robots":{"index":"index","follow":"follow","max-snippet":"max-snippet:-1","max-image-preview":"max-image-preview:large","max-video-preview":"max-video-preview:-1"},"og_locale":"cs_CZ","og_type":"article","og_title":"ecom Loc-Ex\u00ae 01, maj\u00e1k s ochranou proti v\u00fdbuchu, Atex z\u00f3na 1","og_description":"S maj\u00e1kem s ochranou proti v\u00fdbuchu od spole\u010dnosti ecom pro z\u00f3nu Atex 2 zajist\u00edte maxim\u00e1ln\u00ed bezpe\u010dnost provozu a ochranu osam\u011bl\u00fdch pracovn\u00edk\u016f. Objevte zde!","og_url":"https:\/\/alegerglobal.com\/cs\/shop-cs\/atex-cs\/ecom-loc-ex-01-2\/","og_site_name":"ALEGER \u22c6 Augmented Reality","og_image":[{"width":800,"height":800,"url":"https:\/\/alegerglobal.com\/wp-content\/uploads\/2021\/03\/Unbenannt-47.jpg","type":"image\/jpeg"}],"twitter_card":"summary_large_image","twitter_misc":{"Cena":"&euro;560,00","Dostupnost":"Skladem"},"schema":{"@context":"https:\/\/schema.org","@graph":[{"@type":"WebPage","@id":"https:\/\/alegerglobal.com\/cs\/shop-cs\/atex-cs\/ecom-loc-ex-01-2\/","url":"https:\/\/alegerglobal.com\/cs\/shop-cs\/atex-cs\/ecom-loc-ex-01-2\/","name":"Ecom Loc-Ex\u00ae 01 koupit online - ALEGER \u22c6 Augmented Reality","isPartOf":{"@id":"https:\/\/alegerglobal.com\/cs\/#website"},"primaryImageOfPage":{"@id":"https:\/\/alegerglobal.com\/cs\/shop-cs\/atex-cs\/ecom-loc-ex-01-2\/#primaryimage"},"image":{"@id":"https:\/\/alegerglobal.com\/cs\/shop-cs\/atex-cs\/ecom-loc-ex-01-2\/#primaryimage"},"thumbnailUrl":"https:\/\/alegerglobal.com\/wp-content\/uploads\/2021\/03\/Unbenannt-47.jpg","datePublished":"2022-05-19T07:59:50+00:00","dateModified":"2022-05-19T07:59:50+00:00","description":"S maj\u00e1kem s ochranou proti v\u00fdbuchu od spole\u010dnosti ecom pro z\u00f3nu Atex 2 zajist\u00edte maxim\u00e1ln\u00ed bezpe\u010dnost provozu a ochranu osam\u011bl\u00fdch pracovn\u00edk\u016f. Objevte zde!","breadcrumb":{"@id":"https:\/\/alegerglobal.com\/cs\/shop-cs\/atex-cs\/ecom-loc-ex-01-2\/#breadcrumb"},"inLanguage":"cs","potentialAction":[{"@type":"ReadAction","target":["https:\/\/alegerglobal.com\/cs\/shop-cs\/atex-cs\/ecom-loc-ex-01-2\/"]}]},{"@type":"ImageObject","inLanguage":"cs","@id":"https:\/\/alegerglobal.com\/cs\/shop-cs\/atex-cs\/ecom-loc-ex-01-2\/#primaryimage","url":"https:\/\/alegerglobal.com\/wp-content\/uploads\/2021\/03\/Unbenannt-47.jpg","contentUrl":"https:\/\/alegerglobal.com\/wp-content\/uploads\/2021\/03\/Unbenannt-47.jpg","width":800,"height":800},{"@type":"BreadcrumbList","@id":"https:\/\/alegerglobal.com\/cs\/shop-cs\/atex-cs\/ecom-loc-ex-01-2\/#breadcrumb","itemListElement":[{"@type":"ListItem","position":1,"name":"Home","item":"https:\/\/alegerglobal.com\/cs\/novinka-domovska-stranka\/"},{"@type":"ListItem","position":2,"name":"Produkty","item":"https:\/\/alegerglobal.com\/cs\/produkty\/"},{"@type":"ListItem","position":3,"name":"ecom Loc-Ex\u00ae 01, maj\u00e1k s ochranou proti v\u00fdbuchu, Atex z\u00f3na 1"}]},{"@type":"WebSite","@id":"https:\/\/alegerglobal.com\/cs\/#website","url":"https:\/\/alegerglobal.com\/cs\/","name":"ALEGER \u22c6 Augmented Reality","description":"Die besten Augmented Reality (AR) L\u00f6sungen der Welt.","publisher":{"@id":"https:\/\/alegerglobal.com\/cs\/#organization"},"potentialAction":[{"@type":"SearchAction","target":{"@type":"EntryPoint","urlTemplate":"https:\/\/alegerglobal.com\/cs\/?s={search_term_string}"},"query-input":{"@type":"PropertyValueSpecification","valueRequired":true,"valueName":"search_term_string"}}],"inLanguage":"cs"},{"@type":"Organization","@id":"https:\/\/alegerglobal.com\/cs\/#organization","name":"ALEGER \u22c6 Augmented Reality","url":"https:\/\/alegerglobal.com\/cs\/","logo":{"@type":"ImageObject","inLanguage":"cs","@id":"https:\/\/alegerglobal.com\/cs\/#\/schema\/logo\/image\/","url":"https:\/\/alegerglobal.com\/wp-content\/uploads\/2020\/12\/aleger-logo-quadrat.jpg","contentUrl":"https:\/\/alegerglobal.com\/wp-content\/uploads\/2020\/12\/aleger-logo-quadrat.jpg","width":200,"height":176,"caption":"ALEGER \u22c6 Augmented Reality"},"image":{"@id":"https:\/\/alegerglobal.com\/cs\/#\/schema\/logo\/image\/"}}]},"product_brand":"Ecom","product_price_amount":"560.00","product_price_currency":"EUR","og_availability":"instock","product_availability":"instock","product_condition":"new"},"_links":{"self":[{"href":"https:\/\/alegerglobal.com\/cs\/wp-json\/wp\/v2\/product\/34948","targetHints":{"allow":["GET"]}}],"collection":[{"href":"https:\/\/alegerglobal.com\/cs\/wp-json\/wp\/v2\/product"}],"about":[{"href":"https:\/\/alegerglobal.com\/cs\/wp-json\/wp\/v2\/types\/product"}],"replies":[{"embeddable":true,"href":"https:\/\/alegerglobal.com\/cs\/wp-json\/wp\/v2\/comments?post=34948"}],"version-history":[{"count":0,"href":"https:\/\/alegerglobal.com\/cs\/wp-json\/wp\/v2\/product\/34948\/revisions"}],"wp:featuredmedia":[{"embeddable":true,"href":"https:\/\/alegerglobal.com\/cs\/wp-json\/wp\/v2\/media\/13385"}],"wp:attachment":[{"href":"https:\/\/alegerglobal.com\/cs\/wp-json\/wp\/v2\/media?parent=34948"}],"wp:term":[{"taxonomy":"product_brand","embeddable":true,"href":"https:\/\/alegerglobal.com\/cs\/wp-json\/wp\/v2\/product_brand?post=34948"},{"taxonomy":"product_cat","embeddable":true,"href":"https:\/\/alegerglobal.com\/cs\/wp-json\/wp\/v2\/product_cat?post=34948"},{"taxonomy":"product_tag","embeddable":true,"href":"https:\/\/alegerglobal.com\/cs\/wp-json\/wp\/v2\/product_tag?post=34948"}],"curies":[{"name":"wp","href":"https:\/\/api.w.org\/{rel}","templated":true}]}}