{"id":34943,"date":"2021-03-02T09:00:33","date_gmt":"2022-05-19T07:59:25","guid":{"rendered":"https:\/\/alegerglobal.com\/nezarazene\/mobilni-router-tp-link-m7350-4g-lte\/"},"modified":"2022-05-19T08:59:25","modified_gmt":"2022-05-19T07:59:25","slug":"mobiler-router-tp-link-m7350-4g-lte-2","status":"publish","type":"product","link":"https:\/\/alegerglobal.com\/cs\/shop-cs\/prislusenstvi\/mobiler-router-tp-link-m7350-4g-lte-2\/","title":{"rendered":"MOBILN\u00cd ROUTER: TP-LINK M7350 4G\/LTE"},"content":{"rendered":"<p style=\"mso-margin-top-alt: auto; mso-margin-bottom-alt: auto; line-height: normal;\"><b>Kl\u00ed\u010dov\u00e9 vlastnosti:  <\/b><\/p>\n<ul type=\"disc\">\n<li style=\"mso-margin-top-alt: auto; mso-margin-bottom-alt: auto; line-height: normal; mso-list: l0 level1 lfo1; tab-stops: list 36.0pt;\">a\u017e 150 Mbit\/s p\u0159i stahov\u00e1n\u00ed a 50 Mbit\/s p\u0159i odes\u00edl\u00e1n\u00ed.<\/li>\n<li style=\"mso-margin-top-alt: auto; mso-margin-bottom-alt: auto; line-height: normal; mso-list: l0 level1 lfo1; tab-stops: list 36.0pt;\">Provoz WLAN na 2,4 GHz nebo 5 GHz<\/li>\n<li style=\"mso-margin-top-alt: auto; mso-margin-bottom-alt: auto; line-height: normal; mso-list: l0 level1 lfo1; tab-stops: list 36.0pt;\">BATERIE 2 550 mAh ( cca 10 hodin)<\/li>\n<li style=\"mso-margin-top-alt: auto; mso-margin-bottom-alt: auto; line-height: normal; mso-list: l0 level1 lfo1; tab-stops: list 36.0pt;\">Jeden kabel Micro USB<\/li>\n<li style=\"mso-margin-top-alt: auto; mso-margin-bottom-alt: auto; line-height: normal; mso-list: l0 level1 lfo1; tab-stops: list 36.0pt;\">Jedna nap\u00e1jec\u00ed jednotka<\/li>\n<li style=\"mso-margin-top-alt: auto; mso-margin-bottom-alt: auto; line-height: normal; mso-list: l0 level1 lfo1; tab-stops: list 36.0pt;\">  Slot pro kartu Micro SD s kapacitou a\u017e 32 GB<\/li>\n<li style=\"mso-margin-top-alt: auto; mso-margin-bottom-alt: auto; line-height: normal; mso-list: l0 level1 lfo1; tab-stops: list 36.0pt;\">Dva adapt\u00e9ry pro karty SIM<\/li>\n<\/ul>\n<h2>P\u0159\u00edslu\u0161enstv\u00ed pro tento produkt<\/h2>\n<h3>Porovn\u00e1n\u00ed s jin\u00fdmi produkty<\/h3>\n","protected":false},"excerpt":{"rendered":"<p>Kl\u00ed\u010dov\u00e9 vlastnosti: a\u017e 150 Mbit\/s p\u0159i stahov\u00e1n\u00ed a 50 Mbit\/s p\u0159i odes\u00edl\u00e1n\u00ed. Provoz WLAN na 2,4 GHz nebo 5 GHz BATERIE 2 550 mAh ( cca 10 hodin) Jeden kabel Micro USB Jedna nap\u00e1jec\u00ed jednotka Slot pro kartu Micro SD s kapacitou a\u017e 32 GB Dva adapt\u00e9ry pro karty SIM P\u0159\u00edslu\u0161enstv\u00ed pro tento produkt Porovn\u00e1n\u00ed [&hellip;]<\/p>\n","protected":false},"featured_media":13398,"comment_status":"open","ping_status":"closed","template":"","meta":{"_acf_changed":false},"product_brand":[],"product_cat":[1529,1516],"product_tag":[],"class_list":{"0":"post-34943","1":"product","2":"type-product","3":"status-publish","4":"has-post-thumbnail","6":"product_cat-prislusenstvi","7":"product_cat-shop-cs","8":"pa_hersteller-tp-link-cs","10":"first","11":"instock","12":"taxable","13":"shipping-taxable","14":"purchasable","15":"product-type-simple"},"acf":[],"yoast_head":"<!-- This site is optimized with the Yoast SEO Premium plugin v20.10 (Yoast SEO v24.3) - https:\/\/yoast.com\/wordpress\/plugins\/seo\/ -->\n<title>MOBILN\u00cd ROUTER: TP-LINK M7350 4G\/LTE - ALEGER \u22c6 Augmented Reality<\/title>\n<meta name=\"robots\" content=\"index, follow, max-snippet:-1, max-image-preview:large, max-video-preview:-1\" \/>\n<meta property=\"og:locale\" content=\"cs_CZ\" \/>\n<meta property=\"og:type\" content=\"article\" \/>\n<meta property=\"og:title\" content=\"MOBILN\u00cd ROUTER: TP-LINK M7350 4G\/LTE\" \/>\n<meta property=\"og:description\" content=\"Kl\u00ed\u010dov\u00e9 vlastnosti: a\u017e 150 Mbit\/s p\u0159i stahov\u00e1n\u00ed a 50 Mbit\/s p\u0159i odes\u00edl\u00e1n\u00ed. Provoz WLAN na 2,4 GHz nebo 5 GHz BATERIE 2 550 mAh ( cca 10 hodin) Jeden kabel Micro USB Jedna nap\u00e1jec\u00ed jednotka Slot pro kartu Micro SD s kapacitou a\u017e 32 GB Dva adapt\u00e9ry pro karty SIM P\u0159\u00edslu\u0161enstv\u00ed pro tento produkt Porovn\u00e1n\u00ed [&hellip;]\" \/>\n<meta property=\"og:url\" content=\"https:\/\/alegerglobal.com\/cs\/shop-cs\/prislusenstvi\/mobiler-router-tp-link-m7350-4g-lte-2\/\" \/>\n<meta property=\"og:site_name\" content=\"ALEGER \u22c6 Augmented Reality\" \/>\n<meta property=\"og:image\" content=\"https:\/\/alegerglobal.com\/wp-content\/uploads\/2021\/03\/Unbenannt-51.jpg\" \/>\n\t<meta property=\"og:image:width\" content=\"800\" \/>\n\t<meta property=\"og:image:height\" content=\"800\" \/>\n\t<meta property=\"og:image:type\" content=\"image\/jpeg\" \/>\n<meta name=\"twitter:card\" content=\"summary_large_image\" \/>\n<meta name=\"twitter:label1\" content=\"Cena\" \/>\n\t<meta name=\"twitter:data1\" content=\"&euro;120,00\" \/>\n\t<meta name=\"twitter:label2\" content=\"Dostupnost\" \/>\n\t<meta name=\"twitter:data2\" content=\"Skladem\" \/>\n<script type=\"application\/ld+json\" class=\"yoast-schema-graph\">{\"@context\":\"https:\/\/schema.org\",\"@graph\":[{\"@type\":\"WebPage\",\"@id\":\"https:\/\/alegerglobal.com\/cs\/shop-cs\/prislusenstvi\/mobiler-router-tp-link-m7350-4g-lte-2\/\",\"url\":\"https:\/\/alegerglobal.com\/cs\/shop-cs\/prislusenstvi\/mobiler-router-tp-link-m7350-4g-lte-2\/\",\"name\":\"MOBILN\u00cd ROUTER: TP-LINK M7350 4G\/LTE - ALEGER \u22c6 Augmented Reality\",\"isPartOf\":{\"@id\":\"https:\/\/alegerglobal.com\/cs\/#website\"},\"primaryImageOfPage\":{\"@id\":\"https:\/\/alegerglobal.com\/cs\/shop-cs\/prislusenstvi\/mobiler-router-tp-link-m7350-4g-lte-2\/#primaryimage\"},\"image\":{\"@id\":\"https:\/\/alegerglobal.com\/cs\/shop-cs\/prislusenstvi\/mobiler-router-tp-link-m7350-4g-lte-2\/#primaryimage\"},\"thumbnailUrl\":\"https:\/\/alegerglobal.com\/wp-content\/uploads\/2021\/03\/Unbenannt-51.jpg\",\"datePublished\":\"2022-05-19T07:59:25+00:00\",\"dateModified\":\"2022-05-19T07:59:25+00:00\",\"breadcrumb\":{\"@id\":\"https:\/\/alegerglobal.com\/cs\/shop-cs\/prislusenstvi\/mobiler-router-tp-link-m7350-4g-lte-2\/#breadcrumb\"},\"inLanguage\":\"cs\",\"potentialAction\":[{\"@type\":\"ReadAction\",\"target\":[\"https:\/\/alegerglobal.com\/cs\/shop-cs\/prislusenstvi\/mobiler-router-tp-link-m7350-4g-lte-2\/\"]}]},{\"@type\":\"ImageObject\",\"inLanguage\":\"cs\",\"@id\":\"https:\/\/alegerglobal.com\/cs\/shop-cs\/prislusenstvi\/mobiler-router-tp-link-m7350-4g-lte-2\/#primaryimage\",\"url\":\"https:\/\/alegerglobal.com\/wp-content\/uploads\/2021\/03\/Unbenannt-51.jpg\",\"contentUrl\":\"https:\/\/alegerglobal.com\/wp-content\/uploads\/2021\/03\/Unbenannt-51.jpg\",\"width\":800,\"height\":800},{\"@type\":\"BreadcrumbList\",\"@id\":\"https:\/\/alegerglobal.com\/cs\/shop-cs\/prislusenstvi\/mobiler-router-tp-link-m7350-4g-lte-2\/#breadcrumb\",\"itemListElement\":[{\"@type\":\"ListItem\",\"position\":1,\"name\":\"Home\",\"item\":\"https:\/\/alegerglobal.com\/cs\/novinka-domovska-stranka\/\"},{\"@type\":\"ListItem\",\"position\":2,\"name\":\"Produkty\",\"item\":\"https:\/\/alegerglobal.com\/cs\/produkty\/\"},{\"@type\":\"ListItem\",\"position\":3,\"name\":\"MOBILN\u00cd ROUTER: TP-LINK M7350 4G\/LTE\"}]},{\"@type\":\"WebSite\",\"@id\":\"https:\/\/alegerglobal.com\/cs\/#website\",\"url\":\"https:\/\/alegerglobal.com\/cs\/\",\"name\":\"ALEGER \u22c6 Augmented Reality\",\"description\":\"Die besten Augmented Reality (AR) L\u00f6sungen der Welt.\",\"publisher\":{\"@id\":\"https:\/\/alegerglobal.com\/cs\/#organization\"},\"potentialAction\":[{\"@type\":\"SearchAction\",\"target\":{\"@type\":\"EntryPoint\",\"urlTemplate\":\"https:\/\/alegerglobal.com\/cs\/?s={search_term_string}\"},\"query-input\":{\"@type\":\"PropertyValueSpecification\",\"valueRequired\":true,\"valueName\":\"search_term_string\"}}],\"inLanguage\":\"cs\"},{\"@type\":\"Organization\",\"@id\":\"https:\/\/alegerglobal.com\/cs\/#organization\",\"name\":\"ALEGER \u22c6 Augmented Reality\",\"url\":\"https:\/\/alegerglobal.com\/cs\/\",\"logo\":{\"@type\":\"ImageObject\",\"inLanguage\":\"cs\",\"@id\":\"https:\/\/alegerglobal.com\/cs\/#\/schema\/logo\/image\/\",\"url\":\"https:\/\/alegerglobal.com\/wp-content\/uploads\/2020\/12\/aleger-logo-quadrat.jpg\",\"contentUrl\":\"https:\/\/alegerglobal.com\/wp-content\/uploads\/2020\/12\/aleger-logo-quadrat.jpg\",\"width\":200,\"height\":176,\"caption\":\"ALEGER \u22c6 Augmented Reality\"},\"image\":{\"@id\":\"https:\/\/alegerglobal.com\/cs\/#\/schema\/logo\/image\/\"}}]}<\/script>\n<meta property=\"product:brand\" content=\"TP-Link\" \/>\n<meta property=\"product:price:amount\" content=\"120.00\" \/>\n<meta property=\"product:price:currency\" content=\"EUR\" \/>\n<meta property=\"og:availability\" content=\"instock\" \/>\n<meta property=\"product:availability\" content=\"instock\" \/>\n<meta property=\"product:condition\" content=\"new\" \/>\n<!-- \/ Yoast SEO Premium plugin. -->","yoast_head_json":{"title":"MOBILN\u00cd ROUTER: TP-LINK M7350 4G\/LTE - ALEGER \u22c6 Augmented Reality","robots":{"index":"index","follow":"follow","max-snippet":"max-snippet:-1","max-image-preview":"max-image-preview:large","max-video-preview":"max-video-preview:-1"},"og_locale":"cs_CZ","og_type":"article","og_title":"MOBILN\u00cd ROUTER: TP-LINK M7350 4G\/LTE","og_description":"Kl\u00ed\u010dov\u00e9 vlastnosti: a\u017e 150 Mbit\/s p\u0159i stahov\u00e1n\u00ed a 50 Mbit\/s p\u0159i odes\u00edl\u00e1n\u00ed. Provoz WLAN na 2,4 GHz nebo 5 GHz BATERIE 2 550 mAh ( cca 10 hodin) Jeden kabel Micro USB Jedna nap\u00e1jec\u00ed jednotka Slot pro kartu Micro SD s kapacitou a\u017e 32 GB Dva adapt\u00e9ry pro karty SIM P\u0159\u00edslu\u0161enstv\u00ed pro tento produkt Porovn\u00e1n\u00ed [&hellip;]","og_url":"https:\/\/alegerglobal.com\/cs\/shop-cs\/prislusenstvi\/mobiler-router-tp-link-m7350-4g-lte-2\/","og_site_name":"ALEGER \u22c6 Augmented Reality","og_image":[{"width":800,"height":800,"url":"https:\/\/alegerglobal.com\/wp-content\/uploads\/2021\/03\/Unbenannt-51.jpg","type":"image\/jpeg"}],"twitter_card":"summary_large_image","twitter_misc":{"Cena":"&euro;120,00","Dostupnost":"Skladem"},"schema":{"@context":"https:\/\/schema.org","@graph":[{"@type":"WebPage","@id":"https:\/\/alegerglobal.com\/cs\/shop-cs\/prislusenstvi\/mobiler-router-tp-link-m7350-4g-lte-2\/","url":"https:\/\/alegerglobal.com\/cs\/shop-cs\/prislusenstvi\/mobiler-router-tp-link-m7350-4g-lte-2\/","name":"MOBILN\u00cd ROUTER: TP-LINK M7350 4G\/LTE - ALEGER \u22c6 Augmented Reality","isPartOf":{"@id":"https:\/\/alegerglobal.com\/cs\/#website"},"primaryImageOfPage":{"@id":"https:\/\/alegerglobal.com\/cs\/shop-cs\/prislusenstvi\/mobiler-router-tp-link-m7350-4g-lte-2\/#primaryimage"},"image":{"@id":"https:\/\/alegerglobal.com\/cs\/shop-cs\/prislusenstvi\/mobiler-router-tp-link-m7350-4g-lte-2\/#primaryimage"},"thumbnailUrl":"https:\/\/alegerglobal.com\/wp-content\/uploads\/2021\/03\/Unbenannt-51.jpg","datePublished":"2022-05-19T07:59:25+00:00","dateModified":"2022-05-19T07:59:25+00:00","breadcrumb":{"@id":"https:\/\/alegerglobal.com\/cs\/shop-cs\/prislusenstvi\/mobiler-router-tp-link-m7350-4g-lte-2\/#breadcrumb"},"inLanguage":"cs","potentialAction":[{"@type":"ReadAction","target":["https:\/\/alegerglobal.com\/cs\/shop-cs\/prislusenstvi\/mobiler-router-tp-link-m7350-4g-lte-2\/"]}]},{"@type":"ImageObject","inLanguage":"cs","@id":"https:\/\/alegerglobal.com\/cs\/shop-cs\/prislusenstvi\/mobiler-router-tp-link-m7350-4g-lte-2\/#primaryimage","url":"https:\/\/alegerglobal.com\/wp-content\/uploads\/2021\/03\/Unbenannt-51.jpg","contentUrl":"https:\/\/alegerglobal.com\/wp-content\/uploads\/2021\/03\/Unbenannt-51.jpg","width":800,"height":800},{"@type":"BreadcrumbList","@id":"https:\/\/alegerglobal.com\/cs\/shop-cs\/prislusenstvi\/mobiler-router-tp-link-m7350-4g-lte-2\/#breadcrumb","itemListElement":[{"@type":"ListItem","position":1,"name":"Home","item":"https:\/\/alegerglobal.com\/cs\/novinka-domovska-stranka\/"},{"@type":"ListItem","position":2,"name":"Produkty","item":"https:\/\/alegerglobal.com\/cs\/produkty\/"},{"@type":"ListItem","position":3,"name":"MOBILN\u00cd ROUTER: TP-LINK M7350 4G\/LTE"}]},{"@type":"WebSite","@id":"https:\/\/alegerglobal.com\/cs\/#website","url":"https:\/\/alegerglobal.com\/cs\/","name":"ALEGER \u22c6 Augmented Reality","description":"Die besten Augmented Reality (AR) L\u00f6sungen der Welt.","publisher":{"@id":"https:\/\/alegerglobal.com\/cs\/#organization"},"potentialAction":[{"@type":"SearchAction","target":{"@type":"EntryPoint","urlTemplate":"https:\/\/alegerglobal.com\/cs\/?s={search_term_string}"},"query-input":{"@type":"PropertyValueSpecification","valueRequired":true,"valueName":"search_term_string"}}],"inLanguage":"cs"},{"@type":"Organization","@id":"https:\/\/alegerglobal.com\/cs\/#organization","name":"ALEGER \u22c6 Augmented Reality","url":"https:\/\/alegerglobal.com\/cs\/","logo":{"@type":"ImageObject","inLanguage":"cs","@id":"https:\/\/alegerglobal.com\/cs\/#\/schema\/logo\/image\/","url":"https:\/\/alegerglobal.com\/wp-content\/uploads\/2020\/12\/aleger-logo-quadrat.jpg","contentUrl":"https:\/\/alegerglobal.com\/wp-content\/uploads\/2020\/12\/aleger-logo-quadrat.jpg","width":200,"height":176,"caption":"ALEGER \u22c6 Augmented Reality"},"image":{"@id":"https:\/\/alegerglobal.com\/cs\/#\/schema\/logo\/image\/"}}]},"product_brand":"TP-Link","product_price_amount":"120.00","product_price_currency":"EUR","og_availability":"instock","product_availability":"instock","product_condition":"new"},"_links":{"self":[{"href":"https:\/\/alegerglobal.com\/cs\/wp-json\/wp\/v2\/product\/34943","targetHints":{"allow":["GET"]}}],"collection":[{"href":"https:\/\/alegerglobal.com\/cs\/wp-json\/wp\/v2\/product"}],"about":[{"href":"https:\/\/alegerglobal.com\/cs\/wp-json\/wp\/v2\/types\/product"}],"replies":[{"embeddable":true,"href":"https:\/\/alegerglobal.com\/cs\/wp-json\/wp\/v2\/comments?post=34943"}],"version-history":[{"count":0,"href":"https:\/\/alegerglobal.com\/cs\/wp-json\/wp\/v2\/product\/34943\/revisions"}],"wp:featuredmedia":[{"embeddable":true,"href":"https:\/\/alegerglobal.com\/cs\/wp-json\/wp\/v2\/media\/13398"}],"wp:attachment":[{"href":"https:\/\/alegerglobal.com\/cs\/wp-json\/wp\/v2\/media?parent=34943"}],"wp:term":[{"taxonomy":"product_brand","embeddable":true,"href":"https:\/\/alegerglobal.com\/cs\/wp-json\/wp\/v2\/product_brand?post=34943"},{"taxonomy":"product_cat","embeddable":true,"href":"https:\/\/alegerglobal.com\/cs\/wp-json\/wp\/v2\/product_cat?post=34943"},{"taxonomy":"product_tag","embeddable":true,"href":"https:\/\/alegerglobal.com\/cs\/wp-json\/wp\/v2\/product_tag?post=34943"}],"curies":[{"name":"wp","href":"https:\/\/api.w.org\/{rel}","templated":true}]}}