{"id":34941,"date":"2021-03-07T08:57:38","date_gmt":"2022-05-19T07:59:03","guid":{"rendered":"https:\/\/alegerglobal.com\/nezarazene\/ecom-tab-ex-dz1-tablet-s-ochranou-proti-vybuchu-atex-zone-1-8-dotykovy-displej-android\/"},"modified":"2022-05-19T08:59:03","modified_gmt":"2022-05-19T07:59:03","slug":"ecom-tab-ex-dz1-2","status":"publish","type":"product","link":"https:\/\/alegerglobal.com\/cs\/shop-cs\/atex-cs\/ecom-tab-ex-dz1-2\/","title":{"rendered":"ecom Tab-Ex\u00ae DZ1 Tablet s ochranou proti v\u00fdbuchu Atex Zone 1, 8&#8243; dotykov\u00fd displej, Android"},"content":{"rendered":"","protected":false},"excerpt":{"rendered":"<ul>\n<li style=\"font-weight: 400;\"><b>V souladu s <\/b><b>ATEX<\/b><b> sm\u011brnice: <\/b><span style=\"font-weight: 400;\">Se schv\u00e1len\u00edm pro<\/span><span style=\"font-weight: 400;\"> Ex z\u00f3na<\/span><span style=\"font-weight: 400;\"> 1\/21 a t\u0159\u00edda 1\/Div 1, celosv\u011btov\u00e9 pou\u017eit\u00ed v potenci\u00e1ln\u011b<\/span> <span style=\"font-weight: 400;\">je mo\u017en\u00e9 pou\u017e\u00edt nebezpe\u010dn\u00e9 oblasti. <\/span> <\/li>\n<li style=\"font-weight: 400;\"><b>Dotykov\u00fd displej s vysok\u00fdm rozli\u0161en\u00edm: <\/b><span style=\"font-weight: 400;\">8&#8243; displej lze snadno ovl\u00e1dat v rukavic\u00edch nebo za mokra a je velmi dob\u0159e \u010diteln\u00fd i na slunci.<\/span><\/li>\n<li><b>Roz\u0161\u00ed\u0159en\u00e1 realita:<\/b><span style=\"font-weight: 400;\"> Digit\u00e1ln\u00ed zobrazen\u00ed v re\u00e1ln\u00e9m prost\u0159ed\u00ed a re\u00e1ln\u00e9m \u010dase usnad\u0148uje monitorov\u00e1n\u00ed a \u0159e\u0161en\u00ed probl\u00e9m\u016f \u0161irok\u00e9 \u0161k\u00e1ly za\u0159\u00edzen\u00ed pro dokon\u010den\u00ed proces\u016f na \u00farovni Pr\u016fmyslu 4.0. <\/span> <\/li>\n<li><b>Samsung Knox 3.2<\/b><span style=\"font-weight: 400;\">Tablet spolehliv\u011b chr\u00e1n\u00ed v\u0161echna firemn\u00ed data. D\u00edky 16 GB intern\u00ed pam\u011bti a dal\u0161\u00edm 256 GB prost\u0159ednictv\u00edm microSD je tu spousta m\u00edsta pro va\u0161e pot\u0159eby.<\/span><\/li>\n<li><b>Fotoapar\u00e1t s rozli\u0161en\u00edm 8 MP:<\/b><span style=\"font-weight: 400;\"> Automatick\u00e9 identifika\u010dn\u00ed sn\u00edm\u00e1n\u00ed \u010d\u00e1rov\u00fdch k\u00f3d\u016f a QR k\u00f3d\u016f funguje i za \u0161patn\u00fdch sv\u011bteln\u00fdch podm\u00ednek.<\/span><\/li>\n<\/ul>\n","protected":false},"featured_media":12378,"comment_status":"open","ping_status":"closed","template":"","meta":{"_acf_changed":false},"product_brand":[],"product_cat":[1527,1526,1516],"product_tag":[],"class_list":{"0":"post-34941","1":"product","2":"type-product","3":"status-publish","4":"has-post-thumbnail","6":"product_cat-atex-cs","7":"product_cat-odolny-tablet","8":"product_cat-shop-cs","9":"pa_hersteller-ecom-cs","11":"first","12":"instock","13":"taxable","14":"shipping-taxable","15":"purchasable","16":"product-type-simple"},"acf":[],"yoast_head":"<!-- This site is optimized with the Yoast SEO Premium plugin v20.10 (Yoast SEO v24.3) - https:\/\/yoast.com\/wordpress\/plugins\/seo\/ -->\n<title>Tab-Ex\u00ae DZ1 od spole\u010dnosti ecom - ALEGER \u22c6 Augmented Reality<\/title>\n<meta name=\"description\" content=\"Objevte zde ecom Tab-Ex\u00ae DZ1. Robustn\u00ed tablet umo\u017e\u0148uje mobiln\u00ed a bezpe\u010dnou pr\u00e1ci v z\u00f3n\u011b ATEX 1.\" \/>\n<meta name=\"robots\" content=\"index, follow, max-snippet:-1, max-image-preview:large, max-video-preview:-1\" \/>\n<meta property=\"og:locale\" content=\"cs_CZ\" \/>\n<meta property=\"og:type\" content=\"article\" \/>\n<meta property=\"og:title\" content=\"ecom Tab-Ex\u00ae DZ1 Tablet s ochranou proti v\u00fdbuchu Atex Zone 1, 8&quot; dotykov\u00fd displej, Android\" \/>\n<meta property=\"og:description\" content=\"Objevte zde ecom Tab-Ex\u00ae DZ1. Robustn\u00ed tablet umo\u017e\u0148uje mobiln\u00ed a bezpe\u010dnou pr\u00e1ci v z\u00f3n\u011b ATEX 1.\" \/>\n<meta property=\"og:url\" content=\"https:\/\/alegerglobal.com\/cs\/shop-cs\/atex-cs\/ecom-tab-ex-dz1-2\/\" \/>\n<meta property=\"og:site_name\" content=\"ALEGER \u22c6 Augmented Reality\" \/>\n<meta property=\"og:image\" content=\"https:\/\/alegerglobal.com\/wp-content\/uploads\/2021\/01\/csm_Tab-Ex_02_DZ1_Gallery_1_814c4f41a2.jpg\" \/>\n\t<meta property=\"og:image:width\" content=\"400\" \/>\n\t<meta property=\"og:image:height\" content=\"400\" \/>\n\t<meta property=\"og:image:type\" content=\"image\/jpeg\" \/>\n<meta name=\"twitter:card\" content=\"summary_large_image\" \/>\n<meta name=\"twitter:label1\" content=\"Cena\" \/>\n\t<meta name=\"twitter:data1\" content=\"&euro;2.890,00\" \/>\n\t<meta name=\"twitter:label2\" content=\"Dostupnost\" \/>\n\t<meta name=\"twitter:data2\" content=\"Skladem\" \/>\n<script type=\"application\/ld+json\" class=\"yoast-schema-graph\">{\"@context\":\"https:\/\/schema.org\",\"@graph\":[{\"@type\":\"WebPage\",\"@id\":\"https:\/\/alegerglobal.com\/cs\/shop-cs\/atex-cs\/ecom-tab-ex-dz1-2\/\",\"url\":\"https:\/\/alegerglobal.com\/cs\/shop-cs\/atex-cs\/ecom-tab-ex-dz1-2\/\",\"name\":\"Tab-Ex\u00ae DZ1 od spole\u010dnosti ecom - ALEGER \u22c6 Augmented Reality\",\"isPartOf\":{\"@id\":\"https:\/\/alegerglobal.com\/cs\/#website\"},\"primaryImageOfPage\":{\"@id\":\"https:\/\/alegerglobal.com\/cs\/shop-cs\/atex-cs\/ecom-tab-ex-dz1-2\/#primaryimage\"},\"image\":{\"@id\":\"https:\/\/alegerglobal.com\/cs\/shop-cs\/atex-cs\/ecom-tab-ex-dz1-2\/#primaryimage\"},\"thumbnailUrl\":\"https:\/\/alegerglobal.com\/wp-content\/uploads\/2021\/01\/csm_Tab-Ex_02_DZ1_Gallery_1_814c4f41a2.jpg\",\"datePublished\":\"2022-05-19T07:59:03+00:00\",\"dateModified\":\"2022-05-19T07:59:03+00:00\",\"description\":\"Objevte zde ecom Tab-Ex\u00ae DZ1. Robustn\u00ed tablet umo\u017e\u0148uje mobiln\u00ed a bezpe\u010dnou pr\u00e1ci v z\u00f3n\u011b ATEX 1.\",\"breadcrumb\":{\"@id\":\"https:\/\/alegerglobal.com\/cs\/shop-cs\/atex-cs\/ecom-tab-ex-dz1-2\/#breadcrumb\"},\"inLanguage\":\"cs\",\"potentialAction\":[{\"@type\":\"ReadAction\",\"target\":[\"https:\/\/alegerglobal.com\/cs\/shop-cs\/atex-cs\/ecom-tab-ex-dz1-2\/\"]}]},{\"@type\":\"ImageObject\",\"inLanguage\":\"cs\",\"@id\":\"https:\/\/alegerglobal.com\/cs\/shop-cs\/atex-cs\/ecom-tab-ex-dz1-2\/#primaryimage\",\"url\":\"https:\/\/alegerglobal.com\/wp-content\/uploads\/2021\/01\/csm_Tab-Ex_02_DZ1_Gallery_1_814c4f41a2.jpg\",\"contentUrl\":\"https:\/\/alegerglobal.com\/wp-content\/uploads\/2021\/01\/csm_Tab-Ex_02_DZ1_Gallery_1_814c4f41a2.jpg\",\"width\":400,\"height\":400,\"caption\":\"ecom Tab-Ex\u00ae DZ1\"},{\"@type\":\"BreadcrumbList\",\"@id\":\"https:\/\/alegerglobal.com\/cs\/shop-cs\/atex-cs\/ecom-tab-ex-dz1-2\/#breadcrumb\",\"itemListElement\":[{\"@type\":\"ListItem\",\"position\":1,\"name\":\"Home\",\"item\":\"https:\/\/alegerglobal.com\/cs\/novinka-domovska-stranka\/\"},{\"@type\":\"ListItem\",\"position\":2,\"name\":\"Produkty\",\"item\":\"https:\/\/alegerglobal.com\/cs\/produkty\/\"},{\"@type\":\"ListItem\",\"position\":3,\"name\":\"ecom Tab-Ex\u00ae DZ1 Tablet s ochranou proti v\u00fdbuchu Atex Zone 1, 8&#8243; dotykov\u00fd displej, Android\"}]},{\"@type\":\"WebSite\",\"@id\":\"https:\/\/alegerglobal.com\/cs\/#website\",\"url\":\"https:\/\/alegerglobal.com\/cs\/\",\"name\":\"ALEGER \u22c6 Augmented Reality\",\"description\":\"Die besten Augmented Reality (AR) L\u00f6sungen der Welt.\",\"publisher\":{\"@id\":\"https:\/\/alegerglobal.com\/cs\/#organization\"},\"potentialAction\":[{\"@type\":\"SearchAction\",\"target\":{\"@type\":\"EntryPoint\",\"urlTemplate\":\"https:\/\/alegerglobal.com\/cs\/?s={search_term_string}\"},\"query-input\":{\"@type\":\"PropertyValueSpecification\",\"valueRequired\":true,\"valueName\":\"search_term_string\"}}],\"inLanguage\":\"cs\"},{\"@type\":\"Organization\",\"@id\":\"https:\/\/alegerglobal.com\/cs\/#organization\",\"name\":\"ALEGER \u22c6 Augmented Reality\",\"url\":\"https:\/\/alegerglobal.com\/cs\/\",\"logo\":{\"@type\":\"ImageObject\",\"inLanguage\":\"cs\",\"@id\":\"https:\/\/alegerglobal.com\/cs\/#\/schema\/logo\/image\/\",\"url\":\"https:\/\/alegerglobal.com\/wp-content\/uploads\/2020\/12\/aleger-logo-quadrat.jpg\",\"contentUrl\":\"https:\/\/alegerglobal.com\/wp-content\/uploads\/2020\/12\/aleger-logo-quadrat.jpg\",\"width\":200,\"height\":176,\"caption\":\"ALEGER \u22c6 Augmented Reality\"},\"image\":{\"@id\":\"https:\/\/alegerglobal.com\/cs\/#\/schema\/logo\/image\/\"}}]}<\/script>\n<meta property=\"product:brand\" content=\"Ecom\" \/>\n<meta property=\"product:price:amount\" content=\"2890.00\" \/>\n<meta property=\"product:price:currency\" content=\"EUR\" \/>\n<meta property=\"og:availability\" content=\"instock\" \/>\n<meta property=\"product:availability\" content=\"instock\" \/>\n<meta property=\"product:condition\" content=\"new\" \/>\n<!-- \/ Yoast SEO Premium plugin. -->","yoast_head_json":{"title":"Tab-Ex\u00ae DZ1 od spole\u010dnosti ecom - ALEGER \u22c6 Augmented Reality","description":"Objevte zde ecom Tab-Ex\u00ae DZ1. Robustn\u00ed tablet umo\u017e\u0148uje mobiln\u00ed a bezpe\u010dnou pr\u00e1ci v z\u00f3n\u011b ATEX 1.","robots":{"index":"index","follow":"follow","max-snippet":"max-snippet:-1","max-image-preview":"max-image-preview:large","max-video-preview":"max-video-preview:-1"},"og_locale":"cs_CZ","og_type":"article","og_title":"ecom Tab-Ex\u00ae DZ1 Tablet s ochranou proti v\u00fdbuchu Atex Zone 1, 8\" dotykov\u00fd displej, Android","og_description":"Objevte zde ecom Tab-Ex\u00ae DZ1. Robustn\u00ed tablet umo\u017e\u0148uje mobiln\u00ed a bezpe\u010dnou pr\u00e1ci v z\u00f3n\u011b ATEX 1.","og_url":"https:\/\/alegerglobal.com\/cs\/shop-cs\/atex-cs\/ecom-tab-ex-dz1-2\/","og_site_name":"ALEGER \u22c6 Augmented Reality","og_image":[{"width":400,"height":400,"url":"https:\/\/alegerglobal.com\/wp-content\/uploads\/2021\/01\/csm_Tab-Ex_02_DZ1_Gallery_1_814c4f41a2.jpg","type":"image\/jpeg"}],"twitter_card":"summary_large_image","twitter_misc":{"Cena":"&euro;2.890,00","Dostupnost":"Skladem"},"schema":{"@context":"https:\/\/schema.org","@graph":[{"@type":"WebPage","@id":"https:\/\/alegerglobal.com\/cs\/shop-cs\/atex-cs\/ecom-tab-ex-dz1-2\/","url":"https:\/\/alegerglobal.com\/cs\/shop-cs\/atex-cs\/ecom-tab-ex-dz1-2\/","name":"Tab-Ex\u00ae DZ1 od spole\u010dnosti ecom - ALEGER \u22c6 Augmented Reality","isPartOf":{"@id":"https:\/\/alegerglobal.com\/cs\/#website"},"primaryImageOfPage":{"@id":"https:\/\/alegerglobal.com\/cs\/shop-cs\/atex-cs\/ecom-tab-ex-dz1-2\/#primaryimage"},"image":{"@id":"https:\/\/alegerglobal.com\/cs\/shop-cs\/atex-cs\/ecom-tab-ex-dz1-2\/#primaryimage"},"thumbnailUrl":"https:\/\/alegerglobal.com\/wp-content\/uploads\/2021\/01\/csm_Tab-Ex_02_DZ1_Gallery_1_814c4f41a2.jpg","datePublished":"2022-05-19T07:59:03+00:00","dateModified":"2022-05-19T07:59:03+00:00","description":"Objevte zde ecom Tab-Ex\u00ae DZ1. Robustn\u00ed tablet umo\u017e\u0148uje mobiln\u00ed a bezpe\u010dnou pr\u00e1ci v z\u00f3n\u011b ATEX 1.","breadcrumb":{"@id":"https:\/\/alegerglobal.com\/cs\/shop-cs\/atex-cs\/ecom-tab-ex-dz1-2\/#breadcrumb"},"inLanguage":"cs","potentialAction":[{"@type":"ReadAction","target":["https:\/\/alegerglobal.com\/cs\/shop-cs\/atex-cs\/ecom-tab-ex-dz1-2\/"]}]},{"@type":"ImageObject","inLanguage":"cs","@id":"https:\/\/alegerglobal.com\/cs\/shop-cs\/atex-cs\/ecom-tab-ex-dz1-2\/#primaryimage","url":"https:\/\/alegerglobal.com\/wp-content\/uploads\/2021\/01\/csm_Tab-Ex_02_DZ1_Gallery_1_814c4f41a2.jpg","contentUrl":"https:\/\/alegerglobal.com\/wp-content\/uploads\/2021\/01\/csm_Tab-Ex_02_DZ1_Gallery_1_814c4f41a2.jpg","width":400,"height":400,"caption":"ecom Tab-Ex\u00ae DZ1"},{"@type":"BreadcrumbList","@id":"https:\/\/alegerglobal.com\/cs\/shop-cs\/atex-cs\/ecom-tab-ex-dz1-2\/#breadcrumb","itemListElement":[{"@type":"ListItem","position":1,"name":"Home","item":"https:\/\/alegerglobal.com\/cs\/novinka-domovska-stranka\/"},{"@type":"ListItem","position":2,"name":"Produkty","item":"https:\/\/alegerglobal.com\/cs\/produkty\/"},{"@type":"ListItem","position":3,"name":"ecom Tab-Ex\u00ae DZ1 Tablet s ochranou proti v\u00fdbuchu Atex Zone 1, 8&#8243; dotykov\u00fd displej, Android"}]},{"@type":"WebSite","@id":"https:\/\/alegerglobal.com\/cs\/#website","url":"https:\/\/alegerglobal.com\/cs\/","name":"ALEGER \u22c6 Augmented Reality","description":"Die besten Augmented Reality (AR) L\u00f6sungen der Welt.","publisher":{"@id":"https:\/\/alegerglobal.com\/cs\/#organization"},"potentialAction":[{"@type":"SearchAction","target":{"@type":"EntryPoint","urlTemplate":"https:\/\/alegerglobal.com\/cs\/?s={search_term_string}"},"query-input":{"@type":"PropertyValueSpecification","valueRequired":true,"valueName":"search_term_string"}}],"inLanguage":"cs"},{"@type":"Organization","@id":"https:\/\/alegerglobal.com\/cs\/#organization","name":"ALEGER \u22c6 Augmented Reality","url":"https:\/\/alegerglobal.com\/cs\/","logo":{"@type":"ImageObject","inLanguage":"cs","@id":"https:\/\/alegerglobal.com\/cs\/#\/schema\/logo\/image\/","url":"https:\/\/alegerglobal.com\/wp-content\/uploads\/2020\/12\/aleger-logo-quadrat.jpg","contentUrl":"https:\/\/alegerglobal.com\/wp-content\/uploads\/2020\/12\/aleger-logo-quadrat.jpg","width":200,"height":176,"caption":"ALEGER \u22c6 Augmented Reality"},"image":{"@id":"https:\/\/alegerglobal.com\/cs\/#\/schema\/logo\/image\/"}}]},"product_brand":"Ecom","product_price_amount":"2890.00","product_price_currency":"EUR","og_availability":"instock","product_availability":"instock","product_condition":"new"},"_links":{"self":[{"href":"https:\/\/alegerglobal.com\/cs\/wp-json\/wp\/v2\/product\/34941","targetHints":{"allow":["GET"]}}],"collection":[{"href":"https:\/\/alegerglobal.com\/cs\/wp-json\/wp\/v2\/product"}],"about":[{"href":"https:\/\/alegerglobal.com\/cs\/wp-json\/wp\/v2\/types\/product"}],"replies":[{"embeddable":true,"href":"https:\/\/alegerglobal.com\/cs\/wp-json\/wp\/v2\/comments?post=34941"}],"version-history":[{"count":0,"href":"https:\/\/alegerglobal.com\/cs\/wp-json\/wp\/v2\/product\/34941\/revisions"}],"wp:featuredmedia":[{"embeddable":true,"href":"https:\/\/alegerglobal.com\/cs\/wp-json\/wp\/v2\/media\/12378"}],"wp:attachment":[{"href":"https:\/\/alegerglobal.com\/cs\/wp-json\/wp\/v2\/media?parent=34941"}],"wp:term":[{"taxonomy":"product_brand","embeddable":true,"href":"https:\/\/alegerglobal.com\/cs\/wp-json\/wp\/v2\/product_brand?post=34941"},{"taxonomy":"product_cat","embeddable":true,"href":"https:\/\/alegerglobal.com\/cs\/wp-json\/wp\/v2\/product_cat?post=34941"},{"taxonomy":"product_tag","embeddable":true,"href":"https:\/\/alegerglobal.com\/cs\/wp-json\/wp\/v2\/product_tag?post=34941"}],"curies":[{"name":"wp","href":"https:\/\/api.w.org\/{rel}","templated":true}]}}