{"id":34940,"date":"2021-03-07T08:59:40","date_gmt":"2022-05-19T07:59:01","guid":{"rendered":"https:\/\/alegerglobal.com\/nezarazene\/ecom-pad-ex-pro-01-p8-dz2-tablet-s-ochranou-ex-atex-zone-2-116-dotykovy-displej-windows\/"},"modified":"2022-05-19T08:59:01","modified_gmt":"2022-05-19T07:59:01","slug":"ecom-pad-ex-pro-01-p8-dz2-2","status":"publish","type":"product","link":"https:\/\/alegerglobal.com\/cs\/shop-cs\/atex-cs\/ecom-pad-ex-pro-01-p8-dz2-2\/","title":{"rendered":"ecom Pad-Ex\u00ae Pro 01 P8 DZ2, tablet s ochranou Ex, Atex Zone 2, 11,6&#8243; dotykov\u00fd displej, Windows"},"content":{"rendered":"","protected":false},"excerpt":{"rendered":"<ul>\n<li style=\"font-weight: 400;\"><b>Schv\u00e1len\u00ed pro<\/b><b> Ex z\u00f3na<\/b><b> 2\/22 a t\u0159\u00edda 2\/odd\u00edl 2:<\/b><span style=\"font-weight: 400;\"> Celosv\u011btov\u00e9 mo\u017enosti pou\u017eit\u00ed podle<\/span><span style=\"font-weight: 400;\"> ATEX<\/span><span style=\"font-weight: 400;\"> sm\u011brnice pro prost\u0159ed\u00ed s nebezpe\u010d\u00edm v\u00fdbuchu.<\/span><\/li>\n<li><b>Kapacitn\u00ed v\u00edcedotykov\u00e1 obrazovka:<\/b><span style=\"font-weight: 400;\"> 11,6&#8243; displej m\u00e1 rozli\u0161en\u00ed HD 1920&#215;1080 pixel\u016f a je dokonale \u010diteln\u00fd i na p\u0159\u00edm\u00e9m slune\u010dn\u00edm sv\u011btle.<\/span><\/li>\n<li style=\"font-weight: 400;\"><b>Vysok\u00fd v\u00fdpo\u010detn\u00ed v\u00fdkon:<\/b><span style=\"font-weight: 400;\"> Procesory Intel\u00ae Core\u2122 i5 8. generace spl\u0148uj\u00ed komplexn\u00ed po\u017eadavky na aplikace Pr\u016fmyslu 4.0. <\/span> <\/li>\n<li style=\"font-weight: 400;\"><b>Certifikace IP64:<\/b><span style=\"font-weight: 400;\"> Odoln\u00fd tablet Ex Tablet bez probl\u00e9m\u016f odol\u00e1v\u00e1 teplot\u00e1m od -10 \u00b0C do +55 \u00b0C, vlhkosti, prachu, chemik\u00e1li\u00edm a vibrac\u00edm. <\/span> <\/li>\n<li style=\"font-weight: 400;\"><b>Roz\u0161\u00ed\u0159en\u00e1 realita<\/b>: D\u00edky digit\u00e1ln\u00edmu zobrazen\u00ed v re\u00e1ln\u00e9m prost\u0159ed\u00ed a re\u00e1ln\u00e9m \u010dase podporuje roz\u0161\u00ed\u0159en\u00e1 realita monitorov\u00e1n\u00ed a odstra\u0148ov\u00e1n\u00ed probl\u00e9m\u016f nejr\u016fzn\u011bj\u0161\u00edch syst\u00e9m\u016f.<\/li>\n<\/ul>\n","protected":false},"featured_media":12386,"comment_status":"open","ping_status":"closed","template":"","meta":{"_acf_changed":false},"product_brand":[],"product_cat":[1527,1526,1516],"product_tag":[],"class_list":{"0":"post-34940","1":"product","2":"type-product","3":"status-publish","4":"has-post-thumbnail","6":"product_cat-atex-cs","7":"product_cat-odolny-tablet","8":"product_cat-shop-cs","9":"pa_hersteller-ecom-cs","11":"first","12":"instock","13":"taxable","14":"shipping-taxable","15":"purchasable","16":"product-type-simple"},"acf":[],"yoast_head":"<!-- This site is optimized with the Yoast SEO Premium plugin v20.10 (Yoast SEO v24.3) - https:\/\/yoast.com\/wordpress\/plugins\/seo\/ -->\n<title>Koupit Pad-Ex\u00ae Pro 01 P8 DZ2 z ecom - ALEGER \u22c6 Augmented Reality<\/title>\n<meta name=\"description\" content=\"Objevte robustn\u00ed za\u0159\u00edzen\u00ed Pad-Ex\u00ae Pro 01 P8 DZ2 od spole\u010dnosti ecom. Pracujte mobiln\u011b a bezpe\u010dn\u011b s t\u00edmto tabletem pro Atex Zone 2.\" \/>\n<meta name=\"robots\" content=\"index, follow, max-snippet:-1, max-image-preview:large, max-video-preview:-1\" \/>\n<meta property=\"og:locale\" content=\"cs_CZ\" \/>\n<meta property=\"og:type\" content=\"article\" \/>\n<meta property=\"og:title\" content=\"ecom Pad-Ex\u00ae Pro 01 P8 DZ2, tablet s ochranou Ex, Atex Zone 2, 11,6&quot; dotykov\u00fd displej, Windows\" \/>\n<meta property=\"og:description\" content=\"Objevte robustn\u00ed za\u0159\u00edzen\u00ed Pad-Ex\u00ae Pro 01 P8 DZ2 od spole\u010dnosti ecom. Pracujte mobiln\u011b a bezpe\u010dn\u011b s t\u00edmto tabletem pro Atex Zone 2.\" \/>\n<meta property=\"og:url\" content=\"https:\/\/alegerglobal.com\/cs\/shop-cs\/atex-cs\/ecom-pad-ex-pro-01-p8-dz2-2\/\" \/>\n<meta property=\"og:site_name\" content=\"ALEGER \u22c6 Augmented Reality\" \/>\n<meta property=\"og:image\" content=\"https:\/\/alegerglobal.com\/wp-content\/uploads\/2021\/01\/csm_Pad-Ex_01_P8_DZ2_Gallery_1_97c295eb9f.png\" \/>\n\t<meta property=\"og:image:width\" content=\"400\" \/>\n\t<meta property=\"og:image:height\" content=\"400\" \/>\n\t<meta property=\"og:image:type\" content=\"image\/png\" \/>\n<meta name=\"twitter:card\" content=\"summary_large_image\" \/>\n<meta name=\"twitter:label1\" content=\"Cena\" \/>\n\t<meta name=\"twitter:data1\" content=\"&euro;4.249,00\" \/>\n\t<meta name=\"twitter:label2\" content=\"Dostupnost\" \/>\n\t<meta name=\"twitter:data2\" content=\"Skladem\" \/>\n<script type=\"application\/ld+json\" class=\"yoast-schema-graph\">{\"@context\":\"https:\/\/schema.org\",\"@graph\":[{\"@type\":\"WebPage\",\"@id\":\"https:\/\/alegerglobal.com\/cs\/shop-cs\/atex-cs\/ecom-pad-ex-pro-01-p8-dz2-2\/\",\"url\":\"https:\/\/alegerglobal.com\/cs\/shop-cs\/atex-cs\/ecom-pad-ex-pro-01-p8-dz2-2\/\",\"name\":\"Koupit Pad-Ex\u00ae Pro 01 P8 DZ2 z ecom - ALEGER \u22c6 Augmented Reality\",\"isPartOf\":{\"@id\":\"https:\/\/alegerglobal.com\/cs\/#website\"},\"primaryImageOfPage\":{\"@id\":\"https:\/\/alegerglobal.com\/cs\/shop-cs\/atex-cs\/ecom-pad-ex-pro-01-p8-dz2-2\/#primaryimage\"},\"image\":{\"@id\":\"https:\/\/alegerglobal.com\/cs\/shop-cs\/atex-cs\/ecom-pad-ex-pro-01-p8-dz2-2\/#primaryimage\"},\"thumbnailUrl\":\"https:\/\/alegerglobal.com\/wp-content\/uploads\/2021\/01\/csm_Pad-Ex_01_P8_DZ2_Gallery_1_97c295eb9f.png\",\"datePublished\":\"2022-05-19T07:59:01+00:00\",\"dateModified\":\"2022-05-19T07:59:01+00:00\",\"description\":\"Objevte robustn\u00ed za\u0159\u00edzen\u00ed Pad-Ex\u00ae Pro 01 P8 DZ2 od spole\u010dnosti ecom. Pracujte mobiln\u011b a bezpe\u010dn\u011b s t\u00edmto tabletem pro Atex Zone 2.\",\"breadcrumb\":{\"@id\":\"https:\/\/alegerglobal.com\/cs\/shop-cs\/atex-cs\/ecom-pad-ex-pro-01-p8-dz2-2\/#breadcrumb\"},\"inLanguage\":\"cs\",\"potentialAction\":[{\"@type\":\"ReadAction\",\"target\":[\"https:\/\/alegerglobal.com\/cs\/shop-cs\/atex-cs\/ecom-pad-ex-pro-01-p8-dz2-2\/\"]}]},{\"@type\":\"ImageObject\",\"inLanguage\":\"cs\",\"@id\":\"https:\/\/alegerglobal.com\/cs\/shop-cs\/atex-cs\/ecom-pad-ex-pro-01-p8-dz2-2\/#primaryimage\",\"url\":\"https:\/\/alegerglobal.com\/wp-content\/uploads\/2021\/01\/csm_Pad-Ex_01_P8_DZ2_Gallery_1_97c295eb9f.png\",\"contentUrl\":\"https:\/\/alegerglobal.com\/wp-content\/uploads\/2021\/01\/csm_Pad-Ex_01_P8_DZ2_Gallery_1_97c295eb9f.png\",\"width\":400,\"height\":400,\"caption\":\"ecom Pad-Ex\u00ae Pro 01 P8 DZ2, tablet chr\u00e1n\u011bn\u00fd proti v\u00fdbuchu pro z\u00f3nu Atex 2\"},{\"@type\":\"BreadcrumbList\",\"@id\":\"https:\/\/alegerglobal.com\/cs\/shop-cs\/atex-cs\/ecom-pad-ex-pro-01-p8-dz2-2\/#breadcrumb\",\"itemListElement\":[{\"@type\":\"ListItem\",\"position\":1,\"name\":\"Home\",\"item\":\"https:\/\/alegerglobal.com\/cs\/novinka-domovska-stranka\/\"},{\"@type\":\"ListItem\",\"position\":2,\"name\":\"Produkty\",\"item\":\"https:\/\/alegerglobal.com\/cs\/produkty\/\"},{\"@type\":\"ListItem\",\"position\":3,\"name\":\"ecom Pad-Ex\u00ae Pro 01 P8 DZ2, tablet s ochranou Ex, Atex Zone 2, 11,6&#8243; dotykov\u00fd displej, Windows\"}]},{\"@type\":\"WebSite\",\"@id\":\"https:\/\/alegerglobal.com\/cs\/#website\",\"url\":\"https:\/\/alegerglobal.com\/cs\/\",\"name\":\"ALEGER \u22c6 Augmented Reality\",\"description\":\"Die besten Augmented Reality (AR) L\u00f6sungen der Welt.\",\"publisher\":{\"@id\":\"https:\/\/alegerglobal.com\/cs\/#organization\"},\"potentialAction\":[{\"@type\":\"SearchAction\",\"target\":{\"@type\":\"EntryPoint\",\"urlTemplate\":\"https:\/\/alegerglobal.com\/cs\/?s={search_term_string}\"},\"query-input\":{\"@type\":\"PropertyValueSpecification\",\"valueRequired\":true,\"valueName\":\"search_term_string\"}}],\"inLanguage\":\"cs\"},{\"@type\":\"Organization\",\"@id\":\"https:\/\/alegerglobal.com\/cs\/#organization\",\"name\":\"ALEGER \u22c6 Augmented Reality\",\"url\":\"https:\/\/alegerglobal.com\/cs\/\",\"logo\":{\"@type\":\"ImageObject\",\"inLanguage\":\"cs\",\"@id\":\"https:\/\/alegerglobal.com\/cs\/#\/schema\/logo\/image\/\",\"url\":\"https:\/\/alegerglobal.com\/wp-content\/uploads\/2020\/12\/aleger-logo-quadrat.jpg\",\"contentUrl\":\"https:\/\/alegerglobal.com\/wp-content\/uploads\/2020\/12\/aleger-logo-quadrat.jpg\",\"width\":200,\"height\":176,\"caption\":\"ALEGER \u22c6 Augmented Reality\"},\"image\":{\"@id\":\"https:\/\/alegerglobal.com\/cs\/#\/schema\/logo\/image\/\"}}]}<\/script>\n<meta property=\"product:brand\" content=\"Ecom\" \/>\n<meta property=\"product:price:amount\" content=\"4249.00\" \/>\n<meta property=\"product:price:currency\" content=\"EUR\" \/>\n<meta property=\"og:availability\" content=\"instock\" \/>\n<meta property=\"product:availability\" content=\"instock\" \/>\n<meta property=\"product:condition\" content=\"new\" \/>\n<!-- \/ Yoast SEO Premium plugin. -->","yoast_head_json":{"title":"Koupit Pad-Ex\u00ae Pro 01 P8 DZ2 z ecom - ALEGER \u22c6 Augmented Reality","description":"Objevte robustn\u00ed za\u0159\u00edzen\u00ed Pad-Ex\u00ae Pro 01 P8 DZ2 od spole\u010dnosti ecom. Pracujte mobiln\u011b a bezpe\u010dn\u011b s t\u00edmto tabletem pro Atex Zone 2.","robots":{"index":"index","follow":"follow","max-snippet":"max-snippet:-1","max-image-preview":"max-image-preview:large","max-video-preview":"max-video-preview:-1"},"og_locale":"cs_CZ","og_type":"article","og_title":"ecom Pad-Ex\u00ae Pro 01 P8 DZ2, tablet s ochranou Ex, Atex Zone 2, 11,6\" dotykov\u00fd displej, Windows","og_description":"Objevte robustn\u00ed za\u0159\u00edzen\u00ed Pad-Ex\u00ae Pro 01 P8 DZ2 od spole\u010dnosti ecom. Pracujte mobiln\u011b a bezpe\u010dn\u011b s t\u00edmto tabletem pro Atex Zone 2.","og_url":"https:\/\/alegerglobal.com\/cs\/shop-cs\/atex-cs\/ecom-pad-ex-pro-01-p8-dz2-2\/","og_site_name":"ALEGER \u22c6 Augmented Reality","og_image":[{"width":400,"height":400,"url":"https:\/\/alegerglobal.com\/wp-content\/uploads\/2021\/01\/csm_Pad-Ex_01_P8_DZ2_Gallery_1_97c295eb9f.png","type":"image\/png"}],"twitter_card":"summary_large_image","twitter_misc":{"Cena":"&euro;4.249,00","Dostupnost":"Skladem"},"schema":{"@context":"https:\/\/schema.org","@graph":[{"@type":"WebPage","@id":"https:\/\/alegerglobal.com\/cs\/shop-cs\/atex-cs\/ecom-pad-ex-pro-01-p8-dz2-2\/","url":"https:\/\/alegerglobal.com\/cs\/shop-cs\/atex-cs\/ecom-pad-ex-pro-01-p8-dz2-2\/","name":"Koupit Pad-Ex\u00ae Pro 01 P8 DZ2 z ecom - ALEGER \u22c6 Augmented Reality","isPartOf":{"@id":"https:\/\/alegerglobal.com\/cs\/#website"},"primaryImageOfPage":{"@id":"https:\/\/alegerglobal.com\/cs\/shop-cs\/atex-cs\/ecom-pad-ex-pro-01-p8-dz2-2\/#primaryimage"},"image":{"@id":"https:\/\/alegerglobal.com\/cs\/shop-cs\/atex-cs\/ecom-pad-ex-pro-01-p8-dz2-2\/#primaryimage"},"thumbnailUrl":"https:\/\/alegerglobal.com\/wp-content\/uploads\/2021\/01\/csm_Pad-Ex_01_P8_DZ2_Gallery_1_97c295eb9f.png","datePublished":"2022-05-19T07:59:01+00:00","dateModified":"2022-05-19T07:59:01+00:00","description":"Objevte robustn\u00ed za\u0159\u00edzen\u00ed Pad-Ex\u00ae Pro 01 P8 DZ2 od spole\u010dnosti ecom. Pracujte mobiln\u011b a bezpe\u010dn\u011b s t\u00edmto tabletem pro Atex Zone 2.","breadcrumb":{"@id":"https:\/\/alegerglobal.com\/cs\/shop-cs\/atex-cs\/ecom-pad-ex-pro-01-p8-dz2-2\/#breadcrumb"},"inLanguage":"cs","potentialAction":[{"@type":"ReadAction","target":["https:\/\/alegerglobal.com\/cs\/shop-cs\/atex-cs\/ecom-pad-ex-pro-01-p8-dz2-2\/"]}]},{"@type":"ImageObject","inLanguage":"cs","@id":"https:\/\/alegerglobal.com\/cs\/shop-cs\/atex-cs\/ecom-pad-ex-pro-01-p8-dz2-2\/#primaryimage","url":"https:\/\/alegerglobal.com\/wp-content\/uploads\/2021\/01\/csm_Pad-Ex_01_P8_DZ2_Gallery_1_97c295eb9f.png","contentUrl":"https:\/\/alegerglobal.com\/wp-content\/uploads\/2021\/01\/csm_Pad-Ex_01_P8_DZ2_Gallery_1_97c295eb9f.png","width":400,"height":400,"caption":"ecom Pad-Ex\u00ae Pro 01 P8 DZ2, tablet chr\u00e1n\u011bn\u00fd proti v\u00fdbuchu pro z\u00f3nu Atex 2"},{"@type":"BreadcrumbList","@id":"https:\/\/alegerglobal.com\/cs\/shop-cs\/atex-cs\/ecom-pad-ex-pro-01-p8-dz2-2\/#breadcrumb","itemListElement":[{"@type":"ListItem","position":1,"name":"Home","item":"https:\/\/alegerglobal.com\/cs\/novinka-domovska-stranka\/"},{"@type":"ListItem","position":2,"name":"Produkty","item":"https:\/\/alegerglobal.com\/cs\/produkty\/"},{"@type":"ListItem","position":3,"name":"ecom Pad-Ex\u00ae Pro 01 P8 DZ2, tablet s ochranou Ex, Atex Zone 2, 11,6&#8243; dotykov\u00fd displej, Windows"}]},{"@type":"WebSite","@id":"https:\/\/alegerglobal.com\/cs\/#website","url":"https:\/\/alegerglobal.com\/cs\/","name":"ALEGER \u22c6 Augmented Reality","description":"Die besten Augmented Reality (AR) L\u00f6sungen der Welt.","publisher":{"@id":"https:\/\/alegerglobal.com\/cs\/#organization"},"potentialAction":[{"@type":"SearchAction","target":{"@type":"EntryPoint","urlTemplate":"https:\/\/alegerglobal.com\/cs\/?s={search_term_string}"},"query-input":{"@type":"PropertyValueSpecification","valueRequired":true,"valueName":"search_term_string"}}],"inLanguage":"cs"},{"@type":"Organization","@id":"https:\/\/alegerglobal.com\/cs\/#organization","name":"ALEGER \u22c6 Augmented Reality","url":"https:\/\/alegerglobal.com\/cs\/","logo":{"@type":"ImageObject","inLanguage":"cs","@id":"https:\/\/alegerglobal.com\/cs\/#\/schema\/logo\/image\/","url":"https:\/\/alegerglobal.com\/wp-content\/uploads\/2020\/12\/aleger-logo-quadrat.jpg","contentUrl":"https:\/\/alegerglobal.com\/wp-content\/uploads\/2020\/12\/aleger-logo-quadrat.jpg","width":200,"height":176,"caption":"ALEGER \u22c6 Augmented Reality"},"image":{"@id":"https:\/\/alegerglobal.com\/cs\/#\/schema\/logo\/image\/"}}]},"product_brand":"Ecom","product_price_amount":"4249.00","product_price_currency":"EUR","og_availability":"instock","product_availability":"instock","product_condition":"new"},"_links":{"self":[{"href":"https:\/\/alegerglobal.com\/cs\/wp-json\/wp\/v2\/product\/34940","targetHints":{"allow":["GET"]}}],"collection":[{"href":"https:\/\/alegerglobal.com\/cs\/wp-json\/wp\/v2\/product"}],"about":[{"href":"https:\/\/alegerglobal.com\/cs\/wp-json\/wp\/v2\/types\/product"}],"replies":[{"embeddable":true,"href":"https:\/\/alegerglobal.com\/cs\/wp-json\/wp\/v2\/comments?post=34940"}],"version-history":[{"count":0,"href":"https:\/\/alegerglobal.com\/cs\/wp-json\/wp\/v2\/product\/34940\/revisions"}],"wp:featuredmedia":[{"embeddable":true,"href":"https:\/\/alegerglobal.com\/cs\/wp-json\/wp\/v2\/media\/12386"}],"wp:attachment":[{"href":"https:\/\/alegerglobal.com\/cs\/wp-json\/wp\/v2\/media?parent=34940"}],"wp:term":[{"taxonomy":"product_brand","embeddable":true,"href":"https:\/\/alegerglobal.com\/cs\/wp-json\/wp\/v2\/product_brand?post=34940"},{"taxonomy":"product_cat","embeddable":true,"href":"https:\/\/alegerglobal.com\/cs\/wp-json\/wp\/v2\/product_cat?post=34940"},{"taxonomy":"product_tag","embeddable":true,"href":"https:\/\/alegerglobal.com\/cs\/wp-json\/wp\/v2\/product_tag?post=34940"}],"curies":[{"name":"wp","href":"https:\/\/api.w.org\/{rel}","templated":true}]}}