{"id":34939,"date":"2021-03-07T08:00:06","date_gmt":"2022-05-19T07:59:00","guid":{"rendered":"https:\/\/alegerglobal.com\/nezarazene\/ecom-cube-800-kamera-s-ochranou-ex-atex-zone-1-android\/"},"modified":"2022-05-19T08:59:00","modified_gmt":"2022-05-19T07:59:00","slug":"ecom-cube-800-2","status":"publish","type":"product","link":"https:\/\/alegerglobal.com\/cs\/shop-cs\/gadgets-cs\/ecom-cube-800-2\/","title":{"rendered":"ecom Cube 800, kamera s ochranou Ex, Atex Zone 1, Android"},"content":{"rendered":"","protected":false},"excerpt":{"rendered":"<ul>\n<li style=\"font-weight: 400;\"><b>V souladu s <\/b><b>ATEX<\/b><b> sm\u011brnice: <\/b><span style=\"font-weight: 400;\">Celosv\u011btov\u00e9 pr\u016fmyslov\u00e9 vyu\u017eit\u00ed v<\/span> <span style=\"font-weight: 400;\">nebezpe\u010dn\u00fdch prostor\u00e1ch, je mo\u017en\u00e9 se schv\u00e1len\u00edm pro<\/span><span style=\"font-weight: 400;\"> Ex z\u00f3na<\/span><span style=\"font-weight: 400;\"> 1\/21 a t\u0159\u00edda 1\/Div 1 je mo\u017en\u00e1.<\/span><\/li>\n<li><b>Syst\u00e9m dvou kamer: <\/b><span style=\"font-weight: 400;\">K dispozici jsou re\u017eimy optick\u00e9 i termokamery pro monitorov\u00e1n\u00ed \u0161irok\u00e9 \u0161k\u00e1ly za\u0159\u00edzen\u00ed. <\/span> <\/li>\n<li><b>Certifikace IP64:<\/b> <span style=\"font-weight: 400;\">Robustn\u00ed kamera je chr\u00e1n\u011bna proti prachu a vlhkosti, aby optim\u00e1ln\u011b odol\u00e1vala n\u00e1ro\u010dn\u00fdm pracovn\u00edm podm\u00ednk\u00e1m. <\/span> <\/li>\n<li><b>Pro roz\u0161\u00ed\u0159en\u00fd teplotn\u00ed rozsah: <\/b><span style=\"font-weight: 400;\">Jiskrov\u011b bezpe\u010dn\u00e1 kamera z\u016fst\u00e1v\u00e1 pln\u011b funk\u010dn\u00ed i p\u0159i teplot\u00e1ch od -10 \u00b0C do +55 \u00b0C.<\/span><\/li>\n<li><b>Vzd\u00e1len\u00e1 podpora <\/b>: \u0158e\u0161en\u00ed probl\u00e9m\u016f se dost\u00e1v\u00e1 na novou \u00farove\u0148 d\u00edky \u017eiv\u00e9mu p\u0159enosu. Specialist\u00e9 mohou p\u0159\u00edmo podniknout spr\u00e1vn\u00e9 kroky k n\u00e1prav\u011b situace, abyste v\u017edy pracovali efektivn\u011b.<\/li>\n<\/ul>\n","protected":false},"featured_media":12399,"comment_status":"open","ping_status":"closed","template":"","meta":{"_acf_changed":false},"product_brand":[],"product_cat":[1527,1532,1516],"product_tag":[],"class_list":{"0":"post-34939","1":"product","2":"type-product","3":"status-publish","4":"has-post-thumbnail","6":"product_cat-atex-cs","7":"product_cat-gadgets-cs","8":"product_cat-shop-cs","9":"pa_hersteller-ecom-cs","11":"first","12":"instock","13":"taxable","14":"shipping-taxable","15":"purchasable","16":"product-type-simple"},"acf":[],"yoast_head":"<!-- This site is optimized with the Yoast SEO Premium plugin v20.10 (Yoast SEO v24.3) - https:\/\/yoast.com\/wordpress\/plugins\/seo\/ -->\n<title>Cube 800 od ecom online kaufensep ALEGER \u22c6 Augmented Reality<\/title>\n<meta name=\"description\" content=\"Nahr\u00e1v\u00e1n\u00ed a streamov\u00e1n\u00ed videa v z\u00f3n\u011b Atex 1? \u017d\u00e1dn\u00fd probl\u00e9m s Cube 800 od spole\u010dnosti ecom. V\u00edce informac\u00ed najdete zde!\" \/>\n<meta name=\"robots\" content=\"index, follow, max-snippet:-1, max-image-preview:large, max-video-preview:-1\" \/>\n<meta property=\"og:locale\" content=\"cs_CZ\" \/>\n<meta property=\"og:type\" content=\"article\" \/>\n<meta property=\"og:title\" content=\"ecom Cube 800, kamera s ochranou Ex, Atex Zone 1, Android\" \/>\n<meta property=\"og:description\" content=\"Nahr\u00e1v\u00e1n\u00ed a streamov\u00e1n\u00ed videa v z\u00f3n\u011b Atex 1? \u017d\u00e1dn\u00fd probl\u00e9m s Cube 800 od spole\u010dnosti ecom. V\u00edce informac\u00ed najdete zde!\" \/>\n<meta property=\"og:url\" content=\"https:\/\/alegerglobal.com\/cs\/shop-cs\/gadgets-cs\/ecom-cube-800-2\/\" \/>\n<meta property=\"og:site_name\" content=\"ALEGER \u22c6 Augmented Reality\" \/>\n<meta property=\"og:image\" content=\"https:\/\/alegerglobal.com\/wp-content\/uploads\/2021\/01\/csm_cube_800_teaser_01_5ff4661df2.png\" \/>\n\t<meta property=\"og:image:width\" content=\"400\" \/>\n\t<meta property=\"og:image:height\" content=\"400\" \/>\n\t<meta property=\"og:image:type\" content=\"image\/png\" \/>\n<meta name=\"twitter:card\" content=\"summary_large_image\" \/>\n<meta name=\"twitter:label1\" content=\"Cena\" \/>\n\t<meta name=\"twitter:data1\" content=\"&euro;3.700,00\" \/>\n\t<meta name=\"twitter:label2\" content=\"Dostupnost\" \/>\n\t<meta name=\"twitter:data2\" content=\"Skladem\" \/>\n<script type=\"application\/ld+json\" class=\"yoast-schema-graph\">{\"@context\":\"https:\/\/schema.org\",\"@graph\":[{\"@type\":\"WebPage\",\"@id\":\"https:\/\/alegerglobal.com\/cs\/shop-cs\/gadgets-cs\/ecom-cube-800-2\/\",\"url\":\"https:\/\/alegerglobal.com\/cs\/shop-cs\/gadgets-cs\/ecom-cube-800-2\/\",\"name\":\"Cube 800 od ecom online kaufensep ALEGER \u22c6 Augmented Reality\",\"isPartOf\":{\"@id\":\"https:\/\/alegerglobal.com\/cs\/#website\"},\"primaryImageOfPage\":{\"@id\":\"https:\/\/alegerglobal.com\/cs\/shop-cs\/gadgets-cs\/ecom-cube-800-2\/#primaryimage\"},\"image\":{\"@id\":\"https:\/\/alegerglobal.com\/cs\/shop-cs\/gadgets-cs\/ecom-cube-800-2\/#primaryimage\"},\"thumbnailUrl\":\"https:\/\/alegerglobal.com\/wp-content\/uploads\/2021\/01\/csm_cube_800_teaser_01_5ff4661df2.png\",\"datePublished\":\"2022-05-19T07:59:00+00:00\",\"dateModified\":\"2022-05-19T07:59:00+00:00\",\"description\":\"Nahr\u00e1v\u00e1n\u00ed a streamov\u00e1n\u00ed videa v z\u00f3n\u011b Atex 1? \u017d\u00e1dn\u00fd probl\u00e9m s Cube 800 od spole\u010dnosti ecom. V\u00edce informac\u00ed najdete zde!\",\"breadcrumb\":{\"@id\":\"https:\/\/alegerglobal.com\/cs\/shop-cs\/gadgets-cs\/ecom-cube-800-2\/#breadcrumb\"},\"inLanguage\":\"cs\",\"potentialAction\":[{\"@type\":\"ReadAction\",\"target\":[\"https:\/\/alegerglobal.com\/cs\/shop-cs\/gadgets-cs\/ecom-cube-800-2\/\"]}]},{\"@type\":\"ImageObject\",\"inLanguage\":\"cs\",\"@id\":\"https:\/\/alegerglobal.com\/cs\/shop-cs\/gadgets-cs\/ecom-cube-800-2\/#primaryimage\",\"url\":\"https:\/\/alegerglobal.com\/wp-content\/uploads\/2021\/01\/csm_cube_800_teaser_01_5ff4661df2.png\",\"contentUrl\":\"https:\/\/alegerglobal.com\/wp-content\/uploads\/2021\/01\/csm_cube_800_teaser_01_5ff4661df2.png\",\"width\":400,\"height\":400,\"caption\":\"ecom Cube 800\"},{\"@type\":\"BreadcrumbList\",\"@id\":\"https:\/\/alegerglobal.com\/cs\/shop-cs\/gadgets-cs\/ecom-cube-800-2\/#breadcrumb\",\"itemListElement\":[{\"@type\":\"ListItem\",\"position\":1,\"name\":\"Home\",\"item\":\"https:\/\/alegerglobal.com\/cs\/novinka-domovska-stranka\/\"},{\"@type\":\"ListItem\",\"position\":2,\"name\":\"Produkty\",\"item\":\"https:\/\/alegerglobal.com\/cs\/produkty\/\"},{\"@type\":\"ListItem\",\"position\":3,\"name\":\"ecom Cube 800, kamera s ochranou Ex, Atex Zone 1, Android\"}]},{\"@type\":\"WebSite\",\"@id\":\"https:\/\/alegerglobal.com\/cs\/#website\",\"url\":\"https:\/\/alegerglobal.com\/cs\/\",\"name\":\"ALEGER \u22c6 Augmented Reality\",\"description\":\"Die besten Augmented Reality (AR) L\u00f6sungen der Welt.\",\"publisher\":{\"@id\":\"https:\/\/alegerglobal.com\/cs\/#organization\"},\"potentialAction\":[{\"@type\":\"SearchAction\",\"target\":{\"@type\":\"EntryPoint\",\"urlTemplate\":\"https:\/\/alegerglobal.com\/cs\/?s={search_term_string}\"},\"query-input\":{\"@type\":\"PropertyValueSpecification\",\"valueRequired\":true,\"valueName\":\"search_term_string\"}}],\"inLanguage\":\"cs\"},{\"@type\":\"Organization\",\"@id\":\"https:\/\/alegerglobal.com\/cs\/#organization\",\"name\":\"ALEGER \u22c6 Augmented Reality\",\"url\":\"https:\/\/alegerglobal.com\/cs\/\",\"logo\":{\"@type\":\"ImageObject\",\"inLanguage\":\"cs\",\"@id\":\"https:\/\/alegerglobal.com\/cs\/#\/schema\/logo\/image\/\",\"url\":\"https:\/\/alegerglobal.com\/wp-content\/uploads\/2020\/12\/aleger-logo-quadrat.jpg\",\"contentUrl\":\"https:\/\/alegerglobal.com\/wp-content\/uploads\/2020\/12\/aleger-logo-quadrat.jpg\",\"width\":200,\"height\":176,\"caption\":\"ALEGER \u22c6 Augmented Reality\"},\"image\":{\"@id\":\"https:\/\/alegerglobal.com\/cs\/#\/schema\/logo\/image\/\"}}]}<\/script>\n<meta property=\"product:brand\" content=\"Ecom\" \/>\n<meta property=\"product:price:amount\" content=\"3700.00\" \/>\n<meta property=\"product:price:currency\" content=\"EUR\" \/>\n<meta property=\"og:availability\" content=\"instock\" \/>\n<meta property=\"product:availability\" content=\"instock\" \/>\n<meta property=\"product:condition\" content=\"new\" \/>\n<!-- \/ Yoast SEO Premium plugin. -->","yoast_head_json":{"title":"Cube 800 od ecom online kaufensep ALEGER \u22c6 Augmented Reality","description":"Nahr\u00e1v\u00e1n\u00ed a streamov\u00e1n\u00ed videa v z\u00f3n\u011b Atex 1? \u017d\u00e1dn\u00fd probl\u00e9m s Cube 800 od spole\u010dnosti ecom. V\u00edce informac\u00ed najdete zde!","robots":{"index":"index","follow":"follow","max-snippet":"max-snippet:-1","max-image-preview":"max-image-preview:large","max-video-preview":"max-video-preview:-1"},"og_locale":"cs_CZ","og_type":"article","og_title":"ecom Cube 800, kamera s ochranou Ex, Atex Zone 1, Android","og_description":"Nahr\u00e1v\u00e1n\u00ed a streamov\u00e1n\u00ed videa v z\u00f3n\u011b Atex 1? \u017d\u00e1dn\u00fd probl\u00e9m s Cube 800 od spole\u010dnosti ecom. V\u00edce informac\u00ed najdete zde!","og_url":"https:\/\/alegerglobal.com\/cs\/shop-cs\/gadgets-cs\/ecom-cube-800-2\/","og_site_name":"ALEGER \u22c6 Augmented Reality","og_image":[{"width":400,"height":400,"url":"https:\/\/alegerglobal.com\/wp-content\/uploads\/2021\/01\/csm_cube_800_teaser_01_5ff4661df2.png","type":"image\/png"}],"twitter_card":"summary_large_image","twitter_misc":{"Cena":"&euro;3.700,00","Dostupnost":"Skladem"},"schema":{"@context":"https:\/\/schema.org","@graph":[{"@type":"WebPage","@id":"https:\/\/alegerglobal.com\/cs\/shop-cs\/gadgets-cs\/ecom-cube-800-2\/","url":"https:\/\/alegerglobal.com\/cs\/shop-cs\/gadgets-cs\/ecom-cube-800-2\/","name":"Cube 800 od ecom online kaufensep ALEGER \u22c6 Augmented Reality","isPartOf":{"@id":"https:\/\/alegerglobal.com\/cs\/#website"},"primaryImageOfPage":{"@id":"https:\/\/alegerglobal.com\/cs\/shop-cs\/gadgets-cs\/ecom-cube-800-2\/#primaryimage"},"image":{"@id":"https:\/\/alegerglobal.com\/cs\/shop-cs\/gadgets-cs\/ecom-cube-800-2\/#primaryimage"},"thumbnailUrl":"https:\/\/alegerglobal.com\/wp-content\/uploads\/2021\/01\/csm_cube_800_teaser_01_5ff4661df2.png","datePublished":"2022-05-19T07:59:00+00:00","dateModified":"2022-05-19T07:59:00+00:00","description":"Nahr\u00e1v\u00e1n\u00ed a streamov\u00e1n\u00ed videa v z\u00f3n\u011b Atex 1? \u017d\u00e1dn\u00fd probl\u00e9m s Cube 800 od spole\u010dnosti ecom. V\u00edce informac\u00ed najdete zde!","breadcrumb":{"@id":"https:\/\/alegerglobal.com\/cs\/shop-cs\/gadgets-cs\/ecom-cube-800-2\/#breadcrumb"},"inLanguage":"cs","potentialAction":[{"@type":"ReadAction","target":["https:\/\/alegerglobal.com\/cs\/shop-cs\/gadgets-cs\/ecom-cube-800-2\/"]}]},{"@type":"ImageObject","inLanguage":"cs","@id":"https:\/\/alegerglobal.com\/cs\/shop-cs\/gadgets-cs\/ecom-cube-800-2\/#primaryimage","url":"https:\/\/alegerglobal.com\/wp-content\/uploads\/2021\/01\/csm_cube_800_teaser_01_5ff4661df2.png","contentUrl":"https:\/\/alegerglobal.com\/wp-content\/uploads\/2021\/01\/csm_cube_800_teaser_01_5ff4661df2.png","width":400,"height":400,"caption":"ecom Cube 800"},{"@type":"BreadcrumbList","@id":"https:\/\/alegerglobal.com\/cs\/shop-cs\/gadgets-cs\/ecom-cube-800-2\/#breadcrumb","itemListElement":[{"@type":"ListItem","position":1,"name":"Home","item":"https:\/\/alegerglobal.com\/cs\/novinka-domovska-stranka\/"},{"@type":"ListItem","position":2,"name":"Produkty","item":"https:\/\/alegerglobal.com\/cs\/produkty\/"},{"@type":"ListItem","position":3,"name":"ecom Cube 800, kamera s ochranou Ex, Atex Zone 1, Android"}]},{"@type":"WebSite","@id":"https:\/\/alegerglobal.com\/cs\/#website","url":"https:\/\/alegerglobal.com\/cs\/","name":"ALEGER \u22c6 Augmented Reality","description":"Die besten Augmented Reality (AR) L\u00f6sungen der Welt.","publisher":{"@id":"https:\/\/alegerglobal.com\/cs\/#organization"},"potentialAction":[{"@type":"SearchAction","target":{"@type":"EntryPoint","urlTemplate":"https:\/\/alegerglobal.com\/cs\/?s={search_term_string}"},"query-input":{"@type":"PropertyValueSpecification","valueRequired":true,"valueName":"search_term_string"}}],"inLanguage":"cs"},{"@type":"Organization","@id":"https:\/\/alegerglobal.com\/cs\/#organization","name":"ALEGER \u22c6 Augmented Reality","url":"https:\/\/alegerglobal.com\/cs\/","logo":{"@type":"ImageObject","inLanguage":"cs","@id":"https:\/\/alegerglobal.com\/cs\/#\/schema\/logo\/image\/","url":"https:\/\/alegerglobal.com\/wp-content\/uploads\/2020\/12\/aleger-logo-quadrat.jpg","contentUrl":"https:\/\/alegerglobal.com\/wp-content\/uploads\/2020\/12\/aleger-logo-quadrat.jpg","width":200,"height":176,"caption":"ALEGER \u22c6 Augmented Reality"},"image":{"@id":"https:\/\/alegerglobal.com\/cs\/#\/schema\/logo\/image\/"}}]},"product_brand":"Ecom","product_price_amount":"3700.00","product_price_currency":"EUR","og_availability":"instock","product_availability":"instock","product_condition":"new"},"_links":{"self":[{"href":"https:\/\/alegerglobal.com\/cs\/wp-json\/wp\/v2\/product\/34939","targetHints":{"allow":["GET"]}}],"collection":[{"href":"https:\/\/alegerglobal.com\/cs\/wp-json\/wp\/v2\/product"}],"about":[{"href":"https:\/\/alegerglobal.com\/cs\/wp-json\/wp\/v2\/types\/product"}],"replies":[{"embeddable":true,"href":"https:\/\/alegerglobal.com\/cs\/wp-json\/wp\/v2\/comments?post=34939"}],"version-history":[{"count":0,"href":"https:\/\/alegerglobal.com\/cs\/wp-json\/wp\/v2\/product\/34939\/revisions"}],"wp:featuredmedia":[{"embeddable":true,"href":"https:\/\/alegerglobal.com\/cs\/wp-json\/wp\/v2\/media\/12399"}],"wp:attachment":[{"href":"https:\/\/alegerglobal.com\/cs\/wp-json\/wp\/v2\/media?parent=34939"}],"wp:term":[{"taxonomy":"product_brand","embeddable":true,"href":"https:\/\/alegerglobal.com\/cs\/wp-json\/wp\/v2\/product_brand?post=34939"},{"taxonomy":"product_cat","embeddable":true,"href":"https:\/\/alegerglobal.com\/cs\/wp-json\/wp\/v2\/product_cat?post=34939"},{"taxonomy":"product_tag","embeddable":true,"href":"https:\/\/alegerglobal.com\/cs\/wp-json\/wp\/v2\/product_tag?post=34939"}],"curies":[{"name":"wp","href":"https:\/\/api.w.org\/{rel}","templated":true}]}}