{"id":34938,"date":"2021-03-07T08:00:49","date_gmt":"2022-05-19T07:58:59","guid":{"rendered":"https:\/\/alegerglobal.com\/nezarazene\/ecom-ident-ex-01-ctecka-carovych-kodu-a-rfid-s-ochranou-proti-vybuchu-atex-zona-1\/"},"modified":"2022-05-19T08:58:59","modified_gmt":"2022-05-19T07:58:59","slug":"ecom-ident-ex-01-2","status":"publish","type":"product","link":"https:\/\/alegerglobal.com\/cs\/shop-cs\/atex-cs\/ecom-ident-ex-01-2\/","title":{"rendered":"ecom Ident-Ex\u00ae 01 \u010cte\u010dka \u010d\u00e1rov\u00fdch k\u00f3d\u016f a RFID s ochranou proti v\u00fdbuchu, ATEX z\u00f3na 1"},"content":{"rendered":"","protected":false},"excerpt":{"rendered":"<ul>\n<li style=\"font-weight: 400;\"><b>Pro prost\u0159ed\u00ed s nebezpe\u010d\u00edm v\u00fdbuchu:<\/b><span style=\"font-weight: 400;\"> Se schv\u00e1len\u00edm pro<\/span><span style=\"font-weight: 400;\"> Ex z\u00f3na 1<\/span><span style=\"font-weight: 400;\">\/21 a t\u0159\u00edda 1\/odd\u00edl 1, celosv\u011btov\u00e9 pou\u017eit\u00ed v souladu s po\u017eadavky<\/span><span style=\"font-weight: 400;\"> ATEX<\/span><span style=\"font-weight: 400;\"> sm\u011brnice.<\/span><\/li>\n<li><b>Pro intenzivn\u00ed skenov\u00e1n\u00ed: <\/b><span style=\"font-weight: 400;\">D\u00edky v\u00fdkonn\u00e9 a vym\u011bniteln\u00e9 lithium-iontov\u00e9 baterii m\u016f\u017eete na jedno nabit\u00ed prov\u00e9st a\u017e 10 000 sken\u016f.<\/span><\/li>\n<li style=\"font-weight: 400;\"><b>Spolehliv\u00fd modul\u00e1rn\u00ed syst\u00e9m: <\/b><span style=\"font-weight: 400;\">V\u00fdb\u011brem r\u016fzn\u00fdch modul\u016f hlavy lze splnit r\u016fzn\u00e9 po\u017eadavky.<\/span><\/li>\n<li><b>Intuitivn\u00ed ovl\u00e1d\u00e1n\u00ed:<\/b><span style=\"font-weight: 400;\"> P\u0159\u00edstroj lze ovl\u00e1dat pouze jednou rukou, \u010d\u00edm\u017e se co nejl\u00e9pe zjednodu\u0161\u00ed pracovn\u00ed procesy. <\/span> <\/li>\n<li><b>Na dlouh\u00e9 vzd\u00e1lenosti<\/b>: \u010c\u00e1rov\u00e9 k\u00f3dy lze snadno skenovat na vzd\u00e1lenost a\u017e 15 m, co\u017e usnad\u0148uje pr\u00e1ci v obt\u00ed\u017en\u011b p\u0159\u00edstupn\u00fdch oblastech.<\/li>\n<\/ul>\n","protected":false},"featured_media":13379,"comment_status":"open","ping_status":"closed","template":"","meta":{"_acf_changed":false},"product_brand":[],"product_cat":[1527,1516],"product_tag":[],"class_list":{"0":"post-34938","1":"product","2":"type-product","3":"status-publish","4":"has-post-thumbnail","6":"product_cat-atex-cs","7":"product_cat-shop-cs","9":"first","10":"instock","11":"taxable","12":"shipping-taxable","13":"purchasable","14":"product-type-simple"},"acf":[],"yoast_head":"<!-- This site is optimized with the Yoast SEO Premium plugin v20.10 (Yoast SEO v24.3) - https:\/\/yoast.com\/wordpress\/plugins\/seo\/ -->\n<title>Koupit Ident-Ex\u00ae 01 od ecom online - ALEGER \u22c6 Augmented Reality<\/title>\n<meta name=\"description\" content=\"Se sn\u00edma\u010dem \u010d\u00e1rov\u00fdch k\u00f3d\u016f a \u010dte\u010dkou RFID od spole\u010dnosti ecom m\u016f\u017eete sn\u00edmat data i na velk\u00e9 vzd\u00e1lenosti. Objevte skener Ident-Ex pro Atex Zone 1!\" \/>\n<meta name=\"robots\" content=\"index, follow, max-snippet:-1, max-image-preview:large, max-video-preview:-1\" \/>\n<meta property=\"og:locale\" content=\"cs_CZ\" \/>\n<meta property=\"og:type\" content=\"article\" \/>\n<meta property=\"og:title\" content=\"ecom Ident-Ex\u00ae 01 \u010cte\u010dka \u010d\u00e1rov\u00fdch k\u00f3d\u016f a RFID s ochranou proti v\u00fdbuchu, ATEX z\u00f3na 1\" \/>\n<meta property=\"og:description\" content=\"Se sn\u00edma\u010dem \u010d\u00e1rov\u00fdch k\u00f3d\u016f a \u010dte\u010dkou RFID od spole\u010dnosti ecom m\u016f\u017eete sn\u00edmat data i na velk\u00e9 vzd\u00e1lenosti. Objevte skener Ident-Ex pro Atex Zone 1!\" \/>\n<meta property=\"og:url\" content=\"https:\/\/alegerglobal.com\/cs\/shop-cs\/atex-cs\/ecom-ident-ex-01-2\/\" \/>\n<meta property=\"og:site_name\" content=\"ALEGER \u22c6 Augmented Reality\" \/>\n<meta property=\"og:image\" content=\"https:\/\/alegerglobal.com\/wp-content\/uploads\/2021\/03\/Unbenannt-43.jpg\" \/>\n\t<meta property=\"og:image:width\" content=\"800\" \/>\n\t<meta property=\"og:image:height\" content=\"800\" \/>\n\t<meta property=\"og:image:type\" content=\"image\/jpeg\" \/>\n<meta name=\"twitter:card\" content=\"summary_large_image\" \/>\n<meta name=\"twitter:label1\" content=\"Cena\" \/>\n\t<meta name=\"twitter:data1\" content=\"&euro;1.790,00\" \/>\n\t<meta name=\"twitter:label2\" content=\"Dostupnost\" \/>\n\t<meta name=\"twitter:data2\" content=\"Skladem\" \/>\n<script type=\"application\/ld+json\" class=\"yoast-schema-graph\">{\"@context\":\"https:\/\/schema.org\",\"@graph\":[{\"@type\":\"WebPage\",\"@id\":\"https:\/\/alegerglobal.com\/cs\/shop-cs\/atex-cs\/ecom-ident-ex-01-2\/\",\"url\":\"https:\/\/alegerglobal.com\/cs\/shop-cs\/atex-cs\/ecom-ident-ex-01-2\/\",\"name\":\"Koupit Ident-Ex\u00ae 01 od ecom online - ALEGER \u22c6 Augmented Reality\",\"isPartOf\":{\"@id\":\"https:\/\/alegerglobal.com\/cs\/#website\"},\"primaryImageOfPage\":{\"@id\":\"https:\/\/alegerglobal.com\/cs\/shop-cs\/atex-cs\/ecom-ident-ex-01-2\/#primaryimage\"},\"image\":{\"@id\":\"https:\/\/alegerglobal.com\/cs\/shop-cs\/atex-cs\/ecom-ident-ex-01-2\/#primaryimage\"},\"thumbnailUrl\":\"https:\/\/alegerglobal.com\/wp-content\/uploads\/2021\/03\/Unbenannt-43.jpg\",\"datePublished\":\"2022-05-19T07:58:59+00:00\",\"dateModified\":\"2022-05-19T07:58:59+00:00\",\"description\":\"Se sn\u00edma\u010dem \u010d\u00e1rov\u00fdch k\u00f3d\u016f a \u010dte\u010dkou RFID od spole\u010dnosti ecom m\u016f\u017eete sn\u00edmat data i na velk\u00e9 vzd\u00e1lenosti. Objevte skener Ident-Ex pro Atex Zone 1!\",\"breadcrumb\":{\"@id\":\"https:\/\/alegerglobal.com\/cs\/shop-cs\/atex-cs\/ecom-ident-ex-01-2\/#breadcrumb\"},\"inLanguage\":\"cs\",\"potentialAction\":[{\"@type\":\"ReadAction\",\"target\":[\"https:\/\/alegerglobal.com\/cs\/shop-cs\/atex-cs\/ecom-ident-ex-01-2\/\"]}]},{\"@type\":\"ImageObject\",\"inLanguage\":\"cs\",\"@id\":\"https:\/\/alegerglobal.com\/cs\/shop-cs\/atex-cs\/ecom-ident-ex-01-2\/#primaryimage\",\"url\":\"https:\/\/alegerglobal.com\/wp-content\/uploads\/2021\/03\/Unbenannt-43.jpg\",\"contentUrl\":\"https:\/\/alegerglobal.com\/wp-content\/uploads\/2021\/03\/Unbenannt-43.jpg\",\"width\":800,\"height\":800},{\"@type\":\"BreadcrumbList\",\"@id\":\"https:\/\/alegerglobal.com\/cs\/shop-cs\/atex-cs\/ecom-ident-ex-01-2\/#breadcrumb\",\"itemListElement\":[{\"@type\":\"ListItem\",\"position\":1,\"name\":\"Home\",\"item\":\"https:\/\/alegerglobal.com\/cs\/novinka-domovska-stranka\/\"},{\"@type\":\"ListItem\",\"position\":2,\"name\":\"Produkty\",\"item\":\"https:\/\/alegerglobal.com\/cs\/produkty\/\"},{\"@type\":\"ListItem\",\"position\":3,\"name\":\"ecom Ident-Ex\u00ae 01 \u010cte\u010dka \u010d\u00e1rov\u00fdch k\u00f3d\u016f a RFID s ochranou proti v\u00fdbuchu, ATEX z\u00f3na 1\"}]},{\"@type\":\"WebSite\",\"@id\":\"https:\/\/alegerglobal.com\/cs\/#website\",\"url\":\"https:\/\/alegerglobal.com\/cs\/\",\"name\":\"ALEGER \u22c6 Augmented Reality\",\"description\":\"Die besten Augmented Reality (AR) L\u00f6sungen der Welt.\",\"publisher\":{\"@id\":\"https:\/\/alegerglobal.com\/cs\/#organization\"},\"potentialAction\":[{\"@type\":\"SearchAction\",\"target\":{\"@type\":\"EntryPoint\",\"urlTemplate\":\"https:\/\/alegerglobal.com\/cs\/?s={search_term_string}\"},\"query-input\":{\"@type\":\"PropertyValueSpecification\",\"valueRequired\":true,\"valueName\":\"search_term_string\"}}],\"inLanguage\":\"cs\"},{\"@type\":\"Organization\",\"@id\":\"https:\/\/alegerglobal.com\/cs\/#organization\",\"name\":\"ALEGER \u22c6 Augmented Reality\",\"url\":\"https:\/\/alegerglobal.com\/cs\/\",\"logo\":{\"@type\":\"ImageObject\",\"inLanguage\":\"cs\",\"@id\":\"https:\/\/alegerglobal.com\/cs\/#\/schema\/logo\/image\/\",\"url\":\"https:\/\/alegerglobal.com\/wp-content\/uploads\/2020\/12\/aleger-logo-quadrat.jpg\",\"contentUrl\":\"https:\/\/alegerglobal.com\/wp-content\/uploads\/2020\/12\/aleger-logo-quadrat.jpg\",\"width\":200,\"height\":176,\"caption\":\"ALEGER \u22c6 Augmented Reality\"},\"image\":{\"@id\":\"https:\/\/alegerglobal.com\/cs\/#\/schema\/logo\/image\/\"}}]}<\/script>\n<meta property=\"product:price:amount\" content=\"1790.00\" \/>\n<meta property=\"product:price:currency\" content=\"EUR\" \/>\n<meta property=\"og:availability\" content=\"instock\" \/>\n<meta property=\"product:availability\" content=\"instock\" \/>\n<meta property=\"product:condition\" content=\"new\" \/>\n<!-- \/ Yoast SEO Premium plugin. -->","yoast_head_json":{"title":"Koupit Ident-Ex\u00ae 01 od ecom online - ALEGER \u22c6 Augmented Reality","description":"Se sn\u00edma\u010dem \u010d\u00e1rov\u00fdch k\u00f3d\u016f a \u010dte\u010dkou RFID od spole\u010dnosti ecom m\u016f\u017eete sn\u00edmat data i na velk\u00e9 vzd\u00e1lenosti. Objevte skener Ident-Ex pro Atex Zone 1!","robots":{"index":"index","follow":"follow","max-snippet":"max-snippet:-1","max-image-preview":"max-image-preview:large","max-video-preview":"max-video-preview:-1"},"og_locale":"cs_CZ","og_type":"article","og_title":"ecom Ident-Ex\u00ae 01 \u010cte\u010dka \u010d\u00e1rov\u00fdch k\u00f3d\u016f a RFID s ochranou proti v\u00fdbuchu, ATEX z\u00f3na 1","og_description":"Se sn\u00edma\u010dem \u010d\u00e1rov\u00fdch k\u00f3d\u016f a \u010dte\u010dkou RFID od spole\u010dnosti ecom m\u016f\u017eete sn\u00edmat data i na velk\u00e9 vzd\u00e1lenosti. Objevte skener Ident-Ex pro Atex Zone 1!","og_url":"https:\/\/alegerglobal.com\/cs\/shop-cs\/atex-cs\/ecom-ident-ex-01-2\/","og_site_name":"ALEGER \u22c6 Augmented Reality","og_image":[{"width":800,"height":800,"url":"https:\/\/alegerglobal.com\/wp-content\/uploads\/2021\/03\/Unbenannt-43.jpg","type":"image\/jpeg"}],"twitter_card":"summary_large_image","twitter_misc":{"Cena":"&euro;1.790,00","Dostupnost":"Skladem"},"schema":{"@context":"https:\/\/schema.org","@graph":[{"@type":"WebPage","@id":"https:\/\/alegerglobal.com\/cs\/shop-cs\/atex-cs\/ecom-ident-ex-01-2\/","url":"https:\/\/alegerglobal.com\/cs\/shop-cs\/atex-cs\/ecom-ident-ex-01-2\/","name":"Koupit Ident-Ex\u00ae 01 od ecom online - ALEGER \u22c6 Augmented Reality","isPartOf":{"@id":"https:\/\/alegerglobal.com\/cs\/#website"},"primaryImageOfPage":{"@id":"https:\/\/alegerglobal.com\/cs\/shop-cs\/atex-cs\/ecom-ident-ex-01-2\/#primaryimage"},"image":{"@id":"https:\/\/alegerglobal.com\/cs\/shop-cs\/atex-cs\/ecom-ident-ex-01-2\/#primaryimage"},"thumbnailUrl":"https:\/\/alegerglobal.com\/wp-content\/uploads\/2021\/03\/Unbenannt-43.jpg","datePublished":"2022-05-19T07:58:59+00:00","dateModified":"2022-05-19T07:58:59+00:00","description":"Se sn\u00edma\u010dem \u010d\u00e1rov\u00fdch k\u00f3d\u016f a \u010dte\u010dkou RFID od spole\u010dnosti ecom m\u016f\u017eete sn\u00edmat data i na velk\u00e9 vzd\u00e1lenosti. Objevte skener Ident-Ex pro Atex Zone 1!","breadcrumb":{"@id":"https:\/\/alegerglobal.com\/cs\/shop-cs\/atex-cs\/ecom-ident-ex-01-2\/#breadcrumb"},"inLanguage":"cs","potentialAction":[{"@type":"ReadAction","target":["https:\/\/alegerglobal.com\/cs\/shop-cs\/atex-cs\/ecom-ident-ex-01-2\/"]}]},{"@type":"ImageObject","inLanguage":"cs","@id":"https:\/\/alegerglobal.com\/cs\/shop-cs\/atex-cs\/ecom-ident-ex-01-2\/#primaryimage","url":"https:\/\/alegerglobal.com\/wp-content\/uploads\/2021\/03\/Unbenannt-43.jpg","contentUrl":"https:\/\/alegerglobal.com\/wp-content\/uploads\/2021\/03\/Unbenannt-43.jpg","width":800,"height":800},{"@type":"BreadcrumbList","@id":"https:\/\/alegerglobal.com\/cs\/shop-cs\/atex-cs\/ecom-ident-ex-01-2\/#breadcrumb","itemListElement":[{"@type":"ListItem","position":1,"name":"Home","item":"https:\/\/alegerglobal.com\/cs\/novinka-domovska-stranka\/"},{"@type":"ListItem","position":2,"name":"Produkty","item":"https:\/\/alegerglobal.com\/cs\/produkty\/"},{"@type":"ListItem","position":3,"name":"ecom Ident-Ex\u00ae 01 \u010cte\u010dka \u010d\u00e1rov\u00fdch k\u00f3d\u016f a RFID s ochranou proti v\u00fdbuchu, ATEX z\u00f3na 1"}]},{"@type":"WebSite","@id":"https:\/\/alegerglobal.com\/cs\/#website","url":"https:\/\/alegerglobal.com\/cs\/","name":"ALEGER \u22c6 Augmented Reality","description":"Die besten Augmented Reality (AR) L\u00f6sungen der Welt.","publisher":{"@id":"https:\/\/alegerglobal.com\/cs\/#organization"},"potentialAction":[{"@type":"SearchAction","target":{"@type":"EntryPoint","urlTemplate":"https:\/\/alegerglobal.com\/cs\/?s={search_term_string}"},"query-input":{"@type":"PropertyValueSpecification","valueRequired":true,"valueName":"search_term_string"}}],"inLanguage":"cs"},{"@type":"Organization","@id":"https:\/\/alegerglobal.com\/cs\/#organization","name":"ALEGER \u22c6 Augmented Reality","url":"https:\/\/alegerglobal.com\/cs\/","logo":{"@type":"ImageObject","inLanguage":"cs","@id":"https:\/\/alegerglobal.com\/cs\/#\/schema\/logo\/image\/","url":"https:\/\/alegerglobal.com\/wp-content\/uploads\/2020\/12\/aleger-logo-quadrat.jpg","contentUrl":"https:\/\/alegerglobal.com\/wp-content\/uploads\/2020\/12\/aleger-logo-quadrat.jpg","width":200,"height":176,"caption":"ALEGER \u22c6 Augmented Reality"},"image":{"@id":"https:\/\/alegerglobal.com\/cs\/#\/schema\/logo\/image\/"}}]},"product_price_amount":"1790.00","product_price_currency":"EUR","og_availability":"instock","product_availability":"instock","product_condition":"new"},"_links":{"self":[{"href":"https:\/\/alegerglobal.com\/cs\/wp-json\/wp\/v2\/product\/34938","targetHints":{"allow":["GET"]}}],"collection":[{"href":"https:\/\/alegerglobal.com\/cs\/wp-json\/wp\/v2\/product"}],"about":[{"href":"https:\/\/alegerglobal.com\/cs\/wp-json\/wp\/v2\/types\/product"}],"replies":[{"embeddable":true,"href":"https:\/\/alegerglobal.com\/cs\/wp-json\/wp\/v2\/comments?post=34938"}],"version-history":[{"count":0,"href":"https:\/\/alegerglobal.com\/cs\/wp-json\/wp\/v2\/product\/34938\/revisions"}],"wp:featuredmedia":[{"embeddable":true,"href":"https:\/\/alegerglobal.com\/cs\/wp-json\/wp\/v2\/media\/13379"}],"wp:attachment":[{"href":"https:\/\/alegerglobal.com\/cs\/wp-json\/wp\/v2\/media?parent=34938"}],"wp:term":[{"taxonomy":"product_brand","embeddable":true,"href":"https:\/\/alegerglobal.com\/cs\/wp-json\/wp\/v2\/product_brand?post=34938"},{"taxonomy":"product_cat","embeddable":true,"href":"https:\/\/alegerglobal.com\/cs\/wp-json\/wp\/v2\/product_cat?post=34938"},{"taxonomy":"product_tag","embeddable":true,"href":"https:\/\/alegerglobal.com\/cs\/wp-json\/wp\/v2\/product_tag?post=34938"}],"curies":[{"name":"wp","href":"https:\/\/api.w.org\/{rel}","templated":true}]}}