{"id":34935,"date":"2021-03-07T09:05:39","date_gmt":"2022-05-19T07:58:56","guid":{"rendered":"https:\/\/alegerglobal.com\/nezarazene\/ecom-ex-handy-10-dz2-ex-chraneny-mobilni-telefon-pro-zonu-atex-2-26-dotykovy-displej-android\/"},"modified":"2022-05-19T08:58:56","modified_gmt":"2022-05-19T07:58:56","slug":"ecom-ex-handy-10-dz2-2","status":"publish","type":"product","link":"https:\/\/alegerglobal.com\/cs\/shop-cs\/prumyslovy-smartphone\/ecom-ex-handy-10-dz2-2\/","title":{"rendered":"ecom Ex-Handy 10 DZ2, Ex chr\u00e1n\u011bn\u00fd mobiln\u00ed telefon pro z\u00f3nu ATEX 2, 2,6&#8243; dotykov\u00fd displej, Android"},"content":{"rendered":"","protected":false},"excerpt":{"rendered":"<ul>\n<li style=\"font-weight: 400;\"><b>Pro prost\u0159ed\u00ed s nebezpe\u010d\u00edm v\u00fdbuchu:<\/b><span style=\"font-weight: 400;\"> Se schv\u00e1len\u00edm pro<\/span><span style=\"font-weight: 400;\"> Ex z\u00f3na<\/span><span style=\"font-weight: 400;\"> 2\/22 a t\u0159\u00edda 2\/odd\u00edl 2, celosv\u011btov\u00e9 pou\u017eit\u00ed v souladu s po\u017eadavky<\/span><span style=\"font-weight: 400;\"> ATEX<\/span><span style=\"font-weight: 400;\"> sm\u011brnice. <\/span> <\/li>\n<li style=\"font-weight: 400;\"><b>Kl\u00e1vesnice a dotykov\u00fd displej:<\/b><span style=\"font-weight: 400;\"> 2,6&#8243; displej chr\u00e1n\u011bn\u00fd<\/span> <span style=\"font-weight: 400;\">Sklo Gorilla\u00ae Glass nab\u00edz\u00ed vynikaj\u00edc\u00ed \u010ditelnost i na slune\u010dn\u00edm sv\u011btle a lze jej pou\u017e\u00edvat v rukavic\u00edch nebo za mokra.<\/span><\/li>\n<li><b>Dlouh\u00e1 v\u00fddr\u017e baterie:<\/b><span style=\"font-weight: 400;\"> Na str\u00e1nk\u00e1ch <\/span><span style=\"font-weight: 400;\">Ex protected<\/span><span style=\"font-weight: 400;\"> mobiln\u00ed telefon<\/span><span style=\"font-weight: 400;\"> nejnov\u011bj\u0161\u00ed generace vyu\u017e\u00edv\u00e1 v\u00fdkonn\u00fd <\/span><span style=\"font-weight: 400;\">Baterie s kapacitou 4400 mAh bezchybn\u011b zvl\u00e1dne dlouh\u00e9 pracovn\u00ed dny.<\/span><\/li>\n<li><b>Mo\u017enosti individu\u00e1ln\u00edho p\u0159izp\u016fsoben\u00ed<\/b><span style=\"font-weight: 400;\">Na str\u00e1nk\u00e1ch <\/span><span style=\"font-weight: 400;\">funkce push-to-talk a <\/span><span style=\"font-weight: 400;\">programovateln\u00e1 tla\u010d\u00edtka pro r\u016fzn\u00e9 oblasti pou\u017eit\u00ed, umo\u017e\u0148uj\u00ed<\/span><span style=\"font-weight: 400;\"> obzvl\u00e1\u0161t\u011b nekomplikovan\u00e1 aplikace.<\/span><\/li>\n<li><b>Dal\u0161\u00ed ochrana zam\u011bstnanc\u016f:<\/b><span style=\"font-weight: 400;\"> Krom\u011b ochrany proti v\u00fdbuchu poskytuje ochrana osam\u011bl\u00fdch pracovn\u00edk\u016f tak\u00e9 dal\u0161\u00ed bezpe\u010dnost na pracovi\u0161ti. <\/span> <\/li>\n<li style=\"font-weight: 400;\"><b>Robustn\u00ed spole\u010dn\u00edk: <\/b><span style=\"font-weight: 400;\">Vlhkost, chemik\u00e1lie, vibrace, prach a slune\u010dn\u00ed z\u00e1\u0159en\u00ed spolehliv\u011b p\u0159e\u017eij\u00ed. <\/span> <\/li>\n<\/ul>\n","protected":false},"featured_media":12363,"comment_status":"open","ping_status":"closed","template":"","meta":{"_acf_changed":false},"product_brand":[],"product_cat":[1527,1516,1539],"product_tag":[],"class_list":{"0":"post-34935","1":"product","2":"type-product","3":"status-publish","4":"has-post-thumbnail","6":"product_cat-atex-cs","7":"product_cat-shop-cs","8":"product_cat-prumyslovy-smartphone","9":"pa_hersteller-ecom-cs","11":"first","12":"instock","13":"taxable","14":"shipping-taxable","15":"purchasable","16":"product-type-simple"},"acf":[],"yoast_head":"<!-- This site is optimized with the Yoast SEO Premium plugin v20.10 (Yoast SEO v24.3) - https:\/\/yoast.com\/wordpress\/plugins\/seo\/ -->\n<title>Koupit ecom Ex-Handy 10 DZ2 zde - ALEGER \u22c6 Augmented Reality<\/title>\n<meta name=\"description\" content=\"St\u00e1le hled\u00e1te mobiln\u00ed telefon odoln\u00fd proti v\u00fdbuchu pro pou\u017eit\u00ed v pr\u016fmyslu? Zde m\u016f\u017eete z\u00edskat b\u00fdval\u00fd mobiln\u00ed telefon 10 DZ2 od spole\u010dnosti ecom v\u010detn\u011b podpory.\" \/>\n<meta name=\"robots\" content=\"index, follow, max-snippet:-1, max-image-preview:large, max-video-preview:-1\" \/>\n<meta property=\"og:locale\" content=\"cs_CZ\" \/>\n<meta property=\"og:type\" content=\"article\" \/>\n<meta property=\"og:title\" content=\"ecom Ex-Handy 10 DZ2, Ex chr\u00e1n\u011bn\u00fd mobiln\u00ed telefon pro z\u00f3nu ATEX 2, 2,6&quot; dotykov\u00fd displej, Android\" \/>\n<meta property=\"og:description\" content=\"St\u00e1le hled\u00e1te mobiln\u00ed telefon odoln\u00fd proti v\u00fdbuchu pro pou\u017eit\u00ed v pr\u016fmyslu? Zde m\u016f\u017eete z\u00edskat b\u00fdval\u00fd mobiln\u00ed telefon 10 DZ2 od spole\u010dnosti ecom v\u010detn\u011b podpory.\" \/>\n<meta property=\"og:url\" content=\"https:\/\/alegerglobal.com\/cs\/shop-cs\/prumyslovy-smartphone\/ecom-ex-handy-10-dz2-2\/\" \/>\n<meta property=\"og:site_name\" content=\"ALEGER \u22c6 Augmented Reality\" \/>\n<meta property=\"og:image\" content=\"https:\/\/alegerglobal.com\/wp-content\/uploads\/2021\/01\/csm_ex-handy-10_dz2_technical-data_a908afaa02.png\" \/>\n\t<meta property=\"og:image:width\" content=\"555\" \/>\n\t<meta property=\"og:image:height\" content=\"555\" \/>\n\t<meta property=\"og:image:type\" content=\"image\/png\" \/>\n<meta name=\"twitter:card\" content=\"summary_large_image\" \/>\n<meta name=\"twitter:label1\" content=\"Cena\" \/>\n\t<meta name=\"twitter:data1\" content=\"&euro;980,00\" \/>\n\t<meta name=\"twitter:label2\" content=\"Dostupnost\" \/>\n\t<meta name=\"twitter:data2\" content=\"Skladem\" \/>\n<script type=\"application\/ld+json\" class=\"yoast-schema-graph\">{\"@context\":\"https:\/\/schema.org\",\"@graph\":[{\"@type\":\"WebPage\",\"@id\":\"https:\/\/alegerglobal.com\/cs\/shop-cs\/prumyslovy-smartphone\/ecom-ex-handy-10-dz2-2\/\",\"url\":\"https:\/\/alegerglobal.com\/cs\/shop-cs\/prumyslovy-smartphone\/ecom-ex-handy-10-dz2-2\/\",\"name\":\"Koupit ecom Ex-Handy 10 DZ2 zde - ALEGER \u22c6 Augmented Reality\",\"isPartOf\":{\"@id\":\"https:\/\/alegerglobal.com\/cs\/#website\"},\"primaryImageOfPage\":{\"@id\":\"https:\/\/alegerglobal.com\/cs\/shop-cs\/prumyslovy-smartphone\/ecom-ex-handy-10-dz2-2\/#primaryimage\"},\"image\":{\"@id\":\"https:\/\/alegerglobal.com\/cs\/shop-cs\/prumyslovy-smartphone\/ecom-ex-handy-10-dz2-2\/#primaryimage\"},\"thumbnailUrl\":\"https:\/\/alegerglobal.com\/wp-content\/uploads\/2021\/01\/csm_ex-handy-10_dz2_technical-data_a908afaa02.png\",\"datePublished\":\"2022-05-19T07:58:56+00:00\",\"dateModified\":\"2022-05-19T07:58:56+00:00\",\"description\":\"St\u00e1le hled\u00e1te mobiln\u00ed telefon odoln\u00fd proti v\u00fdbuchu pro pou\u017eit\u00ed v pr\u016fmyslu? Zde m\u016f\u017eete z\u00edskat b\u00fdval\u00fd mobiln\u00ed telefon 10 DZ2 od spole\u010dnosti ecom v\u010detn\u011b podpory.\",\"breadcrumb\":{\"@id\":\"https:\/\/alegerglobal.com\/cs\/shop-cs\/prumyslovy-smartphone\/ecom-ex-handy-10-dz2-2\/#breadcrumb\"},\"inLanguage\":\"cs\",\"potentialAction\":[{\"@type\":\"ReadAction\",\"target\":[\"https:\/\/alegerglobal.com\/cs\/shop-cs\/prumyslovy-smartphone\/ecom-ex-handy-10-dz2-2\/\"]}]},{\"@type\":\"ImageObject\",\"inLanguage\":\"cs\",\"@id\":\"https:\/\/alegerglobal.com\/cs\/shop-cs\/prumyslovy-smartphone\/ecom-ex-handy-10-dz2-2\/#primaryimage\",\"url\":\"https:\/\/alegerglobal.com\/wp-content\/uploads\/2021\/01\/csm_ex-handy-10_dz2_technical-data_a908afaa02.png\",\"contentUrl\":\"https:\/\/alegerglobal.com\/wp-content\/uploads\/2021\/01\/csm_ex-handy-10_dz2_technical-data_a908afaa02.png\",\"width\":555,\"height\":555,\"caption\":\"ecom Ex-Handy 10 DZ2\"},{\"@type\":\"BreadcrumbList\",\"@id\":\"https:\/\/alegerglobal.com\/cs\/shop-cs\/prumyslovy-smartphone\/ecom-ex-handy-10-dz2-2\/#breadcrumb\",\"itemListElement\":[{\"@type\":\"ListItem\",\"position\":1,\"name\":\"Home\",\"item\":\"https:\/\/alegerglobal.com\/cs\/novinka-domovska-stranka\/\"},{\"@type\":\"ListItem\",\"position\":2,\"name\":\"Produkty\",\"item\":\"https:\/\/alegerglobal.com\/cs\/produkty\/\"},{\"@type\":\"ListItem\",\"position\":3,\"name\":\"ecom Ex-Handy 10 DZ2, Ex chr\u00e1n\u011bn\u00fd mobiln\u00ed telefon pro z\u00f3nu ATEX 2, 2,6&#8243; dotykov\u00fd displej, Android\"}]},{\"@type\":\"WebSite\",\"@id\":\"https:\/\/alegerglobal.com\/cs\/#website\",\"url\":\"https:\/\/alegerglobal.com\/cs\/\",\"name\":\"ALEGER \u22c6 Augmented Reality\",\"description\":\"Die besten Augmented Reality (AR) L\u00f6sungen der Welt.\",\"publisher\":{\"@id\":\"https:\/\/alegerglobal.com\/cs\/#organization\"},\"potentialAction\":[{\"@type\":\"SearchAction\",\"target\":{\"@type\":\"EntryPoint\",\"urlTemplate\":\"https:\/\/alegerglobal.com\/cs\/?s={search_term_string}\"},\"query-input\":{\"@type\":\"PropertyValueSpecification\",\"valueRequired\":true,\"valueName\":\"search_term_string\"}}],\"inLanguage\":\"cs\"},{\"@type\":\"Organization\",\"@id\":\"https:\/\/alegerglobal.com\/cs\/#organization\",\"name\":\"ALEGER \u22c6 Augmented Reality\",\"url\":\"https:\/\/alegerglobal.com\/cs\/\",\"logo\":{\"@type\":\"ImageObject\",\"inLanguage\":\"cs\",\"@id\":\"https:\/\/alegerglobal.com\/cs\/#\/schema\/logo\/image\/\",\"url\":\"https:\/\/alegerglobal.com\/wp-content\/uploads\/2020\/12\/aleger-logo-quadrat.jpg\",\"contentUrl\":\"https:\/\/alegerglobal.com\/wp-content\/uploads\/2020\/12\/aleger-logo-quadrat.jpg\",\"width\":200,\"height\":176,\"caption\":\"ALEGER \u22c6 Augmented Reality\"},\"image\":{\"@id\":\"https:\/\/alegerglobal.com\/cs\/#\/schema\/logo\/image\/\"}}]}<\/script>\n<meta property=\"product:brand\" content=\"Ecom\" \/>\n<meta property=\"product:price:amount\" content=\"980.00\" \/>\n<meta property=\"product:price:currency\" content=\"EUR\" \/>\n<meta property=\"og:availability\" content=\"instock\" \/>\n<meta property=\"product:availability\" content=\"instock\" \/>\n<meta property=\"product:condition\" content=\"new\" \/>\n<!-- \/ Yoast SEO Premium plugin. -->","yoast_head_json":{"title":"Koupit ecom Ex-Handy 10 DZ2 zde - ALEGER \u22c6 Augmented Reality","description":"St\u00e1le hled\u00e1te mobiln\u00ed telefon odoln\u00fd proti v\u00fdbuchu pro pou\u017eit\u00ed v pr\u016fmyslu? Zde m\u016f\u017eete z\u00edskat b\u00fdval\u00fd mobiln\u00ed telefon 10 DZ2 od spole\u010dnosti ecom v\u010detn\u011b podpory.","robots":{"index":"index","follow":"follow","max-snippet":"max-snippet:-1","max-image-preview":"max-image-preview:large","max-video-preview":"max-video-preview:-1"},"og_locale":"cs_CZ","og_type":"article","og_title":"ecom Ex-Handy 10 DZ2, Ex chr\u00e1n\u011bn\u00fd mobiln\u00ed telefon pro z\u00f3nu ATEX 2, 2,6\" dotykov\u00fd displej, Android","og_description":"St\u00e1le hled\u00e1te mobiln\u00ed telefon odoln\u00fd proti v\u00fdbuchu pro pou\u017eit\u00ed v pr\u016fmyslu? Zde m\u016f\u017eete z\u00edskat b\u00fdval\u00fd mobiln\u00ed telefon 10 DZ2 od spole\u010dnosti ecom v\u010detn\u011b podpory.","og_url":"https:\/\/alegerglobal.com\/cs\/shop-cs\/prumyslovy-smartphone\/ecom-ex-handy-10-dz2-2\/","og_site_name":"ALEGER \u22c6 Augmented Reality","og_image":[{"width":555,"height":555,"url":"https:\/\/alegerglobal.com\/wp-content\/uploads\/2021\/01\/csm_ex-handy-10_dz2_technical-data_a908afaa02.png","type":"image\/png"}],"twitter_card":"summary_large_image","twitter_misc":{"Cena":"&euro;980,00","Dostupnost":"Skladem"},"schema":{"@context":"https:\/\/schema.org","@graph":[{"@type":"WebPage","@id":"https:\/\/alegerglobal.com\/cs\/shop-cs\/prumyslovy-smartphone\/ecom-ex-handy-10-dz2-2\/","url":"https:\/\/alegerglobal.com\/cs\/shop-cs\/prumyslovy-smartphone\/ecom-ex-handy-10-dz2-2\/","name":"Koupit ecom Ex-Handy 10 DZ2 zde - ALEGER \u22c6 Augmented Reality","isPartOf":{"@id":"https:\/\/alegerglobal.com\/cs\/#website"},"primaryImageOfPage":{"@id":"https:\/\/alegerglobal.com\/cs\/shop-cs\/prumyslovy-smartphone\/ecom-ex-handy-10-dz2-2\/#primaryimage"},"image":{"@id":"https:\/\/alegerglobal.com\/cs\/shop-cs\/prumyslovy-smartphone\/ecom-ex-handy-10-dz2-2\/#primaryimage"},"thumbnailUrl":"https:\/\/alegerglobal.com\/wp-content\/uploads\/2021\/01\/csm_ex-handy-10_dz2_technical-data_a908afaa02.png","datePublished":"2022-05-19T07:58:56+00:00","dateModified":"2022-05-19T07:58:56+00:00","description":"St\u00e1le hled\u00e1te mobiln\u00ed telefon odoln\u00fd proti v\u00fdbuchu pro pou\u017eit\u00ed v pr\u016fmyslu? Zde m\u016f\u017eete z\u00edskat b\u00fdval\u00fd mobiln\u00ed telefon 10 DZ2 od spole\u010dnosti ecom v\u010detn\u011b podpory.","breadcrumb":{"@id":"https:\/\/alegerglobal.com\/cs\/shop-cs\/prumyslovy-smartphone\/ecom-ex-handy-10-dz2-2\/#breadcrumb"},"inLanguage":"cs","potentialAction":[{"@type":"ReadAction","target":["https:\/\/alegerglobal.com\/cs\/shop-cs\/prumyslovy-smartphone\/ecom-ex-handy-10-dz2-2\/"]}]},{"@type":"ImageObject","inLanguage":"cs","@id":"https:\/\/alegerglobal.com\/cs\/shop-cs\/prumyslovy-smartphone\/ecom-ex-handy-10-dz2-2\/#primaryimage","url":"https:\/\/alegerglobal.com\/wp-content\/uploads\/2021\/01\/csm_ex-handy-10_dz2_technical-data_a908afaa02.png","contentUrl":"https:\/\/alegerglobal.com\/wp-content\/uploads\/2021\/01\/csm_ex-handy-10_dz2_technical-data_a908afaa02.png","width":555,"height":555,"caption":"ecom Ex-Handy 10 DZ2"},{"@type":"BreadcrumbList","@id":"https:\/\/alegerglobal.com\/cs\/shop-cs\/prumyslovy-smartphone\/ecom-ex-handy-10-dz2-2\/#breadcrumb","itemListElement":[{"@type":"ListItem","position":1,"name":"Home","item":"https:\/\/alegerglobal.com\/cs\/novinka-domovska-stranka\/"},{"@type":"ListItem","position":2,"name":"Produkty","item":"https:\/\/alegerglobal.com\/cs\/produkty\/"},{"@type":"ListItem","position":3,"name":"ecom Ex-Handy 10 DZ2, Ex chr\u00e1n\u011bn\u00fd mobiln\u00ed telefon pro z\u00f3nu ATEX 2, 2,6&#8243; dotykov\u00fd displej, Android"}]},{"@type":"WebSite","@id":"https:\/\/alegerglobal.com\/cs\/#website","url":"https:\/\/alegerglobal.com\/cs\/","name":"ALEGER \u22c6 Augmented Reality","description":"Die besten Augmented Reality (AR) L\u00f6sungen der Welt.","publisher":{"@id":"https:\/\/alegerglobal.com\/cs\/#organization"},"potentialAction":[{"@type":"SearchAction","target":{"@type":"EntryPoint","urlTemplate":"https:\/\/alegerglobal.com\/cs\/?s={search_term_string}"},"query-input":{"@type":"PropertyValueSpecification","valueRequired":true,"valueName":"search_term_string"}}],"inLanguage":"cs"},{"@type":"Organization","@id":"https:\/\/alegerglobal.com\/cs\/#organization","name":"ALEGER \u22c6 Augmented Reality","url":"https:\/\/alegerglobal.com\/cs\/","logo":{"@type":"ImageObject","inLanguage":"cs","@id":"https:\/\/alegerglobal.com\/cs\/#\/schema\/logo\/image\/","url":"https:\/\/alegerglobal.com\/wp-content\/uploads\/2020\/12\/aleger-logo-quadrat.jpg","contentUrl":"https:\/\/alegerglobal.com\/wp-content\/uploads\/2020\/12\/aleger-logo-quadrat.jpg","width":200,"height":176,"caption":"ALEGER \u22c6 Augmented Reality"},"image":{"@id":"https:\/\/alegerglobal.com\/cs\/#\/schema\/logo\/image\/"}}]},"product_brand":"Ecom","product_price_amount":"980.00","product_price_currency":"EUR","og_availability":"instock","product_availability":"instock","product_condition":"new"},"_links":{"self":[{"href":"https:\/\/alegerglobal.com\/cs\/wp-json\/wp\/v2\/product\/34935","targetHints":{"allow":["GET"]}}],"collection":[{"href":"https:\/\/alegerglobal.com\/cs\/wp-json\/wp\/v2\/product"}],"about":[{"href":"https:\/\/alegerglobal.com\/cs\/wp-json\/wp\/v2\/types\/product"}],"replies":[{"embeddable":true,"href":"https:\/\/alegerglobal.com\/cs\/wp-json\/wp\/v2\/comments?post=34935"}],"version-history":[{"count":0,"href":"https:\/\/alegerglobal.com\/cs\/wp-json\/wp\/v2\/product\/34935\/revisions"}],"wp:featuredmedia":[{"embeddable":true,"href":"https:\/\/alegerglobal.com\/cs\/wp-json\/wp\/v2\/media\/12363"}],"wp:attachment":[{"href":"https:\/\/alegerglobal.com\/cs\/wp-json\/wp\/v2\/media?parent=34935"}],"wp:term":[{"taxonomy":"product_brand","embeddable":true,"href":"https:\/\/alegerglobal.com\/cs\/wp-json\/wp\/v2\/product_brand?post=34935"},{"taxonomy":"product_cat","embeddable":true,"href":"https:\/\/alegerglobal.com\/cs\/wp-json\/wp\/v2\/product_cat?post=34935"},{"taxonomy":"product_tag","embeddable":true,"href":"https:\/\/alegerglobal.com\/cs\/wp-json\/wp\/v2\/product_tag?post=34935"}],"curies":[{"name":"wp","href":"https:\/\/api.w.org\/{rel}","templated":true}]}}