{"id":34933,"date":"2021-03-07T09:08:07","date_gmt":"2022-05-19T07:58:36","guid":{"rendered":"https:\/\/alegerglobal.com\/nezarazene\/ecom-smart-ex-02-dz2-chytry-telefon-s-ochranou-proti-vybuchu-pro-zonu-atex-2-5-dotykovy-displej-android\/"},"modified":"2022-05-19T08:58:36","modified_gmt":"2022-05-19T07:58:36","slug":"ecom-smart-ex-02-dz2-2","status":"publish","type":"product","link":"https:\/\/alegerglobal.com\/cs\/shop-cs\/prumyslovy-smartphone\/ecom-smart-ex-02-dz2-2\/","title":{"rendered":"ecom Smart-Ex 02 DZ2, chytr\u00fd telefon s ochranou proti v\u00fdbuchu pro z\u00f3nu ATEX 2, 5&#8243; dotykov\u00fd displej, Android"},"content":{"rendered":"","protected":false},"excerpt":{"rendered":"<ul>\n<li style=\"font-weight: 400;\"><b>Schv\u00e1len\u00ed pro<\/b><b> Ex z\u00f3na<\/b><b> 2\/22 a t\u0159\u00edda 2\/odd\u00edl 2:<\/b><span style=\"font-weight: 400;\"> Celosv\u011btov\u00e9 mo\u017enosti pou\u017eit\u00ed podle<\/span><span style=\"font-weight: 400;\"> ATEX<\/span><span style=\"font-weight: 400;\"> sm\u011brnice pro prost\u0159ed\u00ed s nebezpe\u010d\u00edm v\u00fdbuchu. <\/span> <\/li>\n<li style=\"font-weight: 400;\"><b>Dotykov\u00fd displej s vysok\u00fdm rozli\u0161en\u00edm: <\/b><span style=\"font-weight: 400;\">5&#8243; displej chr\u00e1n\u011bn\u00fd sklem Gorilla\u00ae Glass lze bez probl\u00e9m\u016f pou\u017e\u00edvat v rukavic\u00edch nebo ve vlhk\u00e9m prost\u0159ed\u00ed a je dokonale \u010diteln\u00fd i na slunci.<\/span><\/li>\n<li><b>Nejv\u00fdkonn\u011bj\u0161\u00ed vym\u011bniteln\u00e1 baterie:<\/b> <span style=\"font-weight: 400;\">Bezchybn\u011b zvl\u00e1dnout dlouh\u00e9 pracovn\u00ed dny, <\/span><span style=\"font-weight: 400;\">na <\/span><span style=\"font-weight: 400;\">jiskrov\u011b bezpe\u010dn\u00fd smartphone <\/span><span style=\"font-weight: 400;\">pou\u017e\u00edv\u00e1 baterii s <\/span><span style=\"font-weight: 400;\">4400 mAh.<\/span><\/li>\n<li><b>Snadn\u00e9 pou\u017eit\u00ed<\/b><span style=\"font-weight: 400;\">: <\/span><span style=\"font-weight: 400;\">DeepL P\u0159\u00edstupy umo\u017e\u0148uj\u00ed individu\u00e1ln\u00ed optimalizaci<\/span><span style=\"font-weight: 400;\"> a <\/span><span style=\"font-weight: 400;\">a funkce push-to-talk <\/span><span style=\"font-weight: 400;\">nekomplikovan\u00fd <\/span> <span style=\"font-weight: 400;\">Zaru\u010den\u00e1 komunikace. D<\/span><span style=\"font-weight: 400;\">Poloha a velikost tla\u010d\u00edtek jsou p\u0159izp\u016fsobeny pro pou\u017eit\u00ed v rukavic\u00edch.<\/span><\/li>\n<li><b>Pro teploty od -20 \u00b0C do +60 \u00b0C: <\/b><span style=\"font-weight: 400;\">Chytr\u00fd telefon s<\/span><span style=\"font-weight: 400;\"> Certifikace IP68<\/span><span style=\"font-weight: 400;\"> je pln\u011b funk\u010dn\u00ed i v roz\u0161\u00ed\u0159en\u00e9m teplotn\u00edm rozsahu.<\/span><\/li>\n<li style=\"font-weight: 400;\"><b>Vydr\u017e\u00ed ka\u017edodenn\u00ed z\u00e1t\u011b\u017e a nam\u00e1h\u00e1n\u00ed:  <\/b><span style=\"font-weight: 400;\">Odoln\u00fd smartphone je ide\u00e1ln\u00ed pro pou\u017eit\u00ed v n\u00e1ro\u010dn\u00fdch podm\u00ednk\u00e1ch. Ochrana proti vlhkosti, chemik\u00e1li\u00edm, vibrac\u00edm, prachu a slune\u010dn\u00edmu z\u00e1\u0159en\u00ed \u010din\u00ed z p\u0159\u00edstroje spolehliv\u00e9ho spole\u010dn\u00edka.  <\/span><\/li>\n<\/ul>\n","protected":false},"featured_media":12371,"comment_status":"open","ping_status":"closed","template":"","meta":{"_acf_changed":false},"product_brand":[],"product_cat":[1527,1516,1539],"product_tag":[],"class_list":{"0":"post-34933","1":"product","2":"type-product","3":"status-publish","4":"has-post-thumbnail","6":"product_cat-atex-cs","7":"product_cat-shop-cs","8":"product_cat-prumyslovy-smartphone","9":"pa_hersteller-ecom-cs","11":"first","12":"instock","13":"taxable","14":"shipping-taxable","15":"purchasable","16":"product-type-simple"},"acf":[],"yoast_head":"<!-- This site is optimized with the Yoast SEO Premium plugin v20.10 (Yoast SEO v24.3) - https:\/\/yoast.com\/wordpress\/plugins\/seo\/ -->\n<title>Koupit Smart-Ex 02 DZ2 z ecom - ALEGER \u22c6 Augmented Reality<\/title>\n<meta name=\"description\" content=\"Sn\u00edma\u010d ecom Smart-Ex 02 DZ2 je navr\u017een v souladu se sm\u011brnic\u00ed ATEX a je ide\u00e1ln\u00edm spole\u010dn\u00edkem pro pr\u016fmyslov\u00e9 pou\u017eit\u00ed. \ud83d\udd27\ud83d\udd29\" \/>\n<meta name=\"robots\" content=\"index, follow, max-snippet:-1, max-image-preview:large, max-video-preview:-1\" \/>\n<meta property=\"og:locale\" content=\"cs_CZ\" \/>\n<meta property=\"og:type\" content=\"article\" \/>\n<meta property=\"og:title\" content=\"ecom Smart-Ex 02 DZ2, chytr\u00fd telefon s ochranou proti v\u00fdbuchu pro z\u00f3nu ATEX 2, 5&quot; dotykov\u00fd displej, Android\" \/>\n<meta property=\"og:description\" content=\"Sn\u00edma\u010d ecom Smart-Ex 02 DZ2 je navr\u017een v souladu se sm\u011brnic\u00ed ATEX a je ide\u00e1ln\u00edm spole\u010dn\u00edkem pro pr\u016fmyslov\u00e9 pou\u017eit\u00ed. \ud83d\udd27\ud83d\udd29\" \/>\n<meta property=\"og:url\" content=\"https:\/\/alegerglobal.com\/cs\/shop-cs\/prumyslovy-smartphone\/ecom-smart-ex-02-dz2-2\/\" \/>\n<meta property=\"og:site_name\" content=\"ALEGER \u22c6 Augmented Reality\" \/>\n<meta property=\"og:image\" content=\"https:\/\/alegerglobal.com\/wp-content\/uploads\/2021\/01\/csm_smart-ex_02_dz2-tech_b2d8a71094.png\" \/>\n\t<meta property=\"og:image:width\" content=\"555\" \/>\n\t<meta property=\"og:image:height\" content=\"555\" \/>\n\t<meta property=\"og:image:type\" content=\"image\/png\" \/>\n<meta name=\"twitter:card\" content=\"summary_large_image\" \/>\n<meta name=\"twitter:label1\" content=\"Cena\" \/>\n\t<meta name=\"twitter:data1\" content=\"&euro;1.993,00\" \/>\n\t<meta name=\"twitter:label2\" content=\"Dostupnost\" \/>\n\t<meta name=\"twitter:data2\" content=\"Skladem\" \/>\n<script type=\"application\/ld+json\" class=\"yoast-schema-graph\">{\"@context\":\"https:\/\/schema.org\",\"@graph\":[{\"@type\":\"WebPage\",\"@id\":\"https:\/\/alegerglobal.com\/cs\/shop-cs\/prumyslovy-smartphone\/ecom-smart-ex-02-dz2-2\/\",\"url\":\"https:\/\/alegerglobal.com\/cs\/shop-cs\/prumyslovy-smartphone\/ecom-smart-ex-02-dz2-2\/\",\"name\":\"Koupit Smart-Ex 02 DZ2 z ecom - ALEGER \u22c6 Augmented Reality\",\"isPartOf\":{\"@id\":\"https:\/\/alegerglobal.com\/cs\/#website\"},\"primaryImageOfPage\":{\"@id\":\"https:\/\/alegerglobal.com\/cs\/shop-cs\/prumyslovy-smartphone\/ecom-smart-ex-02-dz2-2\/#primaryimage\"},\"image\":{\"@id\":\"https:\/\/alegerglobal.com\/cs\/shop-cs\/prumyslovy-smartphone\/ecom-smart-ex-02-dz2-2\/#primaryimage\"},\"thumbnailUrl\":\"https:\/\/alegerglobal.com\/wp-content\/uploads\/2021\/01\/csm_smart-ex_02_dz2-tech_b2d8a71094.png\",\"datePublished\":\"2022-05-19T07:58:36+00:00\",\"dateModified\":\"2022-05-19T07:58:36+00:00\",\"description\":\"Sn\u00edma\u010d ecom Smart-Ex 02 DZ2 je navr\u017een v souladu se sm\u011brnic\u00ed ATEX a je ide\u00e1ln\u00edm spole\u010dn\u00edkem pro pr\u016fmyslov\u00e9 pou\u017eit\u00ed. \ud83d\udd27\ud83d\udd29\",\"breadcrumb\":{\"@id\":\"https:\/\/alegerglobal.com\/cs\/shop-cs\/prumyslovy-smartphone\/ecom-smart-ex-02-dz2-2\/#breadcrumb\"},\"inLanguage\":\"cs\",\"potentialAction\":[{\"@type\":\"ReadAction\",\"target\":[\"https:\/\/alegerglobal.com\/cs\/shop-cs\/prumyslovy-smartphone\/ecom-smart-ex-02-dz2-2\/\"]}]},{\"@type\":\"ImageObject\",\"inLanguage\":\"cs\",\"@id\":\"https:\/\/alegerglobal.com\/cs\/shop-cs\/prumyslovy-smartphone\/ecom-smart-ex-02-dz2-2\/#primaryimage\",\"url\":\"https:\/\/alegerglobal.com\/wp-content\/uploads\/2021\/01\/csm_smart-ex_02_dz2-tech_b2d8a71094.png\",\"contentUrl\":\"https:\/\/alegerglobal.com\/wp-content\/uploads\/2021\/01\/csm_smart-ex_02_dz2-tech_b2d8a71094.png\",\"width\":555,\"height\":555,\"caption\":\"ecom Smart-Ex 02 DZ2, chytr\u00fd telefon s ochranou Ex pro z\u00f3nu ATEX 2\"},{\"@type\":\"BreadcrumbList\",\"@id\":\"https:\/\/alegerglobal.com\/cs\/shop-cs\/prumyslovy-smartphone\/ecom-smart-ex-02-dz2-2\/#breadcrumb\",\"itemListElement\":[{\"@type\":\"ListItem\",\"position\":1,\"name\":\"Home\",\"item\":\"https:\/\/alegerglobal.com\/cs\/novinka-domovska-stranka\/\"},{\"@type\":\"ListItem\",\"position\":2,\"name\":\"Produkty\",\"item\":\"https:\/\/alegerglobal.com\/cs\/produkty\/\"},{\"@type\":\"ListItem\",\"position\":3,\"name\":\"ecom Smart-Ex 02 DZ2, chytr\u00fd telefon s ochranou proti v\u00fdbuchu pro z\u00f3nu ATEX 2, 5&#8243; dotykov\u00fd displej, Android\"}]},{\"@type\":\"WebSite\",\"@id\":\"https:\/\/alegerglobal.com\/cs\/#website\",\"url\":\"https:\/\/alegerglobal.com\/cs\/\",\"name\":\"ALEGER \u22c6 Augmented Reality\",\"description\":\"Die besten Augmented Reality (AR) L\u00f6sungen der Welt.\",\"publisher\":{\"@id\":\"https:\/\/alegerglobal.com\/cs\/#organization\"},\"potentialAction\":[{\"@type\":\"SearchAction\",\"target\":{\"@type\":\"EntryPoint\",\"urlTemplate\":\"https:\/\/alegerglobal.com\/cs\/?s={search_term_string}\"},\"query-input\":{\"@type\":\"PropertyValueSpecification\",\"valueRequired\":true,\"valueName\":\"search_term_string\"}}],\"inLanguage\":\"cs\"},{\"@type\":\"Organization\",\"@id\":\"https:\/\/alegerglobal.com\/cs\/#organization\",\"name\":\"ALEGER \u22c6 Augmented Reality\",\"url\":\"https:\/\/alegerglobal.com\/cs\/\",\"logo\":{\"@type\":\"ImageObject\",\"inLanguage\":\"cs\",\"@id\":\"https:\/\/alegerglobal.com\/cs\/#\/schema\/logo\/image\/\",\"url\":\"https:\/\/alegerglobal.com\/wp-content\/uploads\/2020\/12\/aleger-logo-quadrat.jpg\",\"contentUrl\":\"https:\/\/alegerglobal.com\/wp-content\/uploads\/2020\/12\/aleger-logo-quadrat.jpg\",\"width\":200,\"height\":176,\"caption\":\"ALEGER \u22c6 Augmented Reality\"},\"image\":{\"@id\":\"https:\/\/alegerglobal.com\/cs\/#\/schema\/logo\/image\/\"}}]}<\/script>\n<meta property=\"product:brand\" content=\"Ecom\" \/>\n<meta property=\"product:price:amount\" content=\"1993.00\" \/>\n<meta property=\"product:price:currency\" content=\"EUR\" \/>\n<meta property=\"og:availability\" content=\"instock\" \/>\n<meta property=\"product:availability\" content=\"instock\" \/>\n<meta property=\"product:condition\" content=\"new\" \/>\n<!-- \/ Yoast SEO Premium plugin. -->","yoast_head_json":{"title":"Koupit Smart-Ex 02 DZ2 z ecom - ALEGER \u22c6 Augmented Reality","description":"Sn\u00edma\u010d ecom Smart-Ex 02 DZ2 je navr\u017een v souladu se sm\u011brnic\u00ed ATEX a je ide\u00e1ln\u00edm spole\u010dn\u00edkem pro pr\u016fmyslov\u00e9 pou\u017eit\u00ed. \ud83d\udd27\ud83d\udd29","robots":{"index":"index","follow":"follow","max-snippet":"max-snippet:-1","max-image-preview":"max-image-preview:large","max-video-preview":"max-video-preview:-1"},"og_locale":"cs_CZ","og_type":"article","og_title":"ecom Smart-Ex 02 DZ2, chytr\u00fd telefon s ochranou proti v\u00fdbuchu pro z\u00f3nu ATEX 2, 5\" dotykov\u00fd displej, Android","og_description":"Sn\u00edma\u010d ecom Smart-Ex 02 DZ2 je navr\u017een v souladu se sm\u011brnic\u00ed ATEX a je ide\u00e1ln\u00edm spole\u010dn\u00edkem pro pr\u016fmyslov\u00e9 pou\u017eit\u00ed. \ud83d\udd27\ud83d\udd29","og_url":"https:\/\/alegerglobal.com\/cs\/shop-cs\/prumyslovy-smartphone\/ecom-smart-ex-02-dz2-2\/","og_site_name":"ALEGER \u22c6 Augmented Reality","og_image":[{"width":555,"height":555,"url":"https:\/\/alegerglobal.com\/wp-content\/uploads\/2021\/01\/csm_smart-ex_02_dz2-tech_b2d8a71094.png","type":"image\/png"}],"twitter_card":"summary_large_image","twitter_misc":{"Cena":"&euro;1.993,00","Dostupnost":"Skladem"},"schema":{"@context":"https:\/\/schema.org","@graph":[{"@type":"WebPage","@id":"https:\/\/alegerglobal.com\/cs\/shop-cs\/prumyslovy-smartphone\/ecom-smart-ex-02-dz2-2\/","url":"https:\/\/alegerglobal.com\/cs\/shop-cs\/prumyslovy-smartphone\/ecom-smart-ex-02-dz2-2\/","name":"Koupit Smart-Ex 02 DZ2 z ecom - ALEGER \u22c6 Augmented Reality","isPartOf":{"@id":"https:\/\/alegerglobal.com\/cs\/#website"},"primaryImageOfPage":{"@id":"https:\/\/alegerglobal.com\/cs\/shop-cs\/prumyslovy-smartphone\/ecom-smart-ex-02-dz2-2\/#primaryimage"},"image":{"@id":"https:\/\/alegerglobal.com\/cs\/shop-cs\/prumyslovy-smartphone\/ecom-smart-ex-02-dz2-2\/#primaryimage"},"thumbnailUrl":"https:\/\/alegerglobal.com\/wp-content\/uploads\/2021\/01\/csm_smart-ex_02_dz2-tech_b2d8a71094.png","datePublished":"2022-05-19T07:58:36+00:00","dateModified":"2022-05-19T07:58:36+00:00","description":"Sn\u00edma\u010d ecom Smart-Ex 02 DZ2 je navr\u017een v souladu se sm\u011brnic\u00ed ATEX a je ide\u00e1ln\u00edm spole\u010dn\u00edkem pro pr\u016fmyslov\u00e9 pou\u017eit\u00ed. \ud83d\udd27\ud83d\udd29","breadcrumb":{"@id":"https:\/\/alegerglobal.com\/cs\/shop-cs\/prumyslovy-smartphone\/ecom-smart-ex-02-dz2-2\/#breadcrumb"},"inLanguage":"cs","potentialAction":[{"@type":"ReadAction","target":["https:\/\/alegerglobal.com\/cs\/shop-cs\/prumyslovy-smartphone\/ecom-smart-ex-02-dz2-2\/"]}]},{"@type":"ImageObject","inLanguage":"cs","@id":"https:\/\/alegerglobal.com\/cs\/shop-cs\/prumyslovy-smartphone\/ecom-smart-ex-02-dz2-2\/#primaryimage","url":"https:\/\/alegerglobal.com\/wp-content\/uploads\/2021\/01\/csm_smart-ex_02_dz2-tech_b2d8a71094.png","contentUrl":"https:\/\/alegerglobal.com\/wp-content\/uploads\/2021\/01\/csm_smart-ex_02_dz2-tech_b2d8a71094.png","width":555,"height":555,"caption":"ecom Smart-Ex 02 DZ2, chytr\u00fd telefon s ochranou Ex pro z\u00f3nu ATEX 2"},{"@type":"BreadcrumbList","@id":"https:\/\/alegerglobal.com\/cs\/shop-cs\/prumyslovy-smartphone\/ecom-smart-ex-02-dz2-2\/#breadcrumb","itemListElement":[{"@type":"ListItem","position":1,"name":"Home","item":"https:\/\/alegerglobal.com\/cs\/novinka-domovska-stranka\/"},{"@type":"ListItem","position":2,"name":"Produkty","item":"https:\/\/alegerglobal.com\/cs\/produkty\/"},{"@type":"ListItem","position":3,"name":"ecom Smart-Ex 02 DZ2, chytr\u00fd telefon s ochranou proti v\u00fdbuchu pro z\u00f3nu ATEX 2, 5&#8243; dotykov\u00fd displej, Android"}]},{"@type":"WebSite","@id":"https:\/\/alegerglobal.com\/cs\/#website","url":"https:\/\/alegerglobal.com\/cs\/","name":"ALEGER \u22c6 Augmented Reality","description":"Die besten Augmented Reality (AR) L\u00f6sungen der Welt.","publisher":{"@id":"https:\/\/alegerglobal.com\/cs\/#organization"},"potentialAction":[{"@type":"SearchAction","target":{"@type":"EntryPoint","urlTemplate":"https:\/\/alegerglobal.com\/cs\/?s={search_term_string}"},"query-input":{"@type":"PropertyValueSpecification","valueRequired":true,"valueName":"search_term_string"}}],"inLanguage":"cs"},{"@type":"Organization","@id":"https:\/\/alegerglobal.com\/cs\/#organization","name":"ALEGER \u22c6 Augmented Reality","url":"https:\/\/alegerglobal.com\/cs\/","logo":{"@type":"ImageObject","inLanguage":"cs","@id":"https:\/\/alegerglobal.com\/cs\/#\/schema\/logo\/image\/","url":"https:\/\/alegerglobal.com\/wp-content\/uploads\/2020\/12\/aleger-logo-quadrat.jpg","contentUrl":"https:\/\/alegerglobal.com\/wp-content\/uploads\/2020\/12\/aleger-logo-quadrat.jpg","width":200,"height":176,"caption":"ALEGER \u22c6 Augmented Reality"},"image":{"@id":"https:\/\/alegerglobal.com\/cs\/#\/schema\/logo\/image\/"}}]},"product_brand":"Ecom","product_price_amount":"1993.00","product_price_currency":"EUR","og_availability":"instock","product_availability":"instock","product_condition":"new"},"_links":{"self":[{"href":"https:\/\/alegerglobal.com\/cs\/wp-json\/wp\/v2\/product\/34933","targetHints":{"allow":["GET"]}}],"collection":[{"href":"https:\/\/alegerglobal.com\/cs\/wp-json\/wp\/v2\/product"}],"about":[{"href":"https:\/\/alegerglobal.com\/cs\/wp-json\/wp\/v2\/types\/product"}],"replies":[{"embeddable":true,"href":"https:\/\/alegerglobal.com\/cs\/wp-json\/wp\/v2\/comments?post=34933"}],"version-history":[{"count":0,"href":"https:\/\/alegerglobal.com\/cs\/wp-json\/wp\/v2\/product\/34933\/revisions"}],"wp:featuredmedia":[{"embeddable":true,"href":"https:\/\/alegerglobal.com\/cs\/wp-json\/wp\/v2\/media\/12371"}],"wp:attachment":[{"href":"https:\/\/alegerglobal.com\/cs\/wp-json\/wp\/v2\/media?parent=34933"}],"wp:term":[{"taxonomy":"product_brand","embeddable":true,"href":"https:\/\/alegerglobal.com\/cs\/wp-json\/wp\/v2\/product_brand?post=34933"},{"taxonomy":"product_cat","embeddable":true,"href":"https:\/\/alegerglobal.com\/cs\/wp-json\/wp\/v2\/product_cat?post=34933"},{"taxonomy":"product_tag","embeddable":true,"href":"https:\/\/alegerglobal.com\/cs\/wp-json\/wp\/v2\/product_tag?post=34933"}],"curies":[{"name":"wp","href":"https:\/\/api.w.org\/{rel}","templated":true}]}}