{"id":34932,"date":"2021-03-07T09:09:35","date_gmt":"2022-05-19T07:58:33","guid":{"rendered":"https:\/\/alegerglobal.com\/nezarazene\/ecom-smart-ex-02-dz1-chytry-telefon-s-ochranou-proti-vybuchu-pro-zonu-atex-1-5-dotykovy-displej-android\/"},"modified":"2022-05-19T08:58:33","modified_gmt":"2022-05-19T07:58:33","slug":"ecom-smart-ex-02-dz1-2","status":"publish","type":"product","link":"https:\/\/alegerglobal.com\/cs\/shop-cs\/prumyslovy-smartphone\/ecom-smart-ex-02-dz1-2\/","title":{"rendered":"ecom Smart-Ex 02 DZ1, chytr\u00fd telefon s ochranou proti v\u00fdbuchu pro z\u00f3nu ATEX 1, 5&#8243; dotykov\u00fd displej, Android"},"content":{"rendered":"","protected":false},"excerpt":{"rendered":"<ul>\n<li style=\"font-weight: 400;\"><b>Celosv\u011btov\u00e9 mo\u017enosti pou\u017eit\u00ed<\/b><span style=\"font-weight: 400;\">Podle <\/span><span style=\"font-weight: 400;\">ATEX <\/span><span style=\"font-weight: 400;\">sm\u011brnice, je jednotka vhodn\u00e1 pro pou\u017eit\u00ed v oblastech s nebezpe\u010d\u00edm v\u00fdbuchu.<\/span><span style=\"font-weight: 400;\"> Ex z\u00f3na<\/span><span style=\"font-weight: 400;\"> 1\/21 a t\u0159\u00edda 1\/Div 1. <\/span> <\/li>\n<li style=\"font-weight: 400;\"><b>Displej chr\u00e1n\u011bn\u00fd sklem Gorilla\u00ae Glass: <\/b><span style=\"font-weight: 400;\">5&#8243; dotykov\u00fd displej s vysok\u00fdm rozli\u0161en\u00edm je \u010diteln\u00fd<\/span> <span style=\"font-weight: 400;\">je snadno \u010diteln\u00fd na slunci a lze jej pou\u017e\u00edvat v rukavic\u00edch nebo za mokra.<\/span><\/li>\n<li><b>Vym\u011bniteln\u00e1 a v\u00fdkonn\u00e1 baterie:<\/b><span style=\"font-weight: 400;\"> Na str\u00e1nk\u00e1ch <\/span><span style=\"font-weight: 400;\">jiskrov\u011b bezpe\u010dn\u00fd smartphone <\/span><span style=\"font-weight: 400;\">pou\u017e\u00edv\u00e1 v\u00fdkonn\u00fd <\/span><span style=\"font-weight: 400;\">baterie s kapacitou 4400 mAh, tak\u017ee zvl\u00e1dnete i dlouh\u00e9 pracovn\u00ed dny.<\/span><\/li>\n<li><b>Optimalizovan\u00e9 kl\u00ed\u010de<\/b><span style=\"font-weight: 400;\">Poloha a velikost tla\u010d\u00edtek byla p\u0159izp\u016fsobena pro pou\u017eit\u00ed v rukavic\u00edch. <\/span><span style=\"font-weight: 400;\">Funkce Push-to-talk a dal\u0161\u00ed p\u0159\u00edstupy na DeepL umo\u017e\u0148uj\u00ed obzvl\u00e1\u0161t\u011b efektivn\u00ed vyu\u017eit\u00ed.<\/span><\/li>\n<li><b>Pro roz\u0161\u00ed\u0159en\u00fd teplotn\u00ed rozsah: <\/b><span style=\"font-weight: 400;\">Krom\u011b<\/span><span style=\"font-weight: 400;\"> Certifikace IP68<\/span><span style=\"font-weight: 400;\"> smartphone je pln\u011b funk\u010dn\u00ed i p\u0159i teplot\u00e1ch od -20 \u00b0C do +60 \u00b0C. <\/span> <\/li>\n<li style=\"font-weight: 400;\"><b>Pro drsn\u00e9 prost\u0159ed\u00ed: <\/b><span style=\"font-weight: 400;\">Odoln\u00fd smartphone je spolehliv\u00fdm spole\u010dn\u00edkem v ter\u00e9nu a je chr\u00e1n\u011bn proti vlhkosti, chemik\u00e1li\u00edm, vibrac\u00edm, prachu a slune\u010dn\u00edmu z\u00e1\u0159en\u00ed. <\/span> <\/li>\n<\/ul>\n","protected":false},"featured_media":12369,"comment_status":"open","ping_status":"closed","template":"","meta":{"_acf_changed":false},"product_brand":[],"product_cat":[1527,1516,1539],"product_tag":[],"class_list":{"0":"post-34932","1":"product","2":"type-product","3":"status-publish","4":"has-post-thumbnail","6":"product_cat-atex-cs","7":"product_cat-shop-cs","8":"product_cat-prumyslovy-smartphone","9":"pa_hersteller-ecom-cs","11":"first","12":"instock","13":"taxable","14":"shipping-taxable","15":"purchasable","16":"product-type-simple"},"acf":[],"yoast_head":"<!-- This site is optimized with the Yoast SEO Premium plugin v20.10 (Yoast SEO v24.3) - https:\/\/yoast.com\/wordpress\/plugins\/seo\/ -->\n<title>Koupit Ecom Smart-Ex 02 DZ1 - ALEGER \u22c6 Augmented Reality<\/title>\n<meta name=\"description\" content=\"Smart-Ex 02 DZ1 od spole\u010dnosti Ecom je ide\u00e1ln\u00edm spole\u010dn\u00edkem pro venkovn\u00ed pou\u017eit\u00ed v prost\u0159ed\u00ed s nebezpe\u010d\u00edm v\u00fdbuchu. V\u00edce informac\u00ed najdete zde.\" \/>\n<meta name=\"robots\" content=\"index, follow, max-snippet:-1, max-image-preview:large, max-video-preview:-1\" \/>\n<meta property=\"og:locale\" content=\"cs_CZ\" \/>\n<meta property=\"og:type\" content=\"article\" \/>\n<meta property=\"og:title\" content=\"ecom Smart-Ex 02 DZ1, chytr\u00fd telefon s ochranou proti v\u00fdbuchu pro z\u00f3nu ATEX 1, 5&quot; dotykov\u00fd displej, Android\" \/>\n<meta property=\"og:description\" content=\"Smart-Ex 02 DZ1 od spole\u010dnosti Ecom je ide\u00e1ln\u00edm spole\u010dn\u00edkem pro venkovn\u00ed pou\u017eit\u00ed v prost\u0159ed\u00ed s nebezpe\u010d\u00edm v\u00fdbuchu. V\u00edce informac\u00ed najdete zde.\" \/>\n<meta property=\"og:url\" content=\"https:\/\/alegerglobal.com\/cs\/shop-cs\/prumyslovy-smartphone\/ecom-smart-ex-02-dz1-2\/\" \/>\n<meta property=\"og:site_name\" content=\"ALEGER \u22c6 Augmented Reality\" \/>\n<meta property=\"og:image\" content=\"https:\/\/alegerglobal.com\/wp-content\/uploads\/2021\/01\/csm_smart-ex_02-tech_c6f7974c67.png\" \/>\n\t<meta property=\"og:image:width\" content=\"555\" \/>\n\t<meta property=\"og:image:height\" content=\"555\" \/>\n\t<meta property=\"og:image:type\" content=\"image\/png\" \/>\n<meta name=\"twitter:card\" content=\"summary_large_image\" \/>\n<meta name=\"twitter:label1\" content=\"Cena\" \/>\n\t<meta name=\"twitter:data1\" content=\"&euro;2.338,00\" \/>\n\t<meta name=\"twitter:label2\" content=\"Dostupnost\" \/>\n\t<meta name=\"twitter:data2\" content=\"Skladem\" \/>\n<script type=\"application\/ld+json\" class=\"yoast-schema-graph\">{\"@context\":\"https:\/\/schema.org\",\"@graph\":[{\"@type\":\"WebPage\",\"@id\":\"https:\/\/alegerglobal.com\/cs\/shop-cs\/prumyslovy-smartphone\/ecom-smart-ex-02-dz1-2\/\",\"url\":\"https:\/\/alegerglobal.com\/cs\/shop-cs\/prumyslovy-smartphone\/ecom-smart-ex-02-dz1-2\/\",\"name\":\"Koupit Ecom Smart-Ex 02 DZ1 - ALEGER \u22c6 Augmented Reality\",\"isPartOf\":{\"@id\":\"https:\/\/alegerglobal.com\/cs\/#website\"},\"primaryImageOfPage\":{\"@id\":\"https:\/\/alegerglobal.com\/cs\/shop-cs\/prumyslovy-smartphone\/ecom-smart-ex-02-dz1-2\/#primaryimage\"},\"image\":{\"@id\":\"https:\/\/alegerglobal.com\/cs\/shop-cs\/prumyslovy-smartphone\/ecom-smart-ex-02-dz1-2\/#primaryimage\"},\"thumbnailUrl\":\"https:\/\/alegerglobal.com\/wp-content\/uploads\/2021\/01\/csm_smart-ex_02-tech_c6f7974c67.png\",\"datePublished\":\"2022-05-19T07:58:33+00:00\",\"dateModified\":\"2022-05-19T07:58:33+00:00\",\"description\":\"Smart-Ex 02 DZ1 od spole\u010dnosti Ecom je ide\u00e1ln\u00edm spole\u010dn\u00edkem pro venkovn\u00ed pou\u017eit\u00ed v prost\u0159ed\u00ed s nebezpe\u010d\u00edm v\u00fdbuchu. V\u00edce informac\u00ed najdete zde.\",\"breadcrumb\":{\"@id\":\"https:\/\/alegerglobal.com\/cs\/shop-cs\/prumyslovy-smartphone\/ecom-smart-ex-02-dz1-2\/#breadcrumb\"},\"inLanguage\":\"cs\",\"potentialAction\":[{\"@type\":\"ReadAction\",\"target\":[\"https:\/\/alegerglobal.com\/cs\/shop-cs\/prumyslovy-smartphone\/ecom-smart-ex-02-dz1-2\/\"]}]},{\"@type\":\"ImageObject\",\"inLanguage\":\"cs\",\"@id\":\"https:\/\/alegerglobal.com\/cs\/shop-cs\/prumyslovy-smartphone\/ecom-smart-ex-02-dz1-2\/#primaryimage\",\"url\":\"https:\/\/alegerglobal.com\/wp-content\/uploads\/2021\/01\/csm_smart-ex_02-tech_c6f7974c67.png\",\"contentUrl\":\"https:\/\/alegerglobal.com\/wp-content\/uploads\/2021\/01\/csm_smart-ex_02-tech_c6f7974c67.png\",\"width\":555,\"height\":555,\"caption\":\"ecom Smart-Ex 02 DZ1 - chytr\u00fd telefon chr\u00e1n\u011bn\u00fd p\u0159ed po\u0161kozen\u00edm\"},{\"@type\":\"BreadcrumbList\",\"@id\":\"https:\/\/alegerglobal.com\/cs\/shop-cs\/prumyslovy-smartphone\/ecom-smart-ex-02-dz1-2\/#breadcrumb\",\"itemListElement\":[{\"@type\":\"ListItem\",\"position\":1,\"name\":\"Home\",\"item\":\"https:\/\/alegerglobal.com\/cs\/novinka-domovska-stranka\/\"},{\"@type\":\"ListItem\",\"position\":2,\"name\":\"Produkty\",\"item\":\"https:\/\/alegerglobal.com\/cs\/produkty\/\"},{\"@type\":\"ListItem\",\"position\":3,\"name\":\"ecom Smart-Ex 02 DZ1, chytr\u00fd telefon s ochranou proti v\u00fdbuchu pro z\u00f3nu ATEX 1, 5&#8243; dotykov\u00fd displej, Android\"}]},{\"@type\":\"WebSite\",\"@id\":\"https:\/\/alegerglobal.com\/cs\/#website\",\"url\":\"https:\/\/alegerglobal.com\/cs\/\",\"name\":\"ALEGER \u22c6 Augmented Reality\",\"description\":\"Die besten Augmented Reality (AR) L\u00f6sungen der Welt.\",\"publisher\":{\"@id\":\"https:\/\/alegerglobal.com\/cs\/#organization\"},\"potentialAction\":[{\"@type\":\"SearchAction\",\"target\":{\"@type\":\"EntryPoint\",\"urlTemplate\":\"https:\/\/alegerglobal.com\/cs\/?s={search_term_string}\"},\"query-input\":{\"@type\":\"PropertyValueSpecification\",\"valueRequired\":true,\"valueName\":\"search_term_string\"}}],\"inLanguage\":\"cs\"},{\"@type\":\"Organization\",\"@id\":\"https:\/\/alegerglobal.com\/cs\/#organization\",\"name\":\"ALEGER \u22c6 Augmented Reality\",\"url\":\"https:\/\/alegerglobal.com\/cs\/\",\"logo\":{\"@type\":\"ImageObject\",\"inLanguage\":\"cs\",\"@id\":\"https:\/\/alegerglobal.com\/cs\/#\/schema\/logo\/image\/\",\"url\":\"https:\/\/alegerglobal.com\/wp-content\/uploads\/2020\/12\/aleger-logo-quadrat.jpg\",\"contentUrl\":\"https:\/\/alegerglobal.com\/wp-content\/uploads\/2020\/12\/aleger-logo-quadrat.jpg\",\"width\":200,\"height\":176,\"caption\":\"ALEGER \u22c6 Augmented Reality\"},\"image\":{\"@id\":\"https:\/\/alegerglobal.com\/cs\/#\/schema\/logo\/image\/\"}}]}<\/script>\n<meta property=\"product:brand\" content=\"Ecom\" \/>\n<meta property=\"product:price:amount\" content=\"2338.00\" \/>\n<meta property=\"product:price:currency\" content=\"EUR\" \/>\n<meta property=\"og:availability\" content=\"instock\" \/>\n<meta property=\"product:availability\" content=\"instock\" \/>\n<meta property=\"product:condition\" content=\"new\" \/>\n<!-- \/ Yoast SEO Premium plugin. -->","yoast_head_json":{"title":"Koupit Ecom Smart-Ex 02 DZ1 - ALEGER \u22c6 Augmented Reality","description":"Smart-Ex 02 DZ1 od spole\u010dnosti Ecom je ide\u00e1ln\u00edm spole\u010dn\u00edkem pro venkovn\u00ed pou\u017eit\u00ed v prost\u0159ed\u00ed s nebezpe\u010d\u00edm v\u00fdbuchu. V\u00edce informac\u00ed najdete zde.","robots":{"index":"index","follow":"follow","max-snippet":"max-snippet:-1","max-image-preview":"max-image-preview:large","max-video-preview":"max-video-preview:-1"},"og_locale":"cs_CZ","og_type":"article","og_title":"ecom Smart-Ex 02 DZ1, chytr\u00fd telefon s ochranou proti v\u00fdbuchu pro z\u00f3nu ATEX 1, 5\" dotykov\u00fd displej, Android","og_description":"Smart-Ex 02 DZ1 od spole\u010dnosti Ecom je ide\u00e1ln\u00edm spole\u010dn\u00edkem pro venkovn\u00ed pou\u017eit\u00ed v prost\u0159ed\u00ed s nebezpe\u010d\u00edm v\u00fdbuchu. V\u00edce informac\u00ed najdete zde.","og_url":"https:\/\/alegerglobal.com\/cs\/shop-cs\/prumyslovy-smartphone\/ecom-smart-ex-02-dz1-2\/","og_site_name":"ALEGER \u22c6 Augmented Reality","og_image":[{"width":555,"height":555,"url":"https:\/\/alegerglobal.com\/wp-content\/uploads\/2021\/01\/csm_smart-ex_02-tech_c6f7974c67.png","type":"image\/png"}],"twitter_card":"summary_large_image","twitter_misc":{"Cena":"&euro;2.338,00","Dostupnost":"Skladem"},"schema":{"@context":"https:\/\/schema.org","@graph":[{"@type":"WebPage","@id":"https:\/\/alegerglobal.com\/cs\/shop-cs\/prumyslovy-smartphone\/ecom-smart-ex-02-dz1-2\/","url":"https:\/\/alegerglobal.com\/cs\/shop-cs\/prumyslovy-smartphone\/ecom-smart-ex-02-dz1-2\/","name":"Koupit Ecom Smart-Ex 02 DZ1 - ALEGER \u22c6 Augmented Reality","isPartOf":{"@id":"https:\/\/alegerglobal.com\/cs\/#website"},"primaryImageOfPage":{"@id":"https:\/\/alegerglobal.com\/cs\/shop-cs\/prumyslovy-smartphone\/ecom-smart-ex-02-dz1-2\/#primaryimage"},"image":{"@id":"https:\/\/alegerglobal.com\/cs\/shop-cs\/prumyslovy-smartphone\/ecom-smart-ex-02-dz1-2\/#primaryimage"},"thumbnailUrl":"https:\/\/alegerglobal.com\/wp-content\/uploads\/2021\/01\/csm_smart-ex_02-tech_c6f7974c67.png","datePublished":"2022-05-19T07:58:33+00:00","dateModified":"2022-05-19T07:58:33+00:00","description":"Smart-Ex 02 DZ1 od spole\u010dnosti Ecom je ide\u00e1ln\u00edm spole\u010dn\u00edkem pro venkovn\u00ed pou\u017eit\u00ed v prost\u0159ed\u00ed s nebezpe\u010d\u00edm v\u00fdbuchu. V\u00edce informac\u00ed najdete zde.","breadcrumb":{"@id":"https:\/\/alegerglobal.com\/cs\/shop-cs\/prumyslovy-smartphone\/ecom-smart-ex-02-dz1-2\/#breadcrumb"},"inLanguage":"cs","potentialAction":[{"@type":"ReadAction","target":["https:\/\/alegerglobal.com\/cs\/shop-cs\/prumyslovy-smartphone\/ecom-smart-ex-02-dz1-2\/"]}]},{"@type":"ImageObject","inLanguage":"cs","@id":"https:\/\/alegerglobal.com\/cs\/shop-cs\/prumyslovy-smartphone\/ecom-smart-ex-02-dz1-2\/#primaryimage","url":"https:\/\/alegerglobal.com\/wp-content\/uploads\/2021\/01\/csm_smart-ex_02-tech_c6f7974c67.png","contentUrl":"https:\/\/alegerglobal.com\/wp-content\/uploads\/2021\/01\/csm_smart-ex_02-tech_c6f7974c67.png","width":555,"height":555,"caption":"ecom Smart-Ex 02 DZ1 - chytr\u00fd telefon chr\u00e1n\u011bn\u00fd p\u0159ed po\u0161kozen\u00edm"},{"@type":"BreadcrumbList","@id":"https:\/\/alegerglobal.com\/cs\/shop-cs\/prumyslovy-smartphone\/ecom-smart-ex-02-dz1-2\/#breadcrumb","itemListElement":[{"@type":"ListItem","position":1,"name":"Home","item":"https:\/\/alegerglobal.com\/cs\/novinka-domovska-stranka\/"},{"@type":"ListItem","position":2,"name":"Produkty","item":"https:\/\/alegerglobal.com\/cs\/produkty\/"},{"@type":"ListItem","position":3,"name":"ecom Smart-Ex 02 DZ1, chytr\u00fd telefon s ochranou proti v\u00fdbuchu pro z\u00f3nu ATEX 1, 5&#8243; dotykov\u00fd displej, Android"}]},{"@type":"WebSite","@id":"https:\/\/alegerglobal.com\/cs\/#website","url":"https:\/\/alegerglobal.com\/cs\/","name":"ALEGER \u22c6 Augmented Reality","description":"Die besten Augmented Reality (AR) L\u00f6sungen der Welt.","publisher":{"@id":"https:\/\/alegerglobal.com\/cs\/#organization"},"potentialAction":[{"@type":"SearchAction","target":{"@type":"EntryPoint","urlTemplate":"https:\/\/alegerglobal.com\/cs\/?s={search_term_string}"},"query-input":{"@type":"PropertyValueSpecification","valueRequired":true,"valueName":"search_term_string"}}],"inLanguage":"cs"},{"@type":"Organization","@id":"https:\/\/alegerglobal.com\/cs\/#organization","name":"ALEGER \u22c6 Augmented Reality","url":"https:\/\/alegerglobal.com\/cs\/","logo":{"@type":"ImageObject","inLanguage":"cs","@id":"https:\/\/alegerglobal.com\/cs\/#\/schema\/logo\/image\/","url":"https:\/\/alegerglobal.com\/wp-content\/uploads\/2020\/12\/aleger-logo-quadrat.jpg","contentUrl":"https:\/\/alegerglobal.com\/wp-content\/uploads\/2020\/12\/aleger-logo-quadrat.jpg","width":200,"height":176,"caption":"ALEGER \u22c6 Augmented Reality"},"image":{"@id":"https:\/\/alegerglobal.com\/cs\/#\/schema\/logo\/image\/"}}]},"product_brand":"Ecom","product_price_amount":"2338.00","product_price_currency":"EUR","og_availability":"instock","product_availability":"instock","product_condition":"new"},"_links":{"self":[{"href":"https:\/\/alegerglobal.com\/cs\/wp-json\/wp\/v2\/product\/34932","targetHints":{"allow":["GET"]}}],"collection":[{"href":"https:\/\/alegerglobal.com\/cs\/wp-json\/wp\/v2\/product"}],"about":[{"href":"https:\/\/alegerglobal.com\/cs\/wp-json\/wp\/v2\/types\/product"}],"replies":[{"embeddable":true,"href":"https:\/\/alegerglobal.com\/cs\/wp-json\/wp\/v2\/comments?post=34932"}],"version-history":[{"count":0,"href":"https:\/\/alegerglobal.com\/cs\/wp-json\/wp\/v2\/product\/34932\/revisions"}],"wp:featuredmedia":[{"embeddable":true,"href":"https:\/\/alegerglobal.com\/cs\/wp-json\/wp\/v2\/media\/12369"}],"wp:attachment":[{"href":"https:\/\/alegerglobal.com\/cs\/wp-json\/wp\/v2\/media?parent=34932"}],"wp:term":[{"taxonomy":"product_brand","embeddable":true,"href":"https:\/\/alegerglobal.com\/cs\/wp-json\/wp\/v2\/product_brand?post=34932"},{"taxonomy":"product_cat","embeddable":true,"href":"https:\/\/alegerglobal.com\/cs\/wp-json\/wp\/v2\/product_cat?post=34932"},{"taxonomy":"product_tag","embeddable":true,"href":"https:\/\/alegerglobal.com\/cs\/wp-json\/wp\/v2\/product_tag?post=34932"}],"curies":[{"name":"wp","href":"https:\/\/api.w.org\/{rel}","templated":true}]}}