{"id":34929,"date":"2021-02-05T06:00:19","date_gmt":"2022-05-19T07:58:29","guid":{"rendered":"https:\/\/alegerglobal.com\/nezarazene\/kancelarsky-dok-getac\/"},"modified":"2022-05-19T08:58:29","modified_gmt":"2022-05-19T07:58:29","slug":"kancelarsky-dok-getac","status":"publish","type":"product","link":"https:\/\/alegerglobal.com\/cs\/shop-cs\/prislusenstvi\/kancelarsky-dok-getac\/","title":{"rendered":"KANCEL\u00c1\u0158SK\u00dd DOK GETAC"},"content":{"rendered":"\t\t<div data-elementor-type=\"product-post\" data-elementor-id=\"34929\" class=\"elementor elementor-34929 elementor-4287\" data-elementor-settings=\"{&quot;ha_cmc_init_switcher&quot;:&quot;no&quot;}\" data-elementor-post-type=\"product\">\n\t\t\t\t\t\t<section class=\"elementor-section elementor-top-section elementor-element elementor-element-5238936 elementor-section-boxed elementor-section-height-default elementor-section-height-default\" data-id=\"5238936\" data-element_type=\"section\" data-settings=\"{&quot;jet_parallax_layout_list&quot;:[],&quot;_ha_eqh_enable&quot;:false}\">\n\t\t\t\t\t\t<div class=\"elementor-container elementor-column-gap-default\">\n\t\t\t\t\t<div class=\"elementor-column elementor-col-100 elementor-top-column elementor-element elementor-element-751094a\" data-id=\"751094a\" data-element_type=\"column\">\n\t\t\t<div class=\"elementor-widget-wrap elementor-element-populated\">\n\t\t\t\t\t\t<div class=\"elementor-element elementor-element-c761f9c elementor-widget elementor-widget-text-editor\" data-id=\"c761f9c\" data-element_type=\"widget\" data-widget_type=\"text-editor.default\">\n\t\t\t\t<div class=\"elementor-widget-container\">\n\t\t\t\t\t\t\t\t\t<p><strong>Informace o v\u00fdrobku<\/strong><\/p><p>Rozm\u011bry:<\/p><p>D 139,9 x \u0160 105,3 x V 69,7 mm<\/p><p>Hmotnost: 310 g<\/p><p>Verze JAE:<\/p><p>Z\u00e1suvka DC x 1<\/p><p>Zvukov\u00fd v\u00fdstup x 1<\/p><p>USB (hostitel) x 2<\/p><p>Micro USB (klient) x 1<\/p><p>LAN x 1<\/p><p>HDMI x 1<\/p><p>* se s\u00ed\u0165ov\u00fdm adapt\u00e9rem 60 W<\/p><p>Verze Pogo:<\/p><p>Z\u00e1suvka DC x 1<\/p><p>Zvukov\u00fd v\u00fdstup x 1<\/p><p>USB (hostitel) x 2<\/p><p>LAN x 1<\/p><p>* s 60 W AC adapt\u00e9rem<\/p><p> <\/p><p><strong>ID SKU<\/strong><\/p><p>Verze JAE:<\/p><p>ID SKU: GDOF*H<\/p><p>* EU = E, US = U, UK = K, AU = A,<\/p><p>CHN = C, TW = T &#8211; S\u00ed\u0165ov\u00fd kabel<\/p><p>Verze Pogo:<\/p><p>ID SKU: GDOF*G<\/p><p>* EU = E, US = U, UK = K &#8211; S\u00ed\u0165ov\u00fd kabel<\/p>\t\t\t\t\t\t\t\t<\/div>\n\t\t\t\t<\/div>\n\t\t\t\t\t<\/div>\n\t\t<\/div>\n\t\t\t\t\t<\/div>\n\t\t<\/section>\n\t\t\t\t<\/div>\n\t\t","protected":false},"excerpt":{"rendered":"<p>Kancel\u00e1\u0159sk\u00e1 dokovac\u00ed stanice Getac nab\u00edz\u00ed \u0159adu vstupn\u00edch\/v\u00fdstupn\u00edch port\u016f pro p\u0159ipojen\u00ed kl\u00ed\u010dov\u00fdch perifern\u00edch za\u0159\u00edzen\u00ed k za\u0159\u00edzen\u00edm v kancel\u00e1\u0159i. D\u00edky vestav\u011bn\u00fdm rozhran\u00edm Ethernet, HDMI a USB mohou u\u017eivatel\u00e9 rychle shroma\u017e\u010fovat data z ter\u00e9nu a synchronizovat je s daty v centr\u00e1le, co\u017e umo\u017e\u0148uje vytv\u00e1\u0159en\u00ed zpr\u00e1v a anal\u00fdzu v re\u00e1ln\u00e9m \u010dase. Integrovan\u00e9 porty pogo zaji\u0161\u0165uj\u00ed snadn\u00e9 nab\u00edjen\u00ed p\u0159i kontaktu a usnad\u0148uj\u00ed vyjmut\u00ed tabletu jednou rukou.<\/p>\n","protected":false},"featured_media":13032,"comment_status":"open","ping_status":"closed","template":"","meta":{"_acf_changed":false},"product_brand":[],"product_cat":[1529,1516],"product_tag":[],"class_list":{"0":"post-34929","1":"product","2":"type-product","3":"status-publish","4":"has-post-thumbnail","6":"product_cat-prislusenstvi","7":"product_cat-shop-cs","8":"pa_hersteller-getac-cs","10":"first","11":"instock","12":"taxable","13":"shipping-taxable","14":"purchasable","15":"product-type-simple"},"acf":[],"yoast_head":"<!-- This site is optimized with the Yoast SEO Premium plugin v20.10 (Yoast SEO v24.3) - https:\/\/yoast.com\/wordpress\/plugins\/seo\/ -->\n<title>- ALEGER \u22c6 Augmented Reality<\/title>\n<meta name=\"robots\" content=\"index, follow, max-snippet:-1, max-image-preview:large, max-video-preview:-1\" \/>\n<meta property=\"og:locale\" content=\"cs_CZ\" \/>\n<meta property=\"og:type\" content=\"article\" \/>\n<meta property=\"og:title\" content=\"KANCEL\u00c1\u0158SK\u00dd DOK GETAC\" \/>\n<meta property=\"og:description\" content=\"Kancel\u00e1\u0159sk\u00e1 dokovac\u00ed stanice Getac nab\u00edz\u00ed \u0159adu vstupn\u00edch\/v\u00fdstupn\u00edch port\u016f pro p\u0159ipojen\u00ed kl\u00ed\u010dov\u00fdch perifern\u00edch za\u0159\u00edzen\u00ed k za\u0159\u00edzen\u00edm v kancel\u00e1\u0159i. D\u00edky vestav\u011bn\u00fdm rozhran\u00edm Ethernet, HDMI a USB mohou u\u017eivatel\u00e9 rychle shroma\u017e\u010fovat data z ter\u00e9nu a synchronizovat je s daty v centr\u00e1le, co\u017e umo\u017e\u0148uje vytv\u00e1\u0159en\u00ed zpr\u00e1v a anal\u00fdzu v re\u00e1ln\u00e9m \u010dase. Integrovan\u00e9 porty pogo zaji\u0161\u0165uj\u00ed snadn\u00e9 nab\u00edjen\u00ed p\u0159i kontaktu a usnad\u0148uj\u00ed vyjmut\u00ed tabletu jednou rukou.\" \/>\n<meta property=\"og:url\" content=\"https:\/\/alegerglobal.com\/cs\/shop-cs\/prislusenstvi\/kancelarsky-dok-getac\/\" \/>\n<meta property=\"og:site_name\" content=\"ALEGER \u22c6 Augmented Reality\" \/>\n<meta property=\"og:image\" content=\"https:\/\/alegerglobal.com\/wp-content\/uploads\/2021\/02\/Unbenannt-119.jpg\" \/>\n\t<meta property=\"og:image:width\" content=\"800\" \/>\n\t<meta property=\"og:image:height\" content=\"800\" \/>\n\t<meta property=\"og:image:type\" content=\"image\/jpeg\" \/>\n<meta name=\"twitter:card\" content=\"summary_large_image\" \/>\n<meta name=\"twitter:label1\" content=\"Cena\" \/>\n\t<meta name=\"twitter:data1\" content=\"&euro;274,99\" \/>\n\t<meta name=\"twitter:label2\" content=\"Dostupnost\" \/>\n\t<meta name=\"twitter:data2\" content=\"Skladem\" \/>\n<script type=\"application\/ld+json\" class=\"yoast-schema-graph\">{\"@context\":\"https:\/\/schema.org\",\"@graph\":[{\"@type\":\"WebPage\",\"@id\":\"https:\/\/alegerglobal.com\/cs\/shop-cs\/prislusenstvi\/kancelarsky-dok-getac\/\",\"url\":\"https:\/\/alegerglobal.com\/cs\/shop-cs\/prislusenstvi\/kancelarsky-dok-getac\/\",\"name\":\"- ALEGER \u22c6 Augmented Reality\",\"isPartOf\":{\"@id\":\"https:\/\/alegerglobal.com\/cs\/#website\"},\"primaryImageOfPage\":{\"@id\":\"https:\/\/alegerglobal.com\/cs\/shop-cs\/prislusenstvi\/kancelarsky-dok-getac\/#primaryimage\"},\"image\":{\"@id\":\"https:\/\/alegerglobal.com\/cs\/shop-cs\/prislusenstvi\/kancelarsky-dok-getac\/#primaryimage\"},\"thumbnailUrl\":\"https:\/\/alegerglobal.com\/wp-content\/uploads\/2021\/02\/Unbenannt-119.jpg\",\"datePublished\":\"2022-05-19T07:58:29+00:00\",\"dateModified\":\"2022-05-19T07:58:29+00:00\",\"breadcrumb\":{\"@id\":\"https:\/\/alegerglobal.com\/cs\/shop-cs\/prislusenstvi\/kancelarsky-dok-getac\/#breadcrumb\"},\"inLanguage\":\"cs\",\"potentialAction\":[{\"@type\":\"ReadAction\",\"target\":[\"https:\/\/alegerglobal.com\/cs\/shop-cs\/prislusenstvi\/kancelarsky-dok-getac\/\"]}]},{\"@type\":\"ImageObject\",\"inLanguage\":\"cs\",\"@id\":\"https:\/\/alegerglobal.com\/cs\/shop-cs\/prislusenstvi\/kancelarsky-dok-getac\/#primaryimage\",\"url\":\"https:\/\/alegerglobal.com\/wp-content\/uploads\/2021\/02\/Unbenannt-119.jpg\",\"contentUrl\":\"https:\/\/alegerglobal.com\/wp-content\/uploads\/2021\/02\/Unbenannt-119.jpg\",\"width\":800,\"height\":800},{\"@type\":\"BreadcrumbList\",\"@id\":\"https:\/\/alegerglobal.com\/cs\/shop-cs\/prislusenstvi\/kancelarsky-dok-getac\/#breadcrumb\",\"itemListElement\":[{\"@type\":\"ListItem\",\"position\":1,\"name\":\"Home\",\"item\":\"https:\/\/alegerglobal.com\/cs\/novinka-domovska-stranka\/\"},{\"@type\":\"ListItem\",\"position\":2,\"name\":\"Produkty\",\"item\":\"https:\/\/alegerglobal.com\/cs\/produkty\/\"},{\"@type\":\"ListItem\",\"position\":3,\"name\":\"KANCEL\u00c1\u0158SK\u00dd DOK GETAC\"}]},{\"@type\":\"WebSite\",\"@id\":\"https:\/\/alegerglobal.com\/cs\/#website\",\"url\":\"https:\/\/alegerglobal.com\/cs\/\",\"name\":\"ALEGER \u22c6 Augmented Reality\",\"description\":\"Die besten Augmented Reality (AR) L\u00f6sungen der Welt.\",\"publisher\":{\"@id\":\"https:\/\/alegerglobal.com\/cs\/#organization\"},\"potentialAction\":[{\"@type\":\"SearchAction\",\"target\":{\"@type\":\"EntryPoint\",\"urlTemplate\":\"https:\/\/alegerglobal.com\/cs\/?s={search_term_string}\"},\"query-input\":{\"@type\":\"PropertyValueSpecification\",\"valueRequired\":true,\"valueName\":\"search_term_string\"}}],\"inLanguage\":\"cs\"},{\"@type\":\"Organization\",\"@id\":\"https:\/\/alegerglobal.com\/cs\/#organization\",\"name\":\"ALEGER \u22c6 Augmented Reality\",\"url\":\"https:\/\/alegerglobal.com\/cs\/\",\"logo\":{\"@type\":\"ImageObject\",\"inLanguage\":\"cs\",\"@id\":\"https:\/\/alegerglobal.com\/cs\/#\/schema\/logo\/image\/\",\"url\":\"https:\/\/alegerglobal.com\/wp-content\/uploads\/2020\/12\/aleger-logo-quadrat.jpg\",\"contentUrl\":\"https:\/\/alegerglobal.com\/wp-content\/uploads\/2020\/12\/aleger-logo-quadrat.jpg\",\"width\":200,\"height\":176,\"caption\":\"ALEGER \u22c6 Augmented Reality\"},\"image\":{\"@id\":\"https:\/\/alegerglobal.com\/cs\/#\/schema\/logo\/image\/\"}}]}<\/script>\n<meta property=\"product:brand\" content=\"Getac\" \/>\n<meta property=\"product:price:amount\" content=\"274.99\" \/>\n<meta property=\"product:price:currency\" content=\"EUR\" \/>\n<meta property=\"og:availability\" content=\"instock\" \/>\n<meta property=\"product:availability\" content=\"instock\" \/>\n<meta property=\"product:condition\" content=\"new\" \/>\n<!-- \/ Yoast SEO Premium plugin. -->","yoast_head_json":{"title":"- ALEGER \u22c6 Augmented Reality","robots":{"index":"index","follow":"follow","max-snippet":"max-snippet:-1","max-image-preview":"max-image-preview:large","max-video-preview":"max-video-preview:-1"},"og_locale":"cs_CZ","og_type":"article","og_title":"KANCEL\u00c1\u0158SK\u00dd DOK GETAC","og_description":"Kancel\u00e1\u0159sk\u00e1 dokovac\u00ed stanice Getac nab\u00edz\u00ed \u0159adu vstupn\u00edch\/v\u00fdstupn\u00edch port\u016f pro p\u0159ipojen\u00ed kl\u00ed\u010dov\u00fdch perifern\u00edch za\u0159\u00edzen\u00ed k za\u0159\u00edzen\u00edm v kancel\u00e1\u0159i. D\u00edky vestav\u011bn\u00fdm rozhran\u00edm Ethernet, HDMI a USB mohou u\u017eivatel\u00e9 rychle shroma\u017e\u010fovat data z ter\u00e9nu a synchronizovat je s daty v centr\u00e1le, co\u017e umo\u017e\u0148uje vytv\u00e1\u0159en\u00ed zpr\u00e1v a anal\u00fdzu v re\u00e1ln\u00e9m \u010dase. Integrovan\u00e9 porty pogo zaji\u0161\u0165uj\u00ed snadn\u00e9 nab\u00edjen\u00ed p\u0159i kontaktu a usnad\u0148uj\u00ed vyjmut\u00ed tabletu jednou rukou.","og_url":"https:\/\/alegerglobal.com\/cs\/shop-cs\/prislusenstvi\/kancelarsky-dok-getac\/","og_site_name":"ALEGER \u22c6 Augmented Reality","og_image":[{"width":800,"height":800,"url":"https:\/\/alegerglobal.com\/wp-content\/uploads\/2021\/02\/Unbenannt-119.jpg","type":"image\/jpeg"}],"twitter_card":"summary_large_image","twitter_misc":{"Cena":"&euro;274,99","Dostupnost":"Skladem"},"schema":{"@context":"https:\/\/schema.org","@graph":[{"@type":"WebPage","@id":"https:\/\/alegerglobal.com\/cs\/shop-cs\/prislusenstvi\/kancelarsky-dok-getac\/","url":"https:\/\/alegerglobal.com\/cs\/shop-cs\/prislusenstvi\/kancelarsky-dok-getac\/","name":"- ALEGER \u22c6 Augmented Reality","isPartOf":{"@id":"https:\/\/alegerglobal.com\/cs\/#website"},"primaryImageOfPage":{"@id":"https:\/\/alegerglobal.com\/cs\/shop-cs\/prislusenstvi\/kancelarsky-dok-getac\/#primaryimage"},"image":{"@id":"https:\/\/alegerglobal.com\/cs\/shop-cs\/prislusenstvi\/kancelarsky-dok-getac\/#primaryimage"},"thumbnailUrl":"https:\/\/alegerglobal.com\/wp-content\/uploads\/2021\/02\/Unbenannt-119.jpg","datePublished":"2022-05-19T07:58:29+00:00","dateModified":"2022-05-19T07:58:29+00:00","breadcrumb":{"@id":"https:\/\/alegerglobal.com\/cs\/shop-cs\/prislusenstvi\/kancelarsky-dok-getac\/#breadcrumb"},"inLanguage":"cs","potentialAction":[{"@type":"ReadAction","target":["https:\/\/alegerglobal.com\/cs\/shop-cs\/prislusenstvi\/kancelarsky-dok-getac\/"]}]},{"@type":"ImageObject","inLanguage":"cs","@id":"https:\/\/alegerglobal.com\/cs\/shop-cs\/prislusenstvi\/kancelarsky-dok-getac\/#primaryimage","url":"https:\/\/alegerglobal.com\/wp-content\/uploads\/2021\/02\/Unbenannt-119.jpg","contentUrl":"https:\/\/alegerglobal.com\/wp-content\/uploads\/2021\/02\/Unbenannt-119.jpg","width":800,"height":800},{"@type":"BreadcrumbList","@id":"https:\/\/alegerglobal.com\/cs\/shop-cs\/prislusenstvi\/kancelarsky-dok-getac\/#breadcrumb","itemListElement":[{"@type":"ListItem","position":1,"name":"Home","item":"https:\/\/alegerglobal.com\/cs\/novinka-domovska-stranka\/"},{"@type":"ListItem","position":2,"name":"Produkty","item":"https:\/\/alegerglobal.com\/cs\/produkty\/"},{"@type":"ListItem","position":3,"name":"KANCEL\u00c1\u0158SK\u00dd DOK GETAC"}]},{"@type":"WebSite","@id":"https:\/\/alegerglobal.com\/cs\/#website","url":"https:\/\/alegerglobal.com\/cs\/","name":"ALEGER \u22c6 Augmented Reality","description":"Die besten Augmented Reality (AR) L\u00f6sungen der Welt.","publisher":{"@id":"https:\/\/alegerglobal.com\/cs\/#organization"},"potentialAction":[{"@type":"SearchAction","target":{"@type":"EntryPoint","urlTemplate":"https:\/\/alegerglobal.com\/cs\/?s={search_term_string}"},"query-input":{"@type":"PropertyValueSpecification","valueRequired":true,"valueName":"search_term_string"}}],"inLanguage":"cs"},{"@type":"Organization","@id":"https:\/\/alegerglobal.com\/cs\/#organization","name":"ALEGER \u22c6 Augmented Reality","url":"https:\/\/alegerglobal.com\/cs\/","logo":{"@type":"ImageObject","inLanguage":"cs","@id":"https:\/\/alegerglobal.com\/cs\/#\/schema\/logo\/image\/","url":"https:\/\/alegerglobal.com\/wp-content\/uploads\/2020\/12\/aleger-logo-quadrat.jpg","contentUrl":"https:\/\/alegerglobal.com\/wp-content\/uploads\/2020\/12\/aleger-logo-quadrat.jpg","width":200,"height":176,"caption":"ALEGER \u22c6 Augmented Reality"},"image":{"@id":"https:\/\/alegerglobal.com\/cs\/#\/schema\/logo\/image\/"}}]},"product_brand":"Getac","product_price_amount":"274.99","product_price_currency":"EUR","og_availability":"instock","product_availability":"instock","product_condition":"new"},"_links":{"self":[{"href":"https:\/\/alegerglobal.com\/cs\/wp-json\/wp\/v2\/product\/34929","targetHints":{"allow":["GET"]}}],"collection":[{"href":"https:\/\/alegerglobal.com\/cs\/wp-json\/wp\/v2\/product"}],"about":[{"href":"https:\/\/alegerglobal.com\/cs\/wp-json\/wp\/v2\/types\/product"}],"replies":[{"embeddable":true,"href":"https:\/\/alegerglobal.com\/cs\/wp-json\/wp\/v2\/comments?post=34929"}],"version-history":[{"count":1,"href":"https:\/\/alegerglobal.com\/cs\/wp-json\/wp\/v2\/product\/34929\/revisions"}],"predecessor-version":[{"id":34930,"href":"https:\/\/alegerglobal.com\/cs\/wp-json\/wp\/v2\/product\/34929\/revisions\/34930"}],"wp:featuredmedia":[{"embeddable":true,"href":"https:\/\/alegerglobal.com\/cs\/wp-json\/wp\/v2\/media\/13032"}],"wp:attachment":[{"href":"https:\/\/alegerglobal.com\/cs\/wp-json\/wp\/v2\/media?parent=34929"}],"wp:term":[{"taxonomy":"product_brand","embeddable":true,"href":"https:\/\/alegerglobal.com\/cs\/wp-json\/wp\/v2\/product_brand?post=34929"},{"taxonomy":"product_cat","embeddable":true,"href":"https:\/\/alegerglobal.com\/cs\/wp-json\/wp\/v2\/product_cat?post=34929"},{"taxonomy":"product_tag","embeddable":true,"href":"https:\/\/alegerglobal.com\/cs\/wp-json\/wp\/v2\/product_tag?post=34929"}],"curies":[{"name":"wp","href":"https:\/\/api.w.org\/{rel}","templated":true}]}}