{"id":34906,"date":"2021-02-04T06:18:23","date_gmt":"2022-05-19T07:53:31","guid":{"rendered":"https:\/\/alegerglobal.com\/nezarazene\/dokovaci-stanice-pro-voziky-a140\/"},"modified":"2022-05-19T08:53:32","modified_gmt":"2022-05-19T07:53:32","slug":"dokovaci-stanice-pro-voziky-a140","status":"publish","type":"product","link":"https:\/\/alegerglobal.com\/cs\/shop-cs\/prislusenstvi\/dokovaci-stanice-pro-voziky-a140\/","title":{"rendered":"DOKOVAC\u00cd STANICE PRO VOZ\u00cdKY A140"},"content":{"rendered":"\t\t<div data-elementor-type=\"product-post\" data-elementor-id=\"34906\" class=\"elementor elementor-34906 elementor-4108\" data-elementor-settings=\"{&quot;ha_cmc_init_switcher&quot;:&quot;no&quot;}\" data-elementor-post-type=\"product\">\n\t\t\t\t\t\t<section class=\"elementor-section elementor-top-section elementor-element elementor-element-16ae96e elementor-section-boxed elementor-section-height-default elementor-section-height-default\" data-id=\"16ae96e\" data-element_type=\"section\" data-settings=\"{&quot;jet_parallax_layout_list&quot;:[],&quot;_ha_eqh_enable&quot;:false}\">\n\t\t\t\t\t\t<div class=\"elementor-container elementor-column-gap-default\">\n\t\t\t\t\t<div class=\"elementor-column elementor-col-100 elementor-top-column elementor-element elementor-element-b8bc8b5\" data-id=\"b8bc8b5\" data-element_type=\"column\">\n\t\t\t<div class=\"elementor-widget-wrap elementor-element-populated\">\n\t\t\t\t\t\t<div class=\"elementor-element elementor-element-561341f elementor-widget elementor-widget-text-editor\" data-id=\"561341f\" data-element_type=\"widget\" data-widget_type=\"text-editor.default\">\n\t\t\t\t<div class=\"elementor-widget-container\">\n\t\t\t\t\t\t\t\t\t<p><strong>Informace o v\u00fdrobku<\/strong><\/p><p>S\u00e9riov\u00fd port x 1<\/p><p>Display Port x 1<\/p><p>Mikrofon x 1<\/p><p>Zvukov\u00fd v\u00fdstup x 1<\/p><p>Z\u00e1suvka DC x 1<\/p><p>USB x 3<\/p><p>LAN x 1<\/p><p>HDMI x 1<\/p><p>Port tisk\u00e1rny x 1<\/p><p>* se s\u00ed\u0165ov\u00fdm adapt\u00e9rem 90 W<\/p><p> <\/p><p><strong>ID SKU<\/strong><\/p><p>ID SKU: GDOF*U<\/p><p>* EU = E, US = U, UK = K, AU = A,<\/p><p>CHN = C, TW = T &#8211; S\u00ed\u0165ov\u00fd kabel<\/p>\t\t\t\t\t\t\t\t<\/div>\n\t\t\t\t<\/div>\n\t\t\t\t\t<\/div>\n\t\t<\/div>\n\t\t\t\t\t<\/div>\n\t\t<\/section>\n\t\t\t\t<\/div>\n\t\t","protected":false},"excerpt":{"rendered":"<p>Dokovac\u00ed stanice na voz\u00edku A140 duplikuje v\u011bt\u0161inu p\u0159ipojen\u00ed po\u010d\u00edta\u010de a poskytuje tak\u00e9 dal\u0161\u00ed porty pro.<br \/>\nDispozice. P\u0159ipojte v\u0161echna perifern\u00ed za\u0159\u00edzen\u00ed, jako je kl\u00e1vesnice, my\u0161, monitor a tisk\u00e1rna, ke kancel\u00e1\u0159sk\u00e9mu doku a vytvo\u0159te si pohodln\u00fd pracovn\u00ed prostor na stole nebo v diagnostick\u00e9m prost\u0159ed\u00ed. Nastaviteln\u00fd z\u00e1mek tak\u00e9 umo\u017e\u0148uje v\u00edce \u00fahl\u016f pohledu p\u0159i pr\u00e1ci s po\u010d\u00edta\u010dem A140.<br \/>\nTento produkt se skl\u00e1d\u00e1 z dokovac\u00ed z\u00e1kladny a adapt\u00e9ru. Ob\u011b za\u0159\u00edzen\u00ed by m\u011bla b\u00fdt p\u0159ed pou\u017eit\u00edm sestavena.<\/p>\n","protected":false},"featured_media":13070,"comment_status":"open","ping_status":"closed","template":"","meta":{"_acf_changed":false},"product_brand":[],"product_cat":[1529,1516],"product_tag":[],"class_list":{"0":"post-34906","1":"product","2":"type-product","3":"status-publish","4":"has-post-thumbnail","6":"product_cat-prislusenstvi","7":"product_cat-shop-cs","8":"pa_hersteller-getac-cs","10":"first","11":"instock","12":"taxable","13":"shipping-taxable","14":"purchasable","15":"product-type-simple"},"acf":[],"yoast_head":"<!-- This site is optimized with the Yoast SEO Premium plugin v20.10 (Yoast SEO v24.3) - https:\/\/yoast.com\/wordpress\/plugins\/seo\/ -->\n<title>- ALEGER \u22c6 Augmented Reality<\/title>\n<meta name=\"robots\" content=\"index, follow, max-snippet:-1, max-image-preview:large, max-video-preview:-1\" \/>\n<meta property=\"og:locale\" content=\"cs_CZ\" \/>\n<meta property=\"og:type\" content=\"article\" \/>\n<meta property=\"og:title\" content=\"DOKOVAC\u00cd STANICE PRO VOZ\u00cdKY A140\" \/>\n<meta property=\"og:description\" content=\"Dokovac\u00ed stanice na voz\u00edku A140 duplikuje v\u011bt\u0161inu p\u0159ipojen\u00ed po\u010d\u00edta\u010de a poskytuje tak\u00e9 dal\u0161\u00ed porty pro. Dispozice. P\u0159ipojte v\u0161echna perifern\u00ed za\u0159\u00edzen\u00ed, jako je kl\u00e1vesnice, my\u0161, monitor a tisk\u00e1rna, ke kancel\u00e1\u0159sk\u00e9mu doku a vytvo\u0159te si pohodln\u00fd pracovn\u00ed prostor na stole nebo v diagnostick\u00e9m prost\u0159ed\u00ed. Nastaviteln\u00fd z\u00e1mek tak\u00e9 umo\u017e\u0148uje v\u00edce \u00fahl\u016f pohledu p\u0159i pr\u00e1ci s po\u010d\u00edta\u010dem A140. Tento produkt se skl\u00e1d\u00e1 z dokovac\u00ed z\u00e1kladny a adapt\u00e9ru. Ob\u011b za\u0159\u00edzen\u00ed by m\u011bla b\u00fdt p\u0159ed pou\u017eit\u00edm sestavena.\" \/>\n<meta property=\"og:url\" content=\"https:\/\/alegerglobal.com\/cs\/shop-cs\/prislusenstvi\/dokovaci-stanice-pro-voziky-a140\/\" \/>\n<meta property=\"og:site_name\" content=\"ALEGER \u22c6 Augmented Reality\" \/>\n<meta property=\"article:modified_time\" content=\"2022-05-19T07:53:32+00:00\" \/>\n<meta property=\"og:image\" content=\"https:\/\/alegerglobal.com\/wp-content\/uploads\/2021\/02\/Unbenannt-132.jpg\" \/>\n\t<meta property=\"og:image:width\" content=\"800\" \/>\n\t<meta property=\"og:image:height\" content=\"800\" \/>\n\t<meta property=\"og:image:type\" content=\"image\/jpeg\" \/>\n<meta name=\"twitter:card\" content=\"summary_large_image\" \/>\n<meta name=\"twitter:label1\" content=\"Cena\" \/>\n\t<meta name=\"twitter:data1\" content=\"&euro;908,99\" \/>\n\t<meta name=\"twitter:label2\" content=\"Dostupnost\" \/>\n\t<meta name=\"twitter:data2\" content=\"Skladem\" \/>\n<script type=\"application\/ld+json\" class=\"yoast-schema-graph\">{\"@context\":\"https:\/\/schema.org\",\"@graph\":[{\"@type\":\"WebPage\",\"@id\":\"https:\/\/alegerglobal.com\/cs\/shop-cs\/prislusenstvi\/dokovaci-stanice-pro-voziky-a140\/\",\"url\":\"https:\/\/alegerglobal.com\/cs\/shop-cs\/prislusenstvi\/dokovaci-stanice-pro-voziky-a140\/\",\"name\":\"- ALEGER \u22c6 Augmented Reality\",\"isPartOf\":{\"@id\":\"https:\/\/alegerglobal.com\/cs\/#website\"},\"primaryImageOfPage\":{\"@id\":\"https:\/\/alegerglobal.com\/cs\/shop-cs\/prislusenstvi\/dokovaci-stanice-pro-voziky-a140\/#primaryimage\"},\"image\":{\"@id\":\"https:\/\/alegerglobal.com\/cs\/shop-cs\/prislusenstvi\/dokovaci-stanice-pro-voziky-a140\/#primaryimage\"},\"thumbnailUrl\":\"https:\/\/alegerglobal.com\/wp-content\/uploads\/2021\/02\/Unbenannt-132.jpg\",\"datePublished\":\"2022-05-19T07:53:31+00:00\",\"dateModified\":\"2022-05-19T07:53:32+00:00\",\"breadcrumb\":{\"@id\":\"https:\/\/alegerglobal.com\/cs\/shop-cs\/prislusenstvi\/dokovaci-stanice-pro-voziky-a140\/#breadcrumb\"},\"inLanguage\":\"cs\",\"potentialAction\":[{\"@type\":\"ReadAction\",\"target\":[\"https:\/\/alegerglobal.com\/cs\/shop-cs\/prislusenstvi\/dokovaci-stanice-pro-voziky-a140\/\"]}]},{\"@type\":\"ImageObject\",\"inLanguage\":\"cs\",\"@id\":\"https:\/\/alegerglobal.com\/cs\/shop-cs\/prislusenstvi\/dokovaci-stanice-pro-voziky-a140\/#primaryimage\",\"url\":\"https:\/\/alegerglobal.com\/wp-content\/uploads\/2021\/02\/Unbenannt-132.jpg\",\"contentUrl\":\"https:\/\/alegerglobal.com\/wp-content\/uploads\/2021\/02\/Unbenannt-132.jpg\",\"width\":800,\"height\":800},{\"@type\":\"BreadcrumbList\",\"@id\":\"https:\/\/alegerglobal.com\/cs\/shop-cs\/prislusenstvi\/dokovaci-stanice-pro-voziky-a140\/#breadcrumb\",\"itemListElement\":[{\"@type\":\"ListItem\",\"position\":1,\"name\":\"Home\",\"item\":\"https:\/\/alegerglobal.com\/cs\/novinka-domovska-stranka\/\"},{\"@type\":\"ListItem\",\"position\":2,\"name\":\"Produkty\",\"item\":\"https:\/\/alegerglobal.com\/cs\/produkty\/\"},{\"@type\":\"ListItem\",\"position\":3,\"name\":\"DOKOVAC\u00cd STANICE PRO VOZ\u00cdKY A140\"}]},{\"@type\":\"WebSite\",\"@id\":\"https:\/\/alegerglobal.com\/cs\/#website\",\"url\":\"https:\/\/alegerglobal.com\/cs\/\",\"name\":\"ALEGER \u22c6 Augmented Reality\",\"description\":\"Die besten Augmented Reality (AR) L\u00f6sungen der Welt.\",\"publisher\":{\"@id\":\"https:\/\/alegerglobal.com\/cs\/#organization\"},\"potentialAction\":[{\"@type\":\"SearchAction\",\"target\":{\"@type\":\"EntryPoint\",\"urlTemplate\":\"https:\/\/alegerglobal.com\/cs\/?s={search_term_string}\"},\"query-input\":{\"@type\":\"PropertyValueSpecification\",\"valueRequired\":true,\"valueName\":\"search_term_string\"}}],\"inLanguage\":\"cs\"},{\"@type\":\"Organization\",\"@id\":\"https:\/\/alegerglobal.com\/cs\/#organization\",\"name\":\"ALEGER \u22c6 Augmented Reality\",\"url\":\"https:\/\/alegerglobal.com\/cs\/\",\"logo\":{\"@type\":\"ImageObject\",\"inLanguage\":\"cs\",\"@id\":\"https:\/\/alegerglobal.com\/cs\/#\/schema\/logo\/image\/\",\"url\":\"https:\/\/alegerglobal.com\/wp-content\/uploads\/2020\/12\/aleger-logo-quadrat.jpg\",\"contentUrl\":\"https:\/\/alegerglobal.com\/wp-content\/uploads\/2020\/12\/aleger-logo-quadrat.jpg\",\"width\":200,\"height\":176,\"caption\":\"ALEGER \u22c6 Augmented Reality\"},\"image\":{\"@id\":\"https:\/\/alegerglobal.com\/cs\/#\/schema\/logo\/image\/\"}}]}<\/script>\n<meta property=\"product:brand\" content=\"Getac\" \/>\n<meta property=\"product:price:amount\" content=\"908.99\" \/>\n<meta property=\"product:price:currency\" content=\"EUR\" \/>\n<meta property=\"og:availability\" content=\"instock\" \/>\n<meta property=\"product:availability\" content=\"instock\" \/>\n<meta property=\"product:condition\" content=\"new\" \/>\n<!-- \/ Yoast SEO Premium plugin. -->","yoast_head_json":{"title":"- ALEGER \u22c6 Augmented Reality","robots":{"index":"index","follow":"follow","max-snippet":"max-snippet:-1","max-image-preview":"max-image-preview:large","max-video-preview":"max-video-preview:-1"},"og_locale":"cs_CZ","og_type":"article","og_title":"DOKOVAC\u00cd STANICE PRO VOZ\u00cdKY A140","og_description":"Dokovac\u00ed stanice na voz\u00edku A140 duplikuje v\u011bt\u0161inu p\u0159ipojen\u00ed po\u010d\u00edta\u010de a poskytuje tak\u00e9 dal\u0161\u00ed porty pro. Dispozice. P\u0159ipojte v\u0161echna perifern\u00ed za\u0159\u00edzen\u00ed, jako je kl\u00e1vesnice, my\u0161, monitor a tisk\u00e1rna, ke kancel\u00e1\u0159sk\u00e9mu doku a vytvo\u0159te si pohodln\u00fd pracovn\u00ed prostor na stole nebo v diagnostick\u00e9m prost\u0159ed\u00ed. Nastaviteln\u00fd z\u00e1mek tak\u00e9 umo\u017e\u0148uje v\u00edce \u00fahl\u016f pohledu p\u0159i pr\u00e1ci s po\u010d\u00edta\u010dem A140. Tento produkt se skl\u00e1d\u00e1 z dokovac\u00ed z\u00e1kladny a adapt\u00e9ru. Ob\u011b za\u0159\u00edzen\u00ed by m\u011bla b\u00fdt p\u0159ed pou\u017eit\u00edm sestavena.","og_url":"https:\/\/alegerglobal.com\/cs\/shop-cs\/prislusenstvi\/dokovaci-stanice-pro-voziky-a140\/","og_site_name":"ALEGER \u22c6 Augmented Reality","article_modified_time":"2022-05-19T07:53:32+00:00","og_image":[{"width":800,"height":800,"url":"https:\/\/alegerglobal.com\/wp-content\/uploads\/2021\/02\/Unbenannt-132.jpg","type":"image\/jpeg"}],"twitter_card":"summary_large_image","twitter_misc":{"Cena":"&euro;908,99","Dostupnost":"Skladem"},"schema":{"@context":"https:\/\/schema.org","@graph":[{"@type":"WebPage","@id":"https:\/\/alegerglobal.com\/cs\/shop-cs\/prislusenstvi\/dokovaci-stanice-pro-voziky-a140\/","url":"https:\/\/alegerglobal.com\/cs\/shop-cs\/prislusenstvi\/dokovaci-stanice-pro-voziky-a140\/","name":"- ALEGER \u22c6 Augmented Reality","isPartOf":{"@id":"https:\/\/alegerglobal.com\/cs\/#website"},"primaryImageOfPage":{"@id":"https:\/\/alegerglobal.com\/cs\/shop-cs\/prislusenstvi\/dokovaci-stanice-pro-voziky-a140\/#primaryimage"},"image":{"@id":"https:\/\/alegerglobal.com\/cs\/shop-cs\/prislusenstvi\/dokovaci-stanice-pro-voziky-a140\/#primaryimage"},"thumbnailUrl":"https:\/\/alegerglobal.com\/wp-content\/uploads\/2021\/02\/Unbenannt-132.jpg","datePublished":"2022-05-19T07:53:31+00:00","dateModified":"2022-05-19T07:53:32+00:00","breadcrumb":{"@id":"https:\/\/alegerglobal.com\/cs\/shop-cs\/prislusenstvi\/dokovaci-stanice-pro-voziky-a140\/#breadcrumb"},"inLanguage":"cs","potentialAction":[{"@type":"ReadAction","target":["https:\/\/alegerglobal.com\/cs\/shop-cs\/prislusenstvi\/dokovaci-stanice-pro-voziky-a140\/"]}]},{"@type":"ImageObject","inLanguage":"cs","@id":"https:\/\/alegerglobal.com\/cs\/shop-cs\/prislusenstvi\/dokovaci-stanice-pro-voziky-a140\/#primaryimage","url":"https:\/\/alegerglobal.com\/wp-content\/uploads\/2021\/02\/Unbenannt-132.jpg","contentUrl":"https:\/\/alegerglobal.com\/wp-content\/uploads\/2021\/02\/Unbenannt-132.jpg","width":800,"height":800},{"@type":"BreadcrumbList","@id":"https:\/\/alegerglobal.com\/cs\/shop-cs\/prislusenstvi\/dokovaci-stanice-pro-voziky-a140\/#breadcrumb","itemListElement":[{"@type":"ListItem","position":1,"name":"Home","item":"https:\/\/alegerglobal.com\/cs\/novinka-domovska-stranka\/"},{"@type":"ListItem","position":2,"name":"Produkty","item":"https:\/\/alegerglobal.com\/cs\/produkty\/"},{"@type":"ListItem","position":3,"name":"DOKOVAC\u00cd STANICE PRO VOZ\u00cdKY A140"}]},{"@type":"WebSite","@id":"https:\/\/alegerglobal.com\/cs\/#website","url":"https:\/\/alegerglobal.com\/cs\/","name":"ALEGER \u22c6 Augmented Reality","description":"Die besten Augmented Reality (AR) L\u00f6sungen der Welt.","publisher":{"@id":"https:\/\/alegerglobal.com\/cs\/#organization"},"potentialAction":[{"@type":"SearchAction","target":{"@type":"EntryPoint","urlTemplate":"https:\/\/alegerglobal.com\/cs\/?s={search_term_string}"},"query-input":{"@type":"PropertyValueSpecification","valueRequired":true,"valueName":"search_term_string"}}],"inLanguage":"cs"},{"@type":"Organization","@id":"https:\/\/alegerglobal.com\/cs\/#organization","name":"ALEGER \u22c6 Augmented Reality","url":"https:\/\/alegerglobal.com\/cs\/","logo":{"@type":"ImageObject","inLanguage":"cs","@id":"https:\/\/alegerglobal.com\/cs\/#\/schema\/logo\/image\/","url":"https:\/\/alegerglobal.com\/wp-content\/uploads\/2020\/12\/aleger-logo-quadrat.jpg","contentUrl":"https:\/\/alegerglobal.com\/wp-content\/uploads\/2020\/12\/aleger-logo-quadrat.jpg","width":200,"height":176,"caption":"ALEGER \u22c6 Augmented Reality"},"image":{"@id":"https:\/\/alegerglobal.com\/cs\/#\/schema\/logo\/image\/"}}]},"product_brand":"Getac","product_price_amount":"908.99","product_price_currency":"EUR","og_availability":"instock","product_availability":"instock","product_condition":"new"},"_links":{"self":[{"href":"https:\/\/alegerglobal.com\/cs\/wp-json\/wp\/v2\/product\/34906","targetHints":{"allow":["GET"]}}],"collection":[{"href":"https:\/\/alegerglobal.com\/cs\/wp-json\/wp\/v2\/product"}],"about":[{"href":"https:\/\/alegerglobal.com\/cs\/wp-json\/wp\/v2\/types\/product"}],"replies":[{"embeddable":true,"href":"https:\/\/alegerglobal.com\/cs\/wp-json\/wp\/v2\/comments?post=34906"}],"version-history":[{"count":1,"href":"https:\/\/alegerglobal.com\/cs\/wp-json\/wp\/v2\/product\/34906\/revisions"}],"predecessor-version":[{"id":34908,"href":"https:\/\/alegerglobal.com\/cs\/wp-json\/wp\/v2\/product\/34906\/revisions\/34908"}],"wp:featuredmedia":[{"embeddable":true,"href":"https:\/\/alegerglobal.com\/cs\/wp-json\/wp\/v2\/media\/13070"}],"wp:attachment":[{"href":"https:\/\/alegerglobal.com\/cs\/wp-json\/wp\/v2\/media?parent=34906"}],"wp:term":[{"taxonomy":"product_brand","embeddable":true,"href":"https:\/\/alegerglobal.com\/cs\/wp-json\/wp\/v2\/product_brand?post=34906"},{"taxonomy":"product_cat","embeddable":true,"href":"https:\/\/alegerglobal.com\/cs\/wp-json\/wp\/v2\/product_cat?post=34906"},{"taxonomy":"product_tag","embeddable":true,"href":"https:\/\/alegerglobal.com\/cs\/wp-json\/wp\/v2\/product_tag?post=34906"}],"curies":[{"name":"wp","href":"https:\/\/api.w.org\/{rel}","templated":true}]}}