{"id":34901,"date":"2021-02-04T09:44:59","date_gmt":"2022-05-19T07:53:29","guid":{"rendered":"https:\/\/alegerglobal.com\/nezarazene\/ramenni-popruh-4bodovy-f110\/"},"modified":"2022-05-19T08:53:32","modified_gmt":"2022-05-19T07:53:32","slug":"ramenni-popruh-4bodovy-f110","status":"publish","type":"product","link":"https:\/\/alegerglobal.com\/cs\/shop-cs\/prislusenstvi\/ramenni-popruh-4bodovy-f110\/","title":{"rendered":"ramenn\u00ed popruh 4bodov\u00fd F110"},"content":{"rendered":"\t\t<div data-elementor-type=\"product-post\" data-elementor-id=\"34901\" class=\"elementor elementor-34901 elementor-4185\" data-elementor-settings=\"{&quot;ha_cmc_init_switcher&quot;:&quot;no&quot;}\" data-elementor-post-type=\"product\">\n\t\t\t\t\t\t<section class=\"elementor-section elementor-top-section elementor-element elementor-element-3a2b7e5 elementor-section-boxed elementor-section-height-default elementor-section-height-default\" data-id=\"3a2b7e5\" data-element_type=\"section\" data-settings=\"{&quot;jet_parallax_layout_list&quot;:[],&quot;_ha_eqh_enable&quot;:false}\">\n\t\t\t\t\t\t<div class=\"elementor-container elementor-column-gap-default\">\n\t\t\t\t\t<div class=\"elementor-column elementor-col-100 elementor-top-column elementor-element elementor-element-732889d\" data-id=\"732889d\" data-element_type=\"column\">\n\t\t\t<div class=\"elementor-widget-wrap elementor-element-populated\">\n\t\t\t\t\t\t<div class=\"elementor-element elementor-element-a7676dd elementor-widget elementor-widget-text-editor\" data-id=\"a7676dd\" data-element_type=\"widget\" data-widget_type=\"text-editor.default\">\n\t\t\t\t<div class=\"elementor-widget-container\">\n\t\t\t\t\t\t\t\t\t<p><strong>Informace o v\u00fdrobku<\/strong><\/p><p>Rozm\u011bry: 480 x 260 mm<\/p><p>Z\u00e1kladn\u00ed materi\u00e1l: polyester<\/p><p>* Pro pou\u017eit\u00ed<\/p><p>Ramenn\u00ed postroj, kter\u00fd pot\u0159ebujete<\/p><p>dr\u017e\u00e1k s oto\u010dn\u00fdm<\/p><p>Nosn\u00fd popruh a stojan pro<\/p><p>F110 (prod\u00e1v\u00e1 se samostatn\u011b)<\/p><p> <\/p><p><strong>ID SKU<\/strong><\/p><p>ID SKU: GMS4X1<\/p>\t\t\t\t\t\t\t\t<\/div>\n\t\t\t\t<\/div>\n\t\t\t\t\t<\/div>\n\t\t<\/div>\n\t\t\t\t\t<\/div>\n\t\t<\/section>\n\t\t\t\t<\/div>\n\t\t","protected":false},"excerpt":{"rendered":"<p>Tento ramenn\u00ed popruh m\u00e1 \u010dty\u0159i karabiny, kter\u00e9 lze p\u0159ipevnit k D-krou\u017ek\u016fm ve \u010dty\u0159ech roz\u00edch &#8222;Dr\u017e\u00e1ku s oto\u010dn\u00fdm nosn\u00fdm popruhem a stojanem pro F110&#8220; (prod\u00e1v\u00e1 se samostatn\u011b) a lze jej tak\u00e9 snadno odejmout. D\u00edky tomu m\u016f\u017eete tablet p\u0159en\u00e1\u0161et bez pou\u017eit\u00ed rukou a d\u00edvat se na obrazovku a z\u00e1rove\u0148 pracovat ob\u011bma rukama. D\u00edky \u0161irok\u00e9mu, m\u011bkk\u00e9mu polstrov\u00e1n\u00ed a nastaviteln\u00fdm popruh\u016fm m\u016f\u017eete za\u0159\u00edzen\u00ed nosit v\u017edy pohodln\u011b s sebou.<\/p>\n","protected":false},"featured_media":13066,"comment_status":"open","ping_status":"closed","template":"","meta":{"_acf_changed":false},"product_brand":[],"product_cat":[1529,1516],"product_tag":[],"class_list":{"0":"post-34901","1":"product","2":"type-product","3":"status-publish","4":"has-post-thumbnail","6":"product_cat-prislusenstvi","7":"product_cat-shop-cs","8":"pa_hersteller-getac-cs","10":"first","11":"instock","12":"taxable","13":"shipping-taxable","14":"purchasable","15":"product-type-simple"},"acf":[],"yoast_head":"<!-- This site is optimized with the Yoast SEO Premium plugin v20.10 (Yoast SEO v24.3) - https:\/\/yoast.com\/wordpress\/plugins\/seo\/ -->\n<title>- ALEGER \u22c6 Augmented Reality<\/title>\n<meta name=\"robots\" content=\"index, follow, max-snippet:-1, max-image-preview:large, max-video-preview:-1\" \/>\n<meta property=\"og:locale\" content=\"cs_CZ\" \/>\n<meta property=\"og:type\" content=\"article\" \/>\n<meta property=\"og:title\" content=\"ramenn\u00ed popruh 4bodov\u00fd F110\" \/>\n<meta property=\"og:description\" content=\"Tento ramenn\u00ed popruh m\u00e1 \u010dty\u0159i karabiny, kter\u00e9 lze p\u0159ipevnit k D-krou\u017ek\u016fm ve \u010dty\u0159ech roz\u00edch &quot;Dr\u017e\u00e1ku s oto\u010dn\u00fdm nosn\u00fdm popruhem a stojanem pro F110&quot; (prod\u00e1v\u00e1 se samostatn\u011b) a lze jej tak\u00e9 snadno odejmout. D\u00edky tomu m\u016f\u017eete tablet p\u0159en\u00e1\u0161et bez pou\u017eit\u00ed rukou a d\u00edvat se na obrazovku a z\u00e1rove\u0148 pracovat ob\u011bma rukama. D\u00edky \u0161irok\u00e9mu, m\u011bkk\u00e9mu polstrov\u00e1n\u00ed a nastaviteln\u00fdm popruh\u016fm m\u016f\u017eete za\u0159\u00edzen\u00ed nosit v\u017edy pohodln\u011b s sebou.\" \/>\n<meta property=\"og:url\" content=\"https:\/\/alegerglobal.com\/cs\/shop-cs\/prislusenstvi\/ramenni-popruh-4bodovy-f110\/\" \/>\n<meta property=\"og:site_name\" content=\"ALEGER \u22c6 Augmented Reality\" \/>\n<meta property=\"article:modified_time\" content=\"2022-05-19T07:53:32+00:00\" \/>\n<meta property=\"og:image\" content=\"https:\/\/alegerglobal.com\/wp-content\/uploads\/2021\/02\/Unbenannt-128.jpg\" \/>\n\t<meta property=\"og:image:width\" content=\"800\" \/>\n\t<meta property=\"og:image:height\" content=\"800\" \/>\n\t<meta property=\"og:image:type\" content=\"image\/jpeg\" \/>\n<meta name=\"twitter:card\" content=\"summary_large_image\" \/>\n<meta name=\"twitter:label1\" content=\"Cena\" \/>\n\t<meta name=\"twitter:data1\" content=\"&euro;61,99\" \/>\n\t<meta name=\"twitter:label2\" content=\"Dostupnost\" \/>\n\t<meta name=\"twitter:data2\" content=\"Skladem\" \/>\n<script type=\"application\/ld+json\" class=\"yoast-schema-graph\">{\"@context\":\"https:\/\/schema.org\",\"@graph\":[{\"@type\":\"WebPage\",\"@id\":\"https:\/\/alegerglobal.com\/cs\/shop-cs\/prislusenstvi\/ramenni-popruh-4bodovy-f110\/\",\"url\":\"https:\/\/alegerglobal.com\/cs\/shop-cs\/prislusenstvi\/ramenni-popruh-4bodovy-f110\/\",\"name\":\"- ALEGER \u22c6 Augmented Reality\",\"isPartOf\":{\"@id\":\"https:\/\/alegerglobal.com\/cs\/#website\"},\"primaryImageOfPage\":{\"@id\":\"https:\/\/alegerglobal.com\/cs\/shop-cs\/prislusenstvi\/ramenni-popruh-4bodovy-f110\/#primaryimage\"},\"image\":{\"@id\":\"https:\/\/alegerglobal.com\/cs\/shop-cs\/prislusenstvi\/ramenni-popruh-4bodovy-f110\/#primaryimage\"},\"thumbnailUrl\":\"https:\/\/alegerglobal.com\/wp-content\/uploads\/2021\/02\/Unbenannt-128.jpg\",\"datePublished\":\"2022-05-19T07:53:29+00:00\",\"dateModified\":\"2022-05-19T07:53:32+00:00\",\"breadcrumb\":{\"@id\":\"https:\/\/alegerglobal.com\/cs\/shop-cs\/prislusenstvi\/ramenni-popruh-4bodovy-f110\/#breadcrumb\"},\"inLanguage\":\"cs\",\"potentialAction\":[{\"@type\":\"ReadAction\",\"target\":[\"https:\/\/alegerglobal.com\/cs\/shop-cs\/prislusenstvi\/ramenni-popruh-4bodovy-f110\/\"]}]},{\"@type\":\"ImageObject\",\"inLanguage\":\"cs\",\"@id\":\"https:\/\/alegerglobal.com\/cs\/shop-cs\/prislusenstvi\/ramenni-popruh-4bodovy-f110\/#primaryimage\",\"url\":\"https:\/\/alegerglobal.com\/wp-content\/uploads\/2021\/02\/Unbenannt-128.jpg\",\"contentUrl\":\"https:\/\/alegerglobal.com\/wp-content\/uploads\/2021\/02\/Unbenannt-128.jpg\",\"width\":800,\"height\":800},{\"@type\":\"BreadcrumbList\",\"@id\":\"https:\/\/alegerglobal.com\/cs\/shop-cs\/prislusenstvi\/ramenni-popruh-4bodovy-f110\/#breadcrumb\",\"itemListElement\":[{\"@type\":\"ListItem\",\"position\":1,\"name\":\"Home\",\"item\":\"https:\/\/alegerglobal.com\/cs\/novinka-domovska-stranka\/\"},{\"@type\":\"ListItem\",\"position\":2,\"name\":\"Produkty\",\"item\":\"https:\/\/alegerglobal.com\/cs\/produkty\/\"},{\"@type\":\"ListItem\",\"position\":3,\"name\":\"ramenn\u00ed popruh 4bodov\u00fd F110\"}]},{\"@type\":\"WebSite\",\"@id\":\"https:\/\/alegerglobal.com\/cs\/#website\",\"url\":\"https:\/\/alegerglobal.com\/cs\/\",\"name\":\"ALEGER \u22c6 Augmented Reality\",\"description\":\"Die besten Augmented Reality (AR) L\u00f6sungen der Welt.\",\"publisher\":{\"@id\":\"https:\/\/alegerglobal.com\/cs\/#organization\"},\"potentialAction\":[{\"@type\":\"SearchAction\",\"target\":{\"@type\":\"EntryPoint\",\"urlTemplate\":\"https:\/\/alegerglobal.com\/cs\/?s={search_term_string}\"},\"query-input\":{\"@type\":\"PropertyValueSpecification\",\"valueRequired\":true,\"valueName\":\"search_term_string\"}}],\"inLanguage\":\"cs\"},{\"@type\":\"Organization\",\"@id\":\"https:\/\/alegerglobal.com\/cs\/#organization\",\"name\":\"ALEGER \u22c6 Augmented Reality\",\"url\":\"https:\/\/alegerglobal.com\/cs\/\",\"logo\":{\"@type\":\"ImageObject\",\"inLanguage\":\"cs\",\"@id\":\"https:\/\/alegerglobal.com\/cs\/#\/schema\/logo\/image\/\",\"url\":\"https:\/\/alegerglobal.com\/wp-content\/uploads\/2020\/12\/aleger-logo-quadrat.jpg\",\"contentUrl\":\"https:\/\/alegerglobal.com\/wp-content\/uploads\/2020\/12\/aleger-logo-quadrat.jpg\",\"width\":200,\"height\":176,\"caption\":\"ALEGER \u22c6 Augmented Reality\"},\"image\":{\"@id\":\"https:\/\/alegerglobal.com\/cs\/#\/schema\/logo\/image\/\"}}]}<\/script>\n<meta property=\"product:brand\" content=\"Getac\" \/>\n<meta property=\"product:price:amount\" content=\"61.99\" \/>\n<meta property=\"product:price:currency\" content=\"EUR\" \/>\n<meta property=\"og:availability\" content=\"instock\" \/>\n<meta property=\"product:availability\" content=\"instock\" \/>\n<meta property=\"product:condition\" content=\"new\" \/>\n<!-- \/ Yoast SEO Premium plugin. -->","yoast_head_json":{"title":"- ALEGER \u22c6 Augmented Reality","robots":{"index":"index","follow":"follow","max-snippet":"max-snippet:-1","max-image-preview":"max-image-preview:large","max-video-preview":"max-video-preview:-1"},"og_locale":"cs_CZ","og_type":"article","og_title":"ramenn\u00ed popruh 4bodov\u00fd F110","og_description":"Tento ramenn\u00ed popruh m\u00e1 \u010dty\u0159i karabiny, kter\u00e9 lze p\u0159ipevnit k D-krou\u017ek\u016fm ve \u010dty\u0159ech roz\u00edch \"Dr\u017e\u00e1ku s oto\u010dn\u00fdm nosn\u00fdm popruhem a stojanem pro F110\" (prod\u00e1v\u00e1 se samostatn\u011b) a lze jej tak\u00e9 snadno odejmout. D\u00edky tomu m\u016f\u017eete tablet p\u0159en\u00e1\u0161et bez pou\u017eit\u00ed rukou a d\u00edvat se na obrazovku a z\u00e1rove\u0148 pracovat ob\u011bma rukama. D\u00edky \u0161irok\u00e9mu, m\u011bkk\u00e9mu polstrov\u00e1n\u00ed a nastaviteln\u00fdm popruh\u016fm m\u016f\u017eete za\u0159\u00edzen\u00ed nosit v\u017edy pohodln\u011b s sebou.","og_url":"https:\/\/alegerglobal.com\/cs\/shop-cs\/prislusenstvi\/ramenni-popruh-4bodovy-f110\/","og_site_name":"ALEGER \u22c6 Augmented Reality","article_modified_time":"2022-05-19T07:53:32+00:00","og_image":[{"width":800,"height":800,"url":"https:\/\/alegerglobal.com\/wp-content\/uploads\/2021\/02\/Unbenannt-128.jpg","type":"image\/jpeg"}],"twitter_card":"summary_large_image","twitter_misc":{"Cena":"&euro;61,99","Dostupnost":"Skladem"},"schema":{"@context":"https:\/\/schema.org","@graph":[{"@type":"WebPage","@id":"https:\/\/alegerglobal.com\/cs\/shop-cs\/prislusenstvi\/ramenni-popruh-4bodovy-f110\/","url":"https:\/\/alegerglobal.com\/cs\/shop-cs\/prislusenstvi\/ramenni-popruh-4bodovy-f110\/","name":"- ALEGER \u22c6 Augmented Reality","isPartOf":{"@id":"https:\/\/alegerglobal.com\/cs\/#website"},"primaryImageOfPage":{"@id":"https:\/\/alegerglobal.com\/cs\/shop-cs\/prislusenstvi\/ramenni-popruh-4bodovy-f110\/#primaryimage"},"image":{"@id":"https:\/\/alegerglobal.com\/cs\/shop-cs\/prislusenstvi\/ramenni-popruh-4bodovy-f110\/#primaryimage"},"thumbnailUrl":"https:\/\/alegerglobal.com\/wp-content\/uploads\/2021\/02\/Unbenannt-128.jpg","datePublished":"2022-05-19T07:53:29+00:00","dateModified":"2022-05-19T07:53:32+00:00","breadcrumb":{"@id":"https:\/\/alegerglobal.com\/cs\/shop-cs\/prislusenstvi\/ramenni-popruh-4bodovy-f110\/#breadcrumb"},"inLanguage":"cs","potentialAction":[{"@type":"ReadAction","target":["https:\/\/alegerglobal.com\/cs\/shop-cs\/prislusenstvi\/ramenni-popruh-4bodovy-f110\/"]}]},{"@type":"ImageObject","inLanguage":"cs","@id":"https:\/\/alegerglobal.com\/cs\/shop-cs\/prislusenstvi\/ramenni-popruh-4bodovy-f110\/#primaryimage","url":"https:\/\/alegerglobal.com\/wp-content\/uploads\/2021\/02\/Unbenannt-128.jpg","contentUrl":"https:\/\/alegerglobal.com\/wp-content\/uploads\/2021\/02\/Unbenannt-128.jpg","width":800,"height":800},{"@type":"BreadcrumbList","@id":"https:\/\/alegerglobal.com\/cs\/shop-cs\/prislusenstvi\/ramenni-popruh-4bodovy-f110\/#breadcrumb","itemListElement":[{"@type":"ListItem","position":1,"name":"Home","item":"https:\/\/alegerglobal.com\/cs\/novinka-domovska-stranka\/"},{"@type":"ListItem","position":2,"name":"Produkty","item":"https:\/\/alegerglobal.com\/cs\/produkty\/"},{"@type":"ListItem","position":3,"name":"ramenn\u00ed popruh 4bodov\u00fd F110"}]},{"@type":"WebSite","@id":"https:\/\/alegerglobal.com\/cs\/#website","url":"https:\/\/alegerglobal.com\/cs\/","name":"ALEGER \u22c6 Augmented Reality","description":"Die besten Augmented Reality (AR) L\u00f6sungen der Welt.","publisher":{"@id":"https:\/\/alegerglobal.com\/cs\/#organization"},"potentialAction":[{"@type":"SearchAction","target":{"@type":"EntryPoint","urlTemplate":"https:\/\/alegerglobal.com\/cs\/?s={search_term_string}"},"query-input":{"@type":"PropertyValueSpecification","valueRequired":true,"valueName":"search_term_string"}}],"inLanguage":"cs"},{"@type":"Organization","@id":"https:\/\/alegerglobal.com\/cs\/#organization","name":"ALEGER \u22c6 Augmented Reality","url":"https:\/\/alegerglobal.com\/cs\/","logo":{"@type":"ImageObject","inLanguage":"cs","@id":"https:\/\/alegerglobal.com\/cs\/#\/schema\/logo\/image\/","url":"https:\/\/alegerglobal.com\/wp-content\/uploads\/2020\/12\/aleger-logo-quadrat.jpg","contentUrl":"https:\/\/alegerglobal.com\/wp-content\/uploads\/2020\/12\/aleger-logo-quadrat.jpg","width":200,"height":176,"caption":"ALEGER \u22c6 Augmented Reality"},"image":{"@id":"https:\/\/alegerglobal.com\/cs\/#\/schema\/logo\/image\/"}}]},"product_brand":"Getac","product_price_amount":"61.99","product_price_currency":"EUR","og_availability":"instock","product_availability":"instock","product_condition":"new"},"_links":{"self":[{"href":"https:\/\/alegerglobal.com\/cs\/wp-json\/wp\/v2\/product\/34901","targetHints":{"allow":["GET"]}}],"collection":[{"href":"https:\/\/alegerglobal.com\/cs\/wp-json\/wp\/v2\/product"}],"about":[{"href":"https:\/\/alegerglobal.com\/cs\/wp-json\/wp\/v2\/types\/product"}],"replies":[{"embeddable":true,"href":"https:\/\/alegerglobal.com\/cs\/wp-json\/wp\/v2\/comments?post=34901"}],"version-history":[{"count":1,"href":"https:\/\/alegerglobal.com\/cs\/wp-json\/wp\/v2\/product\/34901\/revisions"}],"predecessor-version":[{"id":34903,"href":"https:\/\/alegerglobal.com\/cs\/wp-json\/wp\/v2\/product\/34901\/revisions\/34903"}],"wp:featuredmedia":[{"embeddable":true,"href":"https:\/\/alegerglobal.com\/cs\/wp-json\/wp\/v2\/media\/13066"}],"wp:attachment":[{"href":"https:\/\/alegerglobal.com\/cs\/wp-json\/wp\/v2\/media?parent=34901"}],"wp:term":[{"taxonomy":"product_brand","embeddable":true,"href":"https:\/\/alegerglobal.com\/cs\/wp-json\/wp\/v2\/product_brand?post=34901"},{"taxonomy":"product_cat","embeddable":true,"href":"https:\/\/alegerglobal.com\/cs\/wp-json\/wp\/v2\/product_cat?post=34901"},{"taxonomy":"product_tag","embeddable":true,"href":"https:\/\/alegerglobal.com\/cs\/wp-json\/wp\/v2\/product_tag?post=34901"}],"curies":[{"name":"wp","href":"https:\/\/api.w.org\/{rel}","templated":true}]}}