{"id":34895,"date":"2021-02-04T09:53:00","date_gmt":"2022-05-19T07:53:27","guid":{"rendered":"https:\/\/alegerglobal.com\/nezarazene\/drzak-s-otocnym-nosnym-popruhem-a-stojanem\/"},"modified":"2022-05-19T08:53:31","modified_gmt":"2022-05-19T07:53:31","slug":"drzak-s-otocnym-nosnym-popruhem-a-stojanem","status":"publish","type":"product","link":"https:\/\/alegerglobal.com\/cs\/shop-cs\/prislusenstvi\/drzak-s-otocnym-nosnym-popruhem-a-stojanem\/","title":{"rendered":"DR\u017d\u00c1K s oto\u010dn\u00fdm nosn\u00fdm popruhem a stojanem"},"content":{"rendered":"\t\t<div data-elementor-type=\"product-post\" data-elementor-id=\"34895\" class=\"elementor elementor-34895 elementor-4193\" data-elementor-settings=\"{&quot;ha_cmc_init_switcher&quot;:&quot;no&quot;}\" data-elementor-post-type=\"product\">\n\t\t\t\t\t\t<section class=\"elementor-section elementor-top-section elementor-element elementor-element-30c715c elementor-section-boxed elementor-section-height-default elementor-section-height-default\" data-id=\"30c715c\" data-element_type=\"section\" data-settings=\"{&quot;jet_parallax_layout_list&quot;:[],&quot;_ha_eqh_enable&quot;:false}\">\n\t\t\t\t\t\t<div class=\"elementor-container elementor-column-gap-default\">\n\t\t\t\t\t<div class=\"elementor-column elementor-col-100 elementor-top-column elementor-element elementor-element-2bdb12e\" data-id=\"2bdb12e\" data-element_type=\"column\">\n\t\t\t<div class=\"elementor-widget-wrap elementor-element-populated\">\n\t\t\t\t\t\t<div class=\"elementor-element elementor-element-b0ede75 elementor-widget elementor-widget-text-editor\" data-id=\"b0ede75\" data-element_type=\"widget\" data-widget_type=\"text-editor.default\">\n\t\t\t\t<div class=\"elementor-widget-container\">\n\t\t\t\t\t\t\t\t\t<p>.<\/p><p><strong>Informace o v\u00fdrobku<\/strong><\/p><p>Rozm\u011bry: P\u0159ibli\u017en\u011b.<\/p><p>D 315 x \u0160 195 x V 16 mm<\/p><p>Z\u00e1kladn\u00ed materi\u00e1l: polyuretan<\/p><p> <\/p><p><strong>ID SKU\/obr\u00e1zek produktu<\/strong><\/p><p>Proveden\u00ed dr\u017e\u00e1ku se li\u0161\u00ed v z\u00e1vislosti na konfiguraci tabletu. Z<\/p><p>N\u00e1sleduj\u00edc\u00ed seznam ukazuje, kter\u00e1 verze &#8222;z\u00e1vorky s<\/p><p>oto\u010dn\u00fd nosn\u00fd popruh a stojan&#8220; je kompatibiln\u00ed s jednotkou F110.<\/p>\t\t\t\t\t\t\t\t<\/div>\n\t\t\t\t<\/div>\n\t\t\t\t\t<\/div>\n\t\t<\/div>\n\t\t\t\t\t<\/div>\n\t\t<\/section>\n\t\t\t\t<section class=\"elementor-section elementor-top-section elementor-element elementor-element-f74838a elementor-section-boxed elementor-section-height-default elementor-section-height-default\" data-id=\"f74838a\" data-element_type=\"section\" data-settings=\"{&quot;jet_parallax_layout_list&quot;:[],&quot;_ha_eqh_enable&quot;:false}\">\n\t\t\t\t\t\t<div class=\"elementor-container elementor-column-gap-default\">\n\t\t\t\t\t<div class=\"elementor-column elementor-col-100 elementor-top-column elementor-element elementor-element-22f4cc3\" data-id=\"22f4cc3\" data-element_type=\"column\">\n\t\t\t<div class=\"elementor-widget-wrap elementor-element-populated\">\n\t\t\t\t\t\t<div class=\"elementor-element elementor-element-313f0dc elementor-widget elementor-widget-image\" data-id=\"313f0dc\" data-element_type=\"widget\" data-widget_type=\"image.default\">\n\t\t\t\t<div class=\"elementor-widget-container\">\n\t\t\t\t\t\t\t\t\t\t\t\t\t\t\t<img fetchpriority=\"high\" decoding=\"async\" width=\"768\" height=\"334\" src=\"https:\/\/alegerglobal.com\/wp-content\/uploads\/2021\/02\/2021-02-04-18-768x334.png\" class=\"attachment-medium_large size-medium_large wp-image-12655\" alt=\"\" srcset=\"https:\/\/alegerglobal.com\/wp-content\/uploads\/2021\/02\/2021-02-04-18-768x334.png 768w, https:\/\/alegerglobal.com\/wp-content\/uploads\/2021\/02\/2021-02-04-18-300x130.png 300w, https:\/\/alegerglobal.com\/wp-content\/uploads\/2021\/02\/2021-02-04-18-800x348.png 800w, https:\/\/alegerglobal.com\/wp-content\/uploads\/2021\/02\/2021-02-04-18.png 991w\" sizes=\"(max-width: 768px) 100vw, 768px\" \/>\t\t\t\t\t\t\t\t\t\t\t\t\t\t\t<\/div>\n\t\t\t\t<\/div>\n\t\t\t\t\t<\/div>\n\t\t<\/div>\n\t\t\t\t\t<\/div>\n\t\t<\/section>\n\t\t\t\t<\/div>\n\t\t","protected":false},"excerpt":{"rendered":"<p>Dr\u017e\u00e1k s oto\u010dn\u00fdm popruhem a stojanem pro F110 je k dispozici ve \u010dty\u0159ech r\u016fzn\u00fdch verz\u00edch. Ka\u017ed\u00e1 z verz\u00ed je ur\u010dena pro jednotky F110 s r\u016fzn\u00fdmi konfiguracemi. Nosn\u00fd popruh lze nastavit tak, aby vyhovoval prakticky v\u0161em velikostem rukou, a ot\u00e1\u010det jej o 360 stup\u0148\u016f. V\u017edy tak najdete ide\u00e1ln\u00ed pozorovac\u00ed \u00fahel. Sou\u010d\u00e1st\u00ed dod\u00e1vky je tak\u00e9 vestav\u011bn\u00fd stojan, kter\u00fd umo\u017e\u0148uje pou\u017e\u00edv\u00e1n\u00ed bez pou\u017eit\u00ed rukou na rovn\u00e9m povrchu. Sou\u010d\u00e1st\u00ed dr\u017e\u00e1k\u016f je dr\u017e\u00e1k na pero, do kter\u00e9ho m\u016f\u017eete ulo\u017eit stylus nebo digitiz\u00e9r, pokud jej nepou\u017e\u00edv\u00e1te.<br \/>\npou\u017eit\u00ed.<\/p>\n","protected":false},"featured_media":13065,"comment_status":"open","ping_status":"closed","template":"","meta":{"_acf_changed":false},"product_brand":[],"product_cat":[1529,1516],"product_tag":[],"class_list":{"0":"post-34895","1":"product","2":"type-product","3":"status-publish","4":"has-post-thumbnail","6":"product_cat-prislusenstvi","7":"product_cat-shop-cs","8":"pa_hersteller-getac-cs","10":"first","11":"instock","12":"taxable","13":"shipping-taxable","14":"purchasable","15":"product-type-simple"},"acf":[],"yoast_head":"<!-- This site is optimized with the Yoast SEO Premium plugin v20.10 (Yoast SEO v24.3) - https:\/\/yoast.com\/wordpress\/plugins\/seo\/ -->\n<title>- ALEGER \u22c6 Augmented Reality<\/title>\n<meta name=\"robots\" content=\"index, follow, max-snippet:-1, max-image-preview:large, max-video-preview:-1\" \/>\n<meta property=\"og:locale\" content=\"cs_CZ\" \/>\n<meta property=\"og:type\" content=\"article\" \/>\n<meta property=\"og:title\" content=\"DR\u017d\u00c1K s oto\u010dn\u00fdm nosn\u00fdm popruhem a stojanem\" \/>\n<meta property=\"og:description\" content=\"Dr\u017e\u00e1k s oto\u010dn\u00fdm popruhem a stojanem pro F110 je k dispozici ve \u010dty\u0159ech r\u016fzn\u00fdch verz\u00edch. Ka\u017ed\u00e1 z verz\u00ed je ur\u010dena pro jednotky F110 s r\u016fzn\u00fdmi konfiguracemi. Nosn\u00fd popruh lze nastavit tak, aby vyhovoval prakticky v\u0161em velikostem rukou, a ot\u00e1\u010det jej o 360 stup\u0148\u016f. V\u017edy tak najdete ide\u00e1ln\u00ed pozorovac\u00ed \u00fahel. Sou\u010d\u00e1st\u00ed dod\u00e1vky je tak\u00e9 vestav\u011bn\u00fd stojan, kter\u00fd umo\u017e\u0148uje pou\u017e\u00edv\u00e1n\u00ed bez pou\u017eit\u00ed rukou na rovn\u00e9m povrchu. Sou\u010d\u00e1st\u00ed dr\u017e\u00e1k\u016f je dr\u017e\u00e1k na pero, do kter\u00e9ho m\u016f\u017eete ulo\u017eit stylus nebo digitiz\u00e9r, pokud jej nepou\u017e\u00edv\u00e1te. pou\u017eit\u00ed.\" \/>\n<meta property=\"og:url\" content=\"https:\/\/alegerglobal.com\/cs\/shop-cs\/prislusenstvi\/drzak-s-otocnym-nosnym-popruhem-a-stojanem\/\" \/>\n<meta property=\"og:site_name\" content=\"ALEGER \u22c6 Augmented Reality\" \/>\n<meta property=\"article:modified_time\" content=\"2022-05-19T07:53:31+00:00\" \/>\n<meta property=\"og:image\" content=\"https:\/\/alegerglobal.com\/wp-content\/uploads\/2021\/02\/Unbenannt-127.jpg\" \/>\n\t<meta property=\"og:image:width\" content=\"800\" \/>\n\t<meta property=\"og:image:height\" content=\"800\" \/>\n\t<meta property=\"og:image:type\" content=\"image\/jpeg\" \/>\n<meta name=\"twitter:card\" content=\"summary_large_image\" \/>\n<meta name=\"twitter:label1\" content=\"Cena\" \/>\n\t<meta name=\"twitter:data1\" content=\"&euro;92,99\" \/>\n\t<meta name=\"twitter:label2\" content=\"Dostupnost\" \/>\n\t<meta name=\"twitter:data2\" content=\"Skladem\" \/>\n<script type=\"application\/ld+json\" class=\"yoast-schema-graph\">{\"@context\":\"https:\/\/schema.org\",\"@graph\":[{\"@type\":\"WebPage\",\"@id\":\"https:\/\/alegerglobal.com\/cs\/shop-cs\/prislusenstvi\/drzak-s-otocnym-nosnym-popruhem-a-stojanem\/\",\"url\":\"https:\/\/alegerglobal.com\/cs\/shop-cs\/prislusenstvi\/drzak-s-otocnym-nosnym-popruhem-a-stojanem\/\",\"name\":\"- ALEGER \u22c6 Augmented Reality\",\"isPartOf\":{\"@id\":\"https:\/\/alegerglobal.com\/cs\/#website\"},\"primaryImageOfPage\":{\"@id\":\"https:\/\/alegerglobal.com\/cs\/shop-cs\/prislusenstvi\/drzak-s-otocnym-nosnym-popruhem-a-stojanem\/#primaryimage\"},\"image\":{\"@id\":\"https:\/\/alegerglobal.com\/cs\/shop-cs\/prislusenstvi\/drzak-s-otocnym-nosnym-popruhem-a-stojanem\/#primaryimage\"},\"thumbnailUrl\":\"https:\/\/alegerglobal.com\/wp-content\/uploads\/2021\/02\/Unbenannt-127.jpg\",\"datePublished\":\"2022-05-19T07:53:27+00:00\",\"dateModified\":\"2022-05-19T07:53:31+00:00\",\"breadcrumb\":{\"@id\":\"https:\/\/alegerglobal.com\/cs\/shop-cs\/prislusenstvi\/drzak-s-otocnym-nosnym-popruhem-a-stojanem\/#breadcrumb\"},\"inLanguage\":\"cs\",\"potentialAction\":[{\"@type\":\"ReadAction\",\"target\":[\"https:\/\/alegerglobal.com\/cs\/shop-cs\/prislusenstvi\/drzak-s-otocnym-nosnym-popruhem-a-stojanem\/\"]}]},{\"@type\":\"ImageObject\",\"inLanguage\":\"cs\",\"@id\":\"https:\/\/alegerglobal.com\/cs\/shop-cs\/prislusenstvi\/drzak-s-otocnym-nosnym-popruhem-a-stojanem\/#primaryimage\",\"url\":\"https:\/\/alegerglobal.com\/wp-content\/uploads\/2021\/02\/Unbenannt-127.jpg\",\"contentUrl\":\"https:\/\/alegerglobal.com\/wp-content\/uploads\/2021\/02\/Unbenannt-127.jpg\",\"width\":800,\"height\":800},{\"@type\":\"BreadcrumbList\",\"@id\":\"https:\/\/alegerglobal.com\/cs\/shop-cs\/prislusenstvi\/drzak-s-otocnym-nosnym-popruhem-a-stojanem\/#breadcrumb\",\"itemListElement\":[{\"@type\":\"ListItem\",\"position\":1,\"name\":\"Home\",\"item\":\"https:\/\/alegerglobal.com\/cs\/novinka-domovska-stranka\/\"},{\"@type\":\"ListItem\",\"position\":2,\"name\":\"Produkty\",\"item\":\"https:\/\/alegerglobal.com\/cs\/produkty\/\"},{\"@type\":\"ListItem\",\"position\":3,\"name\":\"DR\u017d\u00c1K s oto\u010dn\u00fdm nosn\u00fdm popruhem a stojanem\"}]},{\"@type\":\"WebSite\",\"@id\":\"https:\/\/alegerglobal.com\/cs\/#website\",\"url\":\"https:\/\/alegerglobal.com\/cs\/\",\"name\":\"ALEGER \u22c6 Augmented Reality\",\"description\":\"Die besten Augmented Reality (AR) L\u00f6sungen der Welt.\",\"publisher\":{\"@id\":\"https:\/\/alegerglobal.com\/cs\/#organization\"},\"potentialAction\":[{\"@type\":\"SearchAction\",\"target\":{\"@type\":\"EntryPoint\",\"urlTemplate\":\"https:\/\/alegerglobal.com\/cs\/?s={search_term_string}\"},\"query-input\":{\"@type\":\"PropertyValueSpecification\",\"valueRequired\":true,\"valueName\":\"search_term_string\"}}],\"inLanguage\":\"cs\"},{\"@type\":\"Organization\",\"@id\":\"https:\/\/alegerglobal.com\/cs\/#organization\",\"name\":\"ALEGER \u22c6 Augmented Reality\",\"url\":\"https:\/\/alegerglobal.com\/cs\/\",\"logo\":{\"@type\":\"ImageObject\",\"inLanguage\":\"cs\",\"@id\":\"https:\/\/alegerglobal.com\/cs\/#\/schema\/logo\/image\/\",\"url\":\"https:\/\/alegerglobal.com\/wp-content\/uploads\/2020\/12\/aleger-logo-quadrat.jpg\",\"contentUrl\":\"https:\/\/alegerglobal.com\/wp-content\/uploads\/2020\/12\/aleger-logo-quadrat.jpg\",\"width\":200,\"height\":176,\"caption\":\"ALEGER \u22c6 Augmented Reality\"},\"image\":{\"@id\":\"https:\/\/alegerglobal.com\/cs\/#\/schema\/logo\/image\/\"}}]}<\/script>\n<meta property=\"product:brand\" content=\"Getac\" \/>\n<meta property=\"product:price:amount\" content=\"92.99\" \/>\n<meta property=\"product:price:currency\" content=\"EUR\" \/>\n<meta property=\"og:availability\" content=\"instock\" \/>\n<meta property=\"product:availability\" content=\"instock\" \/>\n<meta property=\"product:condition\" content=\"new\" \/>\n<!-- \/ Yoast SEO Premium plugin. -->","yoast_head_json":{"title":"- ALEGER \u22c6 Augmented Reality","robots":{"index":"index","follow":"follow","max-snippet":"max-snippet:-1","max-image-preview":"max-image-preview:large","max-video-preview":"max-video-preview:-1"},"og_locale":"cs_CZ","og_type":"article","og_title":"DR\u017d\u00c1K s oto\u010dn\u00fdm nosn\u00fdm popruhem a stojanem","og_description":"Dr\u017e\u00e1k s oto\u010dn\u00fdm popruhem a stojanem pro F110 je k dispozici ve \u010dty\u0159ech r\u016fzn\u00fdch verz\u00edch. Ka\u017ed\u00e1 z verz\u00ed je ur\u010dena pro jednotky F110 s r\u016fzn\u00fdmi konfiguracemi. Nosn\u00fd popruh lze nastavit tak, aby vyhovoval prakticky v\u0161em velikostem rukou, a ot\u00e1\u010det jej o 360 stup\u0148\u016f. V\u017edy tak najdete ide\u00e1ln\u00ed pozorovac\u00ed \u00fahel. Sou\u010d\u00e1st\u00ed dod\u00e1vky je tak\u00e9 vestav\u011bn\u00fd stojan, kter\u00fd umo\u017e\u0148uje pou\u017e\u00edv\u00e1n\u00ed bez pou\u017eit\u00ed rukou na rovn\u00e9m povrchu. Sou\u010d\u00e1st\u00ed dr\u017e\u00e1k\u016f je dr\u017e\u00e1k na pero, do kter\u00e9ho m\u016f\u017eete ulo\u017eit stylus nebo digitiz\u00e9r, pokud jej nepou\u017e\u00edv\u00e1te. pou\u017eit\u00ed.","og_url":"https:\/\/alegerglobal.com\/cs\/shop-cs\/prislusenstvi\/drzak-s-otocnym-nosnym-popruhem-a-stojanem\/","og_site_name":"ALEGER \u22c6 Augmented Reality","article_modified_time":"2022-05-19T07:53:31+00:00","og_image":[{"width":800,"height":800,"url":"https:\/\/alegerglobal.com\/wp-content\/uploads\/2021\/02\/Unbenannt-127.jpg","type":"image\/jpeg"}],"twitter_card":"summary_large_image","twitter_misc":{"Cena":"&euro;92,99","Dostupnost":"Skladem"},"schema":{"@context":"https:\/\/schema.org","@graph":[{"@type":"WebPage","@id":"https:\/\/alegerglobal.com\/cs\/shop-cs\/prislusenstvi\/drzak-s-otocnym-nosnym-popruhem-a-stojanem\/","url":"https:\/\/alegerglobal.com\/cs\/shop-cs\/prislusenstvi\/drzak-s-otocnym-nosnym-popruhem-a-stojanem\/","name":"- ALEGER \u22c6 Augmented Reality","isPartOf":{"@id":"https:\/\/alegerglobal.com\/cs\/#website"},"primaryImageOfPage":{"@id":"https:\/\/alegerglobal.com\/cs\/shop-cs\/prislusenstvi\/drzak-s-otocnym-nosnym-popruhem-a-stojanem\/#primaryimage"},"image":{"@id":"https:\/\/alegerglobal.com\/cs\/shop-cs\/prislusenstvi\/drzak-s-otocnym-nosnym-popruhem-a-stojanem\/#primaryimage"},"thumbnailUrl":"https:\/\/alegerglobal.com\/wp-content\/uploads\/2021\/02\/Unbenannt-127.jpg","datePublished":"2022-05-19T07:53:27+00:00","dateModified":"2022-05-19T07:53:31+00:00","breadcrumb":{"@id":"https:\/\/alegerglobal.com\/cs\/shop-cs\/prislusenstvi\/drzak-s-otocnym-nosnym-popruhem-a-stojanem\/#breadcrumb"},"inLanguage":"cs","potentialAction":[{"@type":"ReadAction","target":["https:\/\/alegerglobal.com\/cs\/shop-cs\/prislusenstvi\/drzak-s-otocnym-nosnym-popruhem-a-stojanem\/"]}]},{"@type":"ImageObject","inLanguage":"cs","@id":"https:\/\/alegerglobal.com\/cs\/shop-cs\/prislusenstvi\/drzak-s-otocnym-nosnym-popruhem-a-stojanem\/#primaryimage","url":"https:\/\/alegerglobal.com\/wp-content\/uploads\/2021\/02\/Unbenannt-127.jpg","contentUrl":"https:\/\/alegerglobal.com\/wp-content\/uploads\/2021\/02\/Unbenannt-127.jpg","width":800,"height":800},{"@type":"BreadcrumbList","@id":"https:\/\/alegerglobal.com\/cs\/shop-cs\/prislusenstvi\/drzak-s-otocnym-nosnym-popruhem-a-stojanem\/#breadcrumb","itemListElement":[{"@type":"ListItem","position":1,"name":"Home","item":"https:\/\/alegerglobal.com\/cs\/novinka-domovska-stranka\/"},{"@type":"ListItem","position":2,"name":"Produkty","item":"https:\/\/alegerglobal.com\/cs\/produkty\/"},{"@type":"ListItem","position":3,"name":"DR\u017d\u00c1K s oto\u010dn\u00fdm nosn\u00fdm popruhem a stojanem"}]},{"@type":"WebSite","@id":"https:\/\/alegerglobal.com\/cs\/#website","url":"https:\/\/alegerglobal.com\/cs\/","name":"ALEGER \u22c6 Augmented Reality","description":"Die besten Augmented Reality (AR) L\u00f6sungen der Welt.","publisher":{"@id":"https:\/\/alegerglobal.com\/cs\/#organization"},"potentialAction":[{"@type":"SearchAction","target":{"@type":"EntryPoint","urlTemplate":"https:\/\/alegerglobal.com\/cs\/?s={search_term_string}"},"query-input":{"@type":"PropertyValueSpecification","valueRequired":true,"valueName":"search_term_string"}}],"inLanguage":"cs"},{"@type":"Organization","@id":"https:\/\/alegerglobal.com\/cs\/#organization","name":"ALEGER \u22c6 Augmented Reality","url":"https:\/\/alegerglobal.com\/cs\/","logo":{"@type":"ImageObject","inLanguage":"cs","@id":"https:\/\/alegerglobal.com\/cs\/#\/schema\/logo\/image\/","url":"https:\/\/alegerglobal.com\/wp-content\/uploads\/2020\/12\/aleger-logo-quadrat.jpg","contentUrl":"https:\/\/alegerglobal.com\/wp-content\/uploads\/2020\/12\/aleger-logo-quadrat.jpg","width":200,"height":176,"caption":"ALEGER \u22c6 Augmented Reality"},"image":{"@id":"https:\/\/alegerglobal.com\/cs\/#\/schema\/logo\/image\/"}}]},"product_brand":"Getac","product_price_amount":"92.99","product_price_currency":"EUR","og_availability":"instock","product_availability":"instock","product_condition":"new"},"_links":{"self":[{"href":"https:\/\/alegerglobal.com\/cs\/wp-json\/wp\/v2\/product\/34895","targetHints":{"allow":["GET"]}}],"collection":[{"href":"https:\/\/alegerglobal.com\/cs\/wp-json\/wp\/v2\/product"}],"about":[{"href":"https:\/\/alegerglobal.com\/cs\/wp-json\/wp\/v2\/types\/product"}],"replies":[{"embeddable":true,"href":"https:\/\/alegerglobal.com\/cs\/wp-json\/wp\/v2\/comments?post=34895"}],"version-history":[{"count":1,"href":"https:\/\/alegerglobal.com\/cs\/wp-json\/wp\/v2\/product\/34895\/revisions"}],"predecessor-version":[{"id":34898,"href":"https:\/\/alegerglobal.com\/cs\/wp-json\/wp\/v2\/product\/34895\/revisions\/34898"}],"wp:featuredmedia":[{"embeddable":true,"href":"https:\/\/alegerglobal.com\/cs\/wp-json\/wp\/v2\/media\/13065"}],"wp:attachment":[{"href":"https:\/\/alegerglobal.com\/cs\/wp-json\/wp\/v2\/media?parent=34895"}],"wp:term":[{"taxonomy":"product_brand","embeddable":true,"href":"https:\/\/alegerglobal.com\/cs\/wp-json\/wp\/v2\/product_brand?post=34895"},{"taxonomy":"product_cat","embeddable":true,"href":"https:\/\/alegerglobal.com\/cs\/wp-json\/wp\/v2\/product_cat?post=34895"},{"taxonomy":"product_tag","embeddable":true,"href":"https:\/\/alegerglobal.com\/cs\/wp-json\/wp\/v2\/product_tag?post=34895"}],"curies":[{"name":"wp","href":"https:\/\/api.w.org\/{rel}","templated":true}]}}