{"id":34890,"date":"2021-02-04T08:22:52","date_gmt":"2022-05-19T07:53:26","guid":{"rendered":"https:\/\/alegerglobal.com\/nezarazene\/kancelarsky-doket\/"},"modified":"2022-05-19T08:53:32","modified_gmt":"2022-05-19T07:53:32","slug":"kancelarsky-doket","status":"publish","type":"product","link":"https:\/\/alegerglobal.com\/cs\/shop-cs\/prislusenstvi\/kancelarsky-doket\/","title":{"rendered":"KANCEL\u00c1\u0158SK\u00dd DOKET"},"content":{"rendered":"\t\t<div data-elementor-type=\"product-post\" data-elementor-id=\"34890\" class=\"elementor elementor-34890 elementor-4144\" data-elementor-settings=\"{&quot;ha_cmc_init_switcher&quot;:&quot;no&quot;}\" data-elementor-post-type=\"product\">\n\t\t\t\t\t\t<section class=\"elementor-section elementor-top-section elementor-element elementor-element-8409db5 elementor-section-boxed elementor-section-height-default elementor-section-height-default\" data-id=\"8409db5\" data-element_type=\"section\" data-settings=\"{&quot;jet_parallax_layout_list&quot;:[],&quot;_ha_eqh_enable&quot;:false}\">\n\t\t\t\t\t\t<div class=\"elementor-container elementor-column-gap-default\">\n\t\t\t\t\t<div class=\"elementor-column elementor-col-100 elementor-top-column elementor-element elementor-element-234c922\" data-id=\"234c922\" data-element_type=\"column\">\n\t\t\t<div class=\"elementor-widget-wrap elementor-element-populated\">\n\t\t\t\t\t\t<div class=\"elementor-element elementor-element-ab70ee1 elementor-widget elementor-widget-text-editor\" data-id=\"ab70ee1\" data-element_type=\"widget\" data-widget_type=\"text-editor.default\">\n\t\t\t\t<div class=\"elementor-widget-container\">\n\t\t\t\t\t\t\t\t\t<p><strong>Informace o v\u00fdrobku<\/strong><\/p><p>Kancel\u00e1\u0159sk\u00fd dok I\/O<\/p><p>P\u0159ipojen\u00ed: RJ45 x 1\/USB 2.0 x 3<\/p><p>Adapt\u00e9r:<\/p><p>Vstupn\u00ed nap\u011bt\u00ed:<\/p><p>100 V-240 V AC<\/p><p>V\u00fdstupn\u00ed nap\u011bt\u00ed: 12 V DC<\/p><p>V\u00fdstupn\u00ed proud: Max. 2 A<\/p><p>Rozm\u011bry:<\/p><p>Kancel\u00e1\u0159sk\u00fd dok:<\/p><p>D 104,3 x \u0160 150 x V 61,3 mm<\/p><p>Hmotnost: 0,34 kg<\/p><p>Adapt\u00e9r:<\/p><p>D 57,5 x \u0160 69 x V 32,6 mm<\/p><p>V\u00fdstupn\u00ed kabel: 1800 mm<\/p><p>Hmotnost: 0,14 kg<\/p><p> <\/p><p><strong>ID SKU<\/strong><\/p><p>SKU ID Popis<\/p><p>GDOF5J<\/p><p>Kancel\u00e1\u0159sk\u00fd dok EX80 (nab\u00edjec\u00ed kol\u00e9bka s<\/p><p>S\u00ed\u0165ov\u00fd adapt\u00e9r, 24 W,<\/p><p>100-240 V AC, 50\/60 Hz)<\/p><p>* Upozor\u0148ujeme, \u017ee s\u00ed\u0165ov\u00fd adapt\u00e9r je<\/p><p>je k dispozici tak\u00e9 samostatn\u011b (jako n\u00e1hrada za<\/p><p>s\u00ed\u0165ov\u00fd adapt\u00e9r kancel\u00e1\u0159sk\u00e9ho doku EX80).<\/p><p>(ID SKU: GAA251 Sada s\u00ed\u0165ov\u00e9ho adapt\u00e9ru s<\/p><p>Z\u00e1str\u010dka US\/EU\/UK\/CHN\/ANZ)<\/p>\t\t\t\t\t\t\t\t<\/div>\n\t\t\t\t<\/div>\n\t\t\t\t\t<\/div>\n\t\t<\/div>\n\t\t\t\t\t<\/div>\n\t\t<\/section>\n\t\t\t\t<\/div>\n\t\t","protected":false},"excerpt":{"rendered":"<p>Kancel\u00e1\u0159sk\u00e1 dokovac\u00ed stanice Getac EX80 nab\u00edz\u00ed \u0161irokou \u0161k\u00e1lu vstupn\u00edch a v\u00fdstupn\u00edch port\u016f pro p\u0159ipojen\u00ed kl\u00ed\u010dov\u00fdch periferi\u00ed k za\u0159\u00edzen\u00edm ve va\u0161\u00ed kancel\u00e1\u0159i. Vestav\u011bn\u00e9 porty Ethernet a USB umo\u017e\u0148uj\u00ed u\u017eivatel\u016fm rychle shroma\u017e\u010fovat data z ter\u00e9nu a synchronizovat je s daty v centr\u00e1le, co\u017e umo\u017e\u0148uje pod\u00e1vat zpr\u00e1vy a prov\u00e1d\u011bt anal\u00fdzy v re\u00e1ln\u00e9m \u010dase. Pro zaji\u0161t\u011bn\u00ed bezpe\u010dnosti i ve v\u00fdbu\u0161n\u00e9m prost\u0159ed\u00ed byla odstran\u011bna vstupn\u00ed z\u00e1suvka stejnosm\u011brn\u00e9ho proudu. Pro maxim\u00e1ln\u00ed bezpe\u010dnost p\u0159i nab\u00edjen\u00ed p\u0159ipojte za\u0159\u00edzen\u00ed ke kancel\u00e1\u0159sk\u00e9mu doku v prost\u0159ed\u00ed bez nebezpe\u010d\u00ed v\u00fdbuchu. Tato sada s\u00ed\u0165ov\u00fdch adapt\u00e9r\u016f obsahuje p\u011bt r\u016fzn\u00fdch s\u00ed\u0165ov\u00fdch z\u00e1str\u010dek (EU\/UK\/USA\/CHN\/ANZ), kter\u00e9 se hod\u00ed do z\u00e1suvek po cel\u00e9m sv\u011bt\u011b. To poskytuje dodate\u010dn\u00fd komfort p\u0159i mobiln\u00edch operac\u00edch.<\/p>\n","protected":false},"featured_media":13017,"comment_status":"open","ping_status":"closed","template":"","meta":{"_acf_changed":false},"product_brand":[],"product_cat":[1529,1516],"product_tag":[],"class_list":{"0":"post-34890","1":"product","2":"type-product","3":"status-publish","4":"has-post-thumbnail","6":"product_cat-prislusenstvi","7":"product_cat-shop-cs","8":"pa_hersteller-getac-cs","10":"first","11":"instock","12":"taxable","13":"shipping-taxable","14":"purchasable","15":"product-type-simple"},"acf":[],"yoast_head":"<!-- This site is optimized with the Yoast SEO Premium plugin v20.10 (Yoast SEO v24.3) - https:\/\/yoast.com\/wordpress\/plugins\/seo\/ -->\n<title>- ALEGER \u22c6 Augmented Reality<\/title>\n<meta name=\"robots\" content=\"index, follow, max-snippet:-1, max-image-preview:large, max-video-preview:-1\" \/>\n<meta property=\"og:locale\" content=\"cs_CZ\" \/>\n<meta property=\"og:type\" content=\"article\" \/>\n<meta property=\"og:title\" content=\"KANCEL\u00c1\u0158SK\u00dd DOKET\" \/>\n<meta property=\"og:description\" content=\"Kancel\u00e1\u0159sk\u00e1 dokovac\u00ed stanice Getac EX80 nab\u00edz\u00ed \u0161irokou \u0161k\u00e1lu vstupn\u00edch a v\u00fdstupn\u00edch port\u016f pro p\u0159ipojen\u00ed kl\u00ed\u010dov\u00fdch periferi\u00ed k za\u0159\u00edzen\u00edm ve va\u0161\u00ed kancel\u00e1\u0159i. Vestav\u011bn\u00e9 porty Ethernet a USB umo\u017e\u0148uj\u00ed u\u017eivatel\u016fm rychle shroma\u017e\u010fovat data z ter\u00e9nu a synchronizovat je s daty v centr\u00e1le, co\u017e umo\u017e\u0148uje pod\u00e1vat zpr\u00e1vy a prov\u00e1d\u011bt anal\u00fdzy v re\u00e1ln\u00e9m \u010dase. Pro zaji\u0161t\u011bn\u00ed bezpe\u010dnosti i ve v\u00fdbu\u0161n\u00e9m prost\u0159ed\u00ed byla odstran\u011bna vstupn\u00ed z\u00e1suvka stejnosm\u011brn\u00e9ho proudu. Pro maxim\u00e1ln\u00ed bezpe\u010dnost p\u0159i nab\u00edjen\u00ed p\u0159ipojte za\u0159\u00edzen\u00ed ke kancel\u00e1\u0159sk\u00e9mu doku v prost\u0159ed\u00ed bez nebezpe\u010d\u00ed v\u00fdbuchu. Tato sada s\u00ed\u0165ov\u00fdch adapt\u00e9r\u016f obsahuje p\u011bt r\u016fzn\u00fdch s\u00ed\u0165ov\u00fdch z\u00e1str\u010dek (EU\/UK\/USA\/CHN\/ANZ), kter\u00e9 se hod\u00ed do z\u00e1suvek po cel\u00e9m sv\u011bt\u011b. To poskytuje dodate\u010dn\u00fd komfort p\u0159i mobiln\u00edch operac\u00edch.\" \/>\n<meta property=\"og:url\" content=\"https:\/\/alegerglobal.com\/cs\/shop-cs\/prislusenstvi\/kancelarsky-doket\/\" \/>\n<meta property=\"og:site_name\" content=\"ALEGER \u22c6 Augmented Reality\" \/>\n<meta property=\"article:modified_time\" content=\"2022-05-19T07:53:32+00:00\" \/>\n<meta property=\"og:image\" content=\"https:\/\/alegerglobal.com\/wp-content\/uploads\/2021\/02\/Unbenannt-108.jpg\" \/>\n\t<meta property=\"og:image:width\" content=\"800\" \/>\n\t<meta property=\"og:image:height\" content=\"800\" \/>\n\t<meta property=\"og:image:type\" content=\"image\/jpeg\" \/>\n<meta name=\"twitter:card\" content=\"summary_large_image\" \/>\n<meta name=\"twitter:label1\" content=\"Cena\" \/>\n\t<meta name=\"twitter:data1\" content=\"&euro;54,99\" \/>\n\t<meta name=\"twitter:label2\" content=\"Dostupnost\" \/>\n\t<meta name=\"twitter:data2\" content=\"Skladem\" \/>\n<script type=\"application\/ld+json\" class=\"yoast-schema-graph\">{\"@context\":\"https:\/\/schema.org\",\"@graph\":[{\"@type\":\"WebPage\",\"@id\":\"https:\/\/alegerglobal.com\/cs\/shop-cs\/prislusenstvi\/kancelarsky-doket\/\",\"url\":\"https:\/\/alegerglobal.com\/cs\/shop-cs\/prislusenstvi\/kancelarsky-doket\/\",\"name\":\"- ALEGER \u22c6 Augmented Reality\",\"isPartOf\":{\"@id\":\"https:\/\/alegerglobal.com\/cs\/#website\"},\"primaryImageOfPage\":{\"@id\":\"https:\/\/alegerglobal.com\/cs\/shop-cs\/prislusenstvi\/kancelarsky-doket\/#primaryimage\"},\"image\":{\"@id\":\"https:\/\/alegerglobal.com\/cs\/shop-cs\/prislusenstvi\/kancelarsky-doket\/#primaryimage\"},\"thumbnailUrl\":\"https:\/\/alegerglobal.com\/wp-content\/uploads\/2021\/02\/Unbenannt-108.jpg\",\"datePublished\":\"2022-05-19T07:53:26+00:00\",\"dateModified\":\"2022-05-19T07:53:32+00:00\",\"breadcrumb\":{\"@id\":\"https:\/\/alegerglobal.com\/cs\/shop-cs\/prislusenstvi\/kancelarsky-doket\/#breadcrumb\"},\"inLanguage\":\"cs\",\"potentialAction\":[{\"@type\":\"ReadAction\",\"target\":[\"https:\/\/alegerglobal.com\/cs\/shop-cs\/prislusenstvi\/kancelarsky-doket\/\"]}]},{\"@type\":\"ImageObject\",\"inLanguage\":\"cs\",\"@id\":\"https:\/\/alegerglobal.com\/cs\/shop-cs\/prislusenstvi\/kancelarsky-doket\/#primaryimage\",\"url\":\"https:\/\/alegerglobal.com\/wp-content\/uploads\/2021\/02\/Unbenannt-108.jpg\",\"contentUrl\":\"https:\/\/alegerglobal.com\/wp-content\/uploads\/2021\/02\/Unbenannt-108.jpg\",\"width\":800,\"height\":800},{\"@type\":\"BreadcrumbList\",\"@id\":\"https:\/\/alegerglobal.com\/cs\/shop-cs\/prislusenstvi\/kancelarsky-doket\/#breadcrumb\",\"itemListElement\":[{\"@type\":\"ListItem\",\"position\":1,\"name\":\"Home\",\"item\":\"https:\/\/alegerglobal.com\/cs\/novinka-domovska-stranka\/\"},{\"@type\":\"ListItem\",\"position\":2,\"name\":\"Produkty\",\"item\":\"https:\/\/alegerglobal.com\/cs\/produkty\/\"},{\"@type\":\"ListItem\",\"position\":3,\"name\":\"KANCEL\u00c1\u0158SK\u00dd DOKET\"}]},{\"@type\":\"WebSite\",\"@id\":\"https:\/\/alegerglobal.com\/cs\/#website\",\"url\":\"https:\/\/alegerglobal.com\/cs\/\",\"name\":\"ALEGER \u22c6 Augmented Reality\",\"description\":\"Die besten Augmented Reality (AR) L\u00f6sungen der Welt.\",\"publisher\":{\"@id\":\"https:\/\/alegerglobal.com\/cs\/#organization\"},\"potentialAction\":[{\"@type\":\"SearchAction\",\"target\":{\"@type\":\"EntryPoint\",\"urlTemplate\":\"https:\/\/alegerglobal.com\/cs\/?s={search_term_string}\"},\"query-input\":{\"@type\":\"PropertyValueSpecification\",\"valueRequired\":true,\"valueName\":\"search_term_string\"}}],\"inLanguage\":\"cs\"},{\"@type\":\"Organization\",\"@id\":\"https:\/\/alegerglobal.com\/cs\/#organization\",\"name\":\"ALEGER \u22c6 Augmented Reality\",\"url\":\"https:\/\/alegerglobal.com\/cs\/\",\"logo\":{\"@type\":\"ImageObject\",\"inLanguage\":\"cs\",\"@id\":\"https:\/\/alegerglobal.com\/cs\/#\/schema\/logo\/image\/\",\"url\":\"https:\/\/alegerglobal.com\/wp-content\/uploads\/2020\/12\/aleger-logo-quadrat.jpg\",\"contentUrl\":\"https:\/\/alegerglobal.com\/wp-content\/uploads\/2020\/12\/aleger-logo-quadrat.jpg\",\"width\":200,\"height\":176,\"caption\":\"ALEGER \u22c6 Augmented Reality\"},\"image\":{\"@id\":\"https:\/\/alegerglobal.com\/cs\/#\/schema\/logo\/image\/\"}}]}<\/script>\n<meta property=\"product:brand\" content=\"Getac\" \/>\n<meta property=\"product:price:amount\" content=\"54.99\" \/>\n<meta property=\"product:price:currency\" content=\"EUR\" \/>\n<meta property=\"og:availability\" content=\"instock\" \/>\n<meta property=\"product:availability\" content=\"instock\" \/>\n<meta property=\"product:condition\" content=\"new\" \/>\n<!-- \/ Yoast SEO Premium plugin. -->","yoast_head_json":{"title":"- ALEGER \u22c6 Augmented Reality","robots":{"index":"index","follow":"follow","max-snippet":"max-snippet:-1","max-image-preview":"max-image-preview:large","max-video-preview":"max-video-preview:-1"},"og_locale":"cs_CZ","og_type":"article","og_title":"KANCEL\u00c1\u0158SK\u00dd DOKET","og_description":"Kancel\u00e1\u0159sk\u00e1 dokovac\u00ed stanice Getac EX80 nab\u00edz\u00ed \u0161irokou \u0161k\u00e1lu vstupn\u00edch a v\u00fdstupn\u00edch port\u016f pro p\u0159ipojen\u00ed kl\u00ed\u010dov\u00fdch periferi\u00ed k za\u0159\u00edzen\u00edm ve va\u0161\u00ed kancel\u00e1\u0159i. Vestav\u011bn\u00e9 porty Ethernet a USB umo\u017e\u0148uj\u00ed u\u017eivatel\u016fm rychle shroma\u017e\u010fovat data z ter\u00e9nu a synchronizovat je s daty v centr\u00e1le, co\u017e umo\u017e\u0148uje pod\u00e1vat zpr\u00e1vy a prov\u00e1d\u011bt anal\u00fdzy v re\u00e1ln\u00e9m \u010dase. Pro zaji\u0161t\u011bn\u00ed bezpe\u010dnosti i ve v\u00fdbu\u0161n\u00e9m prost\u0159ed\u00ed byla odstran\u011bna vstupn\u00ed z\u00e1suvka stejnosm\u011brn\u00e9ho proudu. Pro maxim\u00e1ln\u00ed bezpe\u010dnost p\u0159i nab\u00edjen\u00ed p\u0159ipojte za\u0159\u00edzen\u00ed ke kancel\u00e1\u0159sk\u00e9mu doku v prost\u0159ed\u00ed bez nebezpe\u010d\u00ed v\u00fdbuchu. Tato sada s\u00ed\u0165ov\u00fdch adapt\u00e9r\u016f obsahuje p\u011bt r\u016fzn\u00fdch s\u00ed\u0165ov\u00fdch z\u00e1str\u010dek (EU\/UK\/USA\/CHN\/ANZ), kter\u00e9 se hod\u00ed do z\u00e1suvek po cel\u00e9m sv\u011bt\u011b. To poskytuje dodate\u010dn\u00fd komfort p\u0159i mobiln\u00edch operac\u00edch.","og_url":"https:\/\/alegerglobal.com\/cs\/shop-cs\/prislusenstvi\/kancelarsky-doket\/","og_site_name":"ALEGER \u22c6 Augmented Reality","article_modified_time":"2022-05-19T07:53:32+00:00","og_image":[{"width":800,"height":800,"url":"https:\/\/alegerglobal.com\/wp-content\/uploads\/2021\/02\/Unbenannt-108.jpg","type":"image\/jpeg"}],"twitter_card":"summary_large_image","twitter_misc":{"Cena":"&euro;54,99","Dostupnost":"Skladem"},"schema":{"@context":"https:\/\/schema.org","@graph":[{"@type":"WebPage","@id":"https:\/\/alegerglobal.com\/cs\/shop-cs\/prislusenstvi\/kancelarsky-doket\/","url":"https:\/\/alegerglobal.com\/cs\/shop-cs\/prislusenstvi\/kancelarsky-doket\/","name":"- ALEGER \u22c6 Augmented Reality","isPartOf":{"@id":"https:\/\/alegerglobal.com\/cs\/#website"},"primaryImageOfPage":{"@id":"https:\/\/alegerglobal.com\/cs\/shop-cs\/prislusenstvi\/kancelarsky-doket\/#primaryimage"},"image":{"@id":"https:\/\/alegerglobal.com\/cs\/shop-cs\/prislusenstvi\/kancelarsky-doket\/#primaryimage"},"thumbnailUrl":"https:\/\/alegerglobal.com\/wp-content\/uploads\/2021\/02\/Unbenannt-108.jpg","datePublished":"2022-05-19T07:53:26+00:00","dateModified":"2022-05-19T07:53:32+00:00","breadcrumb":{"@id":"https:\/\/alegerglobal.com\/cs\/shop-cs\/prislusenstvi\/kancelarsky-doket\/#breadcrumb"},"inLanguage":"cs","potentialAction":[{"@type":"ReadAction","target":["https:\/\/alegerglobal.com\/cs\/shop-cs\/prislusenstvi\/kancelarsky-doket\/"]}]},{"@type":"ImageObject","inLanguage":"cs","@id":"https:\/\/alegerglobal.com\/cs\/shop-cs\/prislusenstvi\/kancelarsky-doket\/#primaryimage","url":"https:\/\/alegerglobal.com\/wp-content\/uploads\/2021\/02\/Unbenannt-108.jpg","contentUrl":"https:\/\/alegerglobal.com\/wp-content\/uploads\/2021\/02\/Unbenannt-108.jpg","width":800,"height":800},{"@type":"BreadcrumbList","@id":"https:\/\/alegerglobal.com\/cs\/shop-cs\/prislusenstvi\/kancelarsky-doket\/#breadcrumb","itemListElement":[{"@type":"ListItem","position":1,"name":"Home","item":"https:\/\/alegerglobal.com\/cs\/novinka-domovska-stranka\/"},{"@type":"ListItem","position":2,"name":"Produkty","item":"https:\/\/alegerglobal.com\/cs\/produkty\/"},{"@type":"ListItem","position":3,"name":"KANCEL\u00c1\u0158SK\u00dd DOKET"}]},{"@type":"WebSite","@id":"https:\/\/alegerglobal.com\/cs\/#website","url":"https:\/\/alegerglobal.com\/cs\/","name":"ALEGER \u22c6 Augmented Reality","description":"Die besten Augmented Reality (AR) L\u00f6sungen der Welt.","publisher":{"@id":"https:\/\/alegerglobal.com\/cs\/#organization"},"potentialAction":[{"@type":"SearchAction","target":{"@type":"EntryPoint","urlTemplate":"https:\/\/alegerglobal.com\/cs\/?s={search_term_string}"},"query-input":{"@type":"PropertyValueSpecification","valueRequired":true,"valueName":"search_term_string"}}],"inLanguage":"cs"},{"@type":"Organization","@id":"https:\/\/alegerglobal.com\/cs\/#organization","name":"ALEGER \u22c6 Augmented Reality","url":"https:\/\/alegerglobal.com\/cs\/","logo":{"@type":"ImageObject","inLanguage":"cs","@id":"https:\/\/alegerglobal.com\/cs\/#\/schema\/logo\/image\/","url":"https:\/\/alegerglobal.com\/wp-content\/uploads\/2020\/12\/aleger-logo-quadrat.jpg","contentUrl":"https:\/\/alegerglobal.com\/wp-content\/uploads\/2020\/12\/aleger-logo-quadrat.jpg","width":200,"height":176,"caption":"ALEGER \u22c6 Augmented Reality"},"image":{"@id":"https:\/\/alegerglobal.com\/cs\/#\/schema\/logo\/image\/"}}]},"product_brand":"Getac","product_price_amount":"54.99","product_price_currency":"EUR","og_availability":"instock","product_availability":"instock","product_condition":"new"},"_links":{"self":[{"href":"https:\/\/alegerglobal.com\/cs\/wp-json\/wp\/v2\/product\/34890","targetHints":{"allow":["GET"]}}],"collection":[{"href":"https:\/\/alegerglobal.com\/cs\/wp-json\/wp\/v2\/product"}],"about":[{"href":"https:\/\/alegerglobal.com\/cs\/wp-json\/wp\/v2\/types\/product"}],"replies":[{"embeddable":true,"href":"https:\/\/alegerglobal.com\/cs\/wp-json\/wp\/v2\/comments?post=34890"}],"version-history":[{"count":1,"href":"https:\/\/alegerglobal.com\/cs\/wp-json\/wp\/v2\/product\/34890\/revisions"}],"predecessor-version":[{"id":34893,"href":"https:\/\/alegerglobal.com\/cs\/wp-json\/wp\/v2\/product\/34890\/revisions\/34893"}],"wp:featuredmedia":[{"embeddable":true,"href":"https:\/\/alegerglobal.com\/cs\/wp-json\/wp\/v2\/media\/13017"}],"wp:attachment":[{"href":"https:\/\/alegerglobal.com\/cs\/wp-json\/wp\/v2\/media?parent=34890"}],"wp:term":[{"taxonomy":"product_brand","embeddable":true,"href":"https:\/\/alegerglobal.com\/cs\/wp-json\/wp\/v2\/product_brand?post=34890"},{"taxonomy":"product_cat","embeddable":true,"href":"https:\/\/alegerglobal.com\/cs\/wp-json\/wp\/v2\/product_cat?post=34890"},{"taxonomy":"product_tag","embeddable":true,"href":"https:\/\/alegerglobal.com\/cs\/wp-json\/wp\/v2\/product_tag?post=34890"}],"curies":[{"name":"wp","href":"https:\/\/api.w.org\/{rel}","templated":true}]}}