{"id":34885,"date":"2021-02-04T06:02:02","date_gmt":"2022-05-19T07:53:24","guid":{"rendered":"https:\/\/alegerglobal.com\/nezarazene\/drzak-s-otocnym-reminkem-na-zapesti-a-stojankem-na-nohy\/"},"modified":"2022-05-19T08:53:29","modified_gmt":"2022-05-19T07:53:29","slug":"drzak-s-otocnym-reminkem-na-zapesti-a-stojankem-na-nohy","status":"publish","type":"product","link":"https:\/\/alegerglobal.com\/cs\/shop-cs\/prislusenstvi\/drzak-s-otocnym-reminkem-na-zapesti-a-stojankem-na-nohy\/","title":{"rendered":"DR\u017d\u00c1K s oto\u010dn\u00fdm \u0159em\u00ednkem na z\u00e1p\u011bst\u00ed a stoj\u00e1nkem na nohy"},"content":{"rendered":"\t\t<div data-elementor-type=\"product-post\" data-elementor-id=\"34885\" class=\"elementor elementor-34885 elementor-4099\" data-elementor-settings=\"{&quot;ha_cmc_init_switcher&quot;:&quot;no&quot;}\" data-elementor-post-type=\"product\">\n\t\t\t\t\t\t<section class=\"elementor-section elementor-top-section elementor-element elementor-element-2cee46f elementor-section-boxed elementor-section-height-default elementor-section-height-default\" data-id=\"2cee46f\" data-element_type=\"section\" data-settings=\"{&quot;jet_parallax_layout_list&quot;:[],&quot;_ha_eqh_enable&quot;:false}\">\n\t\t\t\t\t\t<div class=\"elementor-container elementor-column-gap-default\">\n\t\t\t\t\t<div class=\"elementor-column elementor-col-100 elementor-top-column elementor-element elementor-element-ffa893f\" data-id=\"ffa893f\" data-element_type=\"column\">\n\t\t\t<div class=\"elementor-widget-wrap elementor-element-populated\">\n\t\t\t\t\t\t<div class=\"elementor-element elementor-element-10748d8 elementor-widget elementor-widget-text-editor\" data-id=\"10748d8\" data-element_type=\"widget\" data-widget_type=\"text-editor.default\">\n\t\t\t\t<div class=\"elementor-widget-container\">\n\t\t\t\t\t\t\t\t\t<p><strong>Informace o produktu<\/strong><\/p><p>Rozm\u011bry dr\u017e\u00e1ku :<\/p><p>220 x 65 mm<\/p><p>Hmotnost: 156 g<\/p><p>Hlavn\u00ed materi\u00e1l : PU<\/p><p> <\/p><p><strong>ID SKU<\/strong><\/p><p>SKU ID : GMHRXI<\/p>\t\t\t\t\t\t\t\t<\/div>\n\t\t\t\t<\/div>\n\t\t\t\t\t<\/div>\n\t\t<\/div>\n\t\t\t\t\t<\/div>\n\t\t<\/section>\n\t\t\t\t<\/div>\n\t\t","protected":false},"excerpt":{"rendered":"<p>Oto\u010dn\u00fd \u0159em\u00ednek na ruku tabletu UX10-Ex je navr\u017een tak, aby pou\u017e\u00edv\u00e1n\u00ed tabletu bylo snaz\u0161\u00ed a pohodln\u011bj\u0161\u00ed.<br \/>\nvyrobit. Nosn\u00fd popruh lze nastavit tak, aby vyhovoval v\u011bt\u0161in\u011b velikost\u00ed rukou, a lze jej ot\u00e1\u010det o 360 stup\u0148\u016f, abyste mohli<br \/>\nnaj\u00edt ide\u00e1ln\u00ed pozorovac\u00ed \u00fahel na cest\u00e1ch. Obsahuje tak\u00e9 vestav\u011bn\u00fd stoj\u00e1nek, kter\u00fd umo\u017e\u0148uje hands-free<br \/>\nPou\u017eit\u00ed na rovn\u00fdch ploch\u00e1ch pro v\u011bt\u0161\u00ed flexibilitu p\u0159i pr\u00e1ci.<\/p>\n","protected":false},"featured_media":13071,"comment_status":"open","ping_status":"closed","template":"","meta":{"_acf_changed":false},"product_brand":[],"product_cat":[1529,1516],"product_tag":[],"class_list":{"0":"post-34885","1":"product","2":"type-product","3":"status-publish","4":"has-post-thumbnail","6":"product_cat-prislusenstvi","7":"product_cat-shop-cs","8":"pa_hersteller-getac-cs","10":"first","11":"instock","12":"taxable","13":"shipping-taxable","14":"purchasable","15":"product-type-simple"},"acf":[],"yoast_head":"<!-- This site is optimized with the Yoast SEO Premium plugin v20.10 (Yoast SEO v24.3) - https:\/\/yoast.com\/wordpress\/plugins\/seo\/ -->\n<title>- ALEGER \u22c6 Augmented Reality<\/title>\n<meta name=\"robots\" content=\"index, follow, max-snippet:-1, max-image-preview:large, max-video-preview:-1\" \/>\n<meta property=\"og:locale\" content=\"cs_CZ\" \/>\n<meta property=\"og:type\" content=\"article\" \/>\n<meta property=\"og:title\" content=\"DR\u017d\u00c1K s oto\u010dn\u00fdm \u0159em\u00ednkem na z\u00e1p\u011bst\u00ed a stoj\u00e1nkem na nohy\" \/>\n<meta property=\"og:description\" content=\"Oto\u010dn\u00fd \u0159em\u00ednek na ruku tabletu UX10-Ex je navr\u017een tak, aby pou\u017e\u00edv\u00e1n\u00ed tabletu bylo snaz\u0161\u00ed a pohodln\u011bj\u0161\u00ed. vyrobit. Nosn\u00fd popruh lze nastavit tak, aby vyhovoval v\u011bt\u0161in\u011b velikost\u00ed rukou, a lze jej ot\u00e1\u010det o 360 stup\u0148\u016f, abyste mohli naj\u00edt ide\u00e1ln\u00ed pozorovac\u00ed \u00fahel na cest\u00e1ch. Obsahuje tak\u00e9 vestav\u011bn\u00fd stoj\u00e1nek, kter\u00fd umo\u017e\u0148uje hands-free Pou\u017eit\u00ed na rovn\u00fdch ploch\u00e1ch pro v\u011bt\u0161\u00ed flexibilitu p\u0159i pr\u00e1ci.\" \/>\n<meta property=\"og:url\" content=\"https:\/\/alegerglobal.com\/cs\/shop-cs\/prislusenstvi\/drzak-s-otocnym-reminkem-na-zapesti-a-stojankem-na-nohy\/\" \/>\n<meta property=\"og:site_name\" content=\"ALEGER \u22c6 Augmented Reality\" \/>\n<meta property=\"article:modified_time\" content=\"2022-05-19T07:53:29+00:00\" \/>\n<meta property=\"og:image\" content=\"https:\/\/alegerglobal.com\/wp-content\/uploads\/2021\/02\/Unbenannt-133.jpg\" \/>\n\t<meta property=\"og:image:width\" content=\"800\" \/>\n\t<meta property=\"og:image:height\" content=\"800\" \/>\n\t<meta property=\"og:image:type\" content=\"image\/jpeg\" \/>\n<meta name=\"twitter:card\" content=\"summary_large_image\" \/>\n<meta name=\"twitter:label1\" content=\"Cena\" \/>\n\t<meta name=\"twitter:data1\" content=\"&euro;92,99\" \/>\n\t<meta name=\"twitter:label2\" content=\"Dostupnost\" \/>\n\t<meta name=\"twitter:data2\" content=\"Skladem\" \/>\n<script type=\"application\/ld+json\" class=\"yoast-schema-graph\">{\"@context\":\"https:\/\/schema.org\",\"@graph\":[{\"@type\":\"WebPage\",\"@id\":\"https:\/\/alegerglobal.com\/cs\/shop-cs\/prislusenstvi\/drzak-s-otocnym-reminkem-na-zapesti-a-stojankem-na-nohy\/\",\"url\":\"https:\/\/alegerglobal.com\/cs\/shop-cs\/prislusenstvi\/drzak-s-otocnym-reminkem-na-zapesti-a-stojankem-na-nohy\/\",\"name\":\"- ALEGER \u22c6 Augmented Reality\",\"isPartOf\":{\"@id\":\"https:\/\/alegerglobal.com\/cs\/#website\"},\"primaryImageOfPage\":{\"@id\":\"https:\/\/alegerglobal.com\/cs\/shop-cs\/prislusenstvi\/drzak-s-otocnym-reminkem-na-zapesti-a-stojankem-na-nohy\/#primaryimage\"},\"image\":{\"@id\":\"https:\/\/alegerglobal.com\/cs\/shop-cs\/prislusenstvi\/drzak-s-otocnym-reminkem-na-zapesti-a-stojankem-na-nohy\/#primaryimage\"},\"thumbnailUrl\":\"https:\/\/alegerglobal.com\/wp-content\/uploads\/2021\/02\/Unbenannt-133.jpg\",\"datePublished\":\"2022-05-19T07:53:24+00:00\",\"dateModified\":\"2022-05-19T07:53:29+00:00\",\"breadcrumb\":{\"@id\":\"https:\/\/alegerglobal.com\/cs\/shop-cs\/prislusenstvi\/drzak-s-otocnym-reminkem-na-zapesti-a-stojankem-na-nohy\/#breadcrumb\"},\"inLanguage\":\"cs\",\"potentialAction\":[{\"@type\":\"ReadAction\",\"target\":[\"https:\/\/alegerglobal.com\/cs\/shop-cs\/prislusenstvi\/drzak-s-otocnym-reminkem-na-zapesti-a-stojankem-na-nohy\/\"]}]},{\"@type\":\"ImageObject\",\"inLanguage\":\"cs\",\"@id\":\"https:\/\/alegerglobal.com\/cs\/shop-cs\/prislusenstvi\/drzak-s-otocnym-reminkem-na-zapesti-a-stojankem-na-nohy\/#primaryimage\",\"url\":\"https:\/\/alegerglobal.com\/wp-content\/uploads\/2021\/02\/Unbenannt-133.jpg\",\"contentUrl\":\"https:\/\/alegerglobal.com\/wp-content\/uploads\/2021\/02\/Unbenannt-133.jpg\",\"width\":800,\"height\":800},{\"@type\":\"BreadcrumbList\",\"@id\":\"https:\/\/alegerglobal.com\/cs\/shop-cs\/prislusenstvi\/drzak-s-otocnym-reminkem-na-zapesti-a-stojankem-na-nohy\/#breadcrumb\",\"itemListElement\":[{\"@type\":\"ListItem\",\"position\":1,\"name\":\"Home\",\"item\":\"https:\/\/alegerglobal.com\/cs\/novinka-domovska-stranka\/\"},{\"@type\":\"ListItem\",\"position\":2,\"name\":\"Produkty\",\"item\":\"https:\/\/alegerglobal.com\/cs\/produkty\/\"},{\"@type\":\"ListItem\",\"position\":3,\"name\":\"DR\u017d\u00c1K s oto\u010dn\u00fdm \u0159em\u00ednkem na z\u00e1p\u011bst\u00ed a stoj\u00e1nkem na nohy\"}]},{\"@type\":\"WebSite\",\"@id\":\"https:\/\/alegerglobal.com\/cs\/#website\",\"url\":\"https:\/\/alegerglobal.com\/cs\/\",\"name\":\"ALEGER \u22c6 Augmented Reality\",\"description\":\"Die besten Augmented Reality (AR) L\u00f6sungen der Welt.\",\"publisher\":{\"@id\":\"https:\/\/alegerglobal.com\/cs\/#organization\"},\"potentialAction\":[{\"@type\":\"SearchAction\",\"target\":{\"@type\":\"EntryPoint\",\"urlTemplate\":\"https:\/\/alegerglobal.com\/cs\/?s={search_term_string}\"},\"query-input\":{\"@type\":\"PropertyValueSpecification\",\"valueRequired\":true,\"valueName\":\"search_term_string\"}}],\"inLanguage\":\"cs\"},{\"@type\":\"Organization\",\"@id\":\"https:\/\/alegerglobal.com\/cs\/#organization\",\"name\":\"ALEGER \u22c6 Augmented Reality\",\"url\":\"https:\/\/alegerglobal.com\/cs\/\",\"logo\":{\"@type\":\"ImageObject\",\"inLanguage\":\"cs\",\"@id\":\"https:\/\/alegerglobal.com\/cs\/#\/schema\/logo\/image\/\",\"url\":\"https:\/\/alegerglobal.com\/wp-content\/uploads\/2020\/12\/aleger-logo-quadrat.jpg\",\"contentUrl\":\"https:\/\/alegerglobal.com\/wp-content\/uploads\/2020\/12\/aleger-logo-quadrat.jpg\",\"width\":200,\"height\":176,\"caption\":\"ALEGER \u22c6 Augmented Reality\"},\"image\":{\"@id\":\"https:\/\/alegerglobal.com\/cs\/#\/schema\/logo\/image\/\"}}]}<\/script>\n<meta property=\"product:brand\" content=\"Getac\" \/>\n<meta property=\"product:price:amount\" content=\"92.99\" \/>\n<meta property=\"product:price:currency\" content=\"EUR\" \/>\n<meta property=\"og:availability\" content=\"instock\" \/>\n<meta property=\"product:availability\" content=\"instock\" \/>\n<meta property=\"product:condition\" content=\"new\" \/>\n<!-- \/ Yoast SEO Premium plugin. -->","yoast_head_json":{"title":"- ALEGER \u22c6 Augmented Reality","robots":{"index":"index","follow":"follow","max-snippet":"max-snippet:-1","max-image-preview":"max-image-preview:large","max-video-preview":"max-video-preview:-1"},"og_locale":"cs_CZ","og_type":"article","og_title":"DR\u017d\u00c1K s oto\u010dn\u00fdm \u0159em\u00ednkem na z\u00e1p\u011bst\u00ed a stoj\u00e1nkem na nohy","og_description":"Oto\u010dn\u00fd \u0159em\u00ednek na ruku tabletu UX10-Ex je navr\u017een tak, aby pou\u017e\u00edv\u00e1n\u00ed tabletu bylo snaz\u0161\u00ed a pohodln\u011bj\u0161\u00ed. vyrobit. Nosn\u00fd popruh lze nastavit tak, aby vyhovoval v\u011bt\u0161in\u011b velikost\u00ed rukou, a lze jej ot\u00e1\u010det o 360 stup\u0148\u016f, abyste mohli naj\u00edt ide\u00e1ln\u00ed pozorovac\u00ed \u00fahel na cest\u00e1ch. Obsahuje tak\u00e9 vestav\u011bn\u00fd stoj\u00e1nek, kter\u00fd umo\u017e\u0148uje hands-free Pou\u017eit\u00ed na rovn\u00fdch ploch\u00e1ch pro v\u011bt\u0161\u00ed flexibilitu p\u0159i pr\u00e1ci.","og_url":"https:\/\/alegerglobal.com\/cs\/shop-cs\/prislusenstvi\/drzak-s-otocnym-reminkem-na-zapesti-a-stojankem-na-nohy\/","og_site_name":"ALEGER \u22c6 Augmented Reality","article_modified_time":"2022-05-19T07:53:29+00:00","og_image":[{"width":800,"height":800,"url":"https:\/\/alegerglobal.com\/wp-content\/uploads\/2021\/02\/Unbenannt-133.jpg","type":"image\/jpeg"}],"twitter_card":"summary_large_image","twitter_misc":{"Cena":"&euro;92,99","Dostupnost":"Skladem"},"schema":{"@context":"https:\/\/schema.org","@graph":[{"@type":"WebPage","@id":"https:\/\/alegerglobal.com\/cs\/shop-cs\/prislusenstvi\/drzak-s-otocnym-reminkem-na-zapesti-a-stojankem-na-nohy\/","url":"https:\/\/alegerglobal.com\/cs\/shop-cs\/prislusenstvi\/drzak-s-otocnym-reminkem-na-zapesti-a-stojankem-na-nohy\/","name":"- ALEGER \u22c6 Augmented Reality","isPartOf":{"@id":"https:\/\/alegerglobal.com\/cs\/#website"},"primaryImageOfPage":{"@id":"https:\/\/alegerglobal.com\/cs\/shop-cs\/prislusenstvi\/drzak-s-otocnym-reminkem-na-zapesti-a-stojankem-na-nohy\/#primaryimage"},"image":{"@id":"https:\/\/alegerglobal.com\/cs\/shop-cs\/prislusenstvi\/drzak-s-otocnym-reminkem-na-zapesti-a-stojankem-na-nohy\/#primaryimage"},"thumbnailUrl":"https:\/\/alegerglobal.com\/wp-content\/uploads\/2021\/02\/Unbenannt-133.jpg","datePublished":"2022-05-19T07:53:24+00:00","dateModified":"2022-05-19T07:53:29+00:00","breadcrumb":{"@id":"https:\/\/alegerglobal.com\/cs\/shop-cs\/prislusenstvi\/drzak-s-otocnym-reminkem-na-zapesti-a-stojankem-na-nohy\/#breadcrumb"},"inLanguage":"cs","potentialAction":[{"@type":"ReadAction","target":["https:\/\/alegerglobal.com\/cs\/shop-cs\/prislusenstvi\/drzak-s-otocnym-reminkem-na-zapesti-a-stojankem-na-nohy\/"]}]},{"@type":"ImageObject","inLanguage":"cs","@id":"https:\/\/alegerglobal.com\/cs\/shop-cs\/prislusenstvi\/drzak-s-otocnym-reminkem-na-zapesti-a-stojankem-na-nohy\/#primaryimage","url":"https:\/\/alegerglobal.com\/wp-content\/uploads\/2021\/02\/Unbenannt-133.jpg","contentUrl":"https:\/\/alegerglobal.com\/wp-content\/uploads\/2021\/02\/Unbenannt-133.jpg","width":800,"height":800},{"@type":"BreadcrumbList","@id":"https:\/\/alegerglobal.com\/cs\/shop-cs\/prislusenstvi\/drzak-s-otocnym-reminkem-na-zapesti-a-stojankem-na-nohy\/#breadcrumb","itemListElement":[{"@type":"ListItem","position":1,"name":"Home","item":"https:\/\/alegerglobal.com\/cs\/novinka-domovska-stranka\/"},{"@type":"ListItem","position":2,"name":"Produkty","item":"https:\/\/alegerglobal.com\/cs\/produkty\/"},{"@type":"ListItem","position":3,"name":"DR\u017d\u00c1K s oto\u010dn\u00fdm \u0159em\u00ednkem na z\u00e1p\u011bst\u00ed a stoj\u00e1nkem na nohy"}]},{"@type":"WebSite","@id":"https:\/\/alegerglobal.com\/cs\/#website","url":"https:\/\/alegerglobal.com\/cs\/","name":"ALEGER \u22c6 Augmented Reality","description":"Die besten Augmented Reality (AR) L\u00f6sungen der Welt.","publisher":{"@id":"https:\/\/alegerglobal.com\/cs\/#organization"},"potentialAction":[{"@type":"SearchAction","target":{"@type":"EntryPoint","urlTemplate":"https:\/\/alegerglobal.com\/cs\/?s={search_term_string}"},"query-input":{"@type":"PropertyValueSpecification","valueRequired":true,"valueName":"search_term_string"}}],"inLanguage":"cs"},{"@type":"Organization","@id":"https:\/\/alegerglobal.com\/cs\/#organization","name":"ALEGER \u22c6 Augmented Reality","url":"https:\/\/alegerglobal.com\/cs\/","logo":{"@type":"ImageObject","inLanguage":"cs","@id":"https:\/\/alegerglobal.com\/cs\/#\/schema\/logo\/image\/","url":"https:\/\/alegerglobal.com\/wp-content\/uploads\/2020\/12\/aleger-logo-quadrat.jpg","contentUrl":"https:\/\/alegerglobal.com\/wp-content\/uploads\/2020\/12\/aleger-logo-quadrat.jpg","width":200,"height":176,"caption":"ALEGER \u22c6 Augmented Reality"},"image":{"@id":"https:\/\/alegerglobal.com\/cs\/#\/schema\/logo\/image\/"}}]},"product_brand":"Getac","product_price_amount":"92.99","product_price_currency":"EUR","og_availability":"instock","product_availability":"instock","product_condition":"new"},"_links":{"self":[{"href":"https:\/\/alegerglobal.com\/cs\/wp-json\/wp\/v2\/product\/34885","targetHints":{"allow":["GET"]}}],"collection":[{"href":"https:\/\/alegerglobal.com\/cs\/wp-json\/wp\/v2\/product"}],"about":[{"href":"https:\/\/alegerglobal.com\/cs\/wp-json\/wp\/v2\/types\/product"}],"replies":[{"embeddable":true,"href":"https:\/\/alegerglobal.com\/cs\/wp-json\/wp\/v2\/comments?post=34885"}],"version-history":[{"count":1,"href":"https:\/\/alegerglobal.com\/cs\/wp-json\/wp\/v2\/product\/34885\/revisions"}],"predecessor-version":[{"id":34888,"href":"https:\/\/alegerglobal.com\/cs\/wp-json\/wp\/v2\/product\/34885\/revisions\/34888"}],"wp:featuredmedia":[{"embeddable":true,"href":"https:\/\/alegerglobal.com\/cs\/wp-json\/wp\/v2\/media\/13071"}],"wp:attachment":[{"href":"https:\/\/alegerglobal.com\/cs\/wp-json\/wp\/v2\/media?parent=34885"}],"wp:term":[{"taxonomy":"product_brand","embeddable":true,"href":"https:\/\/alegerglobal.com\/cs\/wp-json\/wp\/v2\/product_brand?post=34885"},{"taxonomy":"product_cat","embeddable":true,"href":"https:\/\/alegerglobal.com\/cs\/wp-json\/wp\/v2\/product_cat?post=34885"},{"taxonomy":"product_tag","embeddable":true,"href":"https:\/\/alegerglobal.com\/cs\/wp-json\/wp\/v2\/product_tag?post=34885"}],"curies":[{"name":"wp","href":"https:\/\/api.w.org\/{rel}","templated":true}]}}