{"id":34876,"date":"2021-02-05T05:29:38","date_gmt":"2022-05-19T07:52:17","guid":{"rendered":"https:\/\/alegerglobal.com\/nezarazene\/rozsirujici-baterie-jako-zasuvny-modul\/"},"modified":"2022-05-19T08:52:21","modified_gmt":"2022-05-19T07:52:21","slug":"rozsirujici-baterie-jako-zasuvny-modul","status":"publish","type":"product","link":"https:\/\/alegerglobal.com\/cs\/shop-cs\/prislusenstvi\/rozsirujici-baterie-jako-zasuvny-modul\/","title":{"rendered":"ROZ\u0160I\u0158UJ\u00cdC\u00cd BATERIE JAKO Z\u00c1SUVN\u00dd MODUL"},"content":{"rendered":"\t\t<div data-elementor-type=\"product-post\" data-elementor-id=\"34876\" class=\"elementor elementor-34876 elementor-4260\" data-elementor-settings=\"{&quot;ha_cmc_init_switcher&quot;:&quot;no&quot;}\" data-elementor-post-type=\"product\">\n\t\t\t\t\t\t<section class=\"elementor-section elementor-top-section elementor-element elementor-element-62f480a elementor-section-boxed elementor-section-height-default elementor-section-height-default\" data-id=\"62f480a\" data-element_type=\"section\" data-settings=\"{&quot;jet_parallax_layout_list&quot;:[],&quot;_ha_eqh_enable&quot;:false}\">\n\t\t\t\t\t\t<div class=\"elementor-container elementor-column-gap-default\">\n\t\t\t\t\t<div class=\"elementor-column elementor-col-100 elementor-top-column elementor-element elementor-element-fd1bab9\" data-id=\"fd1bab9\" data-element_type=\"column\">\n\t\t\t<div class=\"elementor-widget-wrap elementor-element-populated\">\n\t\t\t\t\t\t<div class=\"elementor-element elementor-element-76b6e3d elementor-widget elementor-widget-text-editor\" data-id=\"76b6e3d\" data-element_type=\"widget\" data-widget_type=\"text-editor.default\">\n\t\t\t\t<div class=\"elementor-widget-container\">\n\t\t\t\t\t\t\t\t\t<p><strong>Informace o v\u00fdrobku<\/strong><\/p><p>Typ baterie: Lithium-iontov\u00e1<\/p><p>Jmenovit\u00e9 nap\u011bt\u00ed: 14,8 V<\/p><p>Obvykl\u00e1 kapacita: 2100 mAh<\/p><p>Hmotnost akumul\u00e1toru: 285 g<\/p><p> <\/p><p><strong>ID SKU<\/strong><\/p><p>ID SKU: GBS4X1<\/p>\t\t\t\t\t\t\t\t<\/div>\n\t\t\t\t<\/div>\n\t\t\t\t\t<\/div>\n\t\t<\/div>\n\t\t\t\t\t<\/div>\n\t\t<\/section>\n\t\t\t\t<\/div>\n\t\t","protected":false},"excerpt":{"rendered":"<p>Tuto roz\u0161i\u0159uj\u00edc\u00ed baterii lze p\u0159ipojit k T800 jako z\u00e1suvn\u00fd modul a dodat tak jednotce dal\u0161\u00ed energii.<br \/>\nposkytnout. Baterie je vybavena indik\u00e1torem LED, kter\u00fd ukazuje odpov\u00eddaj\u00edc\u00ed \u00farove\u0148 nabit\u00ed. Stiskn\u011bte tla\u010d\u00edtko a zjist\u011bte, kolik diod LED se rozsv\u00edt\u00ed zelen\u011b.<\/p>\n","protected":false},"featured_media":12999,"comment_status":"open","ping_status":"closed","template":"","meta":{"_acf_changed":false},"product_brand":[],"product_cat":[1529,1516],"product_tag":[],"class_list":{"0":"post-34876","1":"product","2":"type-product","3":"status-publish","4":"has-post-thumbnail","6":"product_cat-prislusenstvi","7":"product_cat-shop-cs","8":"pa_hersteller-getac-cs","10":"first","11":"instock","12":"taxable","13":"shipping-taxable","14":"purchasable","15":"product-type-simple"},"acf":[],"yoast_head":"<!-- This site is optimized with the Yoast SEO Premium plugin v20.10 (Yoast SEO v24.3) - https:\/\/yoast.com\/wordpress\/plugins\/seo\/ -->\n<title>- ALEGER \u22c6 Augmented Reality<\/title>\n<meta name=\"robots\" content=\"index, follow, max-snippet:-1, max-image-preview:large, max-video-preview:-1\" \/>\n<meta property=\"og:locale\" content=\"cs_CZ\" \/>\n<meta property=\"og:type\" content=\"article\" \/>\n<meta property=\"og:title\" content=\"ROZ\u0160I\u0158UJ\u00cdC\u00cd BATERIE JAKO Z\u00c1SUVN\u00dd MODUL\" \/>\n<meta property=\"og:description\" content=\"Tuto roz\u0161i\u0159uj\u00edc\u00ed baterii lze p\u0159ipojit k T800 jako z\u00e1suvn\u00fd modul a dodat tak jednotce dal\u0161\u00ed energii. poskytnout. Baterie je vybavena indik\u00e1torem LED, kter\u00fd ukazuje odpov\u00eddaj\u00edc\u00ed \u00farove\u0148 nabit\u00ed. Stiskn\u011bte tla\u010d\u00edtko a zjist\u011bte, kolik diod LED se rozsv\u00edt\u00ed zelen\u011b.\" \/>\n<meta property=\"og:url\" content=\"https:\/\/alegerglobal.com\/cs\/shop-cs\/prislusenstvi\/rozsirujici-baterie-jako-zasuvny-modul\/\" \/>\n<meta property=\"og:site_name\" content=\"ALEGER \u22c6 Augmented Reality\" \/>\n<meta property=\"article:modified_time\" content=\"2022-05-19T07:52:21+00:00\" \/>\n<meta property=\"og:image\" content=\"https:\/\/alegerglobal.com\/wp-content\/uploads\/2021\/02\/Unbenannt-99.jpg\" \/>\n\t<meta property=\"og:image:width\" content=\"800\" \/>\n\t<meta property=\"og:image:height\" content=\"800\" \/>\n\t<meta property=\"og:image:type\" content=\"image\/jpeg\" \/>\n<meta name=\"twitter:card\" content=\"summary_large_image\" \/>\n<meta name=\"twitter:label1\" content=\"Cena\" \/>\n\t<meta name=\"twitter:data1\" content=\"&euro;184,99\" \/>\n\t<meta name=\"twitter:label2\" content=\"Dostupnost\" \/>\n\t<meta name=\"twitter:data2\" content=\"Skladem\" \/>\n<script type=\"application\/ld+json\" class=\"yoast-schema-graph\">{\"@context\":\"https:\/\/schema.org\",\"@graph\":[{\"@type\":\"WebPage\",\"@id\":\"https:\/\/alegerglobal.com\/cs\/shop-cs\/prislusenstvi\/rozsirujici-baterie-jako-zasuvny-modul\/\",\"url\":\"https:\/\/alegerglobal.com\/cs\/shop-cs\/prislusenstvi\/rozsirujici-baterie-jako-zasuvny-modul\/\",\"name\":\"- ALEGER \u22c6 Augmented Reality\",\"isPartOf\":{\"@id\":\"https:\/\/alegerglobal.com\/cs\/#website\"},\"primaryImageOfPage\":{\"@id\":\"https:\/\/alegerglobal.com\/cs\/shop-cs\/prislusenstvi\/rozsirujici-baterie-jako-zasuvny-modul\/#primaryimage\"},\"image\":{\"@id\":\"https:\/\/alegerglobal.com\/cs\/shop-cs\/prislusenstvi\/rozsirujici-baterie-jako-zasuvny-modul\/#primaryimage\"},\"thumbnailUrl\":\"https:\/\/alegerglobal.com\/wp-content\/uploads\/2021\/02\/Unbenannt-99.jpg\",\"datePublished\":\"2022-05-19T07:52:17+00:00\",\"dateModified\":\"2022-05-19T07:52:21+00:00\",\"breadcrumb\":{\"@id\":\"https:\/\/alegerglobal.com\/cs\/shop-cs\/prislusenstvi\/rozsirujici-baterie-jako-zasuvny-modul\/#breadcrumb\"},\"inLanguage\":\"cs\",\"potentialAction\":[{\"@type\":\"ReadAction\",\"target\":[\"https:\/\/alegerglobal.com\/cs\/shop-cs\/prislusenstvi\/rozsirujici-baterie-jako-zasuvny-modul\/\"]}]},{\"@type\":\"ImageObject\",\"inLanguage\":\"cs\",\"@id\":\"https:\/\/alegerglobal.com\/cs\/shop-cs\/prislusenstvi\/rozsirujici-baterie-jako-zasuvny-modul\/#primaryimage\",\"url\":\"https:\/\/alegerglobal.com\/wp-content\/uploads\/2021\/02\/Unbenannt-99.jpg\",\"contentUrl\":\"https:\/\/alegerglobal.com\/wp-content\/uploads\/2021\/02\/Unbenannt-99.jpg\",\"width\":800,\"height\":800},{\"@type\":\"BreadcrumbList\",\"@id\":\"https:\/\/alegerglobal.com\/cs\/shop-cs\/prislusenstvi\/rozsirujici-baterie-jako-zasuvny-modul\/#breadcrumb\",\"itemListElement\":[{\"@type\":\"ListItem\",\"position\":1,\"name\":\"Home\",\"item\":\"https:\/\/alegerglobal.com\/cs\/novinka-domovska-stranka\/\"},{\"@type\":\"ListItem\",\"position\":2,\"name\":\"Produkty\",\"item\":\"https:\/\/alegerglobal.com\/cs\/produkty\/\"},{\"@type\":\"ListItem\",\"position\":3,\"name\":\"ROZ\u0160I\u0158UJ\u00cdC\u00cd BATERIE JAKO Z\u00c1SUVN\u00dd MODUL\"}]},{\"@type\":\"WebSite\",\"@id\":\"https:\/\/alegerglobal.com\/cs\/#website\",\"url\":\"https:\/\/alegerglobal.com\/cs\/\",\"name\":\"ALEGER \u22c6 Augmented Reality\",\"description\":\"Die besten Augmented Reality (AR) L\u00f6sungen der Welt.\",\"publisher\":{\"@id\":\"https:\/\/alegerglobal.com\/cs\/#organization\"},\"potentialAction\":[{\"@type\":\"SearchAction\",\"target\":{\"@type\":\"EntryPoint\",\"urlTemplate\":\"https:\/\/alegerglobal.com\/cs\/?s={search_term_string}\"},\"query-input\":{\"@type\":\"PropertyValueSpecification\",\"valueRequired\":true,\"valueName\":\"search_term_string\"}}],\"inLanguage\":\"cs\"},{\"@type\":\"Organization\",\"@id\":\"https:\/\/alegerglobal.com\/cs\/#organization\",\"name\":\"ALEGER \u22c6 Augmented Reality\",\"url\":\"https:\/\/alegerglobal.com\/cs\/\",\"logo\":{\"@type\":\"ImageObject\",\"inLanguage\":\"cs\",\"@id\":\"https:\/\/alegerglobal.com\/cs\/#\/schema\/logo\/image\/\",\"url\":\"https:\/\/alegerglobal.com\/wp-content\/uploads\/2020\/12\/aleger-logo-quadrat.jpg\",\"contentUrl\":\"https:\/\/alegerglobal.com\/wp-content\/uploads\/2020\/12\/aleger-logo-quadrat.jpg\",\"width\":200,\"height\":176,\"caption\":\"ALEGER \u22c6 Augmented Reality\"},\"image\":{\"@id\":\"https:\/\/alegerglobal.com\/cs\/#\/schema\/logo\/image\/\"}}]}<\/script>\n<meta property=\"product:brand\" content=\"Getac\" \/>\n<meta property=\"product:price:amount\" content=\"184.99\" \/>\n<meta property=\"product:price:currency\" content=\"EUR\" \/>\n<meta property=\"og:availability\" content=\"instock\" \/>\n<meta property=\"product:availability\" content=\"instock\" \/>\n<meta property=\"product:condition\" content=\"new\" \/>\n<!-- \/ Yoast SEO Premium plugin. -->","yoast_head_json":{"title":"- ALEGER \u22c6 Augmented Reality","robots":{"index":"index","follow":"follow","max-snippet":"max-snippet:-1","max-image-preview":"max-image-preview:large","max-video-preview":"max-video-preview:-1"},"og_locale":"cs_CZ","og_type":"article","og_title":"ROZ\u0160I\u0158UJ\u00cdC\u00cd BATERIE JAKO Z\u00c1SUVN\u00dd MODUL","og_description":"Tuto roz\u0161i\u0159uj\u00edc\u00ed baterii lze p\u0159ipojit k T800 jako z\u00e1suvn\u00fd modul a dodat tak jednotce dal\u0161\u00ed energii. poskytnout. Baterie je vybavena indik\u00e1torem LED, kter\u00fd ukazuje odpov\u00eddaj\u00edc\u00ed \u00farove\u0148 nabit\u00ed. Stiskn\u011bte tla\u010d\u00edtko a zjist\u011bte, kolik diod LED se rozsv\u00edt\u00ed zelen\u011b.","og_url":"https:\/\/alegerglobal.com\/cs\/shop-cs\/prislusenstvi\/rozsirujici-baterie-jako-zasuvny-modul\/","og_site_name":"ALEGER \u22c6 Augmented Reality","article_modified_time":"2022-05-19T07:52:21+00:00","og_image":[{"width":800,"height":800,"url":"https:\/\/alegerglobal.com\/wp-content\/uploads\/2021\/02\/Unbenannt-99.jpg","type":"image\/jpeg"}],"twitter_card":"summary_large_image","twitter_misc":{"Cena":"&euro;184,99","Dostupnost":"Skladem"},"schema":{"@context":"https:\/\/schema.org","@graph":[{"@type":"WebPage","@id":"https:\/\/alegerglobal.com\/cs\/shop-cs\/prislusenstvi\/rozsirujici-baterie-jako-zasuvny-modul\/","url":"https:\/\/alegerglobal.com\/cs\/shop-cs\/prislusenstvi\/rozsirujici-baterie-jako-zasuvny-modul\/","name":"- ALEGER \u22c6 Augmented Reality","isPartOf":{"@id":"https:\/\/alegerglobal.com\/cs\/#website"},"primaryImageOfPage":{"@id":"https:\/\/alegerglobal.com\/cs\/shop-cs\/prislusenstvi\/rozsirujici-baterie-jako-zasuvny-modul\/#primaryimage"},"image":{"@id":"https:\/\/alegerglobal.com\/cs\/shop-cs\/prislusenstvi\/rozsirujici-baterie-jako-zasuvny-modul\/#primaryimage"},"thumbnailUrl":"https:\/\/alegerglobal.com\/wp-content\/uploads\/2021\/02\/Unbenannt-99.jpg","datePublished":"2022-05-19T07:52:17+00:00","dateModified":"2022-05-19T07:52:21+00:00","breadcrumb":{"@id":"https:\/\/alegerglobal.com\/cs\/shop-cs\/prislusenstvi\/rozsirujici-baterie-jako-zasuvny-modul\/#breadcrumb"},"inLanguage":"cs","potentialAction":[{"@type":"ReadAction","target":["https:\/\/alegerglobal.com\/cs\/shop-cs\/prislusenstvi\/rozsirujici-baterie-jako-zasuvny-modul\/"]}]},{"@type":"ImageObject","inLanguage":"cs","@id":"https:\/\/alegerglobal.com\/cs\/shop-cs\/prislusenstvi\/rozsirujici-baterie-jako-zasuvny-modul\/#primaryimage","url":"https:\/\/alegerglobal.com\/wp-content\/uploads\/2021\/02\/Unbenannt-99.jpg","contentUrl":"https:\/\/alegerglobal.com\/wp-content\/uploads\/2021\/02\/Unbenannt-99.jpg","width":800,"height":800},{"@type":"BreadcrumbList","@id":"https:\/\/alegerglobal.com\/cs\/shop-cs\/prislusenstvi\/rozsirujici-baterie-jako-zasuvny-modul\/#breadcrumb","itemListElement":[{"@type":"ListItem","position":1,"name":"Home","item":"https:\/\/alegerglobal.com\/cs\/novinka-domovska-stranka\/"},{"@type":"ListItem","position":2,"name":"Produkty","item":"https:\/\/alegerglobal.com\/cs\/produkty\/"},{"@type":"ListItem","position":3,"name":"ROZ\u0160I\u0158UJ\u00cdC\u00cd BATERIE JAKO Z\u00c1SUVN\u00dd MODUL"}]},{"@type":"WebSite","@id":"https:\/\/alegerglobal.com\/cs\/#website","url":"https:\/\/alegerglobal.com\/cs\/","name":"ALEGER \u22c6 Augmented Reality","description":"Die besten Augmented Reality (AR) L\u00f6sungen der Welt.","publisher":{"@id":"https:\/\/alegerglobal.com\/cs\/#organization"},"potentialAction":[{"@type":"SearchAction","target":{"@type":"EntryPoint","urlTemplate":"https:\/\/alegerglobal.com\/cs\/?s={search_term_string}"},"query-input":{"@type":"PropertyValueSpecification","valueRequired":true,"valueName":"search_term_string"}}],"inLanguage":"cs"},{"@type":"Organization","@id":"https:\/\/alegerglobal.com\/cs\/#organization","name":"ALEGER \u22c6 Augmented Reality","url":"https:\/\/alegerglobal.com\/cs\/","logo":{"@type":"ImageObject","inLanguage":"cs","@id":"https:\/\/alegerglobal.com\/cs\/#\/schema\/logo\/image\/","url":"https:\/\/alegerglobal.com\/wp-content\/uploads\/2020\/12\/aleger-logo-quadrat.jpg","contentUrl":"https:\/\/alegerglobal.com\/wp-content\/uploads\/2020\/12\/aleger-logo-quadrat.jpg","width":200,"height":176,"caption":"ALEGER \u22c6 Augmented Reality"},"image":{"@id":"https:\/\/alegerglobal.com\/cs\/#\/schema\/logo\/image\/"}}]},"product_brand":"Getac","product_price_amount":"184.99","product_price_currency":"EUR","og_availability":"instock","product_availability":"instock","product_condition":"new"},"_links":{"self":[{"href":"https:\/\/alegerglobal.com\/cs\/wp-json\/wp\/v2\/product\/34876","targetHints":{"allow":["GET"]}}],"collection":[{"href":"https:\/\/alegerglobal.com\/cs\/wp-json\/wp\/v2\/product"}],"about":[{"href":"https:\/\/alegerglobal.com\/cs\/wp-json\/wp\/v2\/types\/product"}],"replies":[{"embeddable":true,"href":"https:\/\/alegerglobal.com\/cs\/wp-json\/wp\/v2\/comments?post=34876"}],"version-history":[{"count":1,"href":"https:\/\/alegerglobal.com\/cs\/wp-json\/wp\/v2\/product\/34876\/revisions"}],"predecessor-version":[{"id":34878,"href":"https:\/\/alegerglobal.com\/cs\/wp-json\/wp\/v2\/product\/34876\/revisions\/34878"}],"wp:featuredmedia":[{"embeddable":true,"href":"https:\/\/alegerglobal.com\/cs\/wp-json\/wp\/v2\/media\/12999"}],"wp:attachment":[{"href":"https:\/\/alegerglobal.com\/cs\/wp-json\/wp\/v2\/media?parent=34876"}],"wp:term":[{"taxonomy":"product_brand","embeddable":true,"href":"https:\/\/alegerglobal.com\/cs\/wp-json\/wp\/v2\/product_brand?post=34876"},{"taxonomy":"product_cat","embeddable":true,"href":"https:\/\/alegerglobal.com\/cs\/wp-json\/wp\/v2\/product_cat?post=34876"},{"taxonomy":"product_tag","embeddable":true,"href":"https:\/\/alegerglobal.com\/cs\/wp-json\/wp\/v2\/product_tag?post=34876"}],"curies":[{"name":"wp","href":"https:\/\/api.w.org\/{rel}","templated":true}]}}