{"id":34841,"date":"2021-02-03T11:53:01","date_gmt":"2022-05-19T07:49:24","guid":{"rendered":"https:\/\/alegerglobal.com\/nezarazene\/office-dock-se-sitovym-adapterem-v110\/"},"modified":"2022-05-19T08:49:29","modified_gmt":"2022-05-19T07:49:29","slug":"office-dock-se-sitovym-adapterem-v110","status":"publish","type":"product","link":"https:\/\/alegerglobal.com\/cs\/shop-cs\/prislusenstvi\/office-dock-se-sitovym-adapterem-v110\/","title":{"rendered":"OFFICE DOCK se s\u00ed\u0165ov\u00fdm adapt\u00e9rem V110"},"content":{"rendered":"\t\t<div data-elementor-type=\"product-post\" data-elementor-id=\"34841\" class=\"elementor elementor-34841 elementor-4001\" data-elementor-settings=\"{&quot;ha_cmc_init_switcher&quot;:&quot;no&quot;}\" data-elementor-post-type=\"product\">\n\t\t\t\t\t\t<section class=\"elementor-section elementor-top-section elementor-element elementor-element-28ffcbc elementor-section-boxed elementor-section-height-default elementor-section-height-default\" data-id=\"28ffcbc\" data-element_type=\"section\" data-settings=\"{&quot;jet_parallax_layout_list&quot;:[],&quot;_ha_eqh_enable&quot;:false}\">\n\t\t\t\t\t\t<div class=\"elementor-container elementor-column-gap-default\">\n\t\t\t\t\t<div class=\"elementor-column elementor-col-100 elementor-top-column elementor-element elementor-element-adb34e0\" data-id=\"adb34e0\" data-element_type=\"column\">\n\t\t\t<div class=\"elementor-widget-wrap elementor-element-populated\">\n\t\t\t\t\t\t<div class=\"elementor-element elementor-element-fc76bef elementor-widget elementor-widget-text-editor\" data-id=\"fc76bef\" data-element_type=\"widget\" data-widget_type=\"text-editor.default\">\n\t\t\t\t<div class=\"elementor-widget-container\">\n\t\t\t\t\t\t\t\t\t<p class=\"MsoNormal\"><b>Informace o v\u00fdrobku<\/b><\/p><p><\/p><p class=\"MsoNormal\">Rozm\u011bry: D 301,67 x \u0160 153,82 x \u0160<\/p><p><\/p><p class=\"MsoNormal\">40,42 mm<\/p><p><\/p><p class=\"MsoNormal\">Hmotnost: 825 g<\/p><p><\/p><p class=\"MsoNormal\">Dokovac\u00ed z\u00e1str\u010dka: POGO<\/p><p><\/p><p class=\"MsoNormal\">* se s\u00ed\u0165ov\u00fdm adapt\u00e9rem 90 W<\/p><p><\/p><p class=\"MsoNormal\">P\u0159ipojen\u00ed I\/O:<\/p><p><\/p><p class=\"MsoNormal\">Z\u00e1suvka DC x 1<\/p><p><\/p><p class=\"MsoNormal\">Zvukov\u00fd v\u00fdstup x 1<\/p><p><\/p><p class=\"MsoNormal\">Mikrofon x 1<\/p><p><\/p><p class=\"MsoNormal\">USB 2.0 x 3<\/p><p><\/p><p class=\"MsoNormal\">USB 3.0 x 1<\/p><p><\/p><p class=\"MsoNormal\">LAN x 1<\/p><p><\/p><p class=\"MsoNormal\">HDMI x 1<\/p><p><\/p><p class=\"MsoNormal\">VGA x 1<\/p><p><\/p><p class=\"MsoNormal\">S\u00e9riov\u00fd port x 2<\/p><p><\/p><p>\n\n\n\n\n\n\n\n\n\n\n\n\n\n\n\n\n\n\n\n\n\n\n\n\n\n\n\n\n\n\n\n<\/p><p class=\"MsoNormal\">Z\u00e1mek Kensington x 1<\/p><p><\/p>\t\t\t\t\t\t\t\t<\/div>\n\t\t\t\t<\/div>\n\t\t\t\t\t<\/div>\n\t\t<\/div>\n\t\t\t\t\t<\/div>\n\t\t<\/section>\n\t\t\t\t<\/div>\n\t\t","protected":false},"excerpt":{"rendered":"<p>Kancel\u00e1\u0159sk\u00e1 dokovac\u00ed stanice Getac nab\u00edz\u00ed \u0159adu vstupn\u00edch\/v\u00fdstupn\u00edch port\u016f pro p\u0159ipojen\u00ed kl\u00ed\u010dov\u00fdch perifern\u00edch za\u0159\u00edzen\u00ed k za\u0159\u00edzen\u00edm v kancel\u00e1\u0159i. Vestav\u011bn\u00e9 porty Ethernet, RS232 a USB umo\u017e\u0148uj\u00ed u\u017eivatel\u016fm rychle shroma\u017e\u010fovat data z ter\u00e9nu a synchronizovat je s daty v centr\u00e1le, co\u017e umo\u017e\u0148uje vytv\u00e1\u0159en\u00ed zpr\u00e1v a anal\u00fdzu v re\u00e1ln\u00e9m \u010dase.<\/p>\n","protected":false},"featured_media":13075,"comment_status":"open","ping_status":"closed","template":"","meta":{"_acf_changed":false},"product_brand":[],"product_cat":[1529,1516],"product_tag":[],"class_list":{"0":"post-34841","1":"product","2":"type-product","3":"status-publish","4":"has-post-thumbnail","6":"product_cat-prislusenstvi","7":"product_cat-shop-cs","8":"pa_hersteller-getac-cs","10":"first","11":"instock","12":"taxable","13":"shipping-taxable","14":"purchasable","15":"product-type-simple"},"acf":[],"yoast_head":"<!-- This site is optimized with the Yoast SEO Premium plugin v20.10 (Yoast SEO v24.3) - https:\/\/yoast.com\/wordpress\/plugins\/seo\/ -->\n<title>- ALEGER \u22c6 Augmented Reality<\/title>\n<meta name=\"robots\" content=\"index, follow, max-snippet:-1, max-image-preview:large, max-video-preview:-1\" \/>\n<meta property=\"og:locale\" content=\"cs_CZ\" \/>\n<meta property=\"og:type\" content=\"article\" \/>\n<meta property=\"og:title\" content=\"OFFICE DOCK se s\u00ed\u0165ov\u00fdm adapt\u00e9rem V110\" \/>\n<meta property=\"og:description\" content=\"Kancel\u00e1\u0159sk\u00e1 dokovac\u00ed stanice Getac nab\u00edz\u00ed \u0159adu vstupn\u00edch\/v\u00fdstupn\u00edch port\u016f pro p\u0159ipojen\u00ed kl\u00ed\u010dov\u00fdch perifern\u00edch za\u0159\u00edzen\u00ed k za\u0159\u00edzen\u00edm v kancel\u00e1\u0159i. Vestav\u011bn\u00e9 porty Ethernet, RS232 a USB umo\u017e\u0148uj\u00ed u\u017eivatel\u016fm rychle shroma\u017e\u010fovat data z ter\u00e9nu a synchronizovat je s daty v centr\u00e1le, co\u017e umo\u017e\u0148uje vytv\u00e1\u0159en\u00ed zpr\u00e1v a anal\u00fdzu v re\u00e1ln\u00e9m \u010dase.\" \/>\n<meta property=\"og:url\" content=\"https:\/\/alegerglobal.com\/cs\/shop-cs\/prislusenstvi\/office-dock-se-sitovym-adapterem-v110\/\" \/>\n<meta property=\"og:site_name\" content=\"ALEGER \u22c6 Augmented Reality\" \/>\n<meta property=\"article:modified_time\" content=\"2022-05-19T07:49:29+00:00\" \/>\n<meta property=\"og:image\" content=\"https:\/\/alegerglobal.com\/wp-content\/uploads\/2021\/02\/Unbenannt-137.jpg\" \/>\n\t<meta property=\"og:image:width\" content=\"800\" \/>\n\t<meta property=\"og:image:height\" content=\"800\" \/>\n\t<meta property=\"og:image:type\" content=\"image\/jpeg\" \/>\n<meta name=\"twitter:card\" content=\"summary_large_image\" \/>\n<meta name=\"twitter:label1\" content=\"Cena\" \/>\n\t<meta name=\"twitter:data1\" content=\"&euro;375,99\" \/>\n\t<meta name=\"twitter:label2\" content=\"Dostupnost\" \/>\n\t<meta name=\"twitter:data2\" content=\"Skladem\" \/>\n<script type=\"application\/ld+json\" class=\"yoast-schema-graph\">{\"@context\":\"https:\/\/schema.org\",\"@graph\":[{\"@type\":\"WebPage\",\"@id\":\"https:\/\/alegerglobal.com\/cs\/shop-cs\/prislusenstvi\/office-dock-se-sitovym-adapterem-v110\/\",\"url\":\"https:\/\/alegerglobal.com\/cs\/shop-cs\/prislusenstvi\/office-dock-se-sitovym-adapterem-v110\/\",\"name\":\"- ALEGER \u22c6 Augmented Reality\",\"isPartOf\":{\"@id\":\"https:\/\/alegerglobal.com\/cs\/#website\"},\"primaryImageOfPage\":{\"@id\":\"https:\/\/alegerglobal.com\/cs\/shop-cs\/prislusenstvi\/office-dock-se-sitovym-adapterem-v110\/#primaryimage\"},\"image\":{\"@id\":\"https:\/\/alegerglobal.com\/cs\/shop-cs\/prislusenstvi\/office-dock-se-sitovym-adapterem-v110\/#primaryimage\"},\"thumbnailUrl\":\"https:\/\/alegerglobal.com\/wp-content\/uploads\/2021\/02\/Unbenannt-137.jpg\",\"datePublished\":\"2022-05-19T07:49:24+00:00\",\"dateModified\":\"2022-05-19T07:49:29+00:00\",\"breadcrumb\":{\"@id\":\"https:\/\/alegerglobal.com\/cs\/shop-cs\/prislusenstvi\/office-dock-se-sitovym-adapterem-v110\/#breadcrumb\"},\"inLanguage\":\"cs\",\"potentialAction\":[{\"@type\":\"ReadAction\",\"target\":[\"https:\/\/alegerglobal.com\/cs\/shop-cs\/prislusenstvi\/office-dock-se-sitovym-adapterem-v110\/\"]}]},{\"@type\":\"ImageObject\",\"inLanguage\":\"cs\",\"@id\":\"https:\/\/alegerglobal.com\/cs\/shop-cs\/prislusenstvi\/office-dock-se-sitovym-adapterem-v110\/#primaryimage\",\"url\":\"https:\/\/alegerglobal.com\/wp-content\/uploads\/2021\/02\/Unbenannt-137.jpg\",\"contentUrl\":\"https:\/\/alegerglobal.com\/wp-content\/uploads\/2021\/02\/Unbenannt-137.jpg\",\"width\":800,\"height\":800},{\"@type\":\"BreadcrumbList\",\"@id\":\"https:\/\/alegerglobal.com\/cs\/shop-cs\/prislusenstvi\/office-dock-se-sitovym-adapterem-v110\/#breadcrumb\",\"itemListElement\":[{\"@type\":\"ListItem\",\"position\":1,\"name\":\"Home\",\"item\":\"https:\/\/alegerglobal.com\/cs\/novinka-domovska-stranka\/\"},{\"@type\":\"ListItem\",\"position\":2,\"name\":\"Produkty\",\"item\":\"https:\/\/alegerglobal.com\/cs\/produkty\/\"},{\"@type\":\"ListItem\",\"position\":3,\"name\":\"OFFICE DOCK se s\u00ed\u0165ov\u00fdm adapt\u00e9rem V110\"}]},{\"@type\":\"WebSite\",\"@id\":\"https:\/\/alegerglobal.com\/cs\/#website\",\"url\":\"https:\/\/alegerglobal.com\/cs\/\",\"name\":\"ALEGER \u22c6 Augmented Reality\",\"description\":\"Die besten Augmented Reality (AR) L\u00f6sungen der Welt.\",\"publisher\":{\"@id\":\"https:\/\/alegerglobal.com\/cs\/#organization\"},\"potentialAction\":[{\"@type\":\"SearchAction\",\"target\":{\"@type\":\"EntryPoint\",\"urlTemplate\":\"https:\/\/alegerglobal.com\/cs\/?s={search_term_string}\"},\"query-input\":{\"@type\":\"PropertyValueSpecification\",\"valueRequired\":true,\"valueName\":\"search_term_string\"}}],\"inLanguage\":\"cs\"},{\"@type\":\"Organization\",\"@id\":\"https:\/\/alegerglobal.com\/cs\/#organization\",\"name\":\"ALEGER \u22c6 Augmented Reality\",\"url\":\"https:\/\/alegerglobal.com\/cs\/\",\"logo\":{\"@type\":\"ImageObject\",\"inLanguage\":\"cs\",\"@id\":\"https:\/\/alegerglobal.com\/cs\/#\/schema\/logo\/image\/\",\"url\":\"https:\/\/alegerglobal.com\/wp-content\/uploads\/2020\/12\/aleger-logo-quadrat.jpg\",\"contentUrl\":\"https:\/\/alegerglobal.com\/wp-content\/uploads\/2020\/12\/aleger-logo-quadrat.jpg\",\"width\":200,\"height\":176,\"caption\":\"ALEGER \u22c6 Augmented Reality\"},\"image\":{\"@id\":\"https:\/\/alegerglobal.com\/cs\/#\/schema\/logo\/image\/\"}}]}<\/script>\n<meta property=\"product:brand\" content=\"Getac\" \/>\n<meta property=\"product:price:amount\" content=\"375.99\" \/>\n<meta property=\"product:price:currency\" content=\"EUR\" \/>\n<meta property=\"og:availability\" content=\"instock\" \/>\n<meta property=\"product:availability\" content=\"instock\" \/>\n<meta property=\"product:condition\" content=\"new\" \/>\n<!-- \/ Yoast SEO Premium plugin. -->","yoast_head_json":{"title":"- ALEGER \u22c6 Augmented Reality","robots":{"index":"index","follow":"follow","max-snippet":"max-snippet:-1","max-image-preview":"max-image-preview:large","max-video-preview":"max-video-preview:-1"},"og_locale":"cs_CZ","og_type":"article","og_title":"OFFICE DOCK se s\u00ed\u0165ov\u00fdm adapt\u00e9rem V110","og_description":"Kancel\u00e1\u0159sk\u00e1 dokovac\u00ed stanice Getac nab\u00edz\u00ed \u0159adu vstupn\u00edch\/v\u00fdstupn\u00edch port\u016f pro p\u0159ipojen\u00ed kl\u00ed\u010dov\u00fdch perifern\u00edch za\u0159\u00edzen\u00ed k za\u0159\u00edzen\u00edm v kancel\u00e1\u0159i. Vestav\u011bn\u00e9 porty Ethernet, RS232 a USB umo\u017e\u0148uj\u00ed u\u017eivatel\u016fm rychle shroma\u017e\u010fovat data z ter\u00e9nu a synchronizovat je s daty v centr\u00e1le, co\u017e umo\u017e\u0148uje vytv\u00e1\u0159en\u00ed zpr\u00e1v a anal\u00fdzu v re\u00e1ln\u00e9m \u010dase.","og_url":"https:\/\/alegerglobal.com\/cs\/shop-cs\/prislusenstvi\/office-dock-se-sitovym-adapterem-v110\/","og_site_name":"ALEGER \u22c6 Augmented Reality","article_modified_time":"2022-05-19T07:49:29+00:00","og_image":[{"width":800,"height":800,"url":"https:\/\/alegerglobal.com\/wp-content\/uploads\/2021\/02\/Unbenannt-137.jpg","type":"image\/jpeg"}],"twitter_card":"summary_large_image","twitter_misc":{"Cena":"&euro;375,99","Dostupnost":"Skladem"},"schema":{"@context":"https:\/\/schema.org","@graph":[{"@type":"WebPage","@id":"https:\/\/alegerglobal.com\/cs\/shop-cs\/prislusenstvi\/office-dock-se-sitovym-adapterem-v110\/","url":"https:\/\/alegerglobal.com\/cs\/shop-cs\/prislusenstvi\/office-dock-se-sitovym-adapterem-v110\/","name":"- ALEGER \u22c6 Augmented Reality","isPartOf":{"@id":"https:\/\/alegerglobal.com\/cs\/#website"},"primaryImageOfPage":{"@id":"https:\/\/alegerglobal.com\/cs\/shop-cs\/prislusenstvi\/office-dock-se-sitovym-adapterem-v110\/#primaryimage"},"image":{"@id":"https:\/\/alegerglobal.com\/cs\/shop-cs\/prislusenstvi\/office-dock-se-sitovym-adapterem-v110\/#primaryimage"},"thumbnailUrl":"https:\/\/alegerglobal.com\/wp-content\/uploads\/2021\/02\/Unbenannt-137.jpg","datePublished":"2022-05-19T07:49:24+00:00","dateModified":"2022-05-19T07:49:29+00:00","breadcrumb":{"@id":"https:\/\/alegerglobal.com\/cs\/shop-cs\/prislusenstvi\/office-dock-se-sitovym-adapterem-v110\/#breadcrumb"},"inLanguage":"cs","potentialAction":[{"@type":"ReadAction","target":["https:\/\/alegerglobal.com\/cs\/shop-cs\/prislusenstvi\/office-dock-se-sitovym-adapterem-v110\/"]}]},{"@type":"ImageObject","inLanguage":"cs","@id":"https:\/\/alegerglobal.com\/cs\/shop-cs\/prislusenstvi\/office-dock-se-sitovym-adapterem-v110\/#primaryimage","url":"https:\/\/alegerglobal.com\/wp-content\/uploads\/2021\/02\/Unbenannt-137.jpg","contentUrl":"https:\/\/alegerglobal.com\/wp-content\/uploads\/2021\/02\/Unbenannt-137.jpg","width":800,"height":800},{"@type":"BreadcrumbList","@id":"https:\/\/alegerglobal.com\/cs\/shop-cs\/prislusenstvi\/office-dock-se-sitovym-adapterem-v110\/#breadcrumb","itemListElement":[{"@type":"ListItem","position":1,"name":"Home","item":"https:\/\/alegerglobal.com\/cs\/novinka-domovska-stranka\/"},{"@type":"ListItem","position":2,"name":"Produkty","item":"https:\/\/alegerglobal.com\/cs\/produkty\/"},{"@type":"ListItem","position":3,"name":"OFFICE DOCK se s\u00ed\u0165ov\u00fdm adapt\u00e9rem V110"}]},{"@type":"WebSite","@id":"https:\/\/alegerglobal.com\/cs\/#website","url":"https:\/\/alegerglobal.com\/cs\/","name":"ALEGER \u22c6 Augmented Reality","description":"Die besten Augmented Reality (AR) L\u00f6sungen der Welt.","publisher":{"@id":"https:\/\/alegerglobal.com\/cs\/#organization"},"potentialAction":[{"@type":"SearchAction","target":{"@type":"EntryPoint","urlTemplate":"https:\/\/alegerglobal.com\/cs\/?s={search_term_string}"},"query-input":{"@type":"PropertyValueSpecification","valueRequired":true,"valueName":"search_term_string"}}],"inLanguage":"cs"},{"@type":"Organization","@id":"https:\/\/alegerglobal.com\/cs\/#organization","name":"ALEGER \u22c6 Augmented Reality","url":"https:\/\/alegerglobal.com\/cs\/","logo":{"@type":"ImageObject","inLanguage":"cs","@id":"https:\/\/alegerglobal.com\/cs\/#\/schema\/logo\/image\/","url":"https:\/\/alegerglobal.com\/wp-content\/uploads\/2020\/12\/aleger-logo-quadrat.jpg","contentUrl":"https:\/\/alegerglobal.com\/wp-content\/uploads\/2020\/12\/aleger-logo-quadrat.jpg","width":200,"height":176,"caption":"ALEGER \u22c6 Augmented Reality"},"image":{"@id":"https:\/\/alegerglobal.com\/cs\/#\/schema\/logo\/image\/"}}]},"product_brand":"Getac","product_price_amount":"375.99","product_price_currency":"EUR","og_availability":"instock","product_availability":"instock","product_condition":"new"},"_links":{"self":[{"href":"https:\/\/alegerglobal.com\/cs\/wp-json\/wp\/v2\/product\/34841","targetHints":{"allow":["GET"]}}],"collection":[{"href":"https:\/\/alegerglobal.com\/cs\/wp-json\/wp\/v2\/product"}],"about":[{"href":"https:\/\/alegerglobal.com\/cs\/wp-json\/wp\/v2\/types\/product"}],"replies":[{"embeddable":true,"href":"https:\/\/alegerglobal.com\/cs\/wp-json\/wp\/v2\/comments?post=34841"}],"version-history":[{"count":1,"href":"https:\/\/alegerglobal.com\/cs\/wp-json\/wp\/v2\/product\/34841\/revisions"}],"predecessor-version":[{"id":34844,"href":"https:\/\/alegerglobal.com\/cs\/wp-json\/wp\/v2\/product\/34841\/revisions\/34844"}],"wp:featuredmedia":[{"embeddable":true,"href":"https:\/\/alegerglobal.com\/cs\/wp-json\/wp\/v2\/media\/13075"}],"wp:attachment":[{"href":"https:\/\/alegerglobal.com\/cs\/wp-json\/wp\/v2\/media?parent=34841"}],"wp:term":[{"taxonomy":"product_brand","embeddable":true,"href":"https:\/\/alegerglobal.com\/cs\/wp-json\/wp\/v2\/product_brand?post=34841"},{"taxonomy":"product_cat","embeddable":true,"href":"https:\/\/alegerglobal.com\/cs\/wp-json\/wp\/v2\/product_cat?post=34841"},{"taxonomy":"product_tag","embeddable":true,"href":"https:\/\/alegerglobal.com\/cs\/wp-json\/wp\/v2\/product_tag?post=34841"}],"curies":[{"name":"wp","href":"https:\/\/api.w.org\/{rel}","templated":true}]}}