{"id":34827,"date":"2020-03-13T08:20:39","date_gmt":"2022-05-19T07:46:25","guid":{"rendered":"https:\/\/alegerglobal.com\/nezarazene\/skladaci-klavesnice-a-touchpad\/"},"modified":"2022-05-19T08:46:26","modified_gmt":"2022-05-19T07:46:26","slug":"skladaci-klavesnice-a-touchpad","status":"publish","type":"product","link":"https:\/\/alegerglobal.com\/cs\/shop-cs\/prislusenstvi\/skladaci-klavesnice-a-touchpad\/","title":{"rendered":"Skl\u00e1dac\u00ed kl\u00e1vesnice a touchpad"},"content":{"rendered":"\t\t<div data-elementor-type=\"product-post\" data-elementor-id=\"34827\" class=\"elementor elementor-34827 elementor-5427\" data-elementor-settings=\"{&quot;ha_cmc_init_switcher&quot;:&quot;no&quot;}\" data-elementor-post-type=\"product\">\n\t\t\t\t\t\t<section class=\"elementor-section elementor-top-section elementor-element elementor-element-354701e elementor-section-boxed elementor-section-height-default elementor-section-height-default\" data-id=\"354701e\" data-element_type=\"section\" data-settings=\"{&quot;jet_parallax_layout_list&quot;:[],&quot;_ha_eqh_enable&quot;:false}\">\n\t\t\t\t\t\t<div class=\"elementor-container elementor-column-gap-default\">\n\t\t\t\t\t<div class=\"elementor-column elementor-col-100 elementor-top-column elementor-element elementor-element-dcfd5c1\" data-id=\"dcfd5c1\" data-element_type=\"column\">\n\t\t\t<div class=\"elementor-widget-wrap elementor-element-populated\">\n\t\t\t\t\t\t<div class=\"elementor-element elementor-element-c8874c4 elementor-widget elementor-widget-text-editor\" data-id=\"c8874c4\" data-element_type=\"widget\" data-widget_type=\"text-editor.default\">\n\t\t\t\t<div class=\"elementor-widget-container\">\n\t\t\t\t\t\t\t\t\t<p>Pokud v tuto chv\u00edli nem\u016f\u017eete pou\u017e\u00edvat hlasov\u00e9 ovl\u00e1d\u00e1n\u00ed. Skl\u00e1dac\u00ed kl\u00e1vesnice a touchpad se jednodu\u0161e p\u0159ipoj\u00ed k tabletu s hlavou p\u0159es Bluetooth.<\/p>\t\t\t\t\t\t\t\t<\/div>\n\t\t\t\t<\/div>\n\t\t\t\t\t<\/div>\n\t\t<\/div>\n\t\t\t\t\t<\/div>\n\t\t<\/section>\n\t\t\t\t<\/div>\n\t\t","protected":false},"excerpt":{"rendered":"<p>Tuto praktickou skl\u00e1dac\u00ed bezdr\u00e1tovou kl\u00e1vesnici a trackpad testovala spole\u010dnost RealWear pro za\u0159\u00edzen\u00ed HMT-1. D\u00edky bezdr\u00e1tov\u00e9 kl\u00e1vesnici a trackpadu nen\u00ed nutn\u00e9 br\u00e1t tablet do ter\u00e9nu pro zad\u00e1v\u00e1n\u00ed v\u011bt\u0161\u00edho mno\u017estv\u00ed textu nebo dat.<\/p>\n","protected":false},"featured_media":13054,"comment_status":"open","ping_status":"closed","template":"","meta":{"_acf_changed":false},"product_brand":[],"product_cat":[1529,1516],"product_tag":[],"class_list":{"0":"post-34827","1":"product","2":"type-product","3":"status-publish","4":"has-post-thumbnail","6":"product_cat-prislusenstvi","7":"product_cat-shop-cs","8":"pa_hersteller-realwear-cs","10":"first","11":"instock","12":"taxable","13":"shipping-taxable","14":"purchasable","15":"product-type-simple"},"acf":[],"yoast_head":"<!-- This site is optimized with the Yoast SEO Premium plugin v20.10 (Yoast SEO v24.3) - https:\/\/yoast.com\/wordpress\/plugins\/seo\/ -->\n<title>- ALEGER \u22c6 Augmented Reality<\/title>\n<meta name=\"robots\" content=\"index, follow, max-snippet:-1, max-image-preview:large, max-video-preview:-1\" \/>\n<meta property=\"og:locale\" content=\"cs_CZ\" \/>\n<meta property=\"og:type\" content=\"article\" \/>\n<meta property=\"og:title\" content=\"Skl\u00e1dac\u00ed kl\u00e1vesnice a touchpad\" \/>\n<meta property=\"og:description\" content=\"Tuto praktickou skl\u00e1dac\u00ed bezdr\u00e1tovou kl\u00e1vesnici a trackpad testovala spole\u010dnost RealWear pro za\u0159\u00edzen\u00ed HMT-1. D\u00edky bezdr\u00e1tov\u00e9 kl\u00e1vesnici a trackpadu nen\u00ed nutn\u00e9 br\u00e1t tablet do ter\u00e9nu pro zad\u00e1v\u00e1n\u00ed v\u011bt\u0161\u00edho mno\u017estv\u00ed textu nebo dat.\" \/>\n<meta property=\"og:url\" content=\"https:\/\/alegerglobal.com\/cs\/shop-cs\/prislusenstvi\/skladaci-klavesnice-a-touchpad\/\" \/>\n<meta property=\"og:site_name\" content=\"ALEGER \u22c6 Augmented Reality\" \/>\n<meta property=\"article:modified_time\" content=\"2022-05-19T07:46:26+00:00\" \/>\n<meta property=\"og:image\" content=\"https:\/\/alegerglobal.com\/wp-content\/uploads\/2020\/03\/Unbenannt-11.jpg\" \/>\n\t<meta property=\"og:image:width\" content=\"800\" \/>\n\t<meta property=\"og:image:height\" content=\"800\" \/>\n\t<meta property=\"og:image:type\" content=\"image\/jpeg\" \/>\n<meta name=\"twitter:card\" content=\"summary_large_image\" \/>\n<meta name=\"twitter:label1\" content=\"Cena\" \/>\n\t<meta name=\"twitter:data1\" content=\"&euro;62,99\" \/>\n\t<meta name=\"twitter:label2\" content=\"Dostupnost\" \/>\n\t<meta name=\"twitter:data2\" content=\"Skladem\" \/>\n<script type=\"application\/ld+json\" class=\"yoast-schema-graph\">{\"@context\":\"https:\/\/schema.org\",\"@graph\":[{\"@type\":\"WebPage\",\"@id\":\"https:\/\/alegerglobal.com\/cs\/shop-cs\/prislusenstvi\/skladaci-klavesnice-a-touchpad\/\",\"url\":\"https:\/\/alegerglobal.com\/cs\/shop-cs\/prislusenstvi\/skladaci-klavesnice-a-touchpad\/\",\"name\":\"- ALEGER \u22c6 Augmented Reality\",\"isPartOf\":{\"@id\":\"https:\/\/alegerglobal.com\/cs\/#website\"},\"primaryImageOfPage\":{\"@id\":\"https:\/\/alegerglobal.com\/cs\/shop-cs\/prislusenstvi\/skladaci-klavesnice-a-touchpad\/#primaryimage\"},\"image\":{\"@id\":\"https:\/\/alegerglobal.com\/cs\/shop-cs\/prislusenstvi\/skladaci-klavesnice-a-touchpad\/#primaryimage\"},\"thumbnailUrl\":\"https:\/\/alegerglobal.com\/wp-content\/uploads\/2020\/03\/Unbenannt-11.jpg\",\"datePublished\":\"2022-05-19T07:46:25+00:00\",\"dateModified\":\"2022-05-19T07:46:26+00:00\",\"breadcrumb\":{\"@id\":\"https:\/\/alegerglobal.com\/cs\/shop-cs\/prislusenstvi\/skladaci-klavesnice-a-touchpad\/#breadcrumb\"},\"inLanguage\":\"cs\",\"potentialAction\":[{\"@type\":\"ReadAction\",\"target\":[\"https:\/\/alegerglobal.com\/cs\/shop-cs\/prislusenstvi\/skladaci-klavesnice-a-touchpad\/\"]}]},{\"@type\":\"ImageObject\",\"inLanguage\":\"cs\",\"@id\":\"https:\/\/alegerglobal.com\/cs\/shop-cs\/prislusenstvi\/skladaci-klavesnice-a-touchpad\/#primaryimage\",\"url\":\"https:\/\/alegerglobal.com\/wp-content\/uploads\/2020\/03\/Unbenannt-11.jpg\",\"contentUrl\":\"https:\/\/alegerglobal.com\/wp-content\/uploads\/2020\/03\/Unbenannt-11.jpg\",\"width\":800,\"height\":800},{\"@type\":\"BreadcrumbList\",\"@id\":\"https:\/\/alegerglobal.com\/cs\/shop-cs\/prislusenstvi\/skladaci-klavesnice-a-touchpad\/#breadcrumb\",\"itemListElement\":[{\"@type\":\"ListItem\",\"position\":1,\"name\":\"Home\",\"item\":\"https:\/\/alegerglobal.com\/cs\/novinka-domovska-stranka\/\"},{\"@type\":\"ListItem\",\"position\":2,\"name\":\"Produkty\",\"item\":\"https:\/\/alegerglobal.com\/cs\/produkty\/\"},{\"@type\":\"ListItem\",\"position\":3,\"name\":\"Skl\u00e1dac\u00ed kl\u00e1vesnice a touchpad\"}]},{\"@type\":\"WebSite\",\"@id\":\"https:\/\/alegerglobal.com\/cs\/#website\",\"url\":\"https:\/\/alegerglobal.com\/cs\/\",\"name\":\"ALEGER \u22c6 Augmented Reality\",\"description\":\"Die besten Augmented Reality (AR) L\u00f6sungen der Welt.\",\"publisher\":{\"@id\":\"https:\/\/alegerglobal.com\/cs\/#organization\"},\"potentialAction\":[{\"@type\":\"SearchAction\",\"target\":{\"@type\":\"EntryPoint\",\"urlTemplate\":\"https:\/\/alegerglobal.com\/cs\/?s={search_term_string}\"},\"query-input\":{\"@type\":\"PropertyValueSpecification\",\"valueRequired\":true,\"valueName\":\"search_term_string\"}}],\"inLanguage\":\"cs\"},{\"@type\":\"Organization\",\"@id\":\"https:\/\/alegerglobal.com\/cs\/#organization\",\"name\":\"ALEGER \u22c6 Augmented Reality\",\"url\":\"https:\/\/alegerglobal.com\/cs\/\",\"logo\":{\"@type\":\"ImageObject\",\"inLanguage\":\"cs\",\"@id\":\"https:\/\/alegerglobal.com\/cs\/#\/schema\/logo\/image\/\",\"url\":\"https:\/\/alegerglobal.com\/wp-content\/uploads\/2020\/12\/aleger-logo-quadrat.jpg\",\"contentUrl\":\"https:\/\/alegerglobal.com\/wp-content\/uploads\/2020\/12\/aleger-logo-quadrat.jpg\",\"width\":200,\"height\":176,\"caption\":\"ALEGER \u22c6 Augmented Reality\"},\"image\":{\"@id\":\"https:\/\/alegerglobal.com\/cs\/#\/schema\/logo\/image\/\"}}]}<\/script>\n<meta property=\"product:brand\" content=\"RealWear\" \/>\n<meta property=\"product:price:amount\" content=\"62.99\" \/>\n<meta property=\"product:price:currency\" content=\"EUR\" \/>\n<meta property=\"og:availability\" content=\"instock\" \/>\n<meta property=\"product:availability\" content=\"instock\" \/>\n<meta property=\"product:condition\" content=\"new\" \/>\n<!-- \/ Yoast SEO Premium plugin. -->","yoast_head_json":{"title":"- ALEGER \u22c6 Augmented Reality","robots":{"index":"index","follow":"follow","max-snippet":"max-snippet:-1","max-image-preview":"max-image-preview:large","max-video-preview":"max-video-preview:-1"},"og_locale":"cs_CZ","og_type":"article","og_title":"Skl\u00e1dac\u00ed kl\u00e1vesnice a touchpad","og_description":"Tuto praktickou skl\u00e1dac\u00ed bezdr\u00e1tovou kl\u00e1vesnici a trackpad testovala spole\u010dnost RealWear pro za\u0159\u00edzen\u00ed HMT-1. D\u00edky bezdr\u00e1tov\u00e9 kl\u00e1vesnici a trackpadu nen\u00ed nutn\u00e9 br\u00e1t tablet do ter\u00e9nu pro zad\u00e1v\u00e1n\u00ed v\u011bt\u0161\u00edho mno\u017estv\u00ed textu nebo dat.","og_url":"https:\/\/alegerglobal.com\/cs\/shop-cs\/prislusenstvi\/skladaci-klavesnice-a-touchpad\/","og_site_name":"ALEGER \u22c6 Augmented Reality","article_modified_time":"2022-05-19T07:46:26+00:00","og_image":[{"width":800,"height":800,"url":"https:\/\/alegerglobal.com\/wp-content\/uploads\/2020\/03\/Unbenannt-11.jpg","type":"image\/jpeg"}],"twitter_card":"summary_large_image","twitter_misc":{"Cena":"&euro;62,99","Dostupnost":"Skladem"},"schema":{"@context":"https:\/\/schema.org","@graph":[{"@type":"WebPage","@id":"https:\/\/alegerglobal.com\/cs\/shop-cs\/prislusenstvi\/skladaci-klavesnice-a-touchpad\/","url":"https:\/\/alegerglobal.com\/cs\/shop-cs\/prislusenstvi\/skladaci-klavesnice-a-touchpad\/","name":"- ALEGER \u22c6 Augmented Reality","isPartOf":{"@id":"https:\/\/alegerglobal.com\/cs\/#website"},"primaryImageOfPage":{"@id":"https:\/\/alegerglobal.com\/cs\/shop-cs\/prislusenstvi\/skladaci-klavesnice-a-touchpad\/#primaryimage"},"image":{"@id":"https:\/\/alegerglobal.com\/cs\/shop-cs\/prislusenstvi\/skladaci-klavesnice-a-touchpad\/#primaryimage"},"thumbnailUrl":"https:\/\/alegerglobal.com\/wp-content\/uploads\/2020\/03\/Unbenannt-11.jpg","datePublished":"2022-05-19T07:46:25+00:00","dateModified":"2022-05-19T07:46:26+00:00","breadcrumb":{"@id":"https:\/\/alegerglobal.com\/cs\/shop-cs\/prislusenstvi\/skladaci-klavesnice-a-touchpad\/#breadcrumb"},"inLanguage":"cs","potentialAction":[{"@type":"ReadAction","target":["https:\/\/alegerglobal.com\/cs\/shop-cs\/prislusenstvi\/skladaci-klavesnice-a-touchpad\/"]}]},{"@type":"ImageObject","inLanguage":"cs","@id":"https:\/\/alegerglobal.com\/cs\/shop-cs\/prislusenstvi\/skladaci-klavesnice-a-touchpad\/#primaryimage","url":"https:\/\/alegerglobal.com\/wp-content\/uploads\/2020\/03\/Unbenannt-11.jpg","contentUrl":"https:\/\/alegerglobal.com\/wp-content\/uploads\/2020\/03\/Unbenannt-11.jpg","width":800,"height":800},{"@type":"BreadcrumbList","@id":"https:\/\/alegerglobal.com\/cs\/shop-cs\/prislusenstvi\/skladaci-klavesnice-a-touchpad\/#breadcrumb","itemListElement":[{"@type":"ListItem","position":1,"name":"Home","item":"https:\/\/alegerglobal.com\/cs\/novinka-domovska-stranka\/"},{"@type":"ListItem","position":2,"name":"Produkty","item":"https:\/\/alegerglobal.com\/cs\/produkty\/"},{"@type":"ListItem","position":3,"name":"Skl\u00e1dac\u00ed kl\u00e1vesnice a touchpad"}]},{"@type":"WebSite","@id":"https:\/\/alegerglobal.com\/cs\/#website","url":"https:\/\/alegerglobal.com\/cs\/","name":"ALEGER \u22c6 Augmented Reality","description":"Die besten Augmented Reality (AR) L\u00f6sungen der Welt.","publisher":{"@id":"https:\/\/alegerglobal.com\/cs\/#organization"},"potentialAction":[{"@type":"SearchAction","target":{"@type":"EntryPoint","urlTemplate":"https:\/\/alegerglobal.com\/cs\/?s={search_term_string}"},"query-input":{"@type":"PropertyValueSpecification","valueRequired":true,"valueName":"search_term_string"}}],"inLanguage":"cs"},{"@type":"Organization","@id":"https:\/\/alegerglobal.com\/cs\/#organization","name":"ALEGER \u22c6 Augmented Reality","url":"https:\/\/alegerglobal.com\/cs\/","logo":{"@type":"ImageObject","inLanguage":"cs","@id":"https:\/\/alegerglobal.com\/cs\/#\/schema\/logo\/image\/","url":"https:\/\/alegerglobal.com\/wp-content\/uploads\/2020\/12\/aleger-logo-quadrat.jpg","contentUrl":"https:\/\/alegerglobal.com\/wp-content\/uploads\/2020\/12\/aleger-logo-quadrat.jpg","width":200,"height":176,"caption":"ALEGER \u22c6 Augmented Reality"},"image":{"@id":"https:\/\/alegerglobal.com\/cs\/#\/schema\/logo\/image\/"}}]},"product_brand":"RealWear","product_price_amount":"62.99","product_price_currency":"EUR","og_availability":"instock","product_availability":"instock","product_condition":"new"},"_links":{"self":[{"href":"https:\/\/alegerglobal.com\/cs\/wp-json\/wp\/v2\/product\/34827","targetHints":{"allow":["GET"]}}],"collection":[{"href":"https:\/\/alegerglobal.com\/cs\/wp-json\/wp\/v2\/product"}],"about":[{"href":"https:\/\/alegerglobal.com\/cs\/wp-json\/wp\/v2\/types\/product"}],"replies":[{"embeddable":true,"href":"https:\/\/alegerglobal.com\/cs\/wp-json\/wp\/v2\/comments?post=34827"}],"version-history":[{"count":1,"href":"https:\/\/alegerglobal.com\/cs\/wp-json\/wp\/v2\/product\/34827\/revisions"}],"predecessor-version":[{"id":34828,"href":"https:\/\/alegerglobal.com\/cs\/wp-json\/wp\/v2\/product\/34827\/revisions\/34828"}],"wp:featuredmedia":[{"embeddable":true,"href":"https:\/\/alegerglobal.com\/cs\/wp-json\/wp\/v2\/media\/13054"}],"wp:attachment":[{"href":"https:\/\/alegerglobal.com\/cs\/wp-json\/wp\/v2\/media?parent=34827"}],"wp:term":[{"taxonomy":"product_brand","embeddable":true,"href":"https:\/\/alegerglobal.com\/cs\/wp-json\/wp\/v2\/product_brand?post=34827"},{"taxonomy":"product_cat","embeddable":true,"href":"https:\/\/alegerglobal.com\/cs\/wp-json\/wp\/v2\/product_cat?post=34827"},{"taxonomy":"product_tag","embeddable":true,"href":"https:\/\/alegerglobal.com\/cs\/wp-json\/wp\/v2\/product_tag?post=34827"}],"curies":[{"name":"wp","href":"https:\/\/api.w.org\/{rel}","templated":true}]}}