{"id":34802,"date":"2021-02-03T04:45:40","date_gmt":"2022-05-19T07:46:15","guid":{"rendered":"https:\/\/alegerglobal.com\/nezarazene\/kolebka-pro-stolni-pocitac-toughbook-g1\/"},"modified":"2022-05-19T08:46:22","modified_gmt":"2022-05-19T07:46:22","slug":"kolebka-pro-stolni-pocitac-toughbook-g1","status":"publish","type":"product","link":"https:\/\/alegerglobal.com\/cs\/shop-cs\/prislusenstvi\/kolebka-pro-stolni-pocitac-toughbook-g1\/","title":{"rendered":"Kol\u00e9bka pro stoln\u00ed po\u010d\u00edta\u010d TOUGHBOOK G1"},"content":{"rendered":"\t\t<div data-elementor-type=\"product-post\" data-elementor-id=\"34802\" class=\"elementor elementor-34802 elementor-3797\" data-elementor-settings=\"{&quot;ha_cmc_init_switcher&quot;:&quot;no&quot;}\" data-elementor-post-type=\"product\">\n\t\t\t\t\t\t<section class=\"elementor-section elementor-top-section elementor-element elementor-element-578ad00 elementor-section-boxed elementor-section-height-default elementor-section-height-default\" data-id=\"578ad00\" data-element_type=\"section\" data-settings=\"{&quot;jet_parallax_layout_list&quot;:[],&quot;_ha_eqh_enable&quot;:false}\">\n\t\t\t\t\t\t<div class=\"elementor-container elementor-column-gap-default\">\n\t\t\t\t\t<div class=\"elementor-column elementor-col-100 elementor-top-column elementor-element elementor-element-4b50fc0\" data-id=\"4b50fc0\" data-element_type=\"column\">\n\t\t\t<div class=\"elementor-widget-wrap elementor-element-populated\">\n\t\t\t\t\t\t<div class=\"elementor-element elementor-element-16c0ea1 elementor-widget elementor-widget-text-editor\" data-id=\"16c0ea1\" data-element_type=\"widget\" data-widget_type=\"text-editor.default\">\n\t\t\t\t<div class=\"elementor-widget-container\">\n\t\t\t\t\t\t\t\t\t<p class=\"MsoNormal\"><strong>Kl\u00ed\u010dov\u00e9 vlastnosti<\/strong><\/p><p class=\"MsoNormal\">2x USB 3.0 (Povolen\u00fd proud pro ka\u017ed\u00fd port: 900 mA)<\/p><p class=\"MsoNormal\">RJ-45 \u00d7 1; 1 x HDMI<\/p><p class=\"MsoNormal\">Konektor roz\u0161i\u0159uj\u00edc\u00ed sb\u011brnice 24-pin<\/p><p class=\"MsoNormal\">Dsub 9-pin samec (analogov\u00e9 rozhran\u00ed)<\/p><p class=\"MsoNormal\">Mini Dsub 15-pin samice (analogov\u00e9 rozhran\u00ed)<\/p>\t\t\t\t\t\t\t\t<\/div>\n\t\t\t\t<\/div>\n\t\t\t\t\t<\/div>\n\t\t<\/div>\n\t\t\t\t\t<\/div>\n\t\t<\/section>\n\t\t\t\t<\/div>\n\t\t","protected":false},"excerpt":{"rendered":"<p>Kl\u00ed\u010dov\u00e9 vlastnosti 2x USB 3.0 (Povolen\u00fd proud pro ka\u017ed\u00fd port: 900 mA) RJ-45 \u00d7 1; 1 x HDMI Konektor roz\u0161i\u0159uj\u00edc\u00ed sb\u011brnice 24-pin Dsub 9-pin samec (analogov\u00e9 rozhran\u00ed) Mini Dsub 15-pin samice (analogov\u00e9 rozhran\u00ed)<\/p>\n","protected":false},"featured_media":12971,"comment_status":"open","ping_status":"closed","template":"","meta":{"_acf_changed":false},"product_brand":[],"product_cat":[1529,1516],"product_tag":[],"class_list":{"0":"post-34802","1":"product","2":"type-product","3":"status-publish","4":"has-post-thumbnail","6":"product_cat-prislusenstvi","7":"product_cat-shop-cs","8":"pa_hersteller-panasonic-cs","10":"first","11":"instock","12":"taxable","13":"shipping-taxable","14":"purchasable","15":"product-type-simple"},"acf":[],"yoast_head":"<!-- This site is optimized with the Yoast SEO Premium plugin v20.10 (Yoast SEO v24.3) - https:\/\/yoast.com\/wordpress\/plugins\/seo\/ -->\n<title>- ALEGER \u22c6 Augmented Reality<\/title>\n<meta name=\"robots\" content=\"index, follow, max-snippet:-1, max-image-preview:large, max-video-preview:-1\" \/>\n<meta property=\"og:locale\" content=\"cs_CZ\" \/>\n<meta property=\"og:type\" content=\"article\" \/>\n<meta property=\"og:title\" content=\"Kol\u00e9bka pro stoln\u00ed po\u010d\u00edta\u010d TOUGHBOOK G1\" \/>\n<meta property=\"og:description\" content=\"Kl\u00ed\u010dov\u00e9 vlastnosti 2x USB 3.0 (Povolen\u00fd proud pro ka\u017ed\u00fd port: 900 mA) RJ-45 \u00d7 1; 1 x HDMI Konektor roz\u0161i\u0159uj\u00edc\u00ed sb\u011brnice 24-pin Dsub 9-pin samec (analogov\u00e9 rozhran\u00ed) Mini Dsub 15-pin samice (analogov\u00e9 rozhran\u00ed)\" \/>\n<meta property=\"og:url\" content=\"https:\/\/alegerglobal.com\/cs\/shop-cs\/prislusenstvi\/kolebka-pro-stolni-pocitac-toughbook-g1\/\" \/>\n<meta property=\"og:site_name\" content=\"ALEGER \u22c6 Augmented Reality\" \/>\n<meta property=\"article:modified_time\" content=\"2022-05-19T07:46:22+00:00\" \/>\n<meta property=\"og:image\" content=\"https:\/\/alegerglobal.com\/wp-content\/uploads\/2021\/02\/Unbenannt-77.jpg\" \/>\n\t<meta property=\"og:image:width\" content=\"800\" \/>\n\t<meta property=\"og:image:height\" content=\"800\" \/>\n\t<meta property=\"og:image:type\" content=\"image\/jpeg\" \/>\n<meta name=\"twitter:card\" content=\"summary_large_image\" \/>\n<meta name=\"twitter:label1\" content=\"Cena\" \/>\n\t<meta name=\"twitter:data1\" content=\"&euro;380,99\" \/>\n\t<meta name=\"twitter:label2\" content=\"Dostupnost\" \/>\n\t<meta name=\"twitter:data2\" content=\"Skladem\" \/>\n<script type=\"application\/ld+json\" class=\"yoast-schema-graph\">{\"@context\":\"https:\/\/schema.org\",\"@graph\":[{\"@type\":\"WebPage\",\"@id\":\"https:\/\/alegerglobal.com\/cs\/shop-cs\/prislusenstvi\/kolebka-pro-stolni-pocitac-toughbook-g1\/\",\"url\":\"https:\/\/alegerglobal.com\/cs\/shop-cs\/prislusenstvi\/kolebka-pro-stolni-pocitac-toughbook-g1\/\",\"name\":\"- ALEGER \u22c6 Augmented Reality\",\"isPartOf\":{\"@id\":\"https:\/\/alegerglobal.com\/cs\/#website\"},\"primaryImageOfPage\":{\"@id\":\"https:\/\/alegerglobal.com\/cs\/shop-cs\/prislusenstvi\/kolebka-pro-stolni-pocitac-toughbook-g1\/#primaryimage\"},\"image\":{\"@id\":\"https:\/\/alegerglobal.com\/cs\/shop-cs\/prislusenstvi\/kolebka-pro-stolni-pocitac-toughbook-g1\/#primaryimage\"},\"thumbnailUrl\":\"https:\/\/alegerglobal.com\/wp-content\/uploads\/2021\/02\/Unbenannt-77.jpg\",\"datePublished\":\"2022-05-19T07:46:15+00:00\",\"dateModified\":\"2022-05-19T07:46:22+00:00\",\"breadcrumb\":{\"@id\":\"https:\/\/alegerglobal.com\/cs\/shop-cs\/prislusenstvi\/kolebka-pro-stolni-pocitac-toughbook-g1\/#breadcrumb\"},\"inLanguage\":\"cs\",\"potentialAction\":[{\"@type\":\"ReadAction\",\"target\":[\"https:\/\/alegerglobal.com\/cs\/shop-cs\/prislusenstvi\/kolebka-pro-stolni-pocitac-toughbook-g1\/\"]}]},{\"@type\":\"ImageObject\",\"inLanguage\":\"cs\",\"@id\":\"https:\/\/alegerglobal.com\/cs\/shop-cs\/prislusenstvi\/kolebka-pro-stolni-pocitac-toughbook-g1\/#primaryimage\",\"url\":\"https:\/\/alegerglobal.com\/wp-content\/uploads\/2021\/02\/Unbenannt-77.jpg\",\"contentUrl\":\"https:\/\/alegerglobal.com\/wp-content\/uploads\/2021\/02\/Unbenannt-77.jpg\",\"width\":800,\"height\":800},{\"@type\":\"BreadcrumbList\",\"@id\":\"https:\/\/alegerglobal.com\/cs\/shop-cs\/prislusenstvi\/kolebka-pro-stolni-pocitac-toughbook-g1\/#breadcrumb\",\"itemListElement\":[{\"@type\":\"ListItem\",\"position\":1,\"name\":\"Home\",\"item\":\"https:\/\/alegerglobal.com\/cs\/novinka-domovska-stranka\/\"},{\"@type\":\"ListItem\",\"position\":2,\"name\":\"Produkty\",\"item\":\"https:\/\/alegerglobal.com\/cs\/produkty\/\"},{\"@type\":\"ListItem\",\"position\":3,\"name\":\"Kol\u00e9bka pro stoln\u00ed po\u010d\u00edta\u010d TOUGHBOOK G1\"}]},{\"@type\":\"WebSite\",\"@id\":\"https:\/\/alegerglobal.com\/cs\/#website\",\"url\":\"https:\/\/alegerglobal.com\/cs\/\",\"name\":\"ALEGER \u22c6 Augmented Reality\",\"description\":\"Die besten Augmented Reality (AR) L\u00f6sungen der Welt.\",\"publisher\":{\"@id\":\"https:\/\/alegerglobal.com\/cs\/#organization\"},\"potentialAction\":[{\"@type\":\"SearchAction\",\"target\":{\"@type\":\"EntryPoint\",\"urlTemplate\":\"https:\/\/alegerglobal.com\/cs\/?s={search_term_string}\"},\"query-input\":{\"@type\":\"PropertyValueSpecification\",\"valueRequired\":true,\"valueName\":\"search_term_string\"}}],\"inLanguage\":\"cs\"},{\"@type\":\"Organization\",\"@id\":\"https:\/\/alegerglobal.com\/cs\/#organization\",\"name\":\"ALEGER \u22c6 Augmented Reality\",\"url\":\"https:\/\/alegerglobal.com\/cs\/\",\"logo\":{\"@type\":\"ImageObject\",\"inLanguage\":\"cs\",\"@id\":\"https:\/\/alegerglobal.com\/cs\/#\/schema\/logo\/image\/\",\"url\":\"https:\/\/alegerglobal.com\/wp-content\/uploads\/2020\/12\/aleger-logo-quadrat.jpg\",\"contentUrl\":\"https:\/\/alegerglobal.com\/wp-content\/uploads\/2020\/12\/aleger-logo-quadrat.jpg\",\"width\":200,\"height\":176,\"caption\":\"ALEGER \u22c6 Augmented Reality\"},\"image\":{\"@id\":\"https:\/\/alegerglobal.com\/cs\/#\/schema\/logo\/image\/\"}}]}<\/script>\n<meta property=\"product:brand\" content=\"Panasonic\" \/>\n<meta property=\"product:price:amount\" content=\"380.99\" \/>\n<meta property=\"product:price:currency\" content=\"EUR\" \/>\n<meta property=\"og:availability\" content=\"instock\" \/>\n<meta property=\"product:availability\" content=\"instock\" \/>\n<meta property=\"product:condition\" content=\"new\" \/>\n<!-- \/ Yoast SEO Premium plugin. -->","yoast_head_json":{"title":"- ALEGER \u22c6 Augmented Reality","robots":{"index":"index","follow":"follow","max-snippet":"max-snippet:-1","max-image-preview":"max-image-preview:large","max-video-preview":"max-video-preview:-1"},"og_locale":"cs_CZ","og_type":"article","og_title":"Kol\u00e9bka pro stoln\u00ed po\u010d\u00edta\u010d TOUGHBOOK G1","og_description":"Kl\u00ed\u010dov\u00e9 vlastnosti 2x USB 3.0 (Povolen\u00fd proud pro ka\u017ed\u00fd port: 900 mA) RJ-45 \u00d7 1; 1 x HDMI Konektor roz\u0161i\u0159uj\u00edc\u00ed sb\u011brnice 24-pin Dsub 9-pin samec (analogov\u00e9 rozhran\u00ed) Mini Dsub 15-pin samice (analogov\u00e9 rozhran\u00ed)","og_url":"https:\/\/alegerglobal.com\/cs\/shop-cs\/prislusenstvi\/kolebka-pro-stolni-pocitac-toughbook-g1\/","og_site_name":"ALEGER \u22c6 Augmented Reality","article_modified_time":"2022-05-19T07:46:22+00:00","og_image":[{"width":800,"height":800,"url":"https:\/\/alegerglobal.com\/wp-content\/uploads\/2021\/02\/Unbenannt-77.jpg","type":"image\/jpeg"}],"twitter_card":"summary_large_image","twitter_misc":{"Cena":"&euro;380,99","Dostupnost":"Skladem"},"schema":{"@context":"https:\/\/schema.org","@graph":[{"@type":"WebPage","@id":"https:\/\/alegerglobal.com\/cs\/shop-cs\/prislusenstvi\/kolebka-pro-stolni-pocitac-toughbook-g1\/","url":"https:\/\/alegerglobal.com\/cs\/shop-cs\/prislusenstvi\/kolebka-pro-stolni-pocitac-toughbook-g1\/","name":"- ALEGER \u22c6 Augmented Reality","isPartOf":{"@id":"https:\/\/alegerglobal.com\/cs\/#website"},"primaryImageOfPage":{"@id":"https:\/\/alegerglobal.com\/cs\/shop-cs\/prislusenstvi\/kolebka-pro-stolni-pocitac-toughbook-g1\/#primaryimage"},"image":{"@id":"https:\/\/alegerglobal.com\/cs\/shop-cs\/prislusenstvi\/kolebka-pro-stolni-pocitac-toughbook-g1\/#primaryimage"},"thumbnailUrl":"https:\/\/alegerglobal.com\/wp-content\/uploads\/2021\/02\/Unbenannt-77.jpg","datePublished":"2022-05-19T07:46:15+00:00","dateModified":"2022-05-19T07:46:22+00:00","breadcrumb":{"@id":"https:\/\/alegerglobal.com\/cs\/shop-cs\/prislusenstvi\/kolebka-pro-stolni-pocitac-toughbook-g1\/#breadcrumb"},"inLanguage":"cs","potentialAction":[{"@type":"ReadAction","target":["https:\/\/alegerglobal.com\/cs\/shop-cs\/prislusenstvi\/kolebka-pro-stolni-pocitac-toughbook-g1\/"]}]},{"@type":"ImageObject","inLanguage":"cs","@id":"https:\/\/alegerglobal.com\/cs\/shop-cs\/prislusenstvi\/kolebka-pro-stolni-pocitac-toughbook-g1\/#primaryimage","url":"https:\/\/alegerglobal.com\/wp-content\/uploads\/2021\/02\/Unbenannt-77.jpg","contentUrl":"https:\/\/alegerglobal.com\/wp-content\/uploads\/2021\/02\/Unbenannt-77.jpg","width":800,"height":800},{"@type":"BreadcrumbList","@id":"https:\/\/alegerglobal.com\/cs\/shop-cs\/prislusenstvi\/kolebka-pro-stolni-pocitac-toughbook-g1\/#breadcrumb","itemListElement":[{"@type":"ListItem","position":1,"name":"Home","item":"https:\/\/alegerglobal.com\/cs\/novinka-domovska-stranka\/"},{"@type":"ListItem","position":2,"name":"Produkty","item":"https:\/\/alegerglobal.com\/cs\/produkty\/"},{"@type":"ListItem","position":3,"name":"Kol\u00e9bka pro stoln\u00ed po\u010d\u00edta\u010d TOUGHBOOK G1"}]},{"@type":"WebSite","@id":"https:\/\/alegerglobal.com\/cs\/#website","url":"https:\/\/alegerglobal.com\/cs\/","name":"ALEGER \u22c6 Augmented Reality","description":"Die besten Augmented Reality (AR) L\u00f6sungen der Welt.","publisher":{"@id":"https:\/\/alegerglobal.com\/cs\/#organization"},"potentialAction":[{"@type":"SearchAction","target":{"@type":"EntryPoint","urlTemplate":"https:\/\/alegerglobal.com\/cs\/?s={search_term_string}"},"query-input":{"@type":"PropertyValueSpecification","valueRequired":true,"valueName":"search_term_string"}}],"inLanguage":"cs"},{"@type":"Organization","@id":"https:\/\/alegerglobal.com\/cs\/#organization","name":"ALEGER \u22c6 Augmented Reality","url":"https:\/\/alegerglobal.com\/cs\/","logo":{"@type":"ImageObject","inLanguage":"cs","@id":"https:\/\/alegerglobal.com\/cs\/#\/schema\/logo\/image\/","url":"https:\/\/alegerglobal.com\/wp-content\/uploads\/2020\/12\/aleger-logo-quadrat.jpg","contentUrl":"https:\/\/alegerglobal.com\/wp-content\/uploads\/2020\/12\/aleger-logo-quadrat.jpg","width":200,"height":176,"caption":"ALEGER \u22c6 Augmented Reality"},"image":{"@id":"https:\/\/alegerglobal.com\/cs\/#\/schema\/logo\/image\/"}}]},"product_brand":"Panasonic","product_price_amount":"380.99","product_price_currency":"EUR","og_availability":"instock","product_availability":"instock","product_condition":"new"},"_links":{"self":[{"href":"https:\/\/alegerglobal.com\/cs\/wp-json\/wp\/v2\/product\/34802","targetHints":{"allow":["GET"]}}],"collection":[{"href":"https:\/\/alegerglobal.com\/cs\/wp-json\/wp\/v2\/product"}],"about":[{"href":"https:\/\/alegerglobal.com\/cs\/wp-json\/wp\/v2\/types\/product"}],"replies":[{"embeddable":true,"href":"https:\/\/alegerglobal.com\/cs\/wp-json\/wp\/v2\/comments?post=34802"}],"version-history":[{"count":1,"href":"https:\/\/alegerglobal.com\/cs\/wp-json\/wp\/v2\/product\/34802\/revisions"}],"predecessor-version":[{"id":34803,"href":"https:\/\/alegerglobal.com\/cs\/wp-json\/wp\/v2\/product\/34802\/revisions\/34803"}],"wp:featuredmedia":[{"embeddable":true,"href":"https:\/\/alegerglobal.com\/cs\/wp-json\/wp\/v2\/media\/12971"}],"wp:attachment":[{"href":"https:\/\/alegerglobal.com\/cs\/wp-json\/wp\/v2\/media?parent=34802"}],"wp:term":[{"taxonomy":"product_brand","embeddable":true,"href":"https:\/\/alegerglobal.com\/cs\/wp-json\/wp\/v2\/product_brand?post=34802"},{"taxonomy":"product_cat","embeddable":true,"href":"https:\/\/alegerglobal.com\/cs\/wp-json\/wp\/v2\/product_cat?post=34802"},{"taxonomy":"product_tag","embeddable":true,"href":"https:\/\/alegerglobal.com\/cs\/wp-json\/wp\/v2\/product_tag?post=34802"}],"curies":[{"name":"wp","href":"https:\/\/api.w.org\/{rel}","templated":true}]}}