{"id":34800,"date":"2021-02-03T05:35:08","date_gmt":"2022-05-19T07:46:13","guid":{"rendered":"https:\/\/alegerglobal.com\/nezarazene\/1d-a-2d-laserovy-snimac-carovych-kodu\/"},"modified":"2022-05-19T08:46:21","modified_gmt":"2022-05-19T07:46:21","slug":"1d-a-2d-laserovy-snimac-carovych-kodu","status":"publish","type":"product","link":"https:\/\/alegerglobal.com\/cs\/shop-cs\/prislusenstvi\/1d-a-2d-laserovy-snimac-carovych-kodu\/","title":{"rendered":"1D a 2D laserov\u00fd sn\u00edma\u010d \u010d\u00e1rov\u00fdch k\u00f3d\u016f"},"content":{"rendered":"\t\t<div data-elementor-type=\"product-post\" data-elementor-id=\"34800\" class=\"elementor elementor-34800 elementor-3841\" data-elementor-settings=\"{&quot;ha_cmc_init_switcher&quot;:&quot;no&quot;}\" data-elementor-post-type=\"product\">\n\t\t\t\t\t\t<section class=\"elementor-section elementor-top-section elementor-element elementor-element-c32a3c7 elementor-section-boxed elementor-section-height-default elementor-section-height-default\" data-id=\"c32a3c7\" data-element_type=\"section\" data-settings=\"{&quot;jet_parallax_layout_list&quot;:[],&quot;_ha_eqh_enable&quot;:false}\">\n\t\t\t\t\t\t<div class=\"elementor-container elementor-column-gap-default\">\n\t\t\t\t\t<div class=\"elementor-column elementor-col-100 elementor-top-column elementor-element elementor-element-7e4a788\" data-id=\"7e4a788\" data-element_type=\"column\">\n\t\t\t<div class=\"elementor-widget-wrap elementor-element-populated\">\n\t\t\t\t\t\t<div class=\"elementor-element elementor-element-aef12e2 elementor-widget elementor-widget-text-editor\" data-id=\"aef12e2\" data-element_type=\"widget\" data-widget_type=\"text-editor.default\">\n\t\t\t\t<div class=\"elementor-widget-container\">\n\t\t\t\t\t\t\t\t\t<p class=\"MsoNormal\"><strong>Kl\u00ed\u010dov\u00e9 vlastnosti<\/strong><\/p><p class=\"MsoNormal\">Bezdr\u00e1tov\u00e9 (Bluetooth) skenov\u00e1n\u00ed pro mobiln\u00ed za\u0159\u00edzen\u00ed se syst\u00e9my iOS, Android a Windows.  <\/p><p class=\"MsoNormal\">P\u0159ipojen\u00ed Bluetooth s dlouh\u00fdm dosahem 330 stop (100 m)<\/p><p class=\"MsoNormal\">Baterie s dlouhou v\u00fddr\u017e\u00ed &#8211; vysta\u010d\u00ed na dv\u011b 8hodinov\u00e9 sm\u011bny a\u017e na 20 hodin a v\u00edce ne\u017e 10 000 sken\u016f.<\/p><p class=\"MsoNormal\">Stupe\u0148 kryt\u00ed IP54 &#8211; pro ochranu proti prachu a st\u0159\u00edkaj\u00edc\u00ed vod\u011b<\/p><p class=\"MsoNormal\">Odoln\u00e1 konstrukce &#8211; vydr\u017e\u00ed v\u00edce ne\u017e 5 stop. (1,5 m) na beton a 500 opakovan\u00fdch p\u00e1d\u016f. Tla\u010d\u00edtko spou\u0161t\u011b skenov\u00e1n\u00ed je konstruov\u00e1no tak, aby vydr\u017eelo 5 000 000 stisknut\u00ed.<\/p>\t\t\t\t\t\t\t\t<\/div>\n\t\t\t\t<\/div>\n\t\t\t\t\t<\/div>\n\t\t<\/div>\n\t\t\t\t\t<\/div>\n\t\t<\/section>\n\t\t\t\t<\/div>\n\t\t","protected":false},"excerpt":{"rendered":"<p>Kl\u00ed\u010dov\u00e9 vlastnosti Bezdr\u00e1tov\u00e9 (Bluetooth) skenov\u00e1n\u00ed pro mobiln\u00ed za\u0159\u00edzen\u00ed se syst\u00e9my iOS, Android a Windows. P\u0159ipojen\u00ed Bluetooth s dlouh\u00fdm dosahem 330 stop (100 m) Baterie s dlouhou v\u00fddr\u017e\u00ed &#8211; vysta\u010d\u00ed na dv\u011b 8hodinov\u00e9 sm\u011bny a\u017e na 20 hodin a v\u00edce ne\u017e 10 000 sken\u016f. Stupe\u0148 kryt\u00ed IP54 &#8211; pro ochranu proti prachu a st\u0159\u00edkaj\u00edc\u00ed vod\u011b Odoln\u00e1 [&hellip;]<\/p>\n","protected":false},"featured_media":12960,"comment_status":"open","ping_status":"closed","template":"","meta":{"_acf_changed":false},"product_brand":[],"product_cat":[1529,1516],"product_tag":[],"class_list":{"0":"post-34800","1":"product","2":"type-product","3":"status-publish","4":"has-post-thumbnail","6":"product_cat-prislusenstvi","7":"product_cat-shop-cs","8":"pa_hersteller-panasonic-cs","10":"first","11":"instock","12":"taxable","13":"shipping-taxable","14":"purchasable","15":"product-type-simple"},"acf":[],"yoast_head":"<!-- This site is optimized with the Yoast SEO Premium plugin v20.10 (Yoast SEO v24.3) - https:\/\/yoast.com\/wordpress\/plugins\/seo\/ -->\n<title>- ALEGER \u22c6 Augmented Reality<\/title>\n<meta name=\"robots\" content=\"index, follow, max-snippet:-1, max-image-preview:large, max-video-preview:-1\" \/>\n<meta property=\"og:locale\" content=\"cs_CZ\" \/>\n<meta property=\"og:type\" content=\"article\" \/>\n<meta property=\"og:title\" content=\"1D a 2D laserov\u00fd sn\u00edma\u010d \u010d\u00e1rov\u00fdch k\u00f3d\u016f\" \/>\n<meta property=\"og:description\" content=\"Kl\u00ed\u010dov\u00e9 vlastnosti Bezdr\u00e1tov\u00e9 (Bluetooth) skenov\u00e1n\u00ed pro mobiln\u00ed za\u0159\u00edzen\u00ed se syst\u00e9my iOS, Android a Windows. P\u0159ipojen\u00ed Bluetooth s dlouh\u00fdm dosahem 330 stop (100 m) Baterie s dlouhou v\u00fddr\u017e\u00ed &#8211; vysta\u010d\u00ed na dv\u011b 8hodinov\u00e9 sm\u011bny a\u017e na 20 hodin a v\u00edce ne\u017e 10 000 sken\u016f. Stupe\u0148 kryt\u00ed IP54 &#8211; pro ochranu proti prachu a st\u0159\u00edkaj\u00edc\u00ed vod\u011b Odoln\u00e1 [&hellip;]\" \/>\n<meta property=\"og:url\" content=\"https:\/\/alegerglobal.com\/cs\/shop-cs\/prislusenstvi\/1d-a-2d-laserovy-snimac-carovych-kodu\/\" \/>\n<meta property=\"og:site_name\" content=\"ALEGER \u22c6 Augmented Reality\" \/>\n<meta property=\"article:modified_time\" content=\"2022-05-19T07:46:21+00:00\" \/>\n<meta property=\"og:image\" content=\"https:\/\/alegerglobal.com\/wp-content\/uploads\/2021\/02\/Unbenannt-68.jpg\" \/>\n\t<meta property=\"og:image:width\" content=\"800\" \/>\n\t<meta property=\"og:image:height\" content=\"800\" \/>\n\t<meta property=\"og:image:type\" content=\"image\/jpeg\" \/>\n<meta name=\"twitter:card\" content=\"summary_large_image\" \/>\n<meta name=\"twitter:label1\" content=\"Cena\" \/>\n\t<meta name=\"twitter:data1\" content=\"&euro;100,00\" \/>\n\t<meta name=\"twitter:label2\" content=\"Dostupnost\" \/>\n\t<meta name=\"twitter:data2\" content=\"Skladem\" \/>\n<script type=\"application\/ld+json\" class=\"yoast-schema-graph\">{\"@context\":\"https:\/\/schema.org\",\"@graph\":[{\"@type\":\"WebPage\",\"@id\":\"https:\/\/alegerglobal.com\/cs\/shop-cs\/prislusenstvi\/1d-a-2d-laserovy-snimac-carovych-kodu\/\",\"url\":\"https:\/\/alegerglobal.com\/cs\/shop-cs\/prislusenstvi\/1d-a-2d-laserovy-snimac-carovych-kodu\/\",\"name\":\"- ALEGER \u22c6 Augmented Reality\",\"isPartOf\":{\"@id\":\"https:\/\/alegerglobal.com\/cs\/#website\"},\"primaryImageOfPage\":{\"@id\":\"https:\/\/alegerglobal.com\/cs\/shop-cs\/prislusenstvi\/1d-a-2d-laserovy-snimac-carovych-kodu\/#primaryimage\"},\"image\":{\"@id\":\"https:\/\/alegerglobal.com\/cs\/shop-cs\/prislusenstvi\/1d-a-2d-laserovy-snimac-carovych-kodu\/#primaryimage\"},\"thumbnailUrl\":\"https:\/\/alegerglobal.com\/wp-content\/uploads\/2021\/02\/Unbenannt-68.jpg\",\"datePublished\":\"2022-05-19T07:46:13+00:00\",\"dateModified\":\"2022-05-19T07:46:21+00:00\",\"breadcrumb\":{\"@id\":\"https:\/\/alegerglobal.com\/cs\/shop-cs\/prislusenstvi\/1d-a-2d-laserovy-snimac-carovych-kodu\/#breadcrumb\"},\"inLanguage\":\"cs\",\"potentialAction\":[{\"@type\":\"ReadAction\",\"target\":[\"https:\/\/alegerglobal.com\/cs\/shop-cs\/prislusenstvi\/1d-a-2d-laserovy-snimac-carovych-kodu\/\"]}]},{\"@type\":\"ImageObject\",\"inLanguage\":\"cs\",\"@id\":\"https:\/\/alegerglobal.com\/cs\/shop-cs\/prislusenstvi\/1d-a-2d-laserovy-snimac-carovych-kodu\/#primaryimage\",\"url\":\"https:\/\/alegerglobal.com\/wp-content\/uploads\/2021\/02\/Unbenannt-68.jpg\",\"contentUrl\":\"https:\/\/alegerglobal.com\/wp-content\/uploads\/2021\/02\/Unbenannt-68.jpg\",\"width\":800,\"height\":800},{\"@type\":\"BreadcrumbList\",\"@id\":\"https:\/\/alegerglobal.com\/cs\/shop-cs\/prislusenstvi\/1d-a-2d-laserovy-snimac-carovych-kodu\/#breadcrumb\",\"itemListElement\":[{\"@type\":\"ListItem\",\"position\":1,\"name\":\"Home\",\"item\":\"https:\/\/alegerglobal.com\/cs\/novinka-domovska-stranka\/\"},{\"@type\":\"ListItem\",\"position\":2,\"name\":\"Produkty\",\"item\":\"https:\/\/alegerglobal.com\/cs\/produkty\/\"},{\"@type\":\"ListItem\",\"position\":3,\"name\":\"1D a 2D laserov\u00fd sn\u00edma\u010d \u010d\u00e1rov\u00fdch k\u00f3d\u016f\"}]},{\"@type\":\"WebSite\",\"@id\":\"https:\/\/alegerglobal.com\/cs\/#website\",\"url\":\"https:\/\/alegerglobal.com\/cs\/\",\"name\":\"ALEGER \u22c6 Augmented Reality\",\"description\":\"Die besten Augmented Reality (AR) L\u00f6sungen der Welt.\",\"publisher\":{\"@id\":\"https:\/\/alegerglobal.com\/cs\/#organization\"},\"potentialAction\":[{\"@type\":\"SearchAction\",\"target\":{\"@type\":\"EntryPoint\",\"urlTemplate\":\"https:\/\/alegerglobal.com\/cs\/?s={search_term_string}\"},\"query-input\":{\"@type\":\"PropertyValueSpecification\",\"valueRequired\":true,\"valueName\":\"search_term_string\"}}],\"inLanguage\":\"cs\"},{\"@type\":\"Organization\",\"@id\":\"https:\/\/alegerglobal.com\/cs\/#organization\",\"name\":\"ALEGER \u22c6 Augmented Reality\",\"url\":\"https:\/\/alegerglobal.com\/cs\/\",\"logo\":{\"@type\":\"ImageObject\",\"inLanguage\":\"cs\",\"@id\":\"https:\/\/alegerglobal.com\/cs\/#\/schema\/logo\/image\/\",\"url\":\"https:\/\/alegerglobal.com\/wp-content\/uploads\/2020\/12\/aleger-logo-quadrat.jpg\",\"contentUrl\":\"https:\/\/alegerglobal.com\/wp-content\/uploads\/2020\/12\/aleger-logo-quadrat.jpg\",\"width\":200,\"height\":176,\"caption\":\"ALEGER \u22c6 Augmented Reality\"},\"image\":{\"@id\":\"https:\/\/alegerglobal.com\/cs\/#\/schema\/logo\/image\/\"}}]}<\/script>\n<meta property=\"product:brand\" content=\"Panasonic\" \/>\n<meta property=\"product:price:amount\" content=\"100.00\" \/>\n<meta property=\"product:price:currency\" content=\"EUR\" \/>\n<meta property=\"og:availability\" content=\"instock\" \/>\n<meta property=\"product:availability\" content=\"instock\" \/>\n<meta property=\"product:condition\" content=\"new\" \/>\n<!-- \/ Yoast SEO Premium plugin. -->","yoast_head_json":{"title":"- ALEGER \u22c6 Augmented Reality","robots":{"index":"index","follow":"follow","max-snippet":"max-snippet:-1","max-image-preview":"max-image-preview:large","max-video-preview":"max-video-preview:-1"},"og_locale":"cs_CZ","og_type":"article","og_title":"1D a 2D laserov\u00fd sn\u00edma\u010d \u010d\u00e1rov\u00fdch k\u00f3d\u016f","og_description":"Kl\u00ed\u010dov\u00e9 vlastnosti Bezdr\u00e1tov\u00e9 (Bluetooth) skenov\u00e1n\u00ed pro mobiln\u00ed za\u0159\u00edzen\u00ed se syst\u00e9my iOS, Android a Windows. P\u0159ipojen\u00ed Bluetooth s dlouh\u00fdm dosahem 330 stop (100 m) Baterie s dlouhou v\u00fddr\u017e\u00ed &#8211; vysta\u010d\u00ed na dv\u011b 8hodinov\u00e9 sm\u011bny a\u017e na 20 hodin a v\u00edce ne\u017e 10 000 sken\u016f. Stupe\u0148 kryt\u00ed IP54 &#8211; pro ochranu proti prachu a st\u0159\u00edkaj\u00edc\u00ed vod\u011b Odoln\u00e1 [&hellip;]","og_url":"https:\/\/alegerglobal.com\/cs\/shop-cs\/prislusenstvi\/1d-a-2d-laserovy-snimac-carovych-kodu\/","og_site_name":"ALEGER \u22c6 Augmented Reality","article_modified_time":"2022-05-19T07:46:21+00:00","og_image":[{"width":800,"height":800,"url":"https:\/\/alegerglobal.com\/wp-content\/uploads\/2021\/02\/Unbenannt-68.jpg","type":"image\/jpeg"}],"twitter_card":"summary_large_image","twitter_misc":{"Cena":"&euro;100,00","Dostupnost":"Skladem"},"schema":{"@context":"https:\/\/schema.org","@graph":[{"@type":"WebPage","@id":"https:\/\/alegerglobal.com\/cs\/shop-cs\/prislusenstvi\/1d-a-2d-laserovy-snimac-carovych-kodu\/","url":"https:\/\/alegerglobal.com\/cs\/shop-cs\/prislusenstvi\/1d-a-2d-laserovy-snimac-carovych-kodu\/","name":"- ALEGER \u22c6 Augmented Reality","isPartOf":{"@id":"https:\/\/alegerglobal.com\/cs\/#website"},"primaryImageOfPage":{"@id":"https:\/\/alegerglobal.com\/cs\/shop-cs\/prislusenstvi\/1d-a-2d-laserovy-snimac-carovych-kodu\/#primaryimage"},"image":{"@id":"https:\/\/alegerglobal.com\/cs\/shop-cs\/prislusenstvi\/1d-a-2d-laserovy-snimac-carovych-kodu\/#primaryimage"},"thumbnailUrl":"https:\/\/alegerglobal.com\/wp-content\/uploads\/2021\/02\/Unbenannt-68.jpg","datePublished":"2022-05-19T07:46:13+00:00","dateModified":"2022-05-19T07:46:21+00:00","breadcrumb":{"@id":"https:\/\/alegerglobal.com\/cs\/shop-cs\/prislusenstvi\/1d-a-2d-laserovy-snimac-carovych-kodu\/#breadcrumb"},"inLanguage":"cs","potentialAction":[{"@type":"ReadAction","target":["https:\/\/alegerglobal.com\/cs\/shop-cs\/prislusenstvi\/1d-a-2d-laserovy-snimac-carovych-kodu\/"]}]},{"@type":"ImageObject","inLanguage":"cs","@id":"https:\/\/alegerglobal.com\/cs\/shop-cs\/prislusenstvi\/1d-a-2d-laserovy-snimac-carovych-kodu\/#primaryimage","url":"https:\/\/alegerglobal.com\/wp-content\/uploads\/2021\/02\/Unbenannt-68.jpg","contentUrl":"https:\/\/alegerglobal.com\/wp-content\/uploads\/2021\/02\/Unbenannt-68.jpg","width":800,"height":800},{"@type":"BreadcrumbList","@id":"https:\/\/alegerglobal.com\/cs\/shop-cs\/prislusenstvi\/1d-a-2d-laserovy-snimac-carovych-kodu\/#breadcrumb","itemListElement":[{"@type":"ListItem","position":1,"name":"Home","item":"https:\/\/alegerglobal.com\/cs\/novinka-domovska-stranka\/"},{"@type":"ListItem","position":2,"name":"Produkty","item":"https:\/\/alegerglobal.com\/cs\/produkty\/"},{"@type":"ListItem","position":3,"name":"1D a 2D laserov\u00fd sn\u00edma\u010d \u010d\u00e1rov\u00fdch k\u00f3d\u016f"}]},{"@type":"WebSite","@id":"https:\/\/alegerglobal.com\/cs\/#website","url":"https:\/\/alegerglobal.com\/cs\/","name":"ALEGER \u22c6 Augmented Reality","description":"Die besten Augmented Reality (AR) L\u00f6sungen der Welt.","publisher":{"@id":"https:\/\/alegerglobal.com\/cs\/#organization"},"potentialAction":[{"@type":"SearchAction","target":{"@type":"EntryPoint","urlTemplate":"https:\/\/alegerglobal.com\/cs\/?s={search_term_string}"},"query-input":{"@type":"PropertyValueSpecification","valueRequired":true,"valueName":"search_term_string"}}],"inLanguage":"cs"},{"@type":"Organization","@id":"https:\/\/alegerglobal.com\/cs\/#organization","name":"ALEGER \u22c6 Augmented Reality","url":"https:\/\/alegerglobal.com\/cs\/","logo":{"@type":"ImageObject","inLanguage":"cs","@id":"https:\/\/alegerglobal.com\/cs\/#\/schema\/logo\/image\/","url":"https:\/\/alegerglobal.com\/wp-content\/uploads\/2020\/12\/aleger-logo-quadrat.jpg","contentUrl":"https:\/\/alegerglobal.com\/wp-content\/uploads\/2020\/12\/aleger-logo-quadrat.jpg","width":200,"height":176,"caption":"ALEGER \u22c6 Augmented Reality"},"image":{"@id":"https:\/\/alegerglobal.com\/cs\/#\/schema\/logo\/image\/"}}]},"product_brand":"Panasonic","product_price_amount":"100.00","product_price_currency":"EUR","og_availability":"instock","product_availability":"instock","product_condition":"new"},"_links":{"self":[{"href":"https:\/\/alegerglobal.com\/cs\/wp-json\/wp\/v2\/product\/34800","targetHints":{"allow":["GET"]}}],"collection":[{"href":"https:\/\/alegerglobal.com\/cs\/wp-json\/wp\/v2\/product"}],"about":[{"href":"https:\/\/alegerglobal.com\/cs\/wp-json\/wp\/v2\/types\/product"}],"replies":[{"embeddable":true,"href":"https:\/\/alegerglobal.com\/cs\/wp-json\/wp\/v2\/comments?post=34800"}],"version-history":[{"count":1,"href":"https:\/\/alegerglobal.com\/cs\/wp-json\/wp\/v2\/product\/34800\/revisions"}],"predecessor-version":[{"id":34801,"href":"https:\/\/alegerglobal.com\/cs\/wp-json\/wp\/v2\/product\/34800\/revisions\/34801"}],"wp:featuredmedia":[{"embeddable":true,"href":"https:\/\/alegerglobal.com\/cs\/wp-json\/wp\/v2\/media\/12960"}],"wp:attachment":[{"href":"https:\/\/alegerglobal.com\/cs\/wp-json\/wp\/v2\/media?parent=34800"}],"wp:term":[{"taxonomy":"product_brand","embeddable":true,"href":"https:\/\/alegerglobal.com\/cs\/wp-json\/wp\/v2\/product_brand?post=34800"},{"taxonomy":"product_cat","embeddable":true,"href":"https:\/\/alegerglobal.com\/cs\/wp-json\/wp\/v2\/product_cat?post=34800"},{"taxonomy":"product_tag","embeddable":true,"href":"https:\/\/alegerglobal.com\/cs\/wp-json\/wp\/v2\/product_tag?post=34800"}],"curies":[{"name":"wp","href":"https:\/\/api.w.org\/{rel}","templated":true}]}}