{"id":34798,"date":"2021-02-03T05:42:21","date_gmt":"2022-05-19T07:45:48","guid":{"rendered":"https:\/\/alegerglobal.com\/nezarazene\/standardni-nebo-stredni-rozsah-1d-2d-snimace-carovych-kodu\/"},"modified":"2022-05-19T08:45:49","modified_gmt":"2022-05-19T07:45:49","slug":"standardni-nebo-stredni-rozsah-1d-2d-snimace-carovych-kodu","status":"publish","type":"product","link":"https:\/\/alegerglobal.com\/cs\/shop-cs\/prislusenstvi\/standardni-nebo-stredni-rozsah-1d-2d-snimace-carovych-kodu\/","title":{"rendered":"Standardn\u00ed nebo st\u0159edn\u00ed rozsah 1D\/2D sn\u00edma\u010de \u010d\u00e1rov\u00fdch k\u00f3d\u016f"},"content":{"rendered":"\t\t<div data-elementor-type=\"product-post\" data-elementor-id=\"34798\" class=\"elementor elementor-34798 elementor-3848\" data-elementor-settings=\"{&quot;ha_cmc_init_switcher&quot;:&quot;no&quot;}\" data-elementor-post-type=\"product\">\n\t\t\t\t\t\t<section class=\"elementor-section elementor-top-section elementor-element elementor-element-0038cd8 elementor-section-boxed elementor-section-height-default elementor-section-height-default\" data-id=\"0038cd8\" data-element_type=\"section\" data-settings=\"{&quot;jet_parallax_layout_list&quot;:[],&quot;_ha_eqh_enable&quot;:false}\">\n\t\t\t\t\t\t<div class=\"elementor-container elementor-column-gap-default\">\n\t\t\t\t\t<div class=\"elementor-column elementor-col-100 elementor-top-column elementor-element elementor-element-bb8892a\" data-id=\"bb8892a\" data-element_type=\"column\">\n\t\t\t<div class=\"elementor-widget-wrap elementor-element-populated\">\n\t\t\t\t\t\t<div class=\"elementor-element elementor-element-864d467 elementor-widget elementor-widget-text-editor\" data-id=\"864d467\" data-element_type=\"widget\" data-widget_type=\"text-editor.default\">\n\t\t\t\t<div class=\"elementor-widget-container\">\n\t\t\t\t\t\t\t\t\t<p class=\"MsoNormal\"><strong>Kl\u00ed\u010dov\u00e9 vlastnosti<\/strong><\/p><p class=\"MsoNormal\">Vzd\u00e1lenost sn\u00edm\u00e1n\u00ed: Standardn\u00ed rozsah: 10-80 cm; st\u0159edn\u00ed rozsah: 30-150 cm<\/p><p class=\"MsoNormal\">Zp\u011btn\u00e1 vazba p\u0159enosu (akustick\u00e1, optick\u00e1, haptick\u00e1)<\/p><p class=\"MsoNormal\">Bezdr\u00e1tov\u00fd p\u0159enos (868 MHz, Bluetooth Low Energy)<\/p><p class=\"MsoNormal\">V\u00fddr\u017e baterie a\u017e 6000 sken\u016f<\/p><p class=\"MsoNormal\">Obousm\u011brn\u00e1 komunikace<\/p>\t\t\t\t\t\t\t\t<\/div>\n\t\t\t\t<\/div>\n\t\t\t\t\t<\/div>\n\t\t<\/div>\n\t\t\t\t\t<\/div>\n\t\t<\/section>\n\t\t\t\t<\/div>\n\t\t","protected":false},"excerpt":{"rendered":"<p>Kl\u00ed\u010dov\u00e9 vlastnosti Vzd\u00e1lenost sn\u00edm\u00e1n\u00ed: Standardn\u00ed rozsah: 10-80 cm; st\u0159edn\u00ed rozsah: 30-150 cm Zp\u011btn\u00e1 vazba p\u0159enosu (akustick\u00e1, optick\u00e1, haptick\u00e1) Bezdr\u00e1tov\u00fd p\u0159enos (868 MHz, Bluetooth Low Energy) V\u00fddr\u017e baterie a\u017e 6000 sken\u016f Obousm\u011brn\u00e1 komunikace<\/p>\n","protected":false},"featured_media":12585,"comment_status":"open","ping_status":"closed","template":"","meta":{"_acf_changed":false},"product_brand":[],"product_cat":[1529,1516],"product_tag":[],"class_list":{"0":"post-34798","1":"product","2":"type-product","3":"status-publish","4":"has-post-thumbnail","6":"product_cat-prislusenstvi","7":"product_cat-shop-cs","8":"pa_hersteller-panasonic-cs","10":"first","11":"instock","12":"taxable","13":"shipping-taxable","14":"purchasable","15":"product-type-simple"},"acf":[],"yoast_head":"<!-- This site is optimized with the Yoast SEO Premium plugin v20.10 (Yoast SEO v24.3) - https:\/\/yoast.com\/wordpress\/plugins\/seo\/ -->\n<title>- ALEGER \u22c6 Augmented Reality<\/title>\n<meta name=\"robots\" content=\"index, follow, max-snippet:-1, max-image-preview:large, max-video-preview:-1\" \/>\n<meta property=\"og:locale\" content=\"cs_CZ\" \/>\n<meta property=\"og:type\" content=\"article\" \/>\n<meta property=\"og:title\" content=\"Standardn\u00ed nebo st\u0159edn\u00ed rozsah 1D\/2D sn\u00edma\u010de \u010d\u00e1rov\u00fdch k\u00f3d\u016f\" \/>\n<meta property=\"og:description\" content=\"Kl\u00ed\u010dov\u00e9 vlastnosti Vzd\u00e1lenost sn\u00edm\u00e1n\u00ed: Standardn\u00ed rozsah: 10-80 cm; st\u0159edn\u00ed rozsah: 30-150 cm Zp\u011btn\u00e1 vazba p\u0159enosu (akustick\u00e1, optick\u00e1, haptick\u00e1) Bezdr\u00e1tov\u00fd p\u0159enos (868 MHz, Bluetooth Low Energy) V\u00fddr\u017e baterie a\u017e 6000 sken\u016f Obousm\u011brn\u00e1 komunikace\" \/>\n<meta property=\"og:url\" content=\"https:\/\/alegerglobal.com\/cs\/shop-cs\/prislusenstvi\/standardni-nebo-stredni-rozsah-1d-2d-snimace-carovych-kodu\/\" \/>\n<meta property=\"og:site_name\" content=\"ALEGER \u22c6 Augmented Reality\" \/>\n<meta property=\"article:modified_time\" content=\"2022-05-19T07:45:49+00:00\" \/>\n<meta property=\"og:image\" content=\"https:\/\/alegerglobal.com\/wp-content\/uploads\/2021\/02\/pcpe-pglscn2.jpg\" \/>\n\t<meta property=\"og:image:width\" content=\"400\" \/>\n\t<meta property=\"og:image:height\" content=\"300\" \/>\n\t<meta property=\"og:image:type\" content=\"image\/jpeg\" \/>\n<meta name=\"twitter:card\" content=\"summary_large_image\" \/>\n<meta name=\"twitter:label1\" content=\"Cena\" \/>\n\t<meta name=\"twitter:data1\" content=\"&euro;99,99\" \/>\n\t<meta name=\"twitter:label2\" content=\"Dostupnost\" \/>\n\t<meta name=\"twitter:data2\" content=\"Skladem\" \/>\n<script type=\"application\/ld+json\" class=\"yoast-schema-graph\">{\"@context\":\"https:\/\/schema.org\",\"@graph\":[{\"@type\":\"WebPage\",\"@id\":\"https:\/\/alegerglobal.com\/cs\/shop-cs\/prislusenstvi\/standardni-nebo-stredni-rozsah-1d-2d-snimace-carovych-kodu\/\",\"url\":\"https:\/\/alegerglobal.com\/cs\/shop-cs\/prislusenstvi\/standardni-nebo-stredni-rozsah-1d-2d-snimace-carovych-kodu\/\",\"name\":\"- ALEGER \u22c6 Augmented Reality\",\"isPartOf\":{\"@id\":\"https:\/\/alegerglobal.com\/cs\/#website\"},\"primaryImageOfPage\":{\"@id\":\"https:\/\/alegerglobal.com\/cs\/shop-cs\/prislusenstvi\/standardni-nebo-stredni-rozsah-1d-2d-snimace-carovych-kodu\/#primaryimage\"},\"image\":{\"@id\":\"https:\/\/alegerglobal.com\/cs\/shop-cs\/prislusenstvi\/standardni-nebo-stredni-rozsah-1d-2d-snimace-carovych-kodu\/#primaryimage\"},\"thumbnailUrl\":\"https:\/\/alegerglobal.com\/wp-content\/uploads\/2021\/02\/pcpe-pglscn2.jpg\",\"datePublished\":\"2022-05-19T07:45:48+00:00\",\"dateModified\":\"2022-05-19T07:45:49+00:00\",\"breadcrumb\":{\"@id\":\"https:\/\/alegerglobal.com\/cs\/shop-cs\/prislusenstvi\/standardni-nebo-stredni-rozsah-1d-2d-snimace-carovych-kodu\/#breadcrumb\"},\"inLanguage\":\"cs\",\"potentialAction\":[{\"@type\":\"ReadAction\",\"target\":[\"https:\/\/alegerglobal.com\/cs\/shop-cs\/prislusenstvi\/standardni-nebo-stredni-rozsah-1d-2d-snimace-carovych-kodu\/\"]}]},{\"@type\":\"ImageObject\",\"inLanguage\":\"cs\",\"@id\":\"https:\/\/alegerglobal.com\/cs\/shop-cs\/prislusenstvi\/standardni-nebo-stredni-rozsah-1d-2d-snimace-carovych-kodu\/#primaryimage\",\"url\":\"https:\/\/alegerglobal.com\/wp-content\/uploads\/2021\/02\/pcpe-pglscn2.jpg\",\"contentUrl\":\"https:\/\/alegerglobal.com\/wp-content\/uploads\/2021\/02\/pcpe-pglscn2.jpg\",\"width\":400,\"height\":300},{\"@type\":\"BreadcrumbList\",\"@id\":\"https:\/\/alegerglobal.com\/cs\/shop-cs\/prislusenstvi\/standardni-nebo-stredni-rozsah-1d-2d-snimace-carovych-kodu\/#breadcrumb\",\"itemListElement\":[{\"@type\":\"ListItem\",\"position\":1,\"name\":\"Home\",\"item\":\"https:\/\/alegerglobal.com\/cs\/novinka-domovska-stranka\/\"},{\"@type\":\"ListItem\",\"position\":2,\"name\":\"Produkty\",\"item\":\"https:\/\/alegerglobal.com\/cs\/produkty\/\"},{\"@type\":\"ListItem\",\"position\":3,\"name\":\"Standardn\u00ed nebo st\u0159edn\u00ed rozsah 1D\/2D sn\u00edma\u010de \u010d\u00e1rov\u00fdch k\u00f3d\u016f\"}]},{\"@type\":\"WebSite\",\"@id\":\"https:\/\/alegerglobal.com\/cs\/#website\",\"url\":\"https:\/\/alegerglobal.com\/cs\/\",\"name\":\"ALEGER \u22c6 Augmented Reality\",\"description\":\"Die besten Augmented Reality (AR) L\u00f6sungen der Welt.\",\"publisher\":{\"@id\":\"https:\/\/alegerglobal.com\/cs\/#organization\"},\"potentialAction\":[{\"@type\":\"SearchAction\",\"target\":{\"@type\":\"EntryPoint\",\"urlTemplate\":\"https:\/\/alegerglobal.com\/cs\/?s={search_term_string}\"},\"query-input\":{\"@type\":\"PropertyValueSpecification\",\"valueRequired\":true,\"valueName\":\"search_term_string\"}}],\"inLanguage\":\"cs\"},{\"@type\":\"Organization\",\"@id\":\"https:\/\/alegerglobal.com\/cs\/#organization\",\"name\":\"ALEGER \u22c6 Augmented Reality\",\"url\":\"https:\/\/alegerglobal.com\/cs\/\",\"logo\":{\"@type\":\"ImageObject\",\"inLanguage\":\"cs\",\"@id\":\"https:\/\/alegerglobal.com\/cs\/#\/schema\/logo\/image\/\",\"url\":\"https:\/\/alegerglobal.com\/wp-content\/uploads\/2020\/12\/aleger-logo-quadrat.jpg\",\"contentUrl\":\"https:\/\/alegerglobal.com\/wp-content\/uploads\/2020\/12\/aleger-logo-quadrat.jpg\",\"width\":200,\"height\":176,\"caption\":\"ALEGER \u22c6 Augmented Reality\"},\"image\":{\"@id\":\"https:\/\/alegerglobal.com\/cs\/#\/schema\/logo\/image\/\"}}]}<\/script>\n<meta property=\"product:brand\" content=\"Panasonic\" \/>\n<meta property=\"product:price:amount\" content=\"99.99\" \/>\n<meta property=\"product:price:currency\" content=\"EUR\" \/>\n<meta property=\"og:availability\" content=\"instock\" \/>\n<meta property=\"product:availability\" content=\"instock\" \/>\n<meta property=\"product:condition\" content=\"new\" \/>\n<!-- \/ Yoast SEO Premium plugin. -->","yoast_head_json":{"title":"- ALEGER \u22c6 Augmented Reality","robots":{"index":"index","follow":"follow","max-snippet":"max-snippet:-1","max-image-preview":"max-image-preview:large","max-video-preview":"max-video-preview:-1"},"og_locale":"cs_CZ","og_type":"article","og_title":"Standardn\u00ed nebo st\u0159edn\u00ed rozsah 1D\/2D sn\u00edma\u010de \u010d\u00e1rov\u00fdch k\u00f3d\u016f","og_description":"Kl\u00ed\u010dov\u00e9 vlastnosti Vzd\u00e1lenost sn\u00edm\u00e1n\u00ed: Standardn\u00ed rozsah: 10-80 cm; st\u0159edn\u00ed rozsah: 30-150 cm Zp\u011btn\u00e1 vazba p\u0159enosu (akustick\u00e1, optick\u00e1, haptick\u00e1) Bezdr\u00e1tov\u00fd p\u0159enos (868 MHz, Bluetooth Low Energy) V\u00fddr\u017e baterie a\u017e 6000 sken\u016f Obousm\u011brn\u00e1 komunikace","og_url":"https:\/\/alegerglobal.com\/cs\/shop-cs\/prislusenstvi\/standardni-nebo-stredni-rozsah-1d-2d-snimace-carovych-kodu\/","og_site_name":"ALEGER \u22c6 Augmented Reality","article_modified_time":"2022-05-19T07:45:49+00:00","og_image":[{"width":400,"height":300,"url":"https:\/\/alegerglobal.com\/wp-content\/uploads\/2021\/02\/pcpe-pglscn2.jpg","type":"image\/jpeg"}],"twitter_card":"summary_large_image","twitter_misc":{"Cena":"&euro;99,99","Dostupnost":"Skladem"},"schema":{"@context":"https:\/\/schema.org","@graph":[{"@type":"WebPage","@id":"https:\/\/alegerglobal.com\/cs\/shop-cs\/prislusenstvi\/standardni-nebo-stredni-rozsah-1d-2d-snimace-carovych-kodu\/","url":"https:\/\/alegerglobal.com\/cs\/shop-cs\/prislusenstvi\/standardni-nebo-stredni-rozsah-1d-2d-snimace-carovych-kodu\/","name":"- ALEGER \u22c6 Augmented Reality","isPartOf":{"@id":"https:\/\/alegerglobal.com\/cs\/#website"},"primaryImageOfPage":{"@id":"https:\/\/alegerglobal.com\/cs\/shop-cs\/prislusenstvi\/standardni-nebo-stredni-rozsah-1d-2d-snimace-carovych-kodu\/#primaryimage"},"image":{"@id":"https:\/\/alegerglobal.com\/cs\/shop-cs\/prislusenstvi\/standardni-nebo-stredni-rozsah-1d-2d-snimace-carovych-kodu\/#primaryimage"},"thumbnailUrl":"https:\/\/alegerglobal.com\/wp-content\/uploads\/2021\/02\/pcpe-pglscn2.jpg","datePublished":"2022-05-19T07:45:48+00:00","dateModified":"2022-05-19T07:45:49+00:00","breadcrumb":{"@id":"https:\/\/alegerglobal.com\/cs\/shop-cs\/prislusenstvi\/standardni-nebo-stredni-rozsah-1d-2d-snimace-carovych-kodu\/#breadcrumb"},"inLanguage":"cs","potentialAction":[{"@type":"ReadAction","target":["https:\/\/alegerglobal.com\/cs\/shop-cs\/prislusenstvi\/standardni-nebo-stredni-rozsah-1d-2d-snimace-carovych-kodu\/"]}]},{"@type":"ImageObject","inLanguage":"cs","@id":"https:\/\/alegerglobal.com\/cs\/shop-cs\/prislusenstvi\/standardni-nebo-stredni-rozsah-1d-2d-snimace-carovych-kodu\/#primaryimage","url":"https:\/\/alegerglobal.com\/wp-content\/uploads\/2021\/02\/pcpe-pglscn2.jpg","contentUrl":"https:\/\/alegerglobal.com\/wp-content\/uploads\/2021\/02\/pcpe-pglscn2.jpg","width":400,"height":300},{"@type":"BreadcrumbList","@id":"https:\/\/alegerglobal.com\/cs\/shop-cs\/prislusenstvi\/standardni-nebo-stredni-rozsah-1d-2d-snimace-carovych-kodu\/#breadcrumb","itemListElement":[{"@type":"ListItem","position":1,"name":"Home","item":"https:\/\/alegerglobal.com\/cs\/novinka-domovska-stranka\/"},{"@type":"ListItem","position":2,"name":"Produkty","item":"https:\/\/alegerglobal.com\/cs\/produkty\/"},{"@type":"ListItem","position":3,"name":"Standardn\u00ed nebo st\u0159edn\u00ed rozsah 1D\/2D sn\u00edma\u010de \u010d\u00e1rov\u00fdch k\u00f3d\u016f"}]},{"@type":"WebSite","@id":"https:\/\/alegerglobal.com\/cs\/#website","url":"https:\/\/alegerglobal.com\/cs\/","name":"ALEGER \u22c6 Augmented Reality","description":"Die besten Augmented Reality (AR) L\u00f6sungen der Welt.","publisher":{"@id":"https:\/\/alegerglobal.com\/cs\/#organization"},"potentialAction":[{"@type":"SearchAction","target":{"@type":"EntryPoint","urlTemplate":"https:\/\/alegerglobal.com\/cs\/?s={search_term_string}"},"query-input":{"@type":"PropertyValueSpecification","valueRequired":true,"valueName":"search_term_string"}}],"inLanguage":"cs"},{"@type":"Organization","@id":"https:\/\/alegerglobal.com\/cs\/#organization","name":"ALEGER \u22c6 Augmented Reality","url":"https:\/\/alegerglobal.com\/cs\/","logo":{"@type":"ImageObject","inLanguage":"cs","@id":"https:\/\/alegerglobal.com\/cs\/#\/schema\/logo\/image\/","url":"https:\/\/alegerglobal.com\/wp-content\/uploads\/2020\/12\/aleger-logo-quadrat.jpg","contentUrl":"https:\/\/alegerglobal.com\/wp-content\/uploads\/2020\/12\/aleger-logo-quadrat.jpg","width":200,"height":176,"caption":"ALEGER \u22c6 Augmented Reality"},"image":{"@id":"https:\/\/alegerglobal.com\/cs\/#\/schema\/logo\/image\/"}}]},"product_brand":"Panasonic","product_price_amount":"99.99","product_price_currency":"EUR","og_availability":"instock","product_availability":"instock","product_condition":"new"},"_links":{"self":[{"href":"https:\/\/alegerglobal.com\/cs\/wp-json\/wp\/v2\/product\/34798","targetHints":{"allow":["GET"]}}],"collection":[{"href":"https:\/\/alegerglobal.com\/cs\/wp-json\/wp\/v2\/product"}],"about":[{"href":"https:\/\/alegerglobal.com\/cs\/wp-json\/wp\/v2\/types\/product"}],"replies":[{"embeddable":true,"href":"https:\/\/alegerglobal.com\/cs\/wp-json\/wp\/v2\/comments?post=34798"}],"version-history":[{"count":1,"href":"https:\/\/alegerglobal.com\/cs\/wp-json\/wp\/v2\/product\/34798\/revisions"}],"predecessor-version":[{"id":34799,"href":"https:\/\/alegerglobal.com\/cs\/wp-json\/wp\/v2\/product\/34798\/revisions\/34799"}],"wp:featuredmedia":[{"embeddable":true,"href":"https:\/\/alegerglobal.com\/cs\/wp-json\/wp\/v2\/media\/12585"}],"wp:attachment":[{"href":"https:\/\/alegerglobal.com\/cs\/wp-json\/wp\/v2\/media?parent=34798"}],"wp:term":[{"taxonomy":"product_brand","embeddable":true,"href":"https:\/\/alegerglobal.com\/cs\/wp-json\/wp\/v2\/product_brand?post=34798"},{"taxonomy":"product_cat","embeddable":true,"href":"https:\/\/alegerglobal.com\/cs\/wp-json\/wp\/v2\/product_cat?post=34798"},{"taxonomy":"product_tag","embeddable":true,"href":"https:\/\/alegerglobal.com\/cs\/wp-json\/wp\/v2\/product_tag?post=34798"}],"curies":[{"name":"wp","href":"https:\/\/api.w.org\/{rel}","templated":true}]}}