{"id":34781,"date":"2020-01-15T05:26:28","date_gmt":"2022-05-19T07:39:52","guid":{"rendered":"https:\/\/alegerglobal.com\/nezarazene\/iristick-g2-pro-16-mp-fotoaparat-60-fps-pro-android-8-a-ios-12-ctecka-carovych-kodu-baterie-s-moznosti-vymeny-za-provozu\/"},"modified":"2022-05-19T08:39:52","modified_gmt":"2022-05-19T07:39:52","slug":"iristick-g2-pro-2","status":"publish","type":"product","link":"https:\/\/alegerglobal.com\/cs\/shop-cs\/iristick-g2-pro-2\/","title":{"rendered":"Iristick.G2 PRO, 16 MP fotoapar\u00e1t, 60 FPS, pro Android 8 a iOS 12, \u010dte\u010dka \u010d\u00e1rov\u00fdch k\u00f3d\u016f, baterie s mo\u017enost\u00ed v\u00fdm\u011bny za provozu"},"content":{"rendered":"","protected":false},"excerpt":{"rendered":"<ul>\n<li style=\"font-weight: 400;\" aria-level=\"1\"><b>Ostr\u00e9 z\u00e1b\u011bry:<\/b><span style=\"font-weight: 400;\"> 16MP fotoapar\u00e1t s 6x optick\u00fdm zoomem a videem v rozli\u0161en\u00ed 720p p\u0159i 60 FPS<\/span><\/li>\n<li style=\"font-weight: 400;\" aria-level=\"1\"><b>Zobrazen\u00ed: <\/b><span style=\"font-weight: 400;\">426&#215;260 WQVGA<\/span><\/li>\n<li style=\"font-weight: 400;\" aria-level=\"1\"><b>Kompatibilita:<\/b><span style=\"font-weight: 400;\"> Pou\u017eit\u00ed s iPhonem od verze iOS 12 a Androidem od verze 8<\/span><\/li>\n<li style=\"font-weight: 400;\" aria-level=\"1\"><b>P\u0159ipojen\u00ed:<\/b><span style=\"font-weight: 400;\"> P\u0159ipojen\u00ed p\u0159es kabel USB-C<\/span><\/li>\n<li style=\"font-weight: 400;\" aria-level=\"1\"><b>V\u00fdb\u011br podle vid\u011bn\u00ed:<\/b><span style=\"font-weight: 400;\">  \u010cte\u010dka \u010d\u00e1rov\u00fdch k\u00f3d\u016f pro div. Integrovan\u00e9 \u010d\u00e1rov\u00e9 k\u00f3dy<\/span><\/li>\n<li style=\"font-weight: 400;\" aria-level=\"1\"><b>Flexibiln\u00ed ovl\u00e1d\u00e1n\u00ed: <\/b><span style=\"font-weight: 400;\">Jednotku lze ovl\u00e1dat p\u0159\u00edkazy v r\u016fzn\u00fdch jazyc\u00edch<\/span><\/li>\n<\/ul>\n","protected":false},"featured_media":13485,"comment_status":"open","ping_status":"closed","template":"","meta":{"_acf_changed":false},"product_brand":[],"product_cat":[1515,1516],"product_tag":[],"class_list":{"0":"post-34781","1":"product","2":"type-product","3":"status-publish","4":"has-post-thumbnail","6":"product_cat-chytre-bryle","7":"product_cat-shop-cs","8":"pa_hersteller-iristick-cs","10":"first","11":"instock","12":"taxable","13":"shipping-taxable","14":"purchasable","15":"product-type-simple"},"acf":[],"yoast_head":"<!-- This site is optimized with the Yoast SEO Premium plugin v20.10 (Yoast SEO v24.3) - https:\/\/yoast.com\/wordpress\/plugins\/seo\/ -->\n<title>Koupit Iristick.G2 PRO (2022) - ALEGER \u22c6 Augmented Reality<\/title>\n<meta name=\"description\" content=\"Br\u00fdle AR Iristick.G2 PRO vytv\u00e1\u0159ej\u00ed z\u00e1klad pro efektivn\u00ed spolupr\u00e1ci na d\u00e1lku a sni\u017euj\u00ed tak spot\u0159ebu zdroj\u016f.\" \/>\n<meta name=\"robots\" content=\"index, follow, max-snippet:-1, max-image-preview:large, max-video-preview:-1\" \/>\n<meta property=\"og:locale\" content=\"cs_CZ\" \/>\n<meta property=\"og:type\" content=\"article\" \/>\n<meta property=\"og:title\" content=\"Iristick.G2 PRO, 16 MP fotoapar\u00e1t, 60 FPS, pro Android 8 a iOS 12, \u010dte\u010dka \u010d\u00e1rov\u00fdch k\u00f3d\u016f, baterie s mo\u017enost\u00ed v\u00fdm\u011bny za provozu\" \/>\n<meta property=\"og:description\" content=\"Br\u00fdle AR Iristick.G2 PRO vytv\u00e1\u0159ej\u00ed z\u00e1klad pro efektivn\u00ed spolupr\u00e1ci na d\u00e1lku a sni\u017euj\u00ed tak spot\u0159ebu zdroj\u016f.\" \/>\n<meta property=\"og:url\" content=\"https:\/\/alegerglobal.com\/cs\/shop-cs\/iristick-g2-pro-2\/\" \/>\n<meta property=\"og:site_name\" content=\"ALEGER \u22c6 Augmented Reality\" \/>\n<meta property=\"og:image\" content=\"https:\/\/alegerglobal.com\/wp-content\/uploads\/2020\/01\/dvsdv.png\" \/>\n\t<meta property=\"og:image:width\" content=\"800\" \/>\n\t<meta property=\"og:image:height\" content=\"800\" \/>\n\t<meta property=\"og:image:type\" content=\"image\/png\" \/>\n<meta name=\"twitter:card\" content=\"summary_large_image\" \/>\n<meta name=\"twitter:label1\" content=\"Cena\" \/>\n\t<meta name=\"twitter:data1\" content=\"&euro;2.038,00\" \/>\n\t<meta name=\"twitter:label2\" content=\"Dostupnost\" \/>\n\t<meta name=\"twitter:data2\" content=\"Skladem\" \/>\n<script type=\"application\/ld+json\" class=\"yoast-schema-graph\">{\"@context\":\"https:\/\/schema.org\",\"@graph\":[{\"@type\":\"WebPage\",\"@id\":\"https:\/\/alegerglobal.com\/cs\/shop-cs\/iristick-g2-pro-2\/\",\"url\":\"https:\/\/alegerglobal.com\/cs\/shop-cs\/iristick-g2-pro-2\/\",\"name\":\"Koupit Iristick.G2 PRO (2022) - ALEGER \u22c6 Augmented Reality\",\"isPartOf\":{\"@id\":\"https:\/\/alegerglobal.com\/cs\/#website\"},\"primaryImageOfPage\":{\"@id\":\"https:\/\/alegerglobal.com\/cs\/shop-cs\/iristick-g2-pro-2\/#primaryimage\"},\"image\":{\"@id\":\"https:\/\/alegerglobal.com\/cs\/shop-cs\/iristick-g2-pro-2\/#primaryimage\"},\"thumbnailUrl\":\"https:\/\/alegerglobal.com\/wp-content\/uploads\/2020\/01\/dvsdv.png\",\"datePublished\":\"2022-05-19T07:39:52+00:00\",\"dateModified\":\"2022-05-19T07:39:52+00:00\",\"description\":\"Br\u00fdle AR Iristick.G2 PRO vytv\u00e1\u0159ej\u00ed z\u00e1klad pro efektivn\u00ed spolupr\u00e1ci na d\u00e1lku a sni\u017euj\u00ed tak spot\u0159ebu zdroj\u016f.\",\"breadcrumb\":{\"@id\":\"https:\/\/alegerglobal.com\/cs\/shop-cs\/iristick-g2-pro-2\/#breadcrumb\"},\"inLanguage\":\"cs\",\"potentialAction\":[{\"@type\":\"ReadAction\",\"target\":[\"https:\/\/alegerglobal.com\/cs\/shop-cs\/iristick-g2-pro-2\/\"]}]},{\"@type\":\"ImageObject\",\"inLanguage\":\"cs\",\"@id\":\"https:\/\/alegerglobal.com\/cs\/shop-cs\/iristick-g2-pro-2\/#primaryimage\",\"url\":\"https:\/\/alegerglobal.com\/wp-content\/uploads\/2020\/01\/dvsdv.png\",\"contentUrl\":\"https:\/\/alegerglobal.com\/wp-content\/uploads\/2020\/01\/dvsdv.png\",\"width\":800,\"height\":800},{\"@type\":\"BreadcrumbList\",\"@id\":\"https:\/\/alegerglobal.com\/cs\/shop-cs\/iristick-g2-pro-2\/#breadcrumb\",\"itemListElement\":[{\"@type\":\"ListItem\",\"position\":1,\"name\":\"Home\",\"item\":\"https:\/\/alegerglobal.com\/cs\/novinka-domovska-stranka\/\"},{\"@type\":\"ListItem\",\"position\":2,\"name\":\"Produkty\",\"item\":\"https:\/\/alegerglobal.com\/cs\/produkty\/\"},{\"@type\":\"ListItem\",\"position\":3,\"name\":\"Iristick.G2 PRO, 16 MP fotoapar\u00e1t, 60 FPS, pro Android 8 a iOS 12, \u010dte\u010dka \u010d\u00e1rov\u00fdch k\u00f3d\u016f, baterie s mo\u017enost\u00ed v\u00fdm\u011bny za provozu\"}]},{\"@type\":\"WebSite\",\"@id\":\"https:\/\/alegerglobal.com\/cs\/#website\",\"url\":\"https:\/\/alegerglobal.com\/cs\/\",\"name\":\"ALEGER \u22c6 Augmented Reality\",\"description\":\"Die besten Augmented Reality (AR) L\u00f6sungen der Welt.\",\"publisher\":{\"@id\":\"https:\/\/alegerglobal.com\/cs\/#organization\"},\"potentialAction\":[{\"@type\":\"SearchAction\",\"target\":{\"@type\":\"EntryPoint\",\"urlTemplate\":\"https:\/\/alegerglobal.com\/cs\/?s={search_term_string}\"},\"query-input\":{\"@type\":\"PropertyValueSpecification\",\"valueRequired\":true,\"valueName\":\"search_term_string\"}}],\"inLanguage\":\"cs\"},{\"@type\":\"Organization\",\"@id\":\"https:\/\/alegerglobal.com\/cs\/#organization\",\"name\":\"ALEGER \u22c6 Augmented Reality\",\"url\":\"https:\/\/alegerglobal.com\/cs\/\",\"logo\":{\"@type\":\"ImageObject\",\"inLanguage\":\"cs\",\"@id\":\"https:\/\/alegerglobal.com\/cs\/#\/schema\/logo\/image\/\",\"url\":\"https:\/\/alegerglobal.com\/wp-content\/uploads\/2020\/12\/aleger-logo-quadrat.jpg\",\"contentUrl\":\"https:\/\/alegerglobal.com\/wp-content\/uploads\/2020\/12\/aleger-logo-quadrat.jpg\",\"width\":200,\"height\":176,\"caption\":\"ALEGER \u22c6 Augmented Reality\"},\"image\":{\"@id\":\"https:\/\/alegerglobal.com\/cs\/#\/schema\/logo\/image\/\"}}]}<\/script>\n<meta property=\"product:brand\" content=\"Iristick\" \/>\n<meta property=\"product:price:amount\" content=\"2038.00\" \/>\n<meta property=\"product:price:currency\" content=\"EUR\" \/>\n<meta property=\"og:availability\" content=\"instock\" \/>\n<meta property=\"product:availability\" content=\"instock\" \/>\n<meta property=\"product:condition\" content=\"new\" \/>\n<!-- \/ Yoast SEO Premium plugin. -->","yoast_head_json":{"title":"Koupit Iristick.G2 PRO (2022) - ALEGER \u22c6 Augmented Reality","description":"Br\u00fdle AR Iristick.G2 PRO vytv\u00e1\u0159ej\u00ed z\u00e1klad pro efektivn\u00ed spolupr\u00e1ci na d\u00e1lku a sni\u017euj\u00ed tak spot\u0159ebu zdroj\u016f.","robots":{"index":"index","follow":"follow","max-snippet":"max-snippet:-1","max-image-preview":"max-image-preview:large","max-video-preview":"max-video-preview:-1"},"og_locale":"cs_CZ","og_type":"article","og_title":"Iristick.G2 PRO, 16 MP fotoapar\u00e1t, 60 FPS, pro Android 8 a iOS 12, \u010dte\u010dka \u010d\u00e1rov\u00fdch k\u00f3d\u016f, baterie s mo\u017enost\u00ed v\u00fdm\u011bny za provozu","og_description":"Br\u00fdle AR Iristick.G2 PRO vytv\u00e1\u0159ej\u00ed z\u00e1klad pro efektivn\u00ed spolupr\u00e1ci na d\u00e1lku a sni\u017euj\u00ed tak spot\u0159ebu zdroj\u016f.","og_url":"https:\/\/alegerglobal.com\/cs\/shop-cs\/iristick-g2-pro-2\/","og_site_name":"ALEGER \u22c6 Augmented Reality","og_image":[{"width":800,"height":800,"url":"https:\/\/alegerglobal.com\/wp-content\/uploads\/2020\/01\/dvsdv.png","type":"image\/png"}],"twitter_card":"summary_large_image","twitter_misc":{"Cena":"&euro;2.038,00","Dostupnost":"Skladem"},"schema":{"@context":"https:\/\/schema.org","@graph":[{"@type":"WebPage","@id":"https:\/\/alegerglobal.com\/cs\/shop-cs\/iristick-g2-pro-2\/","url":"https:\/\/alegerglobal.com\/cs\/shop-cs\/iristick-g2-pro-2\/","name":"Koupit Iristick.G2 PRO (2022) - ALEGER \u22c6 Augmented Reality","isPartOf":{"@id":"https:\/\/alegerglobal.com\/cs\/#website"},"primaryImageOfPage":{"@id":"https:\/\/alegerglobal.com\/cs\/shop-cs\/iristick-g2-pro-2\/#primaryimage"},"image":{"@id":"https:\/\/alegerglobal.com\/cs\/shop-cs\/iristick-g2-pro-2\/#primaryimage"},"thumbnailUrl":"https:\/\/alegerglobal.com\/wp-content\/uploads\/2020\/01\/dvsdv.png","datePublished":"2022-05-19T07:39:52+00:00","dateModified":"2022-05-19T07:39:52+00:00","description":"Br\u00fdle AR Iristick.G2 PRO vytv\u00e1\u0159ej\u00ed z\u00e1klad pro efektivn\u00ed spolupr\u00e1ci na d\u00e1lku a sni\u017euj\u00ed tak spot\u0159ebu zdroj\u016f.","breadcrumb":{"@id":"https:\/\/alegerglobal.com\/cs\/shop-cs\/iristick-g2-pro-2\/#breadcrumb"},"inLanguage":"cs","potentialAction":[{"@type":"ReadAction","target":["https:\/\/alegerglobal.com\/cs\/shop-cs\/iristick-g2-pro-2\/"]}]},{"@type":"ImageObject","inLanguage":"cs","@id":"https:\/\/alegerglobal.com\/cs\/shop-cs\/iristick-g2-pro-2\/#primaryimage","url":"https:\/\/alegerglobal.com\/wp-content\/uploads\/2020\/01\/dvsdv.png","contentUrl":"https:\/\/alegerglobal.com\/wp-content\/uploads\/2020\/01\/dvsdv.png","width":800,"height":800},{"@type":"BreadcrumbList","@id":"https:\/\/alegerglobal.com\/cs\/shop-cs\/iristick-g2-pro-2\/#breadcrumb","itemListElement":[{"@type":"ListItem","position":1,"name":"Home","item":"https:\/\/alegerglobal.com\/cs\/novinka-domovska-stranka\/"},{"@type":"ListItem","position":2,"name":"Produkty","item":"https:\/\/alegerglobal.com\/cs\/produkty\/"},{"@type":"ListItem","position":3,"name":"Iristick.G2 PRO, 16 MP fotoapar\u00e1t, 60 FPS, pro Android 8 a iOS 12, \u010dte\u010dka \u010d\u00e1rov\u00fdch k\u00f3d\u016f, baterie s mo\u017enost\u00ed v\u00fdm\u011bny za provozu"}]},{"@type":"WebSite","@id":"https:\/\/alegerglobal.com\/cs\/#website","url":"https:\/\/alegerglobal.com\/cs\/","name":"ALEGER \u22c6 Augmented Reality","description":"Die besten Augmented Reality (AR) L\u00f6sungen der Welt.","publisher":{"@id":"https:\/\/alegerglobal.com\/cs\/#organization"},"potentialAction":[{"@type":"SearchAction","target":{"@type":"EntryPoint","urlTemplate":"https:\/\/alegerglobal.com\/cs\/?s={search_term_string}"},"query-input":{"@type":"PropertyValueSpecification","valueRequired":true,"valueName":"search_term_string"}}],"inLanguage":"cs"},{"@type":"Organization","@id":"https:\/\/alegerglobal.com\/cs\/#organization","name":"ALEGER \u22c6 Augmented Reality","url":"https:\/\/alegerglobal.com\/cs\/","logo":{"@type":"ImageObject","inLanguage":"cs","@id":"https:\/\/alegerglobal.com\/cs\/#\/schema\/logo\/image\/","url":"https:\/\/alegerglobal.com\/wp-content\/uploads\/2020\/12\/aleger-logo-quadrat.jpg","contentUrl":"https:\/\/alegerglobal.com\/wp-content\/uploads\/2020\/12\/aleger-logo-quadrat.jpg","width":200,"height":176,"caption":"ALEGER \u22c6 Augmented Reality"},"image":{"@id":"https:\/\/alegerglobal.com\/cs\/#\/schema\/logo\/image\/"}}]},"product_brand":"Iristick","product_price_amount":"2038.00","product_price_currency":"EUR","og_availability":"instock","product_availability":"instock","product_condition":"new"},"_links":{"self":[{"href":"https:\/\/alegerglobal.com\/cs\/wp-json\/wp\/v2\/product\/34781","targetHints":{"allow":["GET"]}}],"collection":[{"href":"https:\/\/alegerglobal.com\/cs\/wp-json\/wp\/v2\/product"}],"about":[{"href":"https:\/\/alegerglobal.com\/cs\/wp-json\/wp\/v2\/types\/product"}],"replies":[{"embeddable":true,"href":"https:\/\/alegerglobal.com\/cs\/wp-json\/wp\/v2\/comments?post=34781"}],"version-history":[{"count":0,"href":"https:\/\/alegerglobal.com\/cs\/wp-json\/wp\/v2\/product\/34781\/revisions"}],"wp:featuredmedia":[{"embeddable":true,"href":"https:\/\/alegerglobal.com\/cs\/wp-json\/wp\/v2\/media\/13485"}],"wp:attachment":[{"href":"https:\/\/alegerglobal.com\/cs\/wp-json\/wp\/v2\/media?parent=34781"}],"wp:term":[{"taxonomy":"product_brand","embeddable":true,"href":"https:\/\/alegerglobal.com\/cs\/wp-json\/wp\/v2\/product_brand?post=34781"},{"taxonomy":"product_cat","embeddable":true,"href":"https:\/\/alegerglobal.com\/cs\/wp-json\/wp\/v2\/product_cat?post=34781"},{"taxonomy":"product_tag","embeddable":true,"href":"https:\/\/alegerglobal.com\/cs\/wp-json\/wp\/v2\/product_tag?post=34781"}],"curies":[{"name":"wp","href":"https:\/\/api.w.org\/{rel}","templated":true}]}}