{"id":34775,"date":"2020-01-15T04:59:12","date_gmt":"2022-05-19T07:39:49","guid":{"rendered":"https:\/\/alegerglobal.com\/nezarazene\/nreal-ar-bryle-pro-smartphony-se-systemem-android-displej-full-hd-zorne-pole-50-stupnu-ochrana-soukromi\/"},"modified":"2022-05-19T08:39:49","modified_gmt":"2022-05-19T07:39:49","slug":"nreal-light-2","status":"publish","type":"product","link":"https:\/\/alegerglobal.com\/cs\/shop-cs\/nreal-light-2\/","title":{"rendered":"nReal AR br\u00fdle pro smartphony se syst\u00e9mem Android, displej Full HD, zorn\u00e9 pole 50 stup\u0148\u016f, ochrana soukrom\u00ed"},"content":{"rendered":"","protected":false},"excerpt":{"rendered":"<p><b>Nastaviteln\u00fd st\u0159ih: <\/b><span style=\"font-weight: 400;\">P\u0159ilo\u017een\u00e9 chr\u00e1ni\u010de nosu umo\u017e\u0148uj\u00ed p\u0159izp\u016fsobit se tvaru hlavy.<\/span><\/p>\n<p><b>Vysok\u00e9 rozli\u0161en\u00ed: <\/b><span style=\"font-weight: 400;\">Rozli\u0161en\u00ed Full HD a zorn\u00e9 pole 50 stup\u0148\u016f poskytuj\u00ed ostr\u00fd obraz a optim\u00e1ln\u00ed p\u0159ehled p\u0159i pr\u00e1ci.<\/span><\/p>\n<p><b>Pou\u017eit\u00ed s chytr\u00fdm telefonem:<\/b><span style=\"font-weight: 400;\"> Kompatibiln\u00ed s vybran\u00fdmi smartphony se syst\u00e9mem Android od spole\u010dnost\u00ed Samsung, Sony a Oppo.<\/span><\/p>\n<p><b>Vlastn\u00ed aplikace: <\/b><span style=\"font-weight: 400;\">Aplikace Nebula tvo\u0159\u00ed rozhran\u00ed mezi chytr\u00fdm telefonem a br\u00fdlemi<\/span><\/p>\n<p><b>Kompaktn\u00ed<\/b><span style=\"font-weight: 400;\">: <\/span><span style=\"font-weight: 400;\">146 x 175 x 44 mm a maxim\u00e1ln\u00ed tlou\u0161\u0165ka 23 mm<\/span><\/p>\n<p><b>Lehk\u00e9:<\/b><span style=\"font-weight: 400;\"> Celkov\u00e1 hmotnost 106 g<\/span><\/p>\n<p><b>Rozs\u00e1hl\u00e9 p\u0159\u00edslu\u0161enstv\u00ed: <\/b><span style=\"font-weight: 400;\">S podlo\u017ekou pod nos, ochrannou clonou a krytem<\/span><\/p>\n","protected":false},"featured_media":13413,"comment_status":"open","ping_status":"closed","template":"","meta":{"_acf_changed":false},"product_brand":[],"product_cat":[1515,1516],"product_tag":[],"class_list":{"0":"post-34775","1":"product","2":"type-product","3":"status-publish","4":"has-post-thumbnail","6":"product_cat-chytre-bryle","7":"product_cat-shop-cs","8":"pa_hersteller-nreal-cs","10":"first","11":"instock","12":"taxable","13":"shipping-taxable","14":"product-type-simple"},"acf":[],"yoast_head":"<!-- This site is optimized with the Yoast SEO Premium plugin v20.10 (Yoast SEO v24.3) - https:\/\/yoast.com\/wordpress\/plugins\/seo\/ -->\n<title>Koupit nReal AR br\u00fdle (2022) - ALEGER \u22c6 Augmented Reality<\/title>\n<meta name=\"description\" content=\"Br\u00fdle nReal AR jsou navr\u017eeny jako br\u00fdle pro sm\u00ed\u0161enou realitu a jsou ur\u010deny nejen pro profesion\u00e1ln\u00ed pou\u017eit\u00ed, ale lze je pou\u017e\u00edvat i v soukrom\u00ed.\" \/>\n<meta name=\"robots\" content=\"index, follow, max-snippet:-1, max-image-preview:large, max-video-preview:-1\" \/>\n<meta property=\"og:locale\" content=\"cs_CZ\" \/>\n<meta property=\"og:type\" content=\"article\" \/>\n<meta property=\"og:title\" content=\"nReal AR br\u00fdle pro smartphony se syst\u00e9mem Android, displej Full HD, zorn\u00e9 pole 50 stup\u0148\u016f, ochrana soukrom\u00ed\" \/>\n<meta property=\"og:description\" content=\"Br\u00fdle nReal AR jsou navr\u017eeny jako br\u00fdle pro sm\u00ed\u0161enou realitu a jsou ur\u010deny nejen pro profesion\u00e1ln\u00ed pou\u017eit\u00ed, ale lze je pou\u017e\u00edvat i v soukrom\u00ed.\" \/>\n<meta property=\"og:url\" content=\"https:\/\/alegerglobal.com\/cs\/shop-cs\/nreal-light-2\/\" \/>\n<meta property=\"og:site_name\" content=\"ALEGER \u22c6 Augmented Reality\" \/>\n<meta property=\"og:image\" content=\"https:\/\/alegerglobal.com\/wp-content\/uploads\/2021\/01\/Unbenannt-28-1.jpg\" \/>\n\t<meta property=\"og:image:width\" content=\"800\" \/>\n\t<meta property=\"og:image:height\" content=\"800\" \/>\n\t<meta property=\"og:image:type\" content=\"image\/jpeg\" \/>\n<meta name=\"twitter:card\" content=\"summary_large_image\" \/>\n<meta name=\"twitter:label1\" content=\"Cena\" \/>\n\t<meta name=\"twitter:data1\" content=\"\" \/>\n\t<meta name=\"twitter:label2\" content=\"Dostupnost\" \/>\n\t<meta name=\"twitter:data2\" content=\"Skladem\" \/>\n<script type=\"application\/ld+json\" class=\"yoast-schema-graph\">{\"@context\":\"https:\/\/schema.org\",\"@graph\":[{\"@type\":\"WebPage\",\"@id\":\"https:\/\/alegerglobal.com\/cs\/shop-cs\/nreal-light-2\/\",\"url\":\"https:\/\/alegerglobal.com\/cs\/shop-cs\/nreal-light-2\/\",\"name\":\"Koupit nReal AR br\u00fdle (2022) - ALEGER \u22c6 Augmented Reality\",\"isPartOf\":{\"@id\":\"https:\/\/alegerglobal.com\/cs\/#website\"},\"primaryImageOfPage\":{\"@id\":\"https:\/\/alegerglobal.com\/cs\/shop-cs\/nreal-light-2\/#primaryimage\"},\"image\":{\"@id\":\"https:\/\/alegerglobal.com\/cs\/shop-cs\/nreal-light-2\/#primaryimage\"},\"thumbnailUrl\":\"https:\/\/alegerglobal.com\/wp-content\/uploads\/2021\/01\/Unbenannt-28-1.jpg\",\"datePublished\":\"2022-05-19T07:39:49+00:00\",\"dateModified\":\"2022-05-19T07:39:49+00:00\",\"description\":\"Br\u00fdle nReal AR jsou navr\u017eeny jako br\u00fdle pro sm\u00ed\u0161enou realitu a jsou ur\u010deny nejen pro profesion\u00e1ln\u00ed pou\u017eit\u00ed, ale lze je pou\u017e\u00edvat i v soukrom\u00ed.\",\"breadcrumb\":{\"@id\":\"https:\/\/alegerglobal.com\/cs\/shop-cs\/nreal-light-2\/#breadcrumb\"},\"inLanguage\":\"cs\",\"potentialAction\":[{\"@type\":\"ReadAction\",\"target\":[\"https:\/\/alegerglobal.com\/cs\/shop-cs\/nreal-light-2\/\"]}]},{\"@type\":\"ImageObject\",\"inLanguage\":\"cs\",\"@id\":\"https:\/\/alegerglobal.com\/cs\/shop-cs\/nreal-light-2\/#primaryimage\",\"url\":\"https:\/\/alegerglobal.com\/wp-content\/uploads\/2021\/01\/Unbenannt-28-1.jpg\",\"contentUrl\":\"https:\/\/alegerglobal.com\/wp-content\/uploads\/2021\/01\/Unbenannt-28-1.jpg\",\"width\":800,\"height\":800},{\"@type\":\"BreadcrumbList\",\"@id\":\"https:\/\/alegerglobal.com\/cs\/shop-cs\/nreal-light-2\/#breadcrumb\",\"itemListElement\":[{\"@type\":\"ListItem\",\"position\":1,\"name\":\"Home\",\"item\":\"https:\/\/alegerglobal.com\/cs\/novinka-domovska-stranka\/\"},{\"@type\":\"ListItem\",\"position\":2,\"name\":\"Produkty\",\"item\":\"https:\/\/alegerglobal.com\/cs\/produkty\/\"},{\"@type\":\"ListItem\",\"position\":3,\"name\":\"nReal AR br\u00fdle pro smartphony se syst\u00e9mem Android, displej Full HD, zorn\u00e9 pole 50 stup\u0148\u016f, ochrana soukrom\u00ed\"}]},{\"@type\":\"WebSite\",\"@id\":\"https:\/\/alegerglobal.com\/cs\/#website\",\"url\":\"https:\/\/alegerglobal.com\/cs\/\",\"name\":\"ALEGER \u22c6 Augmented Reality\",\"description\":\"Die besten Augmented Reality (AR) L\u00f6sungen der Welt.\",\"publisher\":{\"@id\":\"https:\/\/alegerglobal.com\/cs\/#organization\"},\"potentialAction\":[{\"@type\":\"SearchAction\",\"target\":{\"@type\":\"EntryPoint\",\"urlTemplate\":\"https:\/\/alegerglobal.com\/cs\/?s={search_term_string}\"},\"query-input\":{\"@type\":\"PropertyValueSpecification\",\"valueRequired\":true,\"valueName\":\"search_term_string\"}}],\"inLanguage\":\"cs\"},{\"@type\":\"Organization\",\"@id\":\"https:\/\/alegerglobal.com\/cs\/#organization\",\"name\":\"ALEGER \u22c6 Augmented Reality\",\"url\":\"https:\/\/alegerglobal.com\/cs\/\",\"logo\":{\"@type\":\"ImageObject\",\"inLanguage\":\"cs\",\"@id\":\"https:\/\/alegerglobal.com\/cs\/#\/schema\/logo\/image\/\",\"url\":\"https:\/\/alegerglobal.com\/wp-content\/uploads\/2020\/12\/aleger-logo-quadrat.jpg\",\"contentUrl\":\"https:\/\/alegerglobal.com\/wp-content\/uploads\/2020\/12\/aleger-logo-quadrat.jpg\",\"width\":200,\"height\":176,\"caption\":\"ALEGER \u22c6 Augmented Reality\"},\"image\":{\"@id\":\"https:\/\/alegerglobal.com\/cs\/#\/schema\/logo\/image\/\"}}]}<\/script>\n<meta property=\"product:brand\" content=\"Nreal\" \/>\n<meta property=\"product:price:amount\" content=\"0.00\" \/>\n<meta property=\"product:price:currency\" content=\"EUR\" \/>\n<meta property=\"og:availability\" content=\"instock\" \/>\n<meta property=\"product:availability\" content=\"instock\" \/>\n<meta property=\"product:condition\" content=\"new\" \/>\n<!-- \/ Yoast SEO Premium plugin. -->","yoast_head_json":{"title":"Koupit nReal AR br\u00fdle (2022) - ALEGER \u22c6 Augmented Reality","description":"Br\u00fdle nReal AR jsou navr\u017eeny jako br\u00fdle pro sm\u00ed\u0161enou realitu a jsou ur\u010deny nejen pro profesion\u00e1ln\u00ed pou\u017eit\u00ed, ale lze je pou\u017e\u00edvat i v soukrom\u00ed.","robots":{"index":"index","follow":"follow","max-snippet":"max-snippet:-1","max-image-preview":"max-image-preview:large","max-video-preview":"max-video-preview:-1"},"og_locale":"cs_CZ","og_type":"article","og_title":"nReal AR br\u00fdle pro smartphony se syst\u00e9mem Android, displej Full HD, zorn\u00e9 pole 50 stup\u0148\u016f, ochrana soukrom\u00ed","og_description":"Br\u00fdle nReal AR jsou navr\u017eeny jako br\u00fdle pro sm\u00ed\u0161enou realitu a jsou ur\u010deny nejen pro profesion\u00e1ln\u00ed pou\u017eit\u00ed, ale lze je pou\u017e\u00edvat i v soukrom\u00ed.","og_url":"https:\/\/alegerglobal.com\/cs\/shop-cs\/nreal-light-2\/","og_site_name":"ALEGER \u22c6 Augmented Reality","og_image":[{"width":800,"height":800,"url":"https:\/\/alegerglobal.com\/wp-content\/uploads\/2021\/01\/Unbenannt-28-1.jpg","type":"image\/jpeg"}],"twitter_card":"summary_large_image","twitter_misc":{"Cena":"","Dostupnost":"Skladem"},"schema":{"@context":"https:\/\/schema.org","@graph":[{"@type":"WebPage","@id":"https:\/\/alegerglobal.com\/cs\/shop-cs\/nreal-light-2\/","url":"https:\/\/alegerglobal.com\/cs\/shop-cs\/nreal-light-2\/","name":"Koupit nReal AR br\u00fdle (2022) - ALEGER \u22c6 Augmented Reality","isPartOf":{"@id":"https:\/\/alegerglobal.com\/cs\/#website"},"primaryImageOfPage":{"@id":"https:\/\/alegerglobal.com\/cs\/shop-cs\/nreal-light-2\/#primaryimage"},"image":{"@id":"https:\/\/alegerglobal.com\/cs\/shop-cs\/nreal-light-2\/#primaryimage"},"thumbnailUrl":"https:\/\/alegerglobal.com\/wp-content\/uploads\/2021\/01\/Unbenannt-28-1.jpg","datePublished":"2022-05-19T07:39:49+00:00","dateModified":"2022-05-19T07:39:49+00:00","description":"Br\u00fdle nReal AR jsou navr\u017eeny jako br\u00fdle pro sm\u00ed\u0161enou realitu a jsou ur\u010deny nejen pro profesion\u00e1ln\u00ed pou\u017eit\u00ed, ale lze je pou\u017e\u00edvat i v soukrom\u00ed.","breadcrumb":{"@id":"https:\/\/alegerglobal.com\/cs\/shop-cs\/nreal-light-2\/#breadcrumb"},"inLanguage":"cs","potentialAction":[{"@type":"ReadAction","target":["https:\/\/alegerglobal.com\/cs\/shop-cs\/nreal-light-2\/"]}]},{"@type":"ImageObject","inLanguage":"cs","@id":"https:\/\/alegerglobal.com\/cs\/shop-cs\/nreal-light-2\/#primaryimage","url":"https:\/\/alegerglobal.com\/wp-content\/uploads\/2021\/01\/Unbenannt-28-1.jpg","contentUrl":"https:\/\/alegerglobal.com\/wp-content\/uploads\/2021\/01\/Unbenannt-28-1.jpg","width":800,"height":800},{"@type":"BreadcrumbList","@id":"https:\/\/alegerglobal.com\/cs\/shop-cs\/nreal-light-2\/#breadcrumb","itemListElement":[{"@type":"ListItem","position":1,"name":"Home","item":"https:\/\/alegerglobal.com\/cs\/novinka-domovska-stranka\/"},{"@type":"ListItem","position":2,"name":"Produkty","item":"https:\/\/alegerglobal.com\/cs\/produkty\/"},{"@type":"ListItem","position":3,"name":"nReal AR br\u00fdle pro smartphony se syst\u00e9mem Android, displej Full HD, zorn\u00e9 pole 50 stup\u0148\u016f, ochrana soukrom\u00ed"}]},{"@type":"WebSite","@id":"https:\/\/alegerglobal.com\/cs\/#website","url":"https:\/\/alegerglobal.com\/cs\/","name":"ALEGER \u22c6 Augmented Reality","description":"Die besten Augmented Reality (AR) L\u00f6sungen der Welt.","publisher":{"@id":"https:\/\/alegerglobal.com\/cs\/#organization"},"potentialAction":[{"@type":"SearchAction","target":{"@type":"EntryPoint","urlTemplate":"https:\/\/alegerglobal.com\/cs\/?s={search_term_string}"},"query-input":{"@type":"PropertyValueSpecification","valueRequired":true,"valueName":"search_term_string"}}],"inLanguage":"cs"},{"@type":"Organization","@id":"https:\/\/alegerglobal.com\/cs\/#organization","name":"ALEGER \u22c6 Augmented Reality","url":"https:\/\/alegerglobal.com\/cs\/","logo":{"@type":"ImageObject","inLanguage":"cs","@id":"https:\/\/alegerglobal.com\/cs\/#\/schema\/logo\/image\/","url":"https:\/\/alegerglobal.com\/wp-content\/uploads\/2020\/12\/aleger-logo-quadrat.jpg","contentUrl":"https:\/\/alegerglobal.com\/wp-content\/uploads\/2020\/12\/aleger-logo-quadrat.jpg","width":200,"height":176,"caption":"ALEGER \u22c6 Augmented Reality"},"image":{"@id":"https:\/\/alegerglobal.com\/cs\/#\/schema\/logo\/image\/"}}]},"product_brand":"Nreal","product_price_amount":"0.00","product_price_currency":"EUR","og_availability":"instock","product_availability":"instock","product_condition":"new"},"_links":{"self":[{"href":"https:\/\/alegerglobal.com\/cs\/wp-json\/wp\/v2\/product\/34775","targetHints":{"allow":["GET"]}}],"collection":[{"href":"https:\/\/alegerglobal.com\/cs\/wp-json\/wp\/v2\/product"}],"about":[{"href":"https:\/\/alegerglobal.com\/cs\/wp-json\/wp\/v2\/types\/product"}],"replies":[{"embeddable":true,"href":"https:\/\/alegerglobal.com\/cs\/wp-json\/wp\/v2\/comments?post=34775"}],"version-history":[{"count":0,"href":"https:\/\/alegerglobal.com\/cs\/wp-json\/wp\/v2\/product\/34775\/revisions"}],"wp:featuredmedia":[{"embeddable":true,"href":"https:\/\/alegerglobal.com\/cs\/wp-json\/wp\/v2\/media\/13413"}],"wp:attachment":[{"href":"https:\/\/alegerglobal.com\/cs\/wp-json\/wp\/v2\/media?parent=34775"}],"wp:term":[{"taxonomy":"product_brand","embeddable":true,"href":"https:\/\/alegerglobal.com\/cs\/wp-json\/wp\/v2\/product_brand?post=34775"},{"taxonomy":"product_cat","embeddable":true,"href":"https:\/\/alegerglobal.com\/cs\/wp-json\/wp\/v2\/product_cat?post=34775"},{"taxonomy":"product_tag","embeddable":true,"href":"https:\/\/alegerglobal.com\/cs\/wp-json\/wp\/v2\/product_tag?post=34775"}],"curies":[{"name":"wp","href":"https:\/\/api.w.org\/{rel}","templated":true}]}}