{"id":34751,"date":"2020-01-12T05:42:14","date_gmt":"2022-05-19T07:34:07","guid":{"rendered":"https:\/\/alegerglobal.com\/nezarazene\/radic-bo-ic400-displayport-usb-c-gps-kamera\/"},"modified":"2026-03-24T16:47:19","modified_gmt":"2026-03-24T15:47:19","slug":"epson-moverio-bo-ic400-2","status":"publish","type":"product","link":"https:\/\/alegerglobal.com\/cs\/shop-cs\/prislusenstvi\/epson-moverio-bo-ic400-2\/","title":{"rendered":"\u0158adi\u010d BO-IC400, DisplayPort, USB-C, GPS, kamera"},"content":{"rendered":"","protected":false},"excerpt":{"rendered":"<ul>\n<li aria-level=\"1\"><b>Kompatibiln\u00ed s chytr\u00fdmi br\u00fdlemi Epson Moverio<\/b><\/li>\n<li aria-level=\"1\"><b>Flexibiln\u00ed mo\u017enosti p\u0159ipojen\u00ed:<\/b><span style=\"font-weight: 400;\"> P\u0159ipojen\u00ed p\u0159es USB-C, Bluetooth a Wifi<\/span><\/li>\n<li aria-level=\"1\"><b>V\u00fdvojov\u00e1 platforma: <\/b><span style=\"font-weight: 400;\">V\u00fdkonn\u00e9 senzory a procesor XR1 pro n\u00e1ro\u010dn\u00e9 aplikace<\/span><\/li>\n<li aria-level=\"1\"><b>Intuitivn\u00ed ovl\u00e1d\u00e1n\u00ed: <\/b><span style=\"font-weight: 400;\">Touchpad a programovateln\u00e1 tla\u010d\u00edtka pro jednotliv\u00e9 p\u0159\u00edpady pou\u017eit\u00ed<\/span><\/li>\n<li aria-level=\"1\"><b>Integrovan\u00e1 kamera: <\/b><span style=\"font-weight: 400;\">Fotoapar\u00e1t s automatick\u00fdm ost\u0159en\u00edm a bleskem umo\u017e\u0148uje rychl\u00e9 po\u0159\u00edzen\u00ed sn\u00edmk\u016f z m\u00edsta operace.<\/span><\/li>\n<\/ul>\n<p>&nbsp;<\/p>\n","protected":false},"featured_media":17386,"comment_status":"open","ping_status":"closed","template":"","meta":{"_acf_changed":false},"product_brand":[],"product_cat":[1529],"product_tag":[],"class_list":{"0":"post-34751","1":"product","2":"type-product","3":"status-publish","4":"has-post-thumbnail","6":"product_cat-prislusenstvi","7":"pa_hersteller-epson-cs","9":"first","10":"instock","11":"taxable","12":"shipping-taxable","13":"product-type-simple"},"acf":[],"yoast_head":"<!-- This site is optimized with the Yoast SEO Premium plugin v20.10 (Yoast SEO v24.3) - https:\/\/yoast.com\/wordpress\/plugins\/seo\/ -->\n<title>Koupit BO-IC400 Controller (2022) - ALEGER \u22c6 Augmented Reality<\/title>\n<meta name=\"description\" content=\"BO-IC400 je ovlada\u010d vyvinut\u00fd pro chytr\u00e9 br\u00fdle Epson Moverio s v\u00fdkonnou \u0159\u00eddic\u00ed jednotkou.\" \/>\n<meta name=\"robots\" content=\"index, follow, max-snippet:-1, max-image-preview:large, max-video-preview:-1\" \/>\n<meta property=\"og:locale\" content=\"cs_CZ\" \/>\n<meta property=\"og:type\" content=\"article\" \/>\n<meta property=\"og:title\" content=\"\u0158adi\u010d BO-IC400, DisplayPort, USB-C, GPS, kamera\" \/>\n<meta property=\"og:description\" content=\"BO-IC400 je ovlada\u010d vyvinut\u00fd pro chytr\u00e9 br\u00fdle Epson Moverio s v\u00fdkonnou \u0159\u00eddic\u00ed jednotkou.\" \/>\n<meta property=\"og:url\" content=\"https:\/\/alegerglobal.com\/cs\/shop-cs\/prislusenstvi\/epson-moverio-bo-ic400-2\/\" \/>\n<meta property=\"og:site_name\" content=\"ALEGER \u22c6 Augmented Reality\" \/>\n<meta property=\"article:modified_time\" content=\"2026-03-24T15:47:19+00:00\" \/>\n<meta property=\"og:image\" content=\"https:\/\/alegerglobal.com\/wp-content\/uploads\/2020\/01\/Unbenannt-23.jpg\" \/>\n\t<meta property=\"og:image:width\" content=\"800\" \/>\n\t<meta property=\"og:image:height\" content=\"800\" \/>\n\t<meta property=\"og:image:type\" content=\"image\/jpeg\" \/>\n<meta name=\"twitter:card\" content=\"summary_large_image\" \/>\n<meta name=\"twitter:label1\" content=\"Cena\" \/>\n\t<meta name=\"twitter:data1\" content=\"\" \/>\n\t<meta name=\"twitter:label2\" content=\"Dostupnost\" \/>\n\t<meta name=\"twitter:data2\" content=\"Skladem\" \/>\n<script type=\"application\/ld+json\" class=\"yoast-schema-graph\">{\"@context\":\"https:\/\/schema.org\",\"@graph\":[{\"@type\":\"WebPage\",\"@id\":\"https:\/\/alegerglobal.com\/cs\/shop-cs\/prislusenstvi\/epson-moverio-bo-ic400-2\/\",\"url\":\"https:\/\/alegerglobal.com\/cs\/shop-cs\/prislusenstvi\/epson-moverio-bo-ic400-2\/\",\"name\":\"Koupit BO-IC400 Controller (2022) - ALEGER \u22c6 Augmented Reality\",\"isPartOf\":{\"@id\":\"https:\/\/alegerglobal.com\/cs\/#website\"},\"primaryImageOfPage\":{\"@id\":\"https:\/\/alegerglobal.com\/cs\/shop-cs\/prislusenstvi\/epson-moverio-bo-ic400-2\/#primaryimage\"},\"image\":{\"@id\":\"https:\/\/alegerglobal.com\/cs\/shop-cs\/prislusenstvi\/epson-moverio-bo-ic400-2\/#primaryimage\"},\"thumbnailUrl\":\"https:\/\/alegerglobal.com\/wp-content\/uploads\/2020\/01\/Unbenannt-23.jpg\",\"datePublished\":\"2022-05-19T07:34:07+00:00\",\"dateModified\":\"2026-03-24T15:47:19+00:00\",\"description\":\"BO-IC400 je ovlada\u010d vyvinut\u00fd pro chytr\u00e9 br\u00fdle Epson Moverio s v\u00fdkonnou \u0159\u00eddic\u00ed jednotkou.\",\"breadcrumb\":{\"@id\":\"https:\/\/alegerglobal.com\/cs\/shop-cs\/prislusenstvi\/epson-moverio-bo-ic400-2\/#breadcrumb\"},\"inLanguage\":\"cs\",\"potentialAction\":[{\"@type\":\"ReadAction\",\"target\":[\"https:\/\/alegerglobal.com\/cs\/shop-cs\/prislusenstvi\/epson-moverio-bo-ic400-2\/\"]}]},{\"@type\":\"ImageObject\",\"inLanguage\":\"cs\",\"@id\":\"https:\/\/alegerglobal.com\/cs\/shop-cs\/prislusenstvi\/epson-moverio-bo-ic400-2\/#primaryimage\",\"url\":\"https:\/\/alegerglobal.com\/wp-content\/uploads\/2020\/01\/Unbenannt-23.jpg\",\"contentUrl\":\"https:\/\/alegerglobal.com\/wp-content\/uploads\/2020\/01\/Unbenannt-23.jpg\",\"width\":800,\"height\":800},{\"@type\":\"BreadcrumbList\",\"@id\":\"https:\/\/alegerglobal.com\/cs\/shop-cs\/prislusenstvi\/epson-moverio-bo-ic400-2\/#breadcrumb\",\"itemListElement\":[{\"@type\":\"ListItem\",\"position\":1,\"name\":\"Home\",\"item\":\"https:\/\/alegerglobal.com\/cs\/novinka-domovska-stranka\/\"},{\"@type\":\"ListItem\",\"position\":2,\"name\":\"Produkty\",\"item\":\"https:\/\/alegerglobal.com\/cs\/produkty\/\"},{\"@type\":\"ListItem\",\"position\":3,\"name\":\"\u0158adi\u010d BO-IC400, DisplayPort, USB-C, GPS, kamera\"}]},{\"@type\":\"WebSite\",\"@id\":\"https:\/\/alegerglobal.com\/cs\/#website\",\"url\":\"https:\/\/alegerglobal.com\/cs\/\",\"name\":\"ALEGER \u22c6 Augmented Reality\",\"description\":\"Die besten Augmented Reality (AR) L\u00f6sungen der Welt.\",\"publisher\":{\"@id\":\"https:\/\/alegerglobal.com\/cs\/#organization\"},\"potentialAction\":[{\"@type\":\"SearchAction\",\"target\":{\"@type\":\"EntryPoint\",\"urlTemplate\":\"https:\/\/alegerglobal.com\/cs\/?s={search_term_string}\"},\"query-input\":{\"@type\":\"PropertyValueSpecification\",\"valueRequired\":true,\"valueName\":\"search_term_string\"}}],\"inLanguage\":\"cs\"},{\"@type\":\"Organization\",\"@id\":\"https:\/\/alegerglobal.com\/cs\/#organization\",\"name\":\"ALEGER \u22c6 Augmented Reality\",\"url\":\"https:\/\/alegerglobal.com\/cs\/\",\"logo\":{\"@type\":\"ImageObject\",\"inLanguage\":\"cs\",\"@id\":\"https:\/\/alegerglobal.com\/cs\/#\/schema\/logo\/image\/\",\"url\":\"https:\/\/alegerglobal.com\/wp-content\/uploads\/2020\/12\/aleger-logo-quadrat.jpg\",\"contentUrl\":\"https:\/\/alegerglobal.com\/wp-content\/uploads\/2020\/12\/aleger-logo-quadrat.jpg\",\"width\":200,\"height\":176,\"caption\":\"ALEGER \u22c6 Augmented Reality\"},\"image\":{\"@id\":\"https:\/\/alegerglobal.com\/cs\/#\/schema\/logo\/image\/\"}}]}<\/script>\n<meta property=\"product:brand\" content=\"Epson\" \/>\n<meta property=\"product:price:amount\" content=\"0.00\" \/>\n<meta property=\"product:price:currency\" content=\"EUR\" \/>\n<meta property=\"og:availability\" content=\"instock\" \/>\n<meta property=\"product:availability\" content=\"instock\" \/>\n<meta property=\"product:condition\" content=\"new\" \/>\n<!-- \/ Yoast SEO Premium plugin. -->","yoast_head_json":{"title":"Koupit BO-IC400 Controller (2022) - ALEGER \u22c6 Augmented Reality","description":"BO-IC400 je ovlada\u010d vyvinut\u00fd pro chytr\u00e9 br\u00fdle Epson Moverio s v\u00fdkonnou \u0159\u00eddic\u00ed jednotkou.","robots":{"index":"index","follow":"follow","max-snippet":"max-snippet:-1","max-image-preview":"max-image-preview:large","max-video-preview":"max-video-preview:-1"},"og_locale":"cs_CZ","og_type":"article","og_title":"\u0158adi\u010d BO-IC400, DisplayPort, USB-C, GPS, kamera","og_description":"BO-IC400 je ovlada\u010d vyvinut\u00fd pro chytr\u00e9 br\u00fdle Epson Moverio s v\u00fdkonnou \u0159\u00eddic\u00ed jednotkou.","og_url":"https:\/\/alegerglobal.com\/cs\/shop-cs\/prislusenstvi\/epson-moverio-bo-ic400-2\/","og_site_name":"ALEGER \u22c6 Augmented Reality","article_modified_time":"2026-03-24T15:47:19+00:00","og_image":[{"width":800,"height":800,"url":"https:\/\/alegerglobal.com\/wp-content\/uploads\/2020\/01\/Unbenannt-23.jpg","type":"image\/jpeg"}],"twitter_card":"summary_large_image","twitter_misc":{"Cena":"","Dostupnost":"Skladem"},"schema":{"@context":"https:\/\/schema.org","@graph":[{"@type":"WebPage","@id":"https:\/\/alegerglobal.com\/cs\/shop-cs\/prislusenstvi\/epson-moverio-bo-ic400-2\/","url":"https:\/\/alegerglobal.com\/cs\/shop-cs\/prislusenstvi\/epson-moverio-bo-ic400-2\/","name":"Koupit BO-IC400 Controller (2022) - ALEGER \u22c6 Augmented Reality","isPartOf":{"@id":"https:\/\/alegerglobal.com\/cs\/#website"},"primaryImageOfPage":{"@id":"https:\/\/alegerglobal.com\/cs\/shop-cs\/prislusenstvi\/epson-moverio-bo-ic400-2\/#primaryimage"},"image":{"@id":"https:\/\/alegerglobal.com\/cs\/shop-cs\/prislusenstvi\/epson-moverio-bo-ic400-2\/#primaryimage"},"thumbnailUrl":"https:\/\/alegerglobal.com\/wp-content\/uploads\/2020\/01\/Unbenannt-23.jpg","datePublished":"2022-05-19T07:34:07+00:00","dateModified":"2026-03-24T15:47:19+00:00","description":"BO-IC400 je ovlada\u010d vyvinut\u00fd pro chytr\u00e9 br\u00fdle Epson Moverio s v\u00fdkonnou \u0159\u00eddic\u00ed jednotkou.","breadcrumb":{"@id":"https:\/\/alegerglobal.com\/cs\/shop-cs\/prislusenstvi\/epson-moverio-bo-ic400-2\/#breadcrumb"},"inLanguage":"cs","potentialAction":[{"@type":"ReadAction","target":["https:\/\/alegerglobal.com\/cs\/shop-cs\/prislusenstvi\/epson-moverio-bo-ic400-2\/"]}]},{"@type":"ImageObject","inLanguage":"cs","@id":"https:\/\/alegerglobal.com\/cs\/shop-cs\/prislusenstvi\/epson-moverio-bo-ic400-2\/#primaryimage","url":"https:\/\/alegerglobal.com\/wp-content\/uploads\/2020\/01\/Unbenannt-23.jpg","contentUrl":"https:\/\/alegerglobal.com\/wp-content\/uploads\/2020\/01\/Unbenannt-23.jpg","width":800,"height":800},{"@type":"BreadcrumbList","@id":"https:\/\/alegerglobal.com\/cs\/shop-cs\/prislusenstvi\/epson-moverio-bo-ic400-2\/#breadcrumb","itemListElement":[{"@type":"ListItem","position":1,"name":"Home","item":"https:\/\/alegerglobal.com\/cs\/novinka-domovska-stranka\/"},{"@type":"ListItem","position":2,"name":"Produkty","item":"https:\/\/alegerglobal.com\/cs\/produkty\/"},{"@type":"ListItem","position":3,"name":"\u0158adi\u010d BO-IC400, DisplayPort, USB-C, GPS, kamera"}]},{"@type":"WebSite","@id":"https:\/\/alegerglobal.com\/cs\/#website","url":"https:\/\/alegerglobal.com\/cs\/","name":"ALEGER \u22c6 Augmented Reality","description":"Die besten Augmented Reality (AR) L\u00f6sungen der Welt.","publisher":{"@id":"https:\/\/alegerglobal.com\/cs\/#organization"},"potentialAction":[{"@type":"SearchAction","target":{"@type":"EntryPoint","urlTemplate":"https:\/\/alegerglobal.com\/cs\/?s={search_term_string}"},"query-input":{"@type":"PropertyValueSpecification","valueRequired":true,"valueName":"search_term_string"}}],"inLanguage":"cs"},{"@type":"Organization","@id":"https:\/\/alegerglobal.com\/cs\/#organization","name":"ALEGER \u22c6 Augmented Reality","url":"https:\/\/alegerglobal.com\/cs\/","logo":{"@type":"ImageObject","inLanguage":"cs","@id":"https:\/\/alegerglobal.com\/cs\/#\/schema\/logo\/image\/","url":"https:\/\/alegerglobal.com\/wp-content\/uploads\/2020\/12\/aleger-logo-quadrat.jpg","contentUrl":"https:\/\/alegerglobal.com\/wp-content\/uploads\/2020\/12\/aleger-logo-quadrat.jpg","width":200,"height":176,"caption":"ALEGER \u22c6 Augmented Reality"},"image":{"@id":"https:\/\/alegerglobal.com\/cs\/#\/schema\/logo\/image\/"}}]},"product_brand":"Epson","product_price_amount":"0.00","product_price_currency":"EUR","og_availability":"instock","product_availability":"instock","product_condition":"new"},"_links":{"self":[{"href":"https:\/\/alegerglobal.com\/cs\/wp-json\/wp\/v2\/product\/34751","targetHints":{"allow":["GET"]}}],"collection":[{"href":"https:\/\/alegerglobal.com\/cs\/wp-json\/wp\/v2\/product"}],"about":[{"href":"https:\/\/alegerglobal.com\/cs\/wp-json\/wp\/v2\/types\/product"}],"replies":[{"embeddable":true,"href":"https:\/\/alegerglobal.com\/cs\/wp-json\/wp\/v2\/comments?post=34751"}],"version-history":[{"count":1,"href":"https:\/\/alegerglobal.com\/cs\/wp-json\/wp\/v2\/product\/34751\/revisions"}],"predecessor-version":[{"id":54023,"href":"https:\/\/alegerglobal.com\/cs\/wp-json\/wp\/v2\/product\/34751\/revisions\/54023"}],"wp:featuredmedia":[{"embeddable":true,"href":"https:\/\/alegerglobal.com\/cs\/wp-json\/wp\/v2\/media\/17386"}],"wp:attachment":[{"href":"https:\/\/alegerglobal.com\/cs\/wp-json\/wp\/v2\/media?parent=34751"}],"wp:term":[{"taxonomy":"product_brand","embeddable":true,"href":"https:\/\/alegerglobal.com\/cs\/wp-json\/wp\/v2\/product_brand?post=34751"},{"taxonomy":"product_cat","embeddable":true,"href":"https:\/\/alegerglobal.com\/cs\/wp-json\/wp\/v2\/product_cat?post=34751"},{"taxonomy":"product_tag","embeddable":true,"href":"https:\/\/alegerglobal.com\/cs\/wp-json\/wp\/v2\/product_tag?post=34751"}],"curies":[{"name":"wp","href":"https:\/\/api.w.org\/{rel}","templated":true}]}}