{"id":34745,"date":"2020-01-15T04:26:07","date_gmt":"2022-05-19T07:34:05","guid":{"rendered":"https:\/\/alegerglobal.com\/nezarazene\/iristick-h1-displej-na-hlave-ios-android-16-mp-dualni-fotoaparat-opticky-zoom-ovladani-hands-free-165-g\/"},"modified":"2022-05-19T08:34:05","modified_gmt":"2022-05-19T07:34:05","slug":"iristick-h1-2","status":"publish","type":"product","link":"https:\/\/alegerglobal.com\/cs\/shop-cs\/iristick-h1-2\/","title":{"rendered":"Iristick.H1, displej na hlav\u011b, iOS, Android, 16 MP du\u00e1ln\u00ed fotoapar\u00e1t, optick\u00fd zoom, ovl\u00e1d\u00e1n\u00ed hands-free, 165 g"},"content":{"rendered":"","protected":false},"excerpt":{"rendered":"<ul>\n<li aria-level=\"1\"><b>Robustn\u00ed n\u00e1hlavn\u00ed displej pro pr\u016fmysl a logistiku<\/b><\/li>\n<li aria-level=\"1\"><b>Certifikace:<\/b><span style=\"font-weight: 400;\"> Certifikace IP67<\/span><\/li>\n<li aria-level=\"1\"><b>Videa ve 30 FPS:<\/b><span style=\"font-weight: 400;\"> Syst\u00e9m du\u00e1ln\u00edho fotoapar\u00e1tu se sn\u00edma\u010dem 2x 16 MP <\/span> <\/li>\n<li aria-level=\"1\"><b>Podrobn\u00e9 obr\u00e1zky:<\/b><span style=\"font-weight: 400;\"> Optick\u00fd zoom s objektivem Liquid Lens<\/span><\/li>\n<li aria-level=\"1\"><b>Maxim\u00e1ln\u00ed kontrola:<\/b><span style=\"font-weight: 400;\"> Robustn\u00ed t\u0159\u00edos\u00fd displej<\/span><\/li>\n<li aria-level=\"1\"><b>Flexibiln\u00ed ovl\u00e1d\u00e1n\u00ed:<\/b><span style=\"font-weight: 400;\"> Ovl\u00e1d\u00e1n\u00ed bez pou\u017eit\u00ed rukou a ovl\u00e1d\u00e1n\u00ed gesty<\/span><\/li>\n<li aria-level=\"1\"><b>Pohodln\u00e9 no\u0161en\u00ed:<\/b><span style=\"font-weight: 400;\"> Pouze 165 g celkov\u00e9 hmotnosti<\/span><\/li>\n<\/ul>\n","protected":false},"featured_media":13486,"comment_status":"open","ping_status":"closed","template":"","meta":{"_acf_changed":false},"product_brand":[],"product_cat":[1515,1516],"product_tag":[],"class_list":{"0":"post-34745","1":"product","2":"type-product","3":"status-publish","4":"has-post-thumbnail","6":"product_cat-chytre-bryle","7":"product_cat-shop-cs","8":"pa_hersteller-iristick-cs","10":"first","11":"instock","12":"taxable","13":"shipping-taxable","14":"purchasable","15":"product-type-simple"},"acf":[],"yoast_head":"<!-- This site is optimized with the Yoast SEO Premium plugin v20.10 (Yoast SEO v24.3) - https:\/\/yoast.com\/wordpress\/plugins\/seo\/ -->\n<title>Koupit Iristick.H1 (2022) - ALEGER \u22c6 Augmented Reality<\/title>\n<meta name=\"description\" content=\"Iristick.H1 se p\u0159ipojuje ke v\u0161em b\u011b\u017en\u00fdm smartphon\u016fm. Chytr\u00e9 br\u00fdle lze proto pou\u017e\u00edvat i v pozd\u011bj\u0161\u00edch generac\u00edch.\" \/>\n<meta name=\"robots\" content=\"index, follow, max-snippet:-1, max-image-preview:large, max-video-preview:-1\" \/>\n<meta property=\"og:locale\" content=\"cs_CZ\" \/>\n<meta property=\"og:type\" content=\"article\" \/>\n<meta property=\"og:title\" content=\"Iristick.H1, displej na hlav\u011b, iOS, Android, 16 MP du\u00e1ln\u00ed fotoapar\u00e1t, optick\u00fd zoom, ovl\u00e1d\u00e1n\u00ed hands-free, 165 g\" \/>\n<meta property=\"og:description\" content=\"Iristick.H1 se p\u0159ipojuje ke v\u0161em b\u011b\u017en\u00fdm smartphon\u016fm. Chytr\u00e9 br\u00fdle lze proto pou\u017e\u00edvat i v pozd\u011bj\u0161\u00edch generac\u00edch.\" \/>\n<meta property=\"og:url\" content=\"https:\/\/alegerglobal.com\/cs\/shop-cs\/iristick-h1-2\/\" \/>\n<meta property=\"og:site_name\" content=\"ALEGER \u22c6 Augmented Reality\" \/>\n<meta property=\"og:image\" content=\"https:\/\/alegerglobal.com\/wp-content\/uploads\/2020\/01\/wsabb.png\" \/>\n\t<meta property=\"og:image:width\" content=\"800\" \/>\n\t<meta property=\"og:image:height\" content=\"800\" \/>\n\t<meta property=\"og:image:type\" content=\"image\/png\" \/>\n<meta name=\"twitter:card\" content=\"summary_large_image\" \/>\n<meta name=\"twitter:label1\" content=\"Cena\" \/>\n\t<meta name=\"twitter:data1\" content=\"&euro;2.462,00\" \/>\n\t<meta name=\"twitter:label2\" content=\"Dostupnost\" \/>\n\t<meta name=\"twitter:data2\" content=\"Skladem\" \/>\n<script type=\"application\/ld+json\" class=\"yoast-schema-graph\">{\"@context\":\"https:\/\/schema.org\",\"@graph\":[{\"@type\":\"WebPage\",\"@id\":\"https:\/\/alegerglobal.com\/cs\/shop-cs\/iristick-h1-2\/\",\"url\":\"https:\/\/alegerglobal.com\/cs\/shop-cs\/iristick-h1-2\/\",\"name\":\"Koupit Iristick.H1 (2022) - ALEGER \u22c6 Augmented Reality\",\"isPartOf\":{\"@id\":\"https:\/\/alegerglobal.com\/cs\/#website\"},\"primaryImageOfPage\":{\"@id\":\"https:\/\/alegerglobal.com\/cs\/shop-cs\/iristick-h1-2\/#primaryimage\"},\"image\":{\"@id\":\"https:\/\/alegerglobal.com\/cs\/shop-cs\/iristick-h1-2\/#primaryimage\"},\"thumbnailUrl\":\"https:\/\/alegerglobal.com\/wp-content\/uploads\/2020\/01\/wsabb.png\",\"datePublished\":\"2022-05-19T07:34:05+00:00\",\"dateModified\":\"2022-05-19T07:34:05+00:00\",\"description\":\"Iristick.H1 se p\u0159ipojuje ke v\u0161em b\u011b\u017en\u00fdm smartphon\u016fm. Chytr\u00e9 br\u00fdle lze proto pou\u017e\u00edvat i v pozd\u011bj\u0161\u00edch generac\u00edch.\",\"breadcrumb\":{\"@id\":\"https:\/\/alegerglobal.com\/cs\/shop-cs\/iristick-h1-2\/#breadcrumb\"},\"inLanguage\":\"cs\",\"potentialAction\":[{\"@type\":\"ReadAction\",\"target\":[\"https:\/\/alegerglobal.com\/cs\/shop-cs\/iristick-h1-2\/\"]}]},{\"@type\":\"ImageObject\",\"inLanguage\":\"cs\",\"@id\":\"https:\/\/alegerglobal.com\/cs\/shop-cs\/iristick-h1-2\/#primaryimage\",\"url\":\"https:\/\/alegerglobal.com\/wp-content\/uploads\/2020\/01\/wsabb.png\",\"contentUrl\":\"https:\/\/alegerglobal.com\/wp-content\/uploads\/2020\/01\/wsabb.png\",\"width\":800,\"height\":800},{\"@type\":\"BreadcrumbList\",\"@id\":\"https:\/\/alegerglobal.com\/cs\/shop-cs\/iristick-h1-2\/#breadcrumb\",\"itemListElement\":[{\"@type\":\"ListItem\",\"position\":1,\"name\":\"Home\",\"item\":\"https:\/\/alegerglobal.com\/cs\/novinka-domovska-stranka\/\"},{\"@type\":\"ListItem\",\"position\":2,\"name\":\"Produkty\",\"item\":\"https:\/\/alegerglobal.com\/cs\/produkty\/\"},{\"@type\":\"ListItem\",\"position\":3,\"name\":\"Iristick.H1, displej na hlav\u011b, iOS, Android, 16 MP du\u00e1ln\u00ed fotoapar\u00e1t, optick\u00fd zoom, ovl\u00e1d\u00e1n\u00ed hands-free, 165 g\"}]},{\"@type\":\"WebSite\",\"@id\":\"https:\/\/alegerglobal.com\/cs\/#website\",\"url\":\"https:\/\/alegerglobal.com\/cs\/\",\"name\":\"ALEGER \u22c6 Augmented Reality\",\"description\":\"Die besten Augmented Reality (AR) L\u00f6sungen der Welt.\",\"publisher\":{\"@id\":\"https:\/\/alegerglobal.com\/cs\/#organization\"},\"potentialAction\":[{\"@type\":\"SearchAction\",\"target\":{\"@type\":\"EntryPoint\",\"urlTemplate\":\"https:\/\/alegerglobal.com\/cs\/?s={search_term_string}\"},\"query-input\":{\"@type\":\"PropertyValueSpecification\",\"valueRequired\":true,\"valueName\":\"search_term_string\"}}],\"inLanguage\":\"cs\"},{\"@type\":\"Organization\",\"@id\":\"https:\/\/alegerglobal.com\/cs\/#organization\",\"name\":\"ALEGER \u22c6 Augmented Reality\",\"url\":\"https:\/\/alegerglobal.com\/cs\/\",\"logo\":{\"@type\":\"ImageObject\",\"inLanguage\":\"cs\",\"@id\":\"https:\/\/alegerglobal.com\/cs\/#\/schema\/logo\/image\/\",\"url\":\"https:\/\/alegerglobal.com\/wp-content\/uploads\/2020\/12\/aleger-logo-quadrat.jpg\",\"contentUrl\":\"https:\/\/alegerglobal.com\/wp-content\/uploads\/2020\/12\/aleger-logo-quadrat.jpg\",\"width\":200,\"height\":176,\"caption\":\"ALEGER \u22c6 Augmented Reality\"},\"image\":{\"@id\":\"https:\/\/alegerglobal.com\/cs\/#\/schema\/logo\/image\/\"}}]}<\/script>\n<meta property=\"product:brand\" content=\"Iristick\" \/>\n<meta property=\"product:price:amount\" content=\"2462.00\" \/>\n<meta property=\"product:price:currency\" content=\"EUR\" \/>\n<meta property=\"og:availability\" content=\"instock\" \/>\n<meta property=\"product:availability\" content=\"instock\" \/>\n<meta property=\"product:condition\" content=\"new\" \/>\n<!-- \/ Yoast SEO Premium plugin. -->","yoast_head_json":{"title":"Koupit Iristick.H1 (2022) - ALEGER \u22c6 Augmented Reality","description":"Iristick.H1 se p\u0159ipojuje ke v\u0161em b\u011b\u017en\u00fdm smartphon\u016fm. Chytr\u00e9 br\u00fdle lze proto pou\u017e\u00edvat i v pozd\u011bj\u0161\u00edch generac\u00edch.","robots":{"index":"index","follow":"follow","max-snippet":"max-snippet:-1","max-image-preview":"max-image-preview:large","max-video-preview":"max-video-preview:-1"},"og_locale":"cs_CZ","og_type":"article","og_title":"Iristick.H1, displej na hlav\u011b, iOS, Android, 16 MP du\u00e1ln\u00ed fotoapar\u00e1t, optick\u00fd zoom, ovl\u00e1d\u00e1n\u00ed hands-free, 165 g","og_description":"Iristick.H1 se p\u0159ipojuje ke v\u0161em b\u011b\u017en\u00fdm smartphon\u016fm. Chytr\u00e9 br\u00fdle lze proto pou\u017e\u00edvat i v pozd\u011bj\u0161\u00edch generac\u00edch.","og_url":"https:\/\/alegerglobal.com\/cs\/shop-cs\/iristick-h1-2\/","og_site_name":"ALEGER \u22c6 Augmented Reality","og_image":[{"width":800,"height":800,"url":"https:\/\/alegerglobal.com\/wp-content\/uploads\/2020\/01\/wsabb.png","type":"image\/png"}],"twitter_card":"summary_large_image","twitter_misc":{"Cena":"&euro;2.462,00","Dostupnost":"Skladem"},"schema":{"@context":"https:\/\/schema.org","@graph":[{"@type":"WebPage","@id":"https:\/\/alegerglobal.com\/cs\/shop-cs\/iristick-h1-2\/","url":"https:\/\/alegerglobal.com\/cs\/shop-cs\/iristick-h1-2\/","name":"Koupit Iristick.H1 (2022) - ALEGER \u22c6 Augmented Reality","isPartOf":{"@id":"https:\/\/alegerglobal.com\/cs\/#website"},"primaryImageOfPage":{"@id":"https:\/\/alegerglobal.com\/cs\/shop-cs\/iristick-h1-2\/#primaryimage"},"image":{"@id":"https:\/\/alegerglobal.com\/cs\/shop-cs\/iristick-h1-2\/#primaryimage"},"thumbnailUrl":"https:\/\/alegerglobal.com\/wp-content\/uploads\/2020\/01\/wsabb.png","datePublished":"2022-05-19T07:34:05+00:00","dateModified":"2022-05-19T07:34:05+00:00","description":"Iristick.H1 se p\u0159ipojuje ke v\u0161em b\u011b\u017en\u00fdm smartphon\u016fm. Chytr\u00e9 br\u00fdle lze proto pou\u017e\u00edvat i v pozd\u011bj\u0161\u00edch generac\u00edch.","breadcrumb":{"@id":"https:\/\/alegerglobal.com\/cs\/shop-cs\/iristick-h1-2\/#breadcrumb"},"inLanguage":"cs","potentialAction":[{"@type":"ReadAction","target":["https:\/\/alegerglobal.com\/cs\/shop-cs\/iristick-h1-2\/"]}]},{"@type":"ImageObject","inLanguage":"cs","@id":"https:\/\/alegerglobal.com\/cs\/shop-cs\/iristick-h1-2\/#primaryimage","url":"https:\/\/alegerglobal.com\/wp-content\/uploads\/2020\/01\/wsabb.png","contentUrl":"https:\/\/alegerglobal.com\/wp-content\/uploads\/2020\/01\/wsabb.png","width":800,"height":800},{"@type":"BreadcrumbList","@id":"https:\/\/alegerglobal.com\/cs\/shop-cs\/iristick-h1-2\/#breadcrumb","itemListElement":[{"@type":"ListItem","position":1,"name":"Home","item":"https:\/\/alegerglobal.com\/cs\/novinka-domovska-stranka\/"},{"@type":"ListItem","position":2,"name":"Produkty","item":"https:\/\/alegerglobal.com\/cs\/produkty\/"},{"@type":"ListItem","position":3,"name":"Iristick.H1, displej na hlav\u011b, iOS, Android, 16 MP du\u00e1ln\u00ed fotoapar\u00e1t, optick\u00fd zoom, ovl\u00e1d\u00e1n\u00ed hands-free, 165 g"}]},{"@type":"WebSite","@id":"https:\/\/alegerglobal.com\/cs\/#website","url":"https:\/\/alegerglobal.com\/cs\/","name":"ALEGER \u22c6 Augmented Reality","description":"Die besten Augmented Reality (AR) L\u00f6sungen der Welt.","publisher":{"@id":"https:\/\/alegerglobal.com\/cs\/#organization"},"potentialAction":[{"@type":"SearchAction","target":{"@type":"EntryPoint","urlTemplate":"https:\/\/alegerglobal.com\/cs\/?s={search_term_string}"},"query-input":{"@type":"PropertyValueSpecification","valueRequired":true,"valueName":"search_term_string"}}],"inLanguage":"cs"},{"@type":"Organization","@id":"https:\/\/alegerglobal.com\/cs\/#organization","name":"ALEGER \u22c6 Augmented Reality","url":"https:\/\/alegerglobal.com\/cs\/","logo":{"@type":"ImageObject","inLanguage":"cs","@id":"https:\/\/alegerglobal.com\/cs\/#\/schema\/logo\/image\/","url":"https:\/\/alegerglobal.com\/wp-content\/uploads\/2020\/12\/aleger-logo-quadrat.jpg","contentUrl":"https:\/\/alegerglobal.com\/wp-content\/uploads\/2020\/12\/aleger-logo-quadrat.jpg","width":200,"height":176,"caption":"ALEGER \u22c6 Augmented Reality"},"image":{"@id":"https:\/\/alegerglobal.com\/cs\/#\/schema\/logo\/image\/"}}]},"product_brand":"Iristick","product_price_amount":"2462.00","product_price_currency":"EUR","og_availability":"instock","product_availability":"instock","product_condition":"new"},"_links":{"self":[{"href":"https:\/\/alegerglobal.com\/cs\/wp-json\/wp\/v2\/product\/34745","targetHints":{"allow":["GET"]}}],"collection":[{"href":"https:\/\/alegerglobal.com\/cs\/wp-json\/wp\/v2\/product"}],"about":[{"href":"https:\/\/alegerglobal.com\/cs\/wp-json\/wp\/v2\/types\/product"}],"replies":[{"embeddable":true,"href":"https:\/\/alegerglobal.com\/cs\/wp-json\/wp\/v2\/comments?post=34745"}],"version-history":[{"count":0,"href":"https:\/\/alegerglobal.com\/cs\/wp-json\/wp\/v2\/product\/34745\/revisions"}],"wp:featuredmedia":[{"embeddable":true,"href":"https:\/\/alegerglobal.com\/cs\/wp-json\/wp\/v2\/media\/13486"}],"wp:attachment":[{"href":"https:\/\/alegerglobal.com\/cs\/wp-json\/wp\/v2\/media?parent=34745"}],"wp:term":[{"taxonomy":"product_brand","embeddable":true,"href":"https:\/\/alegerglobal.com\/cs\/wp-json\/wp\/v2\/product_brand?post=34745"},{"taxonomy":"product_cat","embeddable":true,"href":"https:\/\/alegerglobal.com\/cs\/wp-json\/wp\/v2\/product_cat?post=34745"},{"taxonomy":"product_tag","embeddable":true,"href":"https:\/\/alegerglobal.com\/cs\/wp-json\/wp\/v2\/product_tag?post=34745"}],"curies":[{"name":"wp","href":"https:\/\/api.w.org\/{rel}","templated":true}]}}