{"id":34743,"date":"2019-01-01T07:25:44","date_gmt":"2022-05-19T07:34:05","guid":{"rendered":"https:\/\/alegerglobal.com\/nezarazene\/dvojita-nabijeci-stanice-usb-zasuvka-ve-vozidle-tab-ex-02-dz2\/"},"modified":"2022-05-19T08:34:08","modified_gmt":"2022-05-19T07:34:08","slug":"dvojita-nabijeci-stanice-usb-zasuvka-ve-vozidle-tab-ex-02-dz2","status":"publish","type":"product","link":"https:\/\/alegerglobal.com\/cs\/shop-cs\/prislusenstvi\/dvojita-nabijeci-stanice-usb-zasuvka-ve-vozidle-tab-ex-02-dz2\/","title":{"rendered":"Dvojit\u00e1 nab\u00edjec\u00ed stanice USB (z\u00e1suvka ve vozidle) Tab-Ex\u00ae 02 DZ2"},"content":{"rendered":"\t\t<div data-elementor-type=\"product-post\" data-elementor-id=\"34743\" class=\"elementor elementor-34743 elementor-5766\" data-elementor-settings=\"{&quot;ha_cmc_init_switcher&quot;:&quot;no&quot;}\" data-elementor-post-type=\"product\">\n\t\t\t\t\t\t<section class=\"elementor-section elementor-top-section elementor-element elementor-element-1206e45 elementor-section-boxed elementor-section-height-default elementor-section-height-default\" data-id=\"1206e45\" data-element_type=\"section\" data-settings=\"{&quot;jet_parallax_layout_list&quot;:[],&quot;_ha_eqh_enable&quot;:false}\">\n\t\t\t\t\t\t<div class=\"elementor-container elementor-column-gap-default\">\n\t\t\t\t\t<div class=\"elementor-column elementor-col-100 elementor-top-column elementor-element elementor-element-681d5f6\" data-id=\"681d5f6\" data-element_type=\"column\">\n\t\t\t<div class=\"elementor-widget-wrap elementor-element-populated\">\n\t\t\t\t\t\t<div class=\"elementor-element elementor-element-aef8b7a elementor-widget elementor-widget-text-editor\" data-id=\"aef8b7a\" data-element_type=\"widget\" data-widget_type=\"text-editor.default\">\n\t\t\t\t<div class=\"elementor-widget-container\">\n\t\t\t\t\t\t\t\t\t<ul class=\"list\"><li>Vhodn\u00e9 pro Tab-Ex\u00ae 02 DZ2 \/ D2<\/li><li>Dva porty USB; ka\u017ed\u00fd s proudem 1,5 A; p\u0159ipojen\u00ed pro extern\u00ed za\u0159\u00edzen\u00ed<\/li><li>V\u00fd\u0159ezy pro p\u0159\u00edm\u00fd p\u0159\u00edstup k tla\u010d\u00edtk\u016fm, fotoapar\u00e1tu, stylusu a port\u016fm<\/li><li>Snadn\u00e9 ovl\u00e1d\u00e1n\u00ed jednou rukou:<ul class=\"list\"><li>Vlo\u017ete tablet (nejprve spodn\u00ed stranou) do nab\u00edjec\u00ed stanice shora. Tla\u010dte na horn\u00ed stranu tablety, dokud se tableta nezaklapne do dr\u017e\u00e1ku.<\/li><li>Stiskn\u011bte uvol\u0148ovac\u00ed tla\u010d\u00edtko palcem sm\u011brem nahoru a vyjm\u011bte tablet.<\/li><\/ul><\/li><li>Konektor POGO nab\u00edj\u00ed a nap\u00e1j\u00ed tablet<\/li><li>Voliteln\u00fd z\u00e1mek jako ochrana proti kr\u00e1de\u017ei<\/li><li>Vzor otvor\u016f VESA 75 mm a AMPS; kompatibiln\u00ed s mont\u00e1\u017en\u00edmi syst\u00e9my <a class=\"external-link-new-window\" title=\"\u00d6ffnet internen Link im aktuellen Fenster\" href=\"https:\/\/www.zirkona.de\/\" target=\"_blank\" rel=\"noopener\">Zirkona<\/a> <\/li><li>182 cm (72&#8243;) dlouh\u00fd nap\u00e1jec\u00ed kabel s otev\u0159en\u00fdm koncem.<\/li><li>Mo\u017enost mont\u00e1\u017ee na rovn\u00e9 i svisl\u00e9 povrchy<\/li><li>Lehk\u00e1 konstrukce: 1,1 lbs (cca 500 g)<\/li><\/ul>\t\t\t\t\t\t\t\t<\/div>\n\t\t\t\t<\/div>\n\t\t\t\t\t<\/div>\n\t\t<\/div>\n\t\t\t\t\t<\/div>\n\t\t<\/section>\n\t\t\t\t<\/div>\n\t\t","protected":false},"excerpt":{"rendered":"<p>Nov\u00e1 a vylep\u0161en\u00e1 nab\u00edjec\u00ed stanice Tab-Ex\u00ae 02 DZ2 \/ D2 se dv\u011bma porty USB a p\u0159ipojen\u00edm do z\u00e1suvky vozidla (zapalova\u010d cigaret). Oba porty USB dod\u00e1vaj\u00ed ka\u017ed\u00fd 1,5 A. Nab\u00edjec\u00ed stanice je kompaktn\u00ed, uzamykateln\u00e1 a lze ji ovl\u00e1dat jednou rukou. Stanici lze p\u0159ipojit k elektrick\u00e9mu syst\u00e9mu vozidla pomoc\u00ed dodan\u00e9 p\u0159\u00edpojky do z\u00e1suvky vozidla a nad\u00e1le nap\u00e1jet baterii tabletu. (Nen\u00ed ur\u010deno pro pou\u017eit\u00ed v prost\u0159ed\u00ed s nebezpe\u010d\u00edm v\u00fdbuchu)<\/p>\n","protected":false},"featured_media":13118,"comment_status":"open","ping_status":"closed","template":"","meta":{"_acf_changed":false},"product_brand":[],"product_cat":[1529,1516],"product_tag":[],"class_list":{"0":"post-34743","1":"product","2":"type-product","3":"status-publish","4":"has-post-thumbnail","6":"product_cat-prislusenstvi","7":"product_cat-shop-cs","8":"pa_hersteller-ecom-cs","10":"first","11":"instock","12":"taxable","13":"shipping-taxable","14":"purchasable","15":"product-type-simple"},"acf":[],"yoast_head":"<!-- This site is optimized with the Yoast SEO Premium plugin v20.10 (Yoast SEO v24.3) - https:\/\/yoast.com\/wordpress\/plugins\/seo\/ -->\n<title>- ALEGER \u22c6 Augmented Reality<\/title>\n<meta name=\"robots\" content=\"index, follow, max-snippet:-1, max-image-preview:large, max-video-preview:-1\" \/>\n<meta property=\"og:locale\" content=\"cs_CZ\" \/>\n<meta property=\"og:type\" content=\"article\" \/>\n<meta property=\"og:title\" content=\"Dvojit\u00e1 nab\u00edjec\u00ed stanice USB (z\u00e1suvka ve vozidle) Tab-Ex\u00ae 02 DZ2\" \/>\n<meta property=\"og:description\" content=\"Nov\u00e1 a vylep\u0161en\u00e1 nab\u00edjec\u00ed stanice Tab-Ex\u00ae 02 DZ2 \/ D2 se dv\u011bma porty USB a p\u0159ipojen\u00edm do z\u00e1suvky vozidla (zapalova\u010d cigaret). Oba porty USB dod\u00e1vaj\u00ed ka\u017ed\u00fd 1,5 A. Nab\u00edjec\u00ed stanice je kompaktn\u00ed, uzamykateln\u00e1 a lze ji ovl\u00e1dat jednou rukou. Stanici lze p\u0159ipojit k elektrick\u00e9mu syst\u00e9mu vozidla pomoc\u00ed dodan\u00e9 p\u0159\u00edpojky do z\u00e1suvky vozidla a nad\u00e1le nap\u00e1jet baterii tabletu. (Nen\u00ed ur\u010deno pro pou\u017eit\u00ed v prost\u0159ed\u00ed s nebezpe\u010d\u00edm v\u00fdbuchu)\" \/>\n<meta property=\"og:url\" content=\"https:\/\/alegerglobal.com\/cs\/shop-cs\/prislusenstvi\/dvojita-nabijeci-stanice-usb-zasuvka-ve-vozidle-tab-ex-02-dz2\/\" \/>\n<meta property=\"og:site_name\" content=\"ALEGER \u22c6 Augmented Reality\" \/>\n<meta property=\"article:modified_time\" content=\"2022-05-19T07:34:08+00:00\" \/>\n<meta property=\"og:image\" content=\"https:\/\/alegerglobal.com\/wp-content\/uploads\/2019\/01\/Unbenannt-36.jpg\" \/>\n\t<meta property=\"og:image:width\" content=\"800\" \/>\n\t<meta property=\"og:image:height\" content=\"800\" \/>\n\t<meta property=\"og:image:type\" content=\"image\/jpeg\" \/>\n<meta name=\"twitter:card\" content=\"summary_large_image\" \/>\n<meta name=\"twitter:label1\" content=\"Cena\" \/>\n\t<meta name=\"twitter:data1\" content=\"&euro;273,99\" \/>\n\t<meta name=\"twitter:label2\" content=\"Dostupnost\" \/>\n\t<meta name=\"twitter:data2\" content=\"Skladem\" \/>\n<script type=\"application\/ld+json\" class=\"yoast-schema-graph\">{\"@context\":\"https:\/\/schema.org\",\"@graph\":[{\"@type\":\"WebPage\",\"@id\":\"https:\/\/alegerglobal.com\/cs\/shop-cs\/prislusenstvi\/dvojita-nabijeci-stanice-usb-zasuvka-ve-vozidle-tab-ex-02-dz2\/\",\"url\":\"https:\/\/alegerglobal.com\/cs\/shop-cs\/prislusenstvi\/dvojita-nabijeci-stanice-usb-zasuvka-ve-vozidle-tab-ex-02-dz2\/\",\"name\":\"- ALEGER \u22c6 Augmented Reality\",\"isPartOf\":{\"@id\":\"https:\/\/alegerglobal.com\/cs\/#website\"},\"primaryImageOfPage\":{\"@id\":\"https:\/\/alegerglobal.com\/cs\/shop-cs\/prislusenstvi\/dvojita-nabijeci-stanice-usb-zasuvka-ve-vozidle-tab-ex-02-dz2\/#primaryimage\"},\"image\":{\"@id\":\"https:\/\/alegerglobal.com\/cs\/shop-cs\/prislusenstvi\/dvojita-nabijeci-stanice-usb-zasuvka-ve-vozidle-tab-ex-02-dz2\/#primaryimage\"},\"thumbnailUrl\":\"https:\/\/alegerglobal.com\/wp-content\/uploads\/2019\/01\/Unbenannt-36.jpg\",\"datePublished\":\"2022-05-19T07:34:05+00:00\",\"dateModified\":\"2022-05-19T07:34:08+00:00\",\"breadcrumb\":{\"@id\":\"https:\/\/alegerglobal.com\/cs\/shop-cs\/prislusenstvi\/dvojita-nabijeci-stanice-usb-zasuvka-ve-vozidle-tab-ex-02-dz2\/#breadcrumb\"},\"inLanguage\":\"cs\",\"potentialAction\":[{\"@type\":\"ReadAction\",\"target\":[\"https:\/\/alegerglobal.com\/cs\/shop-cs\/prislusenstvi\/dvojita-nabijeci-stanice-usb-zasuvka-ve-vozidle-tab-ex-02-dz2\/\"]}]},{\"@type\":\"ImageObject\",\"inLanguage\":\"cs\",\"@id\":\"https:\/\/alegerglobal.com\/cs\/shop-cs\/prislusenstvi\/dvojita-nabijeci-stanice-usb-zasuvka-ve-vozidle-tab-ex-02-dz2\/#primaryimage\",\"url\":\"https:\/\/alegerglobal.com\/wp-content\/uploads\/2019\/01\/Unbenannt-36.jpg\",\"contentUrl\":\"https:\/\/alegerglobal.com\/wp-content\/uploads\/2019\/01\/Unbenannt-36.jpg\",\"width\":800,\"height\":800},{\"@type\":\"BreadcrumbList\",\"@id\":\"https:\/\/alegerglobal.com\/cs\/shop-cs\/prislusenstvi\/dvojita-nabijeci-stanice-usb-zasuvka-ve-vozidle-tab-ex-02-dz2\/#breadcrumb\",\"itemListElement\":[{\"@type\":\"ListItem\",\"position\":1,\"name\":\"Home\",\"item\":\"https:\/\/alegerglobal.com\/cs\/novinka-domovska-stranka\/\"},{\"@type\":\"ListItem\",\"position\":2,\"name\":\"Produkty\",\"item\":\"https:\/\/alegerglobal.com\/cs\/produkty\/\"},{\"@type\":\"ListItem\",\"position\":3,\"name\":\"Dvojit\u00e1 nab\u00edjec\u00ed stanice USB (z\u00e1suvka ve vozidle) Tab-Ex\u00ae 02 DZ2\"}]},{\"@type\":\"WebSite\",\"@id\":\"https:\/\/alegerglobal.com\/cs\/#website\",\"url\":\"https:\/\/alegerglobal.com\/cs\/\",\"name\":\"ALEGER \u22c6 Augmented Reality\",\"description\":\"Die besten Augmented Reality (AR) L\u00f6sungen der Welt.\",\"publisher\":{\"@id\":\"https:\/\/alegerglobal.com\/cs\/#organization\"},\"potentialAction\":[{\"@type\":\"SearchAction\",\"target\":{\"@type\":\"EntryPoint\",\"urlTemplate\":\"https:\/\/alegerglobal.com\/cs\/?s={search_term_string}\"},\"query-input\":{\"@type\":\"PropertyValueSpecification\",\"valueRequired\":true,\"valueName\":\"search_term_string\"}}],\"inLanguage\":\"cs\"},{\"@type\":\"Organization\",\"@id\":\"https:\/\/alegerglobal.com\/cs\/#organization\",\"name\":\"ALEGER \u22c6 Augmented Reality\",\"url\":\"https:\/\/alegerglobal.com\/cs\/\",\"logo\":{\"@type\":\"ImageObject\",\"inLanguage\":\"cs\",\"@id\":\"https:\/\/alegerglobal.com\/cs\/#\/schema\/logo\/image\/\",\"url\":\"https:\/\/alegerglobal.com\/wp-content\/uploads\/2020\/12\/aleger-logo-quadrat.jpg\",\"contentUrl\":\"https:\/\/alegerglobal.com\/wp-content\/uploads\/2020\/12\/aleger-logo-quadrat.jpg\",\"width\":200,\"height\":176,\"caption\":\"ALEGER \u22c6 Augmented Reality\"},\"image\":{\"@id\":\"https:\/\/alegerglobal.com\/cs\/#\/schema\/logo\/image\/\"}}]}<\/script>\n<meta property=\"product:brand\" content=\"Ecom\" \/>\n<meta property=\"product:price:amount\" content=\"273.99\" \/>\n<meta property=\"product:price:currency\" content=\"EUR\" \/>\n<meta property=\"og:availability\" content=\"instock\" \/>\n<meta property=\"product:availability\" content=\"instock\" \/>\n<meta property=\"product:condition\" content=\"new\" \/>\n<!-- \/ Yoast SEO Premium plugin. -->","yoast_head_json":{"title":"- ALEGER \u22c6 Augmented Reality","robots":{"index":"index","follow":"follow","max-snippet":"max-snippet:-1","max-image-preview":"max-image-preview:large","max-video-preview":"max-video-preview:-1"},"og_locale":"cs_CZ","og_type":"article","og_title":"Dvojit\u00e1 nab\u00edjec\u00ed stanice USB (z\u00e1suvka ve vozidle) Tab-Ex\u00ae 02 DZ2","og_description":"Nov\u00e1 a vylep\u0161en\u00e1 nab\u00edjec\u00ed stanice Tab-Ex\u00ae 02 DZ2 \/ D2 se dv\u011bma porty USB a p\u0159ipojen\u00edm do z\u00e1suvky vozidla (zapalova\u010d cigaret). Oba porty USB dod\u00e1vaj\u00ed ka\u017ed\u00fd 1,5 A. Nab\u00edjec\u00ed stanice je kompaktn\u00ed, uzamykateln\u00e1 a lze ji ovl\u00e1dat jednou rukou. Stanici lze p\u0159ipojit k elektrick\u00e9mu syst\u00e9mu vozidla pomoc\u00ed dodan\u00e9 p\u0159\u00edpojky do z\u00e1suvky vozidla a nad\u00e1le nap\u00e1jet baterii tabletu. (Nen\u00ed ur\u010deno pro pou\u017eit\u00ed v prost\u0159ed\u00ed s nebezpe\u010d\u00edm v\u00fdbuchu)","og_url":"https:\/\/alegerglobal.com\/cs\/shop-cs\/prislusenstvi\/dvojita-nabijeci-stanice-usb-zasuvka-ve-vozidle-tab-ex-02-dz2\/","og_site_name":"ALEGER \u22c6 Augmented Reality","article_modified_time":"2022-05-19T07:34:08+00:00","og_image":[{"width":800,"height":800,"url":"https:\/\/alegerglobal.com\/wp-content\/uploads\/2019\/01\/Unbenannt-36.jpg","type":"image\/jpeg"}],"twitter_card":"summary_large_image","twitter_misc":{"Cena":"&euro;273,99","Dostupnost":"Skladem"},"schema":{"@context":"https:\/\/schema.org","@graph":[{"@type":"WebPage","@id":"https:\/\/alegerglobal.com\/cs\/shop-cs\/prislusenstvi\/dvojita-nabijeci-stanice-usb-zasuvka-ve-vozidle-tab-ex-02-dz2\/","url":"https:\/\/alegerglobal.com\/cs\/shop-cs\/prislusenstvi\/dvojita-nabijeci-stanice-usb-zasuvka-ve-vozidle-tab-ex-02-dz2\/","name":"- ALEGER \u22c6 Augmented Reality","isPartOf":{"@id":"https:\/\/alegerglobal.com\/cs\/#website"},"primaryImageOfPage":{"@id":"https:\/\/alegerglobal.com\/cs\/shop-cs\/prislusenstvi\/dvojita-nabijeci-stanice-usb-zasuvka-ve-vozidle-tab-ex-02-dz2\/#primaryimage"},"image":{"@id":"https:\/\/alegerglobal.com\/cs\/shop-cs\/prislusenstvi\/dvojita-nabijeci-stanice-usb-zasuvka-ve-vozidle-tab-ex-02-dz2\/#primaryimage"},"thumbnailUrl":"https:\/\/alegerglobal.com\/wp-content\/uploads\/2019\/01\/Unbenannt-36.jpg","datePublished":"2022-05-19T07:34:05+00:00","dateModified":"2022-05-19T07:34:08+00:00","breadcrumb":{"@id":"https:\/\/alegerglobal.com\/cs\/shop-cs\/prislusenstvi\/dvojita-nabijeci-stanice-usb-zasuvka-ve-vozidle-tab-ex-02-dz2\/#breadcrumb"},"inLanguage":"cs","potentialAction":[{"@type":"ReadAction","target":["https:\/\/alegerglobal.com\/cs\/shop-cs\/prislusenstvi\/dvojita-nabijeci-stanice-usb-zasuvka-ve-vozidle-tab-ex-02-dz2\/"]}]},{"@type":"ImageObject","inLanguage":"cs","@id":"https:\/\/alegerglobal.com\/cs\/shop-cs\/prislusenstvi\/dvojita-nabijeci-stanice-usb-zasuvka-ve-vozidle-tab-ex-02-dz2\/#primaryimage","url":"https:\/\/alegerglobal.com\/wp-content\/uploads\/2019\/01\/Unbenannt-36.jpg","contentUrl":"https:\/\/alegerglobal.com\/wp-content\/uploads\/2019\/01\/Unbenannt-36.jpg","width":800,"height":800},{"@type":"BreadcrumbList","@id":"https:\/\/alegerglobal.com\/cs\/shop-cs\/prislusenstvi\/dvojita-nabijeci-stanice-usb-zasuvka-ve-vozidle-tab-ex-02-dz2\/#breadcrumb","itemListElement":[{"@type":"ListItem","position":1,"name":"Home","item":"https:\/\/alegerglobal.com\/cs\/novinka-domovska-stranka\/"},{"@type":"ListItem","position":2,"name":"Produkty","item":"https:\/\/alegerglobal.com\/cs\/produkty\/"},{"@type":"ListItem","position":3,"name":"Dvojit\u00e1 nab\u00edjec\u00ed stanice USB (z\u00e1suvka ve vozidle) Tab-Ex\u00ae 02 DZ2"}]},{"@type":"WebSite","@id":"https:\/\/alegerglobal.com\/cs\/#website","url":"https:\/\/alegerglobal.com\/cs\/","name":"ALEGER \u22c6 Augmented Reality","description":"Die besten Augmented Reality (AR) L\u00f6sungen der Welt.","publisher":{"@id":"https:\/\/alegerglobal.com\/cs\/#organization"},"potentialAction":[{"@type":"SearchAction","target":{"@type":"EntryPoint","urlTemplate":"https:\/\/alegerglobal.com\/cs\/?s={search_term_string}"},"query-input":{"@type":"PropertyValueSpecification","valueRequired":true,"valueName":"search_term_string"}}],"inLanguage":"cs"},{"@type":"Organization","@id":"https:\/\/alegerglobal.com\/cs\/#organization","name":"ALEGER \u22c6 Augmented Reality","url":"https:\/\/alegerglobal.com\/cs\/","logo":{"@type":"ImageObject","inLanguage":"cs","@id":"https:\/\/alegerglobal.com\/cs\/#\/schema\/logo\/image\/","url":"https:\/\/alegerglobal.com\/wp-content\/uploads\/2020\/12\/aleger-logo-quadrat.jpg","contentUrl":"https:\/\/alegerglobal.com\/wp-content\/uploads\/2020\/12\/aleger-logo-quadrat.jpg","width":200,"height":176,"caption":"ALEGER \u22c6 Augmented Reality"},"image":{"@id":"https:\/\/alegerglobal.com\/cs\/#\/schema\/logo\/image\/"}}]},"product_brand":"Ecom","product_price_amount":"273.99","product_price_currency":"EUR","og_availability":"instock","product_availability":"instock","product_condition":"new"},"_links":{"self":[{"href":"https:\/\/alegerglobal.com\/cs\/wp-json\/wp\/v2\/product\/34743","targetHints":{"allow":["GET"]}}],"collection":[{"href":"https:\/\/alegerglobal.com\/cs\/wp-json\/wp\/v2\/product"}],"about":[{"href":"https:\/\/alegerglobal.com\/cs\/wp-json\/wp\/v2\/types\/product"}],"replies":[{"embeddable":true,"href":"https:\/\/alegerglobal.com\/cs\/wp-json\/wp\/v2\/comments?post=34743"}],"version-history":[{"count":1,"href":"https:\/\/alegerglobal.com\/cs\/wp-json\/wp\/v2\/product\/34743\/revisions"}],"predecessor-version":[{"id":34747,"href":"https:\/\/alegerglobal.com\/cs\/wp-json\/wp\/v2\/product\/34743\/revisions\/34747"}],"wp:featuredmedia":[{"embeddable":true,"href":"https:\/\/alegerglobal.com\/cs\/wp-json\/wp\/v2\/media\/13118"}],"wp:attachment":[{"href":"https:\/\/alegerglobal.com\/cs\/wp-json\/wp\/v2\/media?parent=34743"}],"wp:term":[{"taxonomy":"product_brand","embeddable":true,"href":"https:\/\/alegerglobal.com\/cs\/wp-json\/wp\/v2\/product_brand?post=34743"},{"taxonomy":"product_cat","embeddable":true,"href":"https:\/\/alegerglobal.com\/cs\/wp-json\/wp\/v2\/product_cat?post=34743"},{"taxonomy":"product_tag","embeddable":true,"href":"https:\/\/alegerglobal.com\/cs\/wp-json\/wp\/v2\/product_tag?post=34743"}],"curies":[{"name":"wp","href":"https:\/\/api.w.org\/{rel}","templated":true}]}}