{"id":34725,"date":"2019-01-01T05:07:51","date_gmt":"2022-05-19T07:32:23","guid":{"rendered":"https:\/\/alegerglobal.com\/nezarazene\/vh-tpro-x2-montaz-na-vozidlo\/"},"modified":"2022-05-19T08:32:25","modified_gmt":"2022-05-19T07:32:25","slug":"vh-tpro-x2-montaz-na-vozidlo","status":"publish","type":"product","link":"https:\/\/alegerglobal.com\/cs\/shop-cs\/prislusenstvi\/vh-tpro-x2-montaz-na-vozidlo\/","title":{"rendered":"VH TPRO X2 (mont\u00e1\u017e na vozidlo)"},"content":{"rendered":"\t\t<div data-elementor-type=\"product-post\" data-elementor-id=\"34725\" class=\"elementor elementor-34725 elementor-5610\" data-elementor-settings=\"{&quot;ha_cmc_init_switcher&quot;:&quot;no&quot;}\" data-elementor-post-type=\"product\">\n\t\t\t\t\t\t<section class=\"elementor-section elementor-top-section elementor-element elementor-element-283c936 elementor-section-boxed elementor-section-height-default elementor-section-height-default\" data-id=\"283c936\" data-element_type=\"section\" data-settings=\"{&quot;jet_parallax_layout_list&quot;:[],&quot;_ha_eqh_enable&quot;:false}\">\n\t\t\t\t\t\t<div class=\"elementor-container elementor-column-gap-default\">\n\t\t\t\t\t<div class=\"elementor-column elementor-col-100 elementor-top-column elementor-element elementor-element-ce2f067\" data-id=\"ce2f067\" data-element_type=\"column\">\n\t\t\t<div class=\"elementor-widget-wrap elementor-element-populated\">\n\t\t\t\t\t\t<div class=\"elementor-element elementor-element-2effe99 elementor-widget elementor-widget-text-editor\" data-id=\"2effe99\" data-element_type=\"widget\" data-widget_type=\"text-editor.default\">\n\t\t\t\t<div class=\"elementor-widget-container\">\n\t\t\t\t\t\t\t\t\t<ul class=\"list\"><li>Vhodn\u00e9 pro Tab-Ex\u00ae Pro<\/li><li>V\u00fd\u0159ezy pro p\u0159\u00edm\u00fd p\u0159\u00edstup k tla\u010d\u00edtk\u016fm, fotoapar\u00e1tu, stylusu a port\u016fm<\/li><li>Snadn\u00e9 ovl\u00e1d\u00e1n\u00ed jednou rukou:<ul class=\"list\"><li>Vlo\u017ete tablet (nejprve spodn\u00ed stranou) do nab\u00edjec\u00ed stanice shora. Tla\u010dte na horn\u00ed stranu tablety, dokud se tableta nezaklapne do dr\u017e\u00e1ku.<\/li><li>Stiskn\u011bte uvol\u0148ovac\u00ed tla\u010d\u00edtko palcem sm\u011brem nahoru a vyjm\u011bte tablet.<\/li><\/ul><\/li><li>Voliteln\u00fd z\u00e1mek jako ochrana proti kr\u00e1de\u017ei<\/li><li>Vzor otvor\u016f VESA 75 mm; kompatibiln\u00ed s mont\u00e1\u017en\u00edmi syst\u00e9my <a class=\"external-link-new-window\" title=\"\u00d6ffnet internen Link im aktuellen Fenster\" href=\"https:\/\/www.zirkona.de\/\" target=\"_blank\" rel=\"noopener\">Zirkona<\/a> <\/li><li>Mo\u017enost mont\u00e1\u017ee na rovn\u00e9 i svisl\u00e9 povrchy<\/li><li>Lehk\u00e1 konstrukce: 1,1 lbs (cca 490 g)<\/li><\/ul>\t\t\t\t\t\t\t\t<\/div>\n\t\t\t\t<\/div>\n\t\t\t\t\t<\/div>\n\t\t<\/div>\n\t\t\t\t\t<\/div>\n\t\t<\/section>\n\t\t\t\t<\/div>\n\t\t","protected":false},"excerpt":{"rendered":"<p>Dr\u017e\u00e1k Tab-Ex\u00ae Pro do vozidla &#8211; zejm\u00e9na pro \u0159idi\u010de, kte\u0159\u00ed si cen\u00ed snadn\u00e9ho pou\u017e\u00edv\u00e1n\u00ed. I p\u0159i hmotnosti pouh\u00fdch 1,1 lbs (cca 490 g) je tablet v dr\u017e\u00e1ku st\u00e1le zaji\u0161t\u011bn a lze s n\u00edm ovl\u00e1dat v\u0161echny funkce. Fotoapar\u00e1t, stylus a v\u0161echny porty lze pou\u017e\u00edvat, i kdy\u017e je tablet pevn\u011b zaji\u0161t\u011bn v kol\u00e9bce. Integrovan\u00fd z\u00e1mek zabra\u0148uje vyjmut\u00ed tabletu a zvy\u0161uje tak jeho bezpe\u010dnost.<\/p>\n","protected":false},"featured_media":13089,"comment_status":"open","ping_status":"closed","template":"","meta":{"_acf_changed":false},"product_brand":[],"product_cat":[1529,1516],"product_tag":[],"class_list":{"0":"post-34725","1":"product","2":"type-product","3":"status-publish","4":"has-post-thumbnail","6":"product_cat-prislusenstvi","7":"product_cat-shop-cs","8":"pa_hersteller-ecom-cs","10":"first","11":"instock","12":"taxable","13":"shipping-taxable","14":"purchasable","15":"product-type-simple"},"acf":[],"yoast_head":"<!-- This site is optimized with the Yoast SEO Premium plugin v20.10 (Yoast SEO v24.3) - https:\/\/yoast.com\/wordpress\/plugins\/seo\/ -->\n<title>- ALEGER \u22c6 Augmented Reality<\/title>\n<meta name=\"robots\" content=\"index, follow, max-snippet:-1, max-image-preview:large, max-video-preview:-1\" \/>\n<meta property=\"og:locale\" content=\"cs_CZ\" \/>\n<meta property=\"og:type\" content=\"article\" \/>\n<meta property=\"og:title\" content=\"VH TPRO X2 (mont\u00e1\u017e na vozidlo)\" \/>\n<meta property=\"og:description\" content=\"Dr\u017e\u00e1k Tab-Ex\u00ae Pro do vozidla - zejm\u00e9na pro \u0159idi\u010de, kte\u0159\u00ed si cen\u00ed snadn\u00e9ho pou\u017e\u00edv\u00e1n\u00ed. I p\u0159i hmotnosti pouh\u00fdch 1,1 lbs (cca 490 g) je tablet v dr\u017e\u00e1ku st\u00e1le zaji\u0161t\u011bn a lze s n\u00edm ovl\u00e1dat v\u0161echny funkce. Fotoapar\u00e1t, stylus a v\u0161echny porty lze pou\u017e\u00edvat, i kdy\u017e je tablet pevn\u011b zaji\u0161t\u011bn v kol\u00e9bce. Integrovan\u00fd z\u00e1mek zabra\u0148uje vyjmut\u00ed tabletu a zvy\u0161uje tak jeho bezpe\u010dnost.\" \/>\n<meta property=\"og:url\" content=\"https:\/\/alegerglobal.com\/cs\/shop-cs\/prislusenstvi\/vh-tpro-x2-montaz-na-vozidlo\/\" \/>\n<meta property=\"og:site_name\" content=\"ALEGER \u22c6 Augmented Reality\" \/>\n<meta property=\"article:modified_time\" content=\"2022-05-19T07:32:25+00:00\" \/>\n<meta property=\"og:image\" content=\"https:\/\/alegerglobal.com\/wp-content\/uploads\/2019\/01\/Unbenannt-11.jpg\" \/>\n\t<meta property=\"og:image:width\" content=\"800\" \/>\n\t<meta property=\"og:image:height\" content=\"800\" \/>\n\t<meta property=\"og:image:type\" content=\"image\/jpeg\" \/>\n<meta name=\"twitter:card\" content=\"summary_large_image\" \/>\n<meta name=\"twitter:label1\" content=\"Cena\" \/>\n\t<meta name=\"twitter:data1\" content=\"&euro;161,99\" \/>\n\t<meta name=\"twitter:label2\" content=\"Dostupnost\" \/>\n\t<meta name=\"twitter:data2\" content=\"Skladem\" \/>\n<script type=\"application\/ld+json\" class=\"yoast-schema-graph\">{\"@context\":\"https:\/\/schema.org\",\"@graph\":[{\"@type\":\"WebPage\",\"@id\":\"https:\/\/alegerglobal.com\/cs\/shop-cs\/prislusenstvi\/vh-tpro-x2-montaz-na-vozidlo\/\",\"url\":\"https:\/\/alegerglobal.com\/cs\/shop-cs\/prislusenstvi\/vh-tpro-x2-montaz-na-vozidlo\/\",\"name\":\"- ALEGER \u22c6 Augmented Reality\",\"isPartOf\":{\"@id\":\"https:\/\/alegerglobal.com\/cs\/#website\"},\"primaryImageOfPage\":{\"@id\":\"https:\/\/alegerglobal.com\/cs\/shop-cs\/prislusenstvi\/vh-tpro-x2-montaz-na-vozidlo\/#primaryimage\"},\"image\":{\"@id\":\"https:\/\/alegerglobal.com\/cs\/shop-cs\/prislusenstvi\/vh-tpro-x2-montaz-na-vozidlo\/#primaryimage\"},\"thumbnailUrl\":\"https:\/\/alegerglobal.com\/wp-content\/uploads\/2019\/01\/Unbenannt-11.jpg\",\"datePublished\":\"2022-05-19T07:32:23+00:00\",\"dateModified\":\"2022-05-19T07:32:25+00:00\",\"breadcrumb\":{\"@id\":\"https:\/\/alegerglobal.com\/cs\/shop-cs\/prislusenstvi\/vh-tpro-x2-montaz-na-vozidlo\/#breadcrumb\"},\"inLanguage\":\"cs\",\"potentialAction\":[{\"@type\":\"ReadAction\",\"target\":[\"https:\/\/alegerglobal.com\/cs\/shop-cs\/prislusenstvi\/vh-tpro-x2-montaz-na-vozidlo\/\"]}]},{\"@type\":\"ImageObject\",\"inLanguage\":\"cs\",\"@id\":\"https:\/\/alegerglobal.com\/cs\/shop-cs\/prislusenstvi\/vh-tpro-x2-montaz-na-vozidlo\/#primaryimage\",\"url\":\"https:\/\/alegerglobal.com\/wp-content\/uploads\/2019\/01\/Unbenannt-11.jpg\",\"contentUrl\":\"https:\/\/alegerglobal.com\/wp-content\/uploads\/2019\/01\/Unbenannt-11.jpg\",\"width\":800,\"height\":800},{\"@type\":\"BreadcrumbList\",\"@id\":\"https:\/\/alegerglobal.com\/cs\/shop-cs\/prislusenstvi\/vh-tpro-x2-montaz-na-vozidlo\/#breadcrumb\",\"itemListElement\":[{\"@type\":\"ListItem\",\"position\":1,\"name\":\"Home\",\"item\":\"https:\/\/alegerglobal.com\/cs\/novinka-domovska-stranka\/\"},{\"@type\":\"ListItem\",\"position\":2,\"name\":\"Produkty\",\"item\":\"https:\/\/alegerglobal.com\/cs\/produkty\/\"},{\"@type\":\"ListItem\",\"position\":3,\"name\":\"VH TPRO X2 (mont\u00e1\u017e na vozidlo)\"}]},{\"@type\":\"WebSite\",\"@id\":\"https:\/\/alegerglobal.com\/cs\/#website\",\"url\":\"https:\/\/alegerglobal.com\/cs\/\",\"name\":\"ALEGER \u22c6 Augmented Reality\",\"description\":\"Die besten Augmented Reality (AR) L\u00f6sungen der Welt.\",\"publisher\":{\"@id\":\"https:\/\/alegerglobal.com\/cs\/#organization\"},\"potentialAction\":[{\"@type\":\"SearchAction\",\"target\":{\"@type\":\"EntryPoint\",\"urlTemplate\":\"https:\/\/alegerglobal.com\/cs\/?s={search_term_string}\"},\"query-input\":{\"@type\":\"PropertyValueSpecification\",\"valueRequired\":true,\"valueName\":\"search_term_string\"}}],\"inLanguage\":\"cs\"},{\"@type\":\"Organization\",\"@id\":\"https:\/\/alegerglobal.com\/cs\/#organization\",\"name\":\"ALEGER \u22c6 Augmented Reality\",\"url\":\"https:\/\/alegerglobal.com\/cs\/\",\"logo\":{\"@type\":\"ImageObject\",\"inLanguage\":\"cs\",\"@id\":\"https:\/\/alegerglobal.com\/cs\/#\/schema\/logo\/image\/\",\"url\":\"https:\/\/alegerglobal.com\/wp-content\/uploads\/2020\/12\/aleger-logo-quadrat.jpg\",\"contentUrl\":\"https:\/\/alegerglobal.com\/wp-content\/uploads\/2020\/12\/aleger-logo-quadrat.jpg\",\"width\":200,\"height\":176,\"caption\":\"ALEGER \u22c6 Augmented Reality\"},\"image\":{\"@id\":\"https:\/\/alegerglobal.com\/cs\/#\/schema\/logo\/image\/\"}}]}<\/script>\n<meta property=\"product:brand\" content=\"Ecom\" \/>\n<meta property=\"product:price:amount\" content=\"161.99\" \/>\n<meta property=\"product:price:currency\" content=\"EUR\" \/>\n<meta property=\"og:availability\" content=\"instock\" \/>\n<meta property=\"product:availability\" content=\"instock\" \/>\n<meta property=\"product:condition\" content=\"new\" \/>\n<!-- \/ Yoast SEO Premium plugin. -->","yoast_head_json":{"title":"- ALEGER \u22c6 Augmented Reality","robots":{"index":"index","follow":"follow","max-snippet":"max-snippet:-1","max-image-preview":"max-image-preview:large","max-video-preview":"max-video-preview:-1"},"og_locale":"cs_CZ","og_type":"article","og_title":"VH TPRO X2 (mont\u00e1\u017e na vozidlo)","og_description":"Dr\u017e\u00e1k Tab-Ex\u00ae Pro do vozidla - zejm\u00e9na pro \u0159idi\u010de, kte\u0159\u00ed si cen\u00ed snadn\u00e9ho pou\u017e\u00edv\u00e1n\u00ed. I p\u0159i hmotnosti pouh\u00fdch 1,1 lbs (cca 490 g) je tablet v dr\u017e\u00e1ku st\u00e1le zaji\u0161t\u011bn a lze s n\u00edm ovl\u00e1dat v\u0161echny funkce. Fotoapar\u00e1t, stylus a v\u0161echny porty lze pou\u017e\u00edvat, i kdy\u017e je tablet pevn\u011b zaji\u0161t\u011bn v kol\u00e9bce. Integrovan\u00fd z\u00e1mek zabra\u0148uje vyjmut\u00ed tabletu a zvy\u0161uje tak jeho bezpe\u010dnost.","og_url":"https:\/\/alegerglobal.com\/cs\/shop-cs\/prislusenstvi\/vh-tpro-x2-montaz-na-vozidlo\/","og_site_name":"ALEGER \u22c6 Augmented Reality","article_modified_time":"2022-05-19T07:32:25+00:00","og_image":[{"width":800,"height":800,"url":"https:\/\/alegerglobal.com\/wp-content\/uploads\/2019\/01\/Unbenannt-11.jpg","type":"image\/jpeg"}],"twitter_card":"summary_large_image","twitter_misc":{"Cena":"&euro;161,99","Dostupnost":"Skladem"},"schema":{"@context":"https:\/\/schema.org","@graph":[{"@type":"WebPage","@id":"https:\/\/alegerglobal.com\/cs\/shop-cs\/prislusenstvi\/vh-tpro-x2-montaz-na-vozidlo\/","url":"https:\/\/alegerglobal.com\/cs\/shop-cs\/prislusenstvi\/vh-tpro-x2-montaz-na-vozidlo\/","name":"- ALEGER \u22c6 Augmented Reality","isPartOf":{"@id":"https:\/\/alegerglobal.com\/cs\/#website"},"primaryImageOfPage":{"@id":"https:\/\/alegerglobal.com\/cs\/shop-cs\/prislusenstvi\/vh-tpro-x2-montaz-na-vozidlo\/#primaryimage"},"image":{"@id":"https:\/\/alegerglobal.com\/cs\/shop-cs\/prislusenstvi\/vh-tpro-x2-montaz-na-vozidlo\/#primaryimage"},"thumbnailUrl":"https:\/\/alegerglobal.com\/wp-content\/uploads\/2019\/01\/Unbenannt-11.jpg","datePublished":"2022-05-19T07:32:23+00:00","dateModified":"2022-05-19T07:32:25+00:00","breadcrumb":{"@id":"https:\/\/alegerglobal.com\/cs\/shop-cs\/prislusenstvi\/vh-tpro-x2-montaz-na-vozidlo\/#breadcrumb"},"inLanguage":"cs","potentialAction":[{"@type":"ReadAction","target":["https:\/\/alegerglobal.com\/cs\/shop-cs\/prislusenstvi\/vh-tpro-x2-montaz-na-vozidlo\/"]}]},{"@type":"ImageObject","inLanguage":"cs","@id":"https:\/\/alegerglobal.com\/cs\/shop-cs\/prislusenstvi\/vh-tpro-x2-montaz-na-vozidlo\/#primaryimage","url":"https:\/\/alegerglobal.com\/wp-content\/uploads\/2019\/01\/Unbenannt-11.jpg","contentUrl":"https:\/\/alegerglobal.com\/wp-content\/uploads\/2019\/01\/Unbenannt-11.jpg","width":800,"height":800},{"@type":"BreadcrumbList","@id":"https:\/\/alegerglobal.com\/cs\/shop-cs\/prislusenstvi\/vh-tpro-x2-montaz-na-vozidlo\/#breadcrumb","itemListElement":[{"@type":"ListItem","position":1,"name":"Home","item":"https:\/\/alegerglobal.com\/cs\/novinka-domovska-stranka\/"},{"@type":"ListItem","position":2,"name":"Produkty","item":"https:\/\/alegerglobal.com\/cs\/produkty\/"},{"@type":"ListItem","position":3,"name":"VH TPRO X2 (mont\u00e1\u017e na vozidlo)"}]},{"@type":"WebSite","@id":"https:\/\/alegerglobal.com\/cs\/#website","url":"https:\/\/alegerglobal.com\/cs\/","name":"ALEGER \u22c6 Augmented Reality","description":"Die besten Augmented Reality (AR) L\u00f6sungen der Welt.","publisher":{"@id":"https:\/\/alegerglobal.com\/cs\/#organization"},"potentialAction":[{"@type":"SearchAction","target":{"@type":"EntryPoint","urlTemplate":"https:\/\/alegerglobal.com\/cs\/?s={search_term_string}"},"query-input":{"@type":"PropertyValueSpecification","valueRequired":true,"valueName":"search_term_string"}}],"inLanguage":"cs"},{"@type":"Organization","@id":"https:\/\/alegerglobal.com\/cs\/#organization","name":"ALEGER \u22c6 Augmented Reality","url":"https:\/\/alegerglobal.com\/cs\/","logo":{"@type":"ImageObject","inLanguage":"cs","@id":"https:\/\/alegerglobal.com\/cs\/#\/schema\/logo\/image\/","url":"https:\/\/alegerglobal.com\/wp-content\/uploads\/2020\/12\/aleger-logo-quadrat.jpg","contentUrl":"https:\/\/alegerglobal.com\/wp-content\/uploads\/2020\/12\/aleger-logo-quadrat.jpg","width":200,"height":176,"caption":"ALEGER \u22c6 Augmented Reality"},"image":{"@id":"https:\/\/alegerglobal.com\/cs\/#\/schema\/logo\/image\/"}}]},"product_brand":"Ecom","product_price_amount":"161.99","product_price_currency":"EUR","og_availability":"instock","product_availability":"instock","product_condition":"new"},"_links":{"self":[{"href":"https:\/\/alegerglobal.com\/cs\/wp-json\/wp\/v2\/product\/34725","targetHints":{"allow":["GET"]}}],"collection":[{"href":"https:\/\/alegerglobal.com\/cs\/wp-json\/wp\/v2\/product"}],"about":[{"href":"https:\/\/alegerglobal.com\/cs\/wp-json\/wp\/v2\/types\/product"}],"replies":[{"embeddable":true,"href":"https:\/\/alegerglobal.com\/cs\/wp-json\/wp\/v2\/comments?post=34725"}],"version-history":[{"count":1,"href":"https:\/\/alegerglobal.com\/cs\/wp-json\/wp\/v2\/product\/34725\/revisions"}],"predecessor-version":[{"id":34727,"href":"https:\/\/alegerglobal.com\/cs\/wp-json\/wp\/v2\/product\/34725\/revisions\/34727"}],"wp:featuredmedia":[{"embeddable":true,"href":"https:\/\/alegerglobal.com\/cs\/wp-json\/wp\/v2\/media\/13089"}],"wp:attachment":[{"href":"https:\/\/alegerglobal.com\/cs\/wp-json\/wp\/v2\/media?parent=34725"}],"wp:term":[{"taxonomy":"product_brand","embeddable":true,"href":"https:\/\/alegerglobal.com\/cs\/wp-json\/wp\/v2\/product_brand?post=34725"},{"taxonomy":"product_cat","embeddable":true,"href":"https:\/\/alegerglobal.com\/cs\/wp-json\/wp\/v2\/product_cat?post=34725"},{"taxonomy":"product_tag","embeddable":true,"href":"https:\/\/alegerglobal.com\/cs\/wp-json\/wp\/v2\/product_tag?post=34725"}],"curies":[{"name":"wp","href":"https:\/\/api.w.org\/{rel}","templated":true}]}}