{"id":34672,"date":"2025-09-15T15:09:07","date_gmt":"2022-05-19T07:21:06","guid":{"rendered":"https:\/\/alegerglobal.com\/nezarazene\/getac-zx70-ex-tablet-s-ochranou-proti-vybuchu-atex-zona-2-7-displej-android-9-ip67-mil-std-810h\/"},"modified":"2026-03-25T17:15:06","modified_gmt":"2026-03-25T16:15:06","slug":"getac-zx70-ex-2","status":"publish","type":"product","link":"https:\/\/alegerglobal.com\/cs\/mobilni-vypocetni-technika\/getac-zx70-ex-2\/","title":{"rendered":"GETAC ZX70-EX, tablet s ochranou proti v\u00fdbuchu, ATEX z\u00f3na 2, 7&#8243; displej, Android 9, IP67, MIL-STD 810H"},"content":{"rendered":"","protected":false},"excerpt":{"rendered":"<ul>\n<li><b>Odoln\u00fd tablet Atex Zone 2<\/b><\/li>\n<li><b>Modern\u00ed opera\u010dn\u00ed syst\u00e9m:<\/b><span style=\"font-weight: 400;\"> Android 9<\/span><\/li>\n<li><b>Pohodln\u00e1 pr\u00e1ce ve v\u011btru a v nep\u0159\u00edzniv\u00e9m po\u010das\u00ed:<\/b><span style=\"font-weight: 400;\"> 7&#8243; (cca 18 cm) velk\u00fd a neosl\u0148uj\u00edc\u00ed displej IPS s jasem 580 nit\u016f<\/span><\/li>\n<li><b>Snadn\u00e9 ukl\u00e1d\u00e1n\u00ed dat:<\/b><span style=\"font-weight: 400;\"> 64 GB integrovan\u00e9 pam\u011bti<\/span><\/li>\n<li><b>Snadn\u00e9 ovl\u00e1d\u00e1n\u00ed:<\/b><span style=\"font-weight: 400;\"> 5 programovateln\u00fdch tla\u010d\u00edtek<\/span><\/li>\n<li><b>Bluetooth 4<\/b><\/li>\n<li><b>Dob\u0159e vybaven\u00e9 pro virtu\u00e1ln\u00ed sch\u016fzky:<\/b><span style=\"font-weight: 400;\"> 2 MP kamera na p\u0159edn\u00ed stran\u011b pro videokonference a telefonn\u00ed hovory<\/span><\/li>\n<li><b>Dlouh\u00e9 pou\u017e\u00edv\u00e1n\u00ed bez nutnosti v\u00fdm\u011bny baterie nebo dob\u00edjen\u00ed:<\/b><span style=\"font-weight: 400;\"> Integrovan\u00e1 baterie s kapacitou 8480 mAh<\/span><\/li>\n<li><b>N\u00edzk\u00e9 TCO: <\/b><span style=\"font-weight: 400;\">36 m\u011bs\u00edc\u016f z\u00e1ruky od n\u00e1razn\u00edku k n\u00e1razn\u00edku<\/span><\/li>\n<\/ul>\n<ul>\n<li style=\"list-style-type: none;\">\n<\/li>\n<\/ul>\n","protected":false},"featured_media":13337,"comment_status":"open","ping_status":"closed","template":"","meta":{"_acf_changed":false},"product_brand":[],"product_cat":[1527,2625],"product_tag":[],"class_list":{"0":"post-34672","1":"product","2":"type-product","3":"status-publish","4":"has-post-thumbnail","6":"product_cat-atex-cs","7":"product_cat-mobilni-vypocetni-technika","8":"pa_hersteller-getac-cs","10":"first","11":"instock","12":"taxable","13":"shipping-taxable","14":"purchasable","15":"product-type-simple"},"acf":[],"yoast_head":"<!-- This site is optimized with the Yoast SEO Premium plugin v20.10 (Yoast SEO v24.3) - https:\/\/yoast.com\/wordpress\/plugins\/seo\/ -->\n<title>Koupit GETAC ZX70-EX - ALEGER \u22c6 Augmented Reality<\/title>\n<meta name=\"description\" content=\"Objevte odoln\u00fd tablet ZX70-EX pro pou\u017eit\u00ed v z\u00f3n\u011b ATEX 2 zde! Odoln\u00fd tablet m\u00e1 certifikaci IP67!\" \/>\n<meta name=\"robots\" content=\"index, follow, max-snippet:-1, max-image-preview:large, max-video-preview:-1\" \/>\n<meta property=\"og:locale\" content=\"cs_CZ\" \/>\n<meta property=\"og:type\" content=\"article\" \/>\n<meta property=\"og:title\" content=\"GETAC ZX70-EX, tablet s ochranou proti v\u00fdbuchu, ATEX z\u00f3na 2, 7&quot; displej, Android 9, IP67, MIL-STD 810H\" \/>\n<meta property=\"og:description\" content=\"Objevte odoln\u00fd tablet ZX70-EX pro pou\u017eit\u00ed v z\u00f3n\u011b ATEX 2 zde! Odoln\u00fd tablet m\u00e1 certifikaci IP67!\" \/>\n<meta property=\"og:url\" content=\"https:\/\/alegerglobal.com\/cs\/mobilni-vypocetni-technika\/getac-zx70-ex-2\/\" \/>\n<meta property=\"og:site_name\" content=\"ALEGER \u22c6 Augmented Reality\" \/>\n<meta property=\"article:modified_time\" content=\"2026-03-25T16:15:06+00:00\" \/>\n<meta property=\"og:image\" content=\"https:\/\/alegerglobal.com\/wp-content\/uploads\/2021\/03\/Unbenannt-28.jpg\" \/>\n\t<meta property=\"og:image:width\" content=\"800\" \/>\n\t<meta property=\"og:image:height\" content=\"800\" \/>\n\t<meta property=\"og:image:type\" content=\"image\/jpeg\" \/>\n<meta name=\"twitter:card\" content=\"summary_large_image\" \/>\n<meta name=\"twitter:label1\" content=\"Cena\" \/>\n\t<meta name=\"twitter:data1\" content=\"&euro;2.168,99\" \/>\n\t<meta name=\"twitter:label2\" content=\"Dostupnost\" \/>\n\t<meta name=\"twitter:data2\" content=\"Skladem\" \/>\n<script type=\"application\/ld+json\" class=\"yoast-schema-graph\">{\"@context\":\"https:\/\/schema.org\",\"@graph\":[{\"@type\":\"WebPage\",\"@id\":\"https:\/\/alegerglobal.com\/cs\/mobilni-vypocetni-technika\/getac-zx70-ex-2\/\",\"url\":\"https:\/\/alegerglobal.com\/cs\/mobilni-vypocetni-technika\/getac-zx70-ex-2\/\",\"name\":\"Koupit GETAC ZX70-EX - ALEGER \u22c6 Augmented Reality\",\"isPartOf\":{\"@id\":\"https:\/\/alegerglobal.com\/cs\/#website\"},\"primaryImageOfPage\":{\"@id\":\"https:\/\/alegerglobal.com\/cs\/mobilni-vypocetni-technika\/getac-zx70-ex-2\/#primaryimage\"},\"image\":{\"@id\":\"https:\/\/alegerglobal.com\/cs\/mobilni-vypocetni-technika\/getac-zx70-ex-2\/#primaryimage\"},\"thumbnailUrl\":\"https:\/\/alegerglobal.com\/wp-content\/uploads\/2021\/03\/Unbenannt-28.jpg\",\"datePublished\":\"2022-05-19T07:21:06+00:00\",\"dateModified\":\"2026-03-25T16:15:06+00:00\",\"description\":\"Objevte odoln\u00fd tablet ZX70-EX pro pou\u017eit\u00ed v z\u00f3n\u011b ATEX 2 zde! Odoln\u00fd tablet m\u00e1 certifikaci IP67!\",\"breadcrumb\":{\"@id\":\"https:\/\/alegerglobal.com\/cs\/mobilni-vypocetni-technika\/getac-zx70-ex-2\/#breadcrumb\"},\"inLanguage\":\"cs\",\"potentialAction\":[{\"@type\":\"ReadAction\",\"target\":[\"https:\/\/alegerglobal.com\/cs\/mobilni-vypocetni-technika\/getac-zx70-ex-2\/\"]}]},{\"@type\":\"ImageObject\",\"inLanguage\":\"cs\",\"@id\":\"https:\/\/alegerglobal.com\/cs\/mobilni-vypocetni-technika\/getac-zx70-ex-2\/#primaryimage\",\"url\":\"https:\/\/alegerglobal.com\/wp-content\/uploads\/2021\/03\/Unbenannt-28.jpg\",\"contentUrl\":\"https:\/\/alegerglobal.com\/wp-content\/uploads\/2021\/03\/Unbenannt-28.jpg\",\"width\":800,\"height\":800},{\"@type\":\"BreadcrumbList\",\"@id\":\"https:\/\/alegerglobal.com\/cs\/mobilni-vypocetni-technika\/getac-zx70-ex-2\/#breadcrumb\",\"itemListElement\":[{\"@type\":\"ListItem\",\"position\":1,\"name\":\"Home\",\"item\":\"https:\/\/alegerglobal.com\/cs\/novinka-domovska-stranka\/\"},{\"@type\":\"ListItem\",\"position\":2,\"name\":\"Produkty\",\"item\":\"https:\/\/alegerglobal.com\/cs\/produkty\/\"},{\"@type\":\"ListItem\",\"position\":3,\"name\":\"GETAC ZX70-EX, tablet s ochranou proti v\u00fdbuchu, ATEX z\u00f3na 2, 7&#8243; displej, Android 9, IP67, MIL-STD 810H\"}]},{\"@type\":\"WebSite\",\"@id\":\"https:\/\/alegerglobal.com\/cs\/#website\",\"url\":\"https:\/\/alegerglobal.com\/cs\/\",\"name\":\"ALEGER \u22c6 Augmented Reality\",\"description\":\"Die besten Augmented Reality (AR) L\u00f6sungen der Welt.\",\"publisher\":{\"@id\":\"https:\/\/alegerglobal.com\/cs\/#organization\"},\"potentialAction\":[{\"@type\":\"SearchAction\",\"target\":{\"@type\":\"EntryPoint\",\"urlTemplate\":\"https:\/\/alegerglobal.com\/cs\/?s={search_term_string}\"},\"query-input\":{\"@type\":\"PropertyValueSpecification\",\"valueRequired\":true,\"valueName\":\"search_term_string\"}}],\"inLanguage\":\"cs\"},{\"@type\":\"Organization\",\"@id\":\"https:\/\/alegerglobal.com\/cs\/#organization\",\"name\":\"ALEGER \u22c6 Augmented Reality\",\"url\":\"https:\/\/alegerglobal.com\/cs\/\",\"logo\":{\"@type\":\"ImageObject\",\"inLanguage\":\"cs\",\"@id\":\"https:\/\/alegerglobal.com\/cs\/#\/schema\/logo\/image\/\",\"url\":\"https:\/\/alegerglobal.com\/wp-content\/uploads\/2020\/12\/aleger-logo-quadrat.jpg\",\"contentUrl\":\"https:\/\/alegerglobal.com\/wp-content\/uploads\/2020\/12\/aleger-logo-quadrat.jpg\",\"width\":200,\"height\":176,\"caption\":\"ALEGER \u22c6 Augmented Reality\"},\"image\":{\"@id\":\"https:\/\/alegerglobal.com\/cs\/#\/schema\/logo\/image\/\"}}]}<\/script>\n<meta property=\"product:brand\" content=\"Getac\" \/>\n<meta property=\"product:price:amount\" content=\"2168.99\" \/>\n<meta property=\"product:price:currency\" content=\"EUR\" \/>\n<meta property=\"og:availability\" content=\"instock\" \/>\n<meta property=\"product:availability\" content=\"instock\" \/>\n<meta property=\"product:condition\" content=\"new\" \/>\n<!-- \/ Yoast SEO Premium plugin. -->","yoast_head_json":{"title":"Koupit GETAC ZX70-EX - ALEGER \u22c6 Augmented Reality","description":"Objevte odoln\u00fd tablet ZX70-EX pro pou\u017eit\u00ed v z\u00f3n\u011b ATEX 2 zde! Odoln\u00fd tablet m\u00e1 certifikaci IP67!","robots":{"index":"index","follow":"follow","max-snippet":"max-snippet:-1","max-image-preview":"max-image-preview:large","max-video-preview":"max-video-preview:-1"},"og_locale":"cs_CZ","og_type":"article","og_title":"GETAC ZX70-EX, tablet s ochranou proti v\u00fdbuchu, ATEX z\u00f3na 2, 7\" displej, Android 9, IP67, MIL-STD 810H","og_description":"Objevte odoln\u00fd tablet ZX70-EX pro pou\u017eit\u00ed v z\u00f3n\u011b ATEX 2 zde! Odoln\u00fd tablet m\u00e1 certifikaci IP67!","og_url":"https:\/\/alegerglobal.com\/cs\/mobilni-vypocetni-technika\/getac-zx70-ex-2\/","og_site_name":"ALEGER \u22c6 Augmented Reality","article_modified_time":"2026-03-25T16:15:06+00:00","og_image":[{"width":800,"height":800,"url":"https:\/\/alegerglobal.com\/wp-content\/uploads\/2021\/03\/Unbenannt-28.jpg","type":"image\/jpeg"}],"twitter_card":"summary_large_image","twitter_misc":{"Cena":"&euro;2.168,99","Dostupnost":"Skladem"},"schema":{"@context":"https:\/\/schema.org","@graph":[{"@type":"WebPage","@id":"https:\/\/alegerglobal.com\/cs\/mobilni-vypocetni-technika\/getac-zx70-ex-2\/","url":"https:\/\/alegerglobal.com\/cs\/mobilni-vypocetni-technika\/getac-zx70-ex-2\/","name":"Koupit GETAC ZX70-EX - ALEGER \u22c6 Augmented Reality","isPartOf":{"@id":"https:\/\/alegerglobal.com\/cs\/#website"},"primaryImageOfPage":{"@id":"https:\/\/alegerglobal.com\/cs\/mobilni-vypocetni-technika\/getac-zx70-ex-2\/#primaryimage"},"image":{"@id":"https:\/\/alegerglobal.com\/cs\/mobilni-vypocetni-technika\/getac-zx70-ex-2\/#primaryimage"},"thumbnailUrl":"https:\/\/alegerglobal.com\/wp-content\/uploads\/2021\/03\/Unbenannt-28.jpg","datePublished":"2022-05-19T07:21:06+00:00","dateModified":"2026-03-25T16:15:06+00:00","description":"Objevte odoln\u00fd tablet ZX70-EX pro pou\u017eit\u00ed v z\u00f3n\u011b ATEX 2 zde! Odoln\u00fd tablet m\u00e1 certifikaci IP67!","breadcrumb":{"@id":"https:\/\/alegerglobal.com\/cs\/mobilni-vypocetni-technika\/getac-zx70-ex-2\/#breadcrumb"},"inLanguage":"cs","potentialAction":[{"@type":"ReadAction","target":["https:\/\/alegerglobal.com\/cs\/mobilni-vypocetni-technika\/getac-zx70-ex-2\/"]}]},{"@type":"ImageObject","inLanguage":"cs","@id":"https:\/\/alegerglobal.com\/cs\/mobilni-vypocetni-technika\/getac-zx70-ex-2\/#primaryimage","url":"https:\/\/alegerglobal.com\/wp-content\/uploads\/2021\/03\/Unbenannt-28.jpg","contentUrl":"https:\/\/alegerglobal.com\/wp-content\/uploads\/2021\/03\/Unbenannt-28.jpg","width":800,"height":800},{"@type":"BreadcrumbList","@id":"https:\/\/alegerglobal.com\/cs\/mobilni-vypocetni-technika\/getac-zx70-ex-2\/#breadcrumb","itemListElement":[{"@type":"ListItem","position":1,"name":"Home","item":"https:\/\/alegerglobal.com\/cs\/novinka-domovska-stranka\/"},{"@type":"ListItem","position":2,"name":"Produkty","item":"https:\/\/alegerglobal.com\/cs\/produkty\/"},{"@type":"ListItem","position":3,"name":"GETAC ZX70-EX, tablet s ochranou proti v\u00fdbuchu, ATEX z\u00f3na 2, 7&#8243; displej, Android 9, IP67, MIL-STD 810H"}]},{"@type":"WebSite","@id":"https:\/\/alegerglobal.com\/cs\/#website","url":"https:\/\/alegerglobal.com\/cs\/","name":"ALEGER \u22c6 Augmented Reality","description":"Die besten Augmented Reality (AR) L\u00f6sungen der Welt.","publisher":{"@id":"https:\/\/alegerglobal.com\/cs\/#organization"},"potentialAction":[{"@type":"SearchAction","target":{"@type":"EntryPoint","urlTemplate":"https:\/\/alegerglobal.com\/cs\/?s={search_term_string}"},"query-input":{"@type":"PropertyValueSpecification","valueRequired":true,"valueName":"search_term_string"}}],"inLanguage":"cs"},{"@type":"Organization","@id":"https:\/\/alegerglobal.com\/cs\/#organization","name":"ALEGER \u22c6 Augmented Reality","url":"https:\/\/alegerglobal.com\/cs\/","logo":{"@type":"ImageObject","inLanguage":"cs","@id":"https:\/\/alegerglobal.com\/cs\/#\/schema\/logo\/image\/","url":"https:\/\/alegerglobal.com\/wp-content\/uploads\/2020\/12\/aleger-logo-quadrat.jpg","contentUrl":"https:\/\/alegerglobal.com\/wp-content\/uploads\/2020\/12\/aleger-logo-quadrat.jpg","width":200,"height":176,"caption":"ALEGER \u22c6 Augmented Reality"},"image":{"@id":"https:\/\/alegerglobal.com\/cs\/#\/schema\/logo\/image\/"}}]},"product_brand":"Getac","product_price_amount":"2168.99","product_price_currency":"EUR","og_availability":"instock","product_availability":"instock","product_condition":"new"},"_links":{"self":[{"href":"https:\/\/alegerglobal.com\/cs\/wp-json\/wp\/v2\/product\/34672","targetHints":{"allow":["GET"]}}],"collection":[{"href":"https:\/\/alegerglobal.com\/cs\/wp-json\/wp\/v2\/product"}],"about":[{"href":"https:\/\/alegerglobal.com\/cs\/wp-json\/wp\/v2\/types\/product"}],"replies":[{"embeddable":true,"href":"https:\/\/alegerglobal.com\/cs\/wp-json\/wp\/v2\/comments?post=34672"}],"version-history":[{"count":1,"href":"https:\/\/alegerglobal.com\/cs\/wp-json\/wp\/v2\/product\/34672\/revisions"}],"predecessor-version":[{"id":54067,"href":"https:\/\/alegerglobal.com\/cs\/wp-json\/wp\/v2\/product\/34672\/revisions\/54067"}],"wp:featuredmedia":[{"embeddable":true,"href":"https:\/\/alegerglobal.com\/cs\/wp-json\/wp\/v2\/media\/13337"}],"wp:attachment":[{"href":"https:\/\/alegerglobal.com\/cs\/wp-json\/wp\/v2\/media?parent=34672"}],"wp:term":[{"taxonomy":"product_brand","embeddable":true,"href":"https:\/\/alegerglobal.com\/cs\/wp-json\/wp\/v2\/product_brand?post=34672"},{"taxonomy":"product_cat","embeddable":true,"href":"https:\/\/alegerglobal.com\/cs\/wp-json\/wp\/v2\/product_cat?post=34672"},{"taxonomy":"product_tag","embeddable":true,"href":"https:\/\/alegerglobal.com\/cs\/wp-json\/wp\/v2\/product_tag?post=34672"}],"curies":[{"name":"wp","href":"https:\/\/api.w.org\/{rel}","templated":true}]}}