{"id":34670,"date":"2021-03-07T08:01:07","date_gmt":"2022-05-19T07:21:01","guid":{"rendered":"https:\/\/alegerglobal.com\/nezarazene\/ctecka-carovych-kodu-is-th1xx-rg-od-i-safe-mobile-s-prumyslovym-smartphonem-is530-rg-ip68-45-gorilla-glass-android-9\/"},"modified":"2022-05-19T08:21:01","modified_gmt":"2022-05-19T07:21:01","slug":"isafe-barcode-scanner-is-th1xx-rg-2","status":"publish","type":"product","link":"https:\/\/alegerglobal.com\/cs\/shop-cs\/gadgets-cs\/isafe-barcode-scanner-is-th1xx-rg-2\/","title":{"rendered":"\u010cte\u010dka \u010d\u00e1rov\u00fdch k\u00f3d\u016f IS-TH1xx.RG od i.safe MOBILE s pr\u016fmyslov\u00fdm smartphonem IS530.RG, IP68, 4,5&#8243;, Gorilla Glass, Android 9"},"content":{"rendered":"","protected":false},"excerpt":{"rendered":"<ul>\n<li><b>Pr\u016fmyslov\u00fd smartphone a sn\u00edma\u010d \u010d\u00e1rov\u00fdch k\u00f3d\u016f:<\/b><span style=\"font-weight: 400;\"> IS530.RG a IS-TH1xx.1 v praktick\u00e9 sad\u011b <\/span> <\/li>\n<li><b>Skenov\u00e1n\u00ed \u010d\u00e1rov\u00fdch k\u00f3d\u016f:<\/b><span style=\"font-weight: 400;\"> Skener \u010dte 1D a 2D \u010d\u00e1rov\u00e9 k\u00f3dy ze vzd\u00e1lenosti a\u017e 15 m.<\/span><\/li>\n<li><b>Odoln\u00fd smartphone:<\/b><span style=\"font-weight: 400;\"> IS530.RG s certifikac\u00ed IP68<\/span><\/li>\n<li><b>Velk\u00fd displej:<\/b><span style=\"font-weight: 400;\"> 4,5&#8243; displej z nerozbitn\u00e9ho skla Gorilla Glass<\/span><\/li>\n<li><b>Modern\u00ed opera\u010dn\u00ed syst\u00e9m:<\/b><span style=\"font-weight: 400;\"> Smartphone pracuje s opera\u010dn\u00edm syst\u00e9mem Android 9<\/span><\/li>\n<\/ul>\n","protected":false},"featured_media":15346,"comment_status":"open","ping_status":"closed","template":"","meta":{"_acf_changed":false},"product_brand":[],"product_cat":[1532,1516,1539],"product_tag":[],"class_list":{"0":"post-34670","1":"product","2":"type-product","3":"status-publish","4":"has-post-thumbnail","6":"product_cat-gadgets-cs","7":"product_cat-shop-cs","8":"product_cat-prumyslovy-smartphone","9":"pa_hersteller-i-safe-cs","11":"first","12":"instock","13":"taxable","14":"shipping-taxable","15":"product-type-simple"},"acf":[],"yoast_head":"<!-- This site is optimized with the Yoast SEO Premium plugin v20.10 (Yoast SEO v24.3) - https:\/\/yoast.com\/wordpress\/plugins\/seo\/ -->\n<title>Koupit Skener \u010d\u00e1rov\u00fdch k\u00f3d\u016f IS-TH1xx.RG - ALEGER \u22c6 Augmented Reality<\/title>\n<meta name=\"description\" content=\"Pr\u016fmyslov\u00fd chytr\u00fd telefon IS530.RG v sad\u011b se sn\u00edma\u010dem \u010d\u00e1rov\u00fdch k\u00f3d\u016f IS.THxx.RG poskytuje v\u00fdkonnou kombinaci t\u011bchto funkc\u00ed\" \/>\n<meta name=\"robots\" content=\"index, follow, max-snippet:-1, max-image-preview:large, max-video-preview:-1\" \/>\n<meta property=\"og:locale\" content=\"cs_CZ\" \/>\n<meta property=\"og:type\" content=\"article\" \/>\n<meta property=\"og:title\" content=\"\u010cte\u010dka \u010d\u00e1rov\u00fdch k\u00f3d\u016f IS-TH1xx.RG od i.safe MOBILE s pr\u016fmyslov\u00fdm smartphonem IS530.RG, IP68, 4,5&quot;, Gorilla Glass, Android 9\" \/>\n<meta property=\"og:description\" content=\"Pr\u016fmyslov\u00fd chytr\u00fd telefon IS530.RG v sad\u011b se sn\u00edma\u010dem \u010d\u00e1rov\u00fdch k\u00f3d\u016f IS.THxx.RG poskytuje v\u00fdkonnou kombinaci t\u011bchto funkc\u00ed\" \/>\n<meta property=\"og:url\" content=\"https:\/\/alegerglobal.com\/cs\/shop-cs\/gadgets-cs\/isafe-barcode-scanner-is-th1xx-rg-2\/\" \/>\n<meta property=\"og:site_name\" content=\"ALEGER \u22c6 Augmented Reality\" \/>\n<meta property=\"og:image\" content=\"https:\/\/alegerglobal.com\/wp-content\/uploads\/2021\/03\/Unbenannt-108.jpg\" \/>\n\t<meta property=\"og:image:width\" content=\"800\" \/>\n\t<meta property=\"og:image:height\" content=\"800\" \/>\n\t<meta property=\"og:image:type\" content=\"image\/jpeg\" \/>\n<meta name=\"twitter:card\" content=\"summary_large_image\" \/>\n<meta name=\"twitter:label1\" content=\"Cena\" \/>\n\t<meta name=\"twitter:data1\" content=\"\" \/>\n\t<meta name=\"twitter:label2\" content=\"Dostupnost\" \/>\n\t<meta name=\"twitter:data2\" content=\"Skladem\" \/>\n<script type=\"application\/ld+json\" class=\"yoast-schema-graph\">{\"@context\":\"https:\/\/schema.org\",\"@graph\":[{\"@type\":\"WebPage\",\"@id\":\"https:\/\/alegerglobal.com\/cs\/shop-cs\/gadgets-cs\/isafe-barcode-scanner-is-th1xx-rg-2\/\",\"url\":\"https:\/\/alegerglobal.com\/cs\/shop-cs\/gadgets-cs\/isafe-barcode-scanner-is-th1xx-rg-2\/\",\"name\":\"Koupit Skener \u010d\u00e1rov\u00fdch k\u00f3d\u016f IS-TH1xx.RG - ALEGER \u22c6 Augmented Reality\",\"isPartOf\":{\"@id\":\"https:\/\/alegerglobal.com\/cs\/#website\"},\"primaryImageOfPage\":{\"@id\":\"https:\/\/alegerglobal.com\/cs\/shop-cs\/gadgets-cs\/isafe-barcode-scanner-is-th1xx-rg-2\/#primaryimage\"},\"image\":{\"@id\":\"https:\/\/alegerglobal.com\/cs\/shop-cs\/gadgets-cs\/isafe-barcode-scanner-is-th1xx-rg-2\/#primaryimage\"},\"thumbnailUrl\":\"https:\/\/alegerglobal.com\/wp-content\/uploads\/2021\/03\/Unbenannt-108.jpg\",\"datePublished\":\"2022-05-19T07:21:01+00:00\",\"dateModified\":\"2022-05-19T07:21:01+00:00\",\"description\":\"Pr\u016fmyslov\u00fd chytr\u00fd telefon IS530.RG v sad\u011b se sn\u00edma\u010dem \u010d\u00e1rov\u00fdch k\u00f3d\u016f IS.THxx.RG poskytuje v\u00fdkonnou kombinaci t\u011bchto funkc\u00ed\",\"breadcrumb\":{\"@id\":\"https:\/\/alegerglobal.com\/cs\/shop-cs\/gadgets-cs\/isafe-barcode-scanner-is-th1xx-rg-2\/#breadcrumb\"},\"inLanguage\":\"cs\",\"potentialAction\":[{\"@type\":\"ReadAction\",\"target\":[\"https:\/\/alegerglobal.com\/cs\/shop-cs\/gadgets-cs\/isafe-barcode-scanner-is-th1xx-rg-2\/\"]}]},{\"@type\":\"ImageObject\",\"inLanguage\":\"cs\",\"@id\":\"https:\/\/alegerglobal.com\/cs\/shop-cs\/gadgets-cs\/isafe-barcode-scanner-is-th1xx-rg-2\/#primaryimage\",\"url\":\"https:\/\/alegerglobal.com\/wp-content\/uploads\/2021\/03\/Unbenannt-108.jpg\",\"contentUrl\":\"https:\/\/alegerglobal.com\/wp-content\/uploads\/2021\/03\/Unbenannt-108.jpg\",\"width\":800,\"height\":800},{\"@type\":\"BreadcrumbList\",\"@id\":\"https:\/\/alegerglobal.com\/cs\/shop-cs\/gadgets-cs\/isafe-barcode-scanner-is-th1xx-rg-2\/#breadcrumb\",\"itemListElement\":[{\"@type\":\"ListItem\",\"position\":1,\"name\":\"Home\",\"item\":\"https:\/\/alegerglobal.com\/cs\/novinka-domovska-stranka\/\"},{\"@type\":\"ListItem\",\"position\":2,\"name\":\"Produkty\",\"item\":\"https:\/\/alegerglobal.com\/cs\/produkty\/\"},{\"@type\":\"ListItem\",\"position\":3,\"name\":\"\u010cte\u010dka \u010d\u00e1rov\u00fdch k\u00f3d\u016f IS-TH1xx.RG od i.safe MOBILE s pr\u016fmyslov\u00fdm smartphonem IS530.RG, IP68, 4,5&#8243;, Gorilla Glass, Android 9\"}]},{\"@type\":\"WebSite\",\"@id\":\"https:\/\/alegerglobal.com\/cs\/#website\",\"url\":\"https:\/\/alegerglobal.com\/cs\/\",\"name\":\"ALEGER \u22c6 Augmented Reality\",\"description\":\"Die besten Augmented Reality (AR) L\u00f6sungen der Welt.\",\"publisher\":{\"@id\":\"https:\/\/alegerglobal.com\/cs\/#organization\"},\"potentialAction\":[{\"@type\":\"SearchAction\",\"target\":{\"@type\":\"EntryPoint\",\"urlTemplate\":\"https:\/\/alegerglobal.com\/cs\/?s={search_term_string}\"},\"query-input\":{\"@type\":\"PropertyValueSpecification\",\"valueRequired\":true,\"valueName\":\"search_term_string\"}}],\"inLanguage\":\"cs\"},{\"@type\":\"Organization\",\"@id\":\"https:\/\/alegerglobal.com\/cs\/#organization\",\"name\":\"ALEGER \u22c6 Augmented Reality\",\"url\":\"https:\/\/alegerglobal.com\/cs\/\",\"logo\":{\"@type\":\"ImageObject\",\"inLanguage\":\"cs\",\"@id\":\"https:\/\/alegerglobal.com\/cs\/#\/schema\/logo\/image\/\",\"url\":\"https:\/\/alegerglobal.com\/wp-content\/uploads\/2020\/12\/aleger-logo-quadrat.jpg\",\"contentUrl\":\"https:\/\/alegerglobal.com\/wp-content\/uploads\/2020\/12\/aleger-logo-quadrat.jpg\",\"width\":200,\"height\":176,\"caption\":\"ALEGER \u22c6 Augmented Reality\"},\"image\":{\"@id\":\"https:\/\/alegerglobal.com\/cs\/#\/schema\/logo\/image\/\"}}]}<\/script>\n<meta property=\"product:brand\" content=\"i.safe MOBILE\" \/>\n<meta property=\"product:price:amount\" content=\"0.00\" \/>\n<meta property=\"product:price:currency\" content=\"EUR\" \/>\n<meta property=\"og:availability\" content=\"instock\" \/>\n<meta property=\"product:availability\" content=\"instock\" \/>\n<meta property=\"product:condition\" content=\"new\" \/>\n<!-- \/ Yoast SEO Premium plugin. -->","yoast_head_json":{"title":"Koupit Skener \u010d\u00e1rov\u00fdch k\u00f3d\u016f IS-TH1xx.RG - ALEGER \u22c6 Augmented Reality","description":"Pr\u016fmyslov\u00fd chytr\u00fd telefon IS530.RG v sad\u011b se sn\u00edma\u010dem \u010d\u00e1rov\u00fdch k\u00f3d\u016f IS.THxx.RG poskytuje v\u00fdkonnou kombinaci t\u011bchto funkc\u00ed","robots":{"index":"index","follow":"follow","max-snippet":"max-snippet:-1","max-image-preview":"max-image-preview:large","max-video-preview":"max-video-preview:-1"},"og_locale":"cs_CZ","og_type":"article","og_title":"\u010cte\u010dka \u010d\u00e1rov\u00fdch k\u00f3d\u016f IS-TH1xx.RG od i.safe MOBILE s pr\u016fmyslov\u00fdm smartphonem IS530.RG, IP68, 4,5\", Gorilla Glass, Android 9","og_description":"Pr\u016fmyslov\u00fd chytr\u00fd telefon IS530.RG v sad\u011b se sn\u00edma\u010dem \u010d\u00e1rov\u00fdch k\u00f3d\u016f IS.THxx.RG poskytuje v\u00fdkonnou kombinaci t\u011bchto funkc\u00ed","og_url":"https:\/\/alegerglobal.com\/cs\/shop-cs\/gadgets-cs\/isafe-barcode-scanner-is-th1xx-rg-2\/","og_site_name":"ALEGER \u22c6 Augmented Reality","og_image":[{"width":800,"height":800,"url":"https:\/\/alegerglobal.com\/wp-content\/uploads\/2021\/03\/Unbenannt-108.jpg","type":"image\/jpeg"}],"twitter_card":"summary_large_image","twitter_misc":{"Cena":"","Dostupnost":"Skladem"},"schema":{"@context":"https:\/\/schema.org","@graph":[{"@type":"WebPage","@id":"https:\/\/alegerglobal.com\/cs\/shop-cs\/gadgets-cs\/isafe-barcode-scanner-is-th1xx-rg-2\/","url":"https:\/\/alegerglobal.com\/cs\/shop-cs\/gadgets-cs\/isafe-barcode-scanner-is-th1xx-rg-2\/","name":"Koupit Skener \u010d\u00e1rov\u00fdch k\u00f3d\u016f IS-TH1xx.RG - ALEGER \u22c6 Augmented Reality","isPartOf":{"@id":"https:\/\/alegerglobal.com\/cs\/#website"},"primaryImageOfPage":{"@id":"https:\/\/alegerglobal.com\/cs\/shop-cs\/gadgets-cs\/isafe-barcode-scanner-is-th1xx-rg-2\/#primaryimage"},"image":{"@id":"https:\/\/alegerglobal.com\/cs\/shop-cs\/gadgets-cs\/isafe-barcode-scanner-is-th1xx-rg-2\/#primaryimage"},"thumbnailUrl":"https:\/\/alegerglobal.com\/wp-content\/uploads\/2021\/03\/Unbenannt-108.jpg","datePublished":"2022-05-19T07:21:01+00:00","dateModified":"2022-05-19T07:21:01+00:00","description":"Pr\u016fmyslov\u00fd chytr\u00fd telefon IS530.RG v sad\u011b se sn\u00edma\u010dem \u010d\u00e1rov\u00fdch k\u00f3d\u016f IS.THxx.RG poskytuje v\u00fdkonnou kombinaci t\u011bchto funkc\u00ed","breadcrumb":{"@id":"https:\/\/alegerglobal.com\/cs\/shop-cs\/gadgets-cs\/isafe-barcode-scanner-is-th1xx-rg-2\/#breadcrumb"},"inLanguage":"cs","potentialAction":[{"@type":"ReadAction","target":["https:\/\/alegerglobal.com\/cs\/shop-cs\/gadgets-cs\/isafe-barcode-scanner-is-th1xx-rg-2\/"]}]},{"@type":"ImageObject","inLanguage":"cs","@id":"https:\/\/alegerglobal.com\/cs\/shop-cs\/gadgets-cs\/isafe-barcode-scanner-is-th1xx-rg-2\/#primaryimage","url":"https:\/\/alegerglobal.com\/wp-content\/uploads\/2021\/03\/Unbenannt-108.jpg","contentUrl":"https:\/\/alegerglobal.com\/wp-content\/uploads\/2021\/03\/Unbenannt-108.jpg","width":800,"height":800},{"@type":"BreadcrumbList","@id":"https:\/\/alegerglobal.com\/cs\/shop-cs\/gadgets-cs\/isafe-barcode-scanner-is-th1xx-rg-2\/#breadcrumb","itemListElement":[{"@type":"ListItem","position":1,"name":"Home","item":"https:\/\/alegerglobal.com\/cs\/novinka-domovska-stranka\/"},{"@type":"ListItem","position":2,"name":"Produkty","item":"https:\/\/alegerglobal.com\/cs\/produkty\/"},{"@type":"ListItem","position":3,"name":"\u010cte\u010dka \u010d\u00e1rov\u00fdch k\u00f3d\u016f IS-TH1xx.RG od i.safe MOBILE s pr\u016fmyslov\u00fdm smartphonem IS530.RG, IP68, 4,5&#8243;, Gorilla Glass, Android 9"}]},{"@type":"WebSite","@id":"https:\/\/alegerglobal.com\/cs\/#website","url":"https:\/\/alegerglobal.com\/cs\/","name":"ALEGER \u22c6 Augmented Reality","description":"Die besten Augmented Reality (AR) L\u00f6sungen der Welt.","publisher":{"@id":"https:\/\/alegerglobal.com\/cs\/#organization"},"potentialAction":[{"@type":"SearchAction","target":{"@type":"EntryPoint","urlTemplate":"https:\/\/alegerglobal.com\/cs\/?s={search_term_string}"},"query-input":{"@type":"PropertyValueSpecification","valueRequired":true,"valueName":"search_term_string"}}],"inLanguage":"cs"},{"@type":"Organization","@id":"https:\/\/alegerglobal.com\/cs\/#organization","name":"ALEGER \u22c6 Augmented Reality","url":"https:\/\/alegerglobal.com\/cs\/","logo":{"@type":"ImageObject","inLanguage":"cs","@id":"https:\/\/alegerglobal.com\/cs\/#\/schema\/logo\/image\/","url":"https:\/\/alegerglobal.com\/wp-content\/uploads\/2020\/12\/aleger-logo-quadrat.jpg","contentUrl":"https:\/\/alegerglobal.com\/wp-content\/uploads\/2020\/12\/aleger-logo-quadrat.jpg","width":200,"height":176,"caption":"ALEGER \u22c6 Augmented Reality"},"image":{"@id":"https:\/\/alegerglobal.com\/cs\/#\/schema\/logo\/image\/"}}]},"product_brand":"i.safe MOBILE","product_price_amount":"0.00","product_price_currency":"EUR","og_availability":"instock","product_availability":"instock","product_condition":"new"},"_links":{"self":[{"href":"https:\/\/alegerglobal.com\/cs\/wp-json\/wp\/v2\/product\/34670","targetHints":{"allow":["GET"]}}],"collection":[{"href":"https:\/\/alegerglobal.com\/cs\/wp-json\/wp\/v2\/product"}],"about":[{"href":"https:\/\/alegerglobal.com\/cs\/wp-json\/wp\/v2\/types\/product"}],"replies":[{"embeddable":true,"href":"https:\/\/alegerglobal.com\/cs\/wp-json\/wp\/v2\/comments?post=34670"}],"version-history":[{"count":0,"href":"https:\/\/alegerglobal.com\/cs\/wp-json\/wp\/v2\/product\/34670\/revisions"}],"wp:featuredmedia":[{"embeddable":true,"href":"https:\/\/alegerglobal.com\/cs\/wp-json\/wp\/v2\/media\/15346"}],"wp:attachment":[{"href":"https:\/\/alegerglobal.com\/cs\/wp-json\/wp\/v2\/media?parent=34670"}],"wp:term":[{"taxonomy":"product_brand","embeddable":true,"href":"https:\/\/alegerglobal.com\/cs\/wp-json\/wp\/v2\/product_brand?post=34670"},{"taxonomy":"product_cat","embeddable":true,"href":"https:\/\/alegerglobal.com\/cs\/wp-json\/wp\/v2\/product_cat?post=34670"},{"taxonomy":"product_tag","embeddable":true,"href":"https:\/\/alegerglobal.com\/cs\/wp-json\/wp\/v2\/product_tag?post=34670"}],"curies":[{"name":"wp","href":"https:\/\/api.w.org\/{rel}","templated":true}]}}