{"id":34667,"date":"2021-03-12T03:00:00","date_gmt":"2022-05-19T07:20:56","guid":{"rendered":"https:\/\/alegerglobal.com\/nezarazene\/epson-moverio-bt-40-chytre-bryle-zorne-pole-34-stupnu-oled-60-hz-24-bitu\/"},"modified":"2022-05-19T08:20:56","modified_gmt":"2022-05-19T07:20:56","slug":"epson-moverio-bt40-2","status":"publish","type":"product","link":"https:\/\/alegerglobal.com\/cs\/shop-cs\/epson-moverio-bt40-2\/","title":{"rendered":"Epson Moverio BT-40, chytr\u00e9 br\u00fdle, zorn\u00e9 pole 34 stup\u0148\u016f, OLED 60 HZ, 24 bit\u016f"},"content":{"rendered":"","protected":false},"excerpt":{"rendered":"<ul>\n<li style=\"font-weight: 400;\" aria-level=\"1\"><b>Pracujte dlouh\u00e9 hodiny bez \u00fanavy:<\/b><span style=\"font-weight: 400;\"> Displej OLED s vysok\u00fdm rozli\u0161en\u00edm, 34stup\u0148ov\u00fdm zorn\u00fdm polem a 24bitovou barevnou hloubkou<\/span><\/li>\n<li style=\"font-weight: 400;\" aria-level=\"1\"><b>Snadn\u00e9 pou\u017eit\u00ed:<\/b><span style=\"font-weight: 400;\"> Snadn\u00e9 p\u0159ipojen\u00ed k tabletu, po\u010d\u00edta\u010di nebo chytr\u00e9mu telefonu pomoc\u00ed kabelu USB<\/span><\/li>\n<li style=\"font-weight: 400;\" aria-level=\"1\"><b>Flexibiln\u00ed provoz:<\/b><span style=\"font-weight: 400;\"> Ovl\u00e1d\u00e1n\u00ed bez pou\u017eit\u00ed rukou hlasem nebo gesty<\/span><\/li>\n<li style=\"font-weight: 400;\" aria-level=\"1\"><b>Chr\u00e1n\u011bn\u00e9 soukrom\u00ed:<\/b><span style=\"font-weight: 400;\"> Druh\u00e1 obrazovka pro pr\u00e1ci s citliv\u00fdmi \u00fadaji na ve\u0159ejn\u00fdch m\u00edstech<\/span><\/li>\n<li style=\"font-weight: 400;\" aria-level=\"1\"><b>Vyu\u017eijte hotov\u00e1 \u0159e\u0161en\u00ed:<\/b><span style=\"font-weight: 400;\"> Velk\u00fd obchod s aplikacemi pro produkty Moverio<\/span><\/li>\n<li style=\"font-weight: 400;\" aria-level=\"1\"><b>V\u00fdvoj vlastn\u00edch \u0159e\u0161en\u00ed:<\/b> voln\u011b dostupn\u00e9 v\u00fdvoj\u00e1\u0159sk\u00e9 n\u00e1stroje pro snadn\u00fd v\u00fdvoj vlastn\u00edch aplikac\u00ed<\/li>\n<\/ul>\n","protected":false},"featured_media":13506,"comment_status":"open","ping_status":"closed","template":"","meta":{"_acf_changed":false},"product_brand":[],"product_cat":[1515,1516],"product_tag":[],"class_list":{"0":"post-34667","1":"product","2":"type-product","3":"status-publish","4":"has-post-thumbnail","6":"product_cat-chytre-bryle","7":"product_cat-shop-cs","8":"pa_hersteller-epson-cs","10":"first","11":"instock","12":"taxable","13":"shipping-taxable","14":"purchasable","15":"product-type-simple"},"acf":[],"yoast_head":"<!-- This site is optimized with the Yoast SEO Premium plugin v20.10 (Yoast SEO v24.3) - https:\/\/yoast.com\/wordpress\/plugins\/seo\/ -->\n<title>Koupit Epson Moverio BT40 - ALEGER \u22c6 Augmented Reality<\/title>\n<meta name=\"description\" content=\"Chytr\u00e9 br\u00fdle jako virtu\u00e1ln\u00ed pracovi\u0161t\u011b s velk\u00fdm zorn\u00fdm polem a ergonomick\u00fdm designem! Pracujte dlouho a bez \u00fanavy!\" \/>\n<meta name=\"robots\" content=\"index, follow, max-snippet:-1, max-image-preview:large, max-video-preview:-1\" \/>\n<meta property=\"og:locale\" content=\"cs_CZ\" \/>\n<meta property=\"og:type\" content=\"article\" \/>\n<meta property=\"og:title\" content=\"Epson Moverio BT-40, chytr\u00e9 br\u00fdle, zorn\u00e9 pole 34 stup\u0148\u016f, OLED 60 HZ, 24 bit\u016f\" \/>\n<meta property=\"og:description\" content=\"Chytr\u00e9 br\u00fdle jako virtu\u00e1ln\u00ed pracovi\u0161t\u011b s velk\u00fdm zorn\u00fdm polem a ergonomick\u00fdm designem! Pracujte dlouho a bez \u00fanavy!\" \/>\n<meta property=\"og:url\" content=\"https:\/\/alegerglobal.com\/cs\/shop-cs\/epson-moverio-bt40-2\/\" \/>\n<meta property=\"og:site_name\" content=\"ALEGER \u22c6 Augmented Reality\" \/>\n<meta property=\"og:image\" content=\"https:\/\/alegerglobal.com\/wp-content\/uploads\/2021\/03\/epson-bt40-1.jpg\" \/>\n\t<meta property=\"og:image:width\" content=\"800\" \/>\n\t<meta property=\"og:image:height\" content=\"800\" \/>\n\t<meta property=\"og:image:type\" content=\"image\/jpeg\" \/>\n<meta name=\"twitter:card\" content=\"summary_large_image\" \/>\n<meta name=\"twitter:label1\" content=\"Cena\" \/>\n\t<meta name=\"twitter:data1\" content=\"&euro;599,00\" \/>\n\t<meta name=\"twitter:label2\" content=\"Dostupnost\" \/>\n\t<meta name=\"twitter:data2\" content=\"Skladem\" \/>\n<script type=\"application\/ld+json\" class=\"yoast-schema-graph\">{\"@context\":\"https:\/\/schema.org\",\"@graph\":[{\"@type\":\"WebPage\",\"@id\":\"https:\/\/alegerglobal.com\/cs\/shop-cs\/epson-moverio-bt40-2\/\",\"url\":\"https:\/\/alegerglobal.com\/cs\/shop-cs\/epson-moverio-bt40-2\/\",\"name\":\"Koupit Epson Moverio BT40 - ALEGER \u22c6 Augmented Reality\",\"isPartOf\":{\"@id\":\"https:\/\/alegerglobal.com\/cs\/#website\"},\"primaryImageOfPage\":{\"@id\":\"https:\/\/alegerglobal.com\/cs\/shop-cs\/epson-moverio-bt40-2\/#primaryimage\"},\"image\":{\"@id\":\"https:\/\/alegerglobal.com\/cs\/shop-cs\/epson-moverio-bt40-2\/#primaryimage\"},\"thumbnailUrl\":\"https:\/\/alegerglobal.com\/wp-content\/uploads\/2021\/03\/epson-bt40-1.jpg\",\"datePublished\":\"2022-05-19T07:20:56+00:00\",\"dateModified\":\"2022-05-19T07:20:56+00:00\",\"description\":\"Chytr\u00e9 br\u00fdle jako virtu\u00e1ln\u00ed pracovi\u0161t\u011b s velk\u00fdm zorn\u00fdm polem a ergonomick\u00fdm designem! Pracujte dlouho a bez \u00fanavy!\",\"breadcrumb\":{\"@id\":\"https:\/\/alegerglobal.com\/cs\/shop-cs\/epson-moverio-bt40-2\/#breadcrumb\"},\"inLanguage\":\"cs\",\"potentialAction\":[{\"@type\":\"ReadAction\",\"target\":[\"https:\/\/alegerglobal.com\/cs\/shop-cs\/epson-moverio-bt40-2\/\"]}]},{\"@type\":\"ImageObject\",\"inLanguage\":\"cs\",\"@id\":\"https:\/\/alegerglobal.com\/cs\/shop-cs\/epson-moverio-bt40-2\/#primaryimage\",\"url\":\"https:\/\/alegerglobal.com\/wp-content\/uploads\/2021\/03\/epson-bt40-1.jpg\",\"contentUrl\":\"https:\/\/alegerglobal.com\/wp-content\/uploads\/2021\/03\/epson-bt40-1.jpg\",\"width\":800,\"height\":800},{\"@type\":\"BreadcrumbList\",\"@id\":\"https:\/\/alegerglobal.com\/cs\/shop-cs\/epson-moverio-bt40-2\/#breadcrumb\",\"itemListElement\":[{\"@type\":\"ListItem\",\"position\":1,\"name\":\"Home\",\"item\":\"https:\/\/alegerglobal.com\/cs\/novinka-domovska-stranka\/\"},{\"@type\":\"ListItem\",\"position\":2,\"name\":\"Produkty\",\"item\":\"https:\/\/alegerglobal.com\/cs\/produkty\/\"},{\"@type\":\"ListItem\",\"position\":3,\"name\":\"Epson Moverio BT-40, chytr\u00e9 br\u00fdle, zorn\u00e9 pole 34 stup\u0148\u016f, OLED 60 HZ, 24 bit\u016f\"}]},{\"@type\":\"WebSite\",\"@id\":\"https:\/\/alegerglobal.com\/cs\/#website\",\"url\":\"https:\/\/alegerglobal.com\/cs\/\",\"name\":\"ALEGER \u22c6 Augmented Reality\",\"description\":\"Die besten Augmented Reality (AR) L\u00f6sungen der Welt.\",\"publisher\":{\"@id\":\"https:\/\/alegerglobal.com\/cs\/#organization\"},\"potentialAction\":[{\"@type\":\"SearchAction\",\"target\":{\"@type\":\"EntryPoint\",\"urlTemplate\":\"https:\/\/alegerglobal.com\/cs\/?s={search_term_string}\"},\"query-input\":{\"@type\":\"PropertyValueSpecification\",\"valueRequired\":true,\"valueName\":\"search_term_string\"}}],\"inLanguage\":\"cs\"},{\"@type\":\"Organization\",\"@id\":\"https:\/\/alegerglobal.com\/cs\/#organization\",\"name\":\"ALEGER \u22c6 Augmented Reality\",\"url\":\"https:\/\/alegerglobal.com\/cs\/\",\"logo\":{\"@type\":\"ImageObject\",\"inLanguage\":\"cs\",\"@id\":\"https:\/\/alegerglobal.com\/cs\/#\/schema\/logo\/image\/\",\"url\":\"https:\/\/alegerglobal.com\/wp-content\/uploads\/2020\/12\/aleger-logo-quadrat.jpg\",\"contentUrl\":\"https:\/\/alegerglobal.com\/wp-content\/uploads\/2020\/12\/aleger-logo-quadrat.jpg\",\"width\":200,\"height\":176,\"caption\":\"ALEGER \u22c6 Augmented Reality\"},\"image\":{\"@id\":\"https:\/\/alegerglobal.com\/cs\/#\/schema\/logo\/image\/\"}}]}<\/script>\n<meta property=\"product:brand\" content=\"Epson\" \/>\n<meta property=\"product:price:amount\" content=\"599.00\" \/>\n<meta property=\"product:price:currency\" content=\"EUR\" \/>\n<meta property=\"og:availability\" content=\"instock\" \/>\n<meta property=\"product:availability\" content=\"instock\" \/>\n<meta property=\"product:condition\" content=\"new\" \/>\n<!-- \/ Yoast SEO Premium plugin. -->","yoast_head_json":{"title":"Koupit Epson Moverio BT40 - ALEGER \u22c6 Augmented Reality","description":"Chytr\u00e9 br\u00fdle jako virtu\u00e1ln\u00ed pracovi\u0161t\u011b s velk\u00fdm zorn\u00fdm polem a ergonomick\u00fdm designem! Pracujte dlouho a bez \u00fanavy!","robots":{"index":"index","follow":"follow","max-snippet":"max-snippet:-1","max-image-preview":"max-image-preview:large","max-video-preview":"max-video-preview:-1"},"og_locale":"cs_CZ","og_type":"article","og_title":"Epson Moverio BT-40, chytr\u00e9 br\u00fdle, zorn\u00e9 pole 34 stup\u0148\u016f, OLED 60 HZ, 24 bit\u016f","og_description":"Chytr\u00e9 br\u00fdle jako virtu\u00e1ln\u00ed pracovi\u0161t\u011b s velk\u00fdm zorn\u00fdm polem a ergonomick\u00fdm designem! Pracujte dlouho a bez \u00fanavy!","og_url":"https:\/\/alegerglobal.com\/cs\/shop-cs\/epson-moverio-bt40-2\/","og_site_name":"ALEGER \u22c6 Augmented Reality","og_image":[{"width":800,"height":800,"url":"https:\/\/alegerglobal.com\/wp-content\/uploads\/2021\/03\/epson-bt40-1.jpg","type":"image\/jpeg"}],"twitter_card":"summary_large_image","twitter_misc":{"Cena":"&euro;599,00","Dostupnost":"Skladem"},"schema":{"@context":"https:\/\/schema.org","@graph":[{"@type":"WebPage","@id":"https:\/\/alegerglobal.com\/cs\/shop-cs\/epson-moverio-bt40-2\/","url":"https:\/\/alegerglobal.com\/cs\/shop-cs\/epson-moverio-bt40-2\/","name":"Koupit Epson Moverio BT40 - ALEGER \u22c6 Augmented Reality","isPartOf":{"@id":"https:\/\/alegerglobal.com\/cs\/#website"},"primaryImageOfPage":{"@id":"https:\/\/alegerglobal.com\/cs\/shop-cs\/epson-moverio-bt40-2\/#primaryimage"},"image":{"@id":"https:\/\/alegerglobal.com\/cs\/shop-cs\/epson-moverio-bt40-2\/#primaryimage"},"thumbnailUrl":"https:\/\/alegerglobal.com\/wp-content\/uploads\/2021\/03\/epson-bt40-1.jpg","datePublished":"2022-05-19T07:20:56+00:00","dateModified":"2022-05-19T07:20:56+00:00","description":"Chytr\u00e9 br\u00fdle jako virtu\u00e1ln\u00ed pracovi\u0161t\u011b s velk\u00fdm zorn\u00fdm polem a ergonomick\u00fdm designem! Pracujte dlouho a bez \u00fanavy!","breadcrumb":{"@id":"https:\/\/alegerglobal.com\/cs\/shop-cs\/epson-moverio-bt40-2\/#breadcrumb"},"inLanguage":"cs","potentialAction":[{"@type":"ReadAction","target":["https:\/\/alegerglobal.com\/cs\/shop-cs\/epson-moverio-bt40-2\/"]}]},{"@type":"ImageObject","inLanguage":"cs","@id":"https:\/\/alegerglobal.com\/cs\/shop-cs\/epson-moverio-bt40-2\/#primaryimage","url":"https:\/\/alegerglobal.com\/wp-content\/uploads\/2021\/03\/epson-bt40-1.jpg","contentUrl":"https:\/\/alegerglobal.com\/wp-content\/uploads\/2021\/03\/epson-bt40-1.jpg","width":800,"height":800},{"@type":"BreadcrumbList","@id":"https:\/\/alegerglobal.com\/cs\/shop-cs\/epson-moverio-bt40-2\/#breadcrumb","itemListElement":[{"@type":"ListItem","position":1,"name":"Home","item":"https:\/\/alegerglobal.com\/cs\/novinka-domovska-stranka\/"},{"@type":"ListItem","position":2,"name":"Produkty","item":"https:\/\/alegerglobal.com\/cs\/produkty\/"},{"@type":"ListItem","position":3,"name":"Epson Moverio BT-40, chytr\u00e9 br\u00fdle, zorn\u00e9 pole 34 stup\u0148\u016f, OLED 60 HZ, 24 bit\u016f"}]},{"@type":"WebSite","@id":"https:\/\/alegerglobal.com\/cs\/#website","url":"https:\/\/alegerglobal.com\/cs\/","name":"ALEGER \u22c6 Augmented Reality","description":"Die besten Augmented Reality (AR) L\u00f6sungen der Welt.","publisher":{"@id":"https:\/\/alegerglobal.com\/cs\/#organization"},"potentialAction":[{"@type":"SearchAction","target":{"@type":"EntryPoint","urlTemplate":"https:\/\/alegerglobal.com\/cs\/?s={search_term_string}"},"query-input":{"@type":"PropertyValueSpecification","valueRequired":true,"valueName":"search_term_string"}}],"inLanguage":"cs"},{"@type":"Organization","@id":"https:\/\/alegerglobal.com\/cs\/#organization","name":"ALEGER \u22c6 Augmented Reality","url":"https:\/\/alegerglobal.com\/cs\/","logo":{"@type":"ImageObject","inLanguage":"cs","@id":"https:\/\/alegerglobal.com\/cs\/#\/schema\/logo\/image\/","url":"https:\/\/alegerglobal.com\/wp-content\/uploads\/2020\/12\/aleger-logo-quadrat.jpg","contentUrl":"https:\/\/alegerglobal.com\/wp-content\/uploads\/2020\/12\/aleger-logo-quadrat.jpg","width":200,"height":176,"caption":"ALEGER \u22c6 Augmented Reality"},"image":{"@id":"https:\/\/alegerglobal.com\/cs\/#\/schema\/logo\/image\/"}}]},"product_brand":"Epson","product_price_amount":"599.00","product_price_currency":"EUR","og_availability":"instock","product_availability":"instock","product_condition":"new"},"_links":{"self":[{"href":"https:\/\/alegerglobal.com\/cs\/wp-json\/wp\/v2\/product\/34667","targetHints":{"allow":["GET"]}}],"collection":[{"href":"https:\/\/alegerglobal.com\/cs\/wp-json\/wp\/v2\/product"}],"about":[{"href":"https:\/\/alegerglobal.com\/cs\/wp-json\/wp\/v2\/types\/product"}],"replies":[{"embeddable":true,"href":"https:\/\/alegerglobal.com\/cs\/wp-json\/wp\/v2\/comments?post=34667"}],"version-history":[{"count":0,"href":"https:\/\/alegerglobal.com\/cs\/wp-json\/wp\/v2\/product\/34667\/revisions"}],"wp:featuredmedia":[{"embeddable":true,"href":"https:\/\/alegerglobal.com\/cs\/wp-json\/wp\/v2\/media\/13506"}],"wp:attachment":[{"href":"https:\/\/alegerglobal.com\/cs\/wp-json\/wp\/v2\/media?parent=34667"}],"wp:term":[{"taxonomy":"product_brand","embeddable":true,"href":"https:\/\/alegerglobal.com\/cs\/wp-json\/wp\/v2\/product_brand?post=34667"},{"taxonomy":"product_cat","embeddable":true,"href":"https:\/\/alegerglobal.com\/cs\/wp-json\/wp\/v2\/product_cat?post=34667"},{"taxonomy":"product_tag","embeddable":true,"href":"https:\/\/alegerglobal.com\/cs\/wp-json\/wp\/v2\/product_tag?post=34667"}],"curies":[{"name":"wp","href":"https:\/\/api.w.org\/{rel}","templated":true}]}}