{"id":52283,"date":"2026-02-16T18:34:09","date_gmt":"2026-02-16T17:34:09","guid":{"rendered":"https:\/\/alegerglobal.com\/zasady-ochrany-osobnich-udaju\/"},"modified":"2026-02-16T18:34:11","modified_gmt":"2026-02-16T17:34:11","slug":"zasady-ochrany-osobnich-udaju","status":"publish","type":"page","link":"https:\/\/alegerglobal.com\/cs\/zasady-ochrany-osobnich-udaju\/","title":{"rendered":"Z\u00e1sady ochrany osobn\u00edch \u00fadaj\u016f"},"content":{"rendered":"\t\t<div data-elementor-type=\"wp-page\" data-elementor-id=\"52283\" class=\"elementor elementor-52283 elementor-2324\" data-elementor-settings=\"{&quot;ha_cmc_init_switcher&quot;:&quot;no&quot;}\" data-elementor-post-type=\"page\">\n\t\t\t\t\t\t<section class=\"elementor-section elementor-top-section elementor-element elementor-element-5df78ad elementor-section-height-min-height elementor-section-stretched elementor-section-boxed elementor-section-height-default elementor-section-items-middle\" data-id=\"5df78ad\" data-element_type=\"section\" data-settings=\"{&quot;stretch_section&quot;:&quot;section-stretched&quot;,&quot;background_background&quot;:&quot;classic&quot;,&quot;jet_parallax_layout_list&quot;:[],&quot;_ha_eqh_enable&quot;:false}\">\n\t\t\t\t\t\t<div class=\"elementor-container elementor-column-gap-default\">\n\t\t\t\t\t<div class=\"elementor-column elementor-col-100 elementor-top-column elementor-element elementor-element-4f7874d\" data-id=\"4f7874d\" data-element_type=\"column\">\n\t\t\t<div class=\"elementor-widget-wrap elementor-element-populated\">\n\t\t\t\t\t\t<div class=\"elementor-element elementor-element-78de4ad elementor-widget elementor-widget-heading\" data-id=\"78de4ad\" data-element_type=\"widget\" data-widget_type=\"heading.default\">\n\t\t\t\t<div class=\"elementor-widget-container\">\n\t\t\t\t\t<h1 class=\"elementor-heading-title elementor-size-default\">Z\u00c1SADY OCHRANY OSOBN\u00cdCH \u00daDAJ\u016e<\/h1>\t\t\t\t<\/div>\n\t\t\t\t<\/div>\n\t\t\t\t\t<\/div>\n\t\t<\/div>\n\t\t\t\t\t<\/div>\n\t\t<\/section>\n\t\t\t\t<section class=\"elementor-section elementor-top-section elementor-element elementor-element-419406e elementor-section-boxed elementor-section-height-default elementor-section-height-default\" data-id=\"419406e\" data-element_type=\"section\" data-settings=\"{&quot;jet_parallax_layout_list&quot;:[],&quot;_ha_eqh_enable&quot;:false}\">\n\t\t\t\t\t\t<div class=\"elementor-container elementor-column-gap-default\">\n\t\t\t\t\t<div class=\"elementor-column elementor-col-100 elementor-top-column elementor-element elementor-element-f3be6d9\" data-id=\"f3be6d9\" data-element_type=\"column\">\n\t\t\t<div class=\"elementor-widget-wrap elementor-element-populated\">\n\t\t\t\t\t\t<div class=\"elementor-element elementor-element-56b275c elementor-widget elementor-widget-text-editor\" data-id=\"56b275c\" data-element_type=\"widget\" data-widget_type=\"text-editor.default\">\n\t\t\t\t<div class=\"elementor-widget-container\">\n\t\t\t\t\t\t\t\t\t<div class=\"policy-text\">\n<div class=\"wp-suggested-text hide-privacy-policy-tutorial\">\n<h3>Jak\u00e9 osobn\u00ed \u00fadaje shroma\u017e\u010fujeme a pro\u010d je shroma\u017e\u010fujeme<\/h3>\n<h3> <\/h3>\n<h3>Koment\u00e1\u0159e<\/h3>\n<p>Kdy\u017e n\u00e1v\u0161t\u011bvn\u00edci p\u00ed\u0161\u00ed koment\u00e1\u0159e na webov\u00e9 str\u00e1nky, shroma\u017e\u010fujeme \u00fadaje zobrazen\u00e9 ve formul\u00e1\u0159i koment\u00e1\u0159e, IP adresu n\u00e1v\u0161t\u011bvn\u00edka a \u0159et\u011bzec user agent (kter\u00fd identifikuje prohl\u00ed\u017ee\u010d), abychom mohli rozpoznat spam.<\/p>\n<p>Z va\u0161\u00ed e-mailov\u00e9 adresy lze vytvo\u0159it anonymizovan\u00fd \u0159et\u011bzec znak\u016f (zn\u00e1m\u00fd tak\u00e9 jako hash) a p\u0159edat jej slu\u017eb\u011b Gravatar ke kontrole, zda ji pou\u017e\u00edv\u00e1te. Z\u00e1sady ochrany osobn\u00edch \u00fadaj\u016f slu\u017eby Gravatar najdete zde: https:\/\/automattic.com\/privacy\/. Po schv\u00e1len\u00ed va\u0161eho koment\u00e1\u0159e bude v\u00e1\u0161 profilov\u00fd obr\u00e1zek ve\u0159ejn\u011b viditeln\u00fd v kontextu va\u0161eho koment\u00e1\u0159e. <\/p>\n<h3> <\/h3>\n<h3>M\u00e9dia<\/h3>\n<p>Pokud jste registrovan\u00fdm u\u017eivatelem a nahr\u00e1v\u00e1te fotografie na tyto webov\u00e9 str\u00e1nky, m\u011bli byste se vyhnout nahr\u00e1v\u00e1n\u00ed fotografi\u00ed s EXIF polohou GPS. N\u00e1v\u0161t\u011bvn\u00edci t\u011bchto webov\u00fdch str\u00e1nek by mohli st\u00e1hnout fotografie ulo\u017een\u00e9 na t\u011bchto webov\u00fdch str\u00e1nk\u00e1ch a z\u00edskat informace o jejich poloze. <\/p>\n<h3> <\/h3>\n<h3>Kontaktn\u00ed formul\u00e1\u0159e Soubory cookie<\/h3>\n<p>Pokud nap\u00ed\u0161ete koment\u00e1\u0159 na na\u0161ich webov\u00fdch str\u00e1nk\u00e1ch, m\u016f\u017ee to znamenat souhlas s ulo\u017een\u00edm va\u0161eho jm\u00e9na, e-mailov\u00e9 adresy a webov\u00e9 str\u00e1nky do soubor\u016f cookie. Jedn\u00e1 se o pohodlnou funkci, abyste nemuseli v\u0161echny tyto \u00fadaje znovu zad\u00e1vat p\u0159i psan\u00ed dal\u0161\u00edho koment\u00e1\u0159e. Tyto soubory cookie se ukl\u00e1daj\u00ed po dobu jednoho roku.  <\/p>\n<p>Pokud m\u00e1te \u00fa\u010det a p\u0159ihl\u00e1s\u00edte se na tyto webov\u00e9 str\u00e1nky, nastav\u00edme do\u010dasn\u00fd soubor cookie, abychom zjistili, zda v\u00e1\u0161 prohl\u00ed\u017ee\u010d p\u0159ij\u00edm\u00e1 soubory cookie. Tento soubor cookie neobsahuje \u017e\u00e1dn\u00e9 osobn\u00ed \u00fadaje a po zav\u0159en\u00ed prohl\u00ed\u017ee\u010de bude odstran\u011bn. <\/p>\n<p>P\u0159i registraci nastav\u00edme n\u011bkolik soubor\u016f cookie k ulo\u017een\u00ed va\u0161ich p\u0159ihla\u0161ovac\u00edch \u00fadaj\u016f a mo\u017enost\u00ed zobrazen\u00ed. Platnost soubor\u016f cookie pro p\u0159ihl\u00e1\u0161en\u00ed vypr\u0161\u00ed po dvou dnech a soubor\u016f cookie pro mo\u017enosti zobrazen\u00ed po jednom roce. Pokud p\u0159i p\u0159ihla\u0161ov\u00e1n\u00ed vyberete mo\u017enost &#8222;Z\u016fstat p\u0159ihl\u00e1\u0161en&#8220;, bude va\u0161e p\u0159ihl\u00e1\u0161en\u00ed zachov\u00e1no po dobu \u010dtrn\u00e1cti dn\u016f. Po odhl\u00e1\u0161en\u00ed z \u00fa\u010dtu se p\u0159ihla\u0161ovac\u00ed soubory cookie vyma\u017eou.   <\/p>\n<p>P\u0159i \u00faprav\u011b nebo publikov\u00e1n\u00ed \u010dl\u00e1nku se do prohl\u00ed\u017ee\u010de ulo\u017e\u00ed dal\u0161\u00ed soubor cookie. Tento soubor cookie neobsahuje \u017e\u00e1dn\u00e9 osobn\u00ed \u00fadaje a odkazuje pouze na ID p\u0159\u00edsp\u011bvku \u010dl\u00e1nku, kter\u00fd jste pr\u00e1v\u011b upravili. Platnost tohoto souboru cookie vypr\u0161\u00ed po jednom dni.  <\/p>\n<h3> <\/h3>\n<h3>Vlo\u017een\u00fd obsah z jin\u00fdch webov\u00fdch str\u00e1nek<\/h3>\n<p>P\u0159\u00edsp\u011bvky na t\u011bchto webov\u00fdch str\u00e1nk\u00e1ch mohou obsahovat vlo\u017een\u00fd obsah (nap\u0159. videa, obr\u00e1zky, \u010dl\u00e1nky atd.). Vlo\u017een\u00fd obsah z jin\u00fdch webov\u00fdch str\u00e1nek se chov\u00e1 p\u0159esn\u011b tak, jako by n\u00e1v\u0161t\u011bvn\u00edk nav\u0161t\u00edvil jinou webovou str\u00e1nku. <\/p>\n<p>Tyto webov\u00e9 str\u00e1nky mohou shroma\u017e\u010fovat \u00fadaje o v\u00e1s, pou\u017e\u00edvat soubory cookie, vkl\u00e1dat dal\u0161\u00ed sledovac\u00ed slu\u017eby t\u0159et\u00edch stran a zaznamen\u00e1vat va\u0161i interakci s t\u00edmto vlo\u017een\u00fdm obsahem, v\u010detn\u011b va\u0161\u00ed interakce s vlo\u017een\u00fdm obsahem, pokud m\u00e1te \u00fa\u010det a jste p\u0159ihl\u00e1\u0161eni na t\u011bchto webov\u00fdch str\u00e1nk\u00e1ch.<\/p>\n<h3> <\/h3>\n<h3>Analytick\u00e9 slu\u017eby<\/h3>\n<h2> <\/h2>\n<h2>S k\u00fdm sd\u00edl\u00edme va\u0161e \u00fadaje<\/h2>\n<h2>Jak dlouho va\u0161e \u00fadaje uchov\u00e1v\u00e1me<\/h2>\n<p>Kdy\u017e nap\u00ed\u0161ete koment\u00e1\u0159, ulo\u017e\u00ed se na neur\u010dito, v\u010detn\u011b metadat. T\u00edmto zp\u016fsobem m\u016f\u017eeme automaticky rozpoznat a schv\u00e1lit n\u00e1sledn\u00e9 koment\u00e1\u0159e, m\u00edsto abychom je dr\u017eeli ve front\u011b moder\u00e1tor\u016f. <\/p>\n<p>U u\u017eivatel\u016f, kte\u0159\u00ed se na na\u0161ich webov\u00fdch str\u00e1nk\u00e1ch zaregistruj\u00ed, ukl\u00e1d\u00e1me osobn\u00ed \u00fadaje, kter\u00e9 n\u00e1m poskytli, do jejich u\u017eivatelsk\u00fdch profil\u016f. V\u0161ichni u\u017eivatel\u00e9 mohou sv\u00e9 osobn\u00ed \u00fadaje kdykoli zobrazit, zm\u011bnit nebo vymazat (u\u017eivatelsk\u00e9 jm\u00e9no nelze zm\u011bnit). Spr\u00e1vci webov\u00fdch str\u00e1nek mohou tyto informace tak\u00e9 prohl\u00ed\u017eet a m\u011bnit.  <\/p>\n<h2>Jak\u00e1 m\u00e1te pr\u00e1va na sv\u00e9 \u00fadaje<\/h2>\n<p>Pokud m\u00e1te na t\u011bchto webov\u00fdch str\u00e1nk\u00e1ch \u00fa\u010det nebo jste napsali koment\u00e1\u0159, m\u016f\u017eete n\u00e1s po\u017e\u00e1dat o export sv\u00fdch osobn\u00edch \u00fadaj\u016f, v\u010detn\u011b \u00fadaj\u016f, kter\u00e9 jste n\u00e1m poskytli. Krom\u011b toho m\u016f\u017eete po\u017e\u00e1dat o vymaz\u00e1n\u00ed v\u0161ech osobn\u00edch \u00fadaj\u016f, kter\u00e9 jsme o v\u00e1s ulo\u017eili. To se net\u00fdk\u00e1 \u00fadaj\u016f, kter\u00e9 jsme povinni uchov\u00e1vat pro administrativn\u00ed, pr\u00e1vn\u00ed nebo bezpe\u010dnostn\u00ed \u00fa\u010dely.  <\/p>\n<h2> <\/h2>\n<h2>Kam va\u0161e \u00fadaje pos\u00edl\u00e1me<\/h2>\n<p>Koment\u00e1\u0159e n\u00e1v\u0161t\u011bvn\u00edk\u016f by mohly b\u00fdt analyzov\u00e1ny automatickou slu\u017ebou pro detekci spamu.<\/p>\n<div class=\"policy-text hide-privacy-policy-tutorial\">\n<div class=\"policy-text\">\n<div class=\"wp-suggested-text hide-privacy-policy-tutorial\">\n<h2> <\/h2>\n<h2>Co shroma\u017e\u010fujeme a ukl\u00e1d\u00e1me<\/h2>\n<p>Informace o v\u00e1s shroma\u017e\u010fujeme b\u011bhem procesu objedn\u00e1v\u00e1n\u00ed v na\u0161em obchod\u011b.<\/p>\n<p>Zaznamen\u00e1v\u00e1me va\u0161i n\u00e1v\u0161t\u011bvu na\u0161ich webov\u00fdch str\u00e1nek:<\/p>\n<ul>\n<li>Prohl\u00ed\u017een\u00e9 produkty: Zde se zobrazuj\u00ed produkty, kter\u00e9 jste si ned\u00e1vno prohl\u00ed\u017eeli.<\/li>\n<li>Poloha, IP adresa a typ prohl\u00ed\u017ee\u010de: Pou\u017e\u00edv\u00e1me je nap\u0159\u00edklad pro \u00fa\u010dely odhadu dan\u00ed a n\u00e1klad\u016f na dopravu.<\/li>\n<li>Dodac\u00ed adresa: P\u0159ed odesl\u00e1n\u00edm objedn\u00e1vky v\u00e1s po\u017e\u00e1d\u00e1me o jej\u00ed uveden\u00ed, abychom mohli nap\u0159\u00edklad stanovit n\u00e1klady na dopravu a odeslat v\u00e1m objedn\u00e1vku.<\/li>\n<\/ul>\n<p>Soubory cookie pou\u017e\u00edv\u00e1me tak\u00e9 ke sledov\u00e1n\u00ed obsahu va\u0161eho n\u00e1kupn\u00edho ko\u0161\u00edku b\u011bhem n\u00e1v\u0161t\u011bvy na\u0161ich webov\u00fdch str\u00e1nek.<\/p>\n<p>Kdy\u017e u n\u00e1s nakupujete, po\u017e\u00e1d\u00e1me v\u00e1s o poskytnut\u00ed informac\u00ed, jako je va\u0161e jm\u00e9no, faktura\u010dn\u00ed a dodac\u00ed adresa, e-mailov\u00e1 adresa a telefonn\u00ed \u010d\u00edslo, \u00fadaje o kreditn\u00ed kart\u011b\/platebn\u00ed \u00fadaje a voliteln\u00e9 informace o \u00fa\u010dtu, jako je u\u017eivatelsk\u00e9 jm\u00e9no a heslo. Tyto informace pou\u017e\u00edv\u00e1me k n\u00e1sleduj\u00edc\u00edm \u00fa\u010del\u016fm: <\/p>\n<ul>\n<li>Zas\u00edl\u00e1n\u00ed informac\u00ed o va\u0161em \u00fa\u010dtu a objedn\u00e1vce<\/li>\n<li>Reakce na va\u0161e dotazy, v\u010detn\u011b vr\u00e1cen\u00ed pen\u011bz a st\u00ed\u017enost\u00ed.<\/li>\n<li>Zpracov\u00e1n\u00ed platebn\u00edch transakc\u00ed a prevence podvod\u016f<\/li>\n<li>Nastaven\u00ed \u00fa\u010dtu v na\u0161em obchod\u011b<\/li>\n<li>Dodr\u017eov\u00e1n\u00ed v\u0161ech z\u00e1konn\u00fdch povinnost\u00ed, jako je v\u00fdpo\u010det dan\u00ed.<\/li>\n<li>Zlep\u0161en\u00ed nab\u00eddky na\u0161eho obchodu<\/li>\n<li>zas\u00edl\u00e1n\u00ed marketingov\u00fdch zpr\u00e1v, pokud si je p\u0159ejete dost\u00e1vat<\/li>\n<\/ul>\n<p>Kdy\u017e si u n\u00e1s vytvo\u0159\u00edte \u00fa\u010det, ulo\u017e\u00edme va\u0161e jm\u00e9no, adresu, e-mailovou adresu a telefonn\u00ed \u010d\u00edslo. Tyto \u00fadaje budou pou\u017eity k vypln\u011bn\u00ed platebn\u00edch \u00fadaj\u016f pro budouc\u00ed objedn\u00e1vky. <\/p>\n<p>Informace o v\u00e1s obvykle uchov\u00e1v\u00e1me tak dlouho, dokud je pot\u0159ebujeme k \u00fa\u010delu, pro kter\u00fd byly shrom\u00e1\u017ed\u011bny a pou\u017eity, a jsme povinni je uchov\u00e1vat. Nap\u0159\u00edklad informace o objedn\u00e1vk\u00e1ch uchov\u00e1v\u00e1me po dobu XXX let pro da\u0148ov\u00e9 a faktura\u010dn\u00ed \u00fa\u010dely. Jedn\u00e1 se o va\u0161e jm\u00e9no, e-mailovou adresu, faktura\u010dn\u00ed a dodac\u00ed adresu.  <\/p>\n<p>Ukl\u00e1d\u00e1me tak\u00e9 koment\u00e1\u0159e nebo hodnocen\u00ed, pokud se je rozhodnete zanechat.<\/p>\n<h2> <\/h2>\n<h2>Kdo v na\u0161em t\u00fdmu m\u00e1 p\u0159\u00edstup<\/h2>\n<p>\u010clenov\u00e9 na\u0161eho t\u00fdmu maj\u00ed p\u0159\u00edstup k informac\u00edm, kter\u00e9 n\u00e1m poskytnete. P\u0159\u00edstup k nim maj\u00ed nap\u0159\u00edklad spr\u00e1vci i vedouc\u00ed prodejen: <\/p>\n<ul>\n<li>informace o objedn\u00e1vce, jako jsou zakoupen\u00e9 produkty, \u010das n\u00e1kupu a dodac\u00ed adresa a<\/li>\n<li>Informace o z\u00e1kazn\u00edc\u00edch, jako je va\u0161e jm\u00e9no, e-mailov\u00e1 adresa, faktura\u010dn\u00ed a dodac\u00ed \u00fadaje.<\/li>\n<\/ul>\n<p>\u010clenov\u00e9 na\u0161eho t\u00fdmu maj\u00ed k t\u011bmto informac\u00edm p\u0159\u00edstup, aby mohli zpracov\u00e1vat objedn\u00e1vky, vracet pen\u00edze a poskytovat v\u00e1m podporu.<\/p>\n<h3> <\/h3>\n<h3>Platby<\/h3>\n<p>P\u0159ij\u00edm\u00e1me platby prost\u0159ednictv\u00edm slu\u017eby PayPal. P\u0159i zpracov\u00e1n\u00ed platby budou n\u011bkter\u00e9 va\u0161e \u00fadaje p\u0159ed\u00e1ny spole\u010dnosti PayPal. P\u0159ed\u00e1ny budou pouze informace nezbytn\u00e9 pro zpracov\u00e1n\u00ed nebo proveden\u00ed platby, jako je celkov\u00e1 kupn\u00ed cena a platebn\u00ed \u00fadaje.  <\/p>\n<p><a href=\"https:\/\/www.paypal.com\/us\/webapps\/mpp\/ua\/privacy-full\">Z\u00e1sady ochrany osobn\u00edch \u00fadaj\u016f spole\u010dnosti PayPal<\/a> si m\u016f\u017eete prohl\u00e9dnout zde.<\/p>\n<h3> <\/h3>\n<h3>WPML<\/h3>\n<div class=\"policy-text hide-privacy-policy-tutorial\">\n<p>WPML pou\u017e\u00edv\u00e1 soubory cookie k ur\u010den\u00ed aktu\u00e1ln\u00edho jazyka n\u00e1v\u0161t\u011bvn\u00edka, posledn\u00edho nav\u0161t\u00edven\u00e9ho jazyka a jazyka p\u0159ihl\u00e1\u0161en\u00fdch u\u017eivatel\u016f.<\/p>\n<p>B\u011bhem pou\u017e\u00edv\u00e1n\u00ed pluginu bude WPML sd\u00edlet data t\u00fdkaj\u00edc\u00ed se str\u00e1nky prost\u0159ednictv\u00edm instala\u010dn\u00edho programu. U\u017eivatel s\u00e1m \u017e\u00e1dn\u00e1 data nesd\u00edl\u00ed. <\/p>\n<div class=\"policy-text hide-privacy-policy-tutorial\">\n<h3> <\/h3>\n<h3>YouTube<\/h3>\n<p>Na\u0161e webov\u00e9 str\u00e1nky pou\u017e\u00edvaj\u00ed pluginy YouTube, kter\u00e9 provozuje spole\u010dnost Google. Provozovatelem str\u00e1nek je YouTube LLC, 901 Cherry Ave, San Bruno, CA 94066, USA.<\/p>\n<p>Pokud nav\u0161t\u00edv\u00edte n\u011bkterou z na\u0161ich str\u00e1nek s pluginem YouTube, dojde k nav\u00e1z\u00e1n\u00ed spojen\u00ed se servery YouTube. Zde je server YouTube informov\u00e1n o tom, kter\u00e9 z na\u0161ich str\u00e1nek jste nav\u0161t\u00edvili. <\/p>\n<p>Pokud jste p\u0159ihl\u00e1\u0161eni ke sv\u00e9mu \u00fa\u010dtu YouTube, umo\u017e\u0148uje v\u00e1m YouTube spojit va\u0161e chov\u00e1n\u00ed p\u0159i prohl\u00ed\u017een\u00ed p\u0159\u00edmo s va\u0161\u00edm osobn\u00edm profilem. Tomu m\u016f\u017eete zabr\u00e1nit odhl\u00e1\u0161en\u00edm z \u00fa\u010dtu YouTube. <\/p>\n<p>YouTube slou\u017e\u00ed k zatraktivn\u011bn\u00ed na\u0161ich webov\u00fdch str\u00e1nek. Jedn\u00e1 se o opr\u00e1vn\u011bn\u00fd z\u00e1jem podle \u010dl. 6 odst. 1 p\u00edsm. f) GDPR. <\/p>\n<p>Dal\u0161\u00ed informace o nakl\u00e1d\u00e1n\u00ed s u\u017eivatelsk\u00fdmi \u00fadaji najdete v prohl\u00e1\u0161en\u00ed o ochran\u011b osobn\u00edch \u00fadaj\u016f spole\u010dnosti YouTube na <a href=\"https:\/\/www.google.de\/intl\/de\/policies\/privacy\" target=\"_blank\" rel=\"noopener noreferrer\">adrese https:\/\/www.google.de\/intl\/de\/policies\/privacy<\/a>.<\/p>\n<h3> <\/h3>\n<h3>Webov\u00e1 p\u00edsma Google<\/h3>\n<p>Pro jednotn\u00e9 zobrazen\u00ed p\u00edsem pou\u017e\u00edv\u00e1 tato str\u00e1nka webov\u00e1 p\u00edsma poskytovan\u00e1 spole\u010dnost\u00ed Google. P\u0159i otev\u0159en\u00ed str\u00e1nky prohl\u00ed\u017ee\u010d na\u010dte pot\u0159ebn\u00e1 webov\u00e1 p\u00edsma do mezipam\u011bti prohl\u00ed\u017ee\u010de, aby se texty a p\u00edsma zobrazily spr\u00e1vn\u011b. <\/p>\n<p>Za t\u00edmto \u00fa\u010delem mus\u00ed v\u00e1\u0161 prohl\u00ed\u017ee\u010d nav\u00e1zat p\u0159\u00edm\u00e9 spojen\u00ed se servery spole\u010dnosti Google. Google se tak dozv\u00ed, \u017ee na\u0161e webov\u00e1 str\u00e1nka byla nav\u0161t\u00edvena prost\u0159ednictv\u00edm va\u0161\u00ed IP adresy. Pou\u017eit\u00ed webov\u00fdch p\u00edsem Google je prov\u00e1d\u011bno v z\u00e1jmu jednotn\u00e9 a atraktivn\u00ed prezentace na\u0161eho pluginu. Jedn\u00e1 se o opr\u00e1vn\u011bn\u00fd z\u00e1jem podle \u010dl. 6 odst. 1 p\u00edsm. f) GDPR.   <\/p>\n<p>Pokud v\u00e1\u0161 prohl\u00ed\u017ee\u010d nepodporuje webov\u00e1 p\u00edsma, po\u010d\u00edta\u010d pou\u017eije standardn\u00ed p\u00edsmo.<\/p>\n<p>Dal\u0161\u00ed informace o nakl\u00e1d\u00e1n\u00ed s u\u017eivatelsk\u00fdmi \u00fadaji najdete na <a href=\"https:\/\/developers.google.com\/fonts\/faq\" target=\"_blank\" rel=\"noopener noreferrer\">adrese https:\/\/developers.google.com\/fonts\/faq<\/a> a v z\u00e1sad\u00e1ch ochrany osobn\u00edch \u00fadaj\u016f spole\u010dnosti Google na <a href=\"https:\/\/www.google.com\/policies\/privacy\/\" target=\"_blank\" rel=\"noopener noreferrer\">adrese https:\/\/www.google.com\/policies\/privacy\/<\/a>.<\/p>\n<\/p>\n<h3>Odhl\u00e1\u0161en\u00ed z Google Analytics<\/h3>\n\n<\/div>\n<\/div>\n<\/div>\n<\/div>\n<\/div>\n<\/div>\n<\/div>\n\t\t\t\t\t\t\t\t<\/div>\n\t\t\t\t<\/div>\n\t\t\t\t\t<\/div>\n\t\t<\/div>\n\t\t\t\t\t<\/div>\n\t\t<\/section>\n\t\t\t\t<\/div>\n\t\t","protected":false},"excerpt":{"rendered":"<p>Z\u00c1SADY OCHRANY OSOBN\u00cdCH \u00daDAJ\u016e Jak\u00e9 osobn\u00ed \u00fadaje shroma\u017e\u010fujeme a pro\u010d je shroma\u017e\u010fujeme Koment\u00e1\u0159e Kdy\u017e n\u00e1v\u0161t\u011bvn\u00edci p\u00ed\u0161\u00ed koment\u00e1\u0159e na webov\u00e9 str\u00e1nky, shroma\u017e\u010fujeme \u00fadaje zobrazen\u00e9 ve formul\u00e1\u0159i koment\u00e1\u0159e, IP adresu n\u00e1v\u0161t\u011bvn\u00edka a \u0159et\u011bzec user agent (kter\u00fd identifikuje prohl\u00ed\u017ee\u010d), abychom mohli rozpoznat spam. Z va\u0161\u00ed e-mailov\u00e9 adresy lze vytvo\u0159it anonymizovan\u00fd \u0159et\u011bzec znak\u016f (zn\u00e1m\u00fd tak\u00e9 jako hash) a p\u0159edat [&hellip;]<\/p>\n","protected":false},"author":3,"featured_media":0,"parent":0,"menu_order":0,"comment_status":"closed","ping_status":"closed","template":"","meta":{"_acf_changed":false,"footnotes":""},"class_list":["post-52283","page","type-page","status-publish","hentry"],"acf":[],"yoast_head":"<!-- This site is optimized with the Yoast SEO Premium plugin v20.10 (Yoast SEO v24.3) - https:\/\/yoast.com\/wordpress\/plugins\/seo\/ -->\n<title>- ALEGER \u22c6 Augmented Reality<\/title>\n<meta name=\"robots\" content=\"noindex, nofollow\" \/>\n<meta property=\"og:locale\" content=\"cs_CZ\" \/>\n<meta property=\"og:type\" content=\"article\" \/>\n<meta property=\"og:title\" content=\"Z\u00e1sady ochrany osobn\u00edch \u00fadaj\u016f\" \/>\n<meta property=\"og:description\" content=\"Z\u00c1SADY OCHRANY OSOBN\u00cdCH \u00daDAJ\u016e Jak\u00e9 osobn\u00ed \u00fadaje shroma\u017e\u010fujeme a pro\u010d je shroma\u017e\u010fujeme Koment\u00e1\u0159e Kdy\u017e n\u00e1v\u0161t\u011bvn\u00edci p\u00ed\u0161\u00ed koment\u00e1\u0159e na webov\u00e9 str\u00e1nky, shroma\u017e\u010fujeme \u00fadaje zobrazen\u00e9 ve formul\u00e1\u0159i koment\u00e1\u0159e, IP adresu n\u00e1v\u0161t\u011bvn\u00edka a \u0159et\u011bzec user agent (kter\u00fd identifikuje prohl\u00ed\u017ee\u010d), abychom mohli rozpoznat spam. Z va\u0161\u00ed e-mailov\u00e9 adresy lze vytvo\u0159it anonymizovan\u00fd \u0159et\u011bzec znak\u016f (zn\u00e1m\u00fd tak\u00e9 jako hash) a p\u0159edat [&hellip;]\" \/>\n<meta property=\"og:url\" content=\"https:\/\/alegerglobal.com\/cs\/zasady-ochrany-osobnich-udaju\/\" \/>\n<meta property=\"og:site_name\" content=\"ALEGER \u22c6 Augmented Reality\" \/>\n<meta property=\"article:modified_time\" content=\"2026-02-16T17:34:11+00:00\" \/>\n<meta name=\"twitter:card\" content=\"summary_large_image\" \/>\n<meta name=\"twitter:label1\" content=\"Odhadovan\u00e1 doba \u010dten\u00ed\" \/>\n\t<meta name=\"twitter:data1\" content=\"9 minut\" \/>\n<script type=\"application\/ld+json\" class=\"yoast-schema-graph\">{\"@context\":\"https:\/\/schema.org\",\"@graph\":[{\"@type\":\"WebPage\",\"@id\":\"https:\/\/alegerglobal.com\/cs\/zasady-ochrany-osobnich-udaju\/\",\"url\":\"https:\/\/alegerglobal.com\/cs\/zasady-ochrany-osobnich-udaju\/\",\"name\":\"- ALEGER \u22c6 Augmented Reality\",\"isPartOf\":{\"@id\":\"https:\/\/alegerglobal.com\/cs\/#website\"},\"datePublished\":\"2026-02-16T17:34:09+00:00\",\"dateModified\":\"2026-02-16T17:34:11+00:00\",\"breadcrumb\":{\"@id\":\"https:\/\/alegerglobal.com\/cs\/zasady-ochrany-osobnich-udaju\/#breadcrumb\"},\"inLanguage\":\"cs\",\"potentialAction\":[{\"@type\":\"ReadAction\",\"target\":[\"https:\/\/alegerglobal.com\/cs\/zasady-ochrany-osobnich-udaju\/\"]}]},{\"@type\":\"BreadcrumbList\",\"@id\":\"https:\/\/alegerglobal.com\/cs\/zasady-ochrany-osobnich-udaju\/#breadcrumb\",\"itemListElement\":[{\"@type\":\"ListItem\",\"position\":1,\"name\":\"Home\",\"item\":\"https:\/\/alegerglobal.com\/cs\/novinka-domovska-stranka\/\"},{\"@type\":\"ListItem\",\"position\":2,\"name\":\"Z\u00e1sady ochrany osobn\u00edch \u00fadaj\u016f\"}]},{\"@type\":\"WebSite\",\"@id\":\"https:\/\/alegerglobal.com\/cs\/#website\",\"url\":\"https:\/\/alegerglobal.com\/cs\/\",\"name\":\"ALEGER \u22c6 Augmented Reality\",\"description\":\"Die besten Augmented Reality (AR) L\u00f6sungen der Welt.\",\"publisher\":{\"@id\":\"https:\/\/alegerglobal.com\/cs\/#organization\"},\"potentialAction\":[{\"@type\":\"SearchAction\",\"target\":{\"@type\":\"EntryPoint\",\"urlTemplate\":\"https:\/\/alegerglobal.com\/cs\/?s={search_term_string}\"},\"query-input\":{\"@type\":\"PropertyValueSpecification\",\"valueRequired\":true,\"valueName\":\"search_term_string\"}}],\"inLanguage\":\"cs\"},{\"@type\":\"Organization\",\"@id\":\"https:\/\/alegerglobal.com\/cs\/#organization\",\"name\":\"ALEGER \u22c6 Augmented Reality\",\"url\":\"https:\/\/alegerglobal.com\/cs\/\",\"logo\":{\"@type\":\"ImageObject\",\"inLanguage\":\"cs\",\"@id\":\"https:\/\/alegerglobal.com\/cs\/#\/schema\/logo\/image\/\",\"url\":\"https:\/\/alegerglobal.com\/wp-content\/uploads\/2020\/12\/aleger-logo-quadrat.jpg\",\"contentUrl\":\"https:\/\/alegerglobal.com\/wp-content\/uploads\/2020\/12\/aleger-logo-quadrat.jpg\",\"width\":200,\"height\":176,\"caption\":\"ALEGER \u22c6 Augmented Reality\"},\"image\":{\"@id\":\"https:\/\/alegerglobal.com\/cs\/#\/schema\/logo\/image\/\"}}]}<\/script>\n<!-- \/ Yoast SEO Premium plugin. -->","yoast_head_json":{"title":"- ALEGER \u22c6 Augmented Reality","robots":{"index":"noindex","follow":"nofollow"},"og_locale":"cs_CZ","og_type":"article","og_title":"Z\u00e1sady ochrany osobn\u00edch \u00fadaj\u016f","og_description":"Z\u00c1SADY OCHRANY OSOBN\u00cdCH \u00daDAJ\u016e Jak\u00e9 osobn\u00ed \u00fadaje shroma\u017e\u010fujeme a pro\u010d je shroma\u017e\u010fujeme Koment\u00e1\u0159e Kdy\u017e n\u00e1v\u0161t\u011bvn\u00edci p\u00ed\u0161\u00ed koment\u00e1\u0159e na webov\u00e9 str\u00e1nky, shroma\u017e\u010fujeme \u00fadaje zobrazen\u00e9 ve formul\u00e1\u0159i koment\u00e1\u0159e, IP adresu n\u00e1v\u0161t\u011bvn\u00edka a \u0159et\u011bzec user agent (kter\u00fd identifikuje prohl\u00ed\u017ee\u010d), abychom mohli rozpoznat spam. Z va\u0161\u00ed e-mailov\u00e9 adresy lze vytvo\u0159it anonymizovan\u00fd \u0159et\u011bzec znak\u016f (zn\u00e1m\u00fd tak\u00e9 jako hash) a p\u0159edat [&hellip;]","og_url":"https:\/\/alegerglobal.com\/cs\/zasady-ochrany-osobnich-udaju\/","og_site_name":"ALEGER \u22c6 Augmented Reality","article_modified_time":"2026-02-16T17:34:11+00:00","twitter_card":"summary_large_image","twitter_misc":{"Odhadovan\u00e1 doba \u010dten\u00ed":"9 minut"},"schema":{"@context":"https:\/\/schema.org","@graph":[{"@type":"WebPage","@id":"https:\/\/alegerglobal.com\/cs\/zasady-ochrany-osobnich-udaju\/","url":"https:\/\/alegerglobal.com\/cs\/zasady-ochrany-osobnich-udaju\/","name":"- ALEGER \u22c6 Augmented Reality","isPartOf":{"@id":"https:\/\/alegerglobal.com\/cs\/#website"},"datePublished":"2026-02-16T17:34:09+00:00","dateModified":"2026-02-16T17:34:11+00:00","breadcrumb":{"@id":"https:\/\/alegerglobal.com\/cs\/zasady-ochrany-osobnich-udaju\/#breadcrumb"},"inLanguage":"cs","potentialAction":[{"@type":"ReadAction","target":["https:\/\/alegerglobal.com\/cs\/zasady-ochrany-osobnich-udaju\/"]}]},{"@type":"BreadcrumbList","@id":"https:\/\/alegerglobal.com\/cs\/zasady-ochrany-osobnich-udaju\/#breadcrumb","itemListElement":[{"@type":"ListItem","position":1,"name":"Home","item":"https:\/\/alegerglobal.com\/cs\/novinka-domovska-stranka\/"},{"@type":"ListItem","position":2,"name":"Z\u00e1sady ochrany osobn\u00edch \u00fadaj\u016f"}]},{"@type":"WebSite","@id":"https:\/\/alegerglobal.com\/cs\/#website","url":"https:\/\/alegerglobal.com\/cs\/","name":"ALEGER \u22c6 Augmented Reality","description":"Die besten Augmented Reality (AR) L\u00f6sungen der Welt.","publisher":{"@id":"https:\/\/alegerglobal.com\/cs\/#organization"},"potentialAction":[{"@type":"SearchAction","target":{"@type":"EntryPoint","urlTemplate":"https:\/\/alegerglobal.com\/cs\/?s={search_term_string}"},"query-input":{"@type":"PropertyValueSpecification","valueRequired":true,"valueName":"search_term_string"}}],"inLanguage":"cs"},{"@type":"Organization","@id":"https:\/\/alegerglobal.com\/cs\/#organization","name":"ALEGER \u22c6 Augmented Reality","url":"https:\/\/alegerglobal.com\/cs\/","logo":{"@type":"ImageObject","inLanguage":"cs","@id":"https:\/\/alegerglobal.com\/cs\/#\/schema\/logo\/image\/","url":"https:\/\/alegerglobal.com\/wp-content\/uploads\/2020\/12\/aleger-logo-quadrat.jpg","contentUrl":"https:\/\/alegerglobal.com\/wp-content\/uploads\/2020\/12\/aleger-logo-quadrat.jpg","width":200,"height":176,"caption":"ALEGER \u22c6 Augmented Reality"},"image":{"@id":"https:\/\/alegerglobal.com\/cs\/#\/schema\/logo\/image\/"}}]}},"_links":{"self":[{"href":"https:\/\/alegerglobal.com\/cs\/wp-json\/wp\/v2\/pages\/52283","targetHints":{"allow":["GET"]}}],"collection":[{"href":"https:\/\/alegerglobal.com\/cs\/wp-json\/wp\/v2\/pages"}],"about":[{"href":"https:\/\/alegerglobal.com\/cs\/wp-json\/wp\/v2\/types\/page"}],"author":[{"embeddable":true,"href":"https:\/\/alegerglobal.com\/cs\/wp-json\/wp\/v2\/users\/3"}],"replies":[{"embeddable":true,"href":"https:\/\/alegerglobal.com\/cs\/wp-json\/wp\/v2\/comments?post=52283"}],"version-history":[{"count":1,"href":"https:\/\/alegerglobal.com\/cs\/wp-json\/wp\/v2\/pages\/52283\/revisions"}],"predecessor-version":[{"id":52285,"href":"https:\/\/alegerglobal.com\/cs\/wp-json\/wp\/v2\/pages\/52283\/revisions\/52285"}],"wp:attachment":[{"href":"https:\/\/alegerglobal.com\/cs\/wp-json\/wp\/v2\/media?parent=52283"}],"curies":[{"name":"wp","href":"https:\/\/api.w.org\/{rel}","templated":true}]}}